{"id":9657,"date":"2024-05-30T16:31:27","date_gmt":"2024-05-30T19:31:27","guid":{"rendered":"https:\/\/rosemvd.com\/?post_type=product&#038;p=9657"},"modified":"2026-04-21T15:58:27","modified_gmt":"2026-04-21T18:58:27","slug":"dermapen-profesional-recargable","status":"publish","type":"product","link":"https:\/\/rosemvd.com\/index.php\/producto\/dermapen-profesional-recargable\/","title":{"rendered":"Dermapen Profesional Recargable"},"content":{"rendered":"<p>Equipo profesional de cuidado facial de belleza de spa, pluma el\u00e9ctrica inal\u00e1mbrica de microneedling de alta frecuencia y silenciosa Dermapen con 10 cartuchos de agujas reemplazables.<\/p>\n<p>Color: Plateado o Rosa<br \/>\nMaterial: Aluminio<br \/>\nFuente de alimentaci\u00f3n: Cable de Alimentaci\u00f3n USB, Recargable<\/p>\n<p>DERMAPEN MEJORADA: A3 Dermapen combina derma roller y otras dermapen, por lo que no necesita usar las manos para aplicar polvo liofilizado, \u00e1cido hialur\u00f3nico, esencia y otros productos para el cuidado de la piel para extenderse m\u00e1s profundamente en la piel. Estimula la regeneraci\u00f3n de elastina y col\u00e1geno y mejora la absorci\u00f3n. Ayuda a hidratar la piel, mejorar las arrugas, restaurar la elasticidad y mejorar el estado general de la piel.<\/p>\n<p>CUIDADO EFECTIVO: 2 en 1 dermapen puede mejorar el tono desigual de la piel, reducir las cicatrices del acn\u00e9 y mejorar la calidad general de la piel. Desde el cabello hasta las piernas, este dermapen se puede usar en tantas partes que 5 niveles de ajuste (4000-8000 rpm) lo ayudan a resolver diversos problemas del cuidado de la piel.<\/p>\n<p>AGUJAS AJUSTABLES: El cartucho se puede ajustar para controlar la salida de l\u00edquido. Cuentan con envases as\u00e9pticos individuales para uso desechable sin necesidad de esterilizaci\u00f3n adicional.<\/p>\n<p>AHORRE DINERO Y TIEMPO: Con el dermapen el\u00e9ctrico inal\u00e1mbrico, puede experimentar un cuidado profesional de la piel desde la comodidad de su hogar. Se puede cargar c\u00f3modamente mediante el cable tipo C. Con la operaci\u00f3n con un solo bot\u00f3n, puede iniciar y detener f\u00e1cilmente Dermapen. La pantalla LCD muestra la velocidad de trabajo de un vistazo, haciendo su uso m\u00e1s intuitivo y f\u00e1cil de usar. (NOTA: Se requiere contacto con la piel y una ligera presi\u00f3n para operar la pluma)<\/p>\n","protected":false},"excerpt":{"rendered":"<p>Equipo profesional de cuidado facial de belleza de spa, pluma el\u00e9ctrica inal\u00e1mbrica de microneedling de alta frecuencia y silenciosa Dermapen con 10 cartuchos de agujas reemplazables. Color: Plateado o Rosa Material: Aluminio Fuente de alimentaci\u00f3n: Cable de Alimentaci\u00f3n USB, Recargable DERMAPEN MEJORADA: A3 Dermapen combina derma roller y otras dermapen, por lo que no necesita [&hellip;]<\/p>\n","protected":false},"featured_media":9666,"template":"","meta":{"site-sidebar-layout":"default","site-content-layout":"","ast-site-content-layout":"default","site-content-style":"default","site-sidebar-style":"default","ast-global-header-display":"","ast-banner-title-visibility":"","ast-main-header-display":"","ast-hfb-above-header-display":"","ast-hfb-below-header-display":"","ast-hfb-mobile-header-display":"","site-post-title":"","ast-breadcrumbs-content":"","ast-featured-img":"","footer-sml-layout":"","ast-disable-related-posts":"","theme-transparent-header-meta":"default","adv-header-id-meta":"","stick-header-meta":"","header-above-stick-meta":"","header-main-stick-meta":"","header-below-stick-meta":"","astra-migrate-meta-layouts":"set","ast-page-background-enabled":"default","ast-page-background-meta":{"desktop":{"background-color":"var(--ast-global-color-4)","background-image":"","background-repeat":"repeat","background-position":"center center","background-size":"auto","background-attachment":"scroll","background-type":"","background-media":"","overlay-type":"","overlay-color":"","overlay-opacity":"","overlay-gradient":""},"tablet":{"background-color":"","background-image":"","background-repeat":"repeat","background-position":"center center","background-size":"auto","background-attachment":"scroll","background-type":"","background-media":"","overlay-type":"","overlay-color":"","overlay-opacity":"","overlay-gradient":""},"mobile":{"background-color":"","background-image":"","background-repeat":"repeat","background-position":"center center","background-size":"auto","background-attachment":"scroll","background-type":"","background-media":"","overlay-type":"","overlay-color":"","overlay-opacity":"","overlay-gradient":""}},"ast-content-background-meta":{"desktop":{"background-color":"var(--ast-global-color-5)","background-image":"","background-repeat":"repeat","background-position":"center center","background-size":"auto","background-attachment":"scroll","background-type":"","background-media":"","overlay-type":"","overlay-color":"","overlay-opacity":"","overlay-gradient":""},"tablet":{"background-color":"var(--ast-global-color-5)","background-image":"","background-repeat":"repeat","background-position":"center center","background-size":"auto","background-attachment":"scroll","background-type":"","background-media":"","overlay-type":"","overlay-color":"","overlay-opacity":"","overlay-gradient":""},"mobile":{"background-color":"var(--ast-global-color-5)","background-image":"","background-repeat":"repeat","background-position":"center center","background-size":"auto","background-attachment":"scroll","background-type":"","background-media":"","overlay-type":"","overlay-color":"","overlay-opacity":"","overlay-gradient":""}}},"product_brand":[],"product_cat":[17,464,368,389],"product_tag":[],"class_list":{"0":"post-9657","1":"product","2":"type-product","3":"status-publish","4":"has-post-thumbnail","6":"product_cat-belleza","7":"product_cat-cuidado-rostro","8":"product_cat-otros","9":"product_cat-varios","10":"desktop-align-left","11":"tablet-align-left","12":"mobile-align-left","14":"first","15":"outofstock","16":"shipping-taxable","17":"purchasable","18":"product-type-variable"},"yoast_head":"<!-- This site is optimized with the Yoast SEO plugin v27.3 - https:\/\/yoast.com\/product\/yoast-seo-wordpress\/ -->\n<title>Dermapen Profesional Recargable - ROSE MVD<\/title>\n<meta name=\"description\" content=\"Dermapen Profesional Recargable, cuidado facial de belleza, pluma el\u00e9ctrica inal\u00e1mbrica de microneedling de alta frecuencia y silenciosa\" \/>\n<meta name=\"robots\" content=\"index, follow, max-snippet:-1, max-image-preview:large, max-video-preview:-1\" \/>\n<link rel=\"canonical\" href=\"https:\/\/rosemvd.com\/index.php\/producto\/dermapen-profesional-recargable\/\" \/>\n<meta property=\"og:locale\" content=\"es_ES\" \/>\n<meta property=\"og:type\" content=\"article\" \/>\n<meta property=\"og:title\" content=\"Dermapen Profesional Recargable - ROSE MVD\" \/>\n<meta property=\"og:description\" content=\"Dermapen Profesional Recargable, cuidado facial de belleza, pluma el\u00e9ctrica inal\u00e1mbrica de microneedling de alta frecuencia y silenciosa\" \/>\n<meta property=\"og:url\" content=\"https:\/\/rosemvd.com\/index.php\/producto\/dermapen-profesional-recargable\/\" \/>\n<meta property=\"og:site_name\" content=\"ROSE MVD\" \/>\n<meta property=\"article:publisher\" content=\"https:\/\/www.facebook.com\/TiendaRoseMvd\" \/>\n<meta property=\"article:modified_time\" content=\"2026-04-21T18:58:27+00:00\" \/>\n<meta property=\"og:image\" content=\"https:\/\/rosemvd.com\/wp-content\/uploads\/2024\/05\/1716818384110.jpg\" \/>\n\t<meta property=\"og:image:width\" content=\"1080\" \/>\n\t<meta property=\"og:image:height\" content=\"1039\" \/>\n\t<meta property=\"og:image:type\" content=\"image\/jpeg\" \/>\n<meta name=\"twitter:card\" content=\"summary_large_image\" \/>\n<meta name=\"twitter:label1\" content=\"Tiempo de lectura\" \/>\n\t<meta name=\"twitter:data1\" content=\"2 minutos\" \/>\n<script type=\"application\/ld+json\" class=\"yoast-schema-graph\">{\"@context\":\"https:\\\/\\\/schema.org\",\"@graph\":[{\"@type\":\"WebPage\",\"@id\":\"https:\\\/\\\/rosemvd.com\\\/index.php\\\/producto\\\/dermapen-profesional-recargable\\\/\",\"url\":\"https:\\\/\\\/rosemvd.com\\\/index.php\\\/producto\\\/dermapen-profesional-recargable\\\/\",\"name\":\"Dermapen Profesional Recargable - ROSE MVD\",\"isPartOf\":{\"@id\":\"https:\\\/\\\/rosemvd.com\\\/#website\"},\"primaryImageOfPage\":{\"@id\":\"https:\\\/\\\/rosemvd.com\\\/index.php\\\/producto\\\/dermapen-profesional-recargable\\\/#primaryimage\"},\"image\":{\"@id\":\"https:\\\/\\\/rosemvd.com\\\/index.php\\\/producto\\\/dermapen-profesional-recargable\\\/#primaryimage\"},\"thumbnailUrl\":\"https:\\\/\\\/rosemvd.com\\\/wp-content\\\/uploads\\\/2024\\\/05\\\/1716818384110.jpg\",\"datePublished\":\"2024-05-30T19:31:27+00:00\",\"dateModified\":\"2026-04-21T18:58:27+00:00\",\"description\":\"Dermapen Profesional Recargable, cuidado facial de belleza, pluma el\u00e9ctrica inal\u00e1mbrica de microneedling de alta frecuencia y silenciosa\",\"breadcrumb\":{\"@id\":\"https:\\\/\\\/rosemvd.com\\\/index.php\\\/producto\\\/dermapen-profesional-recargable\\\/#breadcrumb\"},\"inLanguage\":\"es\",\"potentialAction\":[{\"@type\":\"ReadAction\",\"target\":[\"https:\\\/\\\/rosemvd.com\\\/index.php\\\/producto\\\/dermapen-profesional-recargable\\\/\"]}]},{\"@type\":\"ImageObject\",\"inLanguage\":\"es\",\"@id\":\"https:\\\/\\\/rosemvd.com\\\/index.php\\\/producto\\\/dermapen-profesional-recargable\\\/#primaryimage\",\"url\":\"https:\\\/\\\/rosemvd.com\\\/wp-content\\\/uploads\\\/2024\\\/05\\\/1716818384110.jpg\",\"contentUrl\":\"https:\\\/\\\/rosemvd.com\\\/wp-content\\\/uploads\\\/2024\\\/05\\\/1716818384110.jpg\",\"width\":1080,\"height\":1039},{\"@type\":\"BreadcrumbList\",\"@id\":\"https:\\\/\\\/rosemvd.com\\\/index.php\\\/producto\\\/dermapen-profesional-recargable\\\/#breadcrumb\",\"itemListElement\":[{\"@type\":\"ListItem\",\"position\":1,\"name\":\"Portada\",\"item\":\"https:\\\/\\\/rosemvd.com\\\/\"},{\"@type\":\"ListItem\",\"position\":2,\"name\":\"Tienda\",\"item\":\"https:\\\/\\\/rosemvd.com\\\/index.php\\\/tienda\\\/\"},{\"@type\":\"ListItem\",\"position\":3,\"name\":\"Dermapen Profesional Recargable\"}]},{\"@type\":\"WebSite\",\"@id\":\"https:\\\/\\\/rosemvd.com\\\/#website\",\"url\":\"https:\\\/\\\/rosemvd.com\\\/\",\"name\":\"ROSE MVD\",\"description\":\"Todo lo que buscas lo pod\u00e9s encontrar en rose mvd, especializados en traer todas las cosas nuevas en tendencia y accesorios diferentes y \u00fanicos.\",\"publisher\":{\"@id\":\"https:\\\/\\\/rosemvd.com\\\/#organization\"},\"potentialAction\":[{\"@type\":\"SearchAction\",\"target\":{\"@type\":\"EntryPoint\",\"urlTemplate\":\"https:\\\/\\\/rosemvd.com\\\/?s={search_term_string}\"},\"query-input\":{\"@type\":\"PropertyValueSpecification\",\"valueRequired\":true,\"valueName\":\"search_term_string\"}}],\"inLanguage\":\"es\"},{\"@type\":\"Organization\",\"@id\":\"https:\\\/\\\/rosemvd.com\\\/#organization\",\"name\":\"ROSE MVD\",\"alternateName\":\"ROSE MVD\",\"url\":\"https:\\\/\\\/rosemvd.com\\\/\",\"logo\":{\"@type\":\"ImageObject\",\"inLanguage\":\"es\",\"@id\":\"https:\\\/\\\/rosemvd.com\\\/#\\\/schema\\\/logo\\\/image\\\/\",\"url\":\"https:\\\/\\\/rosemvd.com\\\/wp-content\\\/uploads\\\/2023\\\/03\\\/Sin-titulo-2_Mesa-de-trabajo-1.png\",\"contentUrl\":\"https:\\\/\\\/rosemvd.com\\\/wp-content\\\/uploads\\\/2023\\\/03\\\/Sin-titulo-2_Mesa-de-trabajo-1.png\",\"width\":2084,\"height\":2084,\"caption\":\"ROSE MVD\"},\"image\":{\"@id\":\"https:\\\/\\\/rosemvd.com\\\/#\\\/schema\\\/logo\\\/image\\\/\"},\"sameAs\":[\"https:\\\/\\\/www.facebook.com\\\/TiendaRoseMvd\",\"https:\\\/\\\/www.instagram.com\\\/rose.mvd\"]}]}<\/script>\n<!-- \/ Yoast SEO plugin. -->","yoast_head_json":{"title":"Dermapen Profesional Recargable - ROSE MVD","description":"Dermapen Profesional Recargable, cuidado facial de belleza, pluma el\u00e9ctrica inal\u00e1mbrica de microneedling de alta frecuencia y silenciosa","robots":{"index":"index","follow":"follow","max-snippet":"max-snippet:-1","max-image-preview":"max-image-preview:large","max-video-preview":"max-video-preview:-1"},"canonical":"https:\/\/rosemvd.com\/index.php\/producto\/dermapen-profesional-recargable\/","og_locale":"es_ES","og_type":"article","og_title":"Dermapen Profesional Recargable - ROSE MVD","og_description":"Dermapen Profesional Recargable, cuidado facial de belleza, pluma el\u00e9ctrica inal\u00e1mbrica de microneedling de alta frecuencia y silenciosa","og_url":"https:\/\/rosemvd.com\/index.php\/producto\/dermapen-profesional-recargable\/","og_site_name":"ROSE MVD","article_publisher":"https:\/\/www.facebook.com\/TiendaRoseMvd","article_modified_time":"2026-04-21T18:58:27+00:00","og_image":[{"width":1080,"height":1039,"url":"https:\/\/rosemvd.com\/wp-content\/uploads\/2024\/05\/1716818384110.jpg","type":"image\/jpeg"}],"twitter_card":"summary_large_image","twitter_misc":{"Tiempo de lectura":"2 minutos"},"schema":{"@context":"https:\/\/schema.org","@graph":[{"@type":"WebPage","@id":"https:\/\/rosemvd.com\/index.php\/producto\/dermapen-profesional-recargable\/","url":"https:\/\/rosemvd.com\/index.php\/producto\/dermapen-profesional-recargable\/","name":"Dermapen Profesional Recargable - ROSE MVD","isPartOf":{"@id":"https:\/\/rosemvd.com\/#website"},"primaryImageOfPage":{"@id":"https:\/\/rosemvd.com\/index.php\/producto\/dermapen-profesional-recargable\/#primaryimage"},"image":{"@id":"https:\/\/rosemvd.com\/index.php\/producto\/dermapen-profesional-recargable\/#primaryimage"},"thumbnailUrl":"https:\/\/rosemvd.com\/wp-content\/uploads\/2024\/05\/1716818384110.jpg","datePublished":"2024-05-30T19:31:27+00:00","dateModified":"2026-04-21T18:58:27+00:00","description":"Dermapen Profesional Recargable, cuidado facial de belleza, pluma el\u00e9ctrica inal\u00e1mbrica de microneedling de alta frecuencia y silenciosa","breadcrumb":{"@id":"https:\/\/rosemvd.com\/index.php\/producto\/dermapen-profesional-recargable\/#breadcrumb"},"inLanguage":"es","potentialAction":[{"@type":"ReadAction","target":["https:\/\/rosemvd.com\/index.php\/producto\/dermapen-profesional-recargable\/"]}]},{"@type":"ImageObject","inLanguage":"es","@id":"https:\/\/rosemvd.com\/index.php\/producto\/dermapen-profesional-recargable\/#primaryimage","url":"https:\/\/rosemvd.com\/wp-content\/uploads\/2024\/05\/1716818384110.jpg","contentUrl":"https:\/\/rosemvd.com\/wp-content\/uploads\/2024\/05\/1716818384110.jpg","width":1080,"height":1039},{"@type":"BreadcrumbList","@id":"https:\/\/rosemvd.com\/index.php\/producto\/dermapen-profesional-recargable\/#breadcrumb","itemListElement":[{"@type":"ListItem","position":1,"name":"Portada","item":"https:\/\/rosemvd.com\/"},{"@type":"ListItem","position":2,"name":"Tienda","item":"https:\/\/rosemvd.com\/index.php\/tienda\/"},{"@type":"ListItem","position":3,"name":"Dermapen Profesional Recargable"}]},{"@type":"WebSite","@id":"https:\/\/rosemvd.com\/#website","url":"https:\/\/rosemvd.com\/","name":"ROSE MVD","description":"Todo lo que buscas lo pod\u00e9s encontrar en rose mvd, especializados en traer todas las cosas nuevas en tendencia y accesorios diferentes y \u00fanicos.","publisher":{"@id":"https:\/\/rosemvd.com\/#organization"},"potentialAction":[{"@type":"SearchAction","target":{"@type":"EntryPoint","urlTemplate":"https:\/\/rosemvd.com\/?s={search_term_string}"},"query-input":{"@type":"PropertyValueSpecification","valueRequired":true,"valueName":"search_term_string"}}],"inLanguage":"es"},{"@type":"Organization","@id":"https:\/\/rosemvd.com\/#organization","name":"ROSE MVD","alternateName":"ROSE MVD","url":"https:\/\/rosemvd.com\/","logo":{"@type":"ImageObject","inLanguage":"es","@id":"https:\/\/rosemvd.com\/#\/schema\/logo\/image\/","url":"https:\/\/rosemvd.com\/wp-content\/uploads\/2023\/03\/Sin-titulo-2_Mesa-de-trabajo-1.png","contentUrl":"https:\/\/rosemvd.com\/wp-content\/uploads\/2023\/03\/Sin-titulo-2_Mesa-de-trabajo-1.png","width":2084,"height":2084,"caption":"ROSE MVD"},"image":{"@id":"https:\/\/rosemvd.com\/#\/schema\/logo\/image\/"},"sameAs":["https:\/\/www.facebook.com\/TiendaRoseMvd","https:\/\/www.instagram.com\/rose.mvd"]}]}},"_links":{"self":[{"href":"https:\/\/rosemvd.com\/index.php\/wp-json\/wp\/v2\/product\/9657","targetHints":{"allow":["GET"]}}],"collection":[{"href":"https:\/\/rosemvd.com\/index.php\/wp-json\/wp\/v2\/product"}],"about":[{"href":"https:\/\/rosemvd.com\/index.php\/wp-json\/wp\/v2\/types\/product"}],"wp:featuredmedia":[{"embeddable":true,"href":"https:\/\/rosemvd.com\/index.php\/wp-json\/wp\/v2\/media\/9666"}],"wp:attachment":[{"href":"https:\/\/rosemvd.com\/index.php\/wp-json\/wp\/v2\/media?parent=9657"}],"wp:term":[{"taxonomy":"product_brand","embeddable":true,"href":"https:\/\/rosemvd.com\/index.php\/wp-json\/wp\/v2\/product_brand?post=9657"},{"taxonomy":"product_cat","embeddable":true,"href":"https:\/\/rosemvd.com\/index.php\/wp-json\/wp\/v2\/product_cat?post=9657"},{"taxonomy":"product_tag","embeddable":true,"href":"https:\/\/rosemvd.com\/index.php\/wp-json\/wp\/v2\/product_tag?post=9657"}],"curies":[{"name":"wp","href":"https:\/\/api.w.org\/{rel}","templated":true}]}}