{"id":9485,"date":"2024-05-18T09:06:11","date_gmt":"2024-05-18T12:06:11","guid":{"rendered":"https:\/\/rosemvd.com\/?post_type=product&#038;p=9485"},"modified":"2024-05-18T09:06:11","modified_gmt":"2024-05-18T12:06:11","slug":"guantes-termicos-recargables-usb-m1","status":"publish","type":"product","link":"https:\/\/rosemvd.com\/index.php\/producto\/guantes-termicos-recargables-usb-m1\/","title":{"rendered":"Guantes T\u00e9rmicos Recargables USB (M1)"},"content":{"rendered":"<p>Disponible Negro y Gris.<br \/>\nTalla \u00fanica<\/p>\n<p>Guantes t\u00e9rmicos USB, guantes t\u00e9rmicos de doble cara, lavables y recargables. Guantes t\u00e9rmicos para exteriores sin dedos.<\/p>\n<p><strong>Caracter\u00edsticas:<\/strong><br \/>\n1. Mantente caliente en invierno: mant\u00e9n las manos calientes durante toda la temporada de invierno con nuestros guantes t\u00e9rmicos alimentados por USB. Solo tienes que conectarlos a una bater\u00eda externa de 5 V<strong> (no incluida)<\/strong> y disfrutar de un calor acogedor. La longitud del cable USB es de 1,5 ms, lo que proporciona flexibilidad y comodidad.<br \/>\n2. Calefacci\u00f3n por ambos lados: nuestros guantes t\u00e9rmicos el\u00e9ctricos por USB cuentan con calefacci\u00f3n por ambos lados, lo que garantiza que tanto la palma como el dorso de las manos reciban un calor uniforme. Disfruta de la comodidad de un calor constante entre 40 \u00b0C y 50 \u00b0C, sin hacer demasiado calor ni demasiado fr\u00edo, tanto si est\u00e1s en interiores como en exteriores.<br \/>\n3. Dise\u00f1o vers\u00e1til: cambia entre guantes con dedos largos y guantes sin dedos para aumentar la flexibilidad. Transforma a la perfecci\u00f3n estos guantes para que se adapten a diversas actividades y preferencias. Aj\u00fastelos para satisfacer sus necesidades sin sacrificar la funcionalidad o la calidez.<br \/>\n4. Regalo perfecto: sorprenda a sus amigos y familiares con este bonito regalo, ideal para Navidad, A\u00f1o Nuevo, cumplea\u00f1os y la fr\u00eda temporada de invierno. Demu\u00e9strales que te preocupas por su comodidad y bienestar regal\u00e1ndoles estos guantes t\u00e9rmicos de doble cara.<br \/>\n5. Calidad superior: hechos con materiales de alta calidad, nuestros guantes t\u00e9rmicos de doble cara ofrecen durabilidad, comodidad y un rendimiento duradero. El tejido suave y transpirable garantiza una experiencia de uso agradable, lo que convierte a estos guantes en un compa\u00f1ero fiable para los pr\u00f3ximos inviernos.<\/p>\n","protected":false},"excerpt":{"rendered":"<p>Disponible Negro y Gris. Talla \u00fanica Guantes t\u00e9rmicos USB, guantes t\u00e9rmicos de doble cara, lavables y recargables. Guantes t\u00e9rmicos para exteriores sin dedos. Caracter\u00edsticas: 1. Mantente caliente en invierno: mant\u00e9n las manos calientes durante toda la temporada de invierno con nuestros guantes t\u00e9rmicos alimentados por USB. Solo tienes que conectarlos a una bater\u00eda externa de [&hellip;]<\/p>\n","protected":false},"featured_media":9490,"template":"","meta":{"site-sidebar-layout":"default","site-content-layout":"","ast-site-content-layout":"default","site-content-style":"default","site-sidebar-style":"default","ast-global-header-display":"","ast-banner-title-visibility":"","ast-main-header-display":"","ast-hfb-above-header-display":"","ast-hfb-below-header-display":"","ast-hfb-mobile-header-display":"","site-post-title":"","ast-breadcrumbs-content":"","ast-featured-img":"","footer-sml-layout":"","ast-disable-related-posts":"","theme-transparent-header-meta":"default","adv-header-id-meta":"","stick-header-meta":"","header-above-stick-meta":"","header-main-stick-meta":"","header-below-stick-meta":"","astra-migrate-meta-layouts":"set","ast-page-background-enabled":"default","ast-page-background-meta":{"desktop":{"background-color":"var(--ast-global-color-4)","background-image":"","background-repeat":"repeat","background-position":"center center","background-size":"auto","background-attachment":"scroll","background-type":"","background-media":"","overlay-type":"","overlay-color":"","overlay-opacity":"","overlay-gradient":""},"tablet":{"background-color":"","background-image":"","background-repeat":"repeat","background-position":"center center","background-size":"auto","background-attachment":"scroll","background-type":"","background-media":"","overlay-type":"","overlay-color":"","overlay-opacity":"","overlay-gradient":""},"mobile":{"background-color":"","background-image":"","background-repeat":"repeat","background-position":"center center","background-size":"auto","background-attachment":"scroll","background-type":"","background-media":"","overlay-type":"","overlay-color":"","overlay-opacity":"","overlay-gradient":""}},"ast-content-background-meta":{"desktop":{"background-color":"var(--ast-global-color-5)","background-image":"","background-repeat":"repeat","background-position":"center center","background-size":"auto","background-attachment":"scroll","background-type":"","background-media":"","overlay-type":"","overlay-color":"","overlay-opacity":"","overlay-gradient":""},"tablet":{"background-color":"var(--ast-global-color-5)","background-image":"","background-repeat":"repeat","background-position":"center center","background-size":"auto","background-attachment":"scroll","background-type":"","background-media":"","overlay-type":"","overlay-color":"","overlay-opacity":"","overlay-gradient":""},"mobile":{"background-color":"var(--ast-global-color-5)","background-image":"","background-repeat":"repeat","background-position":"center center","background-size":"auto","background-attachment":"scroll","background-type":"","background-media":"","overlay-type":"","overlay-color":"","overlay-opacity":"","overlay-gradient":""}}},"product_brand":[],"product_cat":[368,389],"product_tag":[],"class_list":{"0":"post-9485","1":"product","2":"type-product","3":"status-publish","4":"has-post-thumbnail","6":"product_cat-otros","7":"product_cat-varios","8":"desktop-align-left","9":"tablet-align-left","10":"mobile-align-left","12":"first","13":"instock","14":"shipping-taxable","15":"purchasable","16":"product-type-variable"},"yoast_head":"<!-- This site is optimized with the Yoast SEO plugin v27.3 - https:\/\/yoast.com\/product\/yoast-seo-wordpress\/ -->\n<title>Guantes T\u00e9rmicos Recargables USB (M1) - ROSE MVD<\/title>\n<meta name=\"description\" content=\"Guantes T\u00e9rmicos Recargables USB (M1), mant\u00e9n las manos calientes durante toda la temporada de invierno con nuestros guantes t\u00e9rmicos alimentados por USB\" \/>\n<meta name=\"robots\" content=\"index, follow, max-snippet:-1, max-image-preview:large, max-video-preview:-1\" \/>\n<link rel=\"canonical\" href=\"https:\/\/rosemvd.com\/index.php\/producto\/guantes-termicos-recargables-usb-m1\/\" \/>\n<meta property=\"og:locale\" content=\"es_ES\" \/>\n<meta property=\"og:type\" content=\"article\" \/>\n<meta property=\"og:title\" content=\"Guantes T\u00e9rmicos Recargables USB (M1) - ROSE MVD\" \/>\n<meta property=\"og:description\" content=\"Guantes T\u00e9rmicos Recargables USB (M1), mant\u00e9n las manos calientes durante toda la temporada de invierno con nuestros guantes t\u00e9rmicos alimentados por USB\" \/>\n<meta property=\"og:url\" content=\"https:\/\/rosemvd.com\/index.php\/producto\/guantes-termicos-recargables-usb-m1\/\" \/>\n<meta property=\"og:site_name\" content=\"ROSE MVD\" \/>\n<meta property=\"article:publisher\" content=\"https:\/\/www.facebook.com\/TiendaRoseMvd\" \/>\n<meta property=\"og:image\" content=\"https:\/\/rosemvd.com\/wp-content\/uploads\/2024\/05\/81ad134c539b2986f245b1ee741d082c.jpeg\" \/>\n\t<meta property=\"og:image:width\" content=\"1600\" \/>\n\t<meta property=\"og:image:height\" content=\"1600\" \/>\n\t<meta property=\"og:image:type\" content=\"image\/jpeg\" \/>\n<meta name=\"twitter:card\" content=\"summary_large_image\" \/>\n<meta name=\"twitter:label1\" content=\"Tiempo de lectura\" \/>\n\t<meta name=\"twitter:data1\" content=\"2 minutos\" \/>\n<script type=\"application\/ld+json\" class=\"yoast-schema-graph\">{\"@context\":\"https:\\\/\\\/schema.org\",\"@graph\":[{\"@type\":\"WebPage\",\"@id\":\"https:\\\/\\\/rosemvd.com\\\/index.php\\\/producto\\\/guantes-termicos-recargables-usb-m1\\\/\",\"url\":\"https:\\\/\\\/rosemvd.com\\\/index.php\\\/producto\\\/guantes-termicos-recargables-usb-m1\\\/\",\"name\":\"Guantes T\u00e9rmicos Recargables USB (M1) - ROSE MVD\",\"isPartOf\":{\"@id\":\"https:\\\/\\\/rosemvd.com\\\/#website\"},\"primaryImageOfPage\":{\"@id\":\"https:\\\/\\\/rosemvd.com\\\/index.php\\\/producto\\\/guantes-termicos-recargables-usb-m1\\\/#primaryimage\"},\"image\":{\"@id\":\"https:\\\/\\\/rosemvd.com\\\/index.php\\\/producto\\\/guantes-termicos-recargables-usb-m1\\\/#primaryimage\"},\"thumbnailUrl\":\"https:\\\/\\\/rosemvd.com\\\/wp-content\\\/uploads\\\/2024\\\/05\\\/81ad134c539b2986f245b1ee741d082c.jpeg\",\"datePublished\":\"2024-05-18T12:06:11+00:00\",\"description\":\"Guantes T\u00e9rmicos Recargables USB (M1), mant\u00e9n las manos calientes durante toda la temporada de invierno con nuestros guantes t\u00e9rmicos alimentados por USB\",\"breadcrumb\":{\"@id\":\"https:\\\/\\\/rosemvd.com\\\/index.php\\\/producto\\\/guantes-termicos-recargables-usb-m1\\\/#breadcrumb\"},\"inLanguage\":\"es\",\"potentialAction\":[{\"@type\":\"ReadAction\",\"target\":[\"https:\\\/\\\/rosemvd.com\\\/index.php\\\/producto\\\/guantes-termicos-recargables-usb-m1\\\/\"]}]},{\"@type\":\"ImageObject\",\"inLanguage\":\"es\",\"@id\":\"https:\\\/\\\/rosemvd.com\\\/index.php\\\/producto\\\/guantes-termicos-recargables-usb-m1\\\/#primaryimage\",\"url\":\"https:\\\/\\\/rosemvd.com\\\/wp-content\\\/uploads\\\/2024\\\/05\\\/81ad134c539b2986f245b1ee741d082c.jpeg\",\"contentUrl\":\"https:\\\/\\\/rosemvd.com\\\/wp-content\\\/uploads\\\/2024\\\/05\\\/81ad134c539b2986f245b1ee741d082c.jpeg\",\"width\":1600,\"height\":1600},{\"@type\":\"BreadcrumbList\",\"@id\":\"https:\\\/\\\/rosemvd.com\\\/index.php\\\/producto\\\/guantes-termicos-recargables-usb-m1\\\/#breadcrumb\",\"itemListElement\":[{\"@type\":\"ListItem\",\"position\":1,\"name\":\"Portada\",\"item\":\"https:\\\/\\\/rosemvd.com\\\/\"},{\"@type\":\"ListItem\",\"position\":2,\"name\":\"Tienda\",\"item\":\"https:\\\/\\\/rosemvd.com\\\/index.php\\\/tienda\\\/\"},{\"@type\":\"ListItem\",\"position\":3,\"name\":\"Guantes T\u00e9rmicos Recargables USB (M1)\"}]},{\"@type\":\"WebSite\",\"@id\":\"https:\\\/\\\/rosemvd.com\\\/#website\",\"url\":\"https:\\\/\\\/rosemvd.com\\\/\",\"name\":\"ROSE MVD\",\"description\":\"Todo lo que buscas lo pod\u00e9s encontrar en rose mvd, especializados en traer todas las cosas nuevas en tendencia y accesorios diferentes y \u00fanicos.\",\"publisher\":{\"@id\":\"https:\\\/\\\/rosemvd.com\\\/#organization\"},\"potentialAction\":[{\"@type\":\"SearchAction\",\"target\":{\"@type\":\"EntryPoint\",\"urlTemplate\":\"https:\\\/\\\/rosemvd.com\\\/?s={search_term_string}\"},\"query-input\":{\"@type\":\"PropertyValueSpecification\",\"valueRequired\":true,\"valueName\":\"search_term_string\"}}],\"inLanguage\":\"es\"},{\"@type\":\"Organization\",\"@id\":\"https:\\\/\\\/rosemvd.com\\\/#organization\",\"name\":\"ROSE MVD\",\"alternateName\":\"ROSE MVD\",\"url\":\"https:\\\/\\\/rosemvd.com\\\/\",\"logo\":{\"@type\":\"ImageObject\",\"inLanguage\":\"es\",\"@id\":\"https:\\\/\\\/rosemvd.com\\\/#\\\/schema\\\/logo\\\/image\\\/\",\"url\":\"https:\\\/\\\/rosemvd.com\\\/wp-content\\\/uploads\\\/2023\\\/03\\\/Sin-titulo-2_Mesa-de-trabajo-1.png\",\"contentUrl\":\"https:\\\/\\\/rosemvd.com\\\/wp-content\\\/uploads\\\/2023\\\/03\\\/Sin-titulo-2_Mesa-de-trabajo-1.png\",\"width\":2084,\"height\":2084,\"caption\":\"ROSE MVD\"},\"image\":{\"@id\":\"https:\\\/\\\/rosemvd.com\\\/#\\\/schema\\\/logo\\\/image\\\/\"},\"sameAs\":[\"https:\\\/\\\/www.facebook.com\\\/TiendaRoseMvd\",\"https:\\\/\\\/www.instagram.com\\\/rose.mvd\"]}]}<\/script>\n<!-- \/ Yoast SEO plugin. -->","yoast_head_json":{"title":"Guantes T\u00e9rmicos Recargables USB (M1) - ROSE MVD","description":"Guantes T\u00e9rmicos Recargables USB (M1), mant\u00e9n las manos calientes durante toda la temporada de invierno con nuestros guantes t\u00e9rmicos alimentados por USB","robots":{"index":"index","follow":"follow","max-snippet":"max-snippet:-1","max-image-preview":"max-image-preview:large","max-video-preview":"max-video-preview:-1"},"canonical":"https:\/\/rosemvd.com\/index.php\/producto\/guantes-termicos-recargables-usb-m1\/","og_locale":"es_ES","og_type":"article","og_title":"Guantes T\u00e9rmicos Recargables USB (M1) - ROSE MVD","og_description":"Guantes T\u00e9rmicos Recargables USB (M1), mant\u00e9n las manos calientes durante toda la temporada de invierno con nuestros guantes t\u00e9rmicos alimentados por USB","og_url":"https:\/\/rosemvd.com\/index.php\/producto\/guantes-termicos-recargables-usb-m1\/","og_site_name":"ROSE MVD","article_publisher":"https:\/\/www.facebook.com\/TiendaRoseMvd","og_image":[{"width":1600,"height":1600,"url":"https:\/\/rosemvd.com\/wp-content\/uploads\/2024\/05\/81ad134c539b2986f245b1ee741d082c.jpeg","type":"image\/jpeg"}],"twitter_card":"summary_large_image","twitter_misc":{"Tiempo de lectura":"2 minutos"},"schema":{"@context":"https:\/\/schema.org","@graph":[{"@type":"WebPage","@id":"https:\/\/rosemvd.com\/index.php\/producto\/guantes-termicos-recargables-usb-m1\/","url":"https:\/\/rosemvd.com\/index.php\/producto\/guantes-termicos-recargables-usb-m1\/","name":"Guantes T\u00e9rmicos Recargables USB (M1) - ROSE MVD","isPartOf":{"@id":"https:\/\/rosemvd.com\/#website"},"primaryImageOfPage":{"@id":"https:\/\/rosemvd.com\/index.php\/producto\/guantes-termicos-recargables-usb-m1\/#primaryimage"},"image":{"@id":"https:\/\/rosemvd.com\/index.php\/producto\/guantes-termicos-recargables-usb-m1\/#primaryimage"},"thumbnailUrl":"https:\/\/rosemvd.com\/wp-content\/uploads\/2024\/05\/81ad134c539b2986f245b1ee741d082c.jpeg","datePublished":"2024-05-18T12:06:11+00:00","description":"Guantes T\u00e9rmicos Recargables USB (M1), mant\u00e9n las manos calientes durante toda la temporada de invierno con nuestros guantes t\u00e9rmicos alimentados por USB","breadcrumb":{"@id":"https:\/\/rosemvd.com\/index.php\/producto\/guantes-termicos-recargables-usb-m1\/#breadcrumb"},"inLanguage":"es","potentialAction":[{"@type":"ReadAction","target":["https:\/\/rosemvd.com\/index.php\/producto\/guantes-termicos-recargables-usb-m1\/"]}]},{"@type":"ImageObject","inLanguage":"es","@id":"https:\/\/rosemvd.com\/index.php\/producto\/guantes-termicos-recargables-usb-m1\/#primaryimage","url":"https:\/\/rosemvd.com\/wp-content\/uploads\/2024\/05\/81ad134c539b2986f245b1ee741d082c.jpeg","contentUrl":"https:\/\/rosemvd.com\/wp-content\/uploads\/2024\/05\/81ad134c539b2986f245b1ee741d082c.jpeg","width":1600,"height":1600},{"@type":"BreadcrumbList","@id":"https:\/\/rosemvd.com\/index.php\/producto\/guantes-termicos-recargables-usb-m1\/#breadcrumb","itemListElement":[{"@type":"ListItem","position":1,"name":"Portada","item":"https:\/\/rosemvd.com\/"},{"@type":"ListItem","position":2,"name":"Tienda","item":"https:\/\/rosemvd.com\/index.php\/tienda\/"},{"@type":"ListItem","position":3,"name":"Guantes T\u00e9rmicos Recargables USB (M1)"}]},{"@type":"WebSite","@id":"https:\/\/rosemvd.com\/#website","url":"https:\/\/rosemvd.com\/","name":"ROSE MVD","description":"Todo lo que buscas lo pod\u00e9s encontrar en rose mvd, especializados en traer todas las cosas nuevas en tendencia y accesorios diferentes y \u00fanicos.","publisher":{"@id":"https:\/\/rosemvd.com\/#organization"},"potentialAction":[{"@type":"SearchAction","target":{"@type":"EntryPoint","urlTemplate":"https:\/\/rosemvd.com\/?s={search_term_string}"},"query-input":{"@type":"PropertyValueSpecification","valueRequired":true,"valueName":"search_term_string"}}],"inLanguage":"es"},{"@type":"Organization","@id":"https:\/\/rosemvd.com\/#organization","name":"ROSE MVD","alternateName":"ROSE MVD","url":"https:\/\/rosemvd.com\/","logo":{"@type":"ImageObject","inLanguage":"es","@id":"https:\/\/rosemvd.com\/#\/schema\/logo\/image\/","url":"https:\/\/rosemvd.com\/wp-content\/uploads\/2023\/03\/Sin-titulo-2_Mesa-de-trabajo-1.png","contentUrl":"https:\/\/rosemvd.com\/wp-content\/uploads\/2023\/03\/Sin-titulo-2_Mesa-de-trabajo-1.png","width":2084,"height":2084,"caption":"ROSE MVD"},"image":{"@id":"https:\/\/rosemvd.com\/#\/schema\/logo\/image\/"},"sameAs":["https:\/\/www.facebook.com\/TiendaRoseMvd","https:\/\/www.instagram.com\/rose.mvd"]}]}},"_links":{"self":[{"href":"https:\/\/rosemvd.com\/index.php\/wp-json\/wp\/v2\/product\/9485","targetHints":{"allow":["GET"]}}],"collection":[{"href":"https:\/\/rosemvd.com\/index.php\/wp-json\/wp\/v2\/product"}],"about":[{"href":"https:\/\/rosemvd.com\/index.php\/wp-json\/wp\/v2\/types\/product"}],"wp:featuredmedia":[{"embeddable":true,"href":"https:\/\/rosemvd.com\/index.php\/wp-json\/wp\/v2\/media\/9490"}],"wp:attachment":[{"href":"https:\/\/rosemvd.com\/index.php\/wp-json\/wp\/v2\/media?parent=9485"}],"wp:term":[{"taxonomy":"product_brand","embeddable":true,"href":"https:\/\/rosemvd.com\/index.php\/wp-json\/wp\/v2\/product_brand?post=9485"},{"taxonomy":"product_cat","embeddable":true,"href":"https:\/\/rosemvd.com\/index.php\/wp-json\/wp\/v2\/product_cat?post=9485"},{"taxonomy":"product_tag","embeddable":true,"href":"https:\/\/rosemvd.com\/index.php\/wp-json\/wp\/v2\/product_tag?post=9485"}],"curies":[{"name":"wp","href":"https:\/\/api.w.org\/{rel}","templated":true}]}}