{"id":8585,"date":"2024-03-11T12:42:51","date_gmt":"2024-03-11T15:42:51","guid":{"rendered":"https:\/\/rosemvd.com\/?post_type=product&#038;p=8585"},"modified":"2026-04-22T21:55:19","modified_gmt":"2026-04-23T00:55:19","slug":"corta-unas-para-bebe","status":"publish","type":"product","link":"https:\/\/rosemvd.com\/index.php\/producto\/corta-unas-para-bebe\/","title":{"rendered":"Corta u\u00f1as para bebe"},"content":{"rendered":"<p>Corta u\u00f1as el\u00e9ctrico para beb\u00e9s, pulidora de u\u00f1as para ni\u00f1os, con Kit de Lima de cortador de u\u00f1as para reci\u00e9n nacidos, 6 piezas<\/p>\n<p><strong>Caracter\u00edsticas:<\/strong><\/p>\n<p><strong>Seguro y eficiente:<\/strong> recomendado para todas las mam\u00e1s primerizas, ya no tendr\u00e1 miedo de recortar las u\u00f1as de su beb\u00e9. Almohadillas suaves para limar que pueden redondear con seguridad las u\u00f1as del beb\u00e9 sin da\u00f1ar la cut\u00edcula o el lecho de u\u00f1as suave en unos pocos segundos. Se ralentiza o se detiene al tocar la piel del beb\u00e9, completamente seguro. Solo funciona con 1 pila AAA, dise\u00f1o econ\u00f3mico. <strong>(Bater\u00eda no incluida en el paquete).<\/strong><\/p>\n<p><strong>Excelente Dise\u00f1o:<\/strong> Esta m\u00e1quina recortadora de u\u00f1as tiene un nuevo dise\u00f1o de forma redonda, m\u00e1s conveniente para sujetar con la mano. El di\u00e1metro de la m\u00e1quina es de solo 2,55 pulgadas, el dise\u00f1o port\u00e1til le permite llevarlo a cualquier lugar y usarlo cuando sea.<\/p>\n<p><strong>Juego de corta\u00fa\u00f1as port\u00e1til 6 en 1:<\/strong> los cabezales de corte de u\u00f1as de diferentes colores est\u00e1n dise\u00f1ados para diferentes etapas del crecimiento de los beb\u00e9s y diversas necesidades. 6 cabezales de corte de u\u00f1as adecuados para todas las edades.<\/p>\n<p><strong>Recortador de u\u00f1as el\u00e9ctrico y silencioso para beb\u00e9s:<\/strong> las u\u00f1as del beb\u00e9 crecen r\u00e1pidamente, una lima de u\u00f1as \u00fatil es una necesidad para las mam\u00e1s. Este limador de u\u00f1as el\u00e9ctrico hace un ruido extremadamente bajo y no despertar\u00e1 a los beb\u00e9s dormidos. Incluso cuando est\u00e1n despiertos, es tan silencioso que no los asustar\u00e1. Es un pulidor de u\u00f1as muy adecuado para beb\u00e9s.<\/p>\n<p><strong>Especificaciones:<\/strong><br \/>\nMaterial: pl\u00e1stico<br \/>\nTama\u00f1o: app.6.5 x 2,7 cm<br \/>\nAlimentaci\u00f3n: solo funciona con 1 pila AAA (pila no incluida en el paquete)<\/p>\n<p><strong>Instrucciones de operaci\u00f3n:<\/strong><br \/>\nAntes de usar: sujeta suavemente las u\u00f1as a una longitud adecuada.<br \/>\nElija el cabezal de molienda correspondiente seg\u00fan la edad. Conecte el cabezal de molienda y la interfaz.<br \/>\nPresione el bot\u00f3n a la rotaci\u00f3n.<br \/>\nRecorte suavemente las u\u00f1as hasta alcanzar la longitud deseada.<\/p>\n<p><strong>Paquete incluido:<\/strong><br \/>\n1 * Recortador el\u00e9ctrico de u\u00f1as<br \/>\n6 * cabezales de molienda<\/p>\n<p><strong>Para uso del beb\u00e9:<\/strong><br \/>\nRojo: apto para beb\u00e9s de 1 a 3 meses de edad.<br \/>\nMorado: apto para beb\u00e9s de 6 a 12 meses de edad.<br \/>\nVerde: apto para beb\u00e9s de 12 meses en adelante.<\/p>\n<p><strong>Para uso en adultos:<\/strong><br \/>\nCabeza amarilla: Cabeza esmerilada fina.<br \/>\nCabezal rosa: Cabezal de lijado grueso.<br \/>\nCabezal de pulido blanco suave: alisa la superficie de las u\u00f1as.<\/p>\n","protected":false},"excerpt":{"rendered":"<p>Corta u\u00f1as el\u00e9ctrico para beb\u00e9s, pulidora de u\u00f1as para ni\u00f1os, con Kit de Lima de cortador de u\u00f1as para reci\u00e9n nacidos, 6 piezas Caracter\u00edsticas: Seguro y eficiente: recomendado para todas las mam\u00e1s primerizas, ya no tendr\u00e1 miedo de recortar las u\u00f1as de su beb\u00e9. Almohadillas suaves para limar que pueden redondear con seguridad las u\u00f1as [&hellip;]<\/p>\n","protected":false},"featured_media":8589,"template":"","meta":{"site-sidebar-layout":"default","site-content-layout":"default","ast-site-content-layout":"default","site-content-style":"default","site-sidebar-style":"default","ast-global-header-display":"","ast-banner-title-visibility":"","ast-main-header-display":"","ast-hfb-above-header-display":"","ast-hfb-below-header-display":"","ast-hfb-mobile-header-display":"","site-post-title":"","ast-breadcrumbs-content":"","ast-featured-img":"","footer-sml-layout":"","ast-disable-related-posts":"","theme-transparent-header-meta":"default","adv-header-id-meta":"","stick-header-meta":"","header-above-stick-meta":"","header-main-stick-meta":"","header-below-stick-meta":"","astra-migrate-meta-layouts":"set","ast-page-background-enabled":"default","ast-page-background-meta":{"desktop":{"background-color":"var(--ast-global-color-4)","background-image":"","background-repeat":"repeat","background-position":"center center","background-size":"auto","background-attachment":"scroll","background-type":"","background-media":"","overlay-type":"","overlay-color":"","overlay-opacity":"","overlay-gradient":""},"tablet":{"background-color":"","background-image":"","background-repeat":"repeat","background-position":"center center","background-size":"auto","background-attachment":"scroll","background-type":"","background-media":"","overlay-type":"","overlay-color":"","overlay-opacity":"","overlay-gradient":""},"mobile":{"background-color":"","background-image":"","background-repeat":"repeat","background-position":"center center","background-size":"auto","background-attachment":"scroll","background-type":"","background-media":"","overlay-type":"","overlay-color":"","overlay-opacity":"","overlay-gradient":""}},"ast-content-background-meta":{"desktop":{"background-color":"var(--ast-global-color-5)","background-image":"","background-repeat":"repeat","background-position":"center center","background-size":"auto","background-attachment":"scroll","background-type":"","background-media":"","overlay-type":"","overlay-color":"","overlay-opacity":"","overlay-gradient":""},"tablet":{"background-color":"var(--ast-global-color-5)","background-image":"","background-repeat":"repeat","background-position":"center center","background-size":"auto","background-attachment":"scroll","background-type":"","background-media":"","overlay-type":"","overlay-color":"","overlay-opacity":"","overlay-gradient":""},"mobile":{"background-color":"var(--ast-global-color-5)","background-image":"","background-repeat":"repeat","background-position":"center center","background-size":"auto","background-attachment":"scroll","background-type":"","background-media":"","overlay-type":"","overlay-color":"","overlay-opacity":"","overlay-gradient":""}}},"product_brand":[],"product_cat":[469,440],"product_tag":[],"class_list":{"0":"post-8585","1":"product","2":"type-product","3":"status-publish","4":"has-post-thumbnail","6":"product_cat-bebe","7":"product_cat-bebes-ninos","8":"desktop-align-left","9":"tablet-align-left","10":"mobile-align-left","12":"first","13":"instock","14":"shipping-taxable","15":"purchasable","16":"product-type-variable"},"yoast_head":"<!-- This site is optimized with the Yoast SEO plugin v27.3 - https:\/\/yoast.com\/product\/yoast-seo-wordpress\/ -->\n<title>Corta u\u00f1as para bebe - ROSE MVD<\/title>\n<meta name=\"description\" content=\"Corta u\u00f1as para bebe, Corta u\u00f1as el\u00e9ctrico para beb\u00e9s, pulidora de u\u00f1as para ni\u00f1os, con Kit de Lima de cortador de u\u00f1as para reci\u00e9n nacidos, 6 piezas\" \/>\n<meta name=\"robots\" content=\"index, follow, max-snippet:-1, max-image-preview:large, max-video-preview:-1\" \/>\n<link rel=\"canonical\" href=\"https:\/\/rosemvd.com\/index.php\/producto\/corta-unas-para-bebe\/\" \/>\n<meta property=\"og:locale\" content=\"es_ES\" \/>\n<meta property=\"og:type\" content=\"article\" \/>\n<meta property=\"og:title\" content=\"Corta u\u00f1as para bebe - ROSE MVD\" \/>\n<meta property=\"og:description\" content=\"Corta u\u00f1as para bebe, Corta u\u00f1as el\u00e9ctrico para beb\u00e9s, pulidora de u\u00f1as para ni\u00f1os, con Kit de Lima de cortador de u\u00f1as para reci\u00e9n nacidos, 6 piezas\" \/>\n<meta property=\"og:url\" content=\"https:\/\/rosemvd.com\/index.php\/producto\/corta-unas-para-bebe\/\" \/>\n<meta property=\"og:site_name\" content=\"ROSE MVD\" \/>\n<meta property=\"article:publisher\" content=\"https:\/\/www.facebook.com\/TiendaRoseMvd\" \/>\n<meta property=\"article:modified_time\" content=\"2026-04-23T00:55:19+00:00\" \/>\n<meta property=\"og:image\" content=\"https:\/\/rosemvd.com\/wp-content\/uploads\/2024\/03\/Lima-bebe-2.jpg\" \/>\n\t<meta property=\"og:image:width\" content=\"650\" \/>\n\t<meta property=\"og:image:height\" content=\"650\" \/>\n\t<meta property=\"og:image:type\" content=\"image\/jpeg\" \/>\n<meta name=\"twitter:card\" content=\"summary_large_image\" \/>\n<meta name=\"twitter:label1\" content=\"Tiempo de lectura\" \/>\n\t<meta name=\"twitter:data1\" content=\"2 minutos\" \/>\n<script type=\"application\/ld+json\" class=\"yoast-schema-graph\">{\"@context\":\"https:\\\/\\\/schema.org\",\"@graph\":[{\"@type\":\"WebPage\",\"@id\":\"https:\\\/\\\/rosemvd.com\\\/index.php\\\/producto\\\/corta-unas-para-bebe\\\/\",\"url\":\"https:\\\/\\\/rosemvd.com\\\/index.php\\\/producto\\\/corta-unas-para-bebe\\\/\",\"name\":\"Corta u\u00f1as para bebe - ROSE MVD\",\"isPartOf\":{\"@id\":\"https:\\\/\\\/rosemvd.com\\\/#website\"},\"primaryImageOfPage\":{\"@id\":\"https:\\\/\\\/rosemvd.com\\\/index.php\\\/producto\\\/corta-unas-para-bebe\\\/#primaryimage\"},\"image\":{\"@id\":\"https:\\\/\\\/rosemvd.com\\\/index.php\\\/producto\\\/corta-unas-para-bebe\\\/#primaryimage\"},\"thumbnailUrl\":\"https:\\\/\\\/rosemvd.com\\\/wp-content\\\/uploads\\\/2024\\\/03\\\/Lima-bebe-2.jpg\",\"datePublished\":\"2024-03-11T15:42:51+00:00\",\"dateModified\":\"2026-04-23T00:55:19+00:00\",\"description\":\"Corta u\u00f1as para bebe, Corta u\u00f1as el\u00e9ctrico para beb\u00e9s, pulidora de u\u00f1as para ni\u00f1os, con Kit de Lima de cortador de u\u00f1as para reci\u00e9n nacidos, 6 piezas\",\"breadcrumb\":{\"@id\":\"https:\\\/\\\/rosemvd.com\\\/index.php\\\/producto\\\/corta-unas-para-bebe\\\/#breadcrumb\"},\"inLanguage\":\"es\",\"potentialAction\":[{\"@type\":\"ReadAction\",\"target\":[\"https:\\\/\\\/rosemvd.com\\\/index.php\\\/producto\\\/corta-unas-para-bebe\\\/\"]}]},{\"@type\":\"ImageObject\",\"inLanguage\":\"es\",\"@id\":\"https:\\\/\\\/rosemvd.com\\\/index.php\\\/producto\\\/corta-unas-para-bebe\\\/#primaryimage\",\"url\":\"https:\\\/\\\/rosemvd.com\\\/wp-content\\\/uploads\\\/2024\\\/03\\\/Lima-bebe-2.jpg\",\"contentUrl\":\"https:\\\/\\\/rosemvd.com\\\/wp-content\\\/uploads\\\/2024\\\/03\\\/Lima-bebe-2.jpg\",\"width\":650,\"height\":650},{\"@type\":\"BreadcrumbList\",\"@id\":\"https:\\\/\\\/rosemvd.com\\\/index.php\\\/producto\\\/corta-unas-para-bebe\\\/#breadcrumb\",\"itemListElement\":[{\"@type\":\"ListItem\",\"position\":1,\"name\":\"Portada\",\"item\":\"https:\\\/\\\/rosemvd.com\\\/\"},{\"@type\":\"ListItem\",\"position\":2,\"name\":\"Tienda\",\"item\":\"https:\\\/\\\/rosemvd.com\\\/index.php\\\/tienda\\\/\"},{\"@type\":\"ListItem\",\"position\":3,\"name\":\"Corta u\u00f1as para bebe\"}]},{\"@type\":\"WebSite\",\"@id\":\"https:\\\/\\\/rosemvd.com\\\/#website\",\"url\":\"https:\\\/\\\/rosemvd.com\\\/\",\"name\":\"ROSE MVD\",\"description\":\"Todo lo que no sab\u00edas que necesitabas, lo \u00faltimo en tendencia, utilidad e innovaci\u00f3n\",\"publisher\":{\"@id\":\"https:\\\/\\\/rosemvd.com\\\/#organization\"},\"potentialAction\":[{\"@type\":\"SearchAction\",\"target\":{\"@type\":\"EntryPoint\",\"urlTemplate\":\"https:\\\/\\\/rosemvd.com\\\/?s={search_term_string}\"},\"query-input\":{\"@type\":\"PropertyValueSpecification\",\"valueRequired\":true,\"valueName\":\"search_term_string\"}}],\"inLanguage\":\"es\"},{\"@type\":\"Organization\",\"@id\":\"https:\\\/\\\/rosemvd.com\\\/#organization\",\"name\":\"ROSE MVD\",\"alternateName\":\"ROSE MVD\",\"url\":\"https:\\\/\\\/rosemvd.com\\\/\",\"logo\":{\"@type\":\"ImageObject\",\"inLanguage\":\"es\",\"@id\":\"https:\\\/\\\/rosemvd.com\\\/#\\\/schema\\\/logo\\\/image\\\/\",\"url\":\"https:\\\/\\\/rosemvd.com\\\/wp-content\\\/uploads\\\/2023\\\/03\\\/Sin-titulo-2_Mesa-de-trabajo-1.png\",\"contentUrl\":\"https:\\\/\\\/rosemvd.com\\\/wp-content\\\/uploads\\\/2023\\\/03\\\/Sin-titulo-2_Mesa-de-trabajo-1.png\",\"width\":2084,\"height\":2084,\"caption\":\"ROSE MVD\"},\"image\":{\"@id\":\"https:\\\/\\\/rosemvd.com\\\/#\\\/schema\\\/logo\\\/image\\\/\"},\"sameAs\":[\"https:\\\/\\\/www.facebook.com\\\/TiendaRoseMvd\",\"https:\\\/\\\/www.instagram.com\\\/rose.mvd\"]}]}<\/script>\n<!-- \/ Yoast SEO plugin. -->","yoast_head_json":{"title":"Corta u\u00f1as para bebe - ROSE MVD","description":"Corta u\u00f1as para bebe, Corta u\u00f1as el\u00e9ctrico para beb\u00e9s, pulidora de u\u00f1as para ni\u00f1os, con Kit de Lima de cortador de u\u00f1as para reci\u00e9n nacidos, 6 piezas","robots":{"index":"index","follow":"follow","max-snippet":"max-snippet:-1","max-image-preview":"max-image-preview:large","max-video-preview":"max-video-preview:-1"},"canonical":"https:\/\/rosemvd.com\/index.php\/producto\/corta-unas-para-bebe\/","og_locale":"es_ES","og_type":"article","og_title":"Corta u\u00f1as para bebe - ROSE MVD","og_description":"Corta u\u00f1as para bebe, Corta u\u00f1as el\u00e9ctrico para beb\u00e9s, pulidora de u\u00f1as para ni\u00f1os, con Kit de Lima de cortador de u\u00f1as para reci\u00e9n nacidos, 6 piezas","og_url":"https:\/\/rosemvd.com\/index.php\/producto\/corta-unas-para-bebe\/","og_site_name":"ROSE MVD","article_publisher":"https:\/\/www.facebook.com\/TiendaRoseMvd","article_modified_time":"2026-04-23T00:55:19+00:00","og_image":[{"width":650,"height":650,"url":"https:\/\/rosemvd.com\/wp-content\/uploads\/2024\/03\/Lima-bebe-2.jpg","type":"image\/jpeg"}],"twitter_card":"summary_large_image","twitter_misc":{"Tiempo de lectura":"2 minutos"},"schema":{"@context":"https:\/\/schema.org","@graph":[{"@type":"WebPage","@id":"https:\/\/rosemvd.com\/index.php\/producto\/corta-unas-para-bebe\/","url":"https:\/\/rosemvd.com\/index.php\/producto\/corta-unas-para-bebe\/","name":"Corta u\u00f1as para bebe - ROSE MVD","isPartOf":{"@id":"https:\/\/rosemvd.com\/#website"},"primaryImageOfPage":{"@id":"https:\/\/rosemvd.com\/index.php\/producto\/corta-unas-para-bebe\/#primaryimage"},"image":{"@id":"https:\/\/rosemvd.com\/index.php\/producto\/corta-unas-para-bebe\/#primaryimage"},"thumbnailUrl":"https:\/\/rosemvd.com\/wp-content\/uploads\/2024\/03\/Lima-bebe-2.jpg","datePublished":"2024-03-11T15:42:51+00:00","dateModified":"2026-04-23T00:55:19+00:00","description":"Corta u\u00f1as para bebe, Corta u\u00f1as el\u00e9ctrico para beb\u00e9s, pulidora de u\u00f1as para ni\u00f1os, con Kit de Lima de cortador de u\u00f1as para reci\u00e9n nacidos, 6 piezas","breadcrumb":{"@id":"https:\/\/rosemvd.com\/index.php\/producto\/corta-unas-para-bebe\/#breadcrumb"},"inLanguage":"es","potentialAction":[{"@type":"ReadAction","target":["https:\/\/rosemvd.com\/index.php\/producto\/corta-unas-para-bebe\/"]}]},{"@type":"ImageObject","inLanguage":"es","@id":"https:\/\/rosemvd.com\/index.php\/producto\/corta-unas-para-bebe\/#primaryimage","url":"https:\/\/rosemvd.com\/wp-content\/uploads\/2024\/03\/Lima-bebe-2.jpg","contentUrl":"https:\/\/rosemvd.com\/wp-content\/uploads\/2024\/03\/Lima-bebe-2.jpg","width":650,"height":650},{"@type":"BreadcrumbList","@id":"https:\/\/rosemvd.com\/index.php\/producto\/corta-unas-para-bebe\/#breadcrumb","itemListElement":[{"@type":"ListItem","position":1,"name":"Portada","item":"https:\/\/rosemvd.com\/"},{"@type":"ListItem","position":2,"name":"Tienda","item":"https:\/\/rosemvd.com\/index.php\/tienda\/"},{"@type":"ListItem","position":3,"name":"Corta u\u00f1as para bebe"}]},{"@type":"WebSite","@id":"https:\/\/rosemvd.com\/#website","url":"https:\/\/rosemvd.com\/","name":"ROSE MVD","description":"Todo lo que no sab\u00edas que necesitabas, lo \u00faltimo en tendencia, utilidad e innovaci\u00f3n","publisher":{"@id":"https:\/\/rosemvd.com\/#organization"},"potentialAction":[{"@type":"SearchAction","target":{"@type":"EntryPoint","urlTemplate":"https:\/\/rosemvd.com\/?s={search_term_string}"},"query-input":{"@type":"PropertyValueSpecification","valueRequired":true,"valueName":"search_term_string"}}],"inLanguage":"es"},{"@type":"Organization","@id":"https:\/\/rosemvd.com\/#organization","name":"ROSE MVD","alternateName":"ROSE MVD","url":"https:\/\/rosemvd.com\/","logo":{"@type":"ImageObject","inLanguage":"es","@id":"https:\/\/rosemvd.com\/#\/schema\/logo\/image\/","url":"https:\/\/rosemvd.com\/wp-content\/uploads\/2023\/03\/Sin-titulo-2_Mesa-de-trabajo-1.png","contentUrl":"https:\/\/rosemvd.com\/wp-content\/uploads\/2023\/03\/Sin-titulo-2_Mesa-de-trabajo-1.png","width":2084,"height":2084,"caption":"ROSE MVD"},"image":{"@id":"https:\/\/rosemvd.com\/#\/schema\/logo\/image\/"},"sameAs":["https:\/\/www.facebook.com\/TiendaRoseMvd","https:\/\/www.instagram.com\/rose.mvd"]}]}},"_links":{"self":[{"href":"https:\/\/rosemvd.com\/index.php\/wp-json\/wp\/v2\/product\/8585","targetHints":{"allow":["GET"]}}],"collection":[{"href":"https:\/\/rosemvd.com\/index.php\/wp-json\/wp\/v2\/product"}],"about":[{"href":"https:\/\/rosemvd.com\/index.php\/wp-json\/wp\/v2\/types\/product"}],"wp:featuredmedia":[{"embeddable":true,"href":"https:\/\/rosemvd.com\/index.php\/wp-json\/wp\/v2\/media\/8589"}],"wp:attachment":[{"href":"https:\/\/rosemvd.com\/index.php\/wp-json\/wp\/v2\/media?parent=8585"}],"wp:term":[{"taxonomy":"product_brand","embeddable":true,"href":"https:\/\/rosemvd.com\/index.php\/wp-json\/wp\/v2\/product_brand?post=8585"},{"taxonomy":"product_cat","embeddable":true,"href":"https:\/\/rosemvd.com\/index.php\/wp-json\/wp\/v2\/product_cat?post=8585"},{"taxonomy":"product_tag","embeddable":true,"href":"https:\/\/rosemvd.com\/index.php\/wp-json\/wp\/v2\/product_tag?post=8585"}],"curies":[{"name":"wp","href":"https:\/\/api.w.org\/{rel}","templated":true}]}}