{"id":5289,"date":"2023-08-03T13:04:06","date_gmt":"2023-08-03T16:04:06","guid":{"rendered":"https:\/\/rosemvd.com\/?post_type=product&#038;p=5289"},"modified":"2026-04-21T22:26:55","modified_gmt":"2026-04-22T01:26:55","slug":"repetidor-wifi-inalambrico-amplificador-senal","status":"publish","type":"product","link":"https:\/\/rosemvd.com\/index.php\/producto\/repetidor-wifi-inalambrico-amplificador-senal\/","title":{"rendered":"Repetidor Wifi Inal\u00e1mbrico Amplificador Se\u00f1al"},"content":{"rendered":"<p>Super f\u00e1cil configuraci\u00f3n desde tu celular, olvidate de pagar costosos t\u00e9cnicos, gracias a su software gr\u00e1fico que te lleva paso a paso<\/p>\n<p>Repetidor Wifi Inal\u00e1mbrico Amplificador Se\u00f1al 300mbps :<\/p>\n<p>&#8211; Alta velocidad: la extensi\u00f3n de la red inal\u00e1mbrica existe a un \u00e1rea de dif\u00edcil acceso con una velocidad de hasta 300 Mbps, creando una red de alta velocidad, de largo alcance y estable.<\/p>\n<p>&#8211; Plug and Play: f\u00e1cil de instalar y usar. Dise\u00f1ado con movilidad y portabilidad, peque\u00f1o gadget con gran valor, ideal para el hogar, empresa y viajes en uso.<\/p>\n<p>&#8211; Bot\u00f3n WPS: se puede configurar en tu tel\u00e9fono\/iPhone\/tableta\/port\u00e1til\/PC en 5 minutos. Simplemente pulsa el bot\u00f3n WPS para obtener un cifrado seguro. Compatible con los m\u00e9todos de cifrado WEP, WPA, WPA2, WPA\/WPA2 para evitar el acceso y la supervisi\u00f3n no autorizados.<\/p>\n<p>&#8211; Alta compatibilidad: el puerto Ethernet permite que el extensor funcione como un adaptador inal\u00e1mbrico para conectar dispositivos con cable, compatible con dispositivos 802.11n\/g\/b, funciona con cualquier red inal\u00e1mbrica, enrutador y dispositivos habilitados para Wi-Fi, incluyendo Smartphone, iPhone, iPad, tableta, ordenador port\u00e1til, escritorio, Smart TV, TV BOX, etc.<\/p>\n<p>&#8211; Modo de trabajo: modo repetidor para un mayor rendimiento inal\u00e1mbrico y cobertura y modo AP que crea un nuevo punto de acceso WiFi.<\/p>\n<p>&#8211; 2 modos de funcionamiento: modo repetidor (aumenta el rango de wifi existente para cubrir \u00e1reas m\u00e1s grandes) y modo AP (crea un punto de acceso inal\u00e1mbrico para m\u00e1s dispositivos).<\/p>\n<p>&#8211; Compatibilidad universal: este peque\u00f1o extensor cumple con el est\u00e1ndar IEEE 802.11b\/g\/n, funciona con toda la red de 2,4 GHz y tiene una gran capacidad de pasar a trav\u00e9s de la pared.<\/p>\n<p>&#8211; Funci\u00f3n WPS: Este repetidor wifi soporta conexi\u00f3n WPS, un toque para conectar.<\/p>\n<p>&#8211; F\u00e1cil configuraci\u00f3n y conexi\u00f3n estable: dise\u00f1ado para todos los clientes con o sin conocimientos tecnol\u00f3gicos. Siga las instrucciones y puede hacerlo funcionar en 5 minutos.<\/p>\n<p>&#8211; Compatibilidad universal: el amplificador WiFi es compatible con cualquier router o punto de acceso, por lo que es f\u00e1cil de ampliar y fortalecer tu red en 2,4 G, incluso a medida que cambia con el tiempo. Aumenta tu rango de red existente. Este repetidor Wifi es peque\u00f1o y discreto, f\u00e1cil de combinar con la decoraci\u00f3n de tu hogar.<\/p>\n<p>&#8211; F\u00e1cil de instalar y configurar: modo repetidor de bot\u00f3n WPS, modo AP. El modo repetidor es para ampliar la cobertura WiFi de una red inal\u00e1mbrica existente. El modo AP es para cubrir una red cableada a una red inal\u00e1mbrica. Habilite varios dispositivos para compartirlo.<\/p>\n<p>&#8211; Contenido:<br \/>\n&#8211; 1 repartidor inal\u00e1mbrico N<br \/>\n&#8211; 1 cable de red RJ-45.<br \/>\n&#8211; 1 manual de instrucciones .<\/p>\n","protected":false},"excerpt":{"rendered":"<p>Super f\u00e1cil configuraci\u00f3n desde tu celular, olvidate de pagar costosos t\u00e9cnicos, gracias a su software gr\u00e1fico que te lleva paso a paso Repetidor Wifi Inal\u00e1mbrico Amplificador Se\u00f1al 300mbps : &#8211; Alta velocidad: la extensi\u00f3n de la red inal\u00e1mbrica existe a un \u00e1rea de dif\u00edcil acceso con una velocidad de hasta 300 Mbps, creando una red [&hellip;]<\/p>\n","protected":false},"featured_media":5290,"template":"","meta":{"site-sidebar-layout":"default","site-content-layout":"default","ast-site-content-layout":"default","site-content-style":"default","site-sidebar-style":"default","ast-global-header-display":"","ast-banner-title-visibility":"","ast-main-header-display":"","ast-hfb-above-header-display":"","ast-hfb-below-header-display":"","ast-hfb-mobile-header-display":"","site-post-title":"","ast-breadcrumbs-content":"","ast-featured-img":"","footer-sml-layout":"","ast-disable-related-posts":"","theme-transparent-header-meta":"default","adv-header-id-meta":"","stick-header-meta":"","header-above-stick-meta":"","header-main-stick-meta":"","header-below-stick-meta":"","astra-migrate-meta-layouts":"default","ast-page-background-enabled":"default","ast-page-background-meta":{"desktop":{"background-color":"var(--ast-global-color-4)","background-image":"","background-repeat":"repeat","background-position":"center center","background-size":"auto","background-attachment":"scroll","background-type":"","background-media":"","overlay-type":"","overlay-color":"","overlay-opacity":"","overlay-gradient":""},"tablet":{"background-color":"","background-image":"","background-repeat":"repeat","background-position":"center center","background-size":"auto","background-attachment":"scroll","background-type":"","background-media":"","overlay-type":"","overlay-color":"","overlay-opacity":"","overlay-gradient":""},"mobile":{"background-color":"","background-image":"","background-repeat":"repeat","background-position":"center center","background-size":"auto","background-attachment":"scroll","background-type":"","background-media":"","overlay-type":"","overlay-color":"","overlay-opacity":"","overlay-gradient":""}},"ast-content-background-meta":{"desktop":{"background-color":"var(--ast-global-color-5)","background-image":"","background-repeat":"repeat","background-position":"center center","background-size":"auto","background-attachment":"scroll","background-type":"","background-media":"","overlay-type":"","overlay-color":"","overlay-opacity":"","overlay-gradient":""},"tablet":{"background-color":"var(--ast-global-color-5)","background-image":"","background-repeat":"repeat","background-position":"center center","background-size":"auto","background-attachment":"scroll","background-type":"","background-media":"","overlay-type":"","overlay-color":"","overlay-opacity":"","overlay-gradient":""},"mobile":{"background-color":"var(--ast-global-color-5)","background-image":"","background-repeat":"repeat","background-position":"center center","background-size":"auto","background-attachment":"scroll","background-type":"","background-media":"","overlay-type":"","overlay-color":"","overlay-opacity":"","overlay-gradient":""}}},"product_brand":[],"product_cat":[458,448],"product_tag":[],"class_list":{"0":"post-5289","1":"product","2":"type-product","3":"status-publish","4":"has-post-thumbnail","6":"product_cat-tecnologia-y-gadgets","7":"product_cat-tecnologia-y-hogar","8":"desktop-align-left","9":"tablet-align-left","10":"mobile-align-left","12":"first","13":"instock","14":"sale","15":"shipping-taxable","16":"purchasable","17":"product-type-simple"},"yoast_head":"<!-- This site is optimized with the Yoast SEO plugin v27.3 - https:\/\/yoast.com\/product\/yoast-seo-wordpress\/ -->\n<title>Repetidor Wifi Inal\u00e1mbrico Amplificador Se\u00f1al - ROSE MVD<\/title>\n<meta name=\"description\" content=\"Repetidor Wifi Inal\u00e1mbrico Amplificador Se\u00f1al, duplicador, F\u00e1cil configuraci\u00f3n y conexi\u00f3n estable. Velocidad de hasta 300 Mbps de largo alcance.\" \/>\n<meta name=\"robots\" content=\"index, follow, max-snippet:-1, max-image-preview:large, max-video-preview:-1\" \/>\n<link rel=\"canonical\" href=\"https:\/\/rosemvd.com\/index.php\/producto\/repetidor-wifi-inalambrico-amplificador-senal\/\" \/>\n<meta property=\"og:locale\" content=\"es_ES\" \/>\n<meta property=\"og:type\" content=\"article\" \/>\n<meta property=\"og:title\" content=\"Repetidor Wifi Inal\u00e1mbrico Amplificador Se\u00f1al - ROSE MVD\" \/>\n<meta property=\"og:description\" content=\"Repetidor Wifi Inal\u00e1mbrico Amplificador Se\u00f1al, duplicador, F\u00e1cil configuraci\u00f3n y conexi\u00f3n estable. Velocidad de hasta 300 Mbps de largo alcance.\" \/>\n<meta property=\"og:url\" content=\"https:\/\/rosemvd.com\/index.php\/producto\/repetidor-wifi-inalambrico-amplificador-senal\/\" \/>\n<meta property=\"og:site_name\" content=\"ROSE MVD\" \/>\n<meta property=\"article:publisher\" content=\"https:\/\/www.facebook.com\/TiendaRoseMvd\" \/>\n<meta property=\"article:modified_time\" content=\"2026-04-22T01:26:55+00:00\" \/>\n<meta property=\"og:image\" content=\"https:\/\/rosemvd.com\/wp-content\/uploads\/2023\/08\/extensor-de-red-wifi-001.webp\" \/>\n\t<meta property=\"og:image:width\" content=\"1498\" \/>\n\t<meta property=\"og:image:height\" content=\"1500\" \/>\n\t<meta property=\"og:image:type\" content=\"image\/webp\" \/>\n<meta name=\"twitter:card\" content=\"summary_large_image\" \/>\n<meta name=\"twitter:label1\" content=\"Tiempo de lectura\" \/>\n\t<meta name=\"twitter:data1\" content=\"2 minutos\" \/>\n<script type=\"application\/ld+json\" class=\"yoast-schema-graph\">{\"@context\":\"https:\\\/\\\/schema.org\",\"@graph\":[{\"@type\":\"WebPage\",\"@id\":\"https:\\\/\\\/rosemvd.com\\\/index.php\\\/producto\\\/repetidor-wifi-inalambrico-amplificador-senal\\\/\",\"url\":\"https:\\\/\\\/rosemvd.com\\\/index.php\\\/producto\\\/repetidor-wifi-inalambrico-amplificador-senal\\\/\",\"name\":\"Repetidor Wifi Inal\u00e1mbrico Amplificador Se\u00f1al - ROSE MVD\",\"isPartOf\":{\"@id\":\"https:\\\/\\\/rosemvd.com\\\/#website\"},\"primaryImageOfPage\":{\"@id\":\"https:\\\/\\\/rosemvd.com\\\/index.php\\\/producto\\\/repetidor-wifi-inalambrico-amplificador-senal\\\/#primaryimage\"},\"image\":{\"@id\":\"https:\\\/\\\/rosemvd.com\\\/index.php\\\/producto\\\/repetidor-wifi-inalambrico-amplificador-senal\\\/#primaryimage\"},\"thumbnailUrl\":\"https:\\\/\\\/rosemvd.com\\\/wp-content\\\/uploads\\\/2023\\\/08\\\/extensor-de-red-wifi-001.webp\",\"datePublished\":\"2023-08-03T16:04:06+00:00\",\"dateModified\":\"2026-04-22T01:26:55+00:00\",\"description\":\"Repetidor Wifi Inal\u00e1mbrico Amplificador Se\u00f1al, duplicador, F\u00e1cil configuraci\u00f3n y conexi\u00f3n estable. Velocidad de hasta 300 Mbps de largo alcance.\",\"breadcrumb\":{\"@id\":\"https:\\\/\\\/rosemvd.com\\\/index.php\\\/producto\\\/repetidor-wifi-inalambrico-amplificador-senal\\\/#breadcrumb\"},\"inLanguage\":\"es\",\"potentialAction\":[{\"@type\":\"ReadAction\",\"target\":[\"https:\\\/\\\/rosemvd.com\\\/index.php\\\/producto\\\/repetidor-wifi-inalambrico-amplificador-senal\\\/\"]}]},{\"@type\":\"ImageObject\",\"inLanguage\":\"es\",\"@id\":\"https:\\\/\\\/rosemvd.com\\\/index.php\\\/producto\\\/repetidor-wifi-inalambrico-amplificador-senal\\\/#primaryimage\",\"url\":\"https:\\\/\\\/rosemvd.com\\\/wp-content\\\/uploads\\\/2023\\\/08\\\/extensor-de-red-wifi-001.webp\",\"contentUrl\":\"https:\\\/\\\/rosemvd.com\\\/wp-content\\\/uploads\\\/2023\\\/08\\\/extensor-de-red-wifi-001.webp\",\"width\":1498,\"height\":1500},{\"@type\":\"BreadcrumbList\",\"@id\":\"https:\\\/\\\/rosemvd.com\\\/index.php\\\/producto\\\/repetidor-wifi-inalambrico-amplificador-senal\\\/#breadcrumb\",\"itemListElement\":[{\"@type\":\"ListItem\",\"position\":1,\"name\":\"Portada\",\"item\":\"https:\\\/\\\/rosemvd.com\\\/\"},{\"@type\":\"ListItem\",\"position\":2,\"name\":\"Tienda\",\"item\":\"https:\\\/\\\/rosemvd.com\\\/index.php\\\/tienda\\\/\"},{\"@type\":\"ListItem\",\"position\":3,\"name\":\"Repetidor Wifi Inal\u00e1mbrico Amplificador Se\u00f1al\"}]},{\"@type\":\"WebSite\",\"@id\":\"https:\\\/\\\/rosemvd.com\\\/#website\",\"url\":\"https:\\\/\\\/rosemvd.com\\\/\",\"name\":\"ROSE MVD\",\"description\":\"Todo lo que no sab\u00edas que necesitabas, lo \u00faltimo en tendencia, utilidad e innovaci\u00f3n\",\"publisher\":{\"@id\":\"https:\\\/\\\/rosemvd.com\\\/#organization\"},\"potentialAction\":[{\"@type\":\"SearchAction\",\"target\":{\"@type\":\"EntryPoint\",\"urlTemplate\":\"https:\\\/\\\/rosemvd.com\\\/?s={search_term_string}\"},\"query-input\":{\"@type\":\"PropertyValueSpecification\",\"valueRequired\":true,\"valueName\":\"search_term_string\"}}],\"inLanguage\":\"es\"},{\"@type\":\"Organization\",\"@id\":\"https:\\\/\\\/rosemvd.com\\\/#organization\",\"name\":\"ROSE MVD\",\"alternateName\":\"ROSE MVD\",\"url\":\"https:\\\/\\\/rosemvd.com\\\/\",\"logo\":{\"@type\":\"ImageObject\",\"inLanguage\":\"es\",\"@id\":\"https:\\\/\\\/rosemvd.com\\\/#\\\/schema\\\/logo\\\/image\\\/\",\"url\":\"https:\\\/\\\/rosemvd.com\\\/wp-content\\\/uploads\\\/2023\\\/03\\\/Sin-titulo-2_Mesa-de-trabajo-1.png\",\"contentUrl\":\"https:\\\/\\\/rosemvd.com\\\/wp-content\\\/uploads\\\/2023\\\/03\\\/Sin-titulo-2_Mesa-de-trabajo-1.png\",\"width\":2084,\"height\":2084,\"caption\":\"ROSE MVD\"},\"image\":{\"@id\":\"https:\\\/\\\/rosemvd.com\\\/#\\\/schema\\\/logo\\\/image\\\/\"},\"sameAs\":[\"https:\\\/\\\/www.facebook.com\\\/TiendaRoseMvd\",\"https:\\\/\\\/www.instagram.com\\\/rose.mvd\"]}]}<\/script>\n<!-- \/ Yoast SEO plugin. -->","yoast_head_json":{"title":"Repetidor Wifi Inal\u00e1mbrico Amplificador Se\u00f1al - ROSE MVD","description":"Repetidor Wifi Inal\u00e1mbrico Amplificador Se\u00f1al, duplicador, F\u00e1cil configuraci\u00f3n y conexi\u00f3n estable. Velocidad de hasta 300 Mbps de largo alcance.","robots":{"index":"index","follow":"follow","max-snippet":"max-snippet:-1","max-image-preview":"max-image-preview:large","max-video-preview":"max-video-preview:-1"},"canonical":"https:\/\/rosemvd.com\/index.php\/producto\/repetidor-wifi-inalambrico-amplificador-senal\/","og_locale":"es_ES","og_type":"article","og_title":"Repetidor Wifi Inal\u00e1mbrico Amplificador Se\u00f1al - ROSE MVD","og_description":"Repetidor Wifi Inal\u00e1mbrico Amplificador Se\u00f1al, duplicador, F\u00e1cil configuraci\u00f3n y conexi\u00f3n estable. Velocidad de hasta 300 Mbps de largo alcance.","og_url":"https:\/\/rosemvd.com\/index.php\/producto\/repetidor-wifi-inalambrico-amplificador-senal\/","og_site_name":"ROSE MVD","article_publisher":"https:\/\/www.facebook.com\/TiendaRoseMvd","article_modified_time":"2026-04-22T01:26:55+00:00","og_image":[{"width":1498,"height":1500,"url":"https:\/\/rosemvd.com\/wp-content\/uploads\/2023\/08\/extensor-de-red-wifi-001.webp","type":"image\/webp"}],"twitter_card":"summary_large_image","twitter_misc":{"Tiempo de lectura":"2 minutos"},"schema":{"@context":"https:\/\/schema.org","@graph":[{"@type":"WebPage","@id":"https:\/\/rosemvd.com\/index.php\/producto\/repetidor-wifi-inalambrico-amplificador-senal\/","url":"https:\/\/rosemvd.com\/index.php\/producto\/repetidor-wifi-inalambrico-amplificador-senal\/","name":"Repetidor Wifi Inal\u00e1mbrico Amplificador Se\u00f1al - ROSE MVD","isPartOf":{"@id":"https:\/\/rosemvd.com\/#website"},"primaryImageOfPage":{"@id":"https:\/\/rosemvd.com\/index.php\/producto\/repetidor-wifi-inalambrico-amplificador-senal\/#primaryimage"},"image":{"@id":"https:\/\/rosemvd.com\/index.php\/producto\/repetidor-wifi-inalambrico-amplificador-senal\/#primaryimage"},"thumbnailUrl":"https:\/\/rosemvd.com\/wp-content\/uploads\/2023\/08\/extensor-de-red-wifi-001.webp","datePublished":"2023-08-03T16:04:06+00:00","dateModified":"2026-04-22T01:26:55+00:00","description":"Repetidor Wifi Inal\u00e1mbrico Amplificador Se\u00f1al, duplicador, F\u00e1cil configuraci\u00f3n y conexi\u00f3n estable. Velocidad de hasta 300 Mbps de largo alcance.","breadcrumb":{"@id":"https:\/\/rosemvd.com\/index.php\/producto\/repetidor-wifi-inalambrico-amplificador-senal\/#breadcrumb"},"inLanguage":"es","potentialAction":[{"@type":"ReadAction","target":["https:\/\/rosemvd.com\/index.php\/producto\/repetidor-wifi-inalambrico-amplificador-senal\/"]}]},{"@type":"ImageObject","inLanguage":"es","@id":"https:\/\/rosemvd.com\/index.php\/producto\/repetidor-wifi-inalambrico-amplificador-senal\/#primaryimage","url":"https:\/\/rosemvd.com\/wp-content\/uploads\/2023\/08\/extensor-de-red-wifi-001.webp","contentUrl":"https:\/\/rosemvd.com\/wp-content\/uploads\/2023\/08\/extensor-de-red-wifi-001.webp","width":1498,"height":1500},{"@type":"BreadcrumbList","@id":"https:\/\/rosemvd.com\/index.php\/producto\/repetidor-wifi-inalambrico-amplificador-senal\/#breadcrumb","itemListElement":[{"@type":"ListItem","position":1,"name":"Portada","item":"https:\/\/rosemvd.com\/"},{"@type":"ListItem","position":2,"name":"Tienda","item":"https:\/\/rosemvd.com\/index.php\/tienda\/"},{"@type":"ListItem","position":3,"name":"Repetidor Wifi Inal\u00e1mbrico Amplificador Se\u00f1al"}]},{"@type":"WebSite","@id":"https:\/\/rosemvd.com\/#website","url":"https:\/\/rosemvd.com\/","name":"ROSE MVD","description":"Todo lo que no sab\u00edas que necesitabas, lo \u00faltimo en tendencia, utilidad e innovaci\u00f3n","publisher":{"@id":"https:\/\/rosemvd.com\/#organization"},"potentialAction":[{"@type":"SearchAction","target":{"@type":"EntryPoint","urlTemplate":"https:\/\/rosemvd.com\/?s={search_term_string}"},"query-input":{"@type":"PropertyValueSpecification","valueRequired":true,"valueName":"search_term_string"}}],"inLanguage":"es"},{"@type":"Organization","@id":"https:\/\/rosemvd.com\/#organization","name":"ROSE MVD","alternateName":"ROSE MVD","url":"https:\/\/rosemvd.com\/","logo":{"@type":"ImageObject","inLanguage":"es","@id":"https:\/\/rosemvd.com\/#\/schema\/logo\/image\/","url":"https:\/\/rosemvd.com\/wp-content\/uploads\/2023\/03\/Sin-titulo-2_Mesa-de-trabajo-1.png","contentUrl":"https:\/\/rosemvd.com\/wp-content\/uploads\/2023\/03\/Sin-titulo-2_Mesa-de-trabajo-1.png","width":2084,"height":2084,"caption":"ROSE MVD"},"image":{"@id":"https:\/\/rosemvd.com\/#\/schema\/logo\/image\/"},"sameAs":["https:\/\/www.facebook.com\/TiendaRoseMvd","https:\/\/www.instagram.com\/rose.mvd"]}]}},"_links":{"self":[{"href":"https:\/\/rosemvd.com\/index.php\/wp-json\/wp\/v2\/product\/5289","targetHints":{"allow":["GET"]}}],"collection":[{"href":"https:\/\/rosemvd.com\/index.php\/wp-json\/wp\/v2\/product"}],"about":[{"href":"https:\/\/rosemvd.com\/index.php\/wp-json\/wp\/v2\/types\/product"}],"wp:featuredmedia":[{"embeddable":true,"href":"https:\/\/rosemvd.com\/index.php\/wp-json\/wp\/v2\/media\/5290"}],"wp:attachment":[{"href":"https:\/\/rosemvd.com\/index.php\/wp-json\/wp\/v2\/media?parent=5289"}],"wp:term":[{"taxonomy":"product_brand","embeddable":true,"href":"https:\/\/rosemvd.com\/index.php\/wp-json\/wp\/v2\/product_brand?post=5289"},{"taxonomy":"product_cat","embeddable":true,"href":"https:\/\/rosemvd.com\/index.php\/wp-json\/wp\/v2\/product_cat?post=5289"},{"taxonomy":"product_tag","embeddable":true,"href":"https:\/\/rosemvd.com\/index.php\/wp-json\/wp\/v2\/product_tag?post=5289"}],"curies":[{"name":"wp","href":"https:\/\/api.w.org\/{rel}","templated":true}]}}