{"id":5061,"date":"2023-07-11T19:33:08","date_gmt":"2023-07-11T22:33:08","guid":{"rendered":"https:\/\/rosemvd.com\/?post_type=product&#038;p=5061"},"modified":"2026-04-21T22:26:55","modified_gmt":"2026-04-22T01:26:55","slug":"selfie-stick-tripode-3-en-1-con-luz-y-monopod-plegable","status":"publish","type":"product","link":"https:\/\/rosemvd.com\/index.php\/producto\/selfie-stick-tripode-3-en-1-con-luz-y-monopod-plegable\/","title":{"rendered":"Selfie Stick Tripode 3 En 1 Con Luz Y Monopod Plegable"},"content":{"rendered":"<p><strong>Longitud extendida (mm):<\/strong> 104.5<br \/>\n<strong>Material:<\/strong> ABS+acero inoxidable<br \/>\n<strong>Funci\u00f3n adicional:<\/strong> plegable, giratorio<br \/>\n<strong>Adecuado para:<\/strong> Tel\u00e9fono inteligente de 4,5 ~ 6,1 pulgadas<br \/>\n<strong>Potencia de la l\u00e1mpara LED:<\/strong> 0,2 W\/Uds.<br \/>\n<strong>Sistema de apoyo:<\/strong> Androide + IOS<br \/>\n<strong>Capacidad de la bater\u00eda RX:<\/strong> 70 mAh<br \/>\n<strong>Luz:<\/strong> 3 colores<\/p>\n<p><strong>Selfie Stick Tripode 3 En 1 Con Luz Y Monopod Plegable:<\/strong> el tr\u00edpode de palo selfie con luz de relleno LED y dise\u00f1o compacto con soporte para tel\u00e9fono y tr\u00edpode de mesa, combinaci\u00f3n de palo selfie de mano y control remoto Bluetooth est\u00e1n totalmente hechos en un producto completo sin ninguna instalaci\u00f3n de accesorios, puede liberar tus manos para tomar selfies, grabar la vida en casa, estudiar en l\u00ednea, trabajar, ver videos, videollamadas, transmisi\u00f3n en vivo, compartir cocina, etc.<\/p>\n<p><strong>Luz LED regulable:<\/strong> la luz proporciona 3 modos de iluminaci\u00f3n (blanco, c\u00e1lido, natural).<\/p>\n<p><strong>\u00c1ngulo ajustable y estable:<\/strong> cabezal de cuello ajustable de 180\u00b0 y soporte giratorio de 360 grados para tel\u00e9fono soporta ritmos verticales y horizontales.<\/p>\n<p>Tr\u00edpode Bluetooth para selfie con obturador remoto inal\u00e1mbrico desmontable para tomas manos libres, la distancia de control m\u00e1s lejana del mando a distancia del palo selfie es de 32.8 ft. El tr\u00edpode ligero y extensible para selfie se puede extender entre 7.5 y 41 pulgadas.<\/p>\n<p><strong>Amplia compatibilidad:<\/strong> nuestro Selfie Stick Tripode 3 En 1 Con Luz Y Monopod Plegable funciona con smartphone de 3.5 a 6.8 pulgadas.<\/p>\n","protected":false},"excerpt":{"rendered":"<p>Longitud extendida (mm): 104.5 Material: ABS+acero inoxidable Funci\u00f3n adicional: plegable, giratorio Adecuado para: Tel\u00e9fono inteligente de 4,5 ~ 6,1 pulgadas Potencia de la l\u00e1mpara LED: 0,2 W\/Uds. Sistema de apoyo: Androide + IOS Capacidad de la bater\u00eda RX: 70 mAh Luz: 3 colores Selfie Stick Tripode 3 En 1 Con Luz Y Monopod Plegable: el [&hellip;]<\/p>\n","protected":false},"featured_media":15586,"template":"","meta":{"site-sidebar-layout":"default","site-content-layout":"default","ast-site-content-layout":"default","site-content-style":"default","site-sidebar-style":"default","ast-global-header-display":"","ast-banner-title-visibility":"","ast-main-header-display":"","ast-hfb-above-header-display":"","ast-hfb-below-header-display":"","ast-hfb-mobile-header-display":"","site-post-title":"","ast-breadcrumbs-content":"","ast-featured-img":"","footer-sml-layout":"","ast-disable-related-posts":"","theme-transparent-header-meta":"default","adv-header-id-meta":"","stick-header-meta":"","header-above-stick-meta":"","header-main-stick-meta":"","header-below-stick-meta":"","astra-migrate-meta-layouts":"set","ast-page-background-enabled":"default","ast-page-background-meta":{"desktop":{"background-color":"var(--ast-global-color-4)","background-image":"","background-repeat":"repeat","background-position":"center center","background-size":"auto","background-attachment":"scroll","background-type":"","background-media":"","overlay-type":"","overlay-color":"","overlay-opacity":"","overlay-gradient":""},"tablet":{"background-color":"","background-image":"","background-repeat":"repeat","background-position":"center center","background-size":"auto","background-attachment":"scroll","background-type":"","background-media":"","overlay-type":"","overlay-color":"","overlay-opacity":"","overlay-gradient":""},"mobile":{"background-color":"","background-image":"","background-repeat":"repeat","background-position":"center center","background-size":"auto","background-attachment":"scroll","background-type":"","background-media":"","overlay-type":"","overlay-color":"","overlay-opacity":"","overlay-gradient":""}},"ast-content-background-meta":{"desktop":{"background-color":"var(--ast-global-color-5)","background-image":"","background-repeat":"repeat","background-position":"center center","background-size":"auto","background-attachment":"scroll","background-type":"","background-media":"","overlay-type":"","overlay-color":"","overlay-opacity":"","overlay-gradient":""},"tablet":{"background-color":"var(--ast-global-color-5)","background-image":"","background-repeat":"repeat","background-position":"center center","background-size":"auto","background-attachment":"scroll","background-type":"","background-media":"","overlay-type":"","overlay-color":"","overlay-opacity":"","overlay-gradient":""},"mobile":{"background-color":"var(--ast-global-color-5)","background-image":"","background-repeat":"repeat","background-position":"center center","background-size":"auto","background-attachment":"scroll","background-type":"","background-media":"","overlay-type":"","overlay-color":"","overlay-opacity":"","overlay-gradient":""}}},"product_brand":[],"product_cat":[458,448],"product_tag":[],"class_list":{"0":"post-5061","1":"product","2":"type-product","3":"status-publish","4":"has-post-thumbnail","6":"product_cat-tecnologia-y-gadgets","7":"product_cat-tecnologia-y-hogar","8":"desktop-align-left","9":"tablet-align-left","10":"mobile-align-left","12":"first","13":"instock","14":"shipping-taxable","15":"purchasable","16":"product-type-simple"},"yoast_head":"<!-- This site is optimized with the Yoast SEO plugin v27.3 - https:\/\/yoast.com\/product\/yoast-seo-wordpress\/ -->\n<title>Selfie Stick Tripode 3 En 1 Con Luz Y Monopod Plegable - ROSE MVD<\/title>\n<meta name=\"description\" content=\"Selfie Stick Tripode 3 En 1 Con Luz Y Monopod Plegable, el tr\u00edpode de palo selfie con luz LED (fr\u00eda, calida y natural) y dise\u00f1o compacto con soporte para tel\u00e9fono y tr\u00edpode de mesa, control remoto Bluetooth.\" \/>\n<meta name=\"robots\" content=\"index, follow, max-snippet:-1, max-image-preview:large, max-video-preview:-1\" \/>\n<link rel=\"canonical\" href=\"https:\/\/rosemvd.com\/index.php\/producto\/selfie-stick-tripode-3-en-1-con-luz-y-monopod-plegable\/\" \/>\n<meta property=\"og:locale\" content=\"es_ES\" \/>\n<meta property=\"og:type\" content=\"article\" \/>\n<meta property=\"og:title\" content=\"Selfie Stick Tripode 3 En 1 Con Luz Y Monopod Plegable - ROSE MVD\" \/>\n<meta property=\"og:description\" content=\"Selfie Stick Tripode 3 En 1 Con Luz Y Monopod Plegable, el tr\u00edpode de palo selfie con luz LED (fr\u00eda, calida y natural) y dise\u00f1o compacto con soporte para tel\u00e9fono y tr\u00edpode de mesa, control remoto Bluetooth.\" \/>\n<meta property=\"og:url\" content=\"https:\/\/rosemvd.com\/index.php\/producto\/selfie-stick-tripode-3-en-1-con-luz-y-monopod-plegable\/\" \/>\n<meta property=\"og:site_name\" content=\"ROSE MVD\" \/>\n<meta property=\"article:publisher\" content=\"https:\/\/www.facebook.com\/TiendaRoseMvd\" \/>\n<meta property=\"article:modified_time\" content=\"2026-04-22T01:26:55+00:00\" \/>\n<meta property=\"og:image\" content=\"https:\/\/rosemvd.com\/wp-content\/uploads\/2023\/07\/f41c777a-28b3-46af-bb95-55e30555eda5.jpg\" \/>\n\t<meta property=\"og:image:width\" content=\"800\" \/>\n\t<meta property=\"og:image:height\" content=\"800\" \/>\n\t<meta property=\"og:image:type\" content=\"image\/jpeg\" \/>\n<meta name=\"twitter:card\" content=\"summary_large_image\" \/>\n<meta name=\"twitter:label1\" content=\"Tiempo de lectura\" \/>\n\t<meta name=\"twitter:data1\" content=\"2 minutos\" \/>\n<script type=\"application\/ld+json\" class=\"yoast-schema-graph\">{\"@context\":\"https:\\\/\\\/schema.org\",\"@graph\":[{\"@type\":\"WebPage\",\"@id\":\"https:\\\/\\\/rosemvd.com\\\/index.php\\\/producto\\\/selfie-stick-tripode-3-en-1-con-luz-y-monopod-plegable\\\/\",\"url\":\"https:\\\/\\\/rosemvd.com\\\/index.php\\\/producto\\\/selfie-stick-tripode-3-en-1-con-luz-y-monopod-plegable\\\/\",\"name\":\"Selfie Stick Tripode 3 En 1 Con Luz Y Monopod Plegable - ROSE MVD\",\"isPartOf\":{\"@id\":\"https:\\\/\\\/rosemvd.com\\\/#website\"},\"primaryImageOfPage\":{\"@id\":\"https:\\\/\\\/rosemvd.com\\\/index.php\\\/producto\\\/selfie-stick-tripode-3-en-1-con-luz-y-monopod-plegable\\\/#primaryimage\"},\"image\":{\"@id\":\"https:\\\/\\\/rosemvd.com\\\/index.php\\\/producto\\\/selfie-stick-tripode-3-en-1-con-luz-y-monopod-plegable\\\/#primaryimage\"},\"thumbnailUrl\":\"https:\\\/\\\/rosemvd.com\\\/wp-content\\\/uploads\\\/2023\\\/07\\\/f41c777a-28b3-46af-bb95-55e30555eda5.jpg\",\"datePublished\":\"2023-07-11T22:33:08+00:00\",\"dateModified\":\"2026-04-22T01:26:55+00:00\",\"description\":\"Selfie Stick Tripode 3 En 1 Con Luz Y Monopod Plegable, el tr\u00edpode de palo selfie con luz LED (fr\u00eda, calida y natural) y dise\u00f1o compacto con soporte para tel\u00e9fono y tr\u00edpode de mesa, control remoto Bluetooth.\",\"breadcrumb\":{\"@id\":\"https:\\\/\\\/rosemvd.com\\\/index.php\\\/producto\\\/selfie-stick-tripode-3-en-1-con-luz-y-monopod-plegable\\\/#breadcrumb\"},\"inLanguage\":\"es\",\"potentialAction\":[{\"@type\":\"ReadAction\",\"target\":[\"https:\\\/\\\/rosemvd.com\\\/index.php\\\/producto\\\/selfie-stick-tripode-3-en-1-con-luz-y-monopod-plegable\\\/\"]}]},{\"@type\":\"ImageObject\",\"inLanguage\":\"es\",\"@id\":\"https:\\\/\\\/rosemvd.com\\\/index.php\\\/producto\\\/selfie-stick-tripode-3-en-1-con-luz-y-monopod-plegable\\\/#primaryimage\",\"url\":\"https:\\\/\\\/rosemvd.com\\\/wp-content\\\/uploads\\\/2023\\\/07\\\/f41c777a-28b3-46af-bb95-55e30555eda5.jpg\",\"contentUrl\":\"https:\\\/\\\/rosemvd.com\\\/wp-content\\\/uploads\\\/2023\\\/07\\\/f41c777a-28b3-46af-bb95-55e30555eda5.jpg\",\"width\":800,\"height\":800},{\"@type\":\"BreadcrumbList\",\"@id\":\"https:\\\/\\\/rosemvd.com\\\/index.php\\\/producto\\\/selfie-stick-tripode-3-en-1-con-luz-y-monopod-plegable\\\/#breadcrumb\",\"itemListElement\":[{\"@type\":\"ListItem\",\"position\":1,\"name\":\"Portada\",\"item\":\"https:\\\/\\\/rosemvd.com\\\/\"},{\"@type\":\"ListItem\",\"position\":2,\"name\":\"Tienda\",\"item\":\"https:\\\/\\\/rosemvd.com\\\/index.php\\\/tienda\\\/\"},{\"@type\":\"ListItem\",\"position\":3,\"name\":\"Selfie Stick Tripode 3 En 1 Con Luz Y Monopod Plegable\"}]},{\"@type\":\"WebSite\",\"@id\":\"https:\\\/\\\/rosemvd.com\\\/#website\",\"url\":\"https:\\\/\\\/rosemvd.com\\\/\",\"name\":\"ROSE MVD\",\"description\":\"Todo lo que no sab\u00edas que necesitabas, lo \u00faltimo en tendencia, utilidad e innovaci\u00f3n\",\"publisher\":{\"@id\":\"https:\\\/\\\/rosemvd.com\\\/#organization\"},\"potentialAction\":[{\"@type\":\"SearchAction\",\"target\":{\"@type\":\"EntryPoint\",\"urlTemplate\":\"https:\\\/\\\/rosemvd.com\\\/?s={search_term_string}\"},\"query-input\":{\"@type\":\"PropertyValueSpecification\",\"valueRequired\":true,\"valueName\":\"search_term_string\"}}],\"inLanguage\":\"es\"},{\"@type\":\"Organization\",\"@id\":\"https:\\\/\\\/rosemvd.com\\\/#organization\",\"name\":\"ROSE MVD\",\"alternateName\":\"ROSE MVD\",\"url\":\"https:\\\/\\\/rosemvd.com\\\/\",\"logo\":{\"@type\":\"ImageObject\",\"inLanguage\":\"es\",\"@id\":\"https:\\\/\\\/rosemvd.com\\\/#\\\/schema\\\/logo\\\/image\\\/\",\"url\":\"https:\\\/\\\/rosemvd.com\\\/wp-content\\\/uploads\\\/2023\\\/03\\\/Sin-titulo-2_Mesa-de-trabajo-1.png\",\"contentUrl\":\"https:\\\/\\\/rosemvd.com\\\/wp-content\\\/uploads\\\/2023\\\/03\\\/Sin-titulo-2_Mesa-de-trabajo-1.png\",\"width\":2084,\"height\":2084,\"caption\":\"ROSE MVD\"},\"image\":{\"@id\":\"https:\\\/\\\/rosemvd.com\\\/#\\\/schema\\\/logo\\\/image\\\/\"},\"sameAs\":[\"https:\\\/\\\/www.facebook.com\\\/TiendaRoseMvd\",\"https:\\\/\\\/www.instagram.com\\\/rose.mvd\"]}]}<\/script>\n<!-- \/ Yoast SEO plugin. -->","yoast_head_json":{"title":"Selfie Stick Tripode 3 En 1 Con Luz Y Monopod Plegable - ROSE MVD","description":"Selfie Stick Tripode 3 En 1 Con Luz Y Monopod Plegable, el tr\u00edpode de palo selfie con luz LED (fr\u00eda, calida y natural) y dise\u00f1o compacto con soporte para tel\u00e9fono y tr\u00edpode de mesa, control remoto Bluetooth.","robots":{"index":"index","follow":"follow","max-snippet":"max-snippet:-1","max-image-preview":"max-image-preview:large","max-video-preview":"max-video-preview:-1"},"canonical":"https:\/\/rosemvd.com\/index.php\/producto\/selfie-stick-tripode-3-en-1-con-luz-y-monopod-plegable\/","og_locale":"es_ES","og_type":"article","og_title":"Selfie Stick Tripode 3 En 1 Con Luz Y Monopod Plegable - ROSE MVD","og_description":"Selfie Stick Tripode 3 En 1 Con Luz Y Monopod Plegable, el tr\u00edpode de palo selfie con luz LED (fr\u00eda, calida y natural) y dise\u00f1o compacto con soporte para tel\u00e9fono y tr\u00edpode de mesa, control remoto Bluetooth.","og_url":"https:\/\/rosemvd.com\/index.php\/producto\/selfie-stick-tripode-3-en-1-con-luz-y-monopod-plegable\/","og_site_name":"ROSE MVD","article_publisher":"https:\/\/www.facebook.com\/TiendaRoseMvd","article_modified_time":"2026-04-22T01:26:55+00:00","og_image":[{"width":800,"height":800,"url":"https:\/\/rosemvd.com\/wp-content\/uploads\/2023\/07\/f41c777a-28b3-46af-bb95-55e30555eda5.jpg","type":"image\/jpeg"}],"twitter_card":"summary_large_image","twitter_misc":{"Tiempo de lectura":"2 minutos"},"schema":{"@context":"https:\/\/schema.org","@graph":[{"@type":"WebPage","@id":"https:\/\/rosemvd.com\/index.php\/producto\/selfie-stick-tripode-3-en-1-con-luz-y-monopod-plegable\/","url":"https:\/\/rosemvd.com\/index.php\/producto\/selfie-stick-tripode-3-en-1-con-luz-y-monopod-plegable\/","name":"Selfie Stick Tripode 3 En 1 Con Luz Y Monopod Plegable - ROSE MVD","isPartOf":{"@id":"https:\/\/rosemvd.com\/#website"},"primaryImageOfPage":{"@id":"https:\/\/rosemvd.com\/index.php\/producto\/selfie-stick-tripode-3-en-1-con-luz-y-monopod-plegable\/#primaryimage"},"image":{"@id":"https:\/\/rosemvd.com\/index.php\/producto\/selfie-stick-tripode-3-en-1-con-luz-y-monopod-plegable\/#primaryimage"},"thumbnailUrl":"https:\/\/rosemvd.com\/wp-content\/uploads\/2023\/07\/f41c777a-28b3-46af-bb95-55e30555eda5.jpg","datePublished":"2023-07-11T22:33:08+00:00","dateModified":"2026-04-22T01:26:55+00:00","description":"Selfie Stick Tripode 3 En 1 Con Luz Y Monopod Plegable, el tr\u00edpode de palo selfie con luz LED (fr\u00eda, calida y natural) y dise\u00f1o compacto con soporte para tel\u00e9fono y tr\u00edpode de mesa, control remoto Bluetooth.","breadcrumb":{"@id":"https:\/\/rosemvd.com\/index.php\/producto\/selfie-stick-tripode-3-en-1-con-luz-y-monopod-plegable\/#breadcrumb"},"inLanguage":"es","potentialAction":[{"@type":"ReadAction","target":["https:\/\/rosemvd.com\/index.php\/producto\/selfie-stick-tripode-3-en-1-con-luz-y-monopod-plegable\/"]}]},{"@type":"ImageObject","inLanguage":"es","@id":"https:\/\/rosemvd.com\/index.php\/producto\/selfie-stick-tripode-3-en-1-con-luz-y-monopod-plegable\/#primaryimage","url":"https:\/\/rosemvd.com\/wp-content\/uploads\/2023\/07\/f41c777a-28b3-46af-bb95-55e30555eda5.jpg","contentUrl":"https:\/\/rosemvd.com\/wp-content\/uploads\/2023\/07\/f41c777a-28b3-46af-bb95-55e30555eda5.jpg","width":800,"height":800},{"@type":"BreadcrumbList","@id":"https:\/\/rosemvd.com\/index.php\/producto\/selfie-stick-tripode-3-en-1-con-luz-y-monopod-plegable\/#breadcrumb","itemListElement":[{"@type":"ListItem","position":1,"name":"Portada","item":"https:\/\/rosemvd.com\/"},{"@type":"ListItem","position":2,"name":"Tienda","item":"https:\/\/rosemvd.com\/index.php\/tienda\/"},{"@type":"ListItem","position":3,"name":"Selfie Stick Tripode 3 En 1 Con Luz Y Monopod Plegable"}]},{"@type":"WebSite","@id":"https:\/\/rosemvd.com\/#website","url":"https:\/\/rosemvd.com\/","name":"ROSE MVD","description":"Todo lo que no sab\u00edas que necesitabas, lo \u00faltimo en tendencia, utilidad e innovaci\u00f3n","publisher":{"@id":"https:\/\/rosemvd.com\/#organization"},"potentialAction":[{"@type":"SearchAction","target":{"@type":"EntryPoint","urlTemplate":"https:\/\/rosemvd.com\/?s={search_term_string}"},"query-input":{"@type":"PropertyValueSpecification","valueRequired":true,"valueName":"search_term_string"}}],"inLanguage":"es"},{"@type":"Organization","@id":"https:\/\/rosemvd.com\/#organization","name":"ROSE MVD","alternateName":"ROSE MVD","url":"https:\/\/rosemvd.com\/","logo":{"@type":"ImageObject","inLanguage":"es","@id":"https:\/\/rosemvd.com\/#\/schema\/logo\/image\/","url":"https:\/\/rosemvd.com\/wp-content\/uploads\/2023\/03\/Sin-titulo-2_Mesa-de-trabajo-1.png","contentUrl":"https:\/\/rosemvd.com\/wp-content\/uploads\/2023\/03\/Sin-titulo-2_Mesa-de-trabajo-1.png","width":2084,"height":2084,"caption":"ROSE MVD"},"image":{"@id":"https:\/\/rosemvd.com\/#\/schema\/logo\/image\/"},"sameAs":["https:\/\/www.facebook.com\/TiendaRoseMvd","https:\/\/www.instagram.com\/rose.mvd"]}]}},"_links":{"self":[{"href":"https:\/\/rosemvd.com\/index.php\/wp-json\/wp\/v2\/product\/5061","targetHints":{"allow":["GET"]}}],"collection":[{"href":"https:\/\/rosemvd.com\/index.php\/wp-json\/wp\/v2\/product"}],"about":[{"href":"https:\/\/rosemvd.com\/index.php\/wp-json\/wp\/v2\/types\/product"}],"wp:featuredmedia":[{"embeddable":true,"href":"https:\/\/rosemvd.com\/index.php\/wp-json\/wp\/v2\/media\/15586"}],"wp:attachment":[{"href":"https:\/\/rosemvd.com\/index.php\/wp-json\/wp\/v2\/media?parent=5061"}],"wp:term":[{"taxonomy":"product_brand","embeddable":true,"href":"https:\/\/rosemvd.com\/index.php\/wp-json\/wp\/v2\/product_brand?post=5061"},{"taxonomy":"product_cat","embeddable":true,"href":"https:\/\/rosemvd.com\/index.php\/wp-json\/wp\/v2\/product_cat?post=5061"},{"taxonomy":"product_tag","embeddable":true,"href":"https:\/\/rosemvd.com\/index.php\/wp-json\/wp\/v2\/product_tag?post=5061"}],"curies":[{"name":"wp","href":"https:\/\/api.w.org\/{rel}","templated":true}]}}