{"id":4456,"date":"2023-05-19T18:29:42","date_gmt":"2023-05-19T21:29:42","guid":{"rendered":"https:\/\/rosemvd.com\/?post_type=product&#038;p=4456"},"modified":"2025-09-23T12:37:29","modified_gmt":"2025-09-23T15:37:29","slug":"peine-deslanador-mascotas","status":"publish","type":"product","link":"https:\/\/rosemvd.com\/index.php\/producto\/peine-deslanador-mascotas\/","title":{"rendered":"Peine deslanador mascotas"},"content":{"rendered":"<div class=\"css-1dbjc4n r-1oszu61 r-1ha4jm4 r-1niwhzg r-ndvcnb r-42olwf r-gxnn5r r-17gur6a r-fnigne r-13yce4e r-15o5oer r-13awgt0 r-eqz5dr r-16l9doz r-1h0z5md r-14a9v6n r-crgep1 r-p1pxzi r-11wrixw r-61z16t r-1mnahxq r-dnmrzs r-ifefl9 r-bcqeeo r-bztko3 r-t60dpp r-12ijkx4 r-n0puxl r-iyfy8q\" aria-label=\"\" data-testid=\"\">\n<div class=\"css-1dbjc4n r-1oszu61 r-1ha4jm4 r-1niwhzg r-ndvcnb r-42olwf r-gxnn5r r-17gur6a r-fnigne r-13yce4e r-15o5oer r-13awgt0 r-eqz5dr r-16l9doz r-1h0z5md r-14a9v6n r-crgep1 r-p1pxzi r-11wrixw r-61z16t r-1mnahxq r-dnmrzs r-ifefl9 r-bcqeeo r-bztko3 r-t60dpp r-12ijkx4 r-n0puxl r-iyfy8q\" aria-label=\"\" data-testid=\"\">\n<div class=\"css-1dbjc4n r-1oszu61 r-1ha4jm4 r-1niwhzg r-ndvcnb r-42olwf r-gxnn5r r-17gur6a r-fnigne r-13yce4e r-15o5oer r-13awgt0 r-eqz5dr r-16l9doz r-1h0z5md r-14a9v6n r-crgep1 r-p1pxzi r-11wrixw r-61z16t r-1mnahxq r-dnmrzs r-ifefl9 r-bcqeeo r-bztko3 r-t60dpp r-12ijkx4 r-n0puxl r-iyfy8q\" aria-label=\"\" data-testid=\"\">\n<div class=\"css-1dbjc4n r-150rngu r-eqz5dr r-16y2uox r-1wbh5a2 r-11yh6sk r-1rnoaur r-1sncvnh\">\n<div class=\"css-1dbjc4n\">\n<div class=\"css-1dbjc4n r-1oszu61 r-1ha4jm4 r-1niwhzg r-ndvcnb r-42olwf r-gxnn5r r-17gur6a r-fnigne r-13yce4e r-15o5oer r-eqz5dr r-16l9doz r-1h0z5md r-14a9v6n r-crgep1 r-p1pxzi r-11wrixw r-61z16t r-1mnahxq r-dnmrzs r-ifefl9 r-bcqeeo r-bztko3 r-t60dpp r-12ijkx4 r-n0puxl r-iyfy8q\" aria-label=\"\" data-testid=\"\">\n<div class=\"css-901oao r-1at3fau r-deyg0r r-1o4mh9l r-h2u3zw r-p1pxzi r-11wrixw r-61z16t r-1mnahxq r-1ez4vuq r-13wfysu\" dir=\"auto\" aria-label=\"\" data-testid=\"\">\n<ul>\n<li>Desenreda el pelaje sin lastimar la piel<\/li>\n<li>Funciona para perros y gatos<\/li>\n<li>Ayuda la eliminaci\u00f3n del pelo muerto<\/li>\n<li>Estructura: cabezal bidireccional, fijaci\u00f3n con tornillos, paso de dientes uniforme, punta antideslizante para los dedos.<\/li>\n<li>Los lados de los dientes est\u00e1n redondeados, masajea suavemente la piel de la mascota sin ning\u00fan ara\u00f1azo. Mientras tanto, el lado interior de los dientes quita los enredos y nudos sin tirar.<\/li>\n<li>Dientes de acero inoxidable antioxidantes son ultra duraderos y f\u00e1ciles de limpiar<\/li>\n<\/ul>\n<\/div>\n<\/div>\n<\/div>\n<\/div>\n<\/div>\n<\/div>\n<\/div>\n<div class=\"css-1dbjc4n r-1oszu61 r-1ha4jm4 r-1niwhzg r-ndvcnb r-42olwf r-gxnn5r r-17gur6a r-fnigne r-13yce4e r-15o5oer r-eqz5dr r-16l9doz r-1h0z5md r-14a9v6n r-crgep1 r-p1pxzi r-11wrixw r-61z16t r-1mnahxq r-dnmrzs r-ifefl9 r-bcqeeo r-bztko3 r-t60dpp r-12ijkx4 r-n0puxl r-iyfy8q\" aria-label=\"\" data-testid=\"\">\n<div class=\"css-1dbjc4n r-qn3fzs r-gy4na3 r-9aemit r-wk8lta\" aria-label=\"\" data-testid=\"\"><\/div>\n<\/div>\n","protected":false},"excerpt":{"rendered":"<p>Desenreda el pelaje sin lastimar la piel Funciona para perros y gatos Ayuda la eliminaci\u00f3n del pelo muerto Estructura: cabezal bidireccional, fijaci\u00f3n con tornillos, paso de dientes uniforme, punta antideslizante para los dedos. Los lados de los dientes est\u00e1n redondeados, masajea suavemente la piel de la mascota sin ning\u00fan ara\u00f1azo. Mientras tanto, el lado interior [&hellip;]<\/p>\n","protected":false},"featured_media":4461,"template":"","meta":{"site-sidebar-layout":"default","site-content-layout":"default","ast-site-content-layout":"default","site-content-style":"default","site-sidebar-style":"default","ast-global-header-display":"","ast-banner-title-visibility":"","ast-main-header-display":"","ast-hfb-above-header-display":"","ast-hfb-below-header-display":"","ast-hfb-mobile-header-display":"","site-post-title":"","ast-breadcrumbs-content":"","ast-featured-img":"","footer-sml-layout":"","ast-disable-related-posts":"","theme-transparent-header-meta":"default","adv-header-id-meta":"","stick-header-meta":"","header-above-stick-meta":"","header-main-stick-meta":"","header-below-stick-meta":"","astra-migrate-meta-layouts":"set","ast-page-background-enabled":"default","ast-page-background-meta":{"desktop":{"background-color":"var(--ast-global-color-4)","background-image":"","background-repeat":"repeat","background-position":"center center","background-size":"auto","background-attachment":"scroll","background-type":"","background-media":"","overlay-type":"","overlay-color":"","overlay-opacity":"","overlay-gradient":""},"tablet":{"background-color":"","background-image":"","background-repeat":"repeat","background-position":"center center","background-size":"auto","background-attachment":"scroll","background-type":"","background-media":"","overlay-type":"","overlay-color":"","overlay-opacity":"","overlay-gradient":""},"mobile":{"background-color":"","background-image":"","background-repeat":"repeat","background-position":"center center","background-size":"auto","background-attachment":"scroll","background-type":"","background-media":"","overlay-type":"","overlay-color":"","overlay-opacity":"","overlay-gradient":""}},"ast-content-background-meta":{"desktop":{"background-color":"var(--ast-global-color-5)","background-image":"","background-repeat":"repeat","background-position":"center center","background-size":"auto","background-attachment":"scroll","background-type":"","background-media":"","overlay-type":"","overlay-color":"","overlay-opacity":"","overlay-gradient":""},"tablet":{"background-color":"var(--ast-global-color-5)","background-image":"","background-repeat":"repeat","background-position":"center center","background-size":"auto","background-attachment":"scroll","background-type":"","background-media":"","overlay-type":"","overlay-color":"","overlay-opacity":"","overlay-gradient":""},"mobile":{"background-color":"var(--ast-global-color-5)","background-image":"","background-repeat":"repeat","background-position":"center center","background-size":"auto","background-attachment":"scroll","background-type":"","background-media":"","overlay-type":"","overlay-color":"","overlay-opacity":"","overlay-gradient":""}}},"product_brand":[],"product_cat":[439],"product_tag":[],"class_list":{"0":"post-4456","1":"product","2":"type-product","3":"status-publish","4":"has-post-thumbnail","6":"product_cat-mascotas","7":"desktop-align-left","8":"tablet-align-left","9":"mobile-align-left","11":"first","12":"instock","13":"shipping-taxable","14":"purchasable","15":"product-type-variable"},"yoast_head":"<!-- This site is optimized with the Yoast SEO plugin v27.3 - https:\/\/yoast.com\/product\/yoast-seo-wordpress\/ -->\n<title>Peine deslanador mascotas - ROSE MVD<\/title>\n<meta name=\"description\" content=\"Peine deslanador mascotas, desenreda el pelaje sin lastimar la piel, funciona para perros y gatos, ayuda la eliminaci\u00f3n del pelo muerto.\" \/>\n<meta name=\"robots\" content=\"index, follow, max-snippet:-1, max-image-preview:large, max-video-preview:-1\" \/>\n<link rel=\"canonical\" href=\"https:\/\/rosemvd.com\/index.php\/producto\/peine-deslanador-mascotas\/\" \/>\n<meta property=\"og:locale\" content=\"es_ES\" \/>\n<meta property=\"og:type\" content=\"article\" \/>\n<meta property=\"og:title\" content=\"Peine deslanador mascotas - ROSE MVD\" \/>\n<meta property=\"og:description\" content=\"Peine deslanador mascotas, desenreda el pelaje sin lastimar la piel, funciona para perros y gatos, ayuda la eliminaci\u00f3n del pelo muerto.\" \/>\n<meta property=\"og:url\" content=\"https:\/\/rosemvd.com\/index.php\/producto\/peine-deslanador-mascotas\/\" \/>\n<meta property=\"og:site_name\" content=\"ROSE MVD\" \/>\n<meta property=\"article:publisher\" content=\"https:\/\/www.facebook.com\/TiendaRoseMvd\" \/>\n<meta property=\"article:modified_time\" content=\"2025-09-23T15:37:29+00:00\" \/>\n<meta property=\"og:image\" content=\"https:\/\/rosemvd.com\/wp-content\/uploads\/2023\/05\/peine-p-4.jpg\" \/>\n\t<meta property=\"og:image:width\" content=\"800\" \/>\n\t<meta property=\"og:image:height\" content=\"800\" \/>\n\t<meta property=\"og:image:type\" content=\"image\/jpeg\" \/>\n<meta name=\"twitter:card\" content=\"summary_large_image\" \/>\n<meta name=\"twitter:label1\" content=\"Tiempo de lectura\" \/>\n\t<meta name=\"twitter:data1\" content=\"1 minuto\" \/>\n<script type=\"application\/ld+json\" class=\"yoast-schema-graph\">{\"@context\":\"https:\\\/\\\/schema.org\",\"@graph\":[{\"@type\":\"WebPage\",\"@id\":\"https:\\\/\\\/rosemvd.com\\\/index.php\\\/producto\\\/peine-deslanador-mascotas\\\/\",\"url\":\"https:\\\/\\\/rosemvd.com\\\/index.php\\\/producto\\\/peine-deslanador-mascotas\\\/\",\"name\":\"Peine deslanador mascotas - ROSE MVD\",\"isPartOf\":{\"@id\":\"https:\\\/\\\/rosemvd.com\\\/#website\"},\"primaryImageOfPage\":{\"@id\":\"https:\\\/\\\/rosemvd.com\\\/index.php\\\/producto\\\/peine-deslanador-mascotas\\\/#primaryimage\"},\"image\":{\"@id\":\"https:\\\/\\\/rosemvd.com\\\/index.php\\\/producto\\\/peine-deslanador-mascotas\\\/#primaryimage\"},\"thumbnailUrl\":\"https:\\\/\\\/rosemvd.com\\\/wp-content\\\/uploads\\\/2023\\\/05\\\/peine-p-4.jpg\",\"datePublished\":\"2023-05-19T21:29:42+00:00\",\"dateModified\":\"2025-09-23T15:37:29+00:00\",\"description\":\"Peine deslanador mascotas, desenreda el pelaje sin lastimar la piel, funciona para perros y gatos, ayuda la eliminaci\u00f3n del pelo muerto.\",\"breadcrumb\":{\"@id\":\"https:\\\/\\\/rosemvd.com\\\/index.php\\\/producto\\\/peine-deslanador-mascotas\\\/#breadcrumb\"},\"inLanguage\":\"es\",\"potentialAction\":[{\"@type\":\"ReadAction\",\"target\":[\"https:\\\/\\\/rosemvd.com\\\/index.php\\\/producto\\\/peine-deslanador-mascotas\\\/\"]}]},{\"@type\":\"ImageObject\",\"inLanguage\":\"es\",\"@id\":\"https:\\\/\\\/rosemvd.com\\\/index.php\\\/producto\\\/peine-deslanador-mascotas\\\/#primaryimage\",\"url\":\"https:\\\/\\\/rosemvd.com\\\/wp-content\\\/uploads\\\/2023\\\/05\\\/peine-p-4.jpg\",\"contentUrl\":\"https:\\\/\\\/rosemvd.com\\\/wp-content\\\/uploads\\\/2023\\\/05\\\/peine-p-4.jpg\",\"width\":800,\"height\":800},{\"@type\":\"BreadcrumbList\",\"@id\":\"https:\\\/\\\/rosemvd.com\\\/index.php\\\/producto\\\/peine-deslanador-mascotas\\\/#breadcrumb\",\"itemListElement\":[{\"@type\":\"ListItem\",\"position\":1,\"name\":\"Portada\",\"item\":\"https:\\\/\\\/rosemvd.com\\\/\"},{\"@type\":\"ListItem\",\"position\":2,\"name\":\"Tienda\",\"item\":\"https:\\\/\\\/rosemvd.com\\\/index.php\\\/tienda\\\/\"},{\"@type\":\"ListItem\",\"position\":3,\"name\":\"Peine deslanador mascotas\"}]},{\"@type\":\"WebSite\",\"@id\":\"https:\\\/\\\/rosemvd.com\\\/#website\",\"url\":\"https:\\\/\\\/rosemvd.com\\\/\",\"name\":\"ROSE MVD\",\"description\":\"Todo lo que no sab\u00edas que necesitabas, lo \u00faltimo en tendencia, utilidad e innovaci\u00f3n\",\"publisher\":{\"@id\":\"https:\\\/\\\/rosemvd.com\\\/#organization\"},\"potentialAction\":[{\"@type\":\"SearchAction\",\"target\":{\"@type\":\"EntryPoint\",\"urlTemplate\":\"https:\\\/\\\/rosemvd.com\\\/?s={search_term_string}\"},\"query-input\":{\"@type\":\"PropertyValueSpecification\",\"valueRequired\":true,\"valueName\":\"search_term_string\"}}],\"inLanguage\":\"es\"},{\"@type\":\"Organization\",\"@id\":\"https:\\\/\\\/rosemvd.com\\\/#organization\",\"name\":\"ROSE MVD\",\"alternateName\":\"ROSE MVD\",\"url\":\"https:\\\/\\\/rosemvd.com\\\/\",\"logo\":{\"@type\":\"ImageObject\",\"inLanguage\":\"es\",\"@id\":\"https:\\\/\\\/rosemvd.com\\\/#\\\/schema\\\/logo\\\/image\\\/\",\"url\":\"https:\\\/\\\/rosemvd.com\\\/wp-content\\\/uploads\\\/2023\\\/03\\\/Sin-titulo-2_Mesa-de-trabajo-1.png\",\"contentUrl\":\"https:\\\/\\\/rosemvd.com\\\/wp-content\\\/uploads\\\/2023\\\/03\\\/Sin-titulo-2_Mesa-de-trabajo-1.png\",\"width\":2084,\"height\":2084,\"caption\":\"ROSE MVD\"},\"image\":{\"@id\":\"https:\\\/\\\/rosemvd.com\\\/#\\\/schema\\\/logo\\\/image\\\/\"},\"sameAs\":[\"https:\\\/\\\/www.facebook.com\\\/TiendaRoseMvd\",\"https:\\\/\\\/www.instagram.com\\\/rose.mvd\"]}]}<\/script>\n<!-- \/ Yoast SEO plugin. -->","yoast_head_json":{"title":"Peine deslanador mascotas - ROSE MVD","description":"Peine deslanador mascotas, desenreda el pelaje sin lastimar la piel, funciona para perros y gatos, ayuda la eliminaci\u00f3n del pelo muerto.","robots":{"index":"index","follow":"follow","max-snippet":"max-snippet:-1","max-image-preview":"max-image-preview:large","max-video-preview":"max-video-preview:-1"},"canonical":"https:\/\/rosemvd.com\/index.php\/producto\/peine-deslanador-mascotas\/","og_locale":"es_ES","og_type":"article","og_title":"Peine deslanador mascotas - ROSE MVD","og_description":"Peine deslanador mascotas, desenreda el pelaje sin lastimar la piel, funciona para perros y gatos, ayuda la eliminaci\u00f3n del pelo muerto.","og_url":"https:\/\/rosemvd.com\/index.php\/producto\/peine-deslanador-mascotas\/","og_site_name":"ROSE MVD","article_publisher":"https:\/\/www.facebook.com\/TiendaRoseMvd","article_modified_time":"2025-09-23T15:37:29+00:00","og_image":[{"width":800,"height":800,"url":"https:\/\/rosemvd.com\/wp-content\/uploads\/2023\/05\/peine-p-4.jpg","type":"image\/jpeg"}],"twitter_card":"summary_large_image","twitter_misc":{"Tiempo de lectura":"1 minuto"},"schema":{"@context":"https:\/\/schema.org","@graph":[{"@type":"WebPage","@id":"https:\/\/rosemvd.com\/index.php\/producto\/peine-deslanador-mascotas\/","url":"https:\/\/rosemvd.com\/index.php\/producto\/peine-deslanador-mascotas\/","name":"Peine deslanador mascotas - ROSE MVD","isPartOf":{"@id":"https:\/\/rosemvd.com\/#website"},"primaryImageOfPage":{"@id":"https:\/\/rosemvd.com\/index.php\/producto\/peine-deslanador-mascotas\/#primaryimage"},"image":{"@id":"https:\/\/rosemvd.com\/index.php\/producto\/peine-deslanador-mascotas\/#primaryimage"},"thumbnailUrl":"https:\/\/rosemvd.com\/wp-content\/uploads\/2023\/05\/peine-p-4.jpg","datePublished":"2023-05-19T21:29:42+00:00","dateModified":"2025-09-23T15:37:29+00:00","description":"Peine deslanador mascotas, desenreda el pelaje sin lastimar la piel, funciona para perros y gatos, ayuda la eliminaci\u00f3n del pelo muerto.","breadcrumb":{"@id":"https:\/\/rosemvd.com\/index.php\/producto\/peine-deslanador-mascotas\/#breadcrumb"},"inLanguage":"es","potentialAction":[{"@type":"ReadAction","target":["https:\/\/rosemvd.com\/index.php\/producto\/peine-deslanador-mascotas\/"]}]},{"@type":"ImageObject","inLanguage":"es","@id":"https:\/\/rosemvd.com\/index.php\/producto\/peine-deslanador-mascotas\/#primaryimage","url":"https:\/\/rosemvd.com\/wp-content\/uploads\/2023\/05\/peine-p-4.jpg","contentUrl":"https:\/\/rosemvd.com\/wp-content\/uploads\/2023\/05\/peine-p-4.jpg","width":800,"height":800},{"@type":"BreadcrumbList","@id":"https:\/\/rosemvd.com\/index.php\/producto\/peine-deslanador-mascotas\/#breadcrumb","itemListElement":[{"@type":"ListItem","position":1,"name":"Portada","item":"https:\/\/rosemvd.com\/"},{"@type":"ListItem","position":2,"name":"Tienda","item":"https:\/\/rosemvd.com\/index.php\/tienda\/"},{"@type":"ListItem","position":3,"name":"Peine deslanador mascotas"}]},{"@type":"WebSite","@id":"https:\/\/rosemvd.com\/#website","url":"https:\/\/rosemvd.com\/","name":"ROSE MVD","description":"Todo lo que no sab\u00edas que necesitabas, lo \u00faltimo en tendencia, utilidad e innovaci\u00f3n","publisher":{"@id":"https:\/\/rosemvd.com\/#organization"},"potentialAction":[{"@type":"SearchAction","target":{"@type":"EntryPoint","urlTemplate":"https:\/\/rosemvd.com\/?s={search_term_string}"},"query-input":{"@type":"PropertyValueSpecification","valueRequired":true,"valueName":"search_term_string"}}],"inLanguage":"es"},{"@type":"Organization","@id":"https:\/\/rosemvd.com\/#organization","name":"ROSE MVD","alternateName":"ROSE MVD","url":"https:\/\/rosemvd.com\/","logo":{"@type":"ImageObject","inLanguage":"es","@id":"https:\/\/rosemvd.com\/#\/schema\/logo\/image\/","url":"https:\/\/rosemvd.com\/wp-content\/uploads\/2023\/03\/Sin-titulo-2_Mesa-de-trabajo-1.png","contentUrl":"https:\/\/rosemvd.com\/wp-content\/uploads\/2023\/03\/Sin-titulo-2_Mesa-de-trabajo-1.png","width":2084,"height":2084,"caption":"ROSE MVD"},"image":{"@id":"https:\/\/rosemvd.com\/#\/schema\/logo\/image\/"},"sameAs":["https:\/\/www.facebook.com\/TiendaRoseMvd","https:\/\/www.instagram.com\/rose.mvd"]}]}},"_links":{"self":[{"href":"https:\/\/rosemvd.com\/index.php\/wp-json\/wp\/v2\/product\/4456","targetHints":{"allow":["GET"]}}],"collection":[{"href":"https:\/\/rosemvd.com\/index.php\/wp-json\/wp\/v2\/product"}],"about":[{"href":"https:\/\/rosemvd.com\/index.php\/wp-json\/wp\/v2\/types\/product"}],"wp:featuredmedia":[{"embeddable":true,"href":"https:\/\/rosemvd.com\/index.php\/wp-json\/wp\/v2\/media\/4461"}],"wp:attachment":[{"href":"https:\/\/rosemvd.com\/index.php\/wp-json\/wp\/v2\/media?parent=4456"}],"wp:term":[{"taxonomy":"product_brand","embeddable":true,"href":"https:\/\/rosemvd.com\/index.php\/wp-json\/wp\/v2\/product_brand?post=4456"},{"taxonomy":"product_cat","embeddable":true,"href":"https:\/\/rosemvd.com\/index.php\/wp-json\/wp\/v2\/product_cat?post=4456"},{"taxonomy":"product_tag","embeddable":true,"href":"https:\/\/rosemvd.com\/index.php\/wp-json\/wp\/v2\/product_tag?post=4456"}],"curies":[{"name":"wp","href":"https:\/\/api.w.org\/{rel}","templated":true}]}}