{"id":4292,"date":"2023-05-18T13:19:51","date_gmt":"2023-05-18T16:19:51","guid":{"rendered":"https:\/\/rosemvd.com\/?post_type=product&#038;p=4292"},"modified":"2026-04-21T21:53:30","modified_gmt":"2026-04-22T00:53:30","slug":"clip-de-silicona-antironquidos","status":"publish","type":"product","link":"https:\/\/rosemvd.com\/index.php\/producto\/clip-de-silicona-antironquidos\/","title":{"rendered":"Clip de silicona antironquidos"},"content":{"rendered":"<p><strong>\u00bfC\u00d3MO FUNCIONA?<\/strong><br \/>\nAl dormir todos los m\u00fasculos del cuerpo se relajan, incluyendo los de la nariz. Al inhalar los orificios nasales se contraen disminuyendo el paso del aire. Como reflejo, abrimos la boca para respirar mejor. Al hacer esto la mand\u00edbula se mueve hacia atr\u00e1s junto con la lengua y reducen el paso de aire por la garganta ocasionando que los tejidos blandos, como la \u00favula, vibren y generen el sonido que llamamos ronquido. Los imanes dentro del noseclip ayudan a abrir el pasaje nasal el cual previene el ronquido<\/p>\n<p><strong>El CLIP MAGN\u00c9TICO DE NARIZ<\/strong> es el primer paso para tratar los ronquidos ya que ayuda a mantener los orificios nasales abiertos y mantener un flujo de aire constante durante la noche. Vas a sentirte mucho m\u00e1s descansado y vital por las ma\u00f1anas y esto se debe a una mejor oxigenaci\u00f3n y un sue\u00f1o reconstructivo. Son muchos los casos en el que el clip nasal ayuda a anular o disminuir dr\u00e1sticamente los ronquidos.<\/p>\n<p><strong>CARACTER\u00cdSTICAS:<\/strong><br \/>\n&#8211; Seguro, conveniente y re-utilizable<br \/>\n&#8211; Fabricado de silicona suave se adapta a cualquier nariz<br \/>\n&#8211; Los imanes mantienen los canales de aire abiertos, eliminando obstrucciones y permitiendo un mayor flujo de aire. \u00c9sto ayuda a respirar mejor y de forma m\u00e1s silenciosa.<\/p>\n<p><strong>INSTRUCCIONES DE USO<\/strong><br \/>\n1. Expanda el clip y ub\u00edquelo en los orificios nasales.<br \/>\n2. Presione el clip suavemente hacia adentro y aseg\u00farese de que est\u00e9 insertado apropiadamente.<br \/>\n3. Limpie cuidadosamente despu\u00e9s de uss.<br \/>\n4. No comparta el producto con otras personas.<\/p>\n","protected":false},"excerpt":{"rendered":"<p>\u00bfC\u00d3MO FUNCIONA? Al dormir todos los m\u00fasculos del cuerpo se relajan, incluyendo los de la nariz. Al inhalar los orificios nasales se contraen disminuyendo el paso del aire. Como reflejo, abrimos la boca para respirar mejor. Al hacer esto la mand\u00edbula se mueve hacia atr\u00e1s junto con la lengua y reducen el paso de aire [&hellip;]<\/p>\n","protected":false},"featured_media":4294,"template":"","meta":{"site-sidebar-layout":"default","site-content-layout":"default","ast-site-content-layout":"default","site-content-style":"default","site-sidebar-style":"default","ast-global-header-display":"","ast-banner-title-visibility":"","ast-main-header-display":"","ast-hfb-above-header-display":"","ast-hfb-below-header-display":"","ast-hfb-mobile-header-display":"","site-post-title":"","ast-breadcrumbs-content":"","ast-featured-img":"","footer-sml-layout":"","ast-disable-related-posts":"","theme-transparent-header-meta":"default","adv-header-id-meta":"","stick-header-meta":"","header-above-stick-meta":"","header-main-stick-meta":"","header-below-stick-meta":"","astra-migrate-meta-layouts":"set","ast-page-background-enabled":"default","ast-page-background-meta":{"desktop":{"background-color":"var(--ast-global-color-4)","background-image":"","background-repeat":"repeat","background-position":"center center","background-size":"auto","background-attachment":"scroll","background-type":"","background-media":"","overlay-type":"","overlay-color":"","overlay-opacity":"","overlay-gradient":""},"tablet":{"background-color":"","background-image":"","background-repeat":"repeat","background-position":"center center","background-size":"auto","background-attachment":"scroll","background-type":"","background-media":"","overlay-type":"","overlay-color":"","overlay-opacity":"","overlay-gradient":""},"mobile":{"background-color":"","background-image":"","background-repeat":"repeat","background-position":"center center","background-size":"auto","background-attachment":"scroll","background-type":"","background-media":"","overlay-type":"","overlay-color":"","overlay-opacity":"","overlay-gradient":""}},"ast-content-background-meta":{"desktop":{"background-color":"var(--ast-global-color-5)","background-image":"","background-repeat":"repeat","background-position":"center center","background-size":"auto","background-attachment":"scroll","background-type":"","background-media":"","overlay-type":"","overlay-color":"","overlay-opacity":"","overlay-gradient":""},"tablet":{"background-color":"var(--ast-global-color-5)","background-image":"","background-repeat":"repeat","background-position":"center center","background-size":"auto","background-attachment":"scroll","background-type":"","background-media":"","overlay-type":"","overlay-color":"","overlay-opacity":"","overlay-gradient":""},"mobile":{"background-color":"var(--ast-global-color-5)","background-image":"","background-repeat":"repeat","background-position":"center center","background-size":"auto","background-attachment":"scroll","background-type":"","background-media":"","overlay-type":"","overlay-color":"","overlay-opacity":"","overlay-gradient":""}}},"product_brand":[],"product_cat":[447,457],"product_tag":[],"class_list":{"0":"post-4292","1":"product","2":"type-product","3":"status-publish","4":"has-post-thumbnail","6":"product_cat-bienestar","7":"product_cat-dispositivos-de-cuidado","8":"desktop-align-left","9":"tablet-align-left","10":"mobile-align-left","12":"first","13":"instock","14":"sale","15":"shipping-taxable","16":"purchasable","17":"product-type-simple"},"yoast_head":"<!-- This site is optimized with the Yoast SEO plugin v27.3 - https:\/\/yoast.com\/product\/yoast-seo-wordpress\/ -->\n<title>Clip de silicona antironquidos - ROSE MVD<\/title>\n<meta name=\"robots\" content=\"index, follow, max-snippet:-1, max-image-preview:large, max-video-preview:-1\" \/>\n<link rel=\"canonical\" href=\"https:\/\/rosemvd.com\/index.php\/producto\/clip-de-silicona-antironquidos\/\" \/>\n<meta property=\"og:locale\" content=\"es_ES\" \/>\n<meta property=\"og:type\" content=\"article\" \/>\n<meta property=\"og:title\" content=\"Clip de silicona antironquidos - ROSE MVD\" \/>\n<meta property=\"og:description\" content=\"\u00bfC\u00d3MO FUNCIONA? Al dormir todos los m\u00fasculos del cuerpo se relajan, incluyendo los de la nariz. Al inhalar los orificios nasales se contraen disminuyendo el paso del aire. Como reflejo, abrimos la boca para respirar mejor. Al hacer esto la mand\u00edbula se mueve hacia atr\u00e1s junto con la lengua y reducen el paso de aire [&hellip;]\" \/>\n<meta property=\"og:url\" content=\"https:\/\/rosemvd.com\/index.php\/producto\/clip-de-silicona-antironquidos\/\" \/>\n<meta property=\"og:site_name\" content=\"ROSE MVD\" \/>\n<meta property=\"article:publisher\" content=\"https:\/\/www.facebook.com\/TiendaRoseMvd\" \/>\n<meta property=\"article:modified_time\" content=\"2026-04-22T00:53:30+00:00\" \/>\n<meta property=\"og:image\" content=\"https:\/\/rosemvd.com\/wp-content\/uploads\/2023\/05\/antironquidos-2.jpg\" \/>\n\t<meta property=\"og:image:width\" content=\"1000\" \/>\n\t<meta property=\"og:image:height\" content=\"1000\" \/>\n\t<meta property=\"og:image:type\" content=\"image\/jpeg\" \/>\n<meta name=\"twitter:card\" content=\"summary_large_image\" \/>\n<meta name=\"twitter:label1\" content=\"Tiempo de lectura\" \/>\n\t<meta name=\"twitter:data1\" content=\"2 minutos\" \/>\n<script type=\"application\/ld+json\" class=\"yoast-schema-graph\">{\"@context\":\"https:\\\/\\\/schema.org\",\"@graph\":[{\"@type\":\"WebPage\",\"@id\":\"https:\\\/\\\/rosemvd.com\\\/index.php\\\/producto\\\/clip-de-silicona-antironquidos\\\/\",\"url\":\"https:\\\/\\\/rosemvd.com\\\/index.php\\\/producto\\\/clip-de-silicona-antironquidos\\\/\",\"name\":\"Clip de silicona antironquidos - ROSE MVD\",\"isPartOf\":{\"@id\":\"https:\\\/\\\/rosemvd.com\\\/#website\"},\"primaryImageOfPage\":{\"@id\":\"https:\\\/\\\/rosemvd.com\\\/index.php\\\/producto\\\/clip-de-silicona-antironquidos\\\/#primaryimage\"},\"image\":{\"@id\":\"https:\\\/\\\/rosemvd.com\\\/index.php\\\/producto\\\/clip-de-silicona-antironquidos\\\/#primaryimage\"},\"thumbnailUrl\":\"https:\\\/\\\/rosemvd.com\\\/wp-content\\\/uploads\\\/2023\\\/05\\\/antironquidos-2.jpg\",\"datePublished\":\"2023-05-18T16:19:51+00:00\",\"dateModified\":\"2026-04-22T00:53:30+00:00\",\"breadcrumb\":{\"@id\":\"https:\\\/\\\/rosemvd.com\\\/index.php\\\/producto\\\/clip-de-silicona-antironquidos\\\/#breadcrumb\"},\"inLanguage\":\"es\",\"potentialAction\":[{\"@type\":\"ReadAction\",\"target\":[\"https:\\\/\\\/rosemvd.com\\\/index.php\\\/producto\\\/clip-de-silicona-antironquidos\\\/\"]}]},{\"@type\":\"ImageObject\",\"inLanguage\":\"es\",\"@id\":\"https:\\\/\\\/rosemvd.com\\\/index.php\\\/producto\\\/clip-de-silicona-antironquidos\\\/#primaryimage\",\"url\":\"https:\\\/\\\/rosemvd.com\\\/wp-content\\\/uploads\\\/2023\\\/05\\\/antironquidos-2.jpg\",\"contentUrl\":\"https:\\\/\\\/rosemvd.com\\\/wp-content\\\/uploads\\\/2023\\\/05\\\/antironquidos-2.jpg\",\"width\":1000,\"height\":1000},{\"@type\":\"BreadcrumbList\",\"@id\":\"https:\\\/\\\/rosemvd.com\\\/index.php\\\/producto\\\/clip-de-silicona-antironquidos\\\/#breadcrumb\",\"itemListElement\":[{\"@type\":\"ListItem\",\"position\":1,\"name\":\"Portada\",\"item\":\"https:\\\/\\\/rosemvd.com\\\/\"},{\"@type\":\"ListItem\",\"position\":2,\"name\":\"Tienda\",\"item\":\"https:\\\/\\\/rosemvd.com\\\/index.php\\\/tienda\\\/\"},{\"@type\":\"ListItem\",\"position\":3,\"name\":\"Clip de silicona antironquidos\"}]},{\"@type\":\"WebSite\",\"@id\":\"https:\\\/\\\/rosemvd.com\\\/#website\",\"url\":\"https:\\\/\\\/rosemvd.com\\\/\",\"name\":\"ROSE MVD\",\"description\":\"Todo lo que no sab\u00edas que necesitabas, lo \u00faltimo en tendencia, utilidad e innovaci\u00f3n\",\"publisher\":{\"@id\":\"https:\\\/\\\/rosemvd.com\\\/#organization\"},\"potentialAction\":[{\"@type\":\"SearchAction\",\"target\":{\"@type\":\"EntryPoint\",\"urlTemplate\":\"https:\\\/\\\/rosemvd.com\\\/?s={search_term_string}\"},\"query-input\":{\"@type\":\"PropertyValueSpecification\",\"valueRequired\":true,\"valueName\":\"search_term_string\"}}],\"inLanguage\":\"es\"},{\"@type\":\"Organization\",\"@id\":\"https:\\\/\\\/rosemvd.com\\\/#organization\",\"name\":\"ROSE MVD\",\"alternateName\":\"ROSE MVD\",\"url\":\"https:\\\/\\\/rosemvd.com\\\/\",\"logo\":{\"@type\":\"ImageObject\",\"inLanguage\":\"es\",\"@id\":\"https:\\\/\\\/rosemvd.com\\\/#\\\/schema\\\/logo\\\/image\\\/\",\"url\":\"https:\\\/\\\/rosemvd.com\\\/wp-content\\\/uploads\\\/2023\\\/03\\\/Sin-titulo-2_Mesa-de-trabajo-1.png\",\"contentUrl\":\"https:\\\/\\\/rosemvd.com\\\/wp-content\\\/uploads\\\/2023\\\/03\\\/Sin-titulo-2_Mesa-de-trabajo-1.png\",\"width\":2084,\"height\":2084,\"caption\":\"ROSE MVD\"},\"image\":{\"@id\":\"https:\\\/\\\/rosemvd.com\\\/#\\\/schema\\\/logo\\\/image\\\/\"},\"sameAs\":[\"https:\\\/\\\/www.facebook.com\\\/TiendaRoseMvd\",\"https:\\\/\\\/www.instagram.com\\\/rose.mvd\"]}]}<\/script>\n<!-- \/ Yoast SEO plugin. -->","yoast_head_json":{"title":"Clip de silicona antironquidos - ROSE MVD","robots":{"index":"index","follow":"follow","max-snippet":"max-snippet:-1","max-image-preview":"max-image-preview:large","max-video-preview":"max-video-preview:-1"},"canonical":"https:\/\/rosemvd.com\/index.php\/producto\/clip-de-silicona-antironquidos\/","og_locale":"es_ES","og_type":"article","og_title":"Clip de silicona antironquidos - ROSE MVD","og_description":"\u00bfC\u00d3MO FUNCIONA? Al dormir todos los m\u00fasculos del cuerpo se relajan, incluyendo los de la nariz. Al inhalar los orificios nasales se contraen disminuyendo el paso del aire. Como reflejo, abrimos la boca para respirar mejor. Al hacer esto la mand\u00edbula se mueve hacia atr\u00e1s junto con la lengua y reducen el paso de aire [&hellip;]","og_url":"https:\/\/rosemvd.com\/index.php\/producto\/clip-de-silicona-antironquidos\/","og_site_name":"ROSE MVD","article_publisher":"https:\/\/www.facebook.com\/TiendaRoseMvd","article_modified_time":"2026-04-22T00:53:30+00:00","og_image":[{"width":1000,"height":1000,"url":"https:\/\/rosemvd.com\/wp-content\/uploads\/2023\/05\/antironquidos-2.jpg","type":"image\/jpeg"}],"twitter_card":"summary_large_image","twitter_misc":{"Tiempo de lectura":"2 minutos"},"schema":{"@context":"https:\/\/schema.org","@graph":[{"@type":"WebPage","@id":"https:\/\/rosemvd.com\/index.php\/producto\/clip-de-silicona-antironquidos\/","url":"https:\/\/rosemvd.com\/index.php\/producto\/clip-de-silicona-antironquidos\/","name":"Clip de silicona antironquidos - ROSE MVD","isPartOf":{"@id":"https:\/\/rosemvd.com\/#website"},"primaryImageOfPage":{"@id":"https:\/\/rosemvd.com\/index.php\/producto\/clip-de-silicona-antironquidos\/#primaryimage"},"image":{"@id":"https:\/\/rosemvd.com\/index.php\/producto\/clip-de-silicona-antironquidos\/#primaryimage"},"thumbnailUrl":"https:\/\/rosemvd.com\/wp-content\/uploads\/2023\/05\/antironquidos-2.jpg","datePublished":"2023-05-18T16:19:51+00:00","dateModified":"2026-04-22T00:53:30+00:00","breadcrumb":{"@id":"https:\/\/rosemvd.com\/index.php\/producto\/clip-de-silicona-antironquidos\/#breadcrumb"},"inLanguage":"es","potentialAction":[{"@type":"ReadAction","target":["https:\/\/rosemvd.com\/index.php\/producto\/clip-de-silicona-antironquidos\/"]}]},{"@type":"ImageObject","inLanguage":"es","@id":"https:\/\/rosemvd.com\/index.php\/producto\/clip-de-silicona-antironquidos\/#primaryimage","url":"https:\/\/rosemvd.com\/wp-content\/uploads\/2023\/05\/antironquidos-2.jpg","contentUrl":"https:\/\/rosemvd.com\/wp-content\/uploads\/2023\/05\/antironquidos-2.jpg","width":1000,"height":1000},{"@type":"BreadcrumbList","@id":"https:\/\/rosemvd.com\/index.php\/producto\/clip-de-silicona-antironquidos\/#breadcrumb","itemListElement":[{"@type":"ListItem","position":1,"name":"Portada","item":"https:\/\/rosemvd.com\/"},{"@type":"ListItem","position":2,"name":"Tienda","item":"https:\/\/rosemvd.com\/index.php\/tienda\/"},{"@type":"ListItem","position":3,"name":"Clip de silicona antironquidos"}]},{"@type":"WebSite","@id":"https:\/\/rosemvd.com\/#website","url":"https:\/\/rosemvd.com\/","name":"ROSE MVD","description":"Todo lo que no sab\u00edas que necesitabas, lo \u00faltimo en tendencia, utilidad e innovaci\u00f3n","publisher":{"@id":"https:\/\/rosemvd.com\/#organization"},"potentialAction":[{"@type":"SearchAction","target":{"@type":"EntryPoint","urlTemplate":"https:\/\/rosemvd.com\/?s={search_term_string}"},"query-input":{"@type":"PropertyValueSpecification","valueRequired":true,"valueName":"search_term_string"}}],"inLanguage":"es"},{"@type":"Organization","@id":"https:\/\/rosemvd.com\/#organization","name":"ROSE MVD","alternateName":"ROSE MVD","url":"https:\/\/rosemvd.com\/","logo":{"@type":"ImageObject","inLanguage":"es","@id":"https:\/\/rosemvd.com\/#\/schema\/logo\/image\/","url":"https:\/\/rosemvd.com\/wp-content\/uploads\/2023\/03\/Sin-titulo-2_Mesa-de-trabajo-1.png","contentUrl":"https:\/\/rosemvd.com\/wp-content\/uploads\/2023\/03\/Sin-titulo-2_Mesa-de-trabajo-1.png","width":2084,"height":2084,"caption":"ROSE MVD"},"image":{"@id":"https:\/\/rosemvd.com\/#\/schema\/logo\/image\/"},"sameAs":["https:\/\/www.facebook.com\/TiendaRoseMvd","https:\/\/www.instagram.com\/rose.mvd"]}]}},"_links":{"self":[{"href":"https:\/\/rosemvd.com\/index.php\/wp-json\/wp\/v2\/product\/4292","targetHints":{"allow":["GET"]}}],"collection":[{"href":"https:\/\/rosemvd.com\/index.php\/wp-json\/wp\/v2\/product"}],"about":[{"href":"https:\/\/rosemvd.com\/index.php\/wp-json\/wp\/v2\/types\/product"}],"wp:featuredmedia":[{"embeddable":true,"href":"https:\/\/rosemvd.com\/index.php\/wp-json\/wp\/v2\/media\/4294"}],"wp:attachment":[{"href":"https:\/\/rosemvd.com\/index.php\/wp-json\/wp\/v2\/media?parent=4292"}],"wp:term":[{"taxonomy":"product_brand","embeddable":true,"href":"https:\/\/rosemvd.com\/index.php\/wp-json\/wp\/v2\/product_brand?post=4292"},{"taxonomy":"product_cat","embeddable":true,"href":"https:\/\/rosemvd.com\/index.php\/wp-json\/wp\/v2\/product_cat?post=4292"},{"taxonomy":"product_tag","embeddable":true,"href":"https:\/\/rosemvd.com\/index.php\/wp-json\/wp\/v2\/product_tag?post=4292"}],"curies":[{"name":"wp","href":"https:\/\/api.w.org\/{rel}","templated":true}]}}