{"id":4239,"date":"2023-05-17T17:51:55","date_gmt":"2023-05-17T20:51:55","guid":{"rendered":"https:\/\/rosemvd.com\/?post_type=product&#038;p=4239"},"modified":"2026-04-21T22:26:46","modified_gmt":"2026-04-22T01:26:46","slug":"auriculares-inalambricos-k30","status":"publish","type":"product","link":"https:\/\/rosemvd.com\/index.php\/producto\/auriculares-inalambricos-k30\/","title":{"rendered":"Auriculares in\u00e1lambricos K30"},"content":{"rendered":"<p><strong>Caracter\u00edsticas:<\/strong><\/p>\n<ul class=\"a-unordered-list a-vertical a-spacing-mini\">\n<li class=\"a-spacing-mini\"><span class=\"a-list-item\">Pantalla LED de alimentaci\u00f3n en el medio del estuche de carga hace que resulten f\u00e1ciles de comprobar la energ\u00eda restante del estuche y el estado de carga de ambos auriculares.<\/span><\/li>\n<li class=\"a-spacing-mini\"><span class=\"a-list-item\">Los auriculares LED Bluetooth est\u00e1n dise\u00f1ados ergon\u00f3micamente para ajustarse bien a sus o\u00eddo<\/span><\/li>\n<li class=\"a-spacing-mini\"><span class=\"a-list-item\">La duraci\u00f3n de la bater\u00eda de nuestros auriculares inal\u00e1mbricos sigue su ritmo, ya que puede mantener un auricular carg\u00e1ndose mientras usa el otro. Emparejamiento en un solo paso.<\/span><\/li>\n<li class=\"a-spacing-mini\"><span class=\"a-list-item\">\u00daltima tecnolog\u00eda de reducci\u00f3n de ruido de llamadas, el micr\u00f3fono puede capturar su voz claramente y filtrar el ruido ambiental externo,<\/span><\/li>\n<li class=\"a-spacing-mini\"><span class=\"a-list-item\">Estos auriculares inal\u00e1mbricos\u00a0 son ideales para usar en la vida diaria, la conducci\u00f3n, la oficina y las actividades deportivas. es ideal para deportes, gimnasio, entrenamientos, senderismo, etc.<\/span><\/li>\n<li class=\"a-spacing-small\"><span class=\"a-list-item\">Bluetooth 5.3 y micr\u00f3fono: adopta la avanzada tecnolog\u00eda Bluetooth 5.3. Los auriculares Bluetooth soportan conexi\u00f3n ultra estable, emparejamiento m\u00e1s r\u00e1pido y universal<\/span><\/li>\n<\/ul>\n<p><strong>Especificaciones t\u00e9cnicas:<\/strong><\/p>\n<ul>\n<li>Bluetooh Version V5.3<\/li>\n<li>Capacidad de la bateria de los auriculares 30mAh<\/li>\n<li>Capacidad de la bateria recargable 200mAh<\/li>\n<li>Interfaz de carga Tipo C<\/li>\n<li>Distancia transmision 10M Aprox<\/li>\n<li>Hora de atencion 3-4H<\/li>\n<li>Tiempo Juego 3-4H<\/li>\n<li>Tiempo de carga 2H Aprox<\/li>\n<li>Sistema de soporte todos los dispositivos Bluetooh y telefonos moviles.<\/li>\n<\/ul>\n","protected":false},"excerpt":{"rendered":"<p>Caracter\u00edsticas: Pantalla LED de alimentaci\u00f3n en el medio del estuche de carga hace que resulten f\u00e1ciles de comprobar la energ\u00eda restante del estuche y el estado de carga de ambos auriculares. Los auriculares LED Bluetooth est\u00e1n dise\u00f1ados ergon\u00f3micamente para ajustarse bien a sus o\u00eddo La duraci\u00f3n de la bater\u00eda de nuestros auriculares inal\u00e1mbricos sigue su [&hellip;]<\/p>\n","protected":false},"featured_media":4244,"template":"","meta":{"site-sidebar-layout":"default","site-content-layout":"default","ast-site-content-layout":"default","site-content-style":"default","site-sidebar-style":"default","ast-global-header-display":"","ast-banner-title-visibility":"","ast-main-header-display":"","ast-hfb-above-header-display":"","ast-hfb-below-header-display":"","ast-hfb-mobile-header-display":"","site-post-title":"","ast-breadcrumbs-content":"","ast-featured-img":"","footer-sml-layout":"","ast-disable-related-posts":"","theme-transparent-header-meta":"default","adv-header-id-meta":"","stick-header-meta":"","header-above-stick-meta":"","header-main-stick-meta":"","header-below-stick-meta":"","astra-migrate-meta-layouts":"set","ast-page-background-enabled":"default","ast-page-background-meta":{"desktop":{"background-color":"var(--ast-global-color-4)","background-image":"","background-repeat":"repeat","background-position":"center center","background-size":"auto","background-attachment":"scroll","background-type":"","background-media":"","overlay-type":"","overlay-color":"","overlay-opacity":"","overlay-gradient":""},"tablet":{"background-color":"","background-image":"","background-repeat":"repeat","background-position":"center center","background-size":"auto","background-attachment":"scroll","background-type":"","background-media":"","overlay-type":"","overlay-color":"","overlay-opacity":"","overlay-gradient":""},"mobile":{"background-color":"","background-image":"","background-repeat":"repeat","background-position":"center center","background-size":"auto","background-attachment":"scroll","background-type":"","background-media":"","overlay-type":"","overlay-color":"","overlay-opacity":"","overlay-gradient":""}},"ast-content-background-meta":{"desktop":{"background-color":"var(--ast-global-color-5)","background-image":"","background-repeat":"repeat","background-position":"center center","background-size":"auto","background-attachment":"scroll","background-type":"","background-media":"","overlay-type":"","overlay-color":"","overlay-opacity":"","overlay-gradient":""},"tablet":{"background-color":"var(--ast-global-color-5)","background-image":"","background-repeat":"repeat","background-position":"center center","background-size":"auto","background-attachment":"scroll","background-type":"","background-media":"","overlay-type":"","overlay-color":"","overlay-opacity":"","overlay-gradient":""},"mobile":{"background-color":"var(--ast-global-color-5)","background-image":"","background-repeat":"repeat","background-position":"center center","background-size":"auto","background-attachment":"scroll","background-type":"","background-media":"","overlay-type":"","overlay-color":"","overlay-opacity":"","overlay-gradient":""}}},"product_brand":[],"product_cat":[458,448],"product_tag":[],"class_list":{"0":"post-4239","1":"product","2":"type-product","3":"status-publish","4":"has-post-thumbnail","6":"product_cat-tecnologia-y-gadgets","7":"product_cat-tecnologia-y-hogar","8":"desktop-align-left","9":"tablet-align-left","10":"mobile-align-left","12":"first","13":"instock","14":"sale","15":"shipping-taxable","16":"purchasable","17":"product-type-variable"},"yoast_head":"<!-- This site is optimized with the Yoast SEO plugin v27.3 - https:\/\/yoast.com\/product\/yoast-seo-wordpress\/ -->\n<title>Auriculares in\u00e1lambricos K30 - ROSE MVD<\/title>\n<meta name=\"robots\" content=\"index, follow, max-snippet:-1, max-image-preview:large, max-video-preview:-1\" \/>\n<link rel=\"canonical\" href=\"https:\/\/rosemvd.com\/index.php\/producto\/auriculares-inalambricos-k30\/\" \/>\n<meta property=\"og:locale\" content=\"es_ES\" \/>\n<meta property=\"og:type\" content=\"article\" \/>\n<meta property=\"og:title\" content=\"Auriculares in\u00e1lambricos K30 - ROSE MVD\" \/>\n<meta property=\"og:description\" content=\"Caracter\u00edsticas: Pantalla LED de alimentaci\u00f3n en el medio del estuche de carga hace que resulten f\u00e1ciles de comprobar la energ\u00eda restante del estuche y el estado de carga de ambos auriculares. Los auriculares LED Bluetooth est\u00e1n dise\u00f1ados ergon\u00f3micamente para ajustarse bien a sus o\u00eddo La duraci\u00f3n de la bater\u00eda de nuestros auriculares inal\u00e1mbricos sigue su [&hellip;]\" \/>\n<meta property=\"og:url\" content=\"https:\/\/rosemvd.com\/index.php\/producto\/auriculares-inalambricos-k30\/\" \/>\n<meta property=\"og:site_name\" content=\"ROSE MVD\" \/>\n<meta property=\"article:publisher\" content=\"https:\/\/www.facebook.com\/TiendaRoseMvd\" \/>\n<meta property=\"article:modified_time\" content=\"2026-04-22T01:26:46+00:00\" \/>\n<meta property=\"og:image\" content=\"https:\/\/rosemvd.com\/wp-content\/uploads\/2023\/05\/k30-1.jpg\" \/>\n\t<meta property=\"og:image:width\" content=\"789\" \/>\n\t<meta property=\"og:image:height\" content=\"805\" \/>\n\t<meta property=\"og:image:type\" content=\"image\/jpeg\" \/>\n<meta name=\"twitter:card\" content=\"summary_large_image\" \/>\n<meta name=\"twitter:label1\" content=\"Tiempo de lectura\" \/>\n\t<meta name=\"twitter:data1\" content=\"2 minutos\" \/>\n<script type=\"application\/ld+json\" class=\"yoast-schema-graph\">{\"@context\":\"https:\\\/\\\/schema.org\",\"@graph\":[{\"@type\":\"WebPage\",\"@id\":\"https:\\\/\\\/rosemvd.com\\\/index.php\\\/producto\\\/auriculares-inalambricos-k30\\\/\",\"url\":\"https:\\\/\\\/rosemvd.com\\\/index.php\\\/producto\\\/auriculares-inalambricos-k30\\\/\",\"name\":\"Auriculares in\u00e1lambricos K30 - ROSE MVD\",\"isPartOf\":{\"@id\":\"https:\\\/\\\/rosemvd.com\\\/#website\"},\"primaryImageOfPage\":{\"@id\":\"https:\\\/\\\/rosemvd.com\\\/index.php\\\/producto\\\/auriculares-inalambricos-k30\\\/#primaryimage\"},\"image\":{\"@id\":\"https:\\\/\\\/rosemvd.com\\\/index.php\\\/producto\\\/auriculares-inalambricos-k30\\\/#primaryimage\"},\"thumbnailUrl\":\"https:\\\/\\\/rosemvd.com\\\/wp-content\\\/uploads\\\/2023\\\/05\\\/k30-1.jpg\",\"datePublished\":\"2023-05-17T20:51:55+00:00\",\"dateModified\":\"2026-04-22T01:26:46+00:00\",\"breadcrumb\":{\"@id\":\"https:\\\/\\\/rosemvd.com\\\/index.php\\\/producto\\\/auriculares-inalambricos-k30\\\/#breadcrumb\"},\"inLanguage\":\"es\",\"potentialAction\":[{\"@type\":\"ReadAction\",\"target\":[\"https:\\\/\\\/rosemvd.com\\\/index.php\\\/producto\\\/auriculares-inalambricos-k30\\\/\"]}]},{\"@type\":\"ImageObject\",\"inLanguage\":\"es\",\"@id\":\"https:\\\/\\\/rosemvd.com\\\/index.php\\\/producto\\\/auriculares-inalambricos-k30\\\/#primaryimage\",\"url\":\"https:\\\/\\\/rosemvd.com\\\/wp-content\\\/uploads\\\/2023\\\/05\\\/k30-1.jpg\",\"contentUrl\":\"https:\\\/\\\/rosemvd.com\\\/wp-content\\\/uploads\\\/2023\\\/05\\\/k30-1.jpg\",\"width\":789,\"height\":805},{\"@type\":\"BreadcrumbList\",\"@id\":\"https:\\\/\\\/rosemvd.com\\\/index.php\\\/producto\\\/auriculares-inalambricos-k30\\\/#breadcrumb\",\"itemListElement\":[{\"@type\":\"ListItem\",\"position\":1,\"name\":\"Portada\",\"item\":\"https:\\\/\\\/rosemvd.com\\\/\"},{\"@type\":\"ListItem\",\"position\":2,\"name\":\"Tienda\",\"item\":\"https:\\\/\\\/rosemvd.com\\\/index.php\\\/tienda\\\/\"},{\"@type\":\"ListItem\",\"position\":3,\"name\":\"Auriculares in\u00e1lambricos K30\"}]},{\"@type\":\"WebSite\",\"@id\":\"https:\\\/\\\/rosemvd.com\\\/#website\",\"url\":\"https:\\\/\\\/rosemvd.com\\\/\",\"name\":\"ROSE MVD\",\"description\":\"Todo lo que no sab\u00edas que necesitabas, lo \u00faltimo en tendencia, utilidad e innovaci\u00f3n\",\"publisher\":{\"@id\":\"https:\\\/\\\/rosemvd.com\\\/#organization\"},\"potentialAction\":[{\"@type\":\"SearchAction\",\"target\":{\"@type\":\"EntryPoint\",\"urlTemplate\":\"https:\\\/\\\/rosemvd.com\\\/?s={search_term_string}\"},\"query-input\":{\"@type\":\"PropertyValueSpecification\",\"valueRequired\":true,\"valueName\":\"search_term_string\"}}],\"inLanguage\":\"es\"},{\"@type\":\"Organization\",\"@id\":\"https:\\\/\\\/rosemvd.com\\\/#organization\",\"name\":\"ROSE MVD\",\"alternateName\":\"ROSE MVD\",\"url\":\"https:\\\/\\\/rosemvd.com\\\/\",\"logo\":{\"@type\":\"ImageObject\",\"inLanguage\":\"es\",\"@id\":\"https:\\\/\\\/rosemvd.com\\\/#\\\/schema\\\/logo\\\/image\\\/\",\"url\":\"https:\\\/\\\/rosemvd.com\\\/wp-content\\\/uploads\\\/2023\\\/03\\\/Sin-titulo-2_Mesa-de-trabajo-1.png\",\"contentUrl\":\"https:\\\/\\\/rosemvd.com\\\/wp-content\\\/uploads\\\/2023\\\/03\\\/Sin-titulo-2_Mesa-de-trabajo-1.png\",\"width\":2084,\"height\":2084,\"caption\":\"ROSE MVD\"},\"image\":{\"@id\":\"https:\\\/\\\/rosemvd.com\\\/#\\\/schema\\\/logo\\\/image\\\/\"},\"sameAs\":[\"https:\\\/\\\/www.facebook.com\\\/TiendaRoseMvd\",\"https:\\\/\\\/www.instagram.com\\\/rose.mvd\"]}]}<\/script>\n<!-- \/ Yoast SEO plugin. -->","yoast_head_json":{"title":"Auriculares in\u00e1lambricos K30 - ROSE MVD","robots":{"index":"index","follow":"follow","max-snippet":"max-snippet:-1","max-image-preview":"max-image-preview:large","max-video-preview":"max-video-preview:-1"},"canonical":"https:\/\/rosemvd.com\/index.php\/producto\/auriculares-inalambricos-k30\/","og_locale":"es_ES","og_type":"article","og_title":"Auriculares in\u00e1lambricos K30 - ROSE MVD","og_description":"Caracter\u00edsticas: Pantalla LED de alimentaci\u00f3n en el medio del estuche de carga hace que resulten f\u00e1ciles de comprobar la energ\u00eda restante del estuche y el estado de carga de ambos auriculares. Los auriculares LED Bluetooth est\u00e1n dise\u00f1ados ergon\u00f3micamente para ajustarse bien a sus o\u00eddo La duraci\u00f3n de la bater\u00eda de nuestros auriculares inal\u00e1mbricos sigue su [&hellip;]","og_url":"https:\/\/rosemvd.com\/index.php\/producto\/auriculares-inalambricos-k30\/","og_site_name":"ROSE MVD","article_publisher":"https:\/\/www.facebook.com\/TiendaRoseMvd","article_modified_time":"2026-04-22T01:26:46+00:00","og_image":[{"width":789,"height":805,"url":"https:\/\/rosemvd.com\/wp-content\/uploads\/2023\/05\/k30-1.jpg","type":"image\/jpeg"}],"twitter_card":"summary_large_image","twitter_misc":{"Tiempo de lectura":"2 minutos"},"schema":{"@context":"https:\/\/schema.org","@graph":[{"@type":"WebPage","@id":"https:\/\/rosemvd.com\/index.php\/producto\/auriculares-inalambricos-k30\/","url":"https:\/\/rosemvd.com\/index.php\/producto\/auriculares-inalambricos-k30\/","name":"Auriculares in\u00e1lambricos K30 - ROSE MVD","isPartOf":{"@id":"https:\/\/rosemvd.com\/#website"},"primaryImageOfPage":{"@id":"https:\/\/rosemvd.com\/index.php\/producto\/auriculares-inalambricos-k30\/#primaryimage"},"image":{"@id":"https:\/\/rosemvd.com\/index.php\/producto\/auriculares-inalambricos-k30\/#primaryimage"},"thumbnailUrl":"https:\/\/rosemvd.com\/wp-content\/uploads\/2023\/05\/k30-1.jpg","datePublished":"2023-05-17T20:51:55+00:00","dateModified":"2026-04-22T01:26:46+00:00","breadcrumb":{"@id":"https:\/\/rosemvd.com\/index.php\/producto\/auriculares-inalambricos-k30\/#breadcrumb"},"inLanguage":"es","potentialAction":[{"@type":"ReadAction","target":["https:\/\/rosemvd.com\/index.php\/producto\/auriculares-inalambricos-k30\/"]}]},{"@type":"ImageObject","inLanguage":"es","@id":"https:\/\/rosemvd.com\/index.php\/producto\/auriculares-inalambricos-k30\/#primaryimage","url":"https:\/\/rosemvd.com\/wp-content\/uploads\/2023\/05\/k30-1.jpg","contentUrl":"https:\/\/rosemvd.com\/wp-content\/uploads\/2023\/05\/k30-1.jpg","width":789,"height":805},{"@type":"BreadcrumbList","@id":"https:\/\/rosemvd.com\/index.php\/producto\/auriculares-inalambricos-k30\/#breadcrumb","itemListElement":[{"@type":"ListItem","position":1,"name":"Portada","item":"https:\/\/rosemvd.com\/"},{"@type":"ListItem","position":2,"name":"Tienda","item":"https:\/\/rosemvd.com\/index.php\/tienda\/"},{"@type":"ListItem","position":3,"name":"Auriculares in\u00e1lambricos K30"}]},{"@type":"WebSite","@id":"https:\/\/rosemvd.com\/#website","url":"https:\/\/rosemvd.com\/","name":"ROSE MVD","description":"Todo lo que no sab\u00edas que necesitabas, lo \u00faltimo en tendencia, utilidad e innovaci\u00f3n","publisher":{"@id":"https:\/\/rosemvd.com\/#organization"},"potentialAction":[{"@type":"SearchAction","target":{"@type":"EntryPoint","urlTemplate":"https:\/\/rosemvd.com\/?s={search_term_string}"},"query-input":{"@type":"PropertyValueSpecification","valueRequired":true,"valueName":"search_term_string"}}],"inLanguage":"es"},{"@type":"Organization","@id":"https:\/\/rosemvd.com\/#organization","name":"ROSE MVD","alternateName":"ROSE MVD","url":"https:\/\/rosemvd.com\/","logo":{"@type":"ImageObject","inLanguage":"es","@id":"https:\/\/rosemvd.com\/#\/schema\/logo\/image\/","url":"https:\/\/rosemvd.com\/wp-content\/uploads\/2023\/03\/Sin-titulo-2_Mesa-de-trabajo-1.png","contentUrl":"https:\/\/rosemvd.com\/wp-content\/uploads\/2023\/03\/Sin-titulo-2_Mesa-de-trabajo-1.png","width":2084,"height":2084,"caption":"ROSE MVD"},"image":{"@id":"https:\/\/rosemvd.com\/#\/schema\/logo\/image\/"},"sameAs":["https:\/\/www.facebook.com\/TiendaRoseMvd","https:\/\/www.instagram.com\/rose.mvd"]}]}},"_links":{"self":[{"href":"https:\/\/rosemvd.com\/index.php\/wp-json\/wp\/v2\/product\/4239","targetHints":{"allow":["GET"]}}],"collection":[{"href":"https:\/\/rosemvd.com\/index.php\/wp-json\/wp\/v2\/product"}],"about":[{"href":"https:\/\/rosemvd.com\/index.php\/wp-json\/wp\/v2\/types\/product"}],"wp:featuredmedia":[{"embeddable":true,"href":"https:\/\/rosemvd.com\/index.php\/wp-json\/wp\/v2\/media\/4244"}],"wp:attachment":[{"href":"https:\/\/rosemvd.com\/index.php\/wp-json\/wp\/v2\/media?parent=4239"}],"wp:term":[{"taxonomy":"product_brand","embeddable":true,"href":"https:\/\/rosemvd.com\/index.php\/wp-json\/wp\/v2\/product_brand?post=4239"},{"taxonomy":"product_cat","embeddable":true,"href":"https:\/\/rosemvd.com\/index.php\/wp-json\/wp\/v2\/product_cat?post=4239"},{"taxonomy":"product_tag","embeddable":true,"href":"https:\/\/rosemvd.com\/index.php\/wp-json\/wp\/v2\/product_tag?post=4239"}],"curies":[{"name":"wp","href":"https:\/\/api.w.org\/{rel}","templated":true}]}}