{"id":18009,"date":"2026-05-13T10:00:25","date_gmt":"2026-05-13T13:00:25","guid":{"rendered":"https:\/\/rosemvd.com\/?post_type=product&#038;p=18009"},"modified":"2026-05-13T10:03:16","modified_gmt":"2026-05-13T13:03:16","slug":"botones-ajustables-cadena","status":"publish","type":"product","link":"https:\/\/rosemvd.com\/index.php\/producto\/botones-ajustables-cadena\/","title":{"rendered":"Botones Ajustables Cadena"},"content":{"rendered":"<p class=\"\" data-start=\"86\" data-end=\"181\"><strong data-start=\"86\" data-end=\"181\">Kit de Botones Instant\u00e1neos para Jeans \u2013 Ajustables, Reutilizables y Sin Costura<\/strong><\/p>\n<p class=\"\" data-start=\"183\" data-end=\"390\">\u00bfTus jeans favoritos te quedan grandes? \u00a1Este pr\u00e1ctico kit es la soluci\u00f3n ideal! f\u00e1ciles de colocar y reutilizar cuantas veces quieras gracias a su dise\u00f1o desmontable.<\/p>\n<p class=\"\" data-start=\"392\" data-end=\"557\"><strong data-start=\"392\" data-end=\"423\">Alta calidad y resistencia:<\/strong><br data-start=\"423\" data-end=\"426\" \/>Fabricados en aleaci\u00f3n de zinc, estos botones ofrecen gran durabilidad y resistencia al uso diario, incluso tras m\u00faltiples lavados.<\/p>\n<p class=\"\" data-start=\"559\" data-end=\"730\"><strong data-start=\"559\" data-end=\"587\">Instalaci\u00f3n sin costura:<\/strong><br data-start=\"587\" data-end=\"590\" \/>Colocaci\u00f3n r\u00e1pida y sencilla sin necesidad de coser. Se fijan de forma segura y estable en la tela, manteni\u00e9ndose en su lugar sin aflojarse.<\/p>\n<p class=\"\" data-start=\"732\" data-end=\"924\"><strong data-start=\"732\" data-end=\"764\">Ajuste perfecto en segundos:<\/strong><br data-start=\"764\" data-end=\"767\" \/>Ideales para reducir el tama\u00f1o de la cintura en jeans, pantalones, shorts u otras prendas. Ajust\u00e1 la ropa a tu medida de forma inmediata y sin da\u00f1ar la tela.<\/p>\n<p class=\"\" data-start=\"926\" data-end=\"1143\"><strong data-start=\"926\" data-end=\"957\">Reutilizables y vers\u00e1tiles:<\/strong><br data-start=\"957\" data-end=\"960\" \/>Los botones son desmontables, por lo que pod\u00e9s usarlos una y otra vez en distintas prendas. Perfectos para adaptarse a cambios de talla o simplemente para mejorar el calce de tu ropa.<\/p>\n<p data-start=\"926\" data-end=\"1143\">Pr\u00e1cticos, funcionales y listos para mejorar el ajuste de tu ropa en segundos.<\/p>\n","protected":false},"excerpt":{"rendered":"<p>Kit de Botones Instant\u00e1neos para Jeans \u2013 Ajustables, Reutilizables y Sin Costura \u00bfTus jeans favoritos te quedan grandes? \u00a1Este pr\u00e1ctico kit es la soluci\u00f3n ideal! f\u00e1ciles de colocar y reutilizar cuantas veces quieras gracias a su dise\u00f1o desmontable. Alta calidad y resistencia:Fabricados en aleaci\u00f3n de zinc, estos botones ofrecen gran durabilidad y resistencia al uso [&hellip;]<\/p>\n","protected":false},"featured_media":18015,"template":"","meta":{"site-sidebar-layout":"default","site-content-layout":"","ast-site-content-layout":"default","site-content-style":"default","site-sidebar-style":"default","ast-global-header-display":"","ast-banner-title-visibility":"","ast-main-header-display":"","ast-hfb-above-header-display":"","ast-hfb-below-header-display":"","ast-hfb-mobile-header-display":"","site-post-title":"","ast-breadcrumbs-content":"","ast-featured-img":"","footer-sml-layout":"","ast-disable-related-posts":"","theme-transparent-header-meta":"default","adv-header-id-meta":"","stick-header-meta":"","header-above-stick-meta":"","header-main-stick-meta":"","header-below-stick-meta":"","astra-migrate-meta-layouts":"set","ast-page-background-enabled":"default","ast-page-background-meta":{"desktop":{"background-color":"var(--ast-global-color-4)","background-image":"","background-repeat":"repeat","background-position":"center center","background-size":"auto","background-attachment":"scroll","background-type":"","background-media":"","overlay-type":"","overlay-color":"","overlay-opacity":"","overlay-gradient":""},"tablet":{"background-color":"","background-image":"","background-repeat":"repeat","background-position":"center center","background-size":"auto","background-attachment":"scroll","background-type":"","background-media":"","overlay-type":"","overlay-color":"","overlay-opacity":"","overlay-gradient":""},"mobile":{"background-color":"","background-image":"","background-repeat":"repeat","background-position":"center center","background-size":"auto","background-attachment":"scroll","background-type":"","background-media":"","overlay-type":"","overlay-color":"","overlay-opacity":"","overlay-gradient":""}},"ast-content-background-meta":{"desktop":{"background-color":"var(--ast-global-color-5)","background-image":"","background-repeat":"repeat","background-position":"center center","background-size":"auto","background-attachment":"scroll","background-type":"","background-media":"","overlay-type":"","overlay-color":"","overlay-opacity":"","overlay-gradient":""},"tablet":{"background-color":"var(--ast-global-color-5)","background-image":"","background-repeat":"repeat","background-position":"center center","background-size":"auto","background-attachment":"scroll","background-type":"","background-media":"","overlay-type":"","overlay-color":"","overlay-opacity":"","overlay-gradient":""},"mobile":{"background-color":"var(--ast-global-color-5)","background-image":"","background-repeat":"repeat","background-position":"center center","background-size":"auto","background-attachment":"scroll","background-type":"","background-media":"","overlay-type":"","overlay-color":"","overlay-opacity":"","overlay-gradient":""}}},"product_brand":[],"product_cat":[453,446],"product_tag":[],"class_list":{"0":"post-18009","1":"product","2":"type-product","3":"status-publish","4":"has-post-thumbnail","6":"product_cat-accesorios","7":"product_cat-ropa-deporte-y-accesorios","8":"desktop-align-left","9":"tablet-align-left","10":"mobile-align-left","12":"first","13":"instock","14":"shipping-taxable","15":"purchasable","16":"product-type-variable"},"yoast_head":"<!-- This site is optimized with the Yoast SEO plugin v27.3 - https:\/\/yoast.com\/product\/yoast-seo-wordpress\/ -->\n<title>Botones Ajustables Cadena - ROSE MVD<\/title>\n<meta name=\"description\" content=\"\u00bfTus jeans favoritos te quedan grandes? \u00a1Este pr\u00e1ctico kit es la soluci\u00f3n ideal! f\u00e1ciles de colocar y reutilizar gracias a su dise\u00f1o desmontable.\" \/>\n<meta name=\"robots\" content=\"index, follow, max-snippet:-1, max-image-preview:large, max-video-preview:-1\" \/>\n<link rel=\"canonical\" href=\"https:\/\/rosemvd.com\/index.php\/producto\/botones-ajustables-cadena\/\" \/>\n<meta property=\"og:locale\" content=\"es_ES\" \/>\n<meta property=\"og:type\" content=\"article\" \/>\n<meta property=\"og:title\" content=\"Botones Ajustables Cadena - ROSE MVD\" \/>\n<meta property=\"og:description\" content=\"\u00bfTus jeans favoritos te quedan grandes? \u00a1Este pr\u00e1ctico kit es la soluci\u00f3n ideal! f\u00e1ciles de colocar y reutilizar gracias a su dise\u00f1o desmontable.\" \/>\n<meta property=\"og:url\" content=\"https:\/\/rosemvd.com\/index.php\/producto\/botones-ajustables-cadena\/\" \/>\n<meta property=\"og:site_name\" content=\"ROSE MVD\" \/>\n<meta property=\"article:publisher\" content=\"https:\/\/www.facebook.com\/TiendaRoseMvd\" \/>\n<meta property=\"article:modified_time\" content=\"2026-05-13T13:03:16+00:00\" \/>\n<meta property=\"og:image\" content=\"https:\/\/rosemvd.com\/wp-content\/uploads\/2026\/05\/71ISoObfgTL._AC_SL1100_.jpg\" \/>\n\t<meta property=\"og:image:width\" content=\"1076\" \/>\n\t<meta property=\"og:image:height\" content=\"1100\" \/>\n\t<meta property=\"og:image:type\" content=\"image\/jpeg\" \/>\n<meta name=\"twitter:card\" content=\"summary_large_image\" \/>\n<meta name=\"twitter:label1\" content=\"Tiempo de lectura\" \/>\n\t<meta name=\"twitter:data1\" content=\"1 minuto\" \/>\n<script type=\"application\/ld+json\" class=\"yoast-schema-graph\">{\"@context\":\"https:\\\/\\\/schema.org\",\"@graph\":[{\"@type\":\"WebPage\",\"@id\":\"https:\\\/\\\/rosemvd.com\\\/index.php\\\/producto\\\/botones-ajustables-cadena\\\/\",\"url\":\"https:\\\/\\\/rosemvd.com\\\/index.php\\\/producto\\\/botones-ajustables-cadena\\\/\",\"name\":\"Botones Ajustables Cadena - ROSE MVD\",\"isPartOf\":{\"@id\":\"https:\\\/\\\/rosemvd.com\\\/#website\"},\"primaryImageOfPage\":{\"@id\":\"https:\\\/\\\/rosemvd.com\\\/index.php\\\/producto\\\/botones-ajustables-cadena\\\/#primaryimage\"},\"image\":{\"@id\":\"https:\\\/\\\/rosemvd.com\\\/index.php\\\/producto\\\/botones-ajustables-cadena\\\/#primaryimage\"},\"thumbnailUrl\":\"https:\\\/\\\/rosemvd.com\\\/wp-content\\\/uploads\\\/2026\\\/05\\\/71ISoObfgTL._AC_SL1100_.jpg\",\"datePublished\":\"2026-05-13T13:00:25+00:00\",\"dateModified\":\"2026-05-13T13:03:16+00:00\",\"description\":\"\u00bfTus jeans favoritos te quedan grandes? \u00a1Este pr\u00e1ctico kit es la soluci\u00f3n ideal! f\u00e1ciles de colocar y reutilizar gracias a su dise\u00f1o desmontable.\",\"breadcrumb\":{\"@id\":\"https:\\\/\\\/rosemvd.com\\\/index.php\\\/producto\\\/botones-ajustables-cadena\\\/#breadcrumb\"},\"inLanguage\":\"es\",\"potentialAction\":[{\"@type\":\"ReadAction\",\"target\":[\"https:\\\/\\\/rosemvd.com\\\/index.php\\\/producto\\\/botones-ajustables-cadena\\\/\"]}]},{\"@type\":\"ImageObject\",\"inLanguage\":\"es\",\"@id\":\"https:\\\/\\\/rosemvd.com\\\/index.php\\\/producto\\\/botones-ajustables-cadena\\\/#primaryimage\",\"url\":\"https:\\\/\\\/rosemvd.com\\\/wp-content\\\/uploads\\\/2026\\\/05\\\/71ISoObfgTL._AC_SL1100_.jpg\",\"contentUrl\":\"https:\\\/\\\/rosemvd.com\\\/wp-content\\\/uploads\\\/2026\\\/05\\\/71ISoObfgTL._AC_SL1100_.jpg\",\"width\":1076,\"height\":1100},{\"@type\":\"BreadcrumbList\",\"@id\":\"https:\\\/\\\/rosemvd.com\\\/index.php\\\/producto\\\/botones-ajustables-cadena\\\/#breadcrumb\",\"itemListElement\":[{\"@type\":\"ListItem\",\"position\":1,\"name\":\"Portada\",\"item\":\"https:\\\/\\\/rosemvd.com\\\/\"},{\"@type\":\"ListItem\",\"position\":2,\"name\":\"Tienda\",\"item\":\"https:\\\/\\\/rosemvd.com\\\/index.php\\\/tienda\\\/\"},{\"@type\":\"ListItem\",\"position\":3,\"name\":\"Botones Ajustables Cadena\"}]},{\"@type\":\"WebSite\",\"@id\":\"https:\\\/\\\/rosemvd.com\\\/#website\",\"url\":\"https:\\\/\\\/rosemvd.com\\\/\",\"name\":\"ROSE MVD\",\"description\":\"Todo lo que no sab\u00edas que necesitabas, lo \u00faltimo en tendencia, utilidad e innovaci\u00f3n\",\"publisher\":{\"@id\":\"https:\\\/\\\/rosemvd.com\\\/#organization\"},\"potentialAction\":[{\"@type\":\"SearchAction\",\"target\":{\"@type\":\"EntryPoint\",\"urlTemplate\":\"https:\\\/\\\/rosemvd.com\\\/?s={search_term_string}\"},\"query-input\":{\"@type\":\"PropertyValueSpecification\",\"valueRequired\":true,\"valueName\":\"search_term_string\"}}],\"inLanguage\":\"es\"},{\"@type\":\"Organization\",\"@id\":\"https:\\\/\\\/rosemvd.com\\\/#organization\",\"name\":\"ROSE MVD\",\"alternateName\":\"ROSE MVD\",\"url\":\"https:\\\/\\\/rosemvd.com\\\/\",\"logo\":{\"@type\":\"ImageObject\",\"inLanguage\":\"es\",\"@id\":\"https:\\\/\\\/rosemvd.com\\\/#\\\/schema\\\/logo\\\/image\\\/\",\"url\":\"https:\\\/\\\/rosemvd.com\\\/wp-content\\\/uploads\\\/2023\\\/03\\\/Sin-titulo-2_Mesa-de-trabajo-1.png\",\"contentUrl\":\"https:\\\/\\\/rosemvd.com\\\/wp-content\\\/uploads\\\/2023\\\/03\\\/Sin-titulo-2_Mesa-de-trabajo-1.png\",\"width\":2084,\"height\":2084,\"caption\":\"ROSE MVD\"},\"image\":{\"@id\":\"https:\\\/\\\/rosemvd.com\\\/#\\\/schema\\\/logo\\\/image\\\/\"},\"sameAs\":[\"https:\\\/\\\/www.facebook.com\\\/TiendaRoseMvd\",\"https:\\\/\\\/www.instagram.com\\\/rose.mvd\"]}]}<\/script>\n<!-- \/ Yoast SEO plugin. -->","yoast_head_json":{"title":"Botones Ajustables Cadena - ROSE MVD","description":"\u00bfTus jeans favoritos te quedan grandes? \u00a1Este pr\u00e1ctico kit es la soluci\u00f3n ideal! f\u00e1ciles de colocar y reutilizar gracias a su dise\u00f1o desmontable.","robots":{"index":"index","follow":"follow","max-snippet":"max-snippet:-1","max-image-preview":"max-image-preview:large","max-video-preview":"max-video-preview:-1"},"canonical":"https:\/\/rosemvd.com\/index.php\/producto\/botones-ajustables-cadena\/","og_locale":"es_ES","og_type":"article","og_title":"Botones Ajustables Cadena - ROSE MVD","og_description":"\u00bfTus jeans favoritos te quedan grandes? \u00a1Este pr\u00e1ctico kit es la soluci\u00f3n ideal! f\u00e1ciles de colocar y reutilizar gracias a su dise\u00f1o desmontable.","og_url":"https:\/\/rosemvd.com\/index.php\/producto\/botones-ajustables-cadena\/","og_site_name":"ROSE MVD","article_publisher":"https:\/\/www.facebook.com\/TiendaRoseMvd","article_modified_time":"2026-05-13T13:03:16+00:00","og_image":[{"width":1076,"height":1100,"url":"https:\/\/rosemvd.com\/wp-content\/uploads\/2026\/05\/71ISoObfgTL._AC_SL1100_.jpg","type":"image\/jpeg"}],"twitter_card":"summary_large_image","twitter_misc":{"Tiempo de lectura":"1 minuto"},"schema":{"@context":"https:\/\/schema.org","@graph":[{"@type":"WebPage","@id":"https:\/\/rosemvd.com\/index.php\/producto\/botones-ajustables-cadena\/","url":"https:\/\/rosemvd.com\/index.php\/producto\/botones-ajustables-cadena\/","name":"Botones Ajustables Cadena - ROSE MVD","isPartOf":{"@id":"https:\/\/rosemvd.com\/#website"},"primaryImageOfPage":{"@id":"https:\/\/rosemvd.com\/index.php\/producto\/botones-ajustables-cadena\/#primaryimage"},"image":{"@id":"https:\/\/rosemvd.com\/index.php\/producto\/botones-ajustables-cadena\/#primaryimage"},"thumbnailUrl":"https:\/\/rosemvd.com\/wp-content\/uploads\/2026\/05\/71ISoObfgTL._AC_SL1100_.jpg","datePublished":"2026-05-13T13:00:25+00:00","dateModified":"2026-05-13T13:03:16+00:00","description":"\u00bfTus jeans favoritos te quedan grandes? \u00a1Este pr\u00e1ctico kit es la soluci\u00f3n ideal! f\u00e1ciles de colocar y reutilizar gracias a su dise\u00f1o desmontable.","breadcrumb":{"@id":"https:\/\/rosemvd.com\/index.php\/producto\/botones-ajustables-cadena\/#breadcrumb"},"inLanguage":"es","potentialAction":[{"@type":"ReadAction","target":["https:\/\/rosemvd.com\/index.php\/producto\/botones-ajustables-cadena\/"]}]},{"@type":"ImageObject","inLanguage":"es","@id":"https:\/\/rosemvd.com\/index.php\/producto\/botones-ajustables-cadena\/#primaryimage","url":"https:\/\/rosemvd.com\/wp-content\/uploads\/2026\/05\/71ISoObfgTL._AC_SL1100_.jpg","contentUrl":"https:\/\/rosemvd.com\/wp-content\/uploads\/2026\/05\/71ISoObfgTL._AC_SL1100_.jpg","width":1076,"height":1100},{"@type":"BreadcrumbList","@id":"https:\/\/rosemvd.com\/index.php\/producto\/botones-ajustables-cadena\/#breadcrumb","itemListElement":[{"@type":"ListItem","position":1,"name":"Portada","item":"https:\/\/rosemvd.com\/"},{"@type":"ListItem","position":2,"name":"Tienda","item":"https:\/\/rosemvd.com\/index.php\/tienda\/"},{"@type":"ListItem","position":3,"name":"Botones Ajustables Cadena"}]},{"@type":"WebSite","@id":"https:\/\/rosemvd.com\/#website","url":"https:\/\/rosemvd.com\/","name":"ROSE MVD","description":"Todo lo que no sab\u00edas que necesitabas, lo \u00faltimo en tendencia, utilidad e innovaci\u00f3n","publisher":{"@id":"https:\/\/rosemvd.com\/#organization"},"potentialAction":[{"@type":"SearchAction","target":{"@type":"EntryPoint","urlTemplate":"https:\/\/rosemvd.com\/?s={search_term_string}"},"query-input":{"@type":"PropertyValueSpecification","valueRequired":true,"valueName":"search_term_string"}}],"inLanguage":"es"},{"@type":"Organization","@id":"https:\/\/rosemvd.com\/#organization","name":"ROSE MVD","alternateName":"ROSE MVD","url":"https:\/\/rosemvd.com\/","logo":{"@type":"ImageObject","inLanguage":"es","@id":"https:\/\/rosemvd.com\/#\/schema\/logo\/image\/","url":"https:\/\/rosemvd.com\/wp-content\/uploads\/2023\/03\/Sin-titulo-2_Mesa-de-trabajo-1.png","contentUrl":"https:\/\/rosemvd.com\/wp-content\/uploads\/2023\/03\/Sin-titulo-2_Mesa-de-trabajo-1.png","width":2084,"height":2084,"caption":"ROSE MVD"},"image":{"@id":"https:\/\/rosemvd.com\/#\/schema\/logo\/image\/"},"sameAs":["https:\/\/www.facebook.com\/TiendaRoseMvd","https:\/\/www.instagram.com\/rose.mvd"]}]}},"_links":{"self":[{"href":"https:\/\/rosemvd.com\/index.php\/wp-json\/wp\/v2\/product\/18009","targetHints":{"allow":["GET"]}}],"collection":[{"href":"https:\/\/rosemvd.com\/index.php\/wp-json\/wp\/v2\/product"}],"about":[{"href":"https:\/\/rosemvd.com\/index.php\/wp-json\/wp\/v2\/types\/product"}],"wp:featuredmedia":[{"embeddable":true,"href":"https:\/\/rosemvd.com\/index.php\/wp-json\/wp\/v2\/media\/18015"}],"wp:attachment":[{"href":"https:\/\/rosemvd.com\/index.php\/wp-json\/wp\/v2\/media?parent=18009"}],"wp:term":[{"taxonomy":"product_brand","embeddable":true,"href":"https:\/\/rosemvd.com\/index.php\/wp-json\/wp\/v2\/product_brand?post=18009"},{"taxonomy":"product_cat","embeddable":true,"href":"https:\/\/rosemvd.com\/index.php\/wp-json\/wp\/v2\/product_cat?post=18009"},{"taxonomy":"product_tag","embeddable":true,"href":"https:\/\/rosemvd.com\/index.php\/wp-json\/wp\/v2\/product_tag?post=18009"}],"curies":[{"name":"wp","href":"https:\/\/api.w.org\/{rel}","templated":true}]}}