{"id":17960,"date":"2026-05-11T10:44:06","date_gmt":"2026-05-11T13:44:06","guid":{"rendered":"https:\/\/rosemvd.com\/?post_type=product&#038;p=17960"},"modified":"2026-05-11T10:44:13","modified_gmt":"2026-05-11T13:44:13","slug":"sellador-para-reparacion-de-fugas-herramienta-de-adhesivo","status":"publish","type":"product","link":"https:\/\/rosemvd.com\/index.php\/producto\/sellador-para-reparacion-de-fugas-herramienta-de-adhesivo\/","title":{"rendered":"Sellador Para Reparaci\u00f3n De Fugas Herramienta De Adhesivo"},"content":{"rendered":"<div class=\"qMYqUG_convSearchResultHighlightRoot\">\n<div class=\"relative w-full overflow-visible\">\n<section class=\"text-token-text-primary w-full focus:outline-none [--shadow-height:45px] has-data-writing-block:pointer-events-none has-data-writing-block:-mt-(--shadow-height) has-data-writing-block:pt-(--shadow-height) [&amp;:has([data-writing-block])&gt;*]:pointer-events-auto [content-visibility:auto] supports-[content-visibility:auto]:[contain-intrinsic-size:auto_100lvh] R6Vx5W_threadScrollVars scroll-mb-[calc(var(--scroll-root-safe-area-inset-bottom,0px)+var(--thread-response-height))] scroll-mt-[calc(var(--header-height)+min(200px,max(70px,20svh)))]\" dir=\"auto\" data-turn-id=\"request-69ef4c6d-c228-83e9-95e3-1ded691ebbac-0\" data-turn-id-container=\"request-69ef4c6d-c228-83e9-95e3-1ded691ebbac-0\" data-testid=\"conversation-turn-34\" data-scroll-anchor=\"false\" data-turn=\"assistant\">\n<div class=\"text-base my-auto mx-auto pb-10 [--thread-content-margin:var(--thread-content-margin-xs,calc(var(--spacing)*4))] @w-sm\/main:[--thread-content-margin:var(--thread-content-margin-sm,calc(var(--spacing)*6))] @w-lg\/main:[--thread-content-margin:var(--thread-content-margin-lg,calc(var(--spacing)*16))] px-(--thread-content-margin)\">\n<div class=\"[--thread-content-max-width:40rem] @w-lg\/main:[--thread-content-max-width:48rem] mx-auto max-w-(--thread-content-max-width) flex-1 group\/turn-messages focus-visible:outline-hidden relative flex w-full min-w-0 flex-col agent-turn\">\n<div class=\"flex max-w-full flex-col gap-4 grow\">\n<div class=\"min-h-8 text-message relative flex w-full flex-col items-end gap-2 text-start break-words whitespace-normal outline-none keyboard-focused:focus-ring [.text-message+&amp;]:mt-1\" dir=\"auto\" tabindex=\"0\" data-message-author-role=\"assistant\" data-message-id=\"b352ed3a-9c46-49e5-8e2c-32288470b160\" data-message-model-slug=\"gpt-5-5\" data-turn-start-message=\"true\">\n<div class=\"flex w-full flex-col gap-1 empty:hidden\">\n<div class=\"markdown prose dark:prose-invert wrap-break-word w-full light markdown-new-styling\">\n<p data-start=\"0\" data-end=\"82\"><strong data-start=\"0\" data-end=\"82\">Sellador Impermeable para Techos y Reparaciones \u2013 Adhesivo de Alta Resistencia<\/strong><\/p>\n<p data-start=\"84\" data-end=\"315\">Solucion\u00e1 filtraciones, grietas y uniones da\u00f1adas de forma r\u00e1pida y efectiva con este sellador impermeable multiuso. Dise\u00f1ado para reparaciones del hogar, brinda un sellado resistente y duradero tanto en interiores como exteriores.<\/p>\n<h5 data-section-id=\"zmewqp\" data-start=\"317\" data-end=\"348\">Caracter\u00edsticas principales<\/h5>\n<p data-start=\"350\" data-end=\"512\"><strong data-start=\"350\" data-end=\"388\">Sellado eficaz contra filtraciones<\/strong><br data-start=\"388\" data-end=\"391\" \/>Ideal para reparar techos, juntas, grietas y zonas expuestas a humedad, ayudando a prevenir filtraciones y da\u00f1os mayores.<\/p>\n<p data-start=\"514\" data-end=\"680\"><strong data-start=\"514\" data-end=\"539\">Boquilla de precisi\u00f3n<\/strong><br data-start=\"539\" data-end=\"542\" \/>Su aplicador con punta fina permite una colocaci\u00f3n controlada y prolija, ideal para trabajar en espacios reducidos o detalles espec\u00edficos.<\/p>\n<p data-start=\"682\" data-end=\"829\"><strong data-start=\"682\" data-end=\"710\">F\u00f3rmula de alta densidad<\/strong><br data-start=\"710\" data-end=\"713\" \/>Proporciona excelente adherencia y cobertura uniforme, creando una capa protectora resistente al agua y al desgaste.<\/p>\n<p data-start=\"831\" data-end=\"980\"><strong data-start=\"831\" data-end=\"858\">Uso interior y exterior<\/strong><br data-start=\"858\" data-end=\"861\" \/>Apto para distintas superficies y condiciones clim\u00e1ticas, ofreciendo una soluci\u00f3n pr\u00e1ctica para m\u00faltiples reparaciones.<\/p>\n<h5 data-section-id=\"1h9hwar\" data-start=\"982\" data-end=\"1011\">Aplicaciones recomendadas<\/h5>\n<ul data-start=\"1013\" data-end=\"1162\">\n<li data-section-id=\"1alxqdm\" data-start=\"1013\" data-end=\"1044\">Grietas y fisuras en techos<\/li>\n<li data-section-id=\"12k5o2t\" data-start=\"1045\" data-end=\"1084\">Juntas de tuber\u00edas en cocina o ba\u00f1o<\/li>\n<li data-section-id=\"36k6ds\" data-start=\"1085\" data-end=\"1107\">Bordes de ventanas<\/li>\n<li data-section-id=\"1lrzmho\" data-start=\"1108\" data-end=\"1130\">Rajaduras en pisos<\/li>\n<li data-section-id=\"9kawts\" data-start=\"1131\" data-end=\"1162\">Uniones expuestas a humedad<\/li>\n<\/ul>\n<h5 data-section-id=\"g5yl83\" data-start=\"1164\" data-end=\"1178\">Beneficios<\/h5>\n<ul data-start=\"1180\" data-end=\"1355\">\n<li data-section-id=\"1qapo50\" data-start=\"1180\" data-end=\"1219\">F\u00e1cil aplicaci\u00f3n y secado eficiente<\/li>\n<li data-section-id=\"1f42ml2\" data-start=\"1220\" data-end=\"1263\">Protege contra agua, humedad y desgaste<\/li>\n<li data-section-id=\"vli1y4\" data-start=\"1264\" data-end=\"1326\">Ideal para mantenimiento preventivo y reparaciones r\u00e1pidas<\/li>\n<li data-section-id=\"a14w5t\" data-start=\"1327\" data-end=\"1355\">Acabado firme y duradero<\/li>\n<\/ul>\n<h5 data-section-id=\"epc39b\" data-start=\"1357\" data-end=\"1377\">Especificaciones<\/h5>\n<ul data-start=\"1379\" data-end=\"1441\">\n<li data-section-id=\"1bvj9nx\" data-start=\"1379\" data-end=\"1412\">Tama\u00f1o aproximado: 9 x 7,6 cm<\/li>\n<li data-section-id=\"q07bzi\" data-start=\"1413\" data-end=\"1441\">Uso: Interior \/ Exterior<\/li>\n<\/ul>\n<h5 data-section-id=\"1h3qitx\" data-start=\"1443\" data-end=\"1468\">Contenido del paquete<\/h5>\n<ul data-start=\"1470\" data-end=\"1520\">\n<li data-section-id=\"hqd92u\" data-start=\"1470\" data-end=\"1496\">1 sellador impermeable<\/li>\n<li data-section-id=\"1k4hpi\" data-start=\"1497\" data-end=\"1520\">1 cepillo aplicador<\/li>\n<\/ul>\n<p data-start=\"1522\" data-end=\"1617\" data-is-last-node=\"\" data-is-only-node=\"\">Una soluci\u00f3n pr\u00e1ctica y confiable para mantener tu hogar protegido y en excelentes condiciones.<\/p>\n<\/div>\n<\/div>\n<\/div>\n<\/div>\n<\/div>\n<\/div>\n<\/section>\n<\/div>\n<\/div>\n","protected":false},"excerpt":{"rendered":"<p>Sellador Impermeable para Techos y Reparaciones \u2013 Adhesivo de Alta Resistencia Solucion\u00e1 filtraciones, grietas y uniones da\u00f1adas de forma r\u00e1pida y efectiva con este sellador impermeable multiuso. Dise\u00f1ado para reparaciones del hogar, brinda un sellado resistente y duradero tanto en interiores como exteriores. Caracter\u00edsticas principales Sellado eficaz contra filtracionesIdeal para reparar techos, juntas, grietas y [&hellip;]<\/p>\n","protected":false},"featured_media":17966,"template":"","meta":{"site-sidebar-layout":"default","site-content-layout":"","ast-site-content-layout":"default","site-content-style":"default","site-sidebar-style":"default","ast-global-header-display":"","ast-banner-title-visibility":"","ast-main-header-display":"","ast-hfb-above-header-display":"","ast-hfb-below-header-display":"","ast-hfb-mobile-header-display":"","site-post-title":"","ast-breadcrumbs-content":"","ast-featured-img":"","footer-sml-layout":"","ast-disable-related-posts":"","theme-transparent-header-meta":"default","adv-header-id-meta":"","stick-header-meta":"","header-above-stick-meta":"","header-main-stick-meta":"","header-below-stick-meta":"","astra-migrate-meta-layouts":"set","ast-page-background-enabled":"default","ast-page-background-meta":{"desktop":{"background-color":"var(--ast-global-color-4)","background-image":"","background-repeat":"repeat","background-position":"center center","background-size":"auto","background-attachment":"scroll","background-type":"","background-media":"","overlay-type":"","overlay-color":"","overlay-opacity":"","overlay-gradient":""},"tablet":{"background-color":"","background-image":"","background-repeat":"repeat","background-position":"center center","background-size":"auto","background-attachment":"scroll","background-type":"","background-media":"","overlay-type":"","overlay-color":"","overlay-opacity":"","overlay-gradient":""},"mobile":{"background-color":"","background-image":"","background-repeat":"repeat","background-position":"center center","background-size":"auto","background-attachment":"scroll","background-type":"","background-media":"","overlay-type":"","overlay-color":"","overlay-opacity":"","overlay-gradient":""}},"ast-content-background-meta":{"desktop":{"background-color":"var(--ast-global-color-5)","background-image":"","background-repeat":"repeat","background-position":"center center","background-size":"auto","background-attachment":"scroll","background-type":"","background-media":"","overlay-type":"","overlay-color":"","overlay-opacity":"","overlay-gradient":""},"tablet":{"background-color":"var(--ast-global-color-5)","background-image":"","background-repeat":"repeat","background-position":"center center","background-size":"auto","background-attachment":"scroll","background-type":"","background-media":"","overlay-type":"","overlay-color":"","overlay-opacity":"","overlay-gradient":""},"mobile":{"background-color":"var(--ast-global-color-5)","background-image":"","background-repeat":"repeat","background-position":"center center","background-size":"auto","background-attachment":"scroll","background-type":"","background-media":"","overlay-type":"","overlay-color":"","overlay-opacity":"","overlay-gradient":""}}},"product_brand":[],"product_cat":[459,448],"product_tag":[],"class_list":{"0":"post-17960","1":"product","2":"type-product","3":"status-publish","4":"has-post-thumbnail","6":"product_cat-hogar-y-limpieza","7":"product_cat-tecnologia-y-hogar","8":"desktop-align-left","9":"tablet-align-left","10":"mobile-align-left","12":"first","13":"instock","14":"shipping-taxable","15":"purchasable","16":"product-type-simple"},"yoast_head":"<!-- This site is optimized with the Yoast SEO plugin v27.3 - https:\/\/yoast.com\/product\/yoast-seo-wordpress\/ -->\n<title>Sellador Para Reparaci\u00f3n De Fugas Herramienta De Adhesivo - ROSE MVD<\/title>\n<meta name=\"description\" content=\"Solucion\u00e1 filtraciones, grietas y uniones da\u00f1adas de forma r\u00e1pida y efectiva con este sellador impermeable multiuso. Dise\u00f1ado para reparaciones del hogar\" \/>\n<meta name=\"robots\" content=\"index, follow, max-snippet:-1, max-image-preview:large, max-video-preview:-1\" \/>\n<link rel=\"canonical\" href=\"https:\/\/rosemvd.com\/index.php\/producto\/sellador-para-reparacion-de-fugas-herramienta-de-adhesivo\/\" \/>\n<meta property=\"og:locale\" content=\"es_ES\" \/>\n<meta property=\"og:type\" content=\"article\" \/>\n<meta property=\"og:title\" content=\"Sellador Para Reparaci\u00f3n De Fugas Herramienta De Adhesivo - ROSE MVD\" \/>\n<meta property=\"og:description\" content=\"Solucion\u00e1 filtraciones, grietas y uniones da\u00f1adas de forma r\u00e1pida y efectiva con este sellador impermeable multiuso. Dise\u00f1ado para reparaciones del hogar\" \/>\n<meta property=\"og:url\" content=\"https:\/\/rosemvd.com\/index.php\/producto\/sellador-para-reparacion-de-fugas-herramienta-de-adhesivo\/\" \/>\n<meta property=\"og:site_name\" content=\"ROSE MVD\" \/>\n<meta property=\"article:publisher\" content=\"https:\/\/www.facebook.com\/TiendaRoseMvd\" \/>\n<meta property=\"article:modified_time\" content=\"2026-05-11T13:44:13+00:00\" \/>\n<meta property=\"og:image\" content=\"https:\/\/rosemvd.com\/wp-content\/uploads\/2026\/05\/D_NQ_NP_2X_810922-CBT94811766592_102025-F.webp\" \/>\n\t<meta property=\"og:image:width\" content=\"1200\" \/>\n\t<meta property=\"og:image:height\" content=\"1047\" \/>\n\t<meta property=\"og:image:type\" content=\"image\/webp\" \/>\n<meta name=\"twitter:card\" content=\"summary_large_image\" \/>\n<meta name=\"twitter:label1\" content=\"Tiempo de lectura\" \/>\n\t<meta name=\"twitter:data1\" content=\"2 minutos\" \/>\n<script type=\"application\/ld+json\" class=\"yoast-schema-graph\">{\"@context\":\"https:\\\/\\\/schema.org\",\"@graph\":[{\"@type\":\"WebPage\",\"@id\":\"https:\\\/\\\/rosemvd.com\\\/index.php\\\/producto\\\/sellador-para-reparacion-de-fugas-herramienta-de-adhesivo\\\/\",\"url\":\"https:\\\/\\\/rosemvd.com\\\/index.php\\\/producto\\\/sellador-para-reparacion-de-fugas-herramienta-de-adhesivo\\\/\",\"name\":\"Sellador Para Reparaci\u00f3n De Fugas Herramienta De Adhesivo - ROSE MVD\",\"isPartOf\":{\"@id\":\"https:\\\/\\\/rosemvd.com\\\/#website\"},\"primaryImageOfPage\":{\"@id\":\"https:\\\/\\\/rosemvd.com\\\/index.php\\\/producto\\\/sellador-para-reparacion-de-fugas-herramienta-de-adhesivo\\\/#primaryimage\"},\"image\":{\"@id\":\"https:\\\/\\\/rosemvd.com\\\/index.php\\\/producto\\\/sellador-para-reparacion-de-fugas-herramienta-de-adhesivo\\\/#primaryimage\"},\"thumbnailUrl\":\"https:\\\/\\\/rosemvd.com\\\/wp-content\\\/uploads\\\/2026\\\/05\\\/D_NQ_NP_2X_810922-CBT94811766592_102025-F.webp\",\"datePublished\":\"2026-05-11T13:44:06+00:00\",\"dateModified\":\"2026-05-11T13:44:13+00:00\",\"description\":\"Solucion\u00e1 filtraciones, grietas y uniones da\u00f1adas de forma r\u00e1pida y efectiva con este sellador impermeable multiuso. Dise\u00f1ado para reparaciones del hogar\",\"breadcrumb\":{\"@id\":\"https:\\\/\\\/rosemvd.com\\\/index.php\\\/producto\\\/sellador-para-reparacion-de-fugas-herramienta-de-adhesivo\\\/#breadcrumb\"},\"inLanguage\":\"es\",\"potentialAction\":[{\"@type\":\"ReadAction\",\"target\":[\"https:\\\/\\\/rosemvd.com\\\/index.php\\\/producto\\\/sellador-para-reparacion-de-fugas-herramienta-de-adhesivo\\\/\"]}]},{\"@type\":\"ImageObject\",\"inLanguage\":\"es\",\"@id\":\"https:\\\/\\\/rosemvd.com\\\/index.php\\\/producto\\\/sellador-para-reparacion-de-fugas-herramienta-de-adhesivo\\\/#primaryimage\",\"url\":\"https:\\\/\\\/rosemvd.com\\\/wp-content\\\/uploads\\\/2026\\\/05\\\/D_NQ_NP_2X_810922-CBT94811766592_102025-F.webp\",\"contentUrl\":\"https:\\\/\\\/rosemvd.com\\\/wp-content\\\/uploads\\\/2026\\\/05\\\/D_NQ_NP_2X_810922-CBT94811766592_102025-F.webp\",\"width\":1200,\"height\":1047},{\"@type\":\"BreadcrumbList\",\"@id\":\"https:\\\/\\\/rosemvd.com\\\/index.php\\\/producto\\\/sellador-para-reparacion-de-fugas-herramienta-de-adhesivo\\\/#breadcrumb\",\"itemListElement\":[{\"@type\":\"ListItem\",\"position\":1,\"name\":\"Portada\",\"item\":\"https:\\\/\\\/rosemvd.com\\\/\"},{\"@type\":\"ListItem\",\"position\":2,\"name\":\"Tienda\",\"item\":\"https:\\\/\\\/rosemvd.com\\\/index.php\\\/tienda\\\/\"},{\"@type\":\"ListItem\",\"position\":3,\"name\":\"Sellador Para Reparaci\u00f3n De Fugas Herramienta De Adhesivo\"}]},{\"@type\":\"WebSite\",\"@id\":\"https:\\\/\\\/rosemvd.com\\\/#website\",\"url\":\"https:\\\/\\\/rosemvd.com\\\/\",\"name\":\"ROSE MVD\",\"description\":\"Todo lo que no sab\u00edas que necesitabas, lo \u00faltimo en tendencia, utilidad e innovaci\u00f3n\",\"publisher\":{\"@id\":\"https:\\\/\\\/rosemvd.com\\\/#organization\"},\"potentialAction\":[{\"@type\":\"SearchAction\",\"target\":{\"@type\":\"EntryPoint\",\"urlTemplate\":\"https:\\\/\\\/rosemvd.com\\\/?s={search_term_string}\"},\"query-input\":{\"@type\":\"PropertyValueSpecification\",\"valueRequired\":true,\"valueName\":\"search_term_string\"}}],\"inLanguage\":\"es\"},{\"@type\":\"Organization\",\"@id\":\"https:\\\/\\\/rosemvd.com\\\/#organization\",\"name\":\"ROSE MVD\",\"alternateName\":\"ROSE MVD\",\"url\":\"https:\\\/\\\/rosemvd.com\\\/\",\"logo\":{\"@type\":\"ImageObject\",\"inLanguage\":\"es\",\"@id\":\"https:\\\/\\\/rosemvd.com\\\/#\\\/schema\\\/logo\\\/image\\\/\",\"url\":\"https:\\\/\\\/rosemvd.com\\\/wp-content\\\/uploads\\\/2023\\\/03\\\/Sin-titulo-2_Mesa-de-trabajo-1.png\",\"contentUrl\":\"https:\\\/\\\/rosemvd.com\\\/wp-content\\\/uploads\\\/2023\\\/03\\\/Sin-titulo-2_Mesa-de-trabajo-1.png\",\"width\":2084,\"height\":2084,\"caption\":\"ROSE MVD\"},\"image\":{\"@id\":\"https:\\\/\\\/rosemvd.com\\\/#\\\/schema\\\/logo\\\/image\\\/\"},\"sameAs\":[\"https:\\\/\\\/www.facebook.com\\\/TiendaRoseMvd\",\"https:\\\/\\\/www.instagram.com\\\/rose.mvd\"]}]}<\/script>\n<!-- \/ Yoast SEO plugin. -->","yoast_head_json":{"title":"Sellador Para Reparaci\u00f3n De Fugas Herramienta De Adhesivo - ROSE MVD","description":"Solucion\u00e1 filtraciones, grietas y uniones da\u00f1adas de forma r\u00e1pida y efectiva con este sellador impermeable multiuso. Dise\u00f1ado para reparaciones del hogar","robots":{"index":"index","follow":"follow","max-snippet":"max-snippet:-1","max-image-preview":"max-image-preview:large","max-video-preview":"max-video-preview:-1"},"canonical":"https:\/\/rosemvd.com\/index.php\/producto\/sellador-para-reparacion-de-fugas-herramienta-de-adhesivo\/","og_locale":"es_ES","og_type":"article","og_title":"Sellador Para Reparaci\u00f3n De Fugas Herramienta De Adhesivo - ROSE MVD","og_description":"Solucion\u00e1 filtraciones, grietas y uniones da\u00f1adas de forma r\u00e1pida y efectiva con este sellador impermeable multiuso. Dise\u00f1ado para reparaciones del hogar","og_url":"https:\/\/rosemvd.com\/index.php\/producto\/sellador-para-reparacion-de-fugas-herramienta-de-adhesivo\/","og_site_name":"ROSE MVD","article_publisher":"https:\/\/www.facebook.com\/TiendaRoseMvd","article_modified_time":"2026-05-11T13:44:13+00:00","og_image":[{"width":1200,"height":1047,"url":"https:\/\/rosemvd.com\/wp-content\/uploads\/2026\/05\/D_NQ_NP_2X_810922-CBT94811766592_102025-F.webp","type":"image\/webp"}],"twitter_card":"summary_large_image","twitter_misc":{"Tiempo de lectura":"2 minutos"},"schema":{"@context":"https:\/\/schema.org","@graph":[{"@type":"WebPage","@id":"https:\/\/rosemvd.com\/index.php\/producto\/sellador-para-reparacion-de-fugas-herramienta-de-adhesivo\/","url":"https:\/\/rosemvd.com\/index.php\/producto\/sellador-para-reparacion-de-fugas-herramienta-de-adhesivo\/","name":"Sellador Para Reparaci\u00f3n De Fugas Herramienta De Adhesivo - ROSE MVD","isPartOf":{"@id":"https:\/\/rosemvd.com\/#website"},"primaryImageOfPage":{"@id":"https:\/\/rosemvd.com\/index.php\/producto\/sellador-para-reparacion-de-fugas-herramienta-de-adhesivo\/#primaryimage"},"image":{"@id":"https:\/\/rosemvd.com\/index.php\/producto\/sellador-para-reparacion-de-fugas-herramienta-de-adhesivo\/#primaryimage"},"thumbnailUrl":"https:\/\/rosemvd.com\/wp-content\/uploads\/2026\/05\/D_NQ_NP_2X_810922-CBT94811766592_102025-F.webp","datePublished":"2026-05-11T13:44:06+00:00","dateModified":"2026-05-11T13:44:13+00:00","description":"Solucion\u00e1 filtraciones, grietas y uniones da\u00f1adas de forma r\u00e1pida y efectiva con este sellador impermeable multiuso. Dise\u00f1ado para reparaciones del hogar","breadcrumb":{"@id":"https:\/\/rosemvd.com\/index.php\/producto\/sellador-para-reparacion-de-fugas-herramienta-de-adhesivo\/#breadcrumb"},"inLanguage":"es","potentialAction":[{"@type":"ReadAction","target":["https:\/\/rosemvd.com\/index.php\/producto\/sellador-para-reparacion-de-fugas-herramienta-de-adhesivo\/"]}]},{"@type":"ImageObject","inLanguage":"es","@id":"https:\/\/rosemvd.com\/index.php\/producto\/sellador-para-reparacion-de-fugas-herramienta-de-adhesivo\/#primaryimage","url":"https:\/\/rosemvd.com\/wp-content\/uploads\/2026\/05\/D_NQ_NP_2X_810922-CBT94811766592_102025-F.webp","contentUrl":"https:\/\/rosemvd.com\/wp-content\/uploads\/2026\/05\/D_NQ_NP_2X_810922-CBT94811766592_102025-F.webp","width":1200,"height":1047},{"@type":"BreadcrumbList","@id":"https:\/\/rosemvd.com\/index.php\/producto\/sellador-para-reparacion-de-fugas-herramienta-de-adhesivo\/#breadcrumb","itemListElement":[{"@type":"ListItem","position":1,"name":"Portada","item":"https:\/\/rosemvd.com\/"},{"@type":"ListItem","position":2,"name":"Tienda","item":"https:\/\/rosemvd.com\/index.php\/tienda\/"},{"@type":"ListItem","position":3,"name":"Sellador Para Reparaci\u00f3n De Fugas Herramienta De Adhesivo"}]},{"@type":"WebSite","@id":"https:\/\/rosemvd.com\/#website","url":"https:\/\/rosemvd.com\/","name":"ROSE MVD","description":"Todo lo que no sab\u00edas que necesitabas, lo \u00faltimo en tendencia, utilidad e innovaci\u00f3n","publisher":{"@id":"https:\/\/rosemvd.com\/#organization"},"potentialAction":[{"@type":"SearchAction","target":{"@type":"EntryPoint","urlTemplate":"https:\/\/rosemvd.com\/?s={search_term_string}"},"query-input":{"@type":"PropertyValueSpecification","valueRequired":true,"valueName":"search_term_string"}}],"inLanguage":"es"},{"@type":"Organization","@id":"https:\/\/rosemvd.com\/#organization","name":"ROSE MVD","alternateName":"ROSE MVD","url":"https:\/\/rosemvd.com\/","logo":{"@type":"ImageObject","inLanguage":"es","@id":"https:\/\/rosemvd.com\/#\/schema\/logo\/image\/","url":"https:\/\/rosemvd.com\/wp-content\/uploads\/2023\/03\/Sin-titulo-2_Mesa-de-trabajo-1.png","contentUrl":"https:\/\/rosemvd.com\/wp-content\/uploads\/2023\/03\/Sin-titulo-2_Mesa-de-trabajo-1.png","width":2084,"height":2084,"caption":"ROSE MVD"},"image":{"@id":"https:\/\/rosemvd.com\/#\/schema\/logo\/image\/"},"sameAs":["https:\/\/www.facebook.com\/TiendaRoseMvd","https:\/\/www.instagram.com\/rose.mvd"]}]}},"_links":{"self":[{"href":"https:\/\/rosemvd.com\/index.php\/wp-json\/wp\/v2\/product\/17960","targetHints":{"allow":["GET"]}}],"collection":[{"href":"https:\/\/rosemvd.com\/index.php\/wp-json\/wp\/v2\/product"}],"about":[{"href":"https:\/\/rosemvd.com\/index.php\/wp-json\/wp\/v2\/types\/product"}],"wp:featuredmedia":[{"embeddable":true,"href":"https:\/\/rosemvd.com\/index.php\/wp-json\/wp\/v2\/media\/17966"}],"wp:attachment":[{"href":"https:\/\/rosemvd.com\/index.php\/wp-json\/wp\/v2\/media?parent=17960"}],"wp:term":[{"taxonomy":"product_brand","embeddable":true,"href":"https:\/\/rosemvd.com\/index.php\/wp-json\/wp\/v2\/product_brand?post=17960"},{"taxonomy":"product_cat","embeddable":true,"href":"https:\/\/rosemvd.com\/index.php\/wp-json\/wp\/v2\/product_cat?post=17960"},{"taxonomy":"product_tag","embeddable":true,"href":"https:\/\/rosemvd.com\/index.php\/wp-json\/wp\/v2\/product_tag?post=17960"}],"curies":[{"name":"wp","href":"https:\/\/api.w.org\/{rel}","templated":true}]}}