{"id":17317,"date":"2026-04-10T13:41:36","date_gmt":"2026-04-10T16:41:36","guid":{"rendered":"https:\/\/rosemvd.com\/?post_type=product&#038;p=17317"},"modified":"2026-04-10T13:41:36","modified_gmt":"2026-04-10T16:41:36","slug":"gorro-de-natacion-de-silicona","status":"publish","type":"product","link":"https:\/\/rosemvd.com\/index.php\/producto\/gorro-de-natacion-de-silicona\/","title":{"rendered":"Gorro de Nataci\u00f3n de Silicona"},"content":{"rendered":"<div class=\"flex flex-col text-sm pb-25\">\n<section class=\"text-token-text-primary w-full focus:outline-none [--shadow-height:45px] has-data-writing-block:pointer-events-none has-data-writing-block:-mt-(--shadow-height) has-data-writing-block:pt-(--shadow-height) [&amp;:has([data-writing-block])&gt;*]:pointer-events-auto scroll-mt-[calc(var(--header-height)+min(200px,max(70px,20svh)))]\" dir=\"auto\" data-turn-id=\"request-69d529f3-74a8-83e9-8198-09ca0b697b06-14\" data-testid=\"conversation-turn-58\" data-scroll-anchor=\"true\" data-turn=\"assistant\">\n<div class=\"text-base my-auto mx-auto pb-10 [--thread-content-margin:var(--thread-content-margin-xs,calc(var(--spacing)*4))] @w-sm\/main:[--thread-content-margin:var(--thread-content-margin-sm,calc(var(--spacing)*6))] @w-lg\/main:[--thread-content-margin:var(--thread-content-margin-lg,calc(var(--spacing)*16))] px-(--thread-content-margin)\">\n<div class=\"[--thread-content-max-width:40rem] @w-lg\/main:[--thread-content-max-width:48rem] mx-auto max-w-(--thread-content-max-width) flex-1 group\/turn-messages focus-visible:outline-hidden relative flex w-full min-w-0 flex-col agent-turn\">\n<div class=\"flex max-w-full flex-col gap-4 grow\">\n<div class=\"min-h-8 text-message relative flex w-full flex-col items-end gap-2 text-start break-words whitespace-normal outline-none keyboard-focused:focus-ring [.text-message+&amp;]:mt-1\" dir=\"auto\" tabindex=\"0\" data-message-author-role=\"assistant\" data-message-id=\"fb087ba1-d992-48b5-a9eb-a81dc0e83ff0\" data-message-model-slug=\"gpt-5-3\" data-turn-start-message=\"true\">\n<div class=\"flex w-full flex-col gap-1 empty:hidden\">\n<div class=\"markdown prose dark:prose-invert w-full wrap-break-word light markdown-new-styling\">\n<p data-start=\"77\" data-end=\"156\"><strong data-start=\"77\" data-end=\"156\">Gorro de Nataci\u00f3n de Silicona con Protecci\u00f3n para O\u00eddos \u2013 Ajuste Ergon\u00f3mico<\/strong><\/p>\n<p data-start=\"158\" data-end=\"385\">Gorro de nataci\u00f3n dise\u00f1ado para brindar comodidad, protecci\u00f3n y un ajuste seguro durante el uso. Su dise\u00f1o tridimensional se adapta a la forma de la cabeza, ayudando a cubrir mejor el cabello y protegiendo la zona de los o\u00eddos.<\/p>\n<p data-start=\"387\" data-end=\"525\">Fabricado en silicona de alta calidad, es flexible, resistente y f\u00e1cil de colocar, manteniendo su forma incluso despu\u00e9s de m\u00faltiples usos.<\/p>\n<p data-start=\"527\" data-end=\"559\"><strong data-start=\"527\" data-end=\"559\">Caracter\u00edsticas principales:<\/strong><\/p>\n<ul data-start=\"560\" data-end=\"814\">\n<li data-section-id=\"yc9304\" data-start=\"560\" data-end=\"611\">Material de silicona suave, flexible y duradero<\/li>\n<li data-section-id=\"ccjbo5\" data-start=\"612\" data-end=\"648\">Dise\u00f1o ergon\u00f3mico tridimensional<\/li>\n<li data-section-id=\"pep5qs\" data-start=\"649\" data-end=\"699\">Protecci\u00f3n adicional para la zona de los o\u00eddos<\/li>\n<li data-section-id=\"s7ui2u\" data-start=\"700\" data-end=\"758\">Alta elasticidad, apto para distintos tipos de cabello<\/li>\n<li data-section-id=\"5ic6vb\" data-start=\"759\" data-end=\"814\">Ajuste firme y c\u00f3modo, sin generar presi\u00f3n excesiva<\/li>\n<\/ul>\n<p data-start=\"816\" data-end=\"831\"><strong data-start=\"816\" data-end=\"831\">Beneficios:<\/strong><\/p>\n<ul data-start=\"832\" data-end=\"1024\">\n<li data-section-id=\"1woyso9\" data-start=\"832\" data-end=\"883\">Ayuda a reducir la entrada de agua en los o\u00eddos<\/li>\n<li data-section-id=\"1azg1ew\" data-start=\"884\" data-end=\"929\">Protege el cabello del contacto con cloro<\/li>\n<li data-section-id=\"9nut7p\" data-start=\"930\" data-end=\"960\">F\u00e1cil de colocar y retirar<\/li>\n<li data-section-id=\"1v2pqwt\" data-start=\"961\" data-end=\"1024\">Ideal para uso frecuente en piscina o actividades acu\u00e1ticas<\/li>\n<\/ul>\n<p data-start=\"1026\" data-end=\"1048\"><strong data-start=\"1026\" data-end=\"1048\">Usos recomendados:<\/strong><\/p>\n<ul data-start=\"1049\" data-end=\"1140\">\n<li data-section-id=\"199ex0s\" data-start=\"1049\" data-end=\"1088\">Nataci\u00f3n en piscina o al aire libre<\/li>\n<li data-section-id=\"v3hi35\" data-start=\"1089\" data-end=\"1121\">Entrenamiento y competencias<\/li>\n<li data-section-id=\"114s45j\" data-start=\"1122\" data-end=\"1140\">Uso recreativo<\/li>\n<\/ul>\n<p data-start=\"1142\" data-end=\"1163\"><strong data-start=\"1142\" data-end=\"1163\">Especificaciones:<\/strong><\/p>\n<ul data-start=\"1164\" data-end=\"1245\">\n<li data-section-id=\"tyir2d\" data-start=\"1164\" data-end=\"1186\">Material: silicona<\/li>\n<li data-section-id=\"1008zfi\" data-start=\"1187\" data-end=\"1203\">Color: negro<\/li>\n<li data-section-id=\"14sr91v\" data-start=\"1204\" data-end=\"1245\">Apto para adultos (hombres y mujeres)<\/li>\n<\/ul>\n<p data-start=\"1247\" data-end=\"1273\"><strong data-start=\"1247\" data-end=\"1273\">Contenido del paquete:<\/strong><\/p>\n<ul data-start=\"1274\" data-end=\"1297\">\n<li data-section-id=\"1fr28sy\" data-start=\"1274\" data-end=\"1297\">1 gorro de nataci\u00f3n<\/li>\n<\/ul>\n<p data-start=\"1299\" data-end=\"1319\"><em><strong data-start=\"1299\" data-end=\"1319\">Recomendaciones:<\/strong><\/em><\/p>\n<ul data-start=\"1320\" data-end=\"1443\">\n<li data-section-id=\"1hl8jmz\" data-start=\"1320\" data-end=\"1368\"><em>Enjuagar con agua limpia despu\u00e9s de cada uso<\/em><\/li>\n<li data-section-id=\"jze310\" data-start=\"1369\" data-end=\"1395\"><em>Secar antes de guardar<\/em><\/li>\n<li data-section-id=\"r0co19\" data-start=\"1396\" data-end=\"1443\"><em>Evitar objetos punzantes que puedan da\u00f1arlo<\/em><\/li>\n<\/ul>\n<p data-start=\"1445\" data-end=\"1537\" data-is-last-node=\"\" data-is-only-node=\"\">Una opci\u00f3n pr\u00e1ctica y c\u00f3moda para nadadores que buscan protecci\u00f3n y buen ajuste en cada uso.<\/p>\n<\/div>\n<\/div>\n<\/div>\n<\/div>\n<\/div>\n<\/div>\n<\/section>\n<\/div>\n","protected":false},"excerpt":{"rendered":"<p>Gorro de Nataci\u00f3n de Silicona con Protecci\u00f3n para O\u00eddos \u2013 Ajuste Ergon\u00f3mico Gorro de nataci\u00f3n dise\u00f1ado para brindar comodidad, protecci\u00f3n y un ajuste seguro durante el uso. Su dise\u00f1o tridimensional se adapta a la forma de la cabeza, ayudando a cubrir mejor el cabello y protegiendo la zona de los o\u00eddos. Fabricado en silicona de [&hellip;]<\/p>\n","protected":false},"featured_media":17321,"template":"","meta":{"site-sidebar-layout":"default","site-content-layout":"","ast-site-content-layout":"default","site-content-style":"default","site-sidebar-style":"default","ast-global-header-display":"","ast-banner-title-visibility":"","ast-main-header-display":"","ast-hfb-above-header-display":"","ast-hfb-below-header-display":"","ast-hfb-mobile-header-display":"","site-post-title":"","ast-breadcrumbs-content":"","ast-featured-img":"","footer-sml-layout":"","ast-disable-related-posts":"","theme-transparent-header-meta":"default","adv-header-id-meta":"","stick-header-meta":"","header-above-stick-meta":"","header-main-stick-meta":"","header-below-stick-meta":"","astra-migrate-meta-layouts":"set","ast-page-background-enabled":"default","ast-page-background-meta":{"desktop":{"background-color":"var(--ast-global-color-4)","background-image":"","background-repeat":"repeat","background-position":"center center","background-size":"auto","background-attachment":"scroll","background-type":"","background-media":"","overlay-type":"","overlay-color":"","overlay-opacity":"","overlay-gradient":""},"tablet":{"background-color":"","background-image":"","background-repeat":"repeat","background-position":"center center","background-size":"auto","background-attachment":"scroll","background-type":"","background-media":"","overlay-type":"","overlay-color":"","overlay-opacity":"","overlay-gradient":""},"mobile":{"background-color":"","background-image":"","background-repeat":"repeat","background-position":"center center","background-size":"auto","background-attachment":"scroll","background-type":"","background-media":"","overlay-type":"","overlay-color":"","overlay-opacity":"","overlay-gradient":""}},"ast-content-background-meta":{"desktop":{"background-color":"var(--ast-global-color-5)","background-image":"","background-repeat":"repeat","background-position":"center center","background-size":"auto","background-attachment":"scroll","background-type":"","background-media":"","overlay-type":"","overlay-color":"","overlay-opacity":"","overlay-gradient":""},"tablet":{"background-color":"var(--ast-global-color-5)","background-image":"","background-repeat":"repeat","background-position":"center center","background-size":"auto","background-attachment":"scroll","background-type":"","background-media":"","overlay-type":"","overlay-color":"","overlay-opacity":"","overlay-gradient":""},"mobile":{"background-color":"var(--ast-global-color-5)","background-image":"","background-repeat":"repeat","background-position":"center center","background-size":"auto","background-attachment":"scroll","background-type":"","background-media":"","overlay-type":"","overlay-color":"","overlay-opacity":"","overlay-gradient":""}}},"product_brand":[],"product_cat":[368,389],"product_tag":[],"class_list":{"0":"post-17317","1":"product","2":"type-product","3":"status-publish","4":"has-post-thumbnail","6":"product_cat-otros","7":"product_cat-varios","8":"desktop-align-left","9":"tablet-align-left","10":"mobile-align-left","12":"first","13":"instock","14":"shipping-taxable","15":"purchasable","16":"product-type-simple"},"yoast_head":"<!-- This site is optimized with the Yoast SEO plugin v27.3 - https:\/\/yoast.com\/product\/yoast-seo-wordpress\/ -->\n<title>Gorro de Nataci\u00f3n de Silicona - ROSE MVD<\/title>\n<meta name=\"description\" content=\"Gorro de nataci\u00f3n dise\u00f1ado para brindar comodidad, protecci\u00f3n y un ajuste seguro durante el uso. Fabricado en silicona de alta calidad\" \/>\n<meta name=\"robots\" content=\"index, follow, max-snippet:-1, max-image-preview:large, max-video-preview:-1\" \/>\n<link rel=\"canonical\" href=\"https:\/\/rosemvd.com\/index.php\/producto\/gorro-de-natacion-de-silicona\/\" \/>\n<meta property=\"og:locale\" content=\"es_ES\" \/>\n<meta property=\"og:type\" content=\"article\" \/>\n<meta property=\"og:title\" content=\"Gorro de Nataci\u00f3n de Silicona - ROSE MVD\" \/>\n<meta property=\"og:description\" content=\"Gorro de nataci\u00f3n dise\u00f1ado para brindar comodidad, protecci\u00f3n y un ajuste seguro durante el uso. Fabricado en silicona de alta calidad\" \/>\n<meta property=\"og:url\" content=\"https:\/\/rosemvd.com\/index.php\/producto\/gorro-de-natacion-de-silicona\/\" \/>\n<meta property=\"og:site_name\" content=\"ROSE MVD\" \/>\n<meta property=\"article:publisher\" content=\"https:\/\/www.facebook.com\/TiendaRoseMvd\" \/>\n<meta property=\"og:image\" content=\"https:\/\/rosemvd.com\/wp-content\/uploads\/2026\/04\/D_NQ_NP_2X_791663-MLM84548148470_052025-F.webp\" \/>\n\t<meta property=\"og:image:width\" content=\"792\" \/>\n\t<meta property=\"og:image:height\" content=\"608\" \/>\n\t<meta property=\"og:image:type\" content=\"image\/webp\" \/>\n<meta name=\"twitter:card\" content=\"summary_large_image\" \/>\n<meta name=\"twitter:label1\" content=\"Tiempo de lectura\" \/>\n\t<meta name=\"twitter:data1\" content=\"2 minutos\" \/>\n<script type=\"application\/ld+json\" class=\"yoast-schema-graph\">{\"@context\":\"https:\\\/\\\/schema.org\",\"@graph\":[{\"@type\":\"WebPage\",\"@id\":\"https:\\\/\\\/rosemvd.com\\\/index.php\\\/producto\\\/gorro-de-natacion-de-silicona\\\/\",\"url\":\"https:\\\/\\\/rosemvd.com\\\/index.php\\\/producto\\\/gorro-de-natacion-de-silicona\\\/\",\"name\":\"Gorro de Nataci\u00f3n de Silicona - ROSE MVD\",\"isPartOf\":{\"@id\":\"https:\\\/\\\/rosemvd.com\\\/#website\"},\"primaryImageOfPage\":{\"@id\":\"https:\\\/\\\/rosemvd.com\\\/index.php\\\/producto\\\/gorro-de-natacion-de-silicona\\\/#primaryimage\"},\"image\":{\"@id\":\"https:\\\/\\\/rosemvd.com\\\/index.php\\\/producto\\\/gorro-de-natacion-de-silicona\\\/#primaryimage\"},\"thumbnailUrl\":\"https:\\\/\\\/rosemvd.com\\\/wp-content\\\/uploads\\\/2026\\\/04\\\/D_NQ_NP_2X_791663-MLM84548148470_052025-F.webp\",\"datePublished\":\"2026-04-10T16:41:36+00:00\",\"description\":\"Gorro de nataci\u00f3n dise\u00f1ado para brindar comodidad, protecci\u00f3n y un ajuste seguro durante el uso. Fabricado en silicona de alta calidad\",\"breadcrumb\":{\"@id\":\"https:\\\/\\\/rosemvd.com\\\/index.php\\\/producto\\\/gorro-de-natacion-de-silicona\\\/#breadcrumb\"},\"inLanguage\":\"es\",\"potentialAction\":[{\"@type\":\"ReadAction\",\"target\":[\"https:\\\/\\\/rosemvd.com\\\/index.php\\\/producto\\\/gorro-de-natacion-de-silicona\\\/\"]}]},{\"@type\":\"ImageObject\",\"inLanguage\":\"es\",\"@id\":\"https:\\\/\\\/rosemvd.com\\\/index.php\\\/producto\\\/gorro-de-natacion-de-silicona\\\/#primaryimage\",\"url\":\"https:\\\/\\\/rosemvd.com\\\/wp-content\\\/uploads\\\/2026\\\/04\\\/D_NQ_NP_2X_791663-MLM84548148470_052025-F.webp\",\"contentUrl\":\"https:\\\/\\\/rosemvd.com\\\/wp-content\\\/uploads\\\/2026\\\/04\\\/D_NQ_NP_2X_791663-MLM84548148470_052025-F.webp\",\"width\":792,\"height\":608},{\"@type\":\"BreadcrumbList\",\"@id\":\"https:\\\/\\\/rosemvd.com\\\/index.php\\\/producto\\\/gorro-de-natacion-de-silicona\\\/#breadcrumb\",\"itemListElement\":[{\"@type\":\"ListItem\",\"position\":1,\"name\":\"Portada\",\"item\":\"https:\\\/\\\/rosemvd.com\\\/\"},{\"@type\":\"ListItem\",\"position\":2,\"name\":\"Tienda\",\"item\":\"https:\\\/\\\/rosemvd.com\\\/index.php\\\/tienda\\\/\"},{\"@type\":\"ListItem\",\"position\":3,\"name\":\"Gorro de Nataci\u00f3n de Silicona\"}]},{\"@type\":\"WebSite\",\"@id\":\"https:\\\/\\\/rosemvd.com\\\/#website\",\"url\":\"https:\\\/\\\/rosemvd.com\\\/\",\"name\":\"ROSE MVD\",\"description\":\"Todo lo que buscas lo pod\u00e9s encontrar en rose mvd, especializados en traer todas las cosas nuevas en tendencia y accesorios diferentes y \u00fanicos.\",\"publisher\":{\"@id\":\"https:\\\/\\\/rosemvd.com\\\/#organization\"},\"potentialAction\":[{\"@type\":\"SearchAction\",\"target\":{\"@type\":\"EntryPoint\",\"urlTemplate\":\"https:\\\/\\\/rosemvd.com\\\/?s={search_term_string}\"},\"query-input\":{\"@type\":\"PropertyValueSpecification\",\"valueRequired\":true,\"valueName\":\"search_term_string\"}}],\"inLanguage\":\"es\"},{\"@type\":\"Organization\",\"@id\":\"https:\\\/\\\/rosemvd.com\\\/#organization\",\"name\":\"ROSE MVD\",\"alternateName\":\"ROSE MVD\",\"url\":\"https:\\\/\\\/rosemvd.com\\\/\",\"logo\":{\"@type\":\"ImageObject\",\"inLanguage\":\"es\",\"@id\":\"https:\\\/\\\/rosemvd.com\\\/#\\\/schema\\\/logo\\\/image\\\/\",\"url\":\"https:\\\/\\\/rosemvd.com\\\/wp-content\\\/uploads\\\/2023\\\/03\\\/Sin-titulo-2_Mesa-de-trabajo-1.png\",\"contentUrl\":\"https:\\\/\\\/rosemvd.com\\\/wp-content\\\/uploads\\\/2023\\\/03\\\/Sin-titulo-2_Mesa-de-trabajo-1.png\",\"width\":2084,\"height\":2084,\"caption\":\"ROSE MVD\"},\"image\":{\"@id\":\"https:\\\/\\\/rosemvd.com\\\/#\\\/schema\\\/logo\\\/image\\\/\"},\"sameAs\":[\"https:\\\/\\\/www.facebook.com\\\/TiendaRoseMvd\",\"https:\\\/\\\/www.instagram.com\\\/rose.mvd\"]}]}<\/script>\n<!-- \/ Yoast SEO plugin. -->","yoast_head_json":{"title":"Gorro de Nataci\u00f3n de Silicona - ROSE MVD","description":"Gorro de nataci\u00f3n dise\u00f1ado para brindar comodidad, protecci\u00f3n y un ajuste seguro durante el uso. Fabricado en silicona de alta calidad","robots":{"index":"index","follow":"follow","max-snippet":"max-snippet:-1","max-image-preview":"max-image-preview:large","max-video-preview":"max-video-preview:-1"},"canonical":"https:\/\/rosemvd.com\/index.php\/producto\/gorro-de-natacion-de-silicona\/","og_locale":"es_ES","og_type":"article","og_title":"Gorro de Nataci\u00f3n de Silicona - ROSE MVD","og_description":"Gorro de nataci\u00f3n dise\u00f1ado para brindar comodidad, protecci\u00f3n y un ajuste seguro durante el uso. Fabricado en silicona de alta calidad","og_url":"https:\/\/rosemvd.com\/index.php\/producto\/gorro-de-natacion-de-silicona\/","og_site_name":"ROSE MVD","article_publisher":"https:\/\/www.facebook.com\/TiendaRoseMvd","og_image":[{"width":792,"height":608,"url":"https:\/\/rosemvd.com\/wp-content\/uploads\/2026\/04\/D_NQ_NP_2X_791663-MLM84548148470_052025-F.webp","type":"image\/webp"}],"twitter_card":"summary_large_image","twitter_misc":{"Tiempo de lectura":"2 minutos"},"schema":{"@context":"https:\/\/schema.org","@graph":[{"@type":"WebPage","@id":"https:\/\/rosemvd.com\/index.php\/producto\/gorro-de-natacion-de-silicona\/","url":"https:\/\/rosemvd.com\/index.php\/producto\/gorro-de-natacion-de-silicona\/","name":"Gorro de Nataci\u00f3n de Silicona - ROSE MVD","isPartOf":{"@id":"https:\/\/rosemvd.com\/#website"},"primaryImageOfPage":{"@id":"https:\/\/rosemvd.com\/index.php\/producto\/gorro-de-natacion-de-silicona\/#primaryimage"},"image":{"@id":"https:\/\/rosemvd.com\/index.php\/producto\/gorro-de-natacion-de-silicona\/#primaryimage"},"thumbnailUrl":"https:\/\/rosemvd.com\/wp-content\/uploads\/2026\/04\/D_NQ_NP_2X_791663-MLM84548148470_052025-F.webp","datePublished":"2026-04-10T16:41:36+00:00","description":"Gorro de nataci\u00f3n dise\u00f1ado para brindar comodidad, protecci\u00f3n y un ajuste seguro durante el uso. Fabricado en silicona de alta calidad","breadcrumb":{"@id":"https:\/\/rosemvd.com\/index.php\/producto\/gorro-de-natacion-de-silicona\/#breadcrumb"},"inLanguage":"es","potentialAction":[{"@type":"ReadAction","target":["https:\/\/rosemvd.com\/index.php\/producto\/gorro-de-natacion-de-silicona\/"]}]},{"@type":"ImageObject","inLanguage":"es","@id":"https:\/\/rosemvd.com\/index.php\/producto\/gorro-de-natacion-de-silicona\/#primaryimage","url":"https:\/\/rosemvd.com\/wp-content\/uploads\/2026\/04\/D_NQ_NP_2X_791663-MLM84548148470_052025-F.webp","contentUrl":"https:\/\/rosemvd.com\/wp-content\/uploads\/2026\/04\/D_NQ_NP_2X_791663-MLM84548148470_052025-F.webp","width":792,"height":608},{"@type":"BreadcrumbList","@id":"https:\/\/rosemvd.com\/index.php\/producto\/gorro-de-natacion-de-silicona\/#breadcrumb","itemListElement":[{"@type":"ListItem","position":1,"name":"Portada","item":"https:\/\/rosemvd.com\/"},{"@type":"ListItem","position":2,"name":"Tienda","item":"https:\/\/rosemvd.com\/index.php\/tienda\/"},{"@type":"ListItem","position":3,"name":"Gorro de Nataci\u00f3n de Silicona"}]},{"@type":"WebSite","@id":"https:\/\/rosemvd.com\/#website","url":"https:\/\/rosemvd.com\/","name":"ROSE MVD","description":"Todo lo que buscas lo pod\u00e9s encontrar en rose mvd, especializados en traer todas las cosas nuevas en tendencia y accesorios diferentes y \u00fanicos.","publisher":{"@id":"https:\/\/rosemvd.com\/#organization"},"potentialAction":[{"@type":"SearchAction","target":{"@type":"EntryPoint","urlTemplate":"https:\/\/rosemvd.com\/?s={search_term_string}"},"query-input":{"@type":"PropertyValueSpecification","valueRequired":true,"valueName":"search_term_string"}}],"inLanguage":"es"},{"@type":"Organization","@id":"https:\/\/rosemvd.com\/#organization","name":"ROSE MVD","alternateName":"ROSE MVD","url":"https:\/\/rosemvd.com\/","logo":{"@type":"ImageObject","inLanguage":"es","@id":"https:\/\/rosemvd.com\/#\/schema\/logo\/image\/","url":"https:\/\/rosemvd.com\/wp-content\/uploads\/2023\/03\/Sin-titulo-2_Mesa-de-trabajo-1.png","contentUrl":"https:\/\/rosemvd.com\/wp-content\/uploads\/2023\/03\/Sin-titulo-2_Mesa-de-trabajo-1.png","width":2084,"height":2084,"caption":"ROSE MVD"},"image":{"@id":"https:\/\/rosemvd.com\/#\/schema\/logo\/image\/"},"sameAs":["https:\/\/www.facebook.com\/TiendaRoseMvd","https:\/\/www.instagram.com\/rose.mvd"]}]}},"_links":{"self":[{"href":"https:\/\/rosemvd.com\/index.php\/wp-json\/wp\/v2\/product\/17317","targetHints":{"allow":["GET"]}}],"collection":[{"href":"https:\/\/rosemvd.com\/index.php\/wp-json\/wp\/v2\/product"}],"about":[{"href":"https:\/\/rosemvd.com\/index.php\/wp-json\/wp\/v2\/types\/product"}],"wp:featuredmedia":[{"embeddable":true,"href":"https:\/\/rosemvd.com\/index.php\/wp-json\/wp\/v2\/media\/17321"}],"wp:attachment":[{"href":"https:\/\/rosemvd.com\/index.php\/wp-json\/wp\/v2\/media?parent=17317"}],"wp:term":[{"taxonomy":"product_brand","embeddable":true,"href":"https:\/\/rosemvd.com\/index.php\/wp-json\/wp\/v2\/product_brand?post=17317"},{"taxonomy":"product_cat","embeddable":true,"href":"https:\/\/rosemvd.com\/index.php\/wp-json\/wp\/v2\/product_cat?post=17317"},{"taxonomy":"product_tag","embeddable":true,"href":"https:\/\/rosemvd.com\/index.php\/wp-json\/wp\/v2\/product_tag?post=17317"}],"curies":[{"name":"wp","href":"https:\/\/api.w.org\/{rel}","templated":true}]}}