{"id":17210,"date":"2026-04-08T13:05:52","date_gmt":"2026-04-08T16:05:52","guid":{"rendered":"https:\/\/rosemvd.com\/?post_type=product&#038;p=17210"},"modified":"2026-04-08T13:05:52","modified_gmt":"2026-04-08T16:05:52","slug":"aplique-led-recargable-con-sensor-de-movimiento","status":"publish","type":"product","link":"https:\/\/rosemvd.com\/index.php\/producto\/aplique-led-recargable-con-sensor-de-movimiento\/","title":{"rendered":"Aplique LED Recargable con Sensor de Movimiento"},"content":{"rendered":"<div class=\"flex flex-col text-sm pb-25\">\n<section class=\"text-token-text-primary w-full focus:outline-none [--shadow-height:45px] has-data-writing-block:pointer-events-none has-data-writing-block:-mt-(--shadow-height) has-data-writing-block:pt-(--shadow-height) [&amp;:has([data-writing-block])&gt;*]:pointer-events-auto scroll-mt-[calc(var(--header-height)+min(200px,max(70px,20svh)))]\" dir=\"auto\" data-turn-id=\"request-69d529f3-74a8-83e9-8198-09ca0b697b06-2\" data-testid=\"conversation-turn-22\" data-scroll-anchor=\"true\" data-turn=\"assistant\">\n<div class=\"text-base my-auto mx-auto pb-10 [--thread-content-margin:var(--thread-content-margin-xs,calc(var(--spacing)*4))] @w-sm\/main:[--thread-content-margin:var(--thread-content-margin-sm,calc(var(--spacing)*6))] @w-lg\/main:[--thread-content-margin:var(--thread-content-margin-lg,calc(var(--spacing)*16))] px-(--thread-content-margin)\">\n<div class=\"[--thread-content-max-width:40rem] @w-lg\/main:[--thread-content-max-width:48rem] mx-auto max-w-(--thread-content-max-width) flex-1 group\/turn-messages focus-visible:outline-hidden relative flex w-full min-w-0 flex-col agent-turn\">\n<div class=\"flex max-w-full flex-col gap-4 grow\">\n<div class=\"min-h-8 text-message relative flex w-full flex-col items-end gap-2 text-start break-words whitespace-normal outline-none keyboard-focused:focus-ring [.text-message+&amp;]:mt-1\" dir=\"auto\" tabindex=\"0\" data-message-author-role=\"assistant\" data-message-id=\"1b242cd4-7a87-451a-9341-e462b4c2f1ed\" data-message-model-slug=\"gpt-5-3\" data-turn-start-message=\"true\">\n<div class=\"flex w-full flex-col gap-1 empty:hidden\">\n<div class=\"markdown prose dark:prose-invert w-full wrap-break-word light markdown-new-styling\">\n<p data-start=\"91\" data-end=\"159\"><strong data-start=\"91\" data-end=\"159\">Aplique LED Recargable con Sensor de Movimiento \u2013 Luz Multicolor<\/strong><\/p>\n<p data-start=\"161\" data-end=\"366\">Ilumin\u00e1 tus espacios de forma pr\u00e1ctica y moderna con este aplique LED recargable. Su dise\u00f1o inal\u00e1mbrico permite colocarlo f\u00e1cilmente en cualquier ambiente, sin necesidad de cables ni instalaci\u00f3n el\u00e9ctrica.<\/p>\n<p data-start=\"368\" data-end=\"602\">Cuenta con sensor de movimiento que activa la luz autom\u00e1ticamente al detectar presencia, brindando mayor comodidad y seguridad en el hogar. Adem\u00e1s, ofrece m\u00faltiples colores y modos de iluminaci\u00f3n para adaptarse a diferentes ambientes.<\/p>\n<p data-start=\"604\" data-end=\"710\">Ideal para usar en pasillos, dormitorios, escaleras, armarios, cocinas o incluso en exteriores protegidos.<\/p>\n<p data-start=\"712\" data-end=\"744\"><strong data-start=\"712\" data-end=\"744\">Caracter\u00edsticas principales:<\/strong><\/p>\n<ul data-start=\"745\" data-end=\"1023\">\n<li data-section-id=\"10yx4g4\" data-start=\"745\" data-end=\"780\">Sensor de movimiento autom\u00e1tico<\/li>\n<li data-section-id=\"1qrwoiu\" data-start=\"781\" data-end=\"835\">Iluminaci\u00f3n LED multicolor (7 colores + modos RGB)<\/li>\n<li data-section-id=\"z5xxwa\" data-start=\"836\" data-end=\"905\">3 modos de uso: detecci\u00f3n nocturna, detecci\u00f3n continua y luz fija<\/li>\n<li data-section-id=\"16i4736\" data-start=\"906\" data-end=\"943\">Ajuste de brillo con bot\u00f3n t\u00e1ctil<\/li>\n<li data-section-id=\"1eisvqc\" data-start=\"944\" data-end=\"987\">Dise\u00f1o inal\u00e1mbrico y recargable por USB<\/li>\n<li data-section-id=\"1dmxstq\" data-start=\"988\" data-end=\"1023\">Instalaci\u00f3n sencilla sin cables<\/li>\n<\/ul>\n<p data-start=\"1025\" data-end=\"1053\"><strong data-start=\"1025\" data-end=\"1053\">Modos de funcionamiento:<\/strong><\/p>\n<ul data-start=\"1054\" data-end=\"1279\">\n<li data-section-id=\"1hbleli\" data-start=\"1054\" data-end=\"1136\">Modo detecci\u00f3n nocturna: se activa solo en la oscuridad al detectar movimiento<\/li>\n<li data-section-id=\"1wth40y\" data-start=\"1137\" data-end=\"1221\">Modo detecci\u00f3n continua: se enciende al detectar movimiento en cualquier momento<\/li>\n<li data-section-id=\"fy67jw\" data-start=\"1222\" data-end=\"1279\">Modo luz constante: permanece encendida de forma fija<\/li>\n<\/ul>\n<p data-start=\"1281\" data-end=\"1298\"><strong data-start=\"1281\" data-end=\"1298\">Dise\u00f1o y uso:<\/strong><\/p>\n<ul data-start=\"1299\" data-end=\"1450\">\n<li data-section-id=\"fpmcvh\" data-start=\"1299\" data-end=\"1320\">Modelo con 9 LEDs<\/li>\n<li data-section-id=\"k4127t\" data-start=\"1321\" data-end=\"1370\">Base magn\u00e9tica para f\u00e1cil colocaci\u00f3n y retiro<\/li>\n<li data-section-id=\"c4g942\" data-start=\"1371\" data-end=\"1427\">Fijaci\u00f3n con adhesivo (ideal para superficies lisas)<\/li>\n<li data-section-id=\"c8aki\" data-start=\"1428\" data-end=\"1450\">Port\u00e1til y liviano<\/li>\n<\/ul>\n<p data-start=\"1452\" data-end=\"1469\"><strong data-start=\"1452\" data-end=\"1469\">Aplicaciones:<\/strong><\/p>\n<ul data-start=\"1470\" data-end=\"1596\">\n<li data-section-id=\"mbz3ee\" data-start=\"1470\" data-end=\"1507\">Pasillos, dormitorios y escaleras<\/li>\n<li data-section-id=\"1xnssx8\" data-start=\"1508\" data-end=\"1530\">Armarios y muebles<\/li>\n<li data-section-id=\"1q75z9h\" data-start=\"1531\" data-end=\"1550\">Cocinas y ba\u00f1os<\/li>\n<li data-section-id=\"1pzi5wj\" data-start=\"1551\" data-end=\"1596\">Entradas, jardines o exteriores cubiertos<\/li>\n<\/ul>\n<p data-start=\"1598\" data-end=\"1721\" data-is-last-node=\"\" data-is-only-node=\"\">Una soluci\u00f3n pr\u00e1ctica y vers\u00e1til para mejorar la iluminaci\u00f3n de tu hogar, combinando dise\u00f1o, tecnolog\u00eda y facilidad de uso.<\/p>\n<\/div>\n<\/div>\n<\/div>\n<\/div>\n<div class=\"z-0 flex min-h-[46px] justify-start\"><\/div>\n<div class=\"mt-3 w-full empty:hidden\">\n<div class=\"text-center\"><\/div>\n<\/div>\n<\/div>\n<\/div>\n<\/section>\n<\/div>\n<div class=\"pointer-events-none h-px w-px absolute bottom-0\" aria-hidden=\"true\" data-edge=\"true\"><\/div>\n","protected":false},"excerpt":{"rendered":"<p>Aplique LED Recargable con Sensor de Movimiento \u2013 Luz Multicolor Ilumin\u00e1 tus espacios de forma pr\u00e1ctica y moderna con este aplique LED recargable. Su dise\u00f1o inal\u00e1mbrico permite colocarlo f\u00e1cilmente en cualquier ambiente, sin necesidad de cables ni instalaci\u00f3n el\u00e9ctrica. Cuenta con sensor de movimiento que activa la luz autom\u00e1ticamente al detectar presencia, brindando mayor comodidad [&hellip;]<\/p>\n","protected":false},"featured_media":17217,"template":"","meta":{"site-sidebar-layout":"default","site-content-layout":"","ast-site-content-layout":"default","site-content-style":"default","site-sidebar-style":"default","ast-global-header-display":"","ast-banner-title-visibility":"","ast-main-header-display":"","ast-hfb-above-header-display":"","ast-hfb-below-header-display":"","ast-hfb-mobile-header-display":"","site-post-title":"","ast-breadcrumbs-content":"","ast-featured-img":"","footer-sml-layout":"","ast-disable-related-posts":"","theme-transparent-header-meta":"default","adv-header-id-meta":"","stick-header-meta":"","header-above-stick-meta":"","header-main-stick-meta":"","header-below-stick-meta":"","astra-migrate-meta-layouts":"set","ast-page-background-enabled":"default","ast-page-background-meta":{"desktop":{"background-color":"var(--ast-global-color-4)","background-image":"","background-repeat":"repeat","background-position":"center center","background-size":"auto","background-attachment":"scroll","background-type":"","background-media":"","overlay-type":"","overlay-color":"","overlay-opacity":"","overlay-gradient":""},"tablet":{"background-color":"","background-image":"","background-repeat":"repeat","background-position":"center center","background-size":"auto","background-attachment":"scroll","background-type":"","background-media":"","overlay-type":"","overlay-color":"","overlay-opacity":"","overlay-gradient":""},"mobile":{"background-color":"","background-image":"","background-repeat":"repeat","background-position":"center center","background-size":"auto","background-attachment":"scroll","background-type":"","background-media":"","overlay-type":"","overlay-color":"","overlay-opacity":"","overlay-gradient":""}},"ast-content-background-meta":{"desktop":{"background-color":"var(--ast-global-color-5)","background-image":"","background-repeat":"repeat","background-position":"center center","background-size":"auto","background-attachment":"scroll","background-type":"","background-media":"","overlay-type":"","overlay-color":"","overlay-opacity":"","overlay-gradient":""},"tablet":{"background-color":"var(--ast-global-color-5)","background-image":"","background-repeat":"repeat","background-position":"center center","background-size":"auto","background-attachment":"scroll","background-type":"","background-media":"","overlay-type":"","overlay-color":"","overlay-opacity":"","overlay-gradient":""},"mobile":{"background-color":"var(--ast-global-color-5)","background-image":"","background-repeat":"repeat","background-position":"center center","background-size":"auto","background-attachment":"scroll","background-type":"","background-media":"","overlay-type":"","overlay-color":"","overlay-opacity":"","overlay-gradient":""}}},"product_brand":[],"product_cat":[368,389],"product_tag":[],"class_list":{"0":"post-17210","1":"product","2":"type-product","3":"status-publish","4":"has-post-thumbnail","6":"product_cat-otros","7":"product_cat-varios","8":"desktop-align-left","9":"tablet-align-left","10":"mobile-align-left","12":"first","13":"instock","14":"shipping-taxable","15":"purchasable","16":"product-type-simple"},"yoast_head":"<!-- This site is optimized with the Yoast SEO plugin v27.3 - https:\/\/yoast.com\/product\/yoast-seo-wordpress\/ -->\n<title>Aplique LED Recargable con Sensor de Movimiento - ROSE MVD<\/title>\n<meta name=\"description\" content=\"Ilumin\u00e1 tus espacios de forma pr\u00e1ctica y moderna con este aplique LED recargable. Su dise\u00f1o inal\u00e1mbrico permite colocarlo f\u00e1cilmente en cualquier ambiente\" \/>\n<meta name=\"robots\" content=\"index, follow, max-snippet:-1, max-image-preview:large, max-video-preview:-1\" \/>\n<link rel=\"canonical\" href=\"https:\/\/rosemvd.com\/index.php\/producto\/aplique-led-recargable-con-sensor-de-movimiento\/\" \/>\n<meta property=\"og:locale\" content=\"es_ES\" \/>\n<meta property=\"og:type\" content=\"article\" \/>\n<meta property=\"og:title\" content=\"Aplique LED Recargable con Sensor de Movimiento - ROSE MVD\" \/>\n<meta property=\"og:description\" content=\"Ilumin\u00e1 tus espacios de forma pr\u00e1ctica y moderna con este aplique LED recargable. Su dise\u00f1o inal\u00e1mbrico permite colocarlo f\u00e1cilmente en cualquier ambiente\" \/>\n<meta property=\"og:url\" content=\"https:\/\/rosemvd.com\/index.php\/producto\/aplique-led-recargable-con-sensor-de-movimiento\/\" \/>\n<meta property=\"og:site_name\" content=\"ROSE MVD\" \/>\n<meta property=\"article:publisher\" content=\"https:\/\/www.facebook.com\/TiendaRoseMvd\" \/>\n<meta property=\"og:image\" content=\"https:\/\/rosemvd.com\/wp-content\/uploads\/2026\/04\/D_NQ_NP_2X_897533-CBT106244908833_012026-F.webp\" \/>\n\t<meta property=\"og:image:width\" content=\"900\" \/>\n\t<meta property=\"og:image:height\" content=\"1200\" \/>\n\t<meta property=\"og:image:type\" content=\"image\/webp\" \/>\n<meta name=\"twitter:card\" content=\"summary_large_image\" \/>\n<meta name=\"twitter:label1\" content=\"Tiempo de lectura\" \/>\n\t<meta name=\"twitter:data1\" content=\"2 minutos\" \/>\n<script type=\"application\/ld+json\" class=\"yoast-schema-graph\">{\"@context\":\"https:\\\/\\\/schema.org\",\"@graph\":[{\"@type\":\"WebPage\",\"@id\":\"https:\\\/\\\/rosemvd.com\\\/index.php\\\/producto\\\/aplique-led-recargable-con-sensor-de-movimiento\\\/\",\"url\":\"https:\\\/\\\/rosemvd.com\\\/index.php\\\/producto\\\/aplique-led-recargable-con-sensor-de-movimiento\\\/\",\"name\":\"Aplique LED Recargable con Sensor de Movimiento - ROSE MVD\",\"isPartOf\":{\"@id\":\"https:\\\/\\\/rosemvd.com\\\/#website\"},\"primaryImageOfPage\":{\"@id\":\"https:\\\/\\\/rosemvd.com\\\/index.php\\\/producto\\\/aplique-led-recargable-con-sensor-de-movimiento\\\/#primaryimage\"},\"image\":{\"@id\":\"https:\\\/\\\/rosemvd.com\\\/index.php\\\/producto\\\/aplique-led-recargable-con-sensor-de-movimiento\\\/#primaryimage\"},\"thumbnailUrl\":\"https:\\\/\\\/rosemvd.com\\\/wp-content\\\/uploads\\\/2026\\\/04\\\/D_NQ_NP_2X_897533-CBT106244908833_012026-F.webp\",\"datePublished\":\"2026-04-08T16:05:52+00:00\",\"description\":\"Ilumin\u00e1 tus espacios de forma pr\u00e1ctica y moderna con este aplique LED recargable. Su dise\u00f1o inal\u00e1mbrico permite colocarlo f\u00e1cilmente en cualquier ambiente\",\"breadcrumb\":{\"@id\":\"https:\\\/\\\/rosemvd.com\\\/index.php\\\/producto\\\/aplique-led-recargable-con-sensor-de-movimiento\\\/#breadcrumb\"},\"inLanguage\":\"es\",\"potentialAction\":[{\"@type\":\"ReadAction\",\"target\":[\"https:\\\/\\\/rosemvd.com\\\/index.php\\\/producto\\\/aplique-led-recargable-con-sensor-de-movimiento\\\/\"]}]},{\"@type\":\"ImageObject\",\"inLanguage\":\"es\",\"@id\":\"https:\\\/\\\/rosemvd.com\\\/index.php\\\/producto\\\/aplique-led-recargable-con-sensor-de-movimiento\\\/#primaryimage\",\"url\":\"https:\\\/\\\/rosemvd.com\\\/wp-content\\\/uploads\\\/2026\\\/04\\\/D_NQ_NP_2X_897533-CBT106244908833_012026-F.webp\",\"contentUrl\":\"https:\\\/\\\/rosemvd.com\\\/wp-content\\\/uploads\\\/2026\\\/04\\\/D_NQ_NP_2X_897533-CBT106244908833_012026-F.webp\",\"width\":900,\"height\":1200},{\"@type\":\"BreadcrumbList\",\"@id\":\"https:\\\/\\\/rosemvd.com\\\/index.php\\\/producto\\\/aplique-led-recargable-con-sensor-de-movimiento\\\/#breadcrumb\",\"itemListElement\":[{\"@type\":\"ListItem\",\"position\":1,\"name\":\"Portada\",\"item\":\"https:\\\/\\\/rosemvd.com\\\/\"},{\"@type\":\"ListItem\",\"position\":2,\"name\":\"Tienda\",\"item\":\"https:\\\/\\\/rosemvd.com\\\/index.php\\\/tienda\\\/\"},{\"@type\":\"ListItem\",\"position\":3,\"name\":\"Aplique LED Recargable con Sensor de Movimiento\"}]},{\"@type\":\"WebSite\",\"@id\":\"https:\\\/\\\/rosemvd.com\\\/#website\",\"url\":\"https:\\\/\\\/rosemvd.com\\\/\",\"name\":\"ROSE MVD\",\"description\":\"Todo lo que buscas lo pod\u00e9s encontrar en rose mvd, especializados en traer todas las cosas nuevas en tendencia y accesorios diferentes y \u00fanicos.\",\"publisher\":{\"@id\":\"https:\\\/\\\/rosemvd.com\\\/#organization\"},\"potentialAction\":[{\"@type\":\"SearchAction\",\"target\":{\"@type\":\"EntryPoint\",\"urlTemplate\":\"https:\\\/\\\/rosemvd.com\\\/?s={search_term_string}\"},\"query-input\":{\"@type\":\"PropertyValueSpecification\",\"valueRequired\":true,\"valueName\":\"search_term_string\"}}],\"inLanguage\":\"es\"},{\"@type\":\"Organization\",\"@id\":\"https:\\\/\\\/rosemvd.com\\\/#organization\",\"name\":\"ROSE MVD\",\"alternateName\":\"ROSE MVD\",\"url\":\"https:\\\/\\\/rosemvd.com\\\/\",\"logo\":{\"@type\":\"ImageObject\",\"inLanguage\":\"es\",\"@id\":\"https:\\\/\\\/rosemvd.com\\\/#\\\/schema\\\/logo\\\/image\\\/\",\"url\":\"https:\\\/\\\/rosemvd.com\\\/wp-content\\\/uploads\\\/2023\\\/03\\\/Sin-titulo-2_Mesa-de-trabajo-1.png\",\"contentUrl\":\"https:\\\/\\\/rosemvd.com\\\/wp-content\\\/uploads\\\/2023\\\/03\\\/Sin-titulo-2_Mesa-de-trabajo-1.png\",\"width\":2084,\"height\":2084,\"caption\":\"ROSE MVD\"},\"image\":{\"@id\":\"https:\\\/\\\/rosemvd.com\\\/#\\\/schema\\\/logo\\\/image\\\/\"},\"sameAs\":[\"https:\\\/\\\/www.facebook.com\\\/TiendaRoseMvd\",\"https:\\\/\\\/www.instagram.com\\\/rose.mvd\"]}]}<\/script>\n<!-- \/ Yoast SEO plugin. -->","yoast_head_json":{"title":"Aplique LED Recargable con Sensor de Movimiento - ROSE MVD","description":"Ilumin\u00e1 tus espacios de forma pr\u00e1ctica y moderna con este aplique LED recargable. Su dise\u00f1o inal\u00e1mbrico permite colocarlo f\u00e1cilmente en cualquier ambiente","robots":{"index":"index","follow":"follow","max-snippet":"max-snippet:-1","max-image-preview":"max-image-preview:large","max-video-preview":"max-video-preview:-1"},"canonical":"https:\/\/rosemvd.com\/index.php\/producto\/aplique-led-recargable-con-sensor-de-movimiento\/","og_locale":"es_ES","og_type":"article","og_title":"Aplique LED Recargable con Sensor de Movimiento - ROSE MVD","og_description":"Ilumin\u00e1 tus espacios de forma pr\u00e1ctica y moderna con este aplique LED recargable. Su dise\u00f1o inal\u00e1mbrico permite colocarlo f\u00e1cilmente en cualquier ambiente","og_url":"https:\/\/rosemvd.com\/index.php\/producto\/aplique-led-recargable-con-sensor-de-movimiento\/","og_site_name":"ROSE MVD","article_publisher":"https:\/\/www.facebook.com\/TiendaRoseMvd","og_image":[{"width":900,"height":1200,"url":"https:\/\/rosemvd.com\/wp-content\/uploads\/2026\/04\/D_NQ_NP_2X_897533-CBT106244908833_012026-F.webp","type":"image\/webp"}],"twitter_card":"summary_large_image","twitter_misc":{"Tiempo de lectura":"2 minutos"},"schema":{"@context":"https:\/\/schema.org","@graph":[{"@type":"WebPage","@id":"https:\/\/rosemvd.com\/index.php\/producto\/aplique-led-recargable-con-sensor-de-movimiento\/","url":"https:\/\/rosemvd.com\/index.php\/producto\/aplique-led-recargable-con-sensor-de-movimiento\/","name":"Aplique LED Recargable con Sensor de Movimiento - ROSE MVD","isPartOf":{"@id":"https:\/\/rosemvd.com\/#website"},"primaryImageOfPage":{"@id":"https:\/\/rosemvd.com\/index.php\/producto\/aplique-led-recargable-con-sensor-de-movimiento\/#primaryimage"},"image":{"@id":"https:\/\/rosemvd.com\/index.php\/producto\/aplique-led-recargable-con-sensor-de-movimiento\/#primaryimage"},"thumbnailUrl":"https:\/\/rosemvd.com\/wp-content\/uploads\/2026\/04\/D_NQ_NP_2X_897533-CBT106244908833_012026-F.webp","datePublished":"2026-04-08T16:05:52+00:00","description":"Ilumin\u00e1 tus espacios de forma pr\u00e1ctica y moderna con este aplique LED recargable. Su dise\u00f1o inal\u00e1mbrico permite colocarlo f\u00e1cilmente en cualquier ambiente","breadcrumb":{"@id":"https:\/\/rosemvd.com\/index.php\/producto\/aplique-led-recargable-con-sensor-de-movimiento\/#breadcrumb"},"inLanguage":"es","potentialAction":[{"@type":"ReadAction","target":["https:\/\/rosemvd.com\/index.php\/producto\/aplique-led-recargable-con-sensor-de-movimiento\/"]}]},{"@type":"ImageObject","inLanguage":"es","@id":"https:\/\/rosemvd.com\/index.php\/producto\/aplique-led-recargable-con-sensor-de-movimiento\/#primaryimage","url":"https:\/\/rosemvd.com\/wp-content\/uploads\/2026\/04\/D_NQ_NP_2X_897533-CBT106244908833_012026-F.webp","contentUrl":"https:\/\/rosemvd.com\/wp-content\/uploads\/2026\/04\/D_NQ_NP_2X_897533-CBT106244908833_012026-F.webp","width":900,"height":1200},{"@type":"BreadcrumbList","@id":"https:\/\/rosemvd.com\/index.php\/producto\/aplique-led-recargable-con-sensor-de-movimiento\/#breadcrumb","itemListElement":[{"@type":"ListItem","position":1,"name":"Portada","item":"https:\/\/rosemvd.com\/"},{"@type":"ListItem","position":2,"name":"Tienda","item":"https:\/\/rosemvd.com\/index.php\/tienda\/"},{"@type":"ListItem","position":3,"name":"Aplique LED Recargable con Sensor de Movimiento"}]},{"@type":"WebSite","@id":"https:\/\/rosemvd.com\/#website","url":"https:\/\/rosemvd.com\/","name":"ROSE MVD","description":"Todo lo que buscas lo pod\u00e9s encontrar en rose mvd, especializados en traer todas las cosas nuevas en tendencia y accesorios diferentes y \u00fanicos.","publisher":{"@id":"https:\/\/rosemvd.com\/#organization"},"potentialAction":[{"@type":"SearchAction","target":{"@type":"EntryPoint","urlTemplate":"https:\/\/rosemvd.com\/?s={search_term_string}"},"query-input":{"@type":"PropertyValueSpecification","valueRequired":true,"valueName":"search_term_string"}}],"inLanguage":"es"},{"@type":"Organization","@id":"https:\/\/rosemvd.com\/#organization","name":"ROSE MVD","alternateName":"ROSE MVD","url":"https:\/\/rosemvd.com\/","logo":{"@type":"ImageObject","inLanguage":"es","@id":"https:\/\/rosemvd.com\/#\/schema\/logo\/image\/","url":"https:\/\/rosemvd.com\/wp-content\/uploads\/2023\/03\/Sin-titulo-2_Mesa-de-trabajo-1.png","contentUrl":"https:\/\/rosemvd.com\/wp-content\/uploads\/2023\/03\/Sin-titulo-2_Mesa-de-trabajo-1.png","width":2084,"height":2084,"caption":"ROSE MVD"},"image":{"@id":"https:\/\/rosemvd.com\/#\/schema\/logo\/image\/"},"sameAs":["https:\/\/www.facebook.com\/TiendaRoseMvd","https:\/\/www.instagram.com\/rose.mvd"]}]}},"_links":{"self":[{"href":"https:\/\/rosemvd.com\/index.php\/wp-json\/wp\/v2\/product\/17210","targetHints":{"allow":["GET"]}}],"collection":[{"href":"https:\/\/rosemvd.com\/index.php\/wp-json\/wp\/v2\/product"}],"about":[{"href":"https:\/\/rosemvd.com\/index.php\/wp-json\/wp\/v2\/types\/product"}],"wp:featuredmedia":[{"embeddable":true,"href":"https:\/\/rosemvd.com\/index.php\/wp-json\/wp\/v2\/media\/17217"}],"wp:attachment":[{"href":"https:\/\/rosemvd.com\/index.php\/wp-json\/wp\/v2\/media?parent=17210"}],"wp:term":[{"taxonomy":"product_brand","embeddable":true,"href":"https:\/\/rosemvd.com\/index.php\/wp-json\/wp\/v2\/product_brand?post=17210"},{"taxonomy":"product_cat","embeddable":true,"href":"https:\/\/rosemvd.com\/index.php\/wp-json\/wp\/v2\/product_cat?post=17210"},{"taxonomy":"product_tag","embeddable":true,"href":"https:\/\/rosemvd.com\/index.php\/wp-json\/wp\/v2\/product_tag?post=17210"}],"curies":[{"name":"wp","href":"https:\/\/api.w.org\/{rel}","templated":true}]}}