{"id":17161,"date":"2026-04-07T13:31:54","date_gmt":"2026-04-07T16:31:54","guid":{"rendered":"https:\/\/rosemvd.com\/?post_type=product&#038;p=17161"},"modified":"2026-04-07T13:31:54","modified_gmt":"2026-04-07T16:31:54","slug":"masturbador-masculino-diseno-realista","status":"publish","type":"product","link":"https:\/\/rosemvd.com\/index.php\/producto\/masturbador-masculino-diseno-realista\/","title":{"rendered":"Masturbador Masculino Dise\u00f1o Realista"},"content":{"rendered":"<p data-start=\"85\" data-end=\"140\"><strong data-start=\"85\" data-end=\"140\">Masturbador Masculino de Silicona \u2013 Dise\u00f1o Realista<\/strong><\/p>\n<p data-start=\"142\" data-end=\"350\">Dispositivo dise\u00f1ado para brindar una experiencia \u00edntima m\u00e1s c\u00f3moda y realista. Fabricado en silicona suave, ofrece una textura agradable al tacto y un dise\u00f1o detallado que mejora la sensaci\u00f3n durante el uso.<\/p>\n<p data-start=\"352\" data-end=\"511\">Su estructura interna est\u00e1 pensada para generar estimulaci\u00f3n progresiva, acompa\u00f1ando cada movimiento de forma natural y ayudando a intensificar la experiencia.<\/p>\n<p data-start=\"513\" data-end=\"633\">El material es flexible, resistente y f\u00e1cil de limpiar, lo que lo convierte en una opci\u00f3n pr\u00e1ctica para el uso personal.<\/p>\n<p data-start=\"635\" data-end=\"667\"><strong data-start=\"635\" data-end=\"667\">Caracter\u00edsticas principales:<\/strong><\/p>\n<ul data-start=\"668\" data-end=\"844\">\n<li data-section-id=\"16wg2gg\" data-start=\"668\" data-end=\"698\">Dise\u00f1o realista y discreto<\/li>\n<li data-section-id=\"jgic0\" data-start=\"699\" data-end=\"741\">Fabricado en silicona suave y flexible<\/li>\n<li data-section-id=\"10dsb0b\" data-start=\"742\" data-end=\"785\">Textura interna para mayor estimulaci\u00f3n<\/li>\n<li data-section-id=\"s3ln5y\" data-start=\"786\" data-end=\"813\">F\u00e1cil de usar y limpiar<\/li>\n<li data-section-id=\"46u5vh\" data-start=\"814\" data-end=\"844\">Material duradero y seguro<\/li>\n<\/ul>\n<p data-start=\"846\" data-end=\"935\">Una opci\u00f3n ideal para quienes buscan una experiencia m\u00e1s c\u00f3moda, privada y satisfactoria.<\/p>\n","protected":false},"excerpt":{"rendered":"<p>Masturbador Masculino de Silicona \u2013 Dise\u00f1o Realista Dispositivo dise\u00f1ado para brindar una experiencia \u00edntima m\u00e1s c\u00f3moda y realista. Fabricado en silicona suave, ofrece una textura agradable al tacto y un dise\u00f1o detallado que mejora la sensaci\u00f3n durante el uso. Su estructura interna est\u00e1 pensada para generar estimulaci\u00f3n progresiva, acompa\u00f1ando cada movimiento de forma natural y [&hellip;]<\/p>\n","protected":false},"featured_media":17165,"template":"","meta":{"site-sidebar-layout":"default","site-content-layout":"","ast-site-content-layout":"default","site-content-style":"default","site-sidebar-style":"default","ast-global-header-display":"","ast-banner-title-visibility":"","ast-main-header-display":"","ast-hfb-above-header-display":"","ast-hfb-below-header-display":"","ast-hfb-mobile-header-display":"","site-post-title":"","ast-breadcrumbs-content":"","ast-featured-img":"","footer-sml-layout":"","ast-disable-related-posts":"","theme-transparent-header-meta":"default","adv-header-id-meta":"","stick-header-meta":"","header-above-stick-meta":"","header-main-stick-meta":"","header-below-stick-meta":"","astra-migrate-meta-layouts":"set","ast-page-background-enabled":"default","ast-page-background-meta":{"desktop":{"background-color":"var(--ast-global-color-4)","background-image":"","background-repeat":"repeat","background-position":"center center","background-size":"auto","background-attachment":"scroll","background-type":"","background-media":"","overlay-type":"","overlay-color":"","overlay-opacity":"","overlay-gradient":""},"tablet":{"background-color":"","background-image":"","background-repeat":"repeat","background-position":"center center","background-size":"auto","background-attachment":"scroll","background-type":"","background-media":"","overlay-type":"","overlay-color":"","overlay-opacity":"","overlay-gradient":""},"mobile":{"background-color":"","background-image":"","background-repeat":"repeat","background-position":"center center","background-size":"auto","background-attachment":"scroll","background-type":"","background-media":"","overlay-type":"","overlay-color":"","overlay-opacity":"","overlay-gradient":""}},"ast-content-background-meta":{"desktop":{"background-color":"var(--ast-global-color-5)","background-image":"","background-repeat":"repeat","background-position":"center center","background-size":"auto","background-attachment":"scroll","background-type":"","background-media":"","overlay-type":"","overlay-color":"","overlay-opacity":"","overlay-gradient":""},"tablet":{"background-color":"var(--ast-global-color-5)","background-image":"","background-repeat":"repeat","background-position":"center center","background-size":"auto","background-attachment":"scroll","background-type":"","background-media":"","overlay-type":"","overlay-color":"","overlay-opacity":"","overlay-gradient":""},"mobile":{"background-color":"var(--ast-global-color-5)","background-image":"","background-repeat":"repeat","background-position":"center center","background-size":"auto","background-attachment":"scroll","background-type":"","background-media":"","overlay-type":"","overlay-color":"","overlay-opacity":"","overlay-gradient":""}}},"product_brand":[],"product_cat":[368,389],"product_tag":[],"class_list":{"0":"post-17161","1":"product","2":"type-product","3":"status-publish","4":"has-post-thumbnail","6":"product_cat-otros","7":"product_cat-varios","8":"desktop-align-left","9":"tablet-align-left","10":"mobile-align-left","12":"first","13":"instock","14":"shipping-taxable","15":"purchasable","16":"product-type-simple"},"yoast_head":"<!-- This site is optimized with the Yoast SEO plugin v27.3 - https:\/\/yoast.com\/product\/yoast-seo-wordpress\/ -->\n<title>Masturbador Masculino Dise\u00f1o Realista - ROSE MVD<\/title>\n<meta name=\"description\" content=\"Dispositivo dise\u00f1ado para brindar una experiencia \u00edntima m\u00e1s c\u00f3moda y realista. Fabricado en silicona suave, ofrece una textura agradable\" \/>\n<meta name=\"robots\" content=\"index, follow, max-snippet:-1, max-image-preview:large, max-video-preview:-1\" \/>\n<link rel=\"canonical\" href=\"https:\/\/rosemvd.com\/index.php\/producto\/masturbador-masculino-diseno-realista\/\" \/>\n<meta property=\"og:locale\" content=\"es_ES\" \/>\n<meta property=\"og:type\" content=\"article\" \/>\n<meta property=\"og:title\" content=\"Masturbador Masculino Dise\u00f1o Realista - ROSE MVD\" \/>\n<meta property=\"og:description\" content=\"Dispositivo dise\u00f1ado para brindar una experiencia \u00edntima m\u00e1s c\u00f3moda y realista. Fabricado en silicona suave, ofrece una textura agradable\" \/>\n<meta property=\"og:url\" content=\"https:\/\/rosemvd.com\/index.php\/producto\/masturbador-masculino-diseno-realista\/\" \/>\n<meta property=\"og:site_name\" content=\"ROSE MVD\" \/>\n<meta property=\"article:publisher\" content=\"https:\/\/www.facebook.com\/TiendaRoseMvd\" \/>\n<meta property=\"og:image\" content=\"https:\/\/rosemvd.com\/wp-content\/uploads\/2026\/04\/51JpgPbeMyL._AC_SL1200_.jpg\" \/>\n\t<meta property=\"og:image:width\" content=\"965\" \/>\n\t<meta property=\"og:image:height\" content=\"1115\" \/>\n\t<meta property=\"og:image:type\" content=\"image\/jpeg\" \/>\n<meta name=\"twitter:card\" content=\"summary_large_image\" \/>\n<meta name=\"twitter:label1\" content=\"Tiempo de lectura\" \/>\n\t<meta name=\"twitter:data1\" content=\"1 minuto\" \/>\n<script type=\"application\/ld+json\" class=\"yoast-schema-graph\">{\"@context\":\"https:\\\/\\\/schema.org\",\"@graph\":[{\"@type\":\"WebPage\",\"@id\":\"https:\\\/\\\/rosemvd.com\\\/index.php\\\/producto\\\/masturbador-masculino-diseno-realista\\\/\",\"url\":\"https:\\\/\\\/rosemvd.com\\\/index.php\\\/producto\\\/masturbador-masculino-diseno-realista\\\/\",\"name\":\"Masturbador Masculino Dise\u00f1o Realista - ROSE MVD\",\"isPartOf\":{\"@id\":\"https:\\\/\\\/rosemvd.com\\\/#website\"},\"primaryImageOfPage\":{\"@id\":\"https:\\\/\\\/rosemvd.com\\\/index.php\\\/producto\\\/masturbador-masculino-diseno-realista\\\/#primaryimage\"},\"image\":{\"@id\":\"https:\\\/\\\/rosemvd.com\\\/index.php\\\/producto\\\/masturbador-masculino-diseno-realista\\\/#primaryimage\"},\"thumbnailUrl\":\"https:\\\/\\\/rosemvd.com\\\/wp-content\\\/uploads\\\/2026\\\/04\\\/51JpgPbeMyL._AC_SL1200_.jpg\",\"datePublished\":\"2026-04-07T16:31:54+00:00\",\"description\":\"Dispositivo dise\u00f1ado para brindar una experiencia \u00edntima m\u00e1s c\u00f3moda y realista. Fabricado en silicona suave, ofrece una textura agradable\",\"breadcrumb\":{\"@id\":\"https:\\\/\\\/rosemvd.com\\\/index.php\\\/producto\\\/masturbador-masculino-diseno-realista\\\/#breadcrumb\"},\"inLanguage\":\"es\",\"potentialAction\":[{\"@type\":\"ReadAction\",\"target\":[\"https:\\\/\\\/rosemvd.com\\\/index.php\\\/producto\\\/masturbador-masculino-diseno-realista\\\/\"]}]},{\"@type\":\"ImageObject\",\"inLanguage\":\"es\",\"@id\":\"https:\\\/\\\/rosemvd.com\\\/index.php\\\/producto\\\/masturbador-masculino-diseno-realista\\\/#primaryimage\",\"url\":\"https:\\\/\\\/rosemvd.com\\\/wp-content\\\/uploads\\\/2026\\\/04\\\/51JpgPbeMyL._AC_SL1200_.jpg\",\"contentUrl\":\"https:\\\/\\\/rosemvd.com\\\/wp-content\\\/uploads\\\/2026\\\/04\\\/51JpgPbeMyL._AC_SL1200_.jpg\",\"width\":965,\"height\":1115},{\"@type\":\"BreadcrumbList\",\"@id\":\"https:\\\/\\\/rosemvd.com\\\/index.php\\\/producto\\\/masturbador-masculino-diseno-realista\\\/#breadcrumb\",\"itemListElement\":[{\"@type\":\"ListItem\",\"position\":1,\"name\":\"Portada\",\"item\":\"https:\\\/\\\/rosemvd.com\\\/\"},{\"@type\":\"ListItem\",\"position\":2,\"name\":\"Tienda\",\"item\":\"https:\\\/\\\/rosemvd.com\\\/index.php\\\/tienda\\\/\"},{\"@type\":\"ListItem\",\"position\":3,\"name\":\"Masturbador Masculino Dise\u00f1o Realista\"}]},{\"@type\":\"WebSite\",\"@id\":\"https:\\\/\\\/rosemvd.com\\\/#website\",\"url\":\"https:\\\/\\\/rosemvd.com\\\/\",\"name\":\"ROSE MVD\",\"description\":\"Todo lo que buscas lo pod\u00e9s encontrar en rose mvd, especializados en traer todas las cosas nuevas en tendencia y accesorios diferentes y \u00fanicos.\",\"publisher\":{\"@id\":\"https:\\\/\\\/rosemvd.com\\\/#organization\"},\"potentialAction\":[{\"@type\":\"SearchAction\",\"target\":{\"@type\":\"EntryPoint\",\"urlTemplate\":\"https:\\\/\\\/rosemvd.com\\\/?s={search_term_string}\"},\"query-input\":{\"@type\":\"PropertyValueSpecification\",\"valueRequired\":true,\"valueName\":\"search_term_string\"}}],\"inLanguage\":\"es\"},{\"@type\":\"Organization\",\"@id\":\"https:\\\/\\\/rosemvd.com\\\/#organization\",\"name\":\"ROSE MVD\",\"alternateName\":\"ROSE MVD\",\"url\":\"https:\\\/\\\/rosemvd.com\\\/\",\"logo\":{\"@type\":\"ImageObject\",\"inLanguage\":\"es\",\"@id\":\"https:\\\/\\\/rosemvd.com\\\/#\\\/schema\\\/logo\\\/image\\\/\",\"url\":\"https:\\\/\\\/rosemvd.com\\\/wp-content\\\/uploads\\\/2023\\\/03\\\/Sin-titulo-2_Mesa-de-trabajo-1.png\",\"contentUrl\":\"https:\\\/\\\/rosemvd.com\\\/wp-content\\\/uploads\\\/2023\\\/03\\\/Sin-titulo-2_Mesa-de-trabajo-1.png\",\"width\":2084,\"height\":2084,\"caption\":\"ROSE MVD\"},\"image\":{\"@id\":\"https:\\\/\\\/rosemvd.com\\\/#\\\/schema\\\/logo\\\/image\\\/\"},\"sameAs\":[\"https:\\\/\\\/www.facebook.com\\\/TiendaRoseMvd\",\"https:\\\/\\\/www.instagram.com\\\/rose.mvd\"]}]}<\/script>\n<!-- \/ Yoast SEO plugin. -->","yoast_head_json":{"title":"Masturbador Masculino Dise\u00f1o Realista - ROSE MVD","description":"Dispositivo dise\u00f1ado para brindar una experiencia \u00edntima m\u00e1s c\u00f3moda y realista. Fabricado en silicona suave, ofrece una textura agradable","robots":{"index":"index","follow":"follow","max-snippet":"max-snippet:-1","max-image-preview":"max-image-preview:large","max-video-preview":"max-video-preview:-1"},"canonical":"https:\/\/rosemvd.com\/index.php\/producto\/masturbador-masculino-diseno-realista\/","og_locale":"es_ES","og_type":"article","og_title":"Masturbador Masculino Dise\u00f1o Realista - ROSE MVD","og_description":"Dispositivo dise\u00f1ado para brindar una experiencia \u00edntima m\u00e1s c\u00f3moda y realista. Fabricado en silicona suave, ofrece una textura agradable","og_url":"https:\/\/rosemvd.com\/index.php\/producto\/masturbador-masculino-diseno-realista\/","og_site_name":"ROSE MVD","article_publisher":"https:\/\/www.facebook.com\/TiendaRoseMvd","og_image":[{"width":965,"height":1115,"url":"https:\/\/rosemvd.com\/wp-content\/uploads\/2026\/04\/51JpgPbeMyL._AC_SL1200_.jpg","type":"image\/jpeg"}],"twitter_card":"summary_large_image","twitter_misc":{"Tiempo de lectura":"1 minuto"},"schema":{"@context":"https:\/\/schema.org","@graph":[{"@type":"WebPage","@id":"https:\/\/rosemvd.com\/index.php\/producto\/masturbador-masculino-diseno-realista\/","url":"https:\/\/rosemvd.com\/index.php\/producto\/masturbador-masculino-diseno-realista\/","name":"Masturbador Masculino Dise\u00f1o Realista - ROSE MVD","isPartOf":{"@id":"https:\/\/rosemvd.com\/#website"},"primaryImageOfPage":{"@id":"https:\/\/rosemvd.com\/index.php\/producto\/masturbador-masculino-diseno-realista\/#primaryimage"},"image":{"@id":"https:\/\/rosemvd.com\/index.php\/producto\/masturbador-masculino-diseno-realista\/#primaryimage"},"thumbnailUrl":"https:\/\/rosemvd.com\/wp-content\/uploads\/2026\/04\/51JpgPbeMyL._AC_SL1200_.jpg","datePublished":"2026-04-07T16:31:54+00:00","description":"Dispositivo dise\u00f1ado para brindar una experiencia \u00edntima m\u00e1s c\u00f3moda y realista. Fabricado en silicona suave, ofrece una textura agradable","breadcrumb":{"@id":"https:\/\/rosemvd.com\/index.php\/producto\/masturbador-masculino-diseno-realista\/#breadcrumb"},"inLanguage":"es","potentialAction":[{"@type":"ReadAction","target":["https:\/\/rosemvd.com\/index.php\/producto\/masturbador-masculino-diseno-realista\/"]}]},{"@type":"ImageObject","inLanguage":"es","@id":"https:\/\/rosemvd.com\/index.php\/producto\/masturbador-masculino-diseno-realista\/#primaryimage","url":"https:\/\/rosemvd.com\/wp-content\/uploads\/2026\/04\/51JpgPbeMyL._AC_SL1200_.jpg","contentUrl":"https:\/\/rosemvd.com\/wp-content\/uploads\/2026\/04\/51JpgPbeMyL._AC_SL1200_.jpg","width":965,"height":1115},{"@type":"BreadcrumbList","@id":"https:\/\/rosemvd.com\/index.php\/producto\/masturbador-masculino-diseno-realista\/#breadcrumb","itemListElement":[{"@type":"ListItem","position":1,"name":"Portada","item":"https:\/\/rosemvd.com\/"},{"@type":"ListItem","position":2,"name":"Tienda","item":"https:\/\/rosemvd.com\/index.php\/tienda\/"},{"@type":"ListItem","position":3,"name":"Masturbador Masculino Dise\u00f1o Realista"}]},{"@type":"WebSite","@id":"https:\/\/rosemvd.com\/#website","url":"https:\/\/rosemvd.com\/","name":"ROSE MVD","description":"Todo lo que buscas lo pod\u00e9s encontrar en rose mvd, especializados en traer todas las cosas nuevas en tendencia y accesorios diferentes y \u00fanicos.","publisher":{"@id":"https:\/\/rosemvd.com\/#organization"},"potentialAction":[{"@type":"SearchAction","target":{"@type":"EntryPoint","urlTemplate":"https:\/\/rosemvd.com\/?s={search_term_string}"},"query-input":{"@type":"PropertyValueSpecification","valueRequired":true,"valueName":"search_term_string"}}],"inLanguage":"es"},{"@type":"Organization","@id":"https:\/\/rosemvd.com\/#organization","name":"ROSE MVD","alternateName":"ROSE MVD","url":"https:\/\/rosemvd.com\/","logo":{"@type":"ImageObject","inLanguage":"es","@id":"https:\/\/rosemvd.com\/#\/schema\/logo\/image\/","url":"https:\/\/rosemvd.com\/wp-content\/uploads\/2023\/03\/Sin-titulo-2_Mesa-de-trabajo-1.png","contentUrl":"https:\/\/rosemvd.com\/wp-content\/uploads\/2023\/03\/Sin-titulo-2_Mesa-de-trabajo-1.png","width":2084,"height":2084,"caption":"ROSE MVD"},"image":{"@id":"https:\/\/rosemvd.com\/#\/schema\/logo\/image\/"},"sameAs":["https:\/\/www.facebook.com\/TiendaRoseMvd","https:\/\/www.instagram.com\/rose.mvd"]}]}},"_links":{"self":[{"href":"https:\/\/rosemvd.com\/index.php\/wp-json\/wp\/v2\/product\/17161","targetHints":{"allow":["GET"]}}],"collection":[{"href":"https:\/\/rosemvd.com\/index.php\/wp-json\/wp\/v2\/product"}],"about":[{"href":"https:\/\/rosemvd.com\/index.php\/wp-json\/wp\/v2\/types\/product"}],"wp:featuredmedia":[{"embeddable":true,"href":"https:\/\/rosemvd.com\/index.php\/wp-json\/wp\/v2\/media\/17165"}],"wp:attachment":[{"href":"https:\/\/rosemvd.com\/index.php\/wp-json\/wp\/v2\/media?parent=17161"}],"wp:term":[{"taxonomy":"product_brand","embeddable":true,"href":"https:\/\/rosemvd.com\/index.php\/wp-json\/wp\/v2\/product_brand?post=17161"},{"taxonomy":"product_cat","embeddable":true,"href":"https:\/\/rosemvd.com\/index.php\/wp-json\/wp\/v2\/product_cat?post=17161"},{"taxonomy":"product_tag","embeddable":true,"href":"https:\/\/rosemvd.com\/index.php\/wp-json\/wp\/v2\/product_tag?post=17161"}],"curies":[{"name":"wp","href":"https:\/\/api.w.org\/{rel}","templated":true}]}}