{"id":16966,"date":"2026-03-25T20:08:57","date_gmt":"2026-03-25T23:08:57","guid":{"rendered":"https:\/\/rosemvd.com\/?post_type=product&#038;p=16966"},"modified":"2026-04-20T10:46:31","modified_gmt":"2026-04-20T13:46:31","slug":"conjunto-de-collar-y-pulsera-cadena","status":"publish","type":"product","link":"https:\/\/rosemvd.com\/index.php\/producto\/conjunto-de-collar-y-pulsera-cadena\/","title":{"rendered":"Conjunto de Collar y Pulsera Cadena"},"content":{"rendered":"<p data-start=\"94\" data-end=\"162\"><strong data-start=\"94\" data-end=\"162\">Conjunto de Collar y Pulsera de Acero Quir\u00fargico \u2013 Dise\u00f1o Cadena<\/strong><\/p>\n<p data-start=\"164\" data-end=\"331\">Un cl\u00e1sico que nunca falla. Este conjunto de collar y pulsera en acero quir\u00fargico combina elegancia, resistencia y versatilidad, ideal para acompa\u00f1ar cualquier estilo.<\/p>\n<p data-start=\"333\" data-end=\"364\"><strong data-start=\"333\" data-end=\"364\">Caracter\u00edsticas principales<\/strong><\/p>\n<ul data-start=\"365\" data-end=\"515\">\n<li data-section-id=\"1biix1l\" data-start=\"365\" data-end=\"411\">Material: acero quir\u00fargico de alta calidad<\/li>\n<li data-section-id=\"1biix1l\" data-start=\"365\" data-end=\"411\">Cadena 60cm Pulsera 20 cm<\/li>\n<li data-section-id=\"1ny22p5\" data-start=\"412\" data-end=\"431\">Color: plateado<\/li>\n<li data-section-id=\"1wubyp9\" data-start=\"432\" data-end=\"458\">Dise\u00f1o: cadena cl\u00e1sica<\/li>\n<li data-section-id=\"1avlht8\" data-start=\"459\" data-end=\"496\">Acabado pulido con brillo moderno<\/li>\n<li data-section-id=\"iqfdqh\" data-start=\"497\" data-end=\"515\">Hipoalerg\u00e9nico<\/li>\n<\/ul>\n<p data-start=\"683\" data-end=\"836\"><strong data-start=\"683\" data-end=\"702\">Dise\u00f1o vers\u00e1til<\/strong><br data-start=\"702\" data-end=\"705\" \/>Perfecto para looks casuales o m\u00e1s formales. El collar y la pulsera mantienen una est\u00e9tica uniforme que aporta equilibrio y estilo.<\/p>\n<p data-start=\"838\" data-end=\"952\"><strong data-start=\"838\" data-end=\"852\">Ideal para<\/strong><br \/>\nUso diario o como regalo para quienes buscan accesorios modernos, minimalistas y de larga duraci\u00f3n.<\/p>\n","protected":false},"excerpt":{"rendered":"<p>Conjunto de Collar y Pulsera de Acero Quir\u00fargico \u2013 Dise\u00f1o Cadena Un cl\u00e1sico que nunca falla. Este conjunto de collar y pulsera en acero quir\u00fargico combina elegancia, resistencia y versatilidad, ideal para acompa\u00f1ar cualquier estilo. Caracter\u00edsticas principales Material: acero quir\u00fargico de alta calidad Cadena 60cm Pulsera 20 cm Color: plateado Dise\u00f1o: cadena cl\u00e1sica Acabado pulido [&hellip;]<\/p>\n","protected":false},"featured_media":16970,"template":"","meta":{"site-sidebar-layout":"default","site-content-layout":"","ast-site-content-layout":"default","site-content-style":"default","site-sidebar-style":"default","ast-global-header-display":"","ast-banner-title-visibility":"","ast-main-header-display":"","ast-hfb-above-header-display":"","ast-hfb-below-header-display":"","ast-hfb-mobile-header-display":"","site-post-title":"","ast-breadcrumbs-content":"","ast-featured-img":"","footer-sml-layout":"","ast-disable-related-posts":"","theme-transparent-header-meta":"default","adv-header-id-meta":"","stick-header-meta":"","header-above-stick-meta":"","header-main-stick-meta":"","header-below-stick-meta":"","astra-migrate-meta-layouts":"set","ast-page-background-enabled":"default","ast-page-background-meta":{"desktop":{"background-color":"var(--ast-global-color-4)","background-image":"","background-repeat":"repeat","background-position":"center center","background-size":"auto","background-attachment":"scroll","background-type":"","background-media":"","overlay-type":"","overlay-color":"","overlay-opacity":"","overlay-gradient":""},"tablet":{"background-color":"","background-image":"","background-repeat":"repeat","background-position":"center center","background-size":"auto","background-attachment":"scroll","background-type":"","background-media":"","overlay-type":"","overlay-color":"","overlay-opacity":"","overlay-gradient":""},"mobile":{"background-color":"","background-image":"","background-repeat":"repeat","background-position":"center center","background-size":"auto","background-attachment":"scroll","background-type":"","background-media":"","overlay-type":"","overlay-color":"","overlay-opacity":"","overlay-gradient":""}},"ast-content-background-meta":{"desktop":{"background-color":"var(--ast-global-color-5)","background-image":"","background-repeat":"repeat","background-position":"center center","background-size":"auto","background-attachment":"scroll","background-type":"","background-media":"","overlay-type":"","overlay-color":"","overlay-opacity":"","overlay-gradient":""},"tablet":{"background-color":"var(--ast-global-color-5)","background-image":"","background-repeat":"repeat","background-position":"center center","background-size":"auto","background-attachment":"scroll","background-type":"","background-media":"","overlay-type":"","overlay-color":"","overlay-opacity":"","overlay-gradient":""},"mobile":{"background-color":"var(--ast-global-color-5)","background-image":"","background-repeat":"repeat","background-position":"center center","background-size":"auto","background-attachment":"scroll","background-type":"","background-media":"","overlay-type":"","overlay-color":"","overlay-opacity":"","overlay-gradient":""}}},"product_brand":[],"product_cat":[366,445,364,367],"product_tag":[],"class_list":{"0":"post-16966","1":"product","2":"type-product","3":"status-publish","4":"has-post-thumbnail","6":"product_cat-collares-para-el","7":"product_cat-joyeria","8":"product_cat-para-el","9":"product_cat-pulseras-para-el","10":"desktop-align-left","11":"tablet-align-left","12":"mobile-align-left","14":"first","15":"instock","16":"shipping-taxable","17":"purchasable","18":"product-type-simple"},"yoast_head":"<!-- This site is optimized with the Yoast SEO plugin v27.3 - https:\/\/yoast.com\/product\/yoast-seo-wordpress\/ -->\n<title>Conjunto de Collar y Pulsera Cadena - ROSE MVD<\/title>\n<meta name=\"description\" content=\"Ideal para Uso diario o como regalo para quienes buscan accesorios modernos, minimalistas y de larga duraci\u00f3n. Un cl\u00e1sico que nunca falla\" \/>\n<meta name=\"robots\" content=\"index, follow, max-snippet:-1, max-image-preview:large, max-video-preview:-1\" \/>\n<link rel=\"canonical\" href=\"https:\/\/rosemvd.com\/index.php\/producto\/conjunto-de-collar-y-pulsera-cadena\/\" \/>\n<meta property=\"og:locale\" content=\"es_ES\" \/>\n<meta property=\"og:type\" content=\"article\" \/>\n<meta property=\"og:title\" content=\"Conjunto de Collar y Pulsera Cadena - ROSE MVD\" \/>\n<meta property=\"og:description\" content=\"Ideal para Uso diario o como regalo para quienes buscan accesorios modernos, minimalistas y de larga duraci\u00f3n. Un cl\u00e1sico que nunca falla\" \/>\n<meta property=\"og:url\" content=\"https:\/\/rosemvd.com\/index.php\/producto\/conjunto-de-collar-y-pulsera-cadena\/\" \/>\n<meta property=\"og:site_name\" content=\"ROSE MVD\" \/>\n<meta property=\"article:publisher\" content=\"https:\/\/www.facebook.com\/TiendaRoseMvd\" \/>\n<meta property=\"article:modified_time\" content=\"2026-04-20T13:46:31+00:00\" \/>\n<meta property=\"og:image\" content=\"https:\/\/rosemvd.com\/wp-content\/uploads\/2026\/03\/D_NQ_NP_2X_749080-MLC78383560649_082024-F.webp\" \/>\n\t<meta property=\"og:image:width\" content=\"901\" \/>\n\t<meta property=\"og:image:height\" content=\"1200\" \/>\n\t<meta property=\"og:image:type\" content=\"image\/webp\" \/>\n<meta name=\"twitter:card\" content=\"summary_large_image\" \/>\n<meta name=\"twitter:label1\" content=\"Tiempo de lectura\" \/>\n\t<meta name=\"twitter:data1\" content=\"1 minuto\" \/>\n<script type=\"application\/ld+json\" class=\"yoast-schema-graph\">{\"@context\":\"https:\\\/\\\/schema.org\",\"@graph\":[{\"@type\":\"WebPage\",\"@id\":\"https:\\\/\\\/rosemvd.com\\\/index.php\\\/producto\\\/conjunto-de-collar-y-pulsera-cadena\\\/\",\"url\":\"https:\\\/\\\/rosemvd.com\\\/index.php\\\/producto\\\/conjunto-de-collar-y-pulsera-cadena\\\/\",\"name\":\"Conjunto de Collar y Pulsera Cadena - ROSE MVD\",\"isPartOf\":{\"@id\":\"https:\\\/\\\/rosemvd.com\\\/#website\"},\"primaryImageOfPage\":{\"@id\":\"https:\\\/\\\/rosemvd.com\\\/index.php\\\/producto\\\/conjunto-de-collar-y-pulsera-cadena\\\/#primaryimage\"},\"image\":{\"@id\":\"https:\\\/\\\/rosemvd.com\\\/index.php\\\/producto\\\/conjunto-de-collar-y-pulsera-cadena\\\/#primaryimage\"},\"thumbnailUrl\":\"https:\\\/\\\/rosemvd.com\\\/wp-content\\\/uploads\\\/2026\\\/03\\\/D_NQ_NP_2X_749080-MLC78383560649_082024-F.webp\",\"datePublished\":\"2026-03-25T23:08:57+00:00\",\"dateModified\":\"2026-04-20T13:46:31+00:00\",\"description\":\"Ideal para Uso diario o como regalo para quienes buscan accesorios modernos, minimalistas y de larga duraci\u00f3n. Un cl\u00e1sico que nunca falla\",\"breadcrumb\":{\"@id\":\"https:\\\/\\\/rosemvd.com\\\/index.php\\\/producto\\\/conjunto-de-collar-y-pulsera-cadena\\\/#breadcrumb\"},\"inLanguage\":\"es\",\"potentialAction\":[{\"@type\":\"ReadAction\",\"target\":[\"https:\\\/\\\/rosemvd.com\\\/index.php\\\/producto\\\/conjunto-de-collar-y-pulsera-cadena\\\/\"]}]},{\"@type\":\"ImageObject\",\"inLanguage\":\"es\",\"@id\":\"https:\\\/\\\/rosemvd.com\\\/index.php\\\/producto\\\/conjunto-de-collar-y-pulsera-cadena\\\/#primaryimage\",\"url\":\"https:\\\/\\\/rosemvd.com\\\/wp-content\\\/uploads\\\/2026\\\/03\\\/D_NQ_NP_2X_749080-MLC78383560649_082024-F.webp\",\"contentUrl\":\"https:\\\/\\\/rosemvd.com\\\/wp-content\\\/uploads\\\/2026\\\/03\\\/D_NQ_NP_2X_749080-MLC78383560649_082024-F.webp\",\"width\":901,\"height\":1200},{\"@type\":\"BreadcrumbList\",\"@id\":\"https:\\\/\\\/rosemvd.com\\\/index.php\\\/producto\\\/conjunto-de-collar-y-pulsera-cadena\\\/#breadcrumb\",\"itemListElement\":[{\"@type\":\"ListItem\",\"position\":1,\"name\":\"Portada\",\"item\":\"https:\\\/\\\/rosemvd.com\\\/\"},{\"@type\":\"ListItem\",\"position\":2,\"name\":\"Tienda\",\"item\":\"https:\\\/\\\/rosemvd.com\\\/index.php\\\/tienda\\\/\"},{\"@type\":\"ListItem\",\"position\":3,\"name\":\"Conjunto de Collar y Pulsera Cadena\"}]},{\"@type\":\"WebSite\",\"@id\":\"https:\\\/\\\/rosemvd.com\\\/#website\",\"url\":\"https:\\\/\\\/rosemvd.com\\\/\",\"name\":\"ROSE MVD\",\"description\":\"Todo lo que no sab\u00edas que necesitabas, lo \u00faltimo en tendencia, utilidad e innovaci\u00f3n\",\"publisher\":{\"@id\":\"https:\\\/\\\/rosemvd.com\\\/#organization\"},\"potentialAction\":[{\"@type\":\"SearchAction\",\"target\":{\"@type\":\"EntryPoint\",\"urlTemplate\":\"https:\\\/\\\/rosemvd.com\\\/?s={search_term_string}\"},\"query-input\":{\"@type\":\"PropertyValueSpecification\",\"valueRequired\":true,\"valueName\":\"search_term_string\"}}],\"inLanguage\":\"es\"},{\"@type\":\"Organization\",\"@id\":\"https:\\\/\\\/rosemvd.com\\\/#organization\",\"name\":\"ROSE MVD\",\"alternateName\":\"ROSE MVD\",\"url\":\"https:\\\/\\\/rosemvd.com\\\/\",\"logo\":{\"@type\":\"ImageObject\",\"inLanguage\":\"es\",\"@id\":\"https:\\\/\\\/rosemvd.com\\\/#\\\/schema\\\/logo\\\/image\\\/\",\"url\":\"https:\\\/\\\/rosemvd.com\\\/wp-content\\\/uploads\\\/2023\\\/03\\\/Sin-titulo-2_Mesa-de-trabajo-1.png\",\"contentUrl\":\"https:\\\/\\\/rosemvd.com\\\/wp-content\\\/uploads\\\/2023\\\/03\\\/Sin-titulo-2_Mesa-de-trabajo-1.png\",\"width\":2084,\"height\":2084,\"caption\":\"ROSE MVD\"},\"image\":{\"@id\":\"https:\\\/\\\/rosemvd.com\\\/#\\\/schema\\\/logo\\\/image\\\/\"},\"sameAs\":[\"https:\\\/\\\/www.facebook.com\\\/TiendaRoseMvd\",\"https:\\\/\\\/www.instagram.com\\\/rose.mvd\"]}]}<\/script>\n<!-- \/ Yoast SEO plugin. -->","yoast_head_json":{"title":"Conjunto de Collar y Pulsera Cadena - ROSE MVD","description":"Ideal para Uso diario o como regalo para quienes buscan accesorios modernos, minimalistas y de larga duraci\u00f3n. Un cl\u00e1sico que nunca falla","robots":{"index":"index","follow":"follow","max-snippet":"max-snippet:-1","max-image-preview":"max-image-preview:large","max-video-preview":"max-video-preview:-1"},"canonical":"https:\/\/rosemvd.com\/index.php\/producto\/conjunto-de-collar-y-pulsera-cadena\/","og_locale":"es_ES","og_type":"article","og_title":"Conjunto de Collar y Pulsera Cadena - ROSE MVD","og_description":"Ideal para Uso diario o como regalo para quienes buscan accesorios modernos, minimalistas y de larga duraci\u00f3n. Un cl\u00e1sico que nunca falla","og_url":"https:\/\/rosemvd.com\/index.php\/producto\/conjunto-de-collar-y-pulsera-cadena\/","og_site_name":"ROSE MVD","article_publisher":"https:\/\/www.facebook.com\/TiendaRoseMvd","article_modified_time":"2026-04-20T13:46:31+00:00","og_image":[{"width":901,"height":1200,"url":"https:\/\/rosemvd.com\/wp-content\/uploads\/2026\/03\/D_NQ_NP_2X_749080-MLC78383560649_082024-F.webp","type":"image\/webp"}],"twitter_card":"summary_large_image","twitter_misc":{"Tiempo de lectura":"1 minuto"},"schema":{"@context":"https:\/\/schema.org","@graph":[{"@type":"WebPage","@id":"https:\/\/rosemvd.com\/index.php\/producto\/conjunto-de-collar-y-pulsera-cadena\/","url":"https:\/\/rosemvd.com\/index.php\/producto\/conjunto-de-collar-y-pulsera-cadena\/","name":"Conjunto de Collar y Pulsera Cadena - ROSE MVD","isPartOf":{"@id":"https:\/\/rosemvd.com\/#website"},"primaryImageOfPage":{"@id":"https:\/\/rosemvd.com\/index.php\/producto\/conjunto-de-collar-y-pulsera-cadena\/#primaryimage"},"image":{"@id":"https:\/\/rosemvd.com\/index.php\/producto\/conjunto-de-collar-y-pulsera-cadena\/#primaryimage"},"thumbnailUrl":"https:\/\/rosemvd.com\/wp-content\/uploads\/2026\/03\/D_NQ_NP_2X_749080-MLC78383560649_082024-F.webp","datePublished":"2026-03-25T23:08:57+00:00","dateModified":"2026-04-20T13:46:31+00:00","description":"Ideal para Uso diario o como regalo para quienes buscan accesorios modernos, minimalistas y de larga duraci\u00f3n. Un cl\u00e1sico que nunca falla","breadcrumb":{"@id":"https:\/\/rosemvd.com\/index.php\/producto\/conjunto-de-collar-y-pulsera-cadena\/#breadcrumb"},"inLanguage":"es","potentialAction":[{"@type":"ReadAction","target":["https:\/\/rosemvd.com\/index.php\/producto\/conjunto-de-collar-y-pulsera-cadena\/"]}]},{"@type":"ImageObject","inLanguage":"es","@id":"https:\/\/rosemvd.com\/index.php\/producto\/conjunto-de-collar-y-pulsera-cadena\/#primaryimage","url":"https:\/\/rosemvd.com\/wp-content\/uploads\/2026\/03\/D_NQ_NP_2X_749080-MLC78383560649_082024-F.webp","contentUrl":"https:\/\/rosemvd.com\/wp-content\/uploads\/2026\/03\/D_NQ_NP_2X_749080-MLC78383560649_082024-F.webp","width":901,"height":1200},{"@type":"BreadcrumbList","@id":"https:\/\/rosemvd.com\/index.php\/producto\/conjunto-de-collar-y-pulsera-cadena\/#breadcrumb","itemListElement":[{"@type":"ListItem","position":1,"name":"Portada","item":"https:\/\/rosemvd.com\/"},{"@type":"ListItem","position":2,"name":"Tienda","item":"https:\/\/rosemvd.com\/index.php\/tienda\/"},{"@type":"ListItem","position":3,"name":"Conjunto de Collar y Pulsera Cadena"}]},{"@type":"WebSite","@id":"https:\/\/rosemvd.com\/#website","url":"https:\/\/rosemvd.com\/","name":"ROSE MVD","description":"Todo lo que no sab\u00edas que necesitabas, lo \u00faltimo en tendencia, utilidad e innovaci\u00f3n","publisher":{"@id":"https:\/\/rosemvd.com\/#organization"},"potentialAction":[{"@type":"SearchAction","target":{"@type":"EntryPoint","urlTemplate":"https:\/\/rosemvd.com\/?s={search_term_string}"},"query-input":{"@type":"PropertyValueSpecification","valueRequired":true,"valueName":"search_term_string"}}],"inLanguage":"es"},{"@type":"Organization","@id":"https:\/\/rosemvd.com\/#organization","name":"ROSE MVD","alternateName":"ROSE MVD","url":"https:\/\/rosemvd.com\/","logo":{"@type":"ImageObject","inLanguage":"es","@id":"https:\/\/rosemvd.com\/#\/schema\/logo\/image\/","url":"https:\/\/rosemvd.com\/wp-content\/uploads\/2023\/03\/Sin-titulo-2_Mesa-de-trabajo-1.png","contentUrl":"https:\/\/rosemvd.com\/wp-content\/uploads\/2023\/03\/Sin-titulo-2_Mesa-de-trabajo-1.png","width":2084,"height":2084,"caption":"ROSE MVD"},"image":{"@id":"https:\/\/rosemvd.com\/#\/schema\/logo\/image\/"},"sameAs":["https:\/\/www.facebook.com\/TiendaRoseMvd","https:\/\/www.instagram.com\/rose.mvd"]}]}},"_links":{"self":[{"href":"https:\/\/rosemvd.com\/index.php\/wp-json\/wp\/v2\/product\/16966","targetHints":{"allow":["GET"]}}],"collection":[{"href":"https:\/\/rosemvd.com\/index.php\/wp-json\/wp\/v2\/product"}],"about":[{"href":"https:\/\/rosemvd.com\/index.php\/wp-json\/wp\/v2\/types\/product"}],"wp:featuredmedia":[{"embeddable":true,"href":"https:\/\/rosemvd.com\/index.php\/wp-json\/wp\/v2\/media\/16970"}],"wp:attachment":[{"href":"https:\/\/rosemvd.com\/index.php\/wp-json\/wp\/v2\/media?parent=16966"}],"wp:term":[{"taxonomy":"product_brand","embeddable":true,"href":"https:\/\/rosemvd.com\/index.php\/wp-json\/wp\/v2\/product_brand?post=16966"},{"taxonomy":"product_cat","embeddable":true,"href":"https:\/\/rosemvd.com\/index.php\/wp-json\/wp\/v2\/product_cat?post=16966"},{"taxonomy":"product_tag","embeddable":true,"href":"https:\/\/rosemvd.com\/index.php\/wp-json\/wp\/v2\/product_tag?post=16966"}],"curies":[{"name":"wp","href":"https:\/\/api.w.org\/{rel}","templated":true}]}}