{"id":16733,"date":"2026-03-13T10:00:02","date_gmt":"2026-03-13T13:00:02","guid":{"rendered":"https:\/\/rosemvd.com\/?post_type=product&#038;p=16733"},"modified":"2026-04-21T09:53:09","modified_gmt":"2026-04-21T12:53:09","slug":"lenceria-bata-y-tanga","status":"publish","type":"product","link":"https:\/\/rosemvd.com\/index.php\/producto\/lenceria-bata-y-tanga\/","title":{"rendered":"Lencer\u00eda Bata y Tanga"},"content":{"rendered":"<p data-start=\"0\" data-end=\"62\"><strong data-start=\"0\" data-end=\"62\"><span class=\"BZ_Pyq_fadeIn\">Lencer\u00eda <\/span><span class=\"BZ_Pyq_fadeIn\">Sexy <\/span><span class=\"BZ_Pyq_fadeIn\">Bata <\/span><span class=\"BZ_Pyq_fadeIn\">Corta <\/span><span class=\"BZ_Pyq_fadeIn\">con <\/span><span class=\"BZ_Pyq_fadeIn\">Tanga \u2013 <\/span><span class=\"BZ_Pyq_fadeIn\">Color <\/span><span class=\"BZ_Pyq_fadeIn\">Negro \u2013 <\/span><span class=\"BZ_Pyq_fadeIn\">Talle <\/span><span class=\"BZ_Pyq_fadeIn\">M<\/span><\/strong><\/p>\n<p data-start=\"64\" data-end=\"286\"><span class=\"BZ_Pyq_fadeIn\">Conjunto <\/span><span class=\"BZ_Pyq_fadeIn\">de <\/span><span class=\"BZ_Pyq_fadeIn\">lencer\u00eda <\/span><span class=\"BZ_Pyq_fadeIn\">elegante <\/span><span class=\"BZ_Pyq_fadeIn\">y <\/span><span class=\"BZ_Pyq_fadeIn\">sensual <\/span><span class=\"BZ_Pyq_fadeIn\">compuesto <\/span><span class=\"BZ_Pyq_fadeIn\">por <\/span><span class=\"BZ_Pyq_fadeIn\">una <\/span><span class=\"BZ_Pyq_fadeIn\">bata <\/span><span class=\"BZ_Pyq_fadeIn\">corta <\/span><span class=\"BZ_Pyq_fadeIn\">y <\/span><span class=\"BZ_Pyq_fadeIn\">tanga <\/span><span class=\"BZ_Pyq_fadeIn\">a <\/span><span class=\"BZ_Pyq_fadeIn\">juego <\/span><span class=\"BZ_Pyq_fadeIn\">en <\/span><span class=\"BZ_Pyq_fadeIn\">color <\/span><span class=\"BZ_Pyq_fadeIn\">negro. <\/span><span class=\"BZ_Pyq_fadeIn\">Su <\/span><span class=\"BZ_Pyq_fadeIn\">dise\u00f1o <\/span><span class=\"BZ_Pyq_fadeIn\">ligero <\/span><span class=\"BZ_Pyq_fadeIn\">y <\/span><span class=\"BZ_Pyq_fadeIn\">femenino <\/span><span class=\"BZ_Pyq_fadeIn\">resalta <\/span><span class=\"BZ_Pyq_fadeIn\">la <\/span><span class=\"BZ_Pyq_fadeIn\">silueta, <\/span><span class=\"BZ_Pyq_fadeIn\">aportando <\/span><span class=\"BZ_Pyq_fadeIn\">un <\/span><span class=\"BZ_Pyq_fadeIn\">estilo <\/span><span class=\"BZ_Pyq_fadeIn\">atractivo <\/span><span class=\"BZ_Pyq_fadeIn\">y <\/span><span class=\"BZ_Pyq_fadeIn\">delicado <\/span><span class=\"BZ_Pyq_fadeIn\">ideal <\/span><span class=\"BZ_Pyq_fadeIn\">para <\/span><span class=\"BZ_Pyq_fadeIn\">ocasiones <\/span><span class=\"BZ_Pyq_fadeIn\">especiales.<\/span><\/p>\n<p data-start=\"288\" data-end=\"506\"><span class=\"BZ_Pyq_fadeIn\">La <\/span><span class=\"BZ_Pyq_fadeIn\">bata <\/span><span class=\"BZ_Pyq_fadeIn\">presenta <\/span><span class=\"BZ_Pyq_fadeIn\">un <\/span><span class=\"BZ_Pyq_fadeIn\">corte <\/span><span class=\"BZ_Pyq_fadeIn\">corto <\/span><span class=\"BZ_Pyq_fadeIn\">que <\/span><span class=\"BZ_Pyq_fadeIn\">aporta <\/span><span class=\"BZ_Pyq_fadeIn\">un <\/span><span class=\"BZ_Pyq_fadeIn\">toque <\/span><span class=\"BZ_Pyq_fadeIn\">seductor, <\/span><span class=\"BZ_Pyq_fadeIn\">mientras <\/span><span class=\"BZ_Pyq_fadeIn\">que <\/span><span class=\"BZ_Pyq_fadeIn\">el <\/span><span class=\"BZ_Pyq_fadeIn\">tejido <\/span><span class=\"BZ_Pyq_fadeIn\">suave <\/span><span class=\"BZ_Pyq_fadeIn\">brinda <\/span><span class=\"BZ_Pyq_fadeIn\">comodidad <\/span><span class=\"BZ_Pyq_fadeIn\">y <\/span><span class=\"BZ_Pyq_fadeIn\">una <\/span><span class=\"BZ_Pyq_fadeIn\">ca\u00edda <\/span><span class=\"BZ_Pyq_fadeIn\">natural <\/span><span class=\"BZ_Pyq_fadeIn\">sobre <\/span><span class=\"BZ_Pyq_fadeIn\">el <\/span><span class=\"BZ_Pyq_fadeIn\">cuerpo. <\/span><span class=\"BZ_Pyq_fadeIn\">La <\/span><span class=\"BZ_Pyq_fadeIn\">tanga <\/span><span class=\"BZ_Pyq_fadeIn\">complementa <\/span><span class=\"BZ_Pyq_fadeIn\">el <\/span><span class=\"BZ_Pyq_fadeIn\">conjunto <\/span><span class=\"BZ_Pyq_fadeIn\">creando <\/span><span class=\"BZ_Pyq_fadeIn\">un <\/span><span class=\"BZ_Pyq_fadeIn\">look <\/span><span class=\"BZ_Pyq_fadeIn\">armonioso <\/span><span class=\"BZ_Pyq_fadeIn\">y <\/span><span class=\"BZ_Pyq_fadeIn\">sofisticado.<\/span><\/p>\n<p data-start=\"508\" data-end=\"599\"><span class=\"BZ_Pyq_fadeIn\">Perfecta <\/span><span class=\"BZ_Pyq_fadeIn\">para <\/span><span class=\"BZ_Pyq_fadeIn\">quienes <\/span><span class=\"BZ_Pyq_fadeIn\">buscan <\/span><span class=\"BZ_Pyq_fadeIn\">una <\/span><span class=\"BZ_Pyq_fadeIn\">prenda <\/span><span class=\"BZ_Pyq_fadeIn\">\u00edntima <\/span><span class=\"BZ_Pyq_fadeIn\">que <\/span><span class=\"BZ_Pyq_fadeIn\">combine <\/span><span class=\"BZ_Pyq_fadeIn\">sensualidad, <\/span><span class=\"BZ_Pyq_fadeIn\">estilo <\/span><span class=\"BZ_Pyq_fadeIn\">y <\/span><span class=\"BZ_Pyq_fadeIn\">comodidad.<\/span><\/p>\n<p data-start=\"601\" data-end=\"621\"><strong data-start=\"601\" data-end=\"621\"><span class=\"BZ_Pyq_fadeIn\">Caracter\u00edsticas:<\/span><\/strong><\/p>\n<ul data-start=\"622\" data-end=\"759\">\n<li data-section-id=\"1i4853q\" data-start=\"622\" data-end=\"666\">\n<p data-start=\"624\" data-end=\"666\"><span class=\"BZ_Pyq_fadeIn\">Conjunto <\/span><span class=\"BZ_Pyq_fadeIn\">de <\/span><span class=\"BZ_Pyq_fadeIn\">2 <\/span><span class=\"BZ_Pyq_fadeIn\">piezas: <\/span><span class=\"BZ_Pyq_fadeIn\">bata <\/span><span class=\"BZ_Pyq_fadeIn\">corta + <\/span><span class=\"BZ_Pyq_fadeIn\">tanga<\/span><\/p>\n<\/li>\n<li data-section-id=\"deq6gu\" data-start=\"667\" data-end=\"683\">\n<p data-start=\"669\" data-end=\"683\"><span class=\"BZ_Pyq_fadeIn\">Color: <\/span><span class=\"BZ_Pyq_fadeIn\">Negro<\/span><\/p>\n<\/li>\n<li data-section-id=\"ojihhn\" data-start=\"684\" data-end=\"706\">\n<p data-start=\"686\" data-end=\"706\"><span class=\"BZ_Pyq_fadeIn\">Talle: <\/span><span class=\"BZ_Pyq_fadeIn\">Mediano (<\/span><span class=\"BZ_Pyq_fadeIn\">M)<\/span><\/p>\n<\/li>\n<li data-section-id=\"7kl85y\" data-start=\"707\" data-end=\"733\">\n<p data-start=\"709\" data-end=\"733\"><span class=\"BZ_Pyq_fadeIn\">Dise\u00f1o <\/span><span class=\"BZ_Pyq_fadeIn\">sexy <\/span><span class=\"BZ_Pyq_fadeIn\">y <\/span><span class=\"BZ_Pyq_fadeIn\">elegante<\/span><\/p>\n<\/li>\n<li data-section-id=\"1hteb0l\" data-start=\"734\" data-end=\"759\">\n<p data-start=\"736\" data-end=\"759\"><span class=\"BZ_Pyq_fadeIn\">Tejido <\/span><span class=\"BZ_Pyq_fadeIn\">suave <\/span><span class=\"BZ_Pyq_fadeIn\">y <\/span><span class=\"BZ_Pyq_fadeIn\">c\u00f3modo<\/span><\/p>\n<\/li>\n<\/ul>\n<p data-start=\"761\" data-end=\"843\" data-is-last-node=\"\" data-is-only-node=\"\"><span class=\"BZ_Pyq_fadeIn\">Ideal <\/span><span class=\"BZ_Pyq_fadeIn\">para <\/span><span class=\"BZ_Pyq_fadeIn\">sorprender <\/span><span class=\"BZ_Pyq_fadeIn\">en <\/span><span class=\"BZ_Pyq_fadeIn\">momentos <\/span><span class=\"BZ_Pyq_fadeIn\">especiales <\/span><span class=\"BZ_Pyq_fadeIn\">o <\/span><span class=\"BZ_Pyq_fadeIn\">para <\/span><span class=\"BZ_Pyq_fadeIn\">sentirte <\/span><span class=\"BZ_Pyq_fadeIn\">segura <\/span><span class=\"BZ_Pyq_fadeIn\">y <\/span><span class=\"BZ_Pyq_fadeIn\">atractiva.<\/span><\/p>\n","protected":false},"excerpt":{"rendered":"<p>Lencer\u00eda Sexy Bata Corta con Tanga \u2013 Color Negro \u2013 Talle M Conjunto de lencer\u00eda elegante y sensual compuesto por una bata corta y tanga a juego en color negro. Su dise\u00f1o ligero y femenino resalta la silueta, aportando un estilo atractivo y delicado ideal para ocasiones especiales. La bata presenta un corte corto que [&hellip;]<\/p>\n","protected":false},"featured_media":16735,"template":"","meta":{"site-sidebar-layout":"default","site-content-layout":"","ast-site-content-layout":"default","site-content-style":"default","site-sidebar-style":"default","ast-global-header-display":"","ast-banner-title-visibility":"","ast-main-header-display":"","ast-hfb-above-header-display":"","ast-hfb-below-header-display":"","ast-hfb-mobile-header-display":"","site-post-title":"","ast-breadcrumbs-content":"","ast-featured-img":"","footer-sml-layout":"","ast-disable-related-posts":"","theme-transparent-header-meta":"default","adv-header-id-meta":"","stick-header-meta":"","header-above-stick-meta":"","header-main-stick-meta":"","header-below-stick-meta":"","astra-migrate-meta-layouts":"set","ast-page-background-enabled":"default","ast-page-background-meta":{"desktop":{"background-color":"var(--ast-global-color-4)","background-image":"","background-repeat":"repeat","background-position":"center center","background-size":"auto","background-attachment":"scroll","background-type":"","background-media":"","overlay-type":"","overlay-color":"","overlay-opacity":"","overlay-gradient":""},"tablet":{"background-color":"","background-image":"","background-repeat":"repeat","background-position":"center center","background-size":"auto","background-attachment":"scroll","background-type":"","background-media":"","overlay-type":"","overlay-color":"","overlay-opacity":"","overlay-gradient":""},"mobile":{"background-color":"","background-image":"","background-repeat":"repeat","background-position":"center center","background-size":"auto","background-attachment":"scroll","background-type":"","background-media":"","overlay-type":"","overlay-color":"","overlay-opacity":"","overlay-gradient":""}},"ast-content-background-meta":{"desktop":{"background-color":"var(--ast-global-color-5)","background-image":"","background-repeat":"repeat","background-position":"center center","background-size":"auto","background-attachment":"scroll","background-type":"","background-media":"","overlay-type":"","overlay-color":"","overlay-opacity":"","overlay-gradient":""},"tablet":{"background-color":"var(--ast-global-color-5)","background-image":"","background-repeat":"repeat","background-position":"center center","background-size":"auto","background-attachment":"scroll","background-type":"","background-media":"","overlay-type":"","overlay-color":"","overlay-opacity":"","overlay-gradient":""},"mobile":{"background-color":"var(--ast-global-color-5)","background-image":"","background-repeat":"repeat","background-position":"center center","background-size":"auto","background-attachment":"scroll","background-type":"","background-media":"","overlay-type":"","overlay-color":"","overlay-opacity":"","overlay-gradient":""}}},"product_brand":[],"product_cat":[424,446],"product_tag":[],"class_list":{"0":"post-16733","1":"product","2":"type-product","3":"status-publish","4":"has-post-thumbnail","6":"product_cat-lenceria","7":"product_cat-ropa-deporte-y-accesorios","8":"desktop-align-left","9":"tablet-align-left","10":"mobile-align-left","12":"first","13":"instock","14":"shipping-taxable","15":"purchasable","16":"product-type-simple"},"yoast_head":"<!-- This site is optimized with the Yoast SEO plugin v27.3 - https:\/\/yoast.com\/product\/yoast-seo-wordpress\/ -->\n<title>Lencer\u00eda Bata y Tanga - ROSE MVD<\/title>\n<meta name=\"description\" content=\"Es un disfraz sexy y sofisticado, perfecto para ocasiones especiales, fiestas tem\u00e1ticas, celebraciones, sesiones fotogr\u00e1ficas o momentos \u00edntimos.\" \/>\n<meta name=\"robots\" content=\"index, follow, max-snippet:-1, max-image-preview:large, max-video-preview:-1\" \/>\n<link rel=\"canonical\" href=\"https:\/\/rosemvd.com\/index.php\/producto\/lenceria-bata-y-tanga\/\" \/>\n<meta property=\"og:locale\" content=\"es_ES\" \/>\n<meta property=\"og:type\" content=\"article\" \/>\n<meta property=\"og:title\" content=\"Lencer\u00eda Bata y Tanga - ROSE MVD\" \/>\n<meta property=\"og:description\" content=\"Es un disfraz sexy y sofisticado, perfecto para ocasiones especiales, fiestas tem\u00e1ticas, celebraciones, sesiones fotogr\u00e1ficas o momentos \u00edntimos.\" \/>\n<meta property=\"og:url\" content=\"https:\/\/rosemvd.com\/index.php\/producto\/lenceria-bata-y-tanga\/\" \/>\n<meta property=\"og:site_name\" content=\"ROSE MVD\" \/>\n<meta property=\"article:publisher\" content=\"https:\/\/www.facebook.com\/TiendaRoseMvd\" \/>\n<meta property=\"article:modified_time\" content=\"2026-04-21T12:53:09+00:00\" \/>\n<meta property=\"og:image\" content=\"https:\/\/rosemvd.com\/wp-content\/uploads\/2026\/03\/7ee587d0-7213-4665-9d28-c8b74e6f805d.jpg\" \/>\n\t<meta property=\"og:image:width\" content=\"1179\" \/>\n\t<meta property=\"og:image:height\" content=\"1403\" \/>\n\t<meta property=\"og:image:type\" content=\"image\/jpeg\" \/>\n<meta name=\"twitter:card\" content=\"summary_large_image\" \/>\n<meta name=\"twitter:label1\" content=\"Tiempo de lectura\" \/>\n\t<meta name=\"twitter:data1\" content=\"1 minuto\" \/>\n<script type=\"application\/ld+json\" class=\"yoast-schema-graph\">{\"@context\":\"https:\\\/\\\/schema.org\",\"@graph\":[{\"@type\":\"WebPage\",\"@id\":\"https:\\\/\\\/rosemvd.com\\\/index.php\\\/producto\\\/lenceria-bata-y-tanga\\\/\",\"url\":\"https:\\\/\\\/rosemvd.com\\\/index.php\\\/producto\\\/lenceria-bata-y-tanga\\\/\",\"name\":\"Lencer\u00eda Bata y Tanga - ROSE MVD\",\"isPartOf\":{\"@id\":\"https:\\\/\\\/rosemvd.com\\\/#website\"},\"primaryImageOfPage\":{\"@id\":\"https:\\\/\\\/rosemvd.com\\\/index.php\\\/producto\\\/lenceria-bata-y-tanga\\\/#primaryimage\"},\"image\":{\"@id\":\"https:\\\/\\\/rosemvd.com\\\/index.php\\\/producto\\\/lenceria-bata-y-tanga\\\/#primaryimage\"},\"thumbnailUrl\":\"https:\\\/\\\/rosemvd.com\\\/wp-content\\\/uploads\\\/2026\\\/03\\\/7ee587d0-7213-4665-9d28-c8b74e6f805d.jpg\",\"datePublished\":\"2026-03-13T13:00:02+00:00\",\"dateModified\":\"2026-04-21T12:53:09+00:00\",\"description\":\"Es un disfraz sexy y sofisticado, perfecto para ocasiones especiales, fiestas tem\u00e1ticas, celebraciones, sesiones fotogr\u00e1ficas o momentos \u00edntimos.\",\"breadcrumb\":{\"@id\":\"https:\\\/\\\/rosemvd.com\\\/index.php\\\/producto\\\/lenceria-bata-y-tanga\\\/#breadcrumb\"},\"inLanguage\":\"es\",\"potentialAction\":[{\"@type\":\"ReadAction\",\"target\":[\"https:\\\/\\\/rosemvd.com\\\/index.php\\\/producto\\\/lenceria-bata-y-tanga\\\/\"]}]},{\"@type\":\"ImageObject\",\"inLanguage\":\"es\",\"@id\":\"https:\\\/\\\/rosemvd.com\\\/index.php\\\/producto\\\/lenceria-bata-y-tanga\\\/#primaryimage\",\"url\":\"https:\\\/\\\/rosemvd.com\\\/wp-content\\\/uploads\\\/2026\\\/03\\\/7ee587d0-7213-4665-9d28-c8b74e6f805d.jpg\",\"contentUrl\":\"https:\\\/\\\/rosemvd.com\\\/wp-content\\\/uploads\\\/2026\\\/03\\\/7ee587d0-7213-4665-9d28-c8b74e6f805d.jpg\",\"width\":1179,\"height\":1403},{\"@type\":\"BreadcrumbList\",\"@id\":\"https:\\\/\\\/rosemvd.com\\\/index.php\\\/producto\\\/lenceria-bata-y-tanga\\\/#breadcrumb\",\"itemListElement\":[{\"@type\":\"ListItem\",\"position\":1,\"name\":\"Portada\",\"item\":\"https:\\\/\\\/rosemvd.com\\\/\"},{\"@type\":\"ListItem\",\"position\":2,\"name\":\"Tienda\",\"item\":\"https:\\\/\\\/rosemvd.com\\\/index.php\\\/tienda\\\/\"},{\"@type\":\"ListItem\",\"position\":3,\"name\":\"Lencer\u00eda Bata y Tanga\"}]},{\"@type\":\"WebSite\",\"@id\":\"https:\\\/\\\/rosemvd.com\\\/#website\",\"url\":\"https:\\\/\\\/rosemvd.com\\\/\",\"name\":\"ROSE MVD\",\"description\":\"Todo lo que no sab\u00edas que necesitabas, lo \u00faltimo en tendencia, utilidad e innovaci\u00f3n\",\"publisher\":{\"@id\":\"https:\\\/\\\/rosemvd.com\\\/#organization\"},\"potentialAction\":[{\"@type\":\"SearchAction\",\"target\":{\"@type\":\"EntryPoint\",\"urlTemplate\":\"https:\\\/\\\/rosemvd.com\\\/?s={search_term_string}\"},\"query-input\":{\"@type\":\"PropertyValueSpecification\",\"valueRequired\":true,\"valueName\":\"search_term_string\"}}],\"inLanguage\":\"es\"},{\"@type\":\"Organization\",\"@id\":\"https:\\\/\\\/rosemvd.com\\\/#organization\",\"name\":\"ROSE MVD\",\"alternateName\":\"ROSE MVD\",\"url\":\"https:\\\/\\\/rosemvd.com\\\/\",\"logo\":{\"@type\":\"ImageObject\",\"inLanguage\":\"es\",\"@id\":\"https:\\\/\\\/rosemvd.com\\\/#\\\/schema\\\/logo\\\/image\\\/\",\"url\":\"https:\\\/\\\/rosemvd.com\\\/wp-content\\\/uploads\\\/2023\\\/03\\\/Sin-titulo-2_Mesa-de-trabajo-1.png\",\"contentUrl\":\"https:\\\/\\\/rosemvd.com\\\/wp-content\\\/uploads\\\/2023\\\/03\\\/Sin-titulo-2_Mesa-de-trabajo-1.png\",\"width\":2084,\"height\":2084,\"caption\":\"ROSE MVD\"},\"image\":{\"@id\":\"https:\\\/\\\/rosemvd.com\\\/#\\\/schema\\\/logo\\\/image\\\/\"},\"sameAs\":[\"https:\\\/\\\/www.facebook.com\\\/TiendaRoseMvd\",\"https:\\\/\\\/www.instagram.com\\\/rose.mvd\"]}]}<\/script>\n<!-- \/ Yoast SEO plugin. -->","yoast_head_json":{"title":"Lencer\u00eda Bata y Tanga - ROSE MVD","description":"Es un disfraz sexy y sofisticado, perfecto para ocasiones especiales, fiestas tem\u00e1ticas, celebraciones, sesiones fotogr\u00e1ficas o momentos \u00edntimos.","robots":{"index":"index","follow":"follow","max-snippet":"max-snippet:-1","max-image-preview":"max-image-preview:large","max-video-preview":"max-video-preview:-1"},"canonical":"https:\/\/rosemvd.com\/index.php\/producto\/lenceria-bata-y-tanga\/","og_locale":"es_ES","og_type":"article","og_title":"Lencer\u00eda Bata y Tanga - ROSE MVD","og_description":"Es un disfraz sexy y sofisticado, perfecto para ocasiones especiales, fiestas tem\u00e1ticas, celebraciones, sesiones fotogr\u00e1ficas o momentos \u00edntimos.","og_url":"https:\/\/rosemvd.com\/index.php\/producto\/lenceria-bata-y-tanga\/","og_site_name":"ROSE MVD","article_publisher":"https:\/\/www.facebook.com\/TiendaRoseMvd","article_modified_time":"2026-04-21T12:53:09+00:00","og_image":[{"width":1179,"height":1403,"url":"https:\/\/rosemvd.com\/wp-content\/uploads\/2026\/03\/7ee587d0-7213-4665-9d28-c8b74e6f805d.jpg","type":"image\/jpeg"}],"twitter_card":"summary_large_image","twitter_misc":{"Tiempo de lectura":"1 minuto"},"schema":{"@context":"https:\/\/schema.org","@graph":[{"@type":"WebPage","@id":"https:\/\/rosemvd.com\/index.php\/producto\/lenceria-bata-y-tanga\/","url":"https:\/\/rosemvd.com\/index.php\/producto\/lenceria-bata-y-tanga\/","name":"Lencer\u00eda Bata y Tanga - ROSE MVD","isPartOf":{"@id":"https:\/\/rosemvd.com\/#website"},"primaryImageOfPage":{"@id":"https:\/\/rosemvd.com\/index.php\/producto\/lenceria-bata-y-tanga\/#primaryimage"},"image":{"@id":"https:\/\/rosemvd.com\/index.php\/producto\/lenceria-bata-y-tanga\/#primaryimage"},"thumbnailUrl":"https:\/\/rosemvd.com\/wp-content\/uploads\/2026\/03\/7ee587d0-7213-4665-9d28-c8b74e6f805d.jpg","datePublished":"2026-03-13T13:00:02+00:00","dateModified":"2026-04-21T12:53:09+00:00","description":"Es un disfraz sexy y sofisticado, perfecto para ocasiones especiales, fiestas tem\u00e1ticas, celebraciones, sesiones fotogr\u00e1ficas o momentos \u00edntimos.","breadcrumb":{"@id":"https:\/\/rosemvd.com\/index.php\/producto\/lenceria-bata-y-tanga\/#breadcrumb"},"inLanguage":"es","potentialAction":[{"@type":"ReadAction","target":["https:\/\/rosemvd.com\/index.php\/producto\/lenceria-bata-y-tanga\/"]}]},{"@type":"ImageObject","inLanguage":"es","@id":"https:\/\/rosemvd.com\/index.php\/producto\/lenceria-bata-y-tanga\/#primaryimage","url":"https:\/\/rosemvd.com\/wp-content\/uploads\/2026\/03\/7ee587d0-7213-4665-9d28-c8b74e6f805d.jpg","contentUrl":"https:\/\/rosemvd.com\/wp-content\/uploads\/2026\/03\/7ee587d0-7213-4665-9d28-c8b74e6f805d.jpg","width":1179,"height":1403},{"@type":"BreadcrumbList","@id":"https:\/\/rosemvd.com\/index.php\/producto\/lenceria-bata-y-tanga\/#breadcrumb","itemListElement":[{"@type":"ListItem","position":1,"name":"Portada","item":"https:\/\/rosemvd.com\/"},{"@type":"ListItem","position":2,"name":"Tienda","item":"https:\/\/rosemvd.com\/index.php\/tienda\/"},{"@type":"ListItem","position":3,"name":"Lencer\u00eda Bata y Tanga"}]},{"@type":"WebSite","@id":"https:\/\/rosemvd.com\/#website","url":"https:\/\/rosemvd.com\/","name":"ROSE MVD","description":"Todo lo que no sab\u00edas que necesitabas, lo \u00faltimo en tendencia, utilidad e innovaci\u00f3n","publisher":{"@id":"https:\/\/rosemvd.com\/#organization"},"potentialAction":[{"@type":"SearchAction","target":{"@type":"EntryPoint","urlTemplate":"https:\/\/rosemvd.com\/?s={search_term_string}"},"query-input":{"@type":"PropertyValueSpecification","valueRequired":true,"valueName":"search_term_string"}}],"inLanguage":"es"},{"@type":"Organization","@id":"https:\/\/rosemvd.com\/#organization","name":"ROSE MVD","alternateName":"ROSE MVD","url":"https:\/\/rosemvd.com\/","logo":{"@type":"ImageObject","inLanguage":"es","@id":"https:\/\/rosemvd.com\/#\/schema\/logo\/image\/","url":"https:\/\/rosemvd.com\/wp-content\/uploads\/2023\/03\/Sin-titulo-2_Mesa-de-trabajo-1.png","contentUrl":"https:\/\/rosemvd.com\/wp-content\/uploads\/2023\/03\/Sin-titulo-2_Mesa-de-trabajo-1.png","width":2084,"height":2084,"caption":"ROSE MVD"},"image":{"@id":"https:\/\/rosemvd.com\/#\/schema\/logo\/image\/"},"sameAs":["https:\/\/www.facebook.com\/TiendaRoseMvd","https:\/\/www.instagram.com\/rose.mvd"]}]}},"_links":{"self":[{"href":"https:\/\/rosemvd.com\/index.php\/wp-json\/wp\/v2\/product\/16733","targetHints":{"allow":["GET"]}}],"collection":[{"href":"https:\/\/rosemvd.com\/index.php\/wp-json\/wp\/v2\/product"}],"about":[{"href":"https:\/\/rosemvd.com\/index.php\/wp-json\/wp\/v2\/types\/product"}],"wp:featuredmedia":[{"embeddable":true,"href":"https:\/\/rosemvd.com\/index.php\/wp-json\/wp\/v2\/media\/16735"}],"wp:attachment":[{"href":"https:\/\/rosemvd.com\/index.php\/wp-json\/wp\/v2\/media?parent=16733"}],"wp:term":[{"taxonomy":"product_brand","embeddable":true,"href":"https:\/\/rosemvd.com\/index.php\/wp-json\/wp\/v2\/product_brand?post=16733"},{"taxonomy":"product_cat","embeddable":true,"href":"https:\/\/rosemvd.com\/index.php\/wp-json\/wp\/v2\/product_cat?post=16733"},{"taxonomy":"product_tag","embeddable":true,"href":"https:\/\/rosemvd.com\/index.php\/wp-json\/wp\/v2\/product_tag?post=16733"}],"curies":[{"name":"wp","href":"https:\/\/api.w.org\/{rel}","templated":true}]}}