{"id":16727,"date":"2026-03-13T09:58:20","date_gmt":"2026-03-13T12:58:20","guid":{"rendered":"https:\/\/rosemvd.com\/?post_type=product&#038;p=16727"},"modified":"2026-04-22T13:38:45","modified_gmt":"2026-04-22T16:38:45","slug":"brujula-de-orientacion-multifuncion-tipo-militar","status":"publish","type":"product","link":"https:\/\/rosemvd.com\/index.php\/producto\/brujula-de-orientacion-multifuncion-tipo-militar\/","title":{"rendered":"Br\u00fajula de Orientaci\u00f3n Multifunci\u00f3n Tipo Militar"},"content":{"rendered":"<p data-start=\"0\" data-end=\"52\"><strong data-start=\"0\" data-end=\"52\"><span class=\"BZ_Pyq_fadeIn\">Br\u00fajula <\/span><span class=\"BZ_Pyq_fadeIn\">de <\/span><span class=\"BZ_Pyq_fadeIn\">Orientaci\u00f3n <\/span><span class=\"BZ_Pyq_fadeIn\">Multifunci\u00f3n <\/span><span class=\"BZ_Pyq_fadeIn\">Tipo <\/span><span class=\"BZ_Pyq_fadeIn\">Militar<\/span><\/strong><\/p>\n<p data-start=\"54\" data-end=\"403\"><span class=\"BZ_Pyq_fadeIn\">Esta <\/span><span class=\"BZ_Pyq_fadeIn\">br\u00fajula <\/span><span class=\"BZ_Pyq_fadeIn\">de <\/span><span class=\"BZ_Pyq_fadeIn\">orientaci\u00f3n <\/span><span class=\"BZ_Pyq_fadeIn\">es <\/span><span class=\"BZ_Pyq_fadeIn\">una <\/span><span class=\"BZ_Pyq_fadeIn\">herramienta <\/span><span class=\"BZ_Pyq_fadeIn\">pr\u00e1ctica <\/span><span class=\"BZ_Pyq_fadeIn\">y <\/span><span class=\"BZ_Pyq_fadeIn\">resistente, <\/span><span class=\"BZ_Pyq_fadeIn\">ideal <\/span><span class=\"BZ_Pyq_fadeIn\">para <\/span><span class=\"BZ_Pyq_fadeIn\">actividades <\/span><span class=\"BZ_Pyq_fadeIn\">al <\/span><span class=\"BZ_Pyq_fadeIn\">aire <\/span><span class=\"BZ_Pyq_fadeIn\">libre <\/span><span class=\"BZ_Pyq_fadeIn\">como <\/span><span class=\"BZ_Pyq_fadeIn\">senderismo, <\/span><span class=\"BZ_Pyq_fadeIn\">camping, <\/span><span class=\"BZ_Pyq_fadeIn\">trekking <\/span><span class=\"BZ_Pyq_fadeIn\">o <\/span><span class=\"BZ_Pyq_fadeIn\">exploraci\u00f3n. <\/span><span class=\"BZ_Pyq_fadeIn\">Su <\/span><span class=\"BZ_Pyq_fadeIn\">dise\u00f1o <\/span><span class=\"BZ_Pyq_fadeIn\">plegable <\/span><span class=\"BZ_Pyq_fadeIn\">tipo <\/span><span class=\"BZ_Pyq_fadeIn\">militar <\/span><span class=\"BZ_Pyq_fadeIn\">permite <\/span><span class=\"BZ_Pyq_fadeIn\">proteger <\/span><span class=\"BZ_Pyq_fadeIn\">el <\/span><span class=\"BZ_Pyq_fadeIn\">visor <\/span><span class=\"BZ_Pyq_fadeIn\">y <\/span><span class=\"BZ_Pyq_fadeIn\">facilitar <\/span><span class=\"BZ_Pyq_fadeIn\">su <\/span><span class=\"BZ_Pyq_fadeIn\">transporte, <\/span><span class=\"BZ_Pyq_fadeIn\">mientras <\/span><span class=\"BZ_Pyq_fadeIn\">que <\/span><span class=\"BZ_Pyq_fadeIn\">su <\/span><span class=\"BZ_Pyq_fadeIn\">tama\u00f1o <\/span><span class=\"BZ_Pyq_fadeIn\">compacto <\/span><span class=\"BZ_Pyq_fadeIn\">hace <\/span><span class=\"BZ_Pyq_fadeIn\">que <\/span><span class=\"BZ_Pyq_fadeIn\">sea <\/span><span class=\"BZ_Pyq_fadeIn\">c\u00f3moda <\/span><span class=\"BZ_Pyq_fadeIn\">de <\/span><span class=\"BZ_Pyq_fadeIn\">llevar <\/span><span class=\"BZ_Pyq_fadeIn\">en <\/span><span class=\"BZ_Pyq_fadeIn\">el <\/span><span class=\"BZ_Pyq_fadeIn\">bolsillo, <\/span><span class=\"BZ_Pyq_fadeIn\">mochila <\/span><span class=\"BZ_Pyq_fadeIn\">o <\/span><span class=\"BZ_Pyq_fadeIn\">equipo <\/span><span class=\"BZ_Pyq_fadeIn\">de <\/span><span class=\"BZ_Pyq_fadeIn\">aventura.<\/span><\/p>\n<p data-start=\"405\" data-end=\"678\"><span class=\"BZ_Pyq_fadeIn\">Cuenta <\/span><span class=\"BZ_Pyq_fadeIn\">con <\/span><span class=\"BZ_Pyq_fadeIn\">una <\/span><span class=\"BZ_Pyq_fadeIn\">car\u00e1tula <\/span><span class=\"BZ_Pyq_fadeIn\">con <\/span><span class=\"BZ_Pyq_fadeIn\">indicadores <\/span><span class=\"BZ_Pyq_fadeIn\">de <\/span><span class=\"BZ_Pyq_fadeIn\">direcci\u00f3n <\/span><span class=\"BZ_Pyq_fadeIn\">claros <\/span><span class=\"BZ_Pyq_fadeIn\">y <\/span><span class=\"BZ_Pyq_fadeIn\">escala <\/span><span class=\"BZ_Pyq_fadeIn\">de <\/span><span class=\"BZ_Pyq_fadeIn\">grados <\/span><span class=\"BZ_Pyq_fadeIn\">que <\/span><span class=\"BZ_Pyq_fadeIn\">ayudan <\/span><span class=\"BZ_Pyq_fadeIn\">a <\/span><span class=\"BZ_Pyq_fadeIn\">orientarse <\/span><span class=\"BZ_Pyq_fadeIn\">f\u00e1cilmente <\/span><span class=\"BZ_Pyq_fadeIn\">en <\/span><span class=\"BZ_Pyq_fadeIn\">diferentes <\/span><span class=\"BZ_Pyq_fadeIn\">entornos. <\/span><span class=\"BZ_Pyq_fadeIn\">Adem\u00e1s, <\/span><span class=\"BZ_Pyq_fadeIn\">incluye <\/span><span class=\"BZ_Pyq_fadeIn\">una <\/span><span class=\"BZ_Pyq_fadeIn\">tapa <\/span><span class=\"BZ_Pyq_fadeIn\">con <\/span><span class=\"BZ_Pyq_fadeIn\">visor <\/span><span class=\"BZ_Pyq_fadeIn\">y <\/span><span class=\"BZ_Pyq_fadeIn\">l\u00ednea <\/span><span class=\"BZ_Pyq_fadeIn\">de <\/span><span class=\"BZ_Pyq_fadeIn\">referencia <\/span><span class=\"BZ_Pyq_fadeIn\">que <\/span><span class=\"BZ_Pyq_fadeIn\">permite <\/span><span class=\"BZ_Pyq_fadeIn\">realizar <\/span><span class=\"BZ_Pyq_fadeIn\">lecturas <\/span><span class=\"BZ_Pyq_fadeIn\">m\u00e1s <\/span><span class=\"BZ_Pyq_fadeIn\">precisas <\/span><span class=\"BZ_Pyq_fadeIn\">al <\/span><span class=\"BZ_Pyq_fadeIn\">momento <\/span><span class=\"BZ_Pyq_fadeIn\">de <\/span><span class=\"BZ_Pyq_fadeIn\">ubicar <\/span><span class=\"BZ_Pyq_fadeIn\">una <\/span><span class=\"BZ_Pyq_fadeIn\">direcci\u00f3n.<\/span><\/p>\n<p data-start=\"680\" data-end=\"895\"><span class=\"BZ_Pyq_fadeIn\">Su <\/span><span class=\"BZ_Pyq_fadeIn\">estructura <\/span><span class=\"BZ_Pyq_fadeIn\">robusta <\/span><span class=\"BZ_Pyq_fadeIn\">est\u00e1 <\/span><span class=\"BZ_Pyq_fadeIn\">dise\u00f1ada <\/span><span class=\"BZ_Pyq_fadeIn\">para <\/span><span class=\"BZ_Pyq_fadeIn\">ofrecer <\/span><span class=\"BZ_Pyq_fadeIn\">durabilidad <\/span><span class=\"BZ_Pyq_fadeIn\">durante <\/span><span class=\"BZ_Pyq_fadeIn\">el <\/span><span class=\"BZ_Pyq_fadeIn\">uso <\/span><span class=\"BZ_Pyq_fadeIn\">en <\/span><span class=\"BZ_Pyq_fadeIn\">exteriores. <\/span><span class=\"BZ_Pyq_fadeIn\">Tambi\u00e9n <\/span><span class=\"BZ_Pyq_fadeIn\">incorpora <\/span><span class=\"BZ_Pyq_fadeIn\">un <\/span><span class=\"BZ_Pyq_fadeIn\">aro <\/span><span class=\"BZ_Pyq_fadeIn\">met\u00e1lico <\/span><span class=\"BZ_Pyq_fadeIn\">para <\/span><span class=\"BZ_Pyq_fadeIn\">sujetarla <\/span><span class=\"BZ_Pyq_fadeIn\">a <\/span><span class=\"BZ_Pyq_fadeIn\">un <\/span><span class=\"BZ_Pyq_fadeIn\">cord\u00f3n <\/span><span class=\"BZ_Pyq_fadeIn\">o <\/span><span class=\"BZ_Pyq_fadeIn\">llavero, <\/span><span class=\"BZ_Pyq_fadeIn\">manteni\u00e9ndola <\/span><span class=\"BZ_Pyq_fadeIn\">siempre <\/span><span class=\"BZ_Pyq_fadeIn\">accesible <\/span><span class=\"BZ_Pyq_fadeIn\">cuando <\/span><span class=\"BZ_Pyq_fadeIn\">la <\/span><span class=\"BZ_Pyq_fadeIn\">necesites.<\/span><\/p>\n<p data-start=\"897\" data-end=\"929\"><strong data-start=\"897\" data-end=\"929\"><span class=\"BZ_Pyq_fadeIn\">Caracter\u00edsticas <\/span><span class=\"BZ_Pyq_fadeIn\">principales:<\/span><\/strong><\/p>\n<ul data-start=\"930\" data-end=\"1165\">\n<li data-section-id=\"13ngkig\" data-start=\"930\" data-end=\"965\">\n<p data-start=\"932\" data-end=\"965\"><span class=\"BZ_Pyq_fadeIn\">Br\u00fajula <\/span><span class=\"BZ_Pyq_fadeIn\">de <\/span><span class=\"BZ_Pyq_fadeIn\">orientaci\u00f3n <\/span><span class=\"BZ_Pyq_fadeIn\">plegable<\/span><\/p>\n<\/li>\n<li data-section-id=\"14foz60\" data-start=\"966\" data-end=\"1011\">\n<p data-start=\"968\" data-end=\"1011\"><span class=\"BZ_Pyq_fadeIn\">Dise\u00f1o <\/span><span class=\"BZ_Pyq_fadeIn\">tipo <\/span><span class=\"BZ_Pyq_fadeIn\">militar <\/span><span class=\"BZ_Pyq_fadeIn\">compacto <\/span><span class=\"BZ_Pyq_fadeIn\">y <\/span><span class=\"BZ_Pyq_fadeIn\">resistente<\/span><\/p>\n<\/li>\n<li data-section-id=\"y1flm5\" data-start=\"1012\" data-end=\"1059\">\n<p data-start=\"1014\" data-end=\"1059\"><span class=\"BZ_Pyq_fadeIn\">Indicadores <\/span><span class=\"BZ_Pyq_fadeIn\">de <\/span><span class=\"BZ_Pyq_fadeIn\">direcci\u00f3n <\/span><span class=\"BZ_Pyq_fadeIn\">y <\/span><span class=\"BZ_Pyq_fadeIn\">escala <\/span><span class=\"BZ_Pyq_fadeIn\">de <\/span><span class=\"BZ_Pyq_fadeIn\">grados<\/span><\/p>\n<\/li>\n<li data-section-id=\"1pyqxrc\" data-start=\"1060\" data-end=\"1117\">\n<p data-start=\"1062\" data-end=\"1117\"><span class=\"BZ_Pyq_fadeIn\">Tapa <\/span><span class=\"BZ_Pyq_fadeIn\">con <\/span><span class=\"BZ_Pyq_fadeIn\">visor <\/span><span class=\"BZ_Pyq_fadeIn\">para <\/span><span class=\"BZ_Pyq_fadeIn\">facilitar <\/span><span class=\"BZ_Pyq_fadeIn\">la <\/span><span class=\"BZ_Pyq_fadeIn\">lectura <\/span><span class=\"BZ_Pyq_fadeIn\">de <\/span><span class=\"BZ_Pyq_fadeIn\">direcci\u00f3n<\/span><\/p>\n<\/li>\n<li data-section-id=\"1w365ci\" data-start=\"1118\" data-end=\"1165\">\n<p data-start=\"1120\" data-end=\"1165\"><span class=\"BZ_Pyq_fadeIn\">Aro <\/span><span class=\"BZ_Pyq_fadeIn\">met\u00e1lico <\/span><span class=\"BZ_Pyq_fadeIn\">para <\/span><span class=\"BZ_Pyq_fadeIn\">sujetar <\/span><span class=\"BZ_Pyq_fadeIn\">a <\/span><span class=\"BZ_Pyq_fadeIn\">cord\u00f3n <\/span><span class=\"BZ_Pyq_fadeIn\">o <\/span><span class=\"BZ_Pyq_fadeIn\">equipo<\/span><\/p>\n<\/li>\n<\/ul>\n<p data-start=\"1167\" data-end=\"1189\"><strong data-start=\"1167\" data-end=\"1189\"><span class=\"BZ_Pyq_fadeIn\">Usos <\/span><span class=\"BZ_Pyq_fadeIn\">recomendados:<\/span><\/strong><\/p>\n<ul data-start=\"1190\" data-end=\"1312\">\n<li data-section-id=\"1k9nhsx\" data-start=\"1190\" data-end=\"1215\">\n<p data-start=\"1192\" data-end=\"1215\"><span class=\"BZ_Pyq_fadeIn\">Senderismo <\/span><span class=\"BZ_Pyq_fadeIn\">y <\/span><span class=\"BZ_Pyq_fadeIn\">trekking<\/span><\/p>\n<\/li>\n<li data-section-id=\"1btd4n8\" data-start=\"1216\" data-end=\"1241\">\n<p data-start=\"1218\" data-end=\"1241\"><span class=\"BZ_Pyq_fadeIn\">Camping <\/span><span class=\"BZ_Pyq_fadeIn\">y <\/span><span class=\"BZ_Pyq_fadeIn\">exploraci\u00f3n<\/span><\/p>\n<\/li>\n<li data-section-id=\"jjlb19\" data-start=\"1242\" data-end=\"1271\">\n<p data-start=\"1244\" data-end=\"1271\"><span class=\"BZ_Pyq_fadeIn\">Actividades <\/span><span class=\"BZ_Pyq_fadeIn\">al <\/span><span class=\"BZ_Pyq_fadeIn\">aire <\/span><span class=\"BZ_Pyq_fadeIn\">libre<\/span><\/p>\n<\/li>\n<li data-section-id=\"s1gp3z\" data-start=\"1272\" data-end=\"1312\">\n<p data-start=\"1274\" data-end=\"1312\"><span class=\"BZ_Pyq_fadeIn\">Supervivencia <\/span><span class=\"BZ_Pyq_fadeIn\">y <\/span><span class=\"BZ_Pyq_fadeIn\">orientaci\u00f3n <\/span><span class=\"BZ_Pyq_fadeIn\">en <\/span><span class=\"BZ_Pyq_fadeIn\">campo<\/span><\/p>\n<\/li>\n<\/ul>\n<p data-start=\"1314\" data-end=\"1424\" data-is-last-node=\"\" data-is-only-node=\"\"><span class=\"BZ_Pyq_fadeIn\">Una <\/span><span class=\"BZ_Pyq_fadeIn\">herramienta <\/span><span class=\"BZ_Pyq_fadeIn\">pr\u00e1ctica <\/span><span class=\"BZ_Pyq_fadeIn\">y <\/span><span class=\"BZ_Pyq_fadeIn\">confiable <\/span><span class=\"BZ_Pyq_fadeIn\">para <\/span><span class=\"BZ_Pyq_fadeIn\">quienes <\/span><span class=\"BZ_Pyq_fadeIn\">disfrutan <\/span><span class=\"BZ_Pyq_fadeIn\">de <\/span><span class=\"BZ_Pyq_fadeIn\">la <\/span><span class=\"BZ_Pyq_fadeIn\">aventura <\/span><span class=\"BZ_Pyq_fadeIn\">y <\/span><span class=\"BZ_Pyq_fadeIn\">las <\/span><span class=\"BZ_Pyq_fadeIn\">actividades <\/span><span class=\"BZ_Pyq_fadeIn\">en <\/span><span class=\"BZ_Pyq_fadeIn\">la <\/span><span class=\"BZ_Pyq_fadeIn\">naturaleza.<\/span><\/p>\n","protected":false},"excerpt":{"rendered":"<p>Br\u00fajula de Orientaci\u00f3n Multifunci\u00f3n Tipo Militar Esta br\u00fajula de orientaci\u00f3n es una herramienta pr\u00e1ctica y resistente, ideal para actividades al aire libre como senderismo, camping, trekking o exploraci\u00f3n. Su dise\u00f1o plegable tipo militar permite proteger el visor y facilitar su transporte, mientras que su tama\u00f1o compacto hace que sea c\u00f3moda de llevar en el bolsillo, [&hellip;]<\/p>\n","protected":false},"featured_media":16731,"template":"","meta":{"site-sidebar-layout":"default","site-content-layout":"","ast-site-content-layout":"default","site-content-style":"default","site-sidebar-style":"default","ast-global-header-display":"","ast-banner-title-visibility":"","ast-main-header-display":"","ast-hfb-above-header-display":"","ast-hfb-below-header-display":"","ast-hfb-mobile-header-display":"","site-post-title":"","ast-breadcrumbs-content":"","ast-featured-img":"","footer-sml-layout":"","ast-disable-related-posts":"","theme-transparent-header-meta":"default","adv-header-id-meta":"","stick-header-meta":"","header-above-stick-meta":"","header-main-stick-meta":"","header-below-stick-meta":"","astra-migrate-meta-layouts":"set","ast-page-background-enabled":"default","ast-page-background-meta":{"desktop":{"background-color":"var(--ast-global-color-4)","background-image":"","background-repeat":"repeat","background-position":"center center","background-size":"auto","background-attachment":"scroll","background-type":"","background-media":"","overlay-type":"","overlay-color":"","overlay-opacity":"","overlay-gradient":""},"tablet":{"background-color":"","background-image":"","background-repeat":"repeat","background-position":"center center","background-size":"auto","background-attachment":"scroll","background-type":"","background-media":"","overlay-type":"","overlay-color":"","overlay-opacity":"","overlay-gradient":""},"mobile":{"background-color":"","background-image":"","background-repeat":"repeat","background-position":"center center","background-size":"auto","background-attachment":"scroll","background-type":"","background-media":"","overlay-type":"","overlay-color":"","overlay-opacity":"","overlay-gradient":""}},"ast-content-background-meta":{"desktop":{"background-color":"var(--ast-global-color-5)","background-image":"","background-repeat":"repeat","background-position":"center center","background-size":"auto","background-attachment":"scroll","background-type":"","background-media":"","overlay-type":"","overlay-color":"","overlay-opacity":"","overlay-gradient":""},"tablet":{"background-color":"var(--ast-global-color-5)","background-image":"","background-repeat":"repeat","background-position":"center center","background-size":"auto","background-attachment":"scroll","background-type":"","background-media":"","overlay-type":"","overlay-color":"","overlay-opacity":"","overlay-gradient":""},"mobile":{"background-color":"var(--ast-global-color-5)","background-image":"","background-repeat":"repeat","background-position":"center center","background-size":"auto","background-attachment":"scroll","background-type":"","background-media":"","overlay-type":"","overlay-color":"","overlay-opacity":"","overlay-gradient":""}}},"product_brand":[],"product_cat":[448,462],"product_tag":[],"class_list":{"0":"post-16727","1":"product","2":"type-product","3":"status-publish","4":"has-post-thumbnail","6":"product_cat-tecnologia-y-hogar","7":"product_cat-utilidades-y-outdoor","8":"desktop-align-left","9":"tablet-align-left","10":"mobile-align-left","12":"first","13":"instock","14":"shipping-taxable","15":"purchasable","16":"product-type-simple"},"yoast_head":"<!-- This site is optimized with the Yoast SEO plugin v27.3 - https:\/\/yoast.com\/product\/yoast-seo-wordpress\/ -->\n<title>Br\u00fajula de Orientaci\u00f3n Multifunci\u00f3n Tipo Militar - ROSE MVD<\/title>\n<meta name=\"description\" content=\"Br\u00fajula de orientaci\u00f3n herramienta pr\u00e1ctica y resistente, ideal para actividades al aire libre como senderismo, camping, trekking. Dise\u00f1o plegable\" \/>\n<meta name=\"robots\" content=\"index, follow, max-snippet:-1, max-image-preview:large, max-video-preview:-1\" \/>\n<link rel=\"canonical\" href=\"https:\/\/rosemvd.com\/index.php\/producto\/brujula-de-orientacion-multifuncion-tipo-militar\/\" \/>\n<meta property=\"og:locale\" content=\"es_ES\" \/>\n<meta property=\"og:type\" content=\"article\" \/>\n<meta property=\"og:title\" content=\"Br\u00fajula de Orientaci\u00f3n Multifunci\u00f3n Tipo Militar - ROSE MVD\" \/>\n<meta property=\"og:description\" content=\"Br\u00fajula de orientaci\u00f3n herramienta pr\u00e1ctica y resistente, ideal para actividades al aire libre como senderismo, camping, trekking. Dise\u00f1o plegable\" \/>\n<meta property=\"og:url\" content=\"https:\/\/rosemvd.com\/index.php\/producto\/brujula-de-orientacion-multifuncion-tipo-militar\/\" \/>\n<meta property=\"og:site_name\" content=\"ROSE MVD\" \/>\n<meta property=\"article:publisher\" content=\"https:\/\/www.facebook.com\/TiendaRoseMvd\" \/>\n<meta property=\"article:modified_time\" content=\"2026-04-22T16:38:45+00:00\" \/>\n<meta property=\"og:image\" content=\"https:\/\/rosemvd.com\/wp-content\/uploads\/2026\/03\/D_NQ_NP_2X_910523-MLU92301904666_092025-F.webp\" \/>\n\t<meta property=\"og:image:width\" content=\"1200\" \/>\n\t<meta property=\"og:image:height\" content=\"1180\" \/>\n\t<meta property=\"og:image:type\" content=\"image\/webp\" \/>\n<meta name=\"twitter:card\" content=\"summary_large_image\" \/>\n<meta name=\"twitter:label1\" content=\"Tiempo de lectura\" \/>\n\t<meta name=\"twitter:data1\" content=\"2 minutos\" \/>\n<script type=\"application\/ld+json\" class=\"yoast-schema-graph\">{\"@context\":\"https:\\\/\\\/schema.org\",\"@graph\":[{\"@type\":\"WebPage\",\"@id\":\"https:\\\/\\\/rosemvd.com\\\/index.php\\\/producto\\\/brujula-de-orientacion-multifuncion-tipo-militar\\\/\",\"url\":\"https:\\\/\\\/rosemvd.com\\\/index.php\\\/producto\\\/brujula-de-orientacion-multifuncion-tipo-militar\\\/\",\"name\":\"Br\u00fajula de Orientaci\u00f3n Multifunci\u00f3n Tipo Militar - ROSE MVD\",\"isPartOf\":{\"@id\":\"https:\\\/\\\/rosemvd.com\\\/#website\"},\"primaryImageOfPage\":{\"@id\":\"https:\\\/\\\/rosemvd.com\\\/index.php\\\/producto\\\/brujula-de-orientacion-multifuncion-tipo-militar\\\/#primaryimage\"},\"image\":{\"@id\":\"https:\\\/\\\/rosemvd.com\\\/index.php\\\/producto\\\/brujula-de-orientacion-multifuncion-tipo-militar\\\/#primaryimage\"},\"thumbnailUrl\":\"https:\\\/\\\/rosemvd.com\\\/wp-content\\\/uploads\\\/2026\\\/03\\\/D_NQ_NP_2X_910523-MLU92301904666_092025-F.webp\",\"datePublished\":\"2026-03-13T12:58:20+00:00\",\"dateModified\":\"2026-04-22T16:38:45+00:00\",\"description\":\"Br\u00fajula de orientaci\u00f3n herramienta pr\u00e1ctica y resistente, ideal para actividades al aire libre como senderismo, camping, trekking. Dise\u00f1o plegable\",\"breadcrumb\":{\"@id\":\"https:\\\/\\\/rosemvd.com\\\/index.php\\\/producto\\\/brujula-de-orientacion-multifuncion-tipo-militar\\\/#breadcrumb\"},\"inLanguage\":\"es\",\"potentialAction\":[{\"@type\":\"ReadAction\",\"target\":[\"https:\\\/\\\/rosemvd.com\\\/index.php\\\/producto\\\/brujula-de-orientacion-multifuncion-tipo-militar\\\/\"]}]},{\"@type\":\"ImageObject\",\"inLanguage\":\"es\",\"@id\":\"https:\\\/\\\/rosemvd.com\\\/index.php\\\/producto\\\/brujula-de-orientacion-multifuncion-tipo-militar\\\/#primaryimage\",\"url\":\"https:\\\/\\\/rosemvd.com\\\/wp-content\\\/uploads\\\/2026\\\/03\\\/D_NQ_NP_2X_910523-MLU92301904666_092025-F.webp\",\"contentUrl\":\"https:\\\/\\\/rosemvd.com\\\/wp-content\\\/uploads\\\/2026\\\/03\\\/D_NQ_NP_2X_910523-MLU92301904666_092025-F.webp\",\"width\":1200,\"height\":1180},{\"@type\":\"BreadcrumbList\",\"@id\":\"https:\\\/\\\/rosemvd.com\\\/index.php\\\/producto\\\/brujula-de-orientacion-multifuncion-tipo-militar\\\/#breadcrumb\",\"itemListElement\":[{\"@type\":\"ListItem\",\"position\":1,\"name\":\"Portada\",\"item\":\"https:\\\/\\\/rosemvd.com\\\/\"},{\"@type\":\"ListItem\",\"position\":2,\"name\":\"Tienda\",\"item\":\"https:\\\/\\\/rosemvd.com\\\/index.php\\\/tienda\\\/\"},{\"@type\":\"ListItem\",\"position\":3,\"name\":\"Br\u00fajula de Orientaci\u00f3n Multifunci\u00f3n Tipo Militar\"}]},{\"@type\":\"WebSite\",\"@id\":\"https:\\\/\\\/rosemvd.com\\\/#website\",\"url\":\"https:\\\/\\\/rosemvd.com\\\/\",\"name\":\"ROSE MVD\",\"description\":\"Todo lo que no sab\u00edas que necesitabas, lo \u00faltimo en tendencia, utilidad e innovaci\u00f3n\",\"publisher\":{\"@id\":\"https:\\\/\\\/rosemvd.com\\\/#organization\"},\"potentialAction\":[{\"@type\":\"SearchAction\",\"target\":{\"@type\":\"EntryPoint\",\"urlTemplate\":\"https:\\\/\\\/rosemvd.com\\\/?s={search_term_string}\"},\"query-input\":{\"@type\":\"PropertyValueSpecification\",\"valueRequired\":true,\"valueName\":\"search_term_string\"}}],\"inLanguage\":\"es\"},{\"@type\":\"Organization\",\"@id\":\"https:\\\/\\\/rosemvd.com\\\/#organization\",\"name\":\"ROSE MVD\",\"alternateName\":\"ROSE MVD\",\"url\":\"https:\\\/\\\/rosemvd.com\\\/\",\"logo\":{\"@type\":\"ImageObject\",\"inLanguage\":\"es\",\"@id\":\"https:\\\/\\\/rosemvd.com\\\/#\\\/schema\\\/logo\\\/image\\\/\",\"url\":\"https:\\\/\\\/rosemvd.com\\\/wp-content\\\/uploads\\\/2023\\\/03\\\/Sin-titulo-2_Mesa-de-trabajo-1.png\",\"contentUrl\":\"https:\\\/\\\/rosemvd.com\\\/wp-content\\\/uploads\\\/2023\\\/03\\\/Sin-titulo-2_Mesa-de-trabajo-1.png\",\"width\":2084,\"height\":2084,\"caption\":\"ROSE MVD\"},\"image\":{\"@id\":\"https:\\\/\\\/rosemvd.com\\\/#\\\/schema\\\/logo\\\/image\\\/\"},\"sameAs\":[\"https:\\\/\\\/www.facebook.com\\\/TiendaRoseMvd\",\"https:\\\/\\\/www.instagram.com\\\/rose.mvd\"]}]}<\/script>\n<!-- \/ Yoast SEO plugin. -->","yoast_head_json":{"title":"Br\u00fajula de Orientaci\u00f3n Multifunci\u00f3n Tipo Militar - ROSE MVD","description":"Br\u00fajula de orientaci\u00f3n herramienta pr\u00e1ctica y resistente, ideal para actividades al aire libre como senderismo, camping, trekking. Dise\u00f1o plegable","robots":{"index":"index","follow":"follow","max-snippet":"max-snippet:-1","max-image-preview":"max-image-preview:large","max-video-preview":"max-video-preview:-1"},"canonical":"https:\/\/rosemvd.com\/index.php\/producto\/brujula-de-orientacion-multifuncion-tipo-militar\/","og_locale":"es_ES","og_type":"article","og_title":"Br\u00fajula de Orientaci\u00f3n Multifunci\u00f3n Tipo Militar - ROSE MVD","og_description":"Br\u00fajula de orientaci\u00f3n herramienta pr\u00e1ctica y resistente, ideal para actividades al aire libre como senderismo, camping, trekking. Dise\u00f1o plegable","og_url":"https:\/\/rosemvd.com\/index.php\/producto\/brujula-de-orientacion-multifuncion-tipo-militar\/","og_site_name":"ROSE MVD","article_publisher":"https:\/\/www.facebook.com\/TiendaRoseMvd","article_modified_time":"2026-04-22T16:38:45+00:00","og_image":[{"width":1200,"height":1180,"url":"https:\/\/rosemvd.com\/wp-content\/uploads\/2026\/03\/D_NQ_NP_2X_910523-MLU92301904666_092025-F.webp","type":"image\/webp"}],"twitter_card":"summary_large_image","twitter_misc":{"Tiempo de lectura":"2 minutos"},"schema":{"@context":"https:\/\/schema.org","@graph":[{"@type":"WebPage","@id":"https:\/\/rosemvd.com\/index.php\/producto\/brujula-de-orientacion-multifuncion-tipo-militar\/","url":"https:\/\/rosemvd.com\/index.php\/producto\/brujula-de-orientacion-multifuncion-tipo-militar\/","name":"Br\u00fajula de Orientaci\u00f3n Multifunci\u00f3n Tipo Militar - ROSE MVD","isPartOf":{"@id":"https:\/\/rosemvd.com\/#website"},"primaryImageOfPage":{"@id":"https:\/\/rosemvd.com\/index.php\/producto\/brujula-de-orientacion-multifuncion-tipo-militar\/#primaryimage"},"image":{"@id":"https:\/\/rosemvd.com\/index.php\/producto\/brujula-de-orientacion-multifuncion-tipo-militar\/#primaryimage"},"thumbnailUrl":"https:\/\/rosemvd.com\/wp-content\/uploads\/2026\/03\/D_NQ_NP_2X_910523-MLU92301904666_092025-F.webp","datePublished":"2026-03-13T12:58:20+00:00","dateModified":"2026-04-22T16:38:45+00:00","description":"Br\u00fajula de orientaci\u00f3n herramienta pr\u00e1ctica y resistente, ideal para actividades al aire libre como senderismo, camping, trekking. Dise\u00f1o plegable","breadcrumb":{"@id":"https:\/\/rosemvd.com\/index.php\/producto\/brujula-de-orientacion-multifuncion-tipo-militar\/#breadcrumb"},"inLanguage":"es","potentialAction":[{"@type":"ReadAction","target":["https:\/\/rosemvd.com\/index.php\/producto\/brujula-de-orientacion-multifuncion-tipo-militar\/"]}]},{"@type":"ImageObject","inLanguage":"es","@id":"https:\/\/rosemvd.com\/index.php\/producto\/brujula-de-orientacion-multifuncion-tipo-militar\/#primaryimage","url":"https:\/\/rosemvd.com\/wp-content\/uploads\/2026\/03\/D_NQ_NP_2X_910523-MLU92301904666_092025-F.webp","contentUrl":"https:\/\/rosemvd.com\/wp-content\/uploads\/2026\/03\/D_NQ_NP_2X_910523-MLU92301904666_092025-F.webp","width":1200,"height":1180},{"@type":"BreadcrumbList","@id":"https:\/\/rosemvd.com\/index.php\/producto\/brujula-de-orientacion-multifuncion-tipo-militar\/#breadcrumb","itemListElement":[{"@type":"ListItem","position":1,"name":"Portada","item":"https:\/\/rosemvd.com\/"},{"@type":"ListItem","position":2,"name":"Tienda","item":"https:\/\/rosemvd.com\/index.php\/tienda\/"},{"@type":"ListItem","position":3,"name":"Br\u00fajula de Orientaci\u00f3n Multifunci\u00f3n Tipo Militar"}]},{"@type":"WebSite","@id":"https:\/\/rosemvd.com\/#website","url":"https:\/\/rosemvd.com\/","name":"ROSE MVD","description":"Todo lo que no sab\u00edas que necesitabas, lo \u00faltimo en tendencia, utilidad e innovaci\u00f3n","publisher":{"@id":"https:\/\/rosemvd.com\/#organization"},"potentialAction":[{"@type":"SearchAction","target":{"@type":"EntryPoint","urlTemplate":"https:\/\/rosemvd.com\/?s={search_term_string}"},"query-input":{"@type":"PropertyValueSpecification","valueRequired":true,"valueName":"search_term_string"}}],"inLanguage":"es"},{"@type":"Organization","@id":"https:\/\/rosemvd.com\/#organization","name":"ROSE MVD","alternateName":"ROSE MVD","url":"https:\/\/rosemvd.com\/","logo":{"@type":"ImageObject","inLanguage":"es","@id":"https:\/\/rosemvd.com\/#\/schema\/logo\/image\/","url":"https:\/\/rosemvd.com\/wp-content\/uploads\/2023\/03\/Sin-titulo-2_Mesa-de-trabajo-1.png","contentUrl":"https:\/\/rosemvd.com\/wp-content\/uploads\/2023\/03\/Sin-titulo-2_Mesa-de-trabajo-1.png","width":2084,"height":2084,"caption":"ROSE MVD"},"image":{"@id":"https:\/\/rosemvd.com\/#\/schema\/logo\/image\/"},"sameAs":["https:\/\/www.facebook.com\/TiendaRoseMvd","https:\/\/www.instagram.com\/rose.mvd"]}]}},"_links":{"self":[{"href":"https:\/\/rosemvd.com\/index.php\/wp-json\/wp\/v2\/product\/16727","targetHints":{"allow":["GET"]}}],"collection":[{"href":"https:\/\/rosemvd.com\/index.php\/wp-json\/wp\/v2\/product"}],"about":[{"href":"https:\/\/rosemvd.com\/index.php\/wp-json\/wp\/v2\/types\/product"}],"wp:featuredmedia":[{"embeddable":true,"href":"https:\/\/rosemvd.com\/index.php\/wp-json\/wp\/v2\/media\/16731"}],"wp:attachment":[{"href":"https:\/\/rosemvd.com\/index.php\/wp-json\/wp\/v2\/media?parent=16727"}],"wp:term":[{"taxonomy":"product_brand","embeddable":true,"href":"https:\/\/rosemvd.com\/index.php\/wp-json\/wp\/v2\/product_brand?post=16727"},{"taxonomy":"product_cat","embeddable":true,"href":"https:\/\/rosemvd.com\/index.php\/wp-json\/wp\/v2\/product_cat?post=16727"},{"taxonomy":"product_tag","embeddable":true,"href":"https:\/\/rosemvd.com\/index.php\/wp-json\/wp\/v2\/product_tag?post=16727"}],"curies":[{"name":"wp","href":"https:\/\/api.w.org\/{rel}","templated":true}]}}