{"id":16720,"date":"2026-03-13T09:53:00","date_gmt":"2026-03-13T12:53:00","guid":{"rendered":"https:\/\/rosemvd.com\/?post_type=product&#038;p=16720"},"modified":"2026-04-22T13:38:45","modified_gmt":"2026-04-22T16:38:45","slug":"brujula-de-clip-portatil","status":"publish","type":"product","link":"https:\/\/rosemvd.com\/index.php\/producto\/brujula-de-clip-portatil\/","title":{"rendered":"Br\u00fajula de Clip Port\u00e1til"},"content":{"rendered":"<p data-start=\"0\" data-end=\"28\"><strong data-start=\"0\" data-end=\"28\"><span class=\"BZ_Pyq_fadeIn\">Br\u00fajula <\/span><span class=\"BZ_Pyq_fadeIn\">de <\/span><span class=\"BZ_Pyq_fadeIn\">Clip <\/span><span class=\"BZ_Pyq_fadeIn\">Port\u00e1til<\/span><\/strong><\/p>\n<p data-start=\"30\" data-end=\"317\"><span class=\"BZ_Pyq_fadeIn\">Esta <\/span><span class=\"BZ_Pyq_fadeIn\">br\u00fajula <\/span><span class=\"BZ_Pyq_fadeIn\">compacta <\/span><span class=\"BZ_Pyq_fadeIn\">con <\/span><span class=\"BZ_Pyq_fadeIn\">sistema <\/span><span class=\"BZ_Pyq_fadeIn\">de <\/span><span class=\"BZ_Pyq_fadeIn\">clip <\/span><span class=\"BZ_Pyq_fadeIn\">es <\/span><span class=\"BZ_Pyq_fadeIn\">una <\/span><span class=\"BZ_Pyq_fadeIn\">herramienta <\/span><span class=\"BZ_Pyq_fadeIn\">pr\u00e1ctica <\/span><span class=\"BZ_Pyq_fadeIn\">para <\/span><span class=\"BZ_Pyq_fadeIn\">orientaci\u00f3n <\/span><span class=\"BZ_Pyq_fadeIn\">en <\/span><span class=\"BZ_Pyq_fadeIn\">actividades <\/span><span class=\"BZ_Pyq_fadeIn\">al <\/span><span class=\"BZ_Pyq_fadeIn\">aire <\/span><span class=\"BZ_Pyq_fadeIn\">libre. <\/span><span class=\"BZ_Pyq_fadeIn\">Su <\/span><span class=\"BZ_Pyq_fadeIn\">dise\u00f1o <\/span><span class=\"BZ_Pyq_fadeIn\">ligero <\/span><span class=\"BZ_Pyq_fadeIn\">y <\/span><span class=\"BZ_Pyq_fadeIn\">port\u00e1til <\/span><span class=\"BZ_Pyq_fadeIn\">permite <\/span><span class=\"BZ_Pyq_fadeIn\">sujetarla <\/span><span class=\"BZ_Pyq_fadeIn\">f\u00e1cilmente <\/span><span class=\"BZ_Pyq_fadeIn\">a <\/span><span class=\"BZ_Pyq_fadeIn\">mochilas, <\/span><span class=\"BZ_Pyq_fadeIn\">cinturones, <\/span><span class=\"BZ_Pyq_fadeIn\">correas <\/span><span class=\"BZ_Pyq_fadeIn\">o <\/span><span class=\"BZ_Pyq_fadeIn\">equipos, <\/span><span class=\"BZ_Pyq_fadeIn\">manteni\u00e9ndola <\/span><span class=\"BZ_Pyq_fadeIn\">siempre <\/span><span class=\"BZ_Pyq_fadeIn\">accesible <\/span><span class=\"BZ_Pyq_fadeIn\">durante <\/span><span class=\"BZ_Pyq_fadeIn\">excursiones <\/span><span class=\"BZ_Pyq_fadeIn\">o <\/span><span class=\"BZ_Pyq_fadeIn\">desplazamientos.<\/span><\/p>\n<p data-start=\"319\" data-end=\"636\"><span class=\"BZ_Pyq_fadeIn\">Cuenta <\/span><span class=\"BZ_Pyq_fadeIn\">con <\/span><span class=\"BZ_Pyq_fadeIn\">una <\/span><span class=\"BZ_Pyq_fadeIn\">car\u00e1tula <\/span><span class=\"BZ_Pyq_fadeIn\">clara <\/span><span class=\"BZ_Pyq_fadeIn\">con <\/span><span class=\"BZ_Pyq_fadeIn\">indicadores <\/span><span class=\"BZ_Pyq_fadeIn\">de <\/span><span class=\"BZ_Pyq_fadeIn\">direcci\u00f3n (<\/span><span class=\"BZ_Pyq_fadeIn\">N, <\/span><span class=\"BZ_Pyq_fadeIn\">S, <\/span><span class=\"BZ_Pyq_fadeIn\">E, <\/span><span class=\"BZ_Pyq_fadeIn\">O) <\/span><span class=\"BZ_Pyq_fadeIn\">y <\/span><span class=\"BZ_Pyq_fadeIn\">escala <\/span><span class=\"BZ_Pyq_fadeIn\">de <\/span><span class=\"BZ_Pyq_fadeIn\">grados <\/span><span class=\"BZ_Pyq_fadeIn\">que <\/span><span class=\"BZ_Pyq_fadeIn\">facilita <\/span><span class=\"BZ_Pyq_fadeIn\">la <\/span><span class=\"BZ_Pyq_fadeIn\">lectura <\/span><span class=\"BZ_Pyq_fadeIn\">r\u00e1pida <\/span><span class=\"BZ_Pyq_fadeIn\">de <\/span><span class=\"BZ_Pyq_fadeIn\">la <\/span><span class=\"BZ_Pyq_fadeIn\">orientaci\u00f3n. <\/span><span class=\"BZ_Pyq_fadeIn\">Su <\/span><span class=\"BZ_Pyq_fadeIn\">clip <\/span><span class=\"BZ_Pyq_fadeIn\">trasero <\/span><span class=\"BZ_Pyq_fadeIn\">permite <\/span><span class=\"BZ_Pyq_fadeIn\">fijarla <\/span><span class=\"BZ_Pyq_fadeIn\">de <\/span><span class=\"BZ_Pyq_fadeIn\">forma <\/span><span class=\"BZ_Pyq_fadeIn\">segura, <\/span><span class=\"BZ_Pyq_fadeIn\">lo <\/span><span class=\"BZ_Pyq_fadeIn\">que <\/span><span class=\"BZ_Pyq_fadeIn\">la <\/span><span class=\"BZ_Pyq_fadeIn\">convierte <\/span><span class=\"BZ_Pyq_fadeIn\">en <\/span><span class=\"BZ_Pyq_fadeIn\">un <\/span><span class=\"BZ_Pyq_fadeIn\">accesorio <\/span><span class=\"BZ_Pyq_fadeIn\">\u00fatil <\/span><span class=\"BZ_Pyq_fadeIn\">para <\/span><span class=\"BZ_Pyq_fadeIn\">senderismo, <\/span><span class=\"BZ_Pyq_fadeIn\">camping, <\/span><span class=\"BZ_Pyq_fadeIn\">trekking, <\/span><span class=\"BZ_Pyq_fadeIn\">pesca, <\/span><span class=\"BZ_Pyq_fadeIn\">supervivencia <\/span><span class=\"BZ_Pyq_fadeIn\">o <\/span><span class=\"BZ_Pyq_fadeIn\">actividades <\/span><span class=\"BZ_Pyq_fadeIn\">de <\/span><span class=\"BZ_Pyq_fadeIn\">exploraci\u00f3n.<\/span><\/p>\n<p data-start=\"638\" data-end=\"754\"><span class=\"BZ_Pyq_fadeIn\">Gracias <\/span><span class=\"BZ_Pyq_fadeIn\">a <\/span><span class=\"BZ_Pyq_fadeIn\">su <\/span><span class=\"BZ_Pyq_fadeIn\">tama\u00f1o <\/span><span class=\"BZ_Pyq_fadeIn\">compacto <\/span><span class=\"BZ_Pyq_fadeIn\">y <\/span><span class=\"BZ_Pyq_fadeIn\">estructura <\/span><span class=\"BZ_Pyq_fadeIn\">resistente, <\/span><span class=\"BZ_Pyq_fadeIn\">es <\/span><span class=\"BZ_Pyq_fadeIn\">ideal <\/span><span class=\"BZ_Pyq_fadeIn\">para <\/span><span class=\"BZ_Pyq_fadeIn\">llevar <\/span><span class=\"BZ_Pyq_fadeIn\">en <\/span><span class=\"BZ_Pyq_fadeIn\">cualquier <\/span><span class=\"BZ_Pyq_fadeIn\">aventura <\/span><span class=\"BZ_Pyq_fadeIn\">sin <\/span><span class=\"BZ_Pyq_fadeIn\">ocupar <\/span><span class=\"BZ_Pyq_fadeIn\">espacio.<\/span><\/p>\n<p data-start=\"756\" data-end=\"788\"><strong data-start=\"756\" data-end=\"788\"><span class=\"BZ_Pyq_fadeIn\">Caracter\u00edsticas <\/span><span class=\"BZ_Pyq_fadeIn\">principales:<\/span><\/strong><\/p>\n<ul data-start=\"789\" data-end=\"1003\">\n<li data-section-id=\"1is7taw\" data-start=\"789\" data-end=\"829\">\n<p data-start=\"791\" data-end=\"829\"><span class=\"BZ_Pyq_fadeIn\">Br\u00fajula <\/span><span class=\"BZ_Pyq_fadeIn\">port\u00e1til <\/span><span class=\"BZ_Pyq_fadeIn\">con <\/span><span class=\"BZ_Pyq_fadeIn\">sistema <\/span><span class=\"BZ_Pyq_fadeIn\">de <\/span><span class=\"BZ_Pyq_fadeIn\">clip<\/span><\/p>\n<\/li>\n<li data-section-id=\"1gwjs5t\" data-start=\"830\" data-end=\"883\">\n<p data-start=\"832\" data-end=\"883\"><span class=\"BZ_Pyq_fadeIn\">Indicadores <\/span><span class=\"BZ_Pyq_fadeIn\">de <\/span><span class=\"BZ_Pyq_fadeIn\">direcci\u00f3n <\/span><span class=\"BZ_Pyq_fadeIn\">claros <\/span><span class=\"BZ_Pyq_fadeIn\">y <\/span><span class=\"BZ_Pyq_fadeIn\">f\u00e1ciles <\/span><span class=\"BZ_Pyq_fadeIn\">de <\/span><span class=\"BZ_Pyq_fadeIn\">leer<\/span><\/p>\n<\/li>\n<li data-section-id=\"d6tqbn\" data-start=\"884\" data-end=\"921\">\n<p data-start=\"886\" data-end=\"921\"><span class=\"BZ_Pyq_fadeIn\">Escala <\/span><span class=\"BZ_Pyq_fadeIn\">de <\/span><span class=\"BZ_Pyq_fadeIn\">grados <\/span><span class=\"BZ_Pyq_fadeIn\">para <\/span><span class=\"BZ_Pyq_fadeIn\">orientaci\u00f3n<\/span><\/p>\n<\/li>\n<li data-section-id=\"q39a92\" data-start=\"922\" data-end=\"950\">\n<p data-start=\"924\" data-end=\"950\"><span class=\"BZ_Pyq_fadeIn\">Dise\u00f1o <\/span><span class=\"BZ_Pyq_fadeIn\">compacto <\/span><span class=\"BZ_Pyq_fadeIn\">y <\/span><span class=\"BZ_Pyq_fadeIn\">ligero<\/span><\/p>\n<\/li>\n<li data-section-id=\"j6tdpp\" data-start=\"951\" data-end=\"1003\">\n<p data-start=\"953\" data-end=\"1003\"><span class=\"BZ_Pyq_fadeIn\">F\u00e1cil <\/span><span class=\"BZ_Pyq_fadeIn\">de <\/span><span class=\"BZ_Pyq_fadeIn\">sujetar <\/span><span class=\"BZ_Pyq_fadeIn\">a <\/span><span class=\"BZ_Pyq_fadeIn\">mochilas, <\/span><span class=\"BZ_Pyq_fadeIn\">cinturones <\/span><span class=\"BZ_Pyq_fadeIn\">o <\/span><span class=\"BZ_Pyq_fadeIn\">equipo<\/span><\/p>\n<\/li>\n<\/ul>\n<p data-start=\"1005\" data-end=\"1026\"><strong data-start=\"1005\" data-end=\"1026\"><span class=\"BZ_Pyq_fadeIn\">Especificaciones:<\/span><\/strong><\/p>\n<ul data-start=\"1027\" data-end=\"1203\">\n<li data-section-id=\"wv5ab5\" data-start=\"1027\" data-end=\"1071\">\n<p data-start=\"1029\" data-end=\"1071\"><span class=\"BZ_Pyq_fadeIn\">Tipo <\/span><span class=\"BZ_Pyq_fadeIn\">de <\/span><span class=\"BZ_Pyq_fadeIn\">producto: <\/span><span class=\"BZ_Pyq_fadeIn\">Br\u00fajula <\/span><span class=\"BZ_Pyq_fadeIn\">de <\/span><span class=\"BZ_Pyq_fadeIn\">orientaci\u00f3n<\/span><\/p>\n<\/li>\n<li data-section-id=\"1uolvdu\" data-start=\"1072\" data-end=\"1101\">\n<p data-start=\"1074\" data-end=\"1101\"><span class=\"BZ_Pyq_fadeIn\">Sistema <\/span><span class=\"BZ_Pyq_fadeIn\">de <\/span><span class=\"BZ_Pyq_fadeIn\">fijaci\u00f3n: <\/span><span class=\"BZ_Pyq_fadeIn\">Clip<\/span><\/p>\n<\/li>\n<li data-section-id=\"b3g0hd\" data-start=\"1102\" data-end=\"1171\">\n<p data-start=\"1104\" data-end=\"1171\"><span class=\"BZ_Pyq_fadeIn\">Uso: <\/span><span class=\"BZ_Pyq_fadeIn\">Actividades <\/span><span class=\"BZ_Pyq_fadeIn\">al <\/span><span class=\"BZ_Pyq_fadeIn\">aire <\/span><span class=\"BZ_Pyq_fadeIn\">libre, <\/span><span class=\"BZ_Pyq_fadeIn\">senderismo, <\/span><span class=\"BZ_Pyq_fadeIn\">camping <\/span><span class=\"BZ_Pyq_fadeIn\">y <\/span><span class=\"BZ_Pyq_fadeIn\">exploraci\u00f3n<\/span><\/p>\n<\/li>\n<li data-section-id=\"11okxrj\" data-start=\"1172\" data-end=\"1203\">\n<p data-start=\"1174\" data-end=\"1203\"><span class=\"BZ_Pyq_fadeIn\">Dise\u00f1o: <\/span><span class=\"BZ_Pyq_fadeIn\">Compacto <\/span><span class=\"BZ_Pyq_fadeIn\">y <\/span><span class=\"BZ_Pyq_fadeIn\">port\u00e1til<\/span><\/p>\n<\/li>\n<\/ul>\n<p data-start=\"1205\" data-end=\"1329\" data-is-last-node=\"\" data-is-only-node=\"\"><span class=\"BZ_Pyq_fadeIn\">Un <\/span><span class=\"BZ_Pyq_fadeIn\">accesorio <\/span><span class=\"BZ_Pyq_fadeIn\">pr\u00e1ctico <\/span><span class=\"BZ_Pyq_fadeIn\">para <\/span><span class=\"BZ_Pyq_fadeIn\">quienes <\/span><span class=\"BZ_Pyq_fadeIn\">disfrutan <\/span><span class=\"BZ_Pyq_fadeIn\">de <\/span><span class=\"BZ_Pyq_fadeIn\">actividades <\/span><span class=\"BZ_Pyq_fadeIn\">al <\/span><span class=\"BZ_Pyq_fadeIn\">aire <\/span><span class=\"BZ_Pyq_fadeIn\">libre <\/span><span class=\"BZ_Pyq_fadeIn\">y <\/span><span class=\"BZ_Pyq_fadeIn\">necesitan <\/span><span class=\"BZ_Pyq_fadeIn\">una <\/span><span class=\"BZ_Pyq_fadeIn\">herramienta <\/span><span class=\"BZ_Pyq_fadeIn\">simple <\/span><span class=\"BZ_Pyq_fadeIn\">de <\/span><span class=\"BZ_Pyq_fadeIn\">orientaci\u00f3n.<\/span><\/p>\n","protected":false},"excerpt":{"rendered":"<p>Br\u00fajula de Clip Port\u00e1til Esta br\u00fajula compacta con sistema de clip es una herramienta pr\u00e1ctica para orientaci\u00f3n en actividades al aire libre. Su dise\u00f1o ligero y port\u00e1til permite sujetarla f\u00e1cilmente a mochilas, cinturones, correas o equipos, manteni\u00e9ndola siempre accesible durante excursiones o desplazamientos. Cuenta con una car\u00e1tula clara con indicadores de direcci\u00f3n (N, S, E, [&hellip;]<\/p>\n","protected":false},"featured_media":16726,"template":"","meta":{"site-sidebar-layout":"default","site-content-layout":"","ast-site-content-layout":"default","site-content-style":"default","site-sidebar-style":"default","ast-global-header-display":"","ast-banner-title-visibility":"","ast-main-header-display":"","ast-hfb-above-header-display":"","ast-hfb-below-header-display":"","ast-hfb-mobile-header-display":"","site-post-title":"","ast-breadcrumbs-content":"","ast-featured-img":"","footer-sml-layout":"","ast-disable-related-posts":"","theme-transparent-header-meta":"default","adv-header-id-meta":"","stick-header-meta":"","header-above-stick-meta":"","header-main-stick-meta":"","header-below-stick-meta":"","astra-migrate-meta-layouts":"set","ast-page-background-enabled":"default","ast-page-background-meta":{"desktop":{"background-color":"var(--ast-global-color-4)","background-image":"","background-repeat":"repeat","background-position":"center center","background-size":"auto","background-attachment":"scroll","background-type":"","background-media":"","overlay-type":"","overlay-color":"","overlay-opacity":"","overlay-gradient":""},"tablet":{"background-color":"","background-image":"","background-repeat":"repeat","background-position":"center center","background-size":"auto","background-attachment":"scroll","background-type":"","background-media":"","overlay-type":"","overlay-color":"","overlay-opacity":"","overlay-gradient":""},"mobile":{"background-color":"","background-image":"","background-repeat":"repeat","background-position":"center center","background-size":"auto","background-attachment":"scroll","background-type":"","background-media":"","overlay-type":"","overlay-color":"","overlay-opacity":"","overlay-gradient":""}},"ast-content-background-meta":{"desktop":{"background-color":"var(--ast-global-color-5)","background-image":"","background-repeat":"repeat","background-position":"center center","background-size":"auto","background-attachment":"scroll","background-type":"","background-media":"","overlay-type":"","overlay-color":"","overlay-opacity":"","overlay-gradient":""},"tablet":{"background-color":"var(--ast-global-color-5)","background-image":"","background-repeat":"repeat","background-position":"center center","background-size":"auto","background-attachment":"scroll","background-type":"","background-media":"","overlay-type":"","overlay-color":"","overlay-opacity":"","overlay-gradient":""},"mobile":{"background-color":"var(--ast-global-color-5)","background-image":"","background-repeat":"repeat","background-position":"center center","background-size":"auto","background-attachment":"scroll","background-type":"","background-media":"","overlay-type":"","overlay-color":"","overlay-opacity":"","overlay-gradient":""}}},"product_brand":[],"product_cat":[448,462],"product_tag":[],"class_list":{"0":"post-16720","1":"product","2":"type-product","3":"status-publish","4":"has-post-thumbnail","6":"product_cat-tecnologia-y-hogar","7":"product_cat-utilidades-y-outdoor","8":"desktop-align-left","9":"tablet-align-left","10":"mobile-align-left","12":"first","13":"instock","14":"shipping-taxable","15":"purchasable","16":"product-type-simple"},"yoast_head":"<!-- This site is optimized with the Yoast SEO plugin v27.3 - https:\/\/yoast.com\/product\/yoast-seo-wordpress\/ -->\n<title>Br\u00fajula de Clip Port\u00e1til - ROSE MVD<\/title>\n<meta name=\"description\" content=\"br\u00fajula compacta con sistema de clip. Su dise\u00f1o ligero y port\u00e1til permite sujetarla f\u00e1cilmente a mochilas, cinturones, correas o equipos\" \/>\n<meta name=\"robots\" content=\"index, follow, max-snippet:-1, max-image-preview:large, max-video-preview:-1\" \/>\n<link rel=\"canonical\" href=\"https:\/\/rosemvd.com\/index.php\/producto\/brujula-de-clip-portatil\/\" \/>\n<meta property=\"og:locale\" content=\"es_ES\" \/>\n<meta property=\"og:type\" content=\"article\" \/>\n<meta property=\"og:title\" content=\"Br\u00fajula de Clip Port\u00e1til - ROSE MVD\" \/>\n<meta property=\"og:description\" content=\"br\u00fajula compacta con sistema de clip. Su dise\u00f1o ligero y port\u00e1til permite sujetarla f\u00e1cilmente a mochilas, cinturones, correas o equipos\" \/>\n<meta property=\"og:url\" content=\"https:\/\/rosemvd.com\/index.php\/producto\/brujula-de-clip-portatil\/\" \/>\n<meta property=\"og:site_name\" content=\"ROSE MVD\" \/>\n<meta property=\"article:publisher\" content=\"https:\/\/www.facebook.com\/TiendaRoseMvd\" \/>\n<meta property=\"article:modified_time\" content=\"2026-04-22T16:38:45+00:00\" \/>\n<meta property=\"og:image\" content=\"https:\/\/rosemvd.com\/wp-content\/uploads\/2026\/03\/D_NQ_NP_2X_812741-CBT85528218314_062025-F.webp\" \/>\n\t<meta property=\"og:image:width\" content=\"774\" \/>\n\t<meta property=\"og:image:height\" content=\"719\" \/>\n\t<meta property=\"og:image:type\" content=\"image\/webp\" \/>\n<meta name=\"twitter:card\" content=\"summary_large_image\" \/>\n<meta name=\"twitter:label1\" content=\"Tiempo de lectura\" \/>\n\t<meta name=\"twitter:data1\" content=\"2 minutos\" \/>\n<script type=\"application\/ld+json\" class=\"yoast-schema-graph\">{\"@context\":\"https:\\\/\\\/schema.org\",\"@graph\":[{\"@type\":\"WebPage\",\"@id\":\"https:\\\/\\\/rosemvd.com\\\/index.php\\\/producto\\\/brujula-de-clip-portatil\\\/\",\"url\":\"https:\\\/\\\/rosemvd.com\\\/index.php\\\/producto\\\/brujula-de-clip-portatil\\\/\",\"name\":\"Br\u00fajula de Clip Port\u00e1til - ROSE MVD\",\"isPartOf\":{\"@id\":\"https:\\\/\\\/rosemvd.com\\\/#website\"},\"primaryImageOfPage\":{\"@id\":\"https:\\\/\\\/rosemvd.com\\\/index.php\\\/producto\\\/brujula-de-clip-portatil\\\/#primaryimage\"},\"image\":{\"@id\":\"https:\\\/\\\/rosemvd.com\\\/index.php\\\/producto\\\/brujula-de-clip-portatil\\\/#primaryimage\"},\"thumbnailUrl\":\"https:\\\/\\\/rosemvd.com\\\/wp-content\\\/uploads\\\/2026\\\/03\\\/D_NQ_NP_2X_812741-CBT85528218314_062025-F.webp\",\"datePublished\":\"2026-03-13T12:53:00+00:00\",\"dateModified\":\"2026-04-22T16:38:45+00:00\",\"description\":\"br\u00fajula compacta con sistema de clip. Su dise\u00f1o ligero y port\u00e1til permite sujetarla f\u00e1cilmente a mochilas, cinturones, correas o equipos\",\"breadcrumb\":{\"@id\":\"https:\\\/\\\/rosemvd.com\\\/index.php\\\/producto\\\/brujula-de-clip-portatil\\\/#breadcrumb\"},\"inLanguage\":\"es\",\"potentialAction\":[{\"@type\":\"ReadAction\",\"target\":[\"https:\\\/\\\/rosemvd.com\\\/index.php\\\/producto\\\/brujula-de-clip-portatil\\\/\"]}]},{\"@type\":\"ImageObject\",\"inLanguage\":\"es\",\"@id\":\"https:\\\/\\\/rosemvd.com\\\/index.php\\\/producto\\\/brujula-de-clip-portatil\\\/#primaryimage\",\"url\":\"https:\\\/\\\/rosemvd.com\\\/wp-content\\\/uploads\\\/2026\\\/03\\\/D_NQ_NP_2X_812741-CBT85528218314_062025-F.webp\",\"contentUrl\":\"https:\\\/\\\/rosemvd.com\\\/wp-content\\\/uploads\\\/2026\\\/03\\\/D_NQ_NP_2X_812741-CBT85528218314_062025-F.webp\",\"width\":774,\"height\":719},{\"@type\":\"BreadcrumbList\",\"@id\":\"https:\\\/\\\/rosemvd.com\\\/index.php\\\/producto\\\/brujula-de-clip-portatil\\\/#breadcrumb\",\"itemListElement\":[{\"@type\":\"ListItem\",\"position\":1,\"name\":\"Portada\",\"item\":\"https:\\\/\\\/rosemvd.com\\\/\"},{\"@type\":\"ListItem\",\"position\":2,\"name\":\"Tienda\",\"item\":\"https:\\\/\\\/rosemvd.com\\\/index.php\\\/tienda\\\/\"},{\"@type\":\"ListItem\",\"position\":3,\"name\":\"Br\u00fajula de Clip Port\u00e1til\"}]},{\"@type\":\"WebSite\",\"@id\":\"https:\\\/\\\/rosemvd.com\\\/#website\",\"url\":\"https:\\\/\\\/rosemvd.com\\\/\",\"name\":\"ROSE MVD\",\"description\":\"Todo lo que no sab\u00edas que necesitabas, lo \u00faltimo en tendencia, utilidad e innovaci\u00f3n\",\"publisher\":{\"@id\":\"https:\\\/\\\/rosemvd.com\\\/#organization\"},\"potentialAction\":[{\"@type\":\"SearchAction\",\"target\":{\"@type\":\"EntryPoint\",\"urlTemplate\":\"https:\\\/\\\/rosemvd.com\\\/?s={search_term_string}\"},\"query-input\":{\"@type\":\"PropertyValueSpecification\",\"valueRequired\":true,\"valueName\":\"search_term_string\"}}],\"inLanguage\":\"es\"},{\"@type\":\"Organization\",\"@id\":\"https:\\\/\\\/rosemvd.com\\\/#organization\",\"name\":\"ROSE MVD\",\"alternateName\":\"ROSE MVD\",\"url\":\"https:\\\/\\\/rosemvd.com\\\/\",\"logo\":{\"@type\":\"ImageObject\",\"inLanguage\":\"es\",\"@id\":\"https:\\\/\\\/rosemvd.com\\\/#\\\/schema\\\/logo\\\/image\\\/\",\"url\":\"https:\\\/\\\/rosemvd.com\\\/wp-content\\\/uploads\\\/2023\\\/03\\\/Sin-titulo-2_Mesa-de-trabajo-1.png\",\"contentUrl\":\"https:\\\/\\\/rosemvd.com\\\/wp-content\\\/uploads\\\/2023\\\/03\\\/Sin-titulo-2_Mesa-de-trabajo-1.png\",\"width\":2084,\"height\":2084,\"caption\":\"ROSE MVD\"},\"image\":{\"@id\":\"https:\\\/\\\/rosemvd.com\\\/#\\\/schema\\\/logo\\\/image\\\/\"},\"sameAs\":[\"https:\\\/\\\/www.facebook.com\\\/TiendaRoseMvd\",\"https:\\\/\\\/www.instagram.com\\\/rose.mvd\"]}]}<\/script>\n<!-- \/ Yoast SEO plugin. -->","yoast_head_json":{"title":"Br\u00fajula de Clip Port\u00e1til - ROSE MVD","description":"br\u00fajula compacta con sistema de clip. Su dise\u00f1o ligero y port\u00e1til permite sujetarla f\u00e1cilmente a mochilas, cinturones, correas o equipos","robots":{"index":"index","follow":"follow","max-snippet":"max-snippet:-1","max-image-preview":"max-image-preview:large","max-video-preview":"max-video-preview:-1"},"canonical":"https:\/\/rosemvd.com\/index.php\/producto\/brujula-de-clip-portatil\/","og_locale":"es_ES","og_type":"article","og_title":"Br\u00fajula de Clip Port\u00e1til - ROSE MVD","og_description":"br\u00fajula compacta con sistema de clip. Su dise\u00f1o ligero y port\u00e1til permite sujetarla f\u00e1cilmente a mochilas, cinturones, correas o equipos","og_url":"https:\/\/rosemvd.com\/index.php\/producto\/brujula-de-clip-portatil\/","og_site_name":"ROSE MVD","article_publisher":"https:\/\/www.facebook.com\/TiendaRoseMvd","article_modified_time":"2026-04-22T16:38:45+00:00","og_image":[{"width":774,"height":719,"url":"https:\/\/rosemvd.com\/wp-content\/uploads\/2026\/03\/D_NQ_NP_2X_812741-CBT85528218314_062025-F.webp","type":"image\/webp"}],"twitter_card":"summary_large_image","twitter_misc":{"Tiempo de lectura":"2 minutos"},"schema":{"@context":"https:\/\/schema.org","@graph":[{"@type":"WebPage","@id":"https:\/\/rosemvd.com\/index.php\/producto\/brujula-de-clip-portatil\/","url":"https:\/\/rosemvd.com\/index.php\/producto\/brujula-de-clip-portatil\/","name":"Br\u00fajula de Clip Port\u00e1til - ROSE MVD","isPartOf":{"@id":"https:\/\/rosemvd.com\/#website"},"primaryImageOfPage":{"@id":"https:\/\/rosemvd.com\/index.php\/producto\/brujula-de-clip-portatil\/#primaryimage"},"image":{"@id":"https:\/\/rosemvd.com\/index.php\/producto\/brujula-de-clip-portatil\/#primaryimage"},"thumbnailUrl":"https:\/\/rosemvd.com\/wp-content\/uploads\/2026\/03\/D_NQ_NP_2X_812741-CBT85528218314_062025-F.webp","datePublished":"2026-03-13T12:53:00+00:00","dateModified":"2026-04-22T16:38:45+00:00","description":"br\u00fajula compacta con sistema de clip. Su dise\u00f1o ligero y port\u00e1til permite sujetarla f\u00e1cilmente a mochilas, cinturones, correas o equipos","breadcrumb":{"@id":"https:\/\/rosemvd.com\/index.php\/producto\/brujula-de-clip-portatil\/#breadcrumb"},"inLanguage":"es","potentialAction":[{"@type":"ReadAction","target":["https:\/\/rosemvd.com\/index.php\/producto\/brujula-de-clip-portatil\/"]}]},{"@type":"ImageObject","inLanguage":"es","@id":"https:\/\/rosemvd.com\/index.php\/producto\/brujula-de-clip-portatil\/#primaryimage","url":"https:\/\/rosemvd.com\/wp-content\/uploads\/2026\/03\/D_NQ_NP_2X_812741-CBT85528218314_062025-F.webp","contentUrl":"https:\/\/rosemvd.com\/wp-content\/uploads\/2026\/03\/D_NQ_NP_2X_812741-CBT85528218314_062025-F.webp","width":774,"height":719},{"@type":"BreadcrumbList","@id":"https:\/\/rosemvd.com\/index.php\/producto\/brujula-de-clip-portatil\/#breadcrumb","itemListElement":[{"@type":"ListItem","position":1,"name":"Portada","item":"https:\/\/rosemvd.com\/"},{"@type":"ListItem","position":2,"name":"Tienda","item":"https:\/\/rosemvd.com\/index.php\/tienda\/"},{"@type":"ListItem","position":3,"name":"Br\u00fajula de Clip Port\u00e1til"}]},{"@type":"WebSite","@id":"https:\/\/rosemvd.com\/#website","url":"https:\/\/rosemvd.com\/","name":"ROSE MVD","description":"Todo lo que no sab\u00edas que necesitabas, lo \u00faltimo en tendencia, utilidad e innovaci\u00f3n","publisher":{"@id":"https:\/\/rosemvd.com\/#organization"},"potentialAction":[{"@type":"SearchAction","target":{"@type":"EntryPoint","urlTemplate":"https:\/\/rosemvd.com\/?s={search_term_string}"},"query-input":{"@type":"PropertyValueSpecification","valueRequired":true,"valueName":"search_term_string"}}],"inLanguage":"es"},{"@type":"Organization","@id":"https:\/\/rosemvd.com\/#organization","name":"ROSE MVD","alternateName":"ROSE MVD","url":"https:\/\/rosemvd.com\/","logo":{"@type":"ImageObject","inLanguage":"es","@id":"https:\/\/rosemvd.com\/#\/schema\/logo\/image\/","url":"https:\/\/rosemvd.com\/wp-content\/uploads\/2023\/03\/Sin-titulo-2_Mesa-de-trabajo-1.png","contentUrl":"https:\/\/rosemvd.com\/wp-content\/uploads\/2023\/03\/Sin-titulo-2_Mesa-de-trabajo-1.png","width":2084,"height":2084,"caption":"ROSE MVD"},"image":{"@id":"https:\/\/rosemvd.com\/#\/schema\/logo\/image\/"},"sameAs":["https:\/\/www.facebook.com\/TiendaRoseMvd","https:\/\/www.instagram.com\/rose.mvd"]}]}},"_links":{"self":[{"href":"https:\/\/rosemvd.com\/index.php\/wp-json\/wp\/v2\/product\/16720","targetHints":{"allow":["GET"]}}],"collection":[{"href":"https:\/\/rosemvd.com\/index.php\/wp-json\/wp\/v2\/product"}],"about":[{"href":"https:\/\/rosemvd.com\/index.php\/wp-json\/wp\/v2\/types\/product"}],"wp:featuredmedia":[{"embeddable":true,"href":"https:\/\/rosemvd.com\/index.php\/wp-json\/wp\/v2\/media\/16726"}],"wp:attachment":[{"href":"https:\/\/rosemvd.com\/index.php\/wp-json\/wp\/v2\/media?parent=16720"}],"wp:term":[{"taxonomy":"product_brand","embeddable":true,"href":"https:\/\/rosemvd.com\/index.php\/wp-json\/wp\/v2\/product_brand?post=16720"},{"taxonomy":"product_cat","embeddable":true,"href":"https:\/\/rosemvd.com\/index.php\/wp-json\/wp\/v2\/product_cat?post=16720"},{"taxonomy":"product_tag","embeddable":true,"href":"https:\/\/rosemvd.com\/index.php\/wp-json\/wp\/v2\/product_tag?post=16720"}],"curies":[{"name":"wp","href":"https:\/\/api.w.org\/{rel}","templated":true}]}}