{"id":16699,"date":"2026-03-13T09:21:54","date_gmt":"2026-03-13T12:21:54","guid":{"rendered":"https:\/\/rosemvd.com\/?post_type=product&#038;p=16699"},"modified":"2026-04-21T09:53:32","modified_gmt":"2026-04-21T12:53:32","slug":"disfraz-lenceria-mucama","status":"publish","type":"product","link":"https:\/\/rosemvd.com\/index.php\/producto\/disfraz-lenceria-mucama\/","title":{"rendered":"Disfraz Lencer\u00eda Mucama"},"content":{"rendered":"<div class=\"flex flex-col text-sm pb-25\">\n<article class=\"text-token-text-primary w-full focus:outline-none [--shadow-height:45px] has-data-writing-block:pointer-events-none has-data-writing-block:-mt-(--shadow-height) has-data-writing-block:pt-(--shadow-height) [&amp;:has([data-writing-block])&gt;*]:pointer-events-auto scroll-mt-[calc(var(--header-height)+min(200px,max(70px,20svh)))]\" dir=\"auto\" tabindex=\"-1\" data-turn-id=\"request-699e0c85-1d38-832a-be1b-99bbf5222649-3\" data-testid=\"conversation-turn-68\" data-scroll-anchor=\"true\" data-turn=\"assistant\">\n<div class=\"text-base my-auto mx-auto pb-10 [--thread-content-margin:var(--thread-content-margin-xs,calc(var(--spacing)*4))] @w-sm\/main:[--thread-content-margin:var(--thread-content-margin-sm,calc(var(--spacing)*6))] @w-lg\/main:[--thread-content-margin:var(--thread-content-margin-lg,calc(var(--spacing)*16))] px-(--thread-content-margin)\">\n<div class=\"[--thread-content-max-width:40rem] @w-lg\/main:[--thread-content-max-width:48rem] mx-auto max-w-(--thread-content-max-width) flex-1 group\/turn-messages focus-visible:outline-hidden relative flex w-full min-w-0 flex-col agent-turn\" tabindex=\"-1\">\n<div class=\"flex max-w-full flex-col gap-4 grow\">\n<div class=\"min-h-8 text-message relative flex w-full flex-col items-end gap-2 text-start break-words whitespace-normal [.text-message+&amp;]:mt-1\" dir=\"auto\" data-message-author-role=\"assistant\" data-message-id=\"ee363a66-c1a6-4712-9df5-2c49f56a8b20\" data-message-model-slug=\"gpt-5-3\">\n<div class=\"flex w-full flex-col gap-1 empty:hidden\">\n<div class=\"markdown prose dark:prose-invert w-full wrap-break-word light markdown-new-styling\">\n<p data-start=\"0\" data-end=\"39\"><strong data-start=\"0\" data-end=\"39\"><span class=\"BZ_Pyq_fadeIn\">Disfraz <\/span><span class=\"BZ_Pyq_fadeIn\">de <\/span><span class=\"BZ_Pyq_fadeIn\">Lencer\u00eda <\/span><span class=\"BZ_Pyq_fadeIn\">Sexy <\/span><span class=\"BZ_Pyq_fadeIn\">para <\/span><span class=\"BZ_Pyq_fadeIn\">Mujer<\/span><\/strong><\/p>\n<p data-start=\"0\" data-end=\"39\"><strong>Talle M<\/strong><\/p>\n<p data-start=\"41\" data-end=\"308\"><span class=\"BZ_Pyq_fadeIn\">Este <\/span><span class=\"BZ_Pyq_fadeIn\">disfraz <\/span><span class=\"BZ_Pyq_fadeIn\">de <\/span><span class=\"BZ_Pyq_fadeIn\">lencer\u00eda <\/span><span class=\"BZ_Pyq_fadeIn\">sexy <\/span><span class=\"BZ_Pyq_fadeIn\">combina <\/span><span class=\"BZ_Pyq_fadeIn\">sensualidad, <\/span><span class=\"BZ_Pyq_fadeIn\">estilo <\/span><span class=\"BZ_Pyq_fadeIn\">y <\/span><span class=\"BZ_Pyq_fadeIn\">detalles <\/span><span class=\"BZ_Pyq_fadeIn\">llamativos <\/span><span class=\"BZ_Pyq_fadeIn\">para <\/span><span class=\"BZ_Pyq_fadeIn\">crear <\/span><span class=\"BZ_Pyq_fadeIn\">un <\/span><span class=\"BZ_Pyq_fadeIn\">look <\/span><span class=\"BZ_Pyq_fadeIn\">atractivo <\/span><span class=\"BZ_Pyq_fadeIn\">y <\/span><span class=\"BZ_Pyq_fadeIn\">femenino. <\/span><span class=\"BZ_Pyq_fadeIn\">Su <\/span><span class=\"BZ_Pyq_fadeIn\">dise\u00f1o <\/span><span class=\"BZ_Pyq_fadeIn\">est\u00e1 <\/span><span class=\"BZ_Pyq_fadeIn\">pensado <\/span><span class=\"BZ_Pyq_fadeIn\">para <\/span><span class=\"BZ_Pyq_fadeIn\">resaltar <\/span><span class=\"BZ_Pyq_fadeIn\">la <\/span><span class=\"BZ_Pyq_fadeIn\">silueta <\/span><span class=\"BZ_Pyq_fadeIn\">y <\/span><span class=\"BZ_Pyq_fadeIn\">aportar <\/span><span class=\"BZ_Pyq_fadeIn\">un <\/span><span class=\"BZ_Pyq_fadeIn\">toque <\/span><span class=\"BZ_Pyq_fadeIn\">seductor, <\/span><span class=\"BZ_Pyq_fadeIn\">ideal <\/span><span class=\"BZ_Pyq_fadeIn\">para <\/span><span class=\"BZ_Pyq_fadeIn\">quienes <\/span><span class=\"BZ_Pyq_fadeIn\">buscan <\/span><span class=\"BZ_Pyq_fadeIn\">un <\/span><span class=\"BZ_Pyq_fadeIn\">outfit <\/span><span class=\"BZ_Pyq_fadeIn\">especial <\/span><span class=\"BZ_Pyq_fadeIn\">y <\/span><span class=\"BZ_Pyq_fadeIn\">lleno <\/span><span class=\"BZ_Pyq_fadeIn\">de <\/span><span class=\"BZ_Pyq_fadeIn\">personalidad.<\/span><\/p>\n<p data-start=\"310\" data-end=\"582\"><span class=\"BZ_Pyq_fadeIn\">Los <\/span><span class=\"BZ_Pyq_fadeIn\">detalles <\/span><span class=\"BZ_Pyq_fadeIn\">delicados <\/span><span class=\"BZ_Pyq_fadeIn\">y <\/span><span class=\"BZ_Pyq_fadeIn\">su <\/span><span class=\"BZ_Pyq_fadeIn\">estilo <\/span><span class=\"BZ_Pyq_fadeIn\">provocativo <\/span><span class=\"BZ_Pyq_fadeIn\">lo <\/span><span class=\"BZ_Pyq_fadeIn\">convierten <\/span><span class=\"BZ_Pyq_fadeIn\">en <\/span><span class=\"BZ_Pyq_fadeIn\">una <\/span><span class=\"BZ_Pyq_fadeIn\">prenda <\/span><span class=\"BZ_Pyq_fadeIn\">pensada <\/span><span class=\"BZ_Pyq_fadeIn\">para <\/span><span class=\"BZ_Pyq_fadeIn\">destacar <\/span><span class=\"BZ_Pyq_fadeIn\">y <\/span><span class=\"BZ_Pyq_fadeIn\">generar <\/span><span class=\"BZ_Pyq_fadeIn\">una <\/span><span class=\"BZ_Pyq_fadeIn\">apariencia<\/span><span class=\"BZ_Pyq_fadeIn\">\u00a0<\/span><span class=\"BZ_Pyq_fadeIn\">sensual.<\/span><\/p>\n<p data-start=\"584\" data-end=\"830\"><span class=\"BZ_Pyq_fadeIn\">Es <\/span><span class=\"BZ_Pyq_fadeIn\">un <\/span><span class=\"BZ_Pyq_fadeIn\">disfraz <\/span><span class=\"BZ_Pyq_fadeIn\">sexy <\/span><span class=\"BZ_Pyq_fadeIn\">y <\/span><span class=\"BZ_Pyq_fadeIn\">sofisticado, <\/span><span class=\"BZ_Pyq_fadeIn\">perfecto <\/span><span class=\"BZ_Pyq_fadeIn\">para <\/span><span class=\"BZ_Pyq_fadeIn\">ocasiones <\/span><span class=\"BZ_Pyq_fadeIn\">especiales, <\/span><span class=\"BZ_Pyq_fadeIn\">fiestas <\/span><span class=\"BZ_Pyq_fadeIn\">tem\u00e1ticas, <\/span><span class=\"BZ_Pyq_fadeIn\">celebraciones, <\/span><span class=\"BZ_Pyq_fadeIn\">sesiones <\/span><span class=\"BZ_Pyq_fadeIn\">fotogr\u00e1ficas <\/span><span class=\"BZ_Pyq_fadeIn\">o <\/span><span class=\"BZ_Pyq_fadeIn\">momentos <\/span><span class=\"BZ_Pyq_fadeIn\">\u00edntimos. <\/span><span class=\"BZ_Pyq_fadeIn\">Tambi\u00e9n <\/span><span class=\"BZ_Pyq_fadeIn\">puede <\/span><span class=\"BZ_Pyq_fadeIn\">complementarse <\/span><span class=\"BZ_Pyq_fadeIn\">f\u00e1cilmente <\/span><span class=\"BZ_Pyq_fadeIn\">con <\/span><span class=\"BZ_Pyq_fadeIn\">accesorios <\/span><span class=\"BZ_Pyq_fadeIn\">para <\/span><span class=\"BZ_Pyq_fadeIn\">lograr <\/span><span class=\"BZ_Pyq_fadeIn\">un <\/span><span class=\"BZ_Pyq_fadeIn\">look <\/span><span class=\"BZ_Pyq_fadeIn\">completo <\/span><span class=\"BZ_Pyq_fadeIn\">y <\/span><span class=\"BZ_Pyq_fadeIn\">m\u00e1s <\/span><span class=\"BZ_Pyq_fadeIn\">llamativo.<\/span><\/p>\n<p data-start=\"832\" data-end=\"864\"><strong data-start=\"832\" data-end=\"864\"><span class=\"BZ_Pyq_fadeIn\">Caracter\u00edsticas <\/span><span class=\"BZ_Pyq_fadeIn\">principales:<\/span><\/strong><\/p>\n<ul data-start=\"865\" data-end=\"1083\">\n<li data-section-id=\"ypxmfu\" data-start=\"865\" data-end=\"903\">\n<p data-start=\"867\" data-end=\"903\"><span class=\"BZ_Pyq_fadeIn\">Disfraz <\/span><span class=\"BZ_Pyq_fadeIn\">de <\/span><span class=\"BZ_Pyq_fadeIn\">lencer\u00eda <\/span><span class=\"BZ_Pyq_fadeIn\">sexy <\/span><span class=\"BZ_Pyq_fadeIn\">y <\/span><span class=\"BZ_Pyq_fadeIn\">sensual<\/span><\/p>\n<\/li>\n<li data-section-id=\"13o8zwj\" data-start=\"904\" data-end=\"946\">\n<p data-start=\"906\" data-end=\"946\"><span class=\"BZ_Pyq_fadeIn\">Dise\u00f1o <\/span><span class=\"BZ_Pyq_fadeIn\">femenino <\/span><span class=\"BZ_Pyq_fadeIn\">que <\/span><span class=\"BZ_Pyq_fadeIn\">resalta <\/span><span class=\"BZ_Pyq_fadeIn\">la <\/span><span class=\"BZ_Pyq_fadeIn\">silueta<\/span><\/p>\n<\/li>\n<li data-section-id=\"w8ud3r\" data-start=\"947\" data-end=\"974\">\n<p data-start=\"949\" data-end=\"974\"><span class=\"BZ_Pyq_fadeIn\">Material <\/span><span class=\"BZ_Pyq_fadeIn\">suave <\/span><span class=\"BZ_Pyq_fadeIn\">y <\/span><span class=\"BZ_Pyq_fadeIn\">c\u00f3modo<\/span><\/p>\n<\/li>\n<li data-section-id=\"z1h55d\" data-start=\"975\" data-end=\"1009\">\n<p data-start=\"977\" data-end=\"1009\"><span class=\"BZ_Pyq_fadeIn\">Ajuste <\/span><span class=\"BZ_Pyq_fadeIn\">adaptable <\/span><span class=\"BZ_Pyq_fadeIn\">y <\/span><span class=\"BZ_Pyq_fadeIn\">favorecedor<\/span><\/p>\n<\/li>\n<li data-section-id=\"1gv1ugj\" data-start=\"1010\" data-end=\"1083\">\n<p data-start=\"1012\" data-end=\"1083\"><span class=\"BZ_Pyq_fadeIn\">Ideal <\/span><span class=\"BZ_Pyq_fadeIn\">para <\/span><span class=\"BZ_Pyq_fadeIn\">ocasiones <\/span><span class=\"BZ_Pyq_fadeIn\">especiales, <\/span><span class=\"BZ_Pyq_fadeIn\">fiestas <\/span><span class=\"BZ_Pyq_fadeIn\">tem\u00e1ticas <\/span><span class=\"BZ_Pyq_fadeIn\">o <\/span><span class=\"BZ_Pyq_fadeIn\">momentos <\/span><span class=\"BZ_Pyq_fadeIn\">\u00edntimos<\/span><\/p>\n<\/li>\n<\/ul>\n<p data-start=\"1085\" data-end=\"1173\" data-is-last-node=\"\" data-is-only-node=\"\"><span class=\"BZ_Pyq_fadeIn\">Una <\/span><span class=\"BZ_Pyq_fadeIn\">prenda <\/span><span class=\"BZ_Pyq_fadeIn\">dise\u00f1ada <\/span><span class=\"BZ_Pyq_fadeIn\">para <\/span><span class=\"BZ_Pyq_fadeIn\">destacar <\/span><span class=\"BZ_Pyq_fadeIn\">con <\/span><span class=\"BZ_Pyq_fadeIn\">un <\/span><span class=\"BZ_Pyq_fadeIn\">estilo <\/span><span class=\"BZ_Pyq_fadeIn\">seductor, <\/span><span class=\"BZ_Pyq_fadeIn\">elegante <\/span><span class=\"BZ_Pyq_fadeIn\">y <\/span><span class=\"BZ_Pyq_fadeIn\">lleno <\/span><span class=\"BZ_Pyq_fadeIn\">de <\/span><span class=\"BZ_Pyq_fadeIn\">confianza.<\/span><\/p>\n<\/div>\n<\/div>\n<\/div>\n<\/div>\n<\/div>\n<\/div>\n<\/article>\n<\/div>\n","protected":false},"excerpt":{"rendered":"<p>Disfraz de Lencer\u00eda Sexy para Mujer Talle M Este disfraz de lencer\u00eda sexy combina sensualidad, estilo y detalles llamativos para crear un look atractivo y femenino. Su dise\u00f1o est\u00e1 pensado para resaltar la silueta y aportar un toque seductor, ideal para quienes buscan un outfit especial y lleno de personalidad. Los detalles delicados y su [&hellip;]<\/p>\n","protected":false},"featured_media":16701,"template":"","meta":{"site-sidebar-layout":"default","site-content-layout":"","ast-site-content-layout":"default","site-content-style":"default","site-sidebar-style":"default","ast-global-header-display":"","ast-banner-title-visibility":"","ast-main-header-display":"","ast-hfb-above-header-display":"","ast-hfb-below-header-display":"","ast-hfb-mobile-header-display":"","site-post-title":"","ast-breadcrumbs-content":"","ast-featured-img":"","footer-sml-layout":"","ast-disable-related-posts":"","theme-transparent-header-meta":"default","adv-header-id-meta":"","stick-header-meta":"","header-above-stick-meta":"","header-main-stick-meta":"","header-below-stick-meta":"","astra-migrate-meta-layouts":"set","ast-page-background-enabled":"default","ast-page-background-meta":{"desktop":{"background-color":"var(--ast-global-color-4)","background-image":"","background-repeat":"repeat","background-position":"center center","background-size":"auto","background-attachment":"scroll","background-type":"","background-media":"","overlay-type":"","overlay-color":"","overlay-opacity":"","overlay-gradient":""},"tablet":{"background-color":"","background-image":"","background-repeat":"repeat","background-position":"center center","background-size":"auto","background-attachment":"scroll","background-type":"","background-media":"","overlay-type":"","overlay-color":"","overlay-opacity":"","overlay-gradient":""},"mobile":{"background-color":"","background-image":"","background-repeat":"repeat","background-position":"center center","background-size":"auto","background-attachment":"scroll","background-type":"","background-media":"","overlay-type":"","overlay-color":"","overlay-opacity":"","overlay-gradient":""}},"ast-content-background-meta":{"desktop":{"background-color":"var(--ast-global-color-5)","background-image":"","background-repeat":"repeat","background-position":"center center","background-size":"auto","background-attachment":"scroll","background-type":"","background-media":"","overlay-type":"","overlay-color":"","overlay-opacity":"","overlay-gradient":""},"tablet":{"background-color":"var(--ast-global-color-5)","background-image":"","background-repeat":"repeat","background-position":"center center","background-size":"auto","background-attachment":"scroll","background-type":"","background-media":"","overlay-type":"","overlay-color":"","overlay-opacity":"","overlay-gradient":""},"mobile":{"background-color":"var(--ast-global-color-5)","background-image":"","background-repeat":"repeat","background-position":"center center","background-size":"auto","background-attachment":"scroll","background-type":"","background-media":"","overlay-type":"","overlay-color":"","overlay-opacity":"","overlay-gradient":""}}},"product_brand":[],"product_cat":[424,446],"product_tag":[],"class_list":{"0":"post-16699","1":"product","2":"type-product","3":"status-publish","4":"has-post-thumbnail","6":"product_cat-lenceria","7":"product_cat-ropa-deporte-y-accesorios","8":"desktop-align-left","9":"tablet-align-left","10":"mobile-align-left","12":"first","13":"instock","14":"shipping-taxable","15":"purchasable","16":"product-type-simple"},"yoast_head":"<!-- This site is optimized with the Yoast SEO plugin v27.3 - https:\/\/yoast.com\/product\/yoast-seo-wordpress\/ -->\n<title>Disfraz Lencer\u00eda Mucama - ROSE MVD<\/title>\n<meta name=\"description\" content=\"Es un disfraz sexy y sofisticado, perfecto para ocasiones especiales, fiestas tem\u00e1ticas, celebraciones, sesiones fotogr\u00e1ficas o momentos \u00edntimos.\" \/>\n<meta name=\"robots\" content=\"index, follow, max-snippet:-1, max-image-preview:large, max-video-preview:-1\" \/>\n<link rel=\"canonical\" href=\"https:\/\/rosemvd.com\/index.php\/producto\/disfraz-lenceria-mucama\/\" \/>\n<meta property=\"og:locale\" content=\"es_ES\" \/>\n<meta property=\"og:type\" content=\"article\" \/>\n<meta property=\"og:title\" content=\"Disfraz Lencer\u00eda Mucama - ROSE MVD\" \/>\n<meta property=\"og:description\" content=\"Es un disfraz sexy y sofisticado, perfecto para ocasiones especiales, fiestas tem\u00e1ticas, celebraciones, sesiones fotogr\u00e1ficas o momentos \u00edntimos.\" \/>\n<meta property=\"og:url\" content=\"https:\/\/rosemvd.com\/index.php\/producto\/disfraz-lenceria-mucama\/\" \/>\n<meta property=\"og:site_name\" content=\"ROSE MVD\" \/>\n<meta property=\"article:publisher\" content=\"https:\/\/www.facebook.com\/TiendaRoseMvd\" \/>\n<meta property=\"article:modified_time\" content=\"2026-04-21T12:53:32+00:00\" \/>\n<meta property=\"og:image\" content=\"https:\/\/rosemvd.com\/wp-content\/uploads\/2026\/03\/D_NQ_NP_2X_852667-MLM98044086499_112025-F.webp\" \/>\n\t<meta property=\"og:image:width\" content=\"800\" \/>\n\t<meta property=\"og:image:height\" content=\"800\" \/>\n\t<meta property=\"og:image:type\" content=\"image\/webp\" \/>\n<meta name=\"twitter:card\" content=\"summary_large_image\" \/>\n<meta name=\"twitter:label1\" content=\"Tiempo de lectura\" \/>\n\t<meta name=\"twitter:data1\" content=\"1 minuto\" \/>\n<script type=\"application\/ld+json\" class=\"yoast-schema-graph\">{\"@context\":\"https:\\\/\\\/schema.org\",\"@graph\":[{\"@type\":\"WebPage\",\"@id\":\"https:\\\/\\\/rosemvd.com\\\/index.php\\\/producto\\\/disfraz-lenceria-mucama\\\/\",\"url\":\"https:\\\/\\\/rosemvd.com\\\/index.php\\\/producto\\\/disfraz-lenceria-mucama\\\/\",\"name\":\"Disfraz Lencer\u00eda Mucama - ROSE MVD\",\"isPartOf\":{\"@id\":\"https:\\\/\\\/rosemvd.com\\\/#website\"},\"primaryImageOfPage\":{\"@id\":\"https:\\\/\\\/rosemvd.com\\\/index.php\\\/producto\\\/disfraz-lenceria-mucama\\\/#primaryimage\"},\"image\":{\"@id\":\"https:\\\/\\\/rosemvd.com\\\/index.php\\\/producto\\\/disfraz-lenceria-mucama\\\/#primaryimage\"},\"thumbnailUrl\":\"https:\\\/\\\/rosemvd.com\\\/wp-content\\\/uploads\\\/2026\\\/03\\\/D_NQ_NP_2X_852667-MLM98044086499_112025-F.webp\",\"datePublished\":\"2026-03-13T12:21:54+00:00\",\"dateModified\":\"2026-04-21T12:53:32+00:00\",\"description\":\"Es un disfraz sexy y sofisticado, perfecto para ocasiones especiales, fiestas tem\u00e1ticas, celebraciones, sesiones fotogr\u00e1ficas o momentos \u00edntimos.\",\"breadcrumb\":{\"@id\":\"https:\\\/\\\/rosemvd.com\\\/index.php\\\/producto\\\/disfraz-lenceria-mucama\\\/#breadcrumb\"},\"inLanguage\":\"es\",\"potentialAction\":[{\"@type\":\"ReadAction\",\"target\":[\"https:\\\/\\\/rosemvd.com\\\/index.php\\\/producto\\\/disfraz-lenceria-mucama\\\/\"]}]},{\"@type\":\"ImageObject\",\"inLanguage\":\"es\",\"@id\":\"https:\\\/\\\/rosemvd.com\\\/index.php\\\/producto\\\/disfraz-lenceria-mucama\\\/#primaryimage\",\"url\":\"https:\\\/\\\/rosemvd.com\\\/wp-content\\\/uploads\\\/2026\\\/03\\\/D_NQ_NP_2X_852667-MLM98044086499_112025-F.webp\",\"contentUrl\":\"https:\\\/\\\/rosemvd.com\\\/wp-content\\\/uploads\\\/2026\\\/03\\\/D_NQ_NP_2X_852667-MLM98044086499_112025-F.webp\",\"width\":800,\"height\":800},{\"@type\":\"BreadcrumbList\",\"@id\":\"https:\\\/\\\/rosemvd.com\\\/index.php\\\/producto\\\/disfraz-lenceria-mucama\\\/#breadcrumb\",\"itemListElement\":[{\"@type\":\"ListItem\",\"position\":1,\"name\":\"Portada\",\"item\":\"https:\\\/\\\/rosemvd.com\\\/\"},{\"@type\":\"ListItem\",\"position\":2,\"name\":\"Tienda\",\"item\":\"https:\\\/\\\/rosemvd.com\\\/index.php\\\/tienda\\\/\"},{\"@type\":\"ListItem\",\"position\":3,\"name\":\"Disfraz Lencer\u00eda Mucama\"}]},{\"@type\":\"WebSite\",\"@id\":\"https:\\\/\\\/rosemvd.com\\\/#website\",\"url\":\"https:\\\/\\\/rosemvd.com\\\/\",\"name\":\"ROSE MVD\",\"description\":\"Todo lo que no sab\u00edas que necesitabas, lo \u00faltimo en tendencia, utilidad e innovaci\u00f3n\",\"publisher\":{\"@id\":\"https:\\\/\\\/rosemvd.com\\\/#organization\"},\"potentialAction\":[{\"@type\":\"SearchAction\",\"target\":{\"@type\":\"EntryPoint\",\"urlTemplate\":\"https:\\\/\\\/rosemvd.com\\\/?s={search_term_string}\"},\"query-input\":{\"@type\":\"PropertyValueSpecification\",\"valueRequired\":true,\"valueName\":\"search_term_string\"}}],\"inLanguage\":\"es\"},{\"@type\":\"Organization\",\"@id\":\"https:\\\/\\\/rosemvd.com\\\/#organization\",\"name\":\"ROSE MVD\",\"alternateName\":\"ROSE MVD\",\"url\":\"https:\\\/\\\/rosemvd.com\\\/\",\"logo\":{\"@type\":\"ImageObject\",\"inLanguage\":\"es\",\"@id\":\"https:\\\/\\\/rosemvd.com\\\/#\\\/schema\\\/logo\\\/image\\\/\",\"url\":\"https:\\\/\\\/rosemvd.com\\\/wp-content\\\/uploads\\\/2023\\\/03\\\/Sin-titulo-2_Mesa-de-trabajo-1.png\",\"contentUrl\":\"https:\\\/\\\/rosemvd.com\\\/wp-content\\\/uploads\\\/2023\\\/03\\\/Sin-titulo-2_Mesa-de-trabajo-1.png\",\"width\":2084,\"height\":2084,\"caption\":\"ROSE MVD\"},\"image\":{\"@id\":\"https:\\\/\\\/rosemvd.com\\\/#\\\/schema\\\/logo\\\/image\\\/\"},\"sameAs\":[\"https:\\\/\\\/www.facebook.com\\\/TiendaRoseMvd\",\"https:\\\/\\\/www.instagram.com\\\/rose.mvd\"]}]}<\/script>\n<!-- \/ Yoast SEO plugin. -->","yoast_head_json":{"title":"Disfraz Lencer\u00eda Mucama - ROSE MVD","description":"Es un disfraz sexy y sofisticado, perfecto para ocasiones especiales, fiestas tem\u00e1ticas, celebraciones, sesiones fotogr\u00e1ficas o momentos \u00edntimos.","robots":{"index":"index","follow":"follow","max-snippet":"max-snippet:-1","max-image-preview":"max-image-preview:large","max-video-preview":"max-video-preview:-1"},"canonical":"https:\/\/rosemvd.com\/index.php\/producto\/disfraz-lenceria-mucama\/","og_locale":"es_ES","og_type":"article","og_title":"Disfraz Lencer\u00eda Mucama - ROSE MVD","og_description":"Es un disfraz sexy y sofisticado, perfecto para ocasiones especiales, fiestas tem\u00e1ticas, celebraciones, sesiones fotogr\u00e1ficas o momentos \u00edntimos.","og_url":"https:\/\/rosemvd.com\/index.php\/producto\/disfraz-lenceria-mucama\/","og_site_name":"ROSE MVD","article_publisher":"https:\/\/www.facebook.com\/TiendaRoseMvd","article_modified_time":"2026-04-21T12:53:32+00:00","og_image":[{"width":800,"height":800,"url":"https:\/\/rosemvd.com\/wp-content\/uploads\/2026\/03\/D_NQ_NP_2X_852667-MLM98044086499_112025-F.webp","type":"image\/webp"}],"twitter_card":"summary_large_image","twitter_misc":{"Tiempo de lectura":"1 minuto"},"schema":{"@context":"https:\/\/schema.org","@graph":[{"@type":"WebPage","@id":"https:\/\/rosemvd.com\/index.php\/producto\/disfraz-lenceria-mucama\/","url":"https:\/\/rosemvd.com\/index.php\/producto\/disfraz-lenceria-mucama\/","name":"Disfraz Lencer\u00eda Mucama - ROSE MVD","isPartOf":{"@id":"https:\/\/rosemvd.com\/#website"},"primaryImageOfPage":{"@id":"https:\/\/rosemvd.com\/index.php\/producto\/disfraz-lenceria-mucama\/#primaryimage"},"image":{"@id":"https:\/\/rosemvd.com\/index.php\/producto\/disfraz-lenceria-mucama\/#primaryimage"},"thumbnailUrl":"https:\/\/rosemvd.com\/wp-content\/uploads\/2026\/03\/D_NQ_NP_2X_852667-MLM98044086499_112025-F.webp","datePublished":"2026-03-13T12:21:54+00:00","dateModified":"2026-04-21T12:53:32+00:00","description":"Es un disfraz sexy y sofisticado, perfecto para ocasiones especiales, fiestas tem\u00e1ticas, celebraciones, sesiones fotogr\u00e1ficas o momentos \u00edntimos.","breadcrumb":{"@id":"https:\/\/rosemvd.com\/index.php\/producto\/disfraz-lenceria-mucama\/#breadcrumb"},"inLanguage":"es","potentialAction":[{"@type":"ReadAction","target":["https:\/\/rosemvd.com\/index.php\/producto\/disfraz-lenceria-mucama\/"]}]},{"@type":"ImageObject","inLanguage":"es","@id":"https:\/\/rosemvd.com\/index.php\/producto\/disfraz-lenceria-mucama\/#primaryimage","url":"https:\/\/rosemvd.com\/wp-content\/uploads\/2026\/03\/D_NQ_NP_2X_852667-MLM98044086499_112025-F.webp","contentUrl":"https:\/\/rosemvd.com\/wp-content\/uploads\/2026\/03\/D_NQ_NP_2X_852667-MLM98044086499_112025-F.webp","width":800,"height":800},{"@type":"BreadcrumbList","@id":"https:\/\/rosemvd.com\/index.php\/producto\/disfraz-lenceria-mucama\/#breadcrumb","itemListElement":[{"@type":"ListItem","position":1,"name":"Portada","item":"https:\/\/rosemvd.com\/"},{"@type":"ListItem","position":2,"name":"Tienda","item":"https:\/\/rosemvd.com\/index.php\/tienda\/"},{"@type":"ListItem","position":3,"name":"Disfraz Lencer\u00eda Mucama"}]},{"@type":"WebSite","@id":"https:\/\/rosemvd.com\/#website","url":"https:\/\/rosemvd.com\/","name":"ROSE MVD","description":"Todo lo que no sab\u00edas que necesitabas, lo \u00faltimo en tendencia, utilidad e innovaci\u00f3n","publisher":{"@id":"https:\/\/rosemvd.com\/#organization"},"potentialAction":[{"@type":"SearchAction","target":{"@type":"EntryPoint","urlTemplate":"https:\/\/rosemvd.com\/?s={search_term_string}"},"query-input":{"@type":"PropertyValueSpecification","valueRequired":true,"valueName":"search_term_string"}}],"inLanguage":"es"},{"@type":"Organization","@id":"https:\/\/rosemvd.com\/#organization","name":"ROSE MVD","alternateName":"ROSE MVD","url":"https:\/\/rosemvd.com\/","logo":{"@type":"ImageObject","inLanguage":"es","@id":"https:\/\/rosemvd.com\/#\/schema\/logo\/image\/","url":"https:\/\/rosemvd.com\/wp-content\/uploads\/2023\/03\/Sin-titulo-2_Mesa-de-trabajo-1.png","contentUrl":"https:\/\/rosemvd.com\/wp-content\/uploads\/2023\/03\/Sin-titulo-2_Mesa-de-trabajo-1.png","width":2084,"height":2084,"caption":"ROSE MVD"},"image":{"@id":"https:\/\/rosemvd.com\/#\/schema\/logo\/image\/"},"sameAs":["https:\/\/www.facebook.com\/TiendaRoseMvd","https:\/\/www.instagram.com\/rose.mvd"]}]}},"_links":{"self":[{"href":"https:\/\/rosemvd.com\/index.php\/wp-json\/wp\/v2\/product\/16699","targetHints":{"allow":["GET"]}}],"collection":[{"href":"https:\/\/rosemvd.com\/index.php\/wp-json\/wp\/v2\/product"}],"about":[{"href":"https:\/\/rosemvd.com\/index.php\/wp-json\/wp\/v2\/types\/product"}],"wp:featuredmedia":[{"embeddable":true,"href":"https:\/\/rosemvd.com\/index.php\/wp-json\/wp\/v2\/media\/16701"}],"wp:attachment":[{"href":"https:\/\/rosemvd.com\/index.php\/wp-json\/wp\/v2\/media?parent=16699"}],"wp:term":[{"taxonomy":"product_brand","embeddable":true,"href":"https:\/\/rosemvd.com\/index.php\/wp-json\/wp\/v2\/product_brand?post=16699"},{"taxonomy":"product_cat","embeddable":true,"href":"https:\/\/rosemvd.com\/index.php\/wp-json\/wp\/v2\/product_cat?post=16699"},{"taxonomy":"product_tag","embeddable":true,"href":"https:\/\/rosemvd.com\/index.php\/wp-json\/wp\/v2\/product_tag?post=16699"}],"curies":[{"name":"wp","href":"https:\/\/api.w.org\/{rel}","templated":true}]}}