{"id":16667,"date":"2026-03-12T22:47:19","date_gmt":"2026-03-13T01:47:19","guid":{"rendered":"https:\/\/rosemvd.com\/?post_type=product&#038;p=16667"},"modified":"2026-04-21T16:33:29","modified_gmt":"2026-04-21T19:33:29","slug":"caja-para-collar-de-terciopelo","status":"publish","type":"product","link":"https:\/\/rosemvd.com\/index.php\/producto\/caja-para-collar-de-terciopelo\/","title":{"rendered":"Caja para Collar de Terciopelo"},"content":{"rendered":"<p data-start=\"0\" data-end=\"57\"><strong data-start=\"0\" data-end=\"57\"><span class=\"BZ_Pyq_fadeIn\">Caja <\/span><span class=\"BZ_Pyq_fadeIn\">para <\/span><span class=\"BZ_Pyq_fadeIn\">Collar <\/span><span class=\"BZ_Pyq_fadeIn\">de <\/span><span class=\"BZ_Pyq_fadeIn\">Terciopelo \u2013 <\/span><span class=\"BZ_Pyq_fadeIn\">Estuche <\/span><span class=\"BZ_Pyq_fadeIn\">para <\/span><span class=\"BZ_Pyq_fadeIn\">Joyer\u00eda<\/span><\/strong><\/p>\n<p data-start=\"59\" data-end=\"352\"><span class=\"BZ_Pyq_fadeIn\">Elegante <\/span><span class=\"BZ_Pyq_fadeIn\">caja <\/span><span class=\"BZ_Pyq_fadeIn\">para <\/span><span class=\"BZ_Pyq_fadeIn\">collar <\/span><span class=\"BZ_Pyq_fadeIn\">dise\u00f1ada <\/span><span class=\"BZ_Pyq_fadeIn\">para <\/span><span class=\"BZ_Pyq_fadeIn\">proteger <\/span><span class=\"BZ_Pyq_fadeIn\">y <\/span><span class=\"BZ_Pyq_fadeIn\">presentar <\/span><span class=\"BZ_Pyq_fadeIn\">joyas <\/span><span class=\"BZ_Pyq_fadeIn\">de <\/span><span class=\"BZ_Pyq_fadeIn\">forma <\/span><span class=\"BZ_Pyq_fadeIn\">delicada <\/span><span class=\"BZ_Pyq_fadeIn\">y <\/span><span class=\"BZ_Pyq_fadeIn\">sofisticada. <\/span><span class=\"BZ_Pyq_fadeIn\">Su <\/span><span class=\"BZ_Pyq_fadeIn\">exterior <\/span><span class=\"BZ_Pyq_fadeIn\">est\u00e1 <\/span><span class=\"BZ_Pyq_fadeIn\">recubierto <\/span><span class=\"BZ_Pyq_fadeIn\">en <\/span><span class=\"BZ_Pyq_fadeIn\">terciopelo <\/span><span class=\"BZ_Pyq_fadeIn\">suave, <\/span><span class=\"BZ_Pyq_fadeIn\">brindando <\/span><span class=\"BZ_Pyq_fadeIn\">una <\/span><span class=\"BZ_Pyq_fadeIn\">apariencia <\/span><span class=\"BZ_Pyq_fadeIn\">elegante, <\/span><span class=\"BZ_Pyq_fadeIn\">mientras <\/span><span class=\"BZ_Pyq_fadeIn\">que <\/span><span class=\"BZ_Pyq_fadeIn\">el <\/span><span class=\"BZ_Pyq_fadeIn\">interior <\/span><span class=\"BZ_Pyq_fadeIn\">en <\/span><span class=\"BZ_Pyq_fadeIn\">terciopelo <\/span><span class=\"BZ_Pyq_fadeIn\">color <\/span><span class=\"BZ_Pyq_fadeIn\">rosa <\/span><span class=\"BZ_Pyq_fadeIn\">crudo <\/span><span class=\"BZ_Pyq_fadeIn\">ayuda <\/span><span class=\"BZ_Pyq_fadeIn\">a <\/span><span class=\"BZ_Pyq_fadeIn\">resguardar <\/span><span class=\"BZ_Pyq_fadeIn\">la <\/span><span class=\"BZ_Pyq_fadeIn\">pieza <\/span><span class=\"BZ_Pyq_fadeIn\">evitando <\/span><span class=\"BZ_Pyq_fadeIn\">rayones <\/span><span class=\"BZ_Pyq_fadeIn\">o <\/span><span class=\"BZ_Pyq_fadeIn\">da\u00f1os.<\/span><\/p>\n<p data-start=\"354\" data-end=\"610\"><span class=\"BZ_Pyq_fadeIn\">Cuenta <\/span><span class=\"BZ_Pyq_fadeIn\">con <\/span><span class=\"BZ_Pyq_fadeIn\">un <\/span><span class=\"BZ_Pyq_fadeIn\">compartimento <\/span><span class=\"BZ_Pyq_fadeIn\">especialmente <\/span><span class=\"BZ_Pyq_fadeIn\">dise\u00f1ado <\/span><span class=\"BZ_Pyq_fadeIn\">para <\/span><span class=\"BZ_Pyq_fadeIn\">colocar <\/span><span class=\"BZ_Pyq_fadeIn\">un <\/span><span class=\"BZ_Pyq_fadeIn\">collar <\/span><span class=\"BZ_Pyq_fadeIn\">de <\/span><span class=\"BZ_Pyq_fadeIn\">forma <\/span><span class=\"BZ_Pyq_fadeIn\">segura, <\/span><span class=\"BZ_Pyq_fadeIn\">manteni\u00e9ndolo <\/span><span class=\"BZ_Pyq_fadeIn\">organizado <\/span><span class=\"BZ_Pyq_fadeIn\">y <\/span><span class=\"BZ_Pyq_fadeIn\">bien <\/span><span class=\"BZ_Pyq_fadeIn\">protegido. <\/span><span class=\"BZ_Pyq_fadeIn\">Su <\/span><span class=\"BZ_Pyq_fadeIn\">tama\u00f1o <\/span><span class=\"BZ_Pyq_fadeIn\">compacto <\/span><span class=\"BZ_Pyq_fadeIn\">la <\/span><span class=\"BZ_Pyq_fadeIn\">hace <\/span><span class=\"BZ_Pyq_fadeIn\">ideal <\/span><span class=\"BZ_Pyq_fadeIn\">tanto <\/span><span class=\"BZ_Pyq_fadeIn\">para <\/span><span class=\"BZ_Pyq_fadeIn\">guardar <\/span><span class=\"BZ_Pyq_fadeIn\">joyas <\/span><span class=\"BZ_Pyq_fadeIn\">como <\/span><span class=\"BZ_Pyq_fadeIn\">para <\/span><span class=\"BZ_Pyq_fadeIn\">presentar <\/span><span class=\"BZ_Pyq_fadeIn\">collares <\/span><span class=\"BZ_Pyq_fadeIn\">en <\/span><span class=\"BZ_Pyq_fadeIn\">regalos, <\/span><span class=\"BZ_Pyq_fadeIn\">tiendas <\/span><span class=\"BZ_Pyq_fadeIn\">o <\/span><span class=\"BZ_Pyq_fadeIn\">exhibiciones.<\/span><\/p>\n<p data-start=\"612\" data-end=\"721\"><span class=\"BZ_Pyq_fadeIn\">Este <\/span><span class=\"BZ_Pyq_fadeIn\">estuche <\/span><span class=\"BZ_Pyq_fadeIn\">es <\/span><span class=\"BZ_Pyq_fadeIn\">perfecto <\/span><span class=\"BZ_Pyq_fadeIn\">para <\/span><span class=\"BZ_Pyq_fadeIn\">resaltar <\/span><span class=\"BZ_Pyq_fadeIn\">piezas <\/span><span class=\"BZ_Pyq_fadeIn\">de <\/span><span class=\"BZ_Pyq_fadeIn\">joyer\u00eda <\/span><span class=\"BZ_Pyq_fadeIn\">y <\/span><span class=\"BZ_Pyq_fadeIn\">mantenerlas <\/span><span class=\"BZ_Pyq_fadeIn\">en <\/span><span class=\"BZ_Pyq_fadeIn\">buen <\/span><span class=\"BZ_Pyq_fadeIn\">estado <\/span><span class=\"BZ_Pyq_fadeIn\">cuando <\/span><span class=\"BZ_Pyq_fadeIn\">no <\/span><span class=\"BZ_Pyq_fadeIn\">est\u00e1n <\/span><span class=\"BZ_Pyq_fadeIn\">en <\/span><span class=\"BZ_Pyq_fadeIn\">uso.<\/span><\/p>\n<p data-start=\"723\" data-end=\"755\"><strong data-start=\"723\" data-end=\"755\"><span class=\"BZ_Pyq_fadeIn\">Caracter\u00edsticas <\/span><span class=\"BZ_Pyq_fadeIn\">principales:<\/span><\/strong><\/p>\n<ul data-start=\"756\" data-end=\"948\">\n<li data-section-id=\"1o8r7ta\" data-start=\"756\" data-end=\"796\">\n<p data-start=\"758\" data-end=\"796\"><span class=\"BZ_Pyq_fadeIn\">Caja <\/span><span class=\"BZ_Pyq_fadeIn\">para <\/span><span class=\"BZ_Pyq_fadeIn\">collar <\/span><span class=\"BZ_Pyq_fadeIn\">con <\/span><span class=\"BZ_Pyq_fadeIn\">dise\u00f1o <\/span><span class=\"BZ_Pyq_fadeIn\">elegante<\/span><\/p>\n<\/li>\n<li data-section-id=\"b8qycy\" data-start=\"797\" data-end=\"840\">\n<p data-start=\"799\" data-end=\"840\"><span class=\"BZ_Pyq_fadeIn\">Exterior <\/span><span class=\"BZ_Pyq_fadeIn\">e <\/span><span class=\"BZ_Pyq_fadeIn\">interior <\/span><span class=\"BZ_Pyq_fadeIn\">de <\/span><span class=\"BZ_Pyq_fadeIn\">terciopelo <\/span><span class=\"BZ_Pyq_fadeIn\">suave<\/span><\/p>\n<\/li>\n<li data-section-id=\"3v5vl1\" data-start=\"841\" data-end=\"870\">\n<p data-start=\"843\" data-end=\"870\"><span class=\"BZ_Pyq_fadeIn\">Interior <\/span><span class=\"BZ_Pyq_fadeIn\">color <\/span><span class=\"BZ_Pyq_fadeIn\">rosa <\/span><span class=\"BZ_Pyq_fadeIn\">crudo<\/span><\/p>\n<\/li>\n<li data-section-id=\"wutnvq\" data-start=\"871\" data-end=\"902\">\n<p data-start=\"873\" data-end=\"902\"><span class=\"BZ_Pyq_fadeIn\">Compartimento <\/span><span class=\"BZ_Pyq_fadeIn\">para <\/span><span class=\"BZ_Pyq_fadeIn\">1 <\/span><span class=\"BZ_Pyq_fadeIn\">collar<\/span><\/p>\n<\/li>\n<li data-section-id=\"jmu7eo\" data-start=\"903\" data-end=\"948\">\n<p data-start=\"905\" data-end=\"948\"><span class=\"BZ_Pyq_fadeIn\">Ideal <\/span><span class=\"BZ_Pyq_fadeIn\">para <\/span><span class=\"BZ_Pyq_fadeIn\">regalo <\/span><span class=\"BZ_Pyq_fadeIn\">o <\/span><span class=\"BZ_Pyq_fadeIn\">presentaci\u00f3n <\/span><span class=\"BZ_Pyq_fadeIn\">de <\/span><span class=\"BZ_Pyq_fadeIn\">joyas<\/span><\/p>\n<\/li>\n<\/ul>\n<p data-start=\"950\" data-end=\"971\"><strong data-start=\"950\" data-end=\"971\"><span class=\"BZ_Pyq_fadeIn\">Especificaciones:<\/span><\/strong><\/p>\n<ul data-start=\"972\" data-end=\"1170\" data-is-last-node=\"\" data-is-only-node=\"\">\n<li data-section-id=\"s327cz\" data-start=\"1012\" data-end=\"1045\">\n<p data-start=\"1014\" data-end=\"1045\"><span class=\"BZ_Pyq_fadeIn\">Material<\/span><span class=\"BZ_Pyq_fadeIn\">: <\/span><span class=\"BZ_Pyq_fadeIn\">Terciopelo<\/span><\/p>\n<\/li>\n<li data-section-id=\"nmr3pb\" data-start=\"1080\" data-end=\"1110\">\n<p data-start=\"1082\" data-end=\"1110\"><span class=\"BZ_Pyq_fadeIn\">Color<\/span><span class=\"BZ_Pyq_fadeIn\">: <\/span><span class=\"BZ_Pyq_fadeIn\">Rosa <\/span><span class=\"BZ_Pyq_fadeIn\">crudo<\/span><\/p>\n<\/li>\n<li data-section-id=\"1da99c4\" data-start=\"1111\" data-end=\"1134\">\n<p data-start=\"1113\" data-end=\"1134\"><span class=\"BZ_Pyq_fadeIn\">Capacidad: <\/span><span class=\"BZ_Pyq_fadeIn\">1 <\/span><span class=\"BZ_Pyq_fadeIn\">collar<\/span><\/p>\n<\/li>\n<li data-section-id=\"8p3dyw\" data-start=\"1135\" data-end=\"1170\" data-is-last-node=\"\">\n<p data-start=\"1137\" data-end=\"1170\" data-is-last-node=\"\"><span class=\"BZ_Pyq_fadeIn\">Dimensiones: <\/span><span class=\"BZ_Pyq_fadeIn\">4 <\/span><span class=\"BZ_Pyq_fadeIn\">cm \u00d7 <\/span><span class=\"BZ_Pyq_fadeIn\">7 <\/span><span class=\"BZ_Pyq_fadeIn\">cm \u00d7 <\/span><span class=\"BZ_Pyq_fadeIn\">8,5 <\/span><span class=\"BZ_Pyq_fadeIn\">cm<\/span><\/p>\n<\/li>\n<\/ul>\n","protected":false},"excerpt":{"rendered":"<p>Caja para Collar de Terciopelo \u2013 Estuche para Joyer\u00eda Elegante caja para collar dise\u00f1ada para proteger y presentar joyas de forma delicada y sofisticada. Su exterior est\u00e1 recubierto en terciopelo suave, brindando una apariencia elegante, mientras que el interior en terciopelo color rosa crudo ayuda a resguardar la pieza evitando rayones o da\u00f1os. Cuenta con [&hellip;]<\/p>\n","protected":false},"featured_media":16671,"template":"","meta":{"site-sidebar-layout":"default","site-content-layout":"","ast-site-content-layout":"default","site-content-style":"default","site-sidebar-style":"default","ast-global-header-display":"","ast-banner-title-visibility":"","ast-main-header-display":"","ast-hfb-above-header-display":"","ast-hfb-below-header-display":"","ast-hfb-mobile-header-display":"","site-post-title":"","ast-breadcrumbs-content":"","ast-featured-img":"","footer-sml-layout":"","ast-disable-related-posts":"","theme-transparent-header-meta":"default","adv-header-id-meta":"","stick-header-meta":"","header-above-stick-meta":"","header-main-stick-meta":"","header-below-stick-meta":"","astra-migrate-meta-layouts":"set","ast-page-background-enabled":"default","ast-page-background-meta":{"desktop":{"background-color":"var(--ast-global-color-4)","background-image":"","background-repeat":"repeat","background-position":"center center","background-size":"auto","background-attachment":"scroll","background-type":"","background-media":"","overlay-type":"","overlay-color":"","overlay-opacity":"","overlay-gradient":""},"tablet":{"background-color":"","background-image":"","background-repeat":"repeat","background-position":"center center","background-size":"auto","background-attachment":"scroll","background-type":"","background-media":"","overlay-type":"","overlay-color":"","overlay-opacity":"","overlay-gradient":""},"mobile":{"background-color":"","background-image":"","background-repeat":"repeat","background-position":"center center","background-size":"auto","background-attachment":"scroll","background-type":"","background-media":"","overlay-type":"","overlay-color":"","overlay-opacity":"","overlay-gradient":""}},"ast-content-background-meta":{"desktop":{"background-color":"var(--ast-global-color-5)","background-image":"","background-repeat":"repeat","background-position":"center center","background-size":"auto","background-attachment":"scroll","background-type":"","background-media":"","overlay-type":"","overlay-color":"","overlay-opacity":"","overlay-gradient":""},"tablet":{"background-color":"var(--ast-global-color-5)","background-image":"","background-repeat":"repeat","background-position":"center center","background-size":"auto","background-attachment":"scroll","background-type":"","background-media":"","overlay-type":"","overlay-color":"","overlay-opacity":"","overlay-gradient":""},"mobile":{"background-color":"var(--ast-global-color-5)","background-image":"","background-repeat":"repeat","background-position":"center center","background-size":"auto","background-attachment":"scroll","background-type":"","background-media":"","overlay-type":"","overlay-color":"","overlay-opacity":"","overlay-gradient":""}}},"product_brand":[],"product_cat":[465,445],"product_tag":[],"class_list":{"0":"post-16667","1":"product","2":"type-product","3":"status-publish","4":"has-post-thumbnail","6":"product_cat-cajas-y-estuches","7":"product_cat-joyeria","8":"desktop-align-left","9":"tablet-align-left","10":"mobile-align-left","12":"first","13":"instock","14":"shipping-taxable","15":"purchasable","16":"product-type-simple"},"yoast_head":"<!-- This site is optimized with the Yoast SEO plugin v27.3 - https:\/\/yoast.com\/product\/yoast-seo-wordpress\/ -->\n<title>Caja para Collar de Terciopelo - ROSE MVD<\/title>\n<meta name=\"description\" content=\"Elegante caja para collar dise\u00f1ada para proteger y presentar joyas de forma delicada y sofisticada. Su exterior est\u00e1 recubierto en terciopelo suave\" \/>\n<meta name=\"robots\" content=\"index, follow, max-snippet:-1, max-image-preview:large, max-video-preview:-1\" \/>\n<link rel=\"canonical\" href=\"https:\/\/rosemvd.com\/index.php\/producto\/caja-para-collar-de-terciopelo\/\" \/>\n<meta property=\"og:locale\" content=\"es_ES\" \/>\n<meta property=\"og:type\" content=\"article\" \/>\n<meta property=\"og:title\" content=\"Caja para Collar de Terciopelo - ROSE MVD\" \/>\n<meta property=\"og:description\" content=\"Elegante caja para collar dise\u00f1ada para proteger y presentar joyas de forma delicada y sofisticada. Su exterior est\u00e1 recubierto en terciopelo suave\" \/>\n<meta property=\"og:url\" content=\"https:\/\/rosemvd.com\/index.php\/producto\/caja-para-collar-de-terciopelo\/\" \/>\n<meta property=\"og:site_name\" content=\"ROSE MVD\" \/>\n<meta property=\"article:publisher\" content=\"https:\/\/www.facebook.com\/TiendaRoseMvd\" \/>\n<meta property=\"article:modified_time\" content=\"2026-04-21T19:33:29+00:00\" \/>\n<meta property=\"og:image\" content=\"https:\/\/rosemvd.com\/wp-content\/uploads\/2026\/03\/711C7GOQ-jL._AC_SL1500_a9d695c4-8548-49d6-b787-8aaf2738f6a0.webp\" \/>\n\t<meta property=\"og:image:width\" content=\"832\" \/>\n\t<meta property=\"og:image:height\" content=\"832\" \/>\n\t<meta property=\"og:image:type\" content=\"image\/webp\" \/>\n<meta name=\"twitter:card\" content=\"summary_large_image\" \/>\n<meta name=\"twitter:label1\" content=\"Tiempo de lectura\" \/>\n\t<meta name=\"twitter:data1\" content=\"1 minuto\" \/>\n<script type=\"application\/ld+json\" class=\"yoast-schema-graph\">{\"@context\":\"https:\\\/\\\/schema.org\",\"@graph\":[{\"@type\":\"WebPage\",\"@id\":\"https:\\\/\\\/rosemvd.com\\\/index.php\\\/producto\\\/caja-para-collar-de-terciopelo\\\/\",\"url\":\"https:\\\/\\\/rosemvd.com\\\/index.php\\\/producto\\\/caja-para-collar-de-terciopelo\\\/\",\"name\":\"Caja para Collar de Terciopelo - ROSE MVD\",\"isPartOf\":{\"@id\":\"https:\\\/\\\/rosemvd.com\\\/#website\"},\"primaryImageOfPage\":{\"@id\":\"https:\\\/\\\/rosemvd.com\\\/index.php\\\/producto\\\/caja-para-collar-de-terciopelo\\\/#primaryimage\"},\"image\":{\"@id\":\"https:\\\/\\\/rosemvd.com\\\/index.php\\\/producto\\\/caja-para-collar-de-terciopelo\\\/#primaryimage\"},\"thumbnailUrl\":\"https:\\\/\\\/rosemvd.com\\\/wp-content\\\/uploads\\\/2026\\\/03\\\/711C7GOQ-jL._AC_SL1500_a9d695c4-8548-49d6-b787-8aaf2738f6a0.webp\",\"datePublished\":\"2026-03-13T01:47:19+00:00\",\"dateModified\":\"2026-04-21T19:33:29+00:00\",\"description\":\"Elegante caja para collar dise\u00f1ada para proteger y presentar joyas de forma delicada y sofisticada. Su exterior est\u00e1 recubierto en terciopelo suave\",\"breadcrumb\":{\"@id\":\"https:\\\/\\\/rosemvd.com\\\/index.php\\\/producto\\\/caja-para-collar-de-terciopelo\\\/#breadcrumb\"},\"inLanguage\":\"es\",\"potentialAction\":[{\"@type\":\"ReadAction\",\"target\":[\"https:\\\/\\\/rosemvd.com\\\/index.php\\\/producto\\\/caja-para-collar-de-terciopelo\\\/\"]}]},{\"@type\":\"ImageObject\",\"inLanguage\":\"es\",\"@id\":\"https:\\\/\\\/rosemvd.com\\\/index.php\\\/producto\\\/caja-para-collar-de-terciopelo\\\/#primaryimage\",\"url\":\"https:\\\/\\\/rosemvd.com\\\/wp-content\\\/uploads\\\/2026\\\/03\\\/711C7GOQ-jL._AC_SL1500_a9d695c4-8548-49d6-b787-8aaf2738f6a0.webp\",\"contentUrl\":\"https:\\\/\\\/rosemvd.com\\\/wp-content\\\/uploads\\\/2026\\\/03\\\/711C7GOQ-jL._AC_SL1500_a9d695c4-8548-49d6-b787-8aaf2738f6a0.webp\",\"width\":832,\"height\":832},{\"@type\":\"BreadcrumbList\",\"@id\":\"https:\\\/\\\/rosemvd.com\\\/index.php\\\/producto\\\/caja-para-collar-de-terciopelo\\\/#breadcrumb\",\"itemListElement\":[{\"@type\":\"ListItem\",\"position\":1,\"name\":\"Portada\",\"item\":\"https:\\\/\\\/rosemvd.com\\\/\"},{\"@type\":\"ListItem\",\"position\":2,\"name\":\"Tienda\",\"item\":\"https:\\\/\\\/rosemvd.com\\\/index.php\\\/tienda\\\/\"},{\"@type\":\"ListItem\",\"position\":3,\"name\":\"Caja para Collar de Terciopelo\"}]},{\"@type\":\"WebSite\",\"@id\":\"https:\\\/\\\/rosemvd.com\\\/#website\",\"url\":\"https:\\\/\\\/rosemvd.com\\\/\",\"name\":\"ROSE MVD\",\"description\":\"Todo lo que no sab\u00edas que necesitabas, lo \u00faltimo en tendencia, utilidad e innovaci\u00f3n\",\"publisher\":{\"@id\":\"https:\\\/\\\/rosemvd.com\\\/#organization\"},\"potentialAction\":[{\"@type\":\"SearchAction\",\"target\":{\"@type\":\"EntryPoint\",\"urlTemplate\":\"https:\\\/\\\/rosemvd.com\\\/?s={search_term_string}\"},\"query-input\":{\"@type\":\"PropertyValueSpecification\",\"valueRequired\":true,\"valueName\":\"search_term_string\"}}],\"inLanguage\":\"es\"},{\"@type\":\"Organization\",\"@id\":\"https:\\\/\\\/rosemvd.com\\\/#organization\",\"name\":\"ROSE MVD\",\"alternateName\":\"ROSE MVD\",\"url\":\"https:\\\/\\\/rosemvd.com\\\/\",\"logo\":{\"@type\":\"ImageObject\",\"inLanguage\":\"es\",\"@id\":\"https:\\\/\\\/rosemvd.com\\\/#\\\/schema\\\/logo\\\/image\\\/\",\"url\":\"https:\\\/\\\/rosemvd.com\\\/wp-content\\\/uploads\\\/2023\\\/03\\\/Sin-titulo-2_Mesa-de-trabajo-1.png\",\"contentUrl\":\"https:\\\/\\\/rosemvd.com\\\/wp-content\\\/uploads\\\/2023\\\/03\\\/Sin-titulo-2_Mesa-de-trabajo-1.png\",\"width\":2084,\"height\":2084,\"caption\":\"ROSE MVD\"},\"image\":{\"@id\":\"https:\\\/\\\/rosemvd.com\\\/#\\\/schema\\\/logo\\\/image\\\/\"},\"sameAs\":[\"https:\\\/\\\/www.facebook.com\\\/TiendaRoseMvd\",\"https:\\\/\\\/www.instagram.com\\\/rose.mvd\"]}]}<\/script>\n<!-- \/ Yoast SEO plugin. -->","yoast_head_json":{"title":"Caja para Collar de Terciopelo - ROSE MVD","description":"Elegante caja para collar dise\u00f1ada para proteger y presentar joyas de forma delicada y sofisticada. Su exterior est\u00e1 recubierto en terciopelo suave","robots":{"index":"index","follow":"follow","max-snippet":"max-snippet:-1","max-image-preview":"max-image-preview:large","max-video-preview":"max-video-preview:-1"},"canonical":"https:\/\/rosemvd.com\/index.php\/producto\/caja-para-collar-de-terciopelo\/","og_locale":"es_ES","og_type":"article","og_title":"Caja para Collar de Terciopelo - ROSE MVD","og_description":"Elegante caja para collar dise\u00f1ada para proteger y presentar joyas de forma delicada y sofisticada. Su exterior est\u00e1 recubierto en terciopelo suave","og_url":"https:\/\/rosemvd.com\/index.php\/producto\/caja-para-collar-de-terciopelo\/","og_site_name":"ROSE MVD","article_publisher":"https:\/\/www.facebook.com\/TiendaRoseMvd","article_modified_time":"2026-04-21T19:33:29+00:00","og_image":[{"width":832,"height":832,"url":"https:\/\/rosemvd.com\/wp-content\/uploads\/2026\/03\/711C7GOQ-jL._AC_SL1500_a9d695c4-8548-49d6-b787-8aaf2738f6a0.webp","type":"image\/webp"}],"twitter_card":"summary_large_image","twitter_misc":{"Tiempo de lectura":"1 minuto"},"schema":{"@context":"https:\/\/schema.org","@graph":[{"@type":"WebPage","@id":"https:\/\/rosemvd.com\/index.php\/producto\/caja-para-collar-de-terciopelo\/","url":"https:\/\/rosemvd.com\/index.php\/producto\/caja-para-collar-de-terciopelo\/","name":"Caja para Collar de Terciopelo - ROSE MVD","isPartOf":{"@id":"https:\/\/rosemvd.com\/#website"},"primaryImageOfPage":{"@id":"https:\/\/rosemvd.com\/index.php\/producto\/caja-para-collar-de-terciopelo\/#primaryimage"},"image":{"@id":"https:\/\/rosemvd.com\/index.php\/producto\/caja-para-collar-de-terciopelo\/#primaryimage"},"thumbnailUrl":"https:\/\/rosemvd.com\/wp-content\/uploads\/2026\/03\/711C7GOQ-jL._AC_SL1500_a9d695c4-8548-49d6-b787-8aaf2738f6a0.webp","datePublished":"2026-03-13T01:47:19+00:00","dateModified":"2026-04-21T19:33:29+00:00","description":"Elegante caja para collar dise\u00f1ada para proteger y presentar joyas de forma delicada y sofisticada. Su exterior est\u00e1 recubierto en terciopelo suave","breadcrumb":{"@id":"https:\/\/rosemvd.com\/index.php\/producto\/caja-para-collar-de-terciopelo\/#breadcrumb"},"inLanguage":"es","potentialAction":[{"@type":"ReadAction","target":["https:\/\/rosemvd.com\/index.php\/producto\/caja-para-collar-de-terciopelo\/"]}]},{"@type":"ImageObject","inLanguage":"es","@id":"https:\/\/rosemvd.com\/index.php\/producto\/caja-para-collar-de-terciopelo\/#primaryimage","url":"https:\/\/rosemvd.com\/wp-content\/uploads\/2026\/03\/711C7GOQ-jL._AC_SL1500_a9d695c4-8548-49d6-b787-8aaf2738f6a0.webp","contentUrl":"https:\/\/rosemvd.com\/wp-content\/uploads\/2026\/03\/711C7GOQ-jL._AC_SL1500_a9d695c4-8548-49d6-b787-8aaf2738f6a0.webp","width":832,"height":832},{"@type":"BreadcrumbList","@id":"https:\/\/rosemvd.com\/index.php\/producto\/caja-para-collar-de-terciopelo\/#breadcrumb","itemListElement":[{"@type":"ListItem","position":1,"name":"Portada","item":"https:\/\/rosemvd.com\/"},{"@type":"ListItem","position":2,"name":"Tienda","item":"https:\/\/rosemvd.com\/index.php\/tienda\/"},{"@type":"ListItem","position":3,"name":"Caja para Collar de Terciopelo"}]},{"@type":"WebSite","@id":"https:\/\/rosemvd.com\/#website","url":"https:\/\/rosemvd.com\/","name":"ROSE MVD","description":"Todo lo que no sab\u00edas que necesitabas, lo \u00faltimo en tendencia, utilidad e innovaci\u00f3n","publisher":{"@id":"https:\/\/rosemvd.com\/#organization"},"potentialAction":[{"@type":"SearchAction","target":{"@type":"EntryPoint","urlTemplate":"https:\/\/rosemvd.com\/?s={search_term_string}"},"query-input":{"@type":"PropertyValueSpecification","valueRequired":true,"valueName":"search_term_string"}}],"inLanguage":"es"},{"@type":"Organization","@id":"https:\/\/rosemvd.com\/#organization","name":"ROSE MVD","alternateName":"ROSE MVD","url":"https:\/\/rosemvd.com\/","logo":{"@type":"ImageObject","inLanguage":"es","@id":"https:\/\/rosemvd.com\/#\/schema\/logo\/image\/","url":"https:\/\/rosemvd.com\/wp-content\/uploads\/2023\/03\/Sin-titulo-2_Mesa-de-trabajo-1.png","contentUrl":"https:\/\/rosemvd.com\/wp-content\/uploads\/2023\/03\/Sin-titulo-2_Mesa-de-trabajo-1.png","width":2084,"height":2084,"caption":"ROSE MVD"},"image":{"@id":"https:\/\/rosemvd.com\/#\/schema\/logo\/image\/"},"sameAs":["https:\/\/www.facebook.com\/TiendaRoseMvd","https:\/\/www.instagram.com\/rose.mvd"]}]}},"_links":{"self":[{"href":"https:\/\/rosemvd.com\/index.php\/wp-json\/wp\/v2\/product\/16667","targetHints":{"allow":["GET"]}}],"collection":[{"href":"https:\/\/rosemvd.com\/index.php\/wp-json\/wp\/v2\/product"}],"about":[{"href":"https:\/\/rosemvd.com\/index.php\/wp-json\/wp\/v2\/types\/product"}],"wp:featuredmedia":[{"embeddable":true,"href":"https:\/\/rosemvd.com\/index.php\/wp-json\/wp\/v2\/media\/16671"}],"wp:attachment":[{"href":"https:\/\/rosemvd.com\/index.php\/wp-json\/wp\/v2\/media?parent=16667"}],"wp:term":[{"taxonomy":"product_brand","embeddable":true,"href":"https:\/\/rosemvd.com\/index.php\/wp-json\/wp\/v2\/product_brand?post=16667"},{"taxonomy":"product_cat","embeddable":true,"href":"https:\/\/rosemvd.com\/index.php\/wp-json\/wp\/v2\/product_cat?post=16667"},{"taxonomy":"product_tag","embeddable":true,"href":"https:\/\/rosemvd.com\/index.php\/wp-json\/wp\/v2\/product_tag?post=16667"}],"curies":[{"name":"wp","href":"https:\/\/api.w.org\/{rel}","templated":true}]}}