{"id":16647,"date":"2026-03-12T22:36:35","date_gmt":"2026-03-13T01:36:35","guid":{"rendered":"https:\/\/rosemvd.com\/?post_type=product&#038;p=16647"},"modified":"2026-04-21T16:31:14","modified_gmt":"2026-04-21T19:31:14","slug":"depiladora-exfoliacion-indolora","status":"publish","type":"product","link":"https:\/\/rosemvd.com\/index.php\/producto\/depiladora-exfoliacion-indolora\/","title":{"rendered":"Depiladora &#8211; Exfoliaci\u00f3n Indolora"},"content":{"rendered":"<p data-start=\"0\" data-end=\"55\"><strong data-start=\"0\" data-end=\"55\"><span class=\"BZ_Pyq_fadeIn\">Depiladora <\/span><span class=\"BZ_Pyq_fadeIn\">de <\/span><span class=\"BZ_Pyq_fadeIn\">Cristal <\/span><span class=\"BZ_Pyq_fadeIn\">Manual <\/span><span class=\"BZ_Pyq_fadeIn\">Reutilizable <\/span><span class=\"BZ_Pyq_fadeIn\">y <\/span><span class=\"BZ_Pyq_fadeIn\">Lavable<\/span><\/strong><\/p>\n<p data-start=\"57\" data-end=\"432\"><span class=\"BZ_Pyq_fadeIn\">La <\/span><span class=\"BZ_Pyq_fadeIn\">depiladora <\/span><span class=\"BZ_Pyq_fadeIn\">de <\/span><span class=\"BZ_Pyq_fadeIn\">cristal <\/span><span class=\"BZ_Pyq_fadeIn\">es <\/span><span class=\"BZ_Pyq_fadeIn\">una <\/span><span class=\"BZ_Pyq_fadeIn\">herramienta <\/span><span class=\"BZ_Pyq_fadeIn\">pr\u00e1ctica <\/span><span class=\"BZ_Pyq_fadeIn\">para <\/span><span class=\"BZ_Pyq_fadeIn\">el <\/span><span class=\"BZ_Pyq_fadeIn\">cuidado <\/span><span class=\"BZ_Pyq_fadeIn\">personal <\/span><span class=\"BZ_Pyq_fadeIn\">en <\/span><span class=\"BZ_Pyq_fadeIn\">casa, <\/span><span class=\"BZ_Pyq_fadeIn\">dise\u00f1ada <\/span><span class=\"BZ_Pyq_fadeIn\">para <\/span><span class=\"BZ_Pyq_fadeIn\">ayudar <\/span><span class=\"BZ_Pyq_fadeIn\">a <\/span><span class=\"BZ_Pyq_fadeIn\">remover <\/span><span class=\"BZ_Pyq_fadeIn\">el <\/span><span class=\"BZ_Pyq_fadeIn\">vello <\/span><span class=\"BZ_Pyq_fadeIn\">corporal <\/span><span class=\"BZ_Pyq_fadeIn\">mediante <\/span><span class=\"BZ_Pyq_fadeIn\">suaves <\/span><span class=\"BZ_Pyq_fadeIn\">movimientos <\/span><span class=\"BZ_Pyq_fadeIn\">circulares <\/span><span class=\"BZ_Pyq_fadeIn\">sobre <\/span><span class=\"BZ_Pyq_fadeIn\">la <\/span><span class=\"BZ_Pyq_fadeIn\">piel. <\/span><span class=\"BZ_Pyq_fadeIn\">Su <\/span><span class=\"BZ_Pyq_fadeIn\">superficie <\/span><span class=\"BZ_Pyq_fadeIn\">de <\/span><span class=\"BZ_Pyq_fadeIn\">microcristal <\/span><span class=\"BZ_Pyq_fadeIn\">act\u00faa <\/span><span class=\"BZ_Pyq_fadeIn\">por <\/span><span class=\"BZ_Pyq_fadeIn\">fricci\u00f3n, <\/span><span class=\"BZ_Pyq_fadeIn\">contribuyendo <\/span><span class=\"BZ_Pyq_fadeIn\">a <\/span><span class=\"BZ_Pyq_fadeIn\">retirar <\/span><span class=\"BZ_Pyq_fadeIn\">el <\/span><span class=\"BZ_Pyq_fadeIn\">vello <\/span><span class=\"BZ_Pyq_fadeIn\">y <\/span><span class=\"BZ_Pyq_fadeIn\">las <\/span><span class=\"BZ_Pyq_fadeIn\">c\u00e9lulas <\/span><span class=\"BZ_Pyq_fadeIn\">superficiales <\/span><span class=\"BZ_Pyq_fadeIn\">de <\/span><span class=\"BZ_Pyq_fadeIn\">la <\/span><span class=\"BZ_Pyq_fadeIn\">piel <\/span><span class=\"BZ_Pyq_fadeIn\">sin <\/span><span class=\"BZ_Pyq_fadeIn\">necesidad <\/span><span class=\"BZ_Pyq_fadeIn\">de <\/span><span class=\"BZ_Pyq_fadeIn\">cuchillas, <\/span><span class=\"BZ_Pyq_fadeIn\">electricidad <\/span><span class=\"BZ_Pyq_fadeIn\">ni <\/span><span class=\"BZ_Pyq_fadeIn\">productos <\/span><span class=\"BZ_Pyq_fadeIn\">qu\u00edmicos.<\/span><\/p>\n<p data-start=\"434\" data-end=\"657\"><span class=\"BZ_Pyq_fadeIn\">Su <\/span><span class=\"BZ_Pyq_fadeIn\">uso <\/span><span class=\"BZ_Pyq_fadeIn\">es <\/span><span class=\"BZ_Pyq_fadeIn\">sencillo <\/span><span class=\"BZ_Pyq_fadeIn\">y <\/span><span class=\"BZ_Pyq_fadeIn\">c\u00f3modo: <\/span><span class=\"BZ_Pyq_fadeIn\">solo <\/span><span class=\"BZ_Pyq_fadeIn\">se <\/span><span class=\"BZ_Pyq_fadeIn\">debe <\/span><span class=\"BZ_Pyq_fadeIn\">deslizar <\/span><span class=\"BZ_Pyq_fadeIn\">suavemente <\/span><span class=\"BZ_Pyq_fadeIn\">sobre <\/span><span class=\"BZ_Pyq_fadeIn\">la <\/span><span class=\"BZ_Pyq_fadeIn\">piel <\/span><span class=\"BZ_Pyq_fadeIn\">realizando <\/span><span class=\"BZ_Pyq_fadeIn\">movimientos <\/span><span class=\"BZ_Pyq_fadeIn\">circulares. <\/span><span class=\"BZ_Pyq_fadeIn\">Este <\/span><span class=\"BZ_Pyq_fadeIn\">m\u00e9todo <\/span><span class=\"BZ_Pyq_fadeIn\">permite <\/span><span class=\"BZ_Pyq_fadeIn\">mantener <\/span><span class=\"BZ_Pyq_fadeIn\">la <\/span><span class=\"BZ_Pyq_fadeIn\">piel <\/span><span class=\"BZ_Pyq_fadeIn\">con <\/span><span class=\"BZ_Pyq_fadeIn\">una <\/span><span class=\"BZ_Pyq_fadeIn\">sensaci\u00f3n <\/span><span class=\"BZ_Pyq_fadeIn\">m\u00e1s <\/span><span class=\"BZ_Pyq_fadeIn\">suave <\/span><span class=\"BZ_Pyq_fadeIn\">mientras <\/span><span class=\"BZ_Pyq_fadeIn\">se <\/span><span class=\"BZ_Pyq_fadeIn\">elimina <\/span><span class=\"BZ_Pyq_fadeIn\">el <\/span><span class=\"BZ_Pyq_fadeIn\">vello <\/span><span class=\"BZ_Pyq_fadeIn\">de <\/span><span class=\"BZ_Pyq_fadeIn\">manera <\/span><span class=\"BZ_Pyq_fadeIn\">gradual.<\/span><\/p>\n<p data-start=\"659\" data-end=\"933\"><span class=\"BZ_Pyq_fadeIn\">Fabricada <\/span><span class=\"BZ_Pyq_fadeIn\">con <\/span><span class=\"BZ_Pyq_fadeIn\">materiales <\/span><span class=\"BZ_Pyq_fadeIn\">duraderos, <\/span><span class=\"BZ_Pyq_fadeIn\">es <\/span><span class=\"BZ_Pyq_fadeIn\">reutilizable <\/span><span class=\"BZ_Pyq_fadeIn\">y <\/span><span class=\"BZ_Pyq_fadeIn\">f\u00e1cil <\/span><span class=\"BZ_Pyq_fadeIn\">de <\/span><span class=\"BZ_Pyq_fadeIn\">limpiar. <\/span><span class=\"BZ_Pyq_fadeIn\">Despu\u00e9s <\/span><span class=\"BZ_Pyq_fadeIn\">de <\/span><span class=\"BZ_Pyq_fadeIn\">usarla, <\/span><span class=\"BZ_Pyq_fadeIn\">puede <\/span><span class=\"BZ_Pyq_fadeIn\">lavarse <\/span><span class=\"BZ_Pyq_fadeIn\">r\u00e1pidamente <\/span><span class=\"BZ_Pyq_fadeIn\">con <\/span><span class=\"BZ_Pyq_fadeIn\">agua <\/span><span class=\"BZ_Pyq_fadeIn\">corriente <\/span><span class=\"BZ_Pyq_fadeIn\">para <\/span><span class=\"BZ_Pyq_fadeIn\">mantenerla <\/span><span class=\"BZ_Pyq_fadeIn\">lista <\/span><span class=\"BZ_Pyq_fadeIn\">para <\/span><span class=\"BZ_Pyq_fadeIn\">el <\/span><span class=\"BZ_Pyq_fadeIn\">pr\u00f3ximo <\/span><span class=\"BZ_Pyq_fadeIn\">uso. <\/span><span class=\"BZ_Pyq_fadeIn\">Su <\/span><span class=\"BZ_Pyq_fadeIn\">tama\u00f1o <\/span><span class=\"BZ_Pyq_fadeIn\">compacto <\/span><span class=\"BZ_Pyq_fadeIn\">tambi\u00e9n <\/span><span class=\"BZ_Pyq_fadeIn\">la <\/span><span class=\"BZ_Pyq_fadeIn\">hace <\/span><span class=\"BZ_Pyq_fadeIn\">ideal <\/span><span class=\"BZ_Pyq_fadeIn\">para <\/span><span class=\"BZ_Pyq_fadeIn\">llevar <\/span><span class=\"BZ_Pyq_fadeIn\">en <\/span><span class=\"BZ_Pyq_fadeIn\">viajes <\/span><span class=\"BZ_Pyq_fadeIn\">o <\/span><span class=\"BZ_Pyq_fadeIn\">guardar <\/span><span class=\"BZ_Pyq_fadeIn\">f\u00e1cilmente <\/span><span class=\"BZ_Pyq_fadeIn\">en <\/span><span class=\"BZ_Pyq_fadeIn\">el <\/span><span class=\"BZ_Pyq_fadeIn\">ba\u00f1o.<\/span><\/p>\n<p data-start=\"935\" data-end=\"967\"><strong data-start=\"935\" data-end=\"967\"><span class=\"BZ_Pyq_fadeIn\">Caracter\u00edsticas <\/span><span class=\"BZ_Pyq_fadeIn\">principales:<\/span><\/strong><\/p>\n<ul data-start=\"968\" data-end=\"1235\">\n<li data-section-id=\"1t6jaau\" data-start=\"968\" data-end=\"1013\">\n<p data-start=\"970\" data-end=\"1013\"><span class=\"BZ_Pyq_fadeIn\">Depiladora <\/span><span class=\"BZ_Pyq_fadeIn\">manual <\/span><span class=\"BZ_Pyq_fadeIn\">de <\/span><span class=\"BZ_Pyq_fadeIn\">cristal <\/span><span class=\"BZ_Pyq_fadeIn\">reutilizable<\/span><\/p>\n<\/li>\n<li data-section-id=\"athitn\" data-start=\"1014\" data-end=\"1064\">\n<p data-start=\"1016\" data-end=\"1064\"><span class=\"BZ_Pyq_fadeIn\">No <\/span><span class=\"BZ_Pyq_fadeIn\">utiliza <\/span><span class=\"BZ_Pyq_fadeIn\">cuchillas, <\/span><span class=\"BZ_Pyq_fadeIn\">electricidad <\/span><span class=\"BZ_Pyq_fadeIn\">ni <\/span><span class=\"BZ_Pyq_fadeIn\">qu\u00edmicos<\/span><\/p>\n<\/li>\n<li data-section-id=\"11syayi\" data-start=\"1065\" data-end=\"1113\">\n<p data-start=\"1067\" data-end=\"1113\"><span class=\"BZ_Pyq_fadeIn\">Uso <\/span><span class=\"BZ_Pyq_fadeIn\">sencillo <\/span><span class=\"BZ_Pyq_fadeIn\">mediante <\/span><span class=\"BZ_Pyq_fadeIn\">movimientos <\/span><span class=\"BZ_Pyq_fadeIn\">circulares<\/span><\/p>\n<\/li>\n<li data-section-id=\"18upkhq\" data-start=\"1114\" data-end=\"1174\">\n<p data-start=\"1116\" data-end=\"1174\"><span class=\"BZ_Pyq_fadeIn\">Ayuda <\/span><span class=\"BZ_Pyq_fadeIn\">a <\/span><span class=\"BZ_Pyq_fadeIn\">remover <\/span><span class=\"BZ_Pyq_fadeIn\">vello <\/span><span class=\"BZ_Pyq_fadeIn\">y <\/span><span class=\"BZ_Pyq_fadeIn\">c\u00e9lulas <\/span><span class=\"BZ_Pyq_fadeIn\">superficiales <\/span><span class=\"BZ_Pyq_fadeIn\">de <\/span><span class=\"BZ_Pyq_fadeIn\">la <\/span><span class=\"BZ_Pyq_fadeIn\">piel<\/span><\/p>\n<\/li>\n<li data-section-id=\"it9vp6\" data-start=\"1175\" data-end=\"1204\">\n<p data-start=\"1177\" data-end=\"1204\"><span class=\"BZ_Pyq_fadeIn\">F\u00e1cil <\/span><span class=\"BZ_Pyq_fadeIn\">de <\/span><span class=\"BZ_Pyq_fadeIn\">limpiar <\/span><span class=\"BZ_Pyq_fadeIn\">con <\/span><span class=\"BZ_Pyq_fadeIn\">agua<\/span><\/p>\n<\/li>\n<li data-section-id=\"1hh9emt\" data-start=\"1205\" data-end=\"1235\">\n<p data-start=\"1207\" data-end=\"1235\"><span class=\"BZ_Pyq_fadeIn\">Dise\u00f1o <\/span><span class=\"BZ_Pyq_fadeIn\">compacto <\/span><span class=\"BZ_Pyq_fadeIn\">y <\/span><span class=\"BZ_Pyq_fadeIn\">port\u00e1til<\/span><\/p>\n<\/li>\n<\/ul>\n<p data-start=\"1237\" data-end=\"1258\"><strong data-start=\"1237\" data-end=\"1258\"><span class=\"BZ_Pyq_fadeIn\">Especificaciones:<\/span><\/strong><\/p>\n<ul data-start=\"1259\" data-end=\"1405\">\n<li data-section-id=\"725vkh\" data-start=\"1259\" data-end=\"1309\">\n<p data-start=\"1261\" data-end=\"1309\"><span class=\"BZ_Pyq_fadeIn\">Tipo <\/span><span class=\"BZ_Pyq_fadeIn\">de <\/span><span class=\"BZ_Pyq_fadeIn\">producto: <\/span><span class=\"BZ_Pyq_fadeIn\">Depiladora <\/span><span class=\"BZ_Pyq_fadeIn\">manual <\/span><span class=\"BZ_Pyq_fadeIn\">de <\/span><span class=\"BZ_Pyq_fadeIn\">cristal<\/span><\/p>\n<\/li>\n<li data-section-id=\"g9fkug\" data-start=\"1310\" data-end=\"1348\">\n<p data-start=\"1312\" data-end=\"1348\"><span class=\"BZ_Pyq_fadeIn\">Medidas <\/span><span class=\"BZ_Pyq_fadeIn\">aproximadas: <\/span><span class=\"BZ_Pyq_fadeIn\">11,5 \u00d7 <\/span><span class=\"BZ_Pyq_fadeIn\">7,5 <\/span><span class=\"BZ_Pyq_fadeIn\">cm<\/span><\/p>\n<\/li>\n<li data-section-id=\"1plwon0\" data-start=\"1349\" data-end=\"1379\">\n<p data-start=\"1351\" data-end=\"1379\"><span class=\"BZ_Pyq_fadeIn\">Limpieza: <\/span><span class=\"BZ_Pyq_fadeIn\">Lavable <\/span><span class=\"BZ_Pyq_fadeIn\">con <\/span><span class=\"BZ_Pyq_fadeIn\">agua<\/span><\/p>\n<\/li>\n<li data-section-id=\"1vfpvn6\" data-start=\"1380\" data-end=\"1405\">\n<p data-start=\"1382\" data-end=\"1405\"><span class=\"BZ_Pyq_fadeIn\">Uso: <\/span><span class=\"BZ_Pyq_fadeIn\">Cuidado <\/span><span class=\"BZ_Pyq_fadeIn\">personal<\/span><\/p>\n<\/li>\n<\/ul>\n<p data-start=\"1407\" data-end=\"1433\"><strong data-start=\"1407\" data-end=\"1433\"><span class=\"BZ_Pyq_fadeIn\">Contenido <\/span><span class=\"BZ_Pyq_fadeIn\">del <\/span><span class=\"BZ_Pyq_fadeIn\">paquete:<\/span><\/strong><\/p>\n<ul data-start=\"1434\" data-end=\"1461\">\n<li data-section-id=\"1773b8n\" data-start=\"1434\" data-end=\"1461\">\n<p data-start=\"1436\" data-end=\"1461\"><span class=\"BZ_Pyq_fadeIn\">1 <\/span><span class=\"BZ_Pyq_fadeIn\">depiladora <\/span><span class=\"BZ_Pyq_fadeIn\">de <\/span><span class=\"BZ_Pyq_fadeIn\">cristal<\/span><\/p>\n<\/li>\n<\/ul>\n<p data-start=\"1463\" data-end=\"1593\" data-is-last-node=\"\" data-is-only-node=\"\"><strong data-start=\"1463\" data-end=\"1482\"><span class=\"BZ_Pyq_fadeIn\">Consejo <\/span><span class=\"BZ_Pyq_fadeIn\">de <\/span><span class=\"BZ_Pyq_fadeIn\">uso:<\/span><\/strong><br data-start=\"1482\" data-end=\"1485\" \/><span class=\"BZ_Pyq_fadeIn\">Utilizar <\/span><span class=\"BZ_Pyq_fadeIn\">con <\/span><span class=\"BZ_Pyq_fadeIn\">movimientos <\/span><span class=\"BZ_Pyq_fadeIn\">suaves <\/span><span class=\"BZ_Pyq_fadeIn\">sobre <\/span><span class=\"BZ_Pyq_fadeIn\">la <\/span><span class=\"BZ_Pyq_fadeIn\">piel <\/span><span class=\"BZ_Pyq_fadeIn\">sin <\/span><span class=\"BZ_Pyq_fadeIn\">aplicar <\/span><span class=\"BZ_Pyq_fadeIn\">demasiada <\/span><span class=\"BZ_Pyq_fadeIn\">presi\u00f3n <\/span><span class=\"BZ_Pyq_fadeIn\">para <\/span><span class=\"BZ_Pyq_fadeIn\">una <\/span><span class=\"BZ_Pyq_fadeIn\">experiencia <\/span><span class=\"BZ_Pyq_fadeIn\">m\u00e1s <\/span><span class=\"BZ_Pyq_fadeIn\">c\u00f3moda.<\/span><\/p>\n","protected":false},"excerpt":{"rendered":"<p>Depiladora de Cristal Manual Reutilizable y Lavable La depiladora de cristal es una herramienta pr\u00e1ctica para el cuidado personal en casa, dise\u00f1ada para ayudar a remover el vello corporal mediante suaves movimientos circulares sobre la piel. Su superficie de microcristal act\u00faa por fricci\u00f3n, contribuyendo a retirar el vello y las c\u00e9lulas superficiales de la piel [&hellip;]<\/p>\n","protected":false},"featured_media":16653,"template":"","meta":{"site-sidebar-layout":"default","site-content-layout":"","ast-site-content-layout":"default","site-content-style":"default","site-sidebar-style":"default","ast-global-header-display":"","ast-banner-title-visibility":"","ast-main-header-display":"","ast-hfb-above-header-display":"","ast-hfb-below-header-display":"","ast-hfb-mobile-header-display":"","site-post-title":"","ast-breadcrumbs-content":"","ast-featured-img":"","footer-sml-layout":"","ast-disable-related-posts":"","theme-transparent-header-meta":"default","adv-header-id-meta":"","stick-header-meta":"","header-above-stick-meta":"","header-main-stick-meta":"","header-below-stick-meta":"","astra-migrate-meta-layouts":"set","ast-page-background-enabled":"default","ast-page-background-meta":{"desktop":{"background-color":"var(--ast-global-color-4)","background-image":"","background-repeat":"repeat","background-position":"center center","background-size":"auto","background-attachment":"scroll","background-type":"","background-media":"","overlay-type":"","overlay-color":"","overlay-opacity":"","overlay-gradient":""},"tablet":{"background-color":"","background-image":"","background-repeat":"repeat","background-position":"center center","background-size":"auto","background-attachment":"scroll","background-type":"","background-media":"","overlay-type":"","overlay-color":"","overlay-opacity":"","overlay-gradient":""},"mobile":{"background-color":"","background-image":"","background-repeat":"repeat","background-position":"center center","background-size":"auto","background-attachment":"scroll","background-type":"","background-media":"","overlay-type":"","overlay-color":"","overlay-opacity":"","overlay-gradient":""}},"ast-content-background-meta":{"desktop":{"background-color":"var(--ast-global-color-5)","background-image":"","background-repeat":"repeat","background-position":"center center","background-size":"auto","background-attachment":"scroll","background-type":"","background-media":"","overlay-type":"","overlay-color":"","overlay-opacity":"","overlay-gradient":""},"tablet":{"background-color":"var(--ast-global-color-5)","background-image":"","background-repeat":"repeat","background-position":"center center","background-size":"auto","background-attachment":"scroll","background-type":"","background-media":"","overlay-type":"","overlay-color":"","overlay-opacity":"","overlay-gradient":""},"mobile":{"background-color":"var(--ast-global-color-5)","background-image":"","background-repeat":"repeat","background-position":"center center","background-size":"auto","background-attachment":"scroll","background-type":"","background-media":"","overlay-type":"","overlay-color":"","overlay-opacity":"","overlay-gradient":""}}},"product_brand":[],"product_cat":[17,450],"product_tag":[],"class_list":{"0":"post-16647","1":"product","2":"type-product","3":"status-publish","4":"has-post-thumbnail","6":"product_cat-belleza","7":"product_cat-cabello-y-depilacion","8":"desktop-align-left","9":"tablet-align-left","10":"mobile-align-left","12":"first","13":"instock","14":"shipping-taxable","15":"purchasable","16":"product-type-simple"},"yoast_head":"<!-- This site is optimized with the Yoast SEO plugin v27.3 - https:\/\/yoast.com\/product\/yoast-seo-wordpress\/ -->\n<title>Depiladora - Exfoliaci\u00f3n Indolora - ROSE MVD<\/title>\n<meta name=\"description\" content=\"La depiladora de cristal es una herramienta pr\u00e1ctica dise\u00f1ada para ayudar a remover el vello corporal mediante suaves movimientos circulares sobre la piel\" \/>\n<meta name=\"robots\" content=\"index, follow, max-snippet:-1, max-image-preview:large, max-video-preview:-1\" \/>\n<link rel=\"canonical\" href=\"https:\/\/rosemvd.com\/index.php\/producto\/depiladora-exfoliacion-indolora\/\" \/>\n<meta property=\"og:locale\" content=\"es_ES\" \/>\n<meta property=\"og:type\" content=\"article\" \/>\n<meta property=\"og:title\" content=\"Depiladora - Exfoliaci\u00f3n Indolora - ROSE MVD\" \/>\n<meta property=\"og:description\" content=\"La depiladora de cristal es una herramienta pr\u00e1ctica dise\u00f1ada para ayudar a remover el vello corporal mediante suaves movimientos circulares sobre la piel\" \/>\n<meta property=\"og:url\" content=\"https:\/\/rosemvd.com\/index.php\/producto\/depiladora-exfoliacion-indolora\/\" \/>\n<meta property=\"og:site_name\" content=\"ROSE MVD\" \/>\n<meta property=\"article:publisher\" content=\"https:\/\/www.facebook.com\/TiendaRoseMvd\" \/>\n<meta property=\"article:modified_time\" content=\"2026-04-21T19:31:14+00:00\" \/>\n<meta property=\"og:image\" content=\"https:\/\/rosemvd.com\/wp-content\/uploads\/2026\/03\/81irkiuQedL.jpg\" \/>\n\t<meta property=\"og:image:width\" content=\"1500\" \/>\n\t<meta property=\"og:image:height\" content=\"1650\" \/>\n\t<meta property=\"og:image:type\" content=\"image\/jpeg\" \/>\n<meta name=\"twitter:card\" content=\"summary_large_image\" \/>\n<meta name=\"twitter:label1\" content=\"Tiempo de lectura\" \/>\n\t<meta name=\"twitter:data1\" content=\"2 minutos\" \/>\n<script type=\"application\/ld+json\" class=\"yoast-schema-graph\">{\"@context\":\"https:\\\/\\\/schema.org\",\"@graph\":[{\"@type\":\"WebPage\",\"@id\":\"https:\\\/\\\/rosemvd.com\\\/index.php\\\/producto\\\/depiladora-exfoliacion-indolora\\\/\",\"url\":\"https:\\\/\\\/rosemvd.com\\\/index.php\\\/producto\\\/depiladora-exfoliacion-indolora\\\/\",\"name\":\"Depiladora - Exfoliaci\u00f3n Indolora - ROSE MVD\",\"isPartOf\":{\"@id\":\"https:\\\/\\\/rosemvd.com\\\/#website\"},\"primaryImageOfPage\":{\"@id\":\"https:\\\/\\\/rosemvd.com\\\/index.php\\\/producto\\\/depiladora-exfoliacion-indolora\\\/#primaryimage\"},\"image\":{\"@id\":\"https:\\\/\\\/rosemvd.com\\\/index.php\\\/producto\\\/depiladora-exfoliacion-indolora\\\/#primaryimage\"},\"thumbnailUrl\":\"https:\\\/\\\/rosemvd.com\\\/wp-content\\\/uploads\\\/2026\\\/03\\\/81irkiuQedL.jpg\",\"datePublished\":\"2026-03-13T01:36:35+00:00\",\"dateModified\":\"2026-04-21T19:31:14+00:00\",\"description\":\"La depiladora de cristal es una herramienta pr\u00e1ctica dise\u00f1ada para ayudar a remover el vello corporal mediante suaves movimientos circulares sobre la piel\",\"breadcrumb\":{\"@id\":\"https:\\\/\\\/rosemvd.com\\\/index.php\\\/producto\\\/depiladora-exfoliacion-indolora\\\/#breadcrumb\"},\"inLanguage\":\"es\",\"potentialAction\":[{\"@type\":\"ReadAction\",\"target\":[\"https:\\\/\\\/rosemvd.com\\\/index.php\\\/producto\\\/depiladora-exfoliacion-indolora\\\/\"]}]},{\"@type\":\"ImageObject\",\"inLanguage\":\"es\",\"@id\":\"https:\\\/\\\/rosemvd.com\\\/index.php\\\/producto\\\/depiladora-exfoliacion-indolora\\\/#primaryimage\",\"url\":\"https:\\\/\\\/rosemvd.com\\\/wp-content\\\/uploads\\\/2026\\\/03\\\/81irkiuQedL.jpg\",\"contentUrl\":\"https:\\\/\\\/rosemvd.com\\\/wp-content\\\/uploads\\\/2026\\\/03\\\/81irkiuQedL.jpg\",\"width\":1500,\"height\":1650},{\"@type\":\"BreadcrumbList\",\"@id\":\"https:\\\/\\\/rosemvd.com\\\/index.php\\\/producto\\\/depiladora-exfoliacion-indolora\\\/#breadcrumb\",\"itemListElement\":[{\"@type\":\"ListItem\",\"position\":1,\"name\":\"Portada\",\"item\":\"https:\\\/\\\/rosemvd.com\\\/\"},{\"@type\":\"ListItem\",\"position\":2,\"name\":\"Tienda\",\"item\":\"https:\\\/\\\/rosemvd.com\\\/index.php\\\/tienda\\\/\"},{\"@type\":\"ListItem\",\"position\":3,\"name\":\"Depiladora &#8211; Exfoliaci\u00f3n Indolora\"}]},{\"@type\":\"WebSite\",\"@id\":\"https:\\\/\\\/rosemvd.com\\\/#website\",\"url\":\"https:\\\/\\\/rosemvd.com\\\/\",\"name\":\"ROSE MVD\",\"description\":\"Todo lo que no sab\u00edas que necesitabas, lo \u00faltimo en tendencia, utilidad e innovaci\u00f3n\",\"publisher\":{\"@id\":\"https:\\\/\\\/rosemvd.com\\\/#organization\"},\"potentialAction\":[{\"@type\":\"SearchAction\",\"target\":{\"@type\":\"EntryPoint\",\"urlTemplate\":\"https:\\\/\\\/rosemvd.com\\\/?s={search_term_string}\"},\"query-input\":{\"@type\":\"PropertyValueSpecification\",\"valueRequired\":true,\"valueName\":\"search_term_string\"}}],\"inLanguage\":\"es\"},{\"@type\":\"Organization\",\"@id\":\"https:\\\/\\\/rosemvd.com\\\/#organization\",\"name\":\"ROSE MVD\",\"alternateName\":\"ROSE MVD\",\"url\":\"https:\\\/\\\/rosemvd.com\\\/\",\"logo\":{\"@type\":\"ImageObject\",\"inLanguage\":\"es\",\"@id\":\"https:\\\/\\\/rosemvd.com\\\/#\\\/schema\\\/logo\\\/image\\\/\",\"url\":\"https:\\\/\\\/rosemvd.com\\\/wp-content\\\/uploads\\\/2023\\\/03\\\/Sin-titulo-2_Mesa-de-trabajo-1.png\",\"contentUrl\":\"https:\\\/\\\/rosemvd.com\\\/wp-content\\\/uploads\\\/2023\\\/03\\\/Sin-titulo-2_Mesa-de-trabajo-1.png\",\"width\":2084,\"height\":2084,\"caption\":\"ROSE MVD\"},\"image\":{\"@id\":\"https:\\\/\\\/rosemvd.com\\\/#\\\/schema\\\/logo\\\/image\\\/\"},\"sameAs\":[\"https:\\\/\\\/www.facebook.com\\\/TiendaRoseMvd\",\"https:\\\/\\\/www.instagram.com\\\/rose.mvd\"]}]}<\/script>\n<!-- \/ Yoast SEO plugin. -->","yoast_head_json":{"title":"Depiladora - Exfoliaci\u00f3n Indolora - ROSE MVD","description":"La depiladora de cristal es una herramienta pr\u00e1ctica dise\u00f1ada para ayudar a remover el vello corporal mediante suaves movimientos circulares sobre la piel","robots":{"index":"index","follow":"follow","max-snippet":"max-snippet:-1","max-image-preview":"max-image-preview:large","max-video-preview":"max-video-preview:-1"},"canonical":"https:\/\/rosemvd.com\/index.php\/producto\/depiladora-exfoliacion-indolora\/","og_locale":"es_ES","og_type":"article","og_title":"Depiladora - Exfoliaci\u00f3n Indolora - ROSE MVD","og_description":"La depiladora de cristal es una herramienta pr\u00e1ctica dise\u00f1ada para ayudar a remover el vello corporal mediante suaves movimientos circulares sobre la piel","og_url":"https:\/\/rosemvd.com\/index.php\/producto\/depiladora-exfoliacion-indolora\/","og_site_name":"ROSE MVD","article_publisher":"https:\/\/www.facebook.com\/TiendaRoseMvd","article_modified_time":"2026-04-21T19:31:14+00:00","og_image":[{"width":1500,"height":1650,"url":"https:\/\/rosemvd.com\/wp-content\/uploads\/2026\/03\/81irkiuQedL.jpg","type":"image\/jpeg"}],"twitter_card":"summary_large_image","twitter_misc":{"Tiempo de lectura":"2 minutos"},"schema":{"@context":"https:\/\/schema.org","@graph":[{"@type":"WebPage","@id":"https:\/\/rosemvd.com\/index.php\/producto\/depiladora-exfoliacion-indolora\/","url":"https:\/\/rosemvd.com\/index.php\/producto\/depiladora-exfoliacion-indolora\/","name":"Depiladora - Exfoliaci\u00f3n Indolora - ROSE MVD","isPartOf":{"@id":"https:\/\/rosemvd.com\/#website"},"primaryImageOfPage":{"@id":"https:\/\/rosemvd.com\/index.php\/producto\/depiladora-exfoliacion-indolora\/#primaryimage"},"image":{"@id":"https:\/\/rosemvd.com\/index.php\/producto\/depiladora-exfoliacion-indolora\/#primaryimage"},"thumbnailUrl":"https:\/\/rosemvd.com\/wp-content\/uploads\/2026\/03\/81irkiuQedL.jpg","datePublished":"2026-03-13T01:36:35+00:00","dateModified":"2026-04-21T19:31:14+00:00","description":"La depiladora de cristal es una herramienta pr\u00e1ctica dise\u00f1ada para ayudar a remover el vello corporal mediante suaves movimientos circulares sobre la piel","breadcrumb":{"@id":"https:\/\/rosemvd.com\/index.php\/producto\/depiladora-exfoliacion-indolora\/#breadcrumb"},"inLanguage":"es","potentialAction":[{"@type":"ReadAction","target":["https:\/\/rosemvd.com\/index.php\/producto\/depiladora-exfoliacion-indolora\/"]}]},{"@type":"ImageObject","inLanguage":"es","@id":"https:\/\/rosemvd.com\/index.php\/producto\/depiladora-exfoliacion-indolora\/#primaryimage","url":"https:\/\/rosemvd.com\/wp-content\/uploads\/2026\/03\/81irkiuQedL.jpg","contentUrl":"https:\/\/rosemvd.com\/wp-content\/uploads\/2026\/03\/81irkiuQedL.jpg","width":1500,"height":1650},{"@type":"BreadcrumbList","@id":"https:\/\/rosemvd.com\/index.php\/producto\/depiladora-exfoliacion-indolora\/#breadcrumb","itemListElement":[{"@type":"ListItem","position":1,"name":"Portada","item":"https:\/\/rosemvd.com\/"},{"@type":"ListItem","position":2,"name":"Tienda","item":"https:\/\/rosemvd.com\/index.php\/tienda\/"},{"@type":"ListItem","position":3,"name":"Depiladora &#8211; Exfoliaci\u00f3n Indolora"}]},{"@type":"WebSite","@id":"https:\/\/rosemvd.com\/#website","url":"https:\/\/rosemvd.com\/","name":"ROSE MVD","description":"Todo lo que no sab\u00edas que necesitabas, lo \u00faltimo en tendencia, utilidad e innovaci\u00f3n","publisher":{"@id":"https:\/\/rosemvd.com\/#organization"},"potentialAction":[{"@type":"SearchAction","target":{"@type":"EntryPoint","urlTemplate":"https:\/\/rosemvd.com\/?s={search_term_string}"},"query-input":{"@type":"PropertyValueSpecification","valueRequired":true,"valueName":"search_term_string"}}],"inLanguage":"es"},{"@type":"Organization","@id":"https:\/\/rosemvd.com\/#organization","name":"ROSE MVD","alternateName":"ROSE MVD","url":"https:\/\/rosemvd.com\/","logo":{"@type":"ImageObject","inLanguage":"es","@id":"https:\/\/rosemvd.com\/#\/schema\/logo\/image\/","url":"https:\/\/rosemvd.com\/wp-content\/uploads\/2023\/03\/Sin-titulo-2_Mesa-de-trabajo-1.png","contentUrl":"https:\/\/rosemvd.com\/wp-content\/uploads\/2023\/03\/Sin-titulo-2_Mesa-de-trabajo-1.png","width":2084,"height":2084,"caption":"ROSE MVD"},"image":{"@id":"https:\/\/rosemvd.com\/#\/schema\/logo\/image\/"},"sameAs":["https:\/\/www.facebook.com\/TiendaRoseMvd","https:\/\/www.instagram.com\/rose.mvd"]}]}},"_links":{"self":[{"href":"https:\/\/rosemvd.com\/index.php\/wp-json\/wp\/v2\/product\/16647","targetHints":{"allow":["GET"]}}],"collection":[{"href":"https:\/\/rosemvd.com\/index.php\/wp-json\/wp\/v2\/product"}],"about":[{"href":"https:\/\/rosemvd.com\/index.php\/wp-json\/wp\/v2\/types\/product"}],"wp:featuredmedia":[{"embeddable":true,"href":"https:\/\/rosemvd.com\/index.php\/wp-json\/wp\/v2\/media\/16653"}],"wp:attachment":[{"href":"https:\/\/rosemvd.com\/index.php\/wp-json\/wp\/v2\/media?parent=16647"}],"wp:term":[{"taxonomy":"product_brand","embeddable":true,"href":"https:\/\/rosemvd.com\/index.php\/wp-json\/wp\/v2\/product_brand?post=16647"},{"taxonomy":"product_cat","embeddable":true,"href":"https:\/\/rosemvd.com\/index.php\/wp-json\/wp\/v2\/product_cat?post=16647"},{"taxonomy":"product_tag","embeddable":true,"href":"https:\/\/rosemvd.com\/index.php\/wp-json\/wp\/v2\/product_tag?post=16647"}],"curies":[{"name":"wp","href":"https:\/\/api.w.org\/{rel}","templated":true}]}}