{"id":16616,"date":"2026-03-12T22:16:06","date_gmt":"2026-03-13T01:16:06","guid":{"rendered":"https:\/\/rosemvd.com\/?post_type=product&#038;p=16616"},"modified":"2026-04-21T21:59:35","modified_gmt":"2026-04-22T00:59:35","slug":"polvo-blanqueador-de-dientes","status":"publish","type":"product","link":"https:\/\/rosemvd.com\/index.php\/producto\/polvo-blanqueador-de-dientes\/","title":{"rendered":"Polvo Blanqueador De Dientes"},"content":{"rendered":"<p data-start=\"0\" data-end=\"50\"><strong data-start=\"0\" data-end=\"50\"><span class=\"BZ_Pyq_fadeIn\">Polvo <\/span><span class=\"BZ_Pyq_fadeIn\">Blanqueador <\/span><span class=\"BZ_Pyq_fadeIn\">Dental <\/span><span class=\"BZ_Pyq_fadeIn\">con <\/span><span class=\"BZ_Pyq_fadeIn\">Extracto <\/span><span class=\"BZ_Pyq_fadeIn\">de <\/span><span class=\"BZ_Pyq_fadeIn\">Perla<\/span><\/strong><\/p>\n<p data-start=\"52\" data-end=\"356\"><span class=\"BZ_Pyq_fadeIn\">El <\/span><span class=\"BZ_Pyq_fadeIn\">polvo <\/span><span class=\"BZ_Pyq_fadeIn\">blanqueador <\/span><span class=\"BZ_Pyq_fadeIn\">dental <\/span><span class=\"BZ_Pyq_fadeIn\">es <\/span><span class=\"BZ_Pyq_fadeIn\">un <\/span><span class=\"BZ_Pyq_fadeIn\">producto <\/span><span class=\"BZ_Pyq_fadeIn\">de <\/span><span class=\"BZ_Pyq_fadeIn\">cuidado <\/span><span class=\"BZ_Pyq_fadeIn\">bucal <\/span><span class=\"BZ_Pyq_fadeIn\">dise\u00f1ado <\/span><span class=\"BZ_Pyq_fadeIn\">para <\/span><span class=\"BZ_Pyq_fadeIn\">ayudar <\/span><span class=\"BZ_Pyq_fadeIn\">a <\/span><span class=\"BZ_Pyq_fadeIn\">mejorar <\/span><span class=\"BZ_Pyq_fadeIn\">la <\/span><span class=\"BZ_Pyq_fadeIn\">apariencia <\/span><span class=\"BZ_Pyq_fadeIn\">de <\/span><span class=\"BZ_Pyq_fadeIn\">los <\/span><span class=\"BZ_Pyq_fadeIn\">dientes <\/span><span class=\"BZ_Pyq_fadeIn\">mediante <\/span><span class=\"BZ_Pyq_fadeIn\">la <\/span><span class=\"BZ_Pyq_fadeIn\">limpieza <\/span><span class=\"BZ_Pyq_fadeIn\">de <\/span><span class=\"BZ_Pyq_fadeIn\">manchas <\/span><span class=\"BZ_Pyq_fadeIn\">superficiales. <\/span><span class=\"BZ_Pyq_fadeIn\">Su <\/span><span class=\"BZ_Pyq_fadeIn\">f\u00f3rmula <\/span><span class=\"BZ_Pyq_fadeIn\">en <\/span><span class=\"BZ_Pyq_fadeIn\">polvo <\/span><span class=\"BZ_Pyq_fadeIn\">facilita <\/span><span class=\"BZ_Pyq_fadeIn\">la <\/span><span class=\"BZ_Pyq_fadeIn\">eliminaci\u00f3n <\/span><span class=\"BZ_Pyq_fadeIn\">de <\/span><span class=\"BZ_Pyq_fadeIn\">residuos <\/span><span class=\"BZ_Pyq_fadeIn\">y <\/span><span class=\"BZ_Pyq_fadeIn\">marcas <\/span><span class=\"BZ_Pyq_fadeIn\">ocasionadas <\/span><span class=\"BZ_Pyq_fadeIn\">por <\/span><span class=\"BZ_Pyq_fadeIn\">el <\/span><span class=\"BZ_Pyq_fadeIn\">consumo <\/span><span class=\"BZ_Pyq_fadeIn\">de <\/span><span class=\"BZ_Pyq_fadeIn\">bebidas <\/span><span class=\"BZ_Pyq_fadeIn\">como <\/span><span class=\"BZ_Pyq_fadeIn\">caf\u00e9, <\/span><span class=\"BZ_Pyq_fadeIn\">t\u00e9 <\/span><span class=\"BZ_Pyq_fadeIn\">o <\/span><span class=\"BZ_Pyq_fadeIn\">ciertos <\/span><span class=\"BZ_Pyq_fadeIn\">alimentos.<\/span><\/p>\n<p data-start=\"358\" data-end=\"683\"><span class=\"BZ_Pyq_fadeIn\">Su <\/span><span class=\"BZ_Pyq_fadeIn\">uso <\/span><span class=\"BZ_Pyq_fadeIn\">es <\/span><span class=\"BZ_Pyq_fadeIn\">sencillo: <\/span><span class=\"BZ_Pyq_fadeIn\">se <\/span><span class=\"BZ_Pyq_fadeIn\">aplica <\/span><span class=\"BZ_Pyq_fadeIn\">una <\/span><span class=\"BZ_Pyq_fadeIn\">peque\u00f1a <\/span><span class=\"BZ_Pyq_fadeIn\">cantidad <\/span><span class=\"BZ_Pyq_fadeIn\">sobre <\/span><span class=\"BZ_Pyq_fadeIn\">el <\/span><span class=\"BZ_Pyq_fadeIn\">cepillo <\/span><span class=\"BZ_Pyq_fadeIn\">de <\/span><span class=\"BZ_Pyq_fadeIn\">dientes <\/span><span class=\"BZ_Pyq_fadeIn\">h\u00famedo <\/span><span class=\"BZ_Pyq_fadeIn\">para <\/span><span class=\"BZ_Pyq_fadeIn\">realizar <\/span><span class=\"BZ_Pyq_fadeIn\">el <\/span><span class=\"BZ_Pyq_fadeIn\">cepillado <\/span><span class=\"BZ_Pyq_fadeIn\">habitual, <\/span><span class=\"BZ_Pyq_fadeIn\">contribuyendo <\/span><span class=\"BZ_Pyq_fadeIn\">a <\/span><span class=\"BZ_Pyq_fadeIn\">mantener <\/span><span class=\"BZ_Pyq_fadeIn\">una <\/span><span class=\"BZ_Pyq_fadeIn\">sensaci\u00f3n <\/span><span class=\"BZ_Pyq_fadeIn\">de <\/span><span class=\"BZ_Pyq_fadeIn\">limpieza <\/span><span class=\"BZ_Pyq_fadeIn\">y <\/span><span class=\"BZ_Pyq_fadeIn\">frescura <\/span><span class=\"BZ_Pyq_fadeIn\">en <\/span><span class=\"BZ_Pyq_fadeIn\">la <\/span><span class=\"BZ_Pyq_fadeIn\">boca. <\/span><span class=\"BZ_Pyq_fadeIn\">Gracias <\/span><span class=\"BZ_Pyq_fadeIn\">a <\/span><span class=\"BZ_Pyq_fadeIn\">su <\/span><span class=\"BZ_Pyq_fadeIn\">textura <\/span><span class=\"BZ_Pyq_fadeIn\">fina, <\/span><span class=\"BZ_Pyq_fadeIn\">ayuda <\/span><span class=\"BZ_Pyq_fadeIn\">a <\/span><span class=\"BZ_Pyq_fadeIn\">limpiar <\/span><span class=\"BZ_Pyq_fadeIn\">suavemente <\/span><span class=\"BZ_Pyq_fadeIn\">la <\/span><span class=\"BZ_Pyq_fadeIn\">superficie <\/span><span class=\"BZ_Pyq_fadeIn\">dental <\/span><span class=\"BZ_Pyq_fadeIn\">como <\/span><span class=\"BZ_Pyq_fadeIn\">complemento <\/span><span class=\"BZ_Pyq_fadeIn\">de <\/span><span class=\"BZ_Pyq_fadeIn\">la <\/span><span class=\"BZ_Pyq_fadeIn\">rutina <\/span><span class=\"BZ_Pyq_fadeIn\">diaria <\/span><span class=\"BZ_Pyq_fadeIn\">de <\/span><span class=\"BZ_Pyq_fadeIn\">higiene <\/span><span class=\"BZ_Pyq_fadeIn\">oral.<\/span><\/p>\n<p data-start=\"685\" data-end=\"717\"><strong data-start=\"685\" data-end=\"717\"><span class=\"BZ_Pyq_fadeIn\">Caracter\u00edsticas <\/span><span class=\"BZ_Pyq_fadeIn\">principales:<\/span><\/strong><\/p>\n<ul data-start=\"718\" data-end=\"971\">\n<li data-section-id=\"jwp7qg\" data-start=\"718\" data-end=\"764\">\n<p data-start=\"720\" data-end=\"764\"><span class=\"BZ_Pyq_fadeIn\">Polvo <\/span><span class=\"BZ_Pyq_fadeIn\">dental <\/span><span class=\"BZ_Pyq_fadeIn\">para <\/span><span class=\"BZ_Pyq_fadeIn\">limpieza <\/span><span class=\"BZ_Pyq_fadeIn\">y <\/span><span class=\"BZ_Pyq_fadeIn\">cuidado <\/span><span class=\"BZ_Pyq_fadeIn\">bucal<\/span><\/p>\n<\/li>\n<li data-section-id=\"tl5luh\" data-start=\"765\" data-end=\"829\">\n<p data-start=\"767\" data-end=\"829\"><span class=\"BZ_Pyq_fadeIn\">Ayuda <\/span><span class=\"BZ_Pyq_fadeIn\">a <\/span><span class=\"BZ_Pyq_fadeIn\">remover <\/span><span class=\"BZ_Pyq_fadeIn\">manchas <\/span><span class=\"BZ_Pyq_fadeIn\">superficiales <\/span><span class=\"BZ_Pyq_fadeIn\">de <\/span><span class=\"BZ_Pyq_fadeIn\">alimentos <\/span><span class=\"BZ_Pyq_fadeIn\">y <\/span><span class=\"BZ_Pyq_fadeIn\">bebidas<\/span><\/p>\n<\/li>\n<li data-section-id=\"5gka5t\" data-start=\"830\" data-end=\"863\">\n<p data-start=\"832\" data-end=\"863\"><span class=\"BZ_Pyq_fadeIn\">F\u00f3rmula <\/span><span class=\"BZ_Pyq_fadeIn\">con <\/span><span class=\"BZ_Pyq_fadeIn\">extracto <\/span><span class=\"BZ_Pyq_fadeIn\">de <\/span><span class=\"BZ_Pyq_fadeIn\">perla<\/span><\/p>\n<\/li>\n<li data-section-id=\"4b5bab\" data-start=\"864\" data-end=\"907\">\n<p data-start=\"866\" data-end=\"907\"><span class=\"BZ_Pyq_fadeIn\">F\u00e1cil <\/span><span class=\"BZ_Pyq_fadeIn\">de <\/span><span class=\"BZ_Pyq_fadeIn\">usar <\/span><span class=\"BZ_Pyq_fadeIn\">con <\/span><span class=\"BZ_Pyq_fadeIn\">el <\/span><span class=\"BZ_Pyq_fadeIn\">cepillo <\/span><span class=\"BZ_Pyq_fadeIn\">de <\/span><span class=\"BZ_Pyq_fadeIn\">dientes<\/span><\/p>\n<\/li>\n<li data-section-id=\"13tg1nb\" data-start=\"908\" data-end=\"971\">\n<p data-start=\"910\" data-end=\"971\"><span class=\"BZ_Pyq_fadeIn\">Contribuye <\/span><span class=\"BZ_Pyq_fadeIn\">a <\/span><span class=\"BZ_Pyq_fadeIn\">mantener <\/span><span class=\"BZ_Pyq_fadeIn\">los <\/span><span class=\"BZ_Pyq_fadeIn\">dientes <\/span><span class=\"BZ_Pyq_fadeIn\">con <\/span><span class=\"BZ_Pyq_fadeIn\">apariencia <\/span><span class=\"BZ_Pyq_fadeIn\">m\u00e1s <\/span><span class=\"BZ_Pyq_fadeIn\">limpia<\/span><\/p>\n<\/li>\n<\/ul>\n<p data-start=\"973\" data-end=\"994\"><strong data-start=\"973\" data-end=\"994\"><span class=\"BZ_Pyq_fadeIn\">Especificaciones:<\/span><\/strong><\/p>\n<ul data-start=\"995\" data-end=\"1150\">\n<li data-section-id=\"1riqmed\" data-start=\"995\" data-end=\"1041\">\n<p data-start=\"997\" data-end=\"1041\"><span class=\"BZ_Pyq_fadeIn\">Tipo <\/span><span class=\"BZ_Pyq_fadeIn\">de <\/span><span class=\"BZ_Pyq_fadeIn\">producto: <\/span><span class=\"BZ_Pyq_fadeIn\">Polvo <\/span><span class=\"BZ_Pyq_fadeIn\">para <\/span><span class=\"BZ_Pyq_fadeIn\">higiene <\/span><span class=\"BZ_Pyq_fadeIn\">bucal<\/span><\/p>\n<\/li>\n<li data-section-id=\"s9bd83\" data-start=\"1042\" data-end=\"1072\">\n<p data-start=\"1044\" data-end=\"1072\"><span class=\"BZ_Pyq_fadeIn\">Presentaci\u00f3n: <\/span><span class=\"BZ_Pyq_fadeIn\">Polvo <\/span><span class=\"BZ_Pyq_fadeIn\">dental<\/span><\/p>\n<\/li>\n<li data-section-id=\"km2et5\" data-start=\"1073\" data-end=\"1111\">\n<p data-start=\"1075\" data-end=\"1111\"><span class=\"BZ_Pyq_fadeIn\">Uso: <\/span><span class=\"BZ_Pyq_fadeIn\">Limpieza <\/span><span class=\"BZ_Pyq_fadeIn\">y <\/span><span class=\"BZ_Pyq_fadeIn\">cuidado <\/span><span class=\"BZ_Pyq_fadeIn\">de <\/span><span class=\"BZ_Pyq_fadeIn\">dientes<\/span><\/p>\n<\/li>\n<li data-section-id=\"2c6vk4\" data-start=\"1112\" data-end=\"1150\">\n<p data-start=\"1114\" data-end=\"1150\"><span class=\"BZ_Pyq_fadeIn\">Aplicaci\u00f3n: <\/span><span class=\"BZ_Pyq_fadeIn\">Con <\/span><span class=\"BZ_Pyq_fadeIn\">cepillo <\/span><span class=\"BZ_Pyq_fadeIn\">de <\/span><span class=\"BZ_Pyq_fadeIn\">dientes<\/span><\/p>\n<\/li>\n<\/ul>\n<p data-start=\"1152\" data-end=\"1251\" data-is-last-node=\"\" data-is-only-node=\"\"><em data-start=\"1152\" data-end=\"1251\" data-is-last-node=\"\"><span class=\"BZ_Pyq_fadeIn\">Producto <\/span><span class=\"BZ_Pyq_fadeIn\">de <\/span><span class=\"BZ_Pyq_fadeIn\">higiene <\/span><span class=\"BZ_Pyq_fadeIn\">bucal. <\/span><span class=\"BZ_Pyq_fadeIn\">No <\/span><span class=\"BZ_Pyq_fadeIn\">sustituye <\/span><span class=\"BZ_Pyq_fadeIn\">la <\/span><span class=\"BZ_Pyq_fadeIn\">evaluaci\u00f3n <\/span><span class=\"BZ_Pyq_fadeIn\">ni <\/span><span class=\"BZ_Pyq_fadeIn\">el <\/span><span class=\"BZ_Pyq_fadeIn\">tratamiento <\/span><span class=\"BZ_Pyq_fadeIn\">odontol\u00f3gico <\/span><span class=\"BZ_Pyq_fadeIn\">profesional.<\/span><\/em><\/p>\n","protected":false},"excerpt":{"rendered":"<p>Polvo Blanqueador Dental con Extracto de Perla El polvo blanqueador dental es un producto de cuidado bucal dise\u00f1ado para ayudar a mejorar la apariencia de los dientes mediante la limpieza de manchas superficiales. Su f\u00f3rmula en polvo facilita la eliminaci\u00f3n de residuos y marcas ocasionadas por el consumo de bebidas como caf\u00e9, t\u00e9 o ciertos [&hellip;]<\/p>\n","protected":false},"featured_media":16617,"template":"","meta":{"site-sidebar-layout":"default","site-content-layout":"","ast-site-content-layout":"default","site-content-style":"default","site-sidebar-style":"default","ast-global-header-display":"","ast-banner-title-visibility":"","ast-main-header-display":"","ast-hfb-above-header-display":"","ast-hfb-below-header-display":"","ast-hfb-mobile-header-display":"","site-post-title":"","ast-breadcrumbs-content":"","ast-featured-img":"","footer-sml-layout":"","ast-disable-related-posts":"","theme-transparent-header-meta":"default","adv-header-id-meta":"","stick-header-meta":"","header-above-stick-meta":"","header-main-stick-meta":"","header-below-stick-meta":"","astra-migrate-meta-layouts":"set","ast-page-background-enabled":"default","ast-page-background-meta":{"desktop":{"background-color":"var(--ast-global-color-4)","background-image":"","background-repeat":"repeat","background-position":"center center","background-size":"auto","background-attachment":"scroll","background-type":"","background-media":"","overlay-type":"","overlay-color":"","overlay-opacity":"","overlay-gradient":""},"tablet":{"background-color":"","background-image":"","background-repeat":"repeat","background-position":"center center","background-size":"auto","background-attachment":"scroll","background-type":"","background-media":"","overlay-type":"","overlay-color":"","overlay-opacity":"","overlay-gradient":""},"mobile":{"background-color":"","background-image":"","background-repeat":"repeat","background-position":"center center","background-size":"auto","background-attachment":"scroll","background-type":"","background-media":"","overlay-type":"","overlay-color":"","overlay-opacity":"","overlay-gradient":""}},"ast-content-background-meta":{"desktop":{"background-color":"var(--ast-global-color-5)","background-image":"","background-repeat":"repeat","background-position":"center center","background-size":"auto","background-attachment":"scroll","background-type":"","background-media":"","overlay-type":"","overlay-color":"","overlay-opacity":"","overlay-gradient":""},"tablet":{"background-color":"var(--ast-global-color-5)","background-image":"","background-repeat":"repeat","background-position":"center center","background-size":"auto","background-attachment":"scroll","background-type":"","background-media":"","overlay-type":"","overlay-color":"","overlay-opacity":"","overlay-gradient":""},"mobile":{"background-color":"var(--ast-global-color-5)","background-image":"","background-repeat":"repeat","background-position":"center center","background-size":"auto","background-attachment":"scroll","background-type":"","background-media":"","overlay-type":"","overlay-color":"","overlay-opacity":"","overlay-gradient":""}}},"product_brand":[],"product_cat":[447,455],"product_tag":[],"class_list":{"0":"post-16616","1":"product","2":"type-product","3":"status-publish","4":"has-post-thumbnail","6":"product_cat-bienestar","7":"product_cat-higiene","8":"desktop-align-left","9":"tablet-align-left","10":"mobile-align-left","12":"first","13":"instock","14":"shipping-taxable","15":"purchasable","16":"product-type-simple"},"yoast_head":"<!-- This site is optimized with the Yoast SEO plugin v27.3 - https:\/\/yoast.com\/product\/yoast-seo-wordpress\/ -->\n<title>Polvo Blanqueador De Dientes - ROSE MVD<\/title>\n<meta name=\"description\" content=\"Polvo blanqueador dental producto de cuidado bucal dise\u00f1ado para ayudar a mejorar la apariencia de los dientes mediante la limpieza de manchas superficiales\" \/>\n<meta name=\"robots\" content=\"index, follow, max-snippet:-1, max-image-preview:large, max-video-preview:-1\" \/>\n<link rel=\"canonical\" href=\"https:\/\/rosemvd.com\/index.php\/producto\/polvo-blanqueador-de-dientes\/\" \/>\n<meta property=\"og:locale\" content=\"es_ES\" \/>\n<meta property=\"og:type\" content=\"article\" \/>\n<meta property=\"og:title\" content=\"Polvo Blanqueador De Dientes - ROSE MVD\" \/>\n<meta property=\"og:description\" content=\"Polvo blanqueador dental producto de cuidado bucal dise\u00f1ado para ayudar a mejorar la apariencia de los dientes mediante la limpieza de manchas superficiales\" \/>\n<meta property=\"og:url\" content=\"https:\/\/rosemvd.com\/index.php\/producto\/polvo-blanqueador-de-dientes\/\" \/>\n<meta property=\"og:site_name\" content=\"ROSE MVD\" \/>\n<meta property=\"article:publisher\" content=\"https:\/\/www.facebook.com\/TiendaRoseMvd\" \/>\n<meta property=\"article:modified_time\" content=\"2026-04-22T00:59:35+00:00\" \/>\n<meta property=\"og:image\" content=\"https:\/\/rosemvd.com\/wp-content\/uploads\/2026\/03\/15b8874d-e1ad-417a-859b-7273cbd64737.153a2ee43131154f8b3fef7a9d99e170.webp\" \/>\n\t<meta property=\"og:image:width\" content=\"612\" \/>\n\t<meta property=\"og:image:height\" content=\"612\" \/>\n\t<meta property=\"og:image:type\" content=\"image\/webp\" \/>\n<meta name=\"twitter:card\" content=\"summary_large_image\" \/>\n<meta name=\"twitter:label1\" content=\"Tiempo de lectura\" \/>\n\t<meta name=\"twitter:data1\" content=\"2 minutos\" \/>\n<script type=\"application\/ld+json\" class=\"yoast-schema-graph\">{\"@context\":\"https:\\\/\\\/schema.org\",\"@graph\":[{\"@type\":\"WebPage\",\"@id\":\"https:\\\/\\\/rosemvd.com\\\/index.php\\\/producto\\\/polvo-blanqueador-de-dientes\\\/\",\"url\":\"https:\\\/\\\/rosemvd.com\\\/index.php\\\/producto\\\/polvo-blanqueador-de-dientes\\\/\",\"name\":\"Polvo Blanqueador De Dientes - ROSE MVD\",\"isPartOf\":{\"@id\":\"https:\\\/\\\/rosemvd.com\\\/#website\"},\"primaryImageOfPage\":{\"@id\":\"https:\\\/\\\/rosemvd.com\\\/index.php\\\/producto\\\/polvo-blanqueador-de-dientes\\\/#primaryimage\"},\"image\":{\"@id\":\"https:\\\/\\\/rosemvd.com\\\/index.php\\\/producto\\\/polvo-blanqueador-de-dientes\\\/#primaryimage\"},\"thumbnailUrl\":\"https:\\\/\\\/rosemvd.com\\\/wp-content\\\/uploads\\\/2026\\\/03\\\/15b8874d-e1ad-417a-859b-7273cbd64737.153a2ee43131154f8b3fef7a9d99e170.webp\",\"datePublished\":\"2026-03-13T01:16:06+00:00\",\"dateModified\":\"2026-04-22T00:59:35+00:00\",\"description\":\"Polvo blanqueador dental producto de cuidado bucal dise\u00f1ado para ayudar a mejorar la apariencia de los dientes mediante la limpieza de manchas superficiales\",\"breadcrumb\":{\"@id\":\"https:\\\/\\\/rosemvd.com\\\/index.php\\\/producto\\\/polvo-blanqueador-de-dientes\\\/#breadcrumb\"},\"inLanguage\":\"es\",\"potentialAction\":[{\"@type\":\"ReadAction\",\"target\":[\"https:\\\/\\\/rosemvd.com\\\/index.php\\\/producto\\\/polvo-blanqueador-de-dientes\\\/\"]}]},{\"@type\":\"ImageObject\",\"inLanguage\":\"es\",\"@id\":\"https:\\\/\\\/rosemvd.com\\\/index.php\\\/producto\\\/polvo-blanqueador-de-dientes\\\/#primaryimage\",\"url\":\"https:\\\/\\\/rosemvd.com\\\/wp-content\\\/uploads\\\/2026\\\/03\\\/15b8874d-e1ad-417a-859b-7273cbd64737.153a2ee43131154f8b3fef7a9d99e170.webp\",\"contentUrl\":\"https:\\\/\\\/rosemvd.com\\\/wp-content\\\/uploads\\\/2026\\\/03\\\/15b8874d-e1ad-417a-859b-7273cbd64737.153a2ee43131154f8b3fef7a9d99e170.webp\",\"width\":612,\"height\":612},{\"@type\":\"BreadcrumbList\",\"@id\":\"https:\\\/\\\/rosemvd.com\\\/index.php\\\/producto\\\/polvo-blanqueador-de-dientes\\\/#breadcrumb\",\"itemListElement\":[{\"@type\":\"ListItem\",\"position\":1,\"name\":\"Portada\",\"item\":\"https:\\\/\\\/rosemvd.com\\\/\"},{\"@type\":\"ListItem\",\"position\":2,\"name\":\"Tienda\",\"item\":\"https:\\\/\\\/rosemvd.com\\\/index.php\\\/tienda\\\/\"},{\"@type\":\"ListItem\",\"position\":3,\"name\":\"Polvo Blanqueador De Dientes\"}]},{\"@type\":\"WebSite\",\"@id\":\"https:\\\/\\\/rosemvd.com\\\/#website\",\"url\":\"https:\\\/\\\/rosemvd.com\\\/\",\"name\":\"ROSE MVD\",\"description\":\"Todo lo que no sab\u00edas que necesitabas, lo \u00faltimo en tendencia, utilidad e innovaci\u00f3n\",\"publisher\":{\"@id\":\"https:\\\/\\\/rosemvd.com\\\/#organization\"},\"potentialAction\":[{\"@type\":\"SearchAction\",\"target\":{\"@type\":\"EntryPoint\",\"urlTemplate\":\"https:\\\/\\\/rosemvd.com\\\/?s={search_term_string}\"},\"query-input\":{\"@type\":\"PropertyValueSpecification\",\"valueRequired\":true,\"valueName\":\"search_term_string\"}}],\"inLanguage\":\"es\"},{\"@type\":\"Organization\",\"@id\":\"https:\\\/\\\/rosemvd.com\\\/#organization\",\"name\":\"ROSE MVD\",\"alternateName\":\"ROSE MVD\",\"url\":\"https:\\\/\\\/rosemvd.com\\\/\",\"logo\":{\"@type\":\"ImageObject\",\"inLanguage\":\"es\",\"@id\":\"https:\\\/\\\/rosemvd.com\\\/#\\\/schema\\\/logo\\\/image\\\/\",\"url\":\"https:\\\/\\\/rosemvd.com\\\/wp-content\\\/uploads\\\/2023\\\/03\\\/Sin-titulo-2_Mesa-de-trabajo-1.png\",\"contentUrl\":\"https:\\\/\\\/rosemvd.com\\\/wp-content\\\/uploads\\\/2023\\\/03\\\/Sin-titulo-2_Mesa-de-trabajo-1.png\",\"width\":2084,\"height\":2084,\"caption\":\"ROSE MVD\"},\"image\":{\"@id\":\"https:\\\/\\\/rosemvd.com\\\/#\\\/schema\\\/logo\\\/image\\\/\"},\"sameAs\":[\"https:\\\/\\\/www.facebook.com\\\/TiendaRoseMvd\",\"https:\\\/\\\/www.instagram.com\\\/rose.mvd\"]}]}<\/script>\n<!-- \/ Yoast SEO plugin. -->","yoast_head_json":{"title":"Polvo Blanqueador De Dientes - ROSE MVD","description":"Polvo blanqueador dental producto de cuidado bucal dise\u00f1ado para ayudar a mejorar la apariencia de los dientes mediante la limpieza de manchas superficiales","robots":{"index":"index","follow":"follow","max-snippet":"max-snippet:-1","max-image-preview":"max-image-preview:large","max-video-preview":"max-video-preview:-1"},"canonical":"https:\/\/rosemvd.com\/index.php\/producto\/polvo-blanqueador-de-dientes\/","og_locale":"es_ES","og_type":"article","og_title":"Polvo Blanqueador De Dientes - ROSE MVD","og_description":"Polvo blanqueador dental producto de cuidado bucal dise\u00f1ado para ayudar a mejorar la apariencia de los dientes mediante la limpieza de manchas superficiales","og_url":"https:\/\/rosemvd.com\/index.php\/producto\/polvo-blanqueador-de-dientes\/","og_site_name":"ROSE MVD","article_publisher":"https:\/\/www.facebook.com\/TiendaRoseMvd","article_modified_time":"2026-04-22T00:59:35+00:00","og_image":[{"width":612,"height":612,"url":"https:\/\/rosemvd.com\/wp-content\/uploads\/2026\/03\/15b8874d-e1ad-417a-859b-7273cbd64737.153a2ee43131154f8b3fef7a9d99e170.webp","type":"image\/webp"}],"twitter_card":"summary_large_image","twitter_misc":{"Tiempo de lectura":"2 minutos"},"schema":{"@context":"https:\/\/schema.org","@graph":[{"@type":"WebPage","@id":"https:\/\/rosemvd.com\/index.php\/producto\/polvo-blanqueador-de-dientes\/","url":"https:\/\/rosemvd.com\/index.php\/producto\/polvo-blanqueador-de-dientes\/","name":"Polvo Blanqueador De Dientes - ROSE MVD","isPartOf":{"@id":"https:\/\/rosemvd.com\/#website"},"primaryImageOfPage":{"@id":"https:\/\/rosemvd.com\/index.php\/producto\/polvo-blanqueador-de-dientes\/#primaryimage"},"image":{"@id":"https:\/\/rosemvd.com\/index.php\/producto\/polvo-blanqueador-de-dientes\/#primaryimage"},"thumbnailUrl":"https:\/\/rosemvd.com\/wp-content\/uploads\/2026\/03\/15b8874d-e1ad-417a-859b-7273cbd64737.153a2ee43131154f8b3fef7a9d99e170.webp","datePublished":"2026-03-13T01:16:06+00:00","dateModified":"2026-04-22T00:59:35+00:00","description":"Polvo blanqueador dental producto de cuidado bucal dise\u00f1ado para ayudar a mejorar la apariencia de los dientes mediante la limpieza de manchas superficiales","breadcrumb":{"@id":"https:\/\/rosemvd.com\/index.php\/producto\/polvo-blanqueador-de-dientes\/#breadcrumb"},"inLanguage":"es","potentialAction":[{"@type":"ReadAction","target":["https:\/\/rosemvd.com\/index.php\/producto\/polvo-blanqueador-de-dientes\/"]}]},{"@type":"ImageObject","inLanguage":"es","@id":"https:\/\/rosemvd.com\/index.php\/producto\/polvo-blanqueador-de-dientes\/#primaryimage","url":"https:\/\/rosemvd.com\/wp-content\/uploads\/2026\/03\/15b8874d-e1ad-417a-859b-7273cbd64737.153a2ee43131154f8b3fef7a9d99e170.webp","contentUrl":"https:\/\/rosemvd.com\/wp-content\/uploads\/2026\/03\/15b8874d-e1ad-417a-859b-7273cbd64737.153a2ee43131154f8b3fef7a9d99e170.webp","width":612,"height":612},{"@type":"BreadcrumbList","@id":"https:\/\/rosemvd.com\/index.php\/producto\/polvo-blanqueador-de-dientes\/#breadcrumb","itemListElement":[{"@type":"ListItem","position":1,"name":"Portada","item":"https:\/\/rosemvd.com\/"},{"@type":"ListItem","position":2,"name":"Tienda","item":"https:\/\/rosemvd.com\/index.php\/tienda\/"},{"@type":"ListItem","position":3,"name":"Polvo Blanqueador De Dientes"}]},{"@type":"WebSite","@id":"https:\/\/rosemvd.com\/#website","url":"https:\/\/rosemvd.com\/","name":"ROSE MVD","description":"Todo lo que no sab\u00edas que necesitabas, lo \u00faltimo en tendencia, utilidad e innovaci\u00f3n","publisher":{"@id":"https:\/\/rosemvd.com\/#organization"},"potentialAction":[{"@type":"SearchAction","target":{"@type":"EntryPoint","urlTemplate":"https:\/\/rosemvd.com\/?s={search_term_string}"},"query-input":{"@type":"PropertyValueSpecification","valueRequired":true,"valueName":"search_term_string"}}],"inLanguage":"es"},{"@type":"Organization","@id":"https:\/\/rosemvd.com\/#organization","name":"ROSE MVD","alternateName":"ROSE MVD","url":"https:\/\/rosemvd.com\/","logo":{"@type":"ImageObject","inLanguage":"es","@id":"https:\/\/rosemvd.com\/#\/schema\/logo\/image\/","url":"https:\/\/rosemvd.com\/wp-content\/uploads\/2023\/03\/Sin-titulo-2_Mesa-de-trabajo-1.png","contentUrl":"https:\/\/rosemvd.com\/wp-content\/uploads\/2023\/03\/Sin-titulo-2_Mesa-de-trabajo-1.png","width":2084,"height":2084,"caption":"ROSE MVD"},"image":{"@id":"https:\/\/rosemvd.com\/#\/schema\/logo\/image\/"},"sameAs":["https:\/\/www.facebook.com\/TiendaRoseMvd","https:\/\/www.instagram.com\/rose.mvd"]}]}},"_links":{"self":[{"href":"https:\/\/rosemvd.com\/index.php\/wp-json\/wp\/v2\/product\/16616","targetHints":{"allow":["GET"]}}],"collection":[{"href":"https:\/\/rosemvd.com\/index.php\/wp-json\/wp\/v2\/product"}],"about":[{"href":"https:\/\/rosemvd.com\/index.php\/wp-json\/wp\/v2\/types\/product"}],"wp:featuredmedia":[{"embeddable":true,"href":"https:\/\/rosemvd.com\/index.php\/wp-json\/wp\/v2\/media\/16617"}],"wp:attachment":[{"href":"https:\/\/rosemvd.com\/index.php\/wp-json\/wp\/v2\/media?parent=16616"}],"wp:term":[{"taxonomy":"product_brand","embeddable":true,"href":"https:\/\/rosemvd.com\/index.php\/wp-json\/wp\/v2\/product_brand?post=16616"},{"taxonomy":"product_cat","embeddable":true,"href":"https:\/\/rosemvd.com\/index.php\/wp-json\/wp\/v2\/product_cat?post=16616"},{"taxonomy":"product_tag","embeddable":true,"href":"https:\/\/rosemvd.com\/index.php\/wp-json\/wp\/v2\/product_tag?post=16616"}],"curies":[{"name":"wp","href":"https:\/\/api.w.org\/{rel}","templated":true}]}}