{"id":16517,"date":"2026-03-04T10:36:20","date_gmt":"2026-03-04T13:36:20","guid":{"rendered":"https:\/\/rosemvd.com\/?post_type=product&#038;p=16517"},"modified":"2026-04-21T09:54:24","modified_gmt":"2026-04-21T12:54:24","slug":"conjunto-lenceria-falda-corazones","status":"publish","type":"product","link":"https:\/\/rosemvd.com\/index.php\/producto\/conjunto-lenceria-falda-corazones\/","title":{"rendered":"Conjunto Lencer\u00eda Falda Corazones"},"content":{"rendered":"<div class=\"flex flex-col text-sm pb-25\">\n<article class=\"text-token-text-primary w-full focus:outline-none [--shadow-height:45px] has-data-writing-block:pointer-events-none has-data-writing-block:-mt-(--shadow-height) has-data-writing-block:pt-(--shadow-height) [&amp;:has([data-writing-block])&gt;*]:pointer-events-auto scroll-mt-[calc(var(--header-height)+min(200px,max(70px,20svh)))]\" dir=\"auto\" tabindex=\"-1\" data-turn-id=\"request-699e0c85-1d38-832a-be1b-99bbf5222649-0\" data-testid=\"conversation-turn-28\" data-scroll-anchor=\"true\" data-turn=\"assistant\">\n<div class=\"text-base my-auto mx-auto pb-10 [--thread-content-margin:--spacing(4)] @w-sm\/main:[--thread-content-margin:--spacing(6)] @w-lg\/main:[--thread-content-margin:--spacing(16)] px-(--thread-content-margin)\">\n<div class=\"[--thread-content-max-width:40rem] @w-lg\/main:[--thread-content-max-width:48rem] mx-auto max-w-(--thread-content-max-width) flex-1 group\/turn-messages focus-visible:outline-hidden relative flex w-full min-w-0 flex-col agent-turn\" tabindex=\"-1\">\n<div class=\"flex max-w-full flex-col grow\">\n<div class=\"min-h-8 text-message relative flex w-full flex-col items-end gap-2 text-start break-words whitespace-normal [.text-message+&amp;]:mt-1\" dir=\"auto\" data-message-author-role=\"assistant\" data-message-id=\"ee0313f7-c725-4324-884b-2d8362aef834\" data-message-model-slug=\"gpt-5-2\">\n<div class=\"flex w-full flex-col gap-1 empty:hidden first:pt-[1px]\">\n<div class=\"markdown prose dark:prose-invert w-full wrap-break-word light markdown-new-styling\">\n<p data-start=\"0\" data-end=\"33\"><strong data-start=\"0\" data-end=\"33\">Conjunto de Lencer\u00eda Femenina<\/strong><\/p>\n<p data-start=\"35\" data-end=\"321\">Descubre una colecci\u00f3n de lencer\u00eda dise\u00f1ada para realzar la belleza natural y brindar comodidad en cada uso. Confeccionada con materiales suaves y delicados al tacto, esta prenda combina estilo, feminidad y detalles cuidadosamente elaborados que aportan un toque elegante y sofisticado.<\/p>\n<p data-start=\"323\" data-end=\"592\">Su dise\u00f1o vers\u00e1til se adapta a diferentes preferencias y ocasiones, ofreciendo un equilibrio ideal entre est\u00e9tica y confort. Las terminaciones finas y el calce favorecedor permiten que la prenda se ajuste armoniosamente al cuerpo, resaltando la silueta de manera sutil.<\/p>\n<p data-start=\"594\" data-end=\"814\">Ideal para momentos especiales, esta lencer\u00eda es una opci\u00f3n perfecta para quienes buscan sentirse seguras, sexys y aut\u00e9nticas.<\/p>\n<p data-start=\"816\" data-end=\"848\"><strong data-start=\"816\" data-end=\"848\">Caracter\u00edsticas principales:<\/strong><\/p>\n<ul>\n<li data-start=\"851\" data-end=\"879\">Talle \u00danico (S\/M)<\/li>\n<li data-start=\"851\" data-end=\"879\">Dise\u00f1o femenino y elegante<\/li>\n<li>Materiales suaves y c\u00f3modos<\/li>\n<li>Calce adaptable y favorecedor<\/li>\n<li data-start=\"948\" data-end=\"993\">Detalles delicados y terminaciones cuidadas<\/li>\n<li data-start=\"996\" data-end=\"1042\">Ideal para uso diario o ocasiones especiales<\/li>\n<\/ul>\n<\/div>\n<\/div>\n<\/div>\n<\/div>\n<div class=\"z-0 flex min-h-[46px] justify-start\"><\/div>\n<div class=\"mt-3 w-full empty:hidden\">\n<div class=\"text-center\"><\/div>\n<\/div>\n<\/div>\n<\/div>\n<\/article>\n<\/div>\n<div class=\"pointer-events-none h-px w-px absolute bottom-0\" aria-hidden=\"true\" data-edge=\"true\"><\/div>\n","protected":false},"excerpt":{"rendered":"<p>Conjunto de Lencer\u00eda Femenina Descubre una colecci\u00f3n de lencer\u00eda dise\u00f1ada para realzar la belleza natural y brindar comodidad en cada uso. Confeccionada con materiales suaves y delicados al tacto, esta prenda combina estilo, feminidad y detalles cuidadosamente elaborados que aportan un toque elegante y sofisticado. Su dise\u00f1o vers\u00e1til se adapta a diferentes preferencias y ocasiones, [&hellip;]<\/p>\n","protected":false},"featured_media":16520,"template":"","meta":{"site-sidebar-layout":"default","site-content-layout":"","ast-site-content-layout":"default","site-content-style":"default","site-sidebar-style":"default","ast-global-header-display":"","ast-banner-title-visibility":"","ast-main-header-display":"","ast-hfb-above-header-display":"","ast-hfb-below-header-display":"","ast-hfb-mobile-header-display":"","site-post-title":"","ast-breadcrumbs-content":"","ast-featured-img":"","footer-sml-layout":"","ast-disable-related-posts":"","theme-transparent-header-meta":"default","adv-header-id-meta":"","stick-header-meta":"","header-above-stick-meta":"","header-main-stick-meta":"","header-below-stick-meta":"","astra-migrate-meta-layouts":"set","ast-page-background-enabled":"default","ast-page-background-meta":{"desktop":{"background-color":"var(--ast-global-color-4)","background-image":"","background-repeat":"repeat","background-position":"center center","background-size":"auto","background-attachment":"scroll","background-type":"","background-media":"","overlay-type":"","overlay-color":"","overlay-opacity":"","overlay-gradient":""},"tablet":{"background-color":"","background-image":"","background-repeat":"repeat","background-position":"center center","background-size":"auto","background-attachment":"scroll","background-type":"","background-media":"","overlay-type":"","overlay-color":"","overlay-opacity":"","overlay-gradient":""},"mobile":{"background-color":"","background-image":"","background-repeat":"repeat","background-position":"center center","background-size":"auto","background-attachment":"scroll","background-type":"","background-media":"","overlay-type":"","overlay-color":"","overlay-opacity":"","overlay-gradient":""}},"ast-content-background-meta":{"desktop":{"background-color":"var(--ast-global-color-5)","background-image":"","background-repeat":"repeat","background-position":"center center","background-size":"auto","background-attachment":"scroll","background-type":"","background-media":"","overlay-type":"","overlay-color":"","overlay-opacity":"","overlay-gradient":""},"tablet":{"background-color":"var(--ast-global-color-5)","background-image":"","background-repeat":"repeat","background-position":"center center","background-size":"auto","background-attachment":"scroll","background-type":"","background-media":"","overlay-type":"","overlay-color":"","overlay-opacity":"","overlay-gradient":""},"mobile":{"background-color":"var(--ast-global-color-5)","background-image":"","background-repeat":"repeat","background-position":"center center","background-size":"auto","background-attachment":"scroll","background-type":"","background-media":"","overlay-type":"","overlay-color":"","overlay-opacity":"","overlay-gradient":""}}},"product_brand":[],"product_cat":[424,446],"product_tag":[],"class_list":{"0":"post-16517","1":"product","2":"type-product","3":"status-publish","4":"has-post-thumbnail","6":"product_cat-lenceria","7":"product_cat-ropa-deporte-y-accesorios","8":"desktop-align-left","9":"tablet-align-left","10":"mobile-align-left","12":"first","13":"instock","14":"shipping-taxable","15":"purchasable","16":"product-type-simple"},"yoast_head":"<!-- This site is optimized with the Yoast SEO plugin v27.3 - https:\/\/yoast.com\/product\/yoast-seo-wordpress\/ -->\n<title>Conjunto Lencer\u00eda Falda Corazones - ROSE MVD<\/title>\n<meta name=\"description\" content=\"Ideal para momentos especiales, esta lencer\u00eda es una opci\u00f3n perfecta para quienes buscan sentirse seguras, sexys y aut\u00e9nticas.\u00a0\" \/>\n<meta name=\"robots\" content=\"index, follow, max-snippet:-1, max-image-preview:large, max-video-preview:-1\" \/>\n<link rel=\"canonical\" href=\"https:\/\/rosemvd.com\/index.php\/producto\/conjunto-lenceria-falda-corazones\/\" \/>\n<meta property=\"og:locale\" content=\"es_ES\" \/>\n<meta property=\"og:type\" content=\"article\" \/>\n<meta property=\"og:title\" content=\"Conjunto Lencer\u00eda Falda Corazones - ROSE MVD\" \/>\n<meta property=\"og:description\" content=\"Ideal para momentos especiales, esta lencer\u00eda es una opci\u00f3n perfecta para quienes buscan sentirse seguras, sexys y aut\u00e9nticas.\u00a0\" \/>\n<meta property=\"og:url\" content=\"https:\/\/rosemvd.com\/index.php\/producto\/conjunto-lenceria-falda-corazones\/\" \/>\n<meta property=\"og:site_name\" content=\"ROSE MVD\" \/>\n<meta property=\"article:publisher\" content=\"https:\/\/www.facebook.com\/TiendaRoseMvd\" \/>\n<meta property=\"article:modified_time\" content=\"2026-04-21T12:54:24+00:00\" \/>\n<meta property=\"og:image\" content=\"https:\/\/rosemvd.com\/wp-content\/uploads\/2026\/03\/D_NQ_NP_2X_800843-MLV106582013861_022026-F.webp\" \/>\n\t<meta property=\"og:image:width\" content=\"613\" \/>\n\t<meta property=\"og:image:height\" content=\"1200\" \/>\n\t<meta property=\"og:image:type\" content=\"image\/webp\" \/>\n<meta name=\"twitter:card\" content=\"summary_large_image\" \/>\n<meta name=\"twitter:label1\" content=\"Tiempo de lectura\" \/>\n\t<meta name=\"twitter:data1\" content=\"1 minuto\" \/>\n<script type=\"application\/ld+json\" class=\"yoast-schema-graph\">{\"@context\":\"https:\\\/\\\/schema.org\",\"@graph\":[{\"@type\":\"WebPage\",\"@id\":\"https:\\\/\\\/rosemvd.com\\\/index.php\\\/producto\\\/conjunto-lenceria-falda-corazones\\\/\",\"url\":\"https:\\\/\\\/rosemvd.com\\\/index.php\\\/producto\\\/conjunto-lenceria-falda-corazones\\\/\",\"name\":\"Conjunto Lencer\u00eda Falda Corazones - ROSE MVD\",\"isPartOf\":{\"@id\":\"https:\\\/\\\/rosemvd.com\\\/#website\"},\"primaryImageOfPage\":{\"@id\":\"https:\\\/\\\/rosemvd.com\\\/index.php\\\/producto\\\/conjunto-lenceria-falda-corazones\\\/#primaryimage\"},\"image\":{\"@id\":\"https:\\\/\\\/rosemvd.com\\\/index.php\\\/producto\\\/conjunto-lenceria-falda-corazones\\\/#primaryimage\"},\"thumbnailUrl\":\"https:\\\/\\\/rosemvd.com\\\/wp-content\\\/uploads\\\/2026\\\/03\\\/D_NQ_NP_2X_800843-MLV106582013861_022026-F.webp\",\"datePublished\":\"2026-03-04T13:36:20+00:00\",\"dateModified\":\"2026-04-21T12:54:24+00:00\",\"description\":\"Ideal para momentos especiales, esta lencer\u00eda es una opci\u00f3n perfecta para quienes buscan sentirse seguras, sexys y aut\u00e9nticas.\u00a0\",\"breadcrumb\":{\"@id\":\"https:\\\/\\\/rosemvd.com\\\/index.php\\\/producto\\\/conjunto-lenceria-falda-corazones\\\/#breadcrumb\"},\"inLanguage\":\"es\",\"potentialAction\":[{\"@type\":\"ReadAction\",\"target\":[\"https:\\\/\\\/rosemvd.com\\\/index.php\\\/producto\\\/conjunto-lenceria-falda-corazones\\\/\"]}]},{\"@type\":\"ImageObject\",\"inLanguage\":\"es\",\"@id\":\"https:\\\/\\\/rosemvd.com\\\/index.php\\\/producto\\\/conjunto-lenceria-falda-corazones\\\/#primaryimage\",\"url\":\"https:\\\/\\\/rosemvd.com\\\/wp-content\\\/uploads\\\/2026\\\/03\\\/D_NQ_NP_2X_800843-MLV106582013861_022026-F.webp\",\"contentUrl\":\"https:\\\/\\\/rosemvd.com\\\/wp-content\\\/uploads\\\/2026\\\/03\\\/D_NQ_NP_2X_800843-MLV106582013861_022026-F.webp\",\"width\":613,\"height\":1200},{\"@type\":\"BreadcrumbList\",\"@id\":\"https:\\\/\\\/rosemvd.com\\\/index.php\\\/producto\\\/conjunto-lenceria-falda-corazones\\\/#breadcrumb\",\"itemListElement\":[{\"@type\":\"ListItem\",\"position\":1,\"name\":\"Portada\",\"item\":\"https:\\\/\\\/rosemvd.com\\\/\"},{\"@type\":\"ListItem\",\"position\":2,\"name\":\"Tienda\",\"item\":\"https:\\\/\\\/rosemvd.com\\\/index.php\\\/tienda\\\/\"},{\"@type\":\"ListItem\",\"position\":3,\"name\":\"Conjunto Lencer\u00eda Falda Corazones\"}]},{\"@type\":\"WebSite\",\"@id\":\"https:\\\/\\\/rosemvd.com\\\/#website\",\"url\":\"https:\\\/\\\/rosemvd.com\\\/\",\"name\":\"ROSE MVD\",\"description\":\"Todo lo que buscas lo pod\u00e9s encontrar en rose mvd, especializados en traer todas las cosas nuevas en tendencia y accesorios diferentes y \u00fanicos.\",\"publisher\":{\"@id\":\"https:\\\/\\\/rosemvd.com\\\/#organization\"},\"potentialAction\":[{\"@type\":\"SearchAction\",\"target\":{\"@type\":\"EntryPoint\",\"urlTemplate\":\"https:\\\/\\\/rosemvd.com\\\/?s={search_term_string}\"},\"query-input\":{\"@type\":\"PropertyValueSpecification\",\"valueRequired\":true,\"valueName\":\"search_term_string\"}}],\"inLanguage\":\"es\"},{\"@type\":\"Organization\",\"@id\":\"https:\\\/\\\/rosemvd.com\\\/#organization\",\"name\":\"ROSE MVD\",\"alternateName\":\"ROSE MVD\",\"url\":\"https:\\\/\\\/rosemvd.com\\\/\",\"logo\":{\"@type\":\"ImageObject\",\"inLanguage\":\"es\",\"@id\":\"https:\\\/\\\/rosemvd.com\\\/#\\\/schema\\\/logo\\\/image\\\/\",\"url\":\"https:\\\/\\\/rosemvd.com\\\/wp-content\\\/uploads\\\/2023\\\/03\\\/Sin-titulo-2_Mesa-de-trabajo-1.png\",\"contentUrl\":\"https:\\\/\\\/rosemvd.com\\\/wp-content\\\/uploads\\\/2023\\\/03\\\/Sin-titulo-2_Mesa-de-trabajo-1.png\",\"width\":2084,\"height\":2084,\"caption\":\"ROSE MVD\"},\"image\":{\"@id\":\"https:\\\/\\\/rosemvd.com\\\/#\\\/schema\\\/logo\\\/image\\\/\"},\"sameAs\":[\"https:\\\/\\\/www.facebook.com\\\/TiendaRoseMvd\",\"https:\\\/\\\/www.instagram.com\\\/rose.mvd\"]}]}<\/script>\n<!-- \/ Yoast SEO plugin. -->","yoast_head_json":{"title":"Conjunto Lencer\u00eda Falda Corazones - ROSE MVD","description":"Ideal para momentos especiales, esta lencer\u00eda es una opci\u00f3n perfecta para quienes buscan sentirse seguras, sexys y aut\u00e9nticas.\u00a0","robots":{"index":"index","follow":"follow","max-snippet":"max-snippet:-1","max-image-preview":"max-image-preview:large","max-video-preview":"max-video-preview:-1"},"canonical":"https:\/\/rosemvd.com\/index.php\/producto\/conjunto-lenceria-falda-corazones\/","og_locale":"es_ES","og_type":"article","og_title":"Conjunto Lencer\u00eda Falda Corazones - ROSE MVD","og_description":"Ideal para momentos especiales, esta lencer\u00eda es una opci\u00f3n perfecta para quienes buscan sentirse seguras, sexys y aut\u00e9nticas.\u00a0","og_url":"https:\/\/rosemvd.com\/index.php\/producto\/conjunto-lenceria-falda-corazones\/","og_site_name":"ROSE MVD","article_publisher":"https:\/\/www.facebook.com\/TiendaRoseMvd","article_modified_time":"2026-04-21T12:54:24+00:00","og_image":[{"width":613,"height":1200,"url":"https:\/\/rosemvd.com\/wp-content\/uploads\/2026\/03\/D_NQ_NP_2X_800843-MLV106582013861_022026-F.webp","type":"image\/webp"}],"twitter_card":"summary_large_image","twitter_misc":{"Tiempo de lectura":"1 minuto"},"schema":{"@context":"https:\/\/schema.org","@graph":[{"@type":"WebPage","@id":"https:\/\/rosemvd.com\/index.php\/producto\/conjunto-lenceria-falda-corazones\/","url":"https:\/\/rosemvd.com\/index.php\/producto\/conjunto-lenceria-falda-corazones\/","name":"Conjunto Lencer\u00eda Falda Corazones - ROSE MVD","isPartOf":{"@id":"https:\/\/rosemvd.com\/#website"},"primaryImageOfPage":{"@id":"https:\/\/rosemvd.com\/index.php\/producto\/conjunto-lenceria-falda-corazones\/#primaryimage"},"image":{"@id":"https:\/\/rosemvd.com\/index.php\/producto\/conjunto-lenceria-falda-corazones\/#primaryimage"},"thumbnailUrl":"https:\/\/rosemvd.com\/wp-content\/uploads\/2026\/03\/D_NQ_NP_2X_800843-MLV106582013861_022026-F.webp","datePublished":"2026-03-04T13:36:20+00:00","dateModified":"2026-04-21T12:54:24+00:00","description":"Ideal para momentos especiales, esta lencer\u00eda es una opci\u00f3n perfecta para quienes buscan sentirse seguras, sexys y aut\u00e9nticas.\u00a0","breadcrumb":{"@id":"https:\/\/rosemvd.com\/index.php\/producto\/conjunto-lenceria-falda-corazones\/#breadcrumb"},"inLanguage":"es","potentialAction":[{"@type":"ReadAction","target":["https:\/\/rosemvd.com\/index.php\/producto\/conjunto-lenceria-falda-corazones\/"]}]},{"@type":"ImageObject","inLanguage":"es","@id":"https:\/\/rosemvd.com\/index.php\/producto\/conjunto-lenceria-falda-corazones\/#primaryimage","url":"https:\/\/rosemvd.com\/wp-content\/uploads\/2026\/03\/D_NQ_NP_2X_800843-MLV106582013861_022026-F.webp","contentUrl":"https:\/\/rosemvd.com\/wp-content\/uploads\/2026\/03\/D_NQ_NP_2X_800843-MLV106582013861_022026-F.webp","width":613,"height":1200},{"@type":"BreadcrumbList","@id":"https:\/\/rosemvd.com\/index.php\/producto\/conjunto-lenceria-falda-corazones\/#breadcrumb","itemListElement":[{"@type":"ListItem","position":1,"name":"Portada","item":"https:\/\/rosemvd.com\/"},{"@type":"ListItem","position":2,"name":"Tienda","item":"https:\/\/rosemvd.com\/index.php\/tienda\/"},{"@type":"ListItem","position":3,"name":"Conjunto Lencer\u00eda Falda Corazones"}]},{"@type":"WebSite","@id":"https:\/\/rosemvd.com\/#website","url":"https:\/\/rosemvd.com\/","name":"ROSE MVD","description":"Todo lo que buscas lo pod\u00e9s encontrar en rose mvd, especializados en traer todas las cosas nuevas en tendencia y accesorios diferentes y \u00fanicos.","publisher":{"@id":"https:\/\/rosemvd.com\/#organization"},"potentialAction":[{"@type":"SearchAction","target":{"@type":"EntryPoint","urlTemplate":"https:\/\/rosemvd.com\/?s={search_term_string}"},"query-input":{"@type":"PropertyValueSpecification","valueRequired":true,"valueName":"search_term_string"}}],"inLanguage":"es"},{"@type":"Organization","@id":"https:\/\/rosemvd.com\/#organization","name":"ROSE MVD","alternateName":"ROSE MVD","url":"https:\/\/rosemvd.com\/","logo":{"@type":"ImageObject","inLanguage":"es","@id":"https:\/\/rosemvd.com\/#\/schema\/logo\/image\/","url":"https:\/\/rosemvd.com\/wp-content\/uploads\/2023\/03\/Sin-titulo-2_Mesa-de-trabajo-1.png","contentUrl":"https:\/\/rosemvd.com\/wp-content\/uploads\/2023\/03\/Sin-titulo-2_Mesa-de-trabajo-1.png","width":2084,"height":2084,"caption":"ROSE MVD"},"image":{"@id":"https:\/\/rosemvd.com\/#\/schema\/logo\/image\/"},"sameAs":["https:\/\/www.facebook.com\/TiendaRoseMvd","https:\/\/www.instagram.com\/rose.mvd"]}]}},"_links":{"self":[{"href":"https:\/\/rosemvd.com\/index.php\/wp-json\/wp\/v2\/product\/16517","targetHints":{"allow":["GET"]}}],"collection":[{"href":"https:\/\/rosemvd.com\/index.php\/wp-json\/wp\/v2\/product"}],"about":[{"href":"https:\/\/rosemvd.com\/index.php\/wp-json\/wp\/v2\/types\/product"}],"wp:featuredmedia":[{"embeddable":true,"href":"https:\/\/rosemvd.com\/index.php\/wp-json\/wp\/v2\/media\/16520"}],"wp:attachment":[{"href":"https:\/\/rosemvd.com\/index.php\/wp-json\/wp\/v2\/media?parent=16517"}],"wp:term":[{"taxonomy":"product_brand","embeddable":true,"href":"https:\/\/rosemvd.com\/index.php\/wp-json\/wp\/v2\/product_brand?post=16517"},{"taxonomy":"product_cat","embeddable":true,"href":"https:\/\/rosemvd.com\/index.php\/wp-json\/wp\/v2\/product_cat?post=16517"},{"taxonomy":"product_tag","embeddable":true,"href":"https:\/\/rosemvd.com\/index.php\/wp-json\/wp\/v2\/product_tag?post=16517"}],"curies":[{"name":"wp","href":"https:\/\/api.w.org\/{rel}","templated":true}]}}