{"id":16440,"date":"2026-02-25T12:38:25","date_gmt":"2026-02-25T15:38:25","guid":{"rendered":"https:\/\/rosemvd.com\/?post_type=product&#038;p=16440"},"modified":"2026-02-25T12:38:32","modified_gmt":"2026-02-25T15:38:32","slug":"camara-endoscopica-usb-flexible-2-m-no-uso-medico","status":"publish","type":"product","link":"https:\/\/rosemvd.com\/index.php\/producto\/camara-endoscopica-usb-flexible-2-m-no-uso-medico\/","title":{"rendered":"C\u00e1mara Endosc\u00f3pica USB Flexible 2 m (no uso m\u00e9dico)"},"content":{"rendered":"<div class=\"flex flex-col text-sm pb-25\">\n<article class=\"text-token-text-primary w-full focus:outline-none [--shadow-height:45px] has-data-writing-block:pointer-events-none has-data-writing-block:-mt-(--shadow-height) has-data-writing-block:pt-(--shadow-height) [&amp;:has([data-writing-block])&gt;*]:pointer-events-auto scroll-mt-[calc(var(--header-height)+min(200px,max(70px,20svh)))]\" dir=\"auto\" tabindex=\"-1\" data-turn-id=\"request-699e0c85-1d38-832a-be1b-99bbf5222649-6\" data-testid=\"conversation-turn-22\" data-scroll-anchor=\"true\" data-turn=\"assistant\">\n<div class=\"text-base my-auto mx-auto pb-10 [--thread-content-margin:--spacing(4)] @w-sm\/main:[--thread-content-margin:--spacing(6)] @w-lg\/main:[--thread-content-margin:--spacing(16)] px-(--thread-content-margin)\">\n<div class=\"[--thread-content-max-width:40rem] @w-lg\/main:[--thread-content-max-width:48rem] mx-auto max-w-(--thread-content-max-width) flex-1 group\/turn-messages focus-visible:outline-hidden relative flex w-full min-w-0 flex-col agent-turn\" tabindex=\"-1\">\n<div class=\"flex max-w-full flex-col grow\">\n<div class=\"min-h-8 text-message relative flex w-full flex-col items-end gap-2 text-start break-words whitespace-normal [.text-message+&amp;]:mt-1\" dir=\"auto\" data-message-author-role=\"assistant\" data-message-id=\"ab7ad924-a333-4e4b-984d-22f3adc7c50c\" data-message-model-slug=\"gpt-5-2\">\n<div class=\"flex w-full flex-col gap-1 empty:hidden first:pt-[1px]\">\n<div class=\"markdown prose dark:prose-invert w-full wrap-break-word light markdown-new-styling\">\n<p data-start=\"0\" data-end=\"76\"><strong data-start=\"0\" data-end=\"76\">C\u00e1mara Endosc\u00f3pica USB Flexible 2 m para Android y PC \u2013 6 LED Ajustables<\/strong><\/p>\n<p data-start=\"78\" data-end=\"497\">La c\u00e1mara endosc\u00f3pica USB flexible es una herramienta pr\u00e1ctica de inspecci\u00f3n visual dise\u00f1ada para acceder a espacios reducidos o de dif\u00edcil alcance, como tuber\u00edas, motores, conductos, equipos electr\u00f3nicos o cavidades estructurales. Su sonda delgada de 7 mm y cable flexible de 2 metros permiten explorar con comodidad mientras se visualiza la imagen en tiempo real desde un celular Android compatible o una computadora.<\/p>\n<p data-start=\"499\" data-end=\"867\">Equipada con 6 luces LED blancas regulables, proporciona iluminaci\u00f3n adecuada en entornos oscuros, mejorando la visibilidad durante la inspecci\u00f3n. El cabezal y el cable son resistentes al agua, lo que permite su uso en condiciones h\u00famedas o polvorientas. Adem\u00e1s, permite capturar fotos y videos directamente en el dispositivo conectado mediante el software compatible.<\/p>\n<p data-start=\"869\" data-end=\"1117\">Se conecta f\u00e1cilmente mediante interfaz USB 2.0 y adaptador incluido, sin necesidad de bater\u00edas externas, aliment\u00e1ndose desde el propio dispositivo. Ideal para mantenimiento, bricolaje, automoci\u00f3n, electricidad, plomer\u00eda y usos t\u00e9cnicos en general.<\/p>\n<p data-start=\"1119\" data-end=\"1151\"><strong data-start=\"1119\" data-end=\"1151\">Caracter\u00edsticas principales:<\/strong><\/p>\n<ul data-start=\"1152\" data-end=\"1487\">\n<li data-start=\"1152\" data-end=\"1211\">\n<p data-start=\"1154\" data-end=\"1211\">Sonda flexible de 2 metros para zonas de dif\u00edcil acceso<\/p>\n<\/li>\n<li data-start=\"1212\" data-end=\"1259\">\n<p data-start=\"1214\" data-end=\"1259\">C\u00e1mara de 7 mm con 6 LED blancos ajustables<\/p>\n<\/li>\n<li data-start=\"1260\" data-end=\"1308\">\n<p data-start=\"1262\" data-end=\"1308\">Visualizaci\u00f3n en tiempo real en celular o PC<\/p>\n<\/li>\n<li data-start=\"1309\" data-end=\"1350\">\n<p data-start=\"1311\" data-end=\"1350\">Captura de fotos y videos (JPG \/ AVI)<\/p>\n<\/li>\n<li data-start=\"1351\" data-end=\"1390\">\n<p data-start=\"1353\" data-end=\"1390\">Cabezal y cable resistentes al agua<\/p>\n<\/li>\n<li data-start=\"1391\" data-end=\"1437\">\n<p data-start=\"1393\" data-end=\"1437\">Alimentaci\u00f3n directa por USB (sin bater\u00eda)<\/p>\n<\/li>\n<li data-start=\"1438\" data-end=\"1487\">\n<p data-start=\"1440\" data-end=\"1487\">Incluye adaptador USB-C y accesorio magn\u00e9tico<\/p>\n<\/li>\n<\/ul>\n<p data-start=\"1489\" data-end=\"1510\"><strong data-start=\"1489\" data-end=\"1510\">Especificaciones:<\/strong><\/p>\n<ul data-start=\"1511\" data-end=\"1876\">\n<li data-start=\"1511\" data-end=\"1557\">\n<p data-start=\"1513\" data-end=\"1557\">Tipo: C\u00e1mara endosc\u00f3pica USB de inspecci\u00f3n<\/p>\n<\/li>\n<li data-start=\"1558\" data-end=\"1586\">\n<p data-start=\"1560\" data-end=\"1586\">Di\u00e1metro de c\u00e1mara: 7 mm<\/p>\n<\/li>\n<li data-start=\"1587\" data-end=\"1614\">\n<p data-start=\"1589\" data-end=\"1614\">Longitud del cable: 2 m<\/p>\n<\/li>\n<li data-start=\"1615\" data-end=\"1651\">\n<p data-start=\"1617\" data-end=\"1651\">Longitud de sonda r\u00edgida: 3,5 cm<\/p>\n<\/li>\n<li data-start=\"1652\" data-end=\"1683\">\n<p data-start=\"1654\" data-end=\"1683\">Resoluci\u00f3n: 640 \u00d7 480 (VGA)<\/p>\n<\/li>\n<li data-start=\"1684\" data-end=\"1705\">\n<p data-start=\"1686\" data-end=\"1705\">Velocidad: 30 fps<\/p>\n<\/li>\n<li data-start=\"1706\" data-end=\"1731\">\n<p data-start=\"1708\" data-end=\"1731\">\u00c1ngulo de visi\u00f3n: 67\u00b0<\/p>\n<\/li>\n<li data-start=\"1732\" data-end=\"1757\">\n<p data-start=\"1734\" data-end=\"1757\">Distancia focal: 4 cm<\/p>\n<\/li>\n<li data-start=\"1758\" data-end=\"1799\">\n<p data-start=\"1760\" data-end=\"1799\">Iluminaci\u00f3n: 6 LED blancos regulables<\/p>\n<\/li>\n<li data-start=\"1800\" data-end=\"1827\">\n<p data-start=\"1802\" data-end=\"1827\">Interfaz: USB 2.0 (OTG)<\/p>\n<\/li>\n<li data-start=\"1828\" data-end=\"1876\">\n<p data-start=\"1830\" data-end=\"1876\">Compatibilidad: Android 5.0+, Windows, Linux<\/p>\n<\/li>\n<\/ul>\n<p data-start=\"1878\" data-end=\"1904\"><strong data-start=\"1878\" data-end=\"1904\">Contenido del paquete:<\/strong><\/p>\n<ul data-start=\"1905\" data-end=\"2040\">\n<li data-start=\"1905\" data-end=\"1933\">\n<p data-start=\"1907\" data-end=\"1933\">1 c\u00e1mara endosc\u00f3pica USB<\/p>\n<\/li>\n<li data-start=\"1934\" data-end=\"1966\">\n<p data-start=\"1936\" data-end=\"1966\">1 accesorio gancho\/magn\u00e9tico<\/p>\n<\/li>\n<li data-start=\"1967\" data-end=\"1993\">\n<p data-start=\"1969\" data-end=\"1993\">1 adaptador V8 a USB-C<\/p>\n<\/li>\n<li data-start=\"1994\" data-end=\"2017\">\n<p data-start=\"1996\" data-end=\"2017\">1 manual de usuario<\/p>\n<\/li>\n<li data-start=\"2018\" data-end=\"2040\">\n<p data-start=\"2020\" data-end=\"2040\">1 empaque original<\/p>\n<\/li>\n<\/ul>\n<p data-start=\"2042\" data-end=\"2112\" data-is-last-node=\"\" data-is-only-node=\"\"><em data-start=\"2042\" data-end=\"2112\" data-is-last-node=\"\">Producto de inspecci\u00f3n t\u00e9cnica no destinado a uso m\u00e9dico o corporal.<\/em><\/p>\n<\/div>\n<\/div>\n<\/div>\n<\/div>\n<div class=\"z-0 flex min-h-[46px] justify-start\"><\/div>\n<div class=\"mt-3 w-full empty:hidden\">\n<div class=\"text-center\"><\/div>\n<\/div>\n<\/div>\n<\/div>\n<\/article>\n<\/div>\n<div class=\"pointer-events-none h-px w-px absolute bottom-0\" aria-hidden=\"true\" data-edge=\"true\"><\/div>\n","protected":false},"excerpt":{"rendered":"<p>C\u00e1mara Endosc\u00f3pica USB Flexible 2 m para Android y PC \u2013 6 LED Ajustables La c\u00e1mara endosc\u00f3pica USB flexible es una herramienta pr\u00e1ctica de inspecci\u00f3n visual dise\u00f1ada para acceder a espacios reducidos o de dif\u00edcil alcance, como tuber\u00edas, motores, conductos, equipos electr\u00f3nicos o cavidades estructurales. Su sonda delgada de 7 mm y cable flexible de [&hellip;]<\/p>\n","protected":false},"featured_media":16443,"template":"","meta":{"site-sidebar-layout":"default","site-content-layout":"","ast-site-content-layout":"default","site-content-style":"default","site-sidebar-style":"default","ast-global-header-display":"","ast-banner-title-visibility":"","ast-main-header-display":"","ast-hfb-above-header-display":"","ast-hfb-below-header-display":"","ast-hfb-mobile-header-display":"","site-post-title":"","ast-breadcrumbs-content":"","ast-featured-img":"","footer-sml-layout":"","ast-disable-related-posts":"","theme-transparent-header-meta":"default","adv-header-id-meta":"","stick-header-meta":"","header-above-stick-meta":"","header-main-stick-meta":"","header-below-stick-meta":"","astra-migrate-meta-layouts":"set","ast-page-background-enabled":"default","ast-page-background-meta":{"desktop":{"background-color":"var(--ast-global-color-4)","background-image":"","background-repeat":"repeat","background-position":"center center","background-size":"auto","background-attachment":"scroll","background-type":"","background-media":"","overlay-type":"","overlay-color":"","overlay-opacity":"","overlay-gradient":""},"tablet":{"background-color":"","background-image":"","background-repeat":"repeat","background-position":"center center","background-size":"auto","background-attachment":"scroll","background-type":"","background-media":"","overlay-type":"","overlay-color":"","overlay-opacity":"","overlay-gradient":""},"mobile":{"background-color":"","background-image":"","background-repeat":"repeat","background-position":"center center","background-size":"auto","background-attachment":"scroll","background-type":"","background-media":"","overlay-type":"","overlay-color":"","overlay-opacity":"","overlay-gradient":""}},"ast-content-background-meta":{"desktop":{"background-color":"var(--ast-global-color-5)","background-image":"","background-repeat":"repeat","background-position":"center center","background-size":"auto","background-attachment":"scroll","background-type":"","background-media":"","overlay-type":"","overlay-color":"","overlay-opacity":"","overlay-gradient":""},"tablet":{"background-color":"var(--ast-global-color-5)","background-image":"","background-repeat":"repeat","background-position":"center center","background-size":"auto","background-attachment":"scroll","background-type":"","background-media":"","overlay-type":"","overlay-color":"","overlay-opacity":"","overlay-gradient":""},"mobile":{"background-color":"var(--ast-global-color-5)","background-image":"","background-repeat":"repeat","background-position":"center center","background-size":"auto","background-attachment":"scroll","background-type":"","background-media":"","overlay-type":"","overlay-color":"","overlay-opacity":"","overlay-gradient":""}}},"product_brand":[],"product_cat":[368,387],"product_tag":[],"class_list":{"0":"post-16440","1":"product","2":"type-product","3":"status-publish","4":"has-post-thumbnail","6":"product_cat-otros","7":"product_cat-tecnologia","8":"desktop-align-left","9":"tablet-align-left","10":"mobile-align-left","12":"first","13":"instock","14":"shipping-taxable","15":"purchasable","16":"product-type-simple"},"yoast_head":"<!-- This site is optimized with the Yoast SEO plugin v27.3 - https:\/\/yoast.com\/product\/yoast-seo-wordpress\/ -->\n<title>C\u00e1mara Endosc\u00f3pica USB Flexible 2 m (no uso m\u00e9dico) - ROSE MVD<\/title>\n<meta name=\"description\" content=\"Herramienta pr\u00e1ctica de inspecci\u00f3n visual dise\u00f1ada para acceder a espacios reducidos o de dif\u00edcil alcance, como tuber\u00edas, motores, conductos, equipos, etc\" \/>\n<meta name=\"robots\" content=\"index, follow, max-snippet:-1, max-image-preview:large, max-video-preview:-1\" \/>\n<link rel=\"canonical\" href=\"https:\/\/rosemvd.com\/index.php\/producto\/camara-endoscopica-usb-flexible-2-m-no-uso-medico\/\" \/>\n<meta property=\"og:locale\" content=\"es_ES\" \/>\n<meta property=\"og:type\" content=\"article\" \/>\n<meta property=\"og:title\" content=\"C\u00e1mara Endosc\u00f3pica USB Flexible 2 m (no uso m\u00e9dico) - ROSE MVD\" \/>\n<meta property=\"og:description\" content=\"Herramienta pr\u00e1ctica de inspecci\u00f3n visual dise\u00f1ada para acceder a espacios reducidos o de dif\u00edcil alcance, como tuber\u00edas, motores, conductos, equipos, etc\" \/>\n<meta property=\"og:url\" content=\"https:\/\/rosemvd.com\/index.php\/producto\/camara-endoscopica-usb-flexible-2-m-no-uso-medico\/\" \/>\n<meta property=\"og:site_name\" content=\"ROSE MVD\" \/>\n<meta property=\"article:publisher\" content=\"https:\/\/www.facebook.com\/TiendaRoseMvd\" \/>\n<meta property=\"article:modified_time\" content=\"2026-02-25T15:38:32+00:00\" \/>\n<meta property=\"og:image\" content=\"https:\/\/rosemvd.com\/wp-content\/uploads\/2026\/02\/D_NQ_NP_2X_647263-MLU73571022003_122023-F.webp\" \/>\n\t<meta property=\"og:image:width\" content=\"1042\" \/>\n\t<meta property=\"og:image:height\" content=\"906\" \/>\n\t<meta property=\"og:image:type\" content=\"image\/webp\" \/>\n<meta name=\"twitter:card\" content=\"summary_large_image\" \/>\n<meta name=\"twitter:label1\" content=\"Tiempo de lectura\" \/>\n\t<meta name=\"twitter:data1\" content=\"2 minutos\" \/>\n<script type=\"application\/ld+json\" class=\"yoast-schema-graph\">{\"@context\":\"https:\\\/\\\/schema.org\",\"@graph\":[{\"@type\":\"WebPage\",\"@id\":\"https:\\\/\\\/rosemvd.com\\\/index.php\\\/producto\\\/camara-endoscopica-usb-flexible-2-m-no-uso-medico\\\/\",\"url\":\"https:\\\/\\\/rosemvd.com\\\/index.php\\\/producto\\\/camara-endoscopica-usb-flexible-2-m-no-uso-medico\\\/\",\"name\":\"C\u00e1mara Endosc\u00f3pica USB Flexible 2 m (no uso m\u00e9dico) - ROSE MVD\",\"isPartOf\":{\"@id\":\"https:\\\/\\\/rosemvd.com\\\/#website\"},\"primaryImageOfPage\":{\"@id\":\"https:\\\/\\\/rosemvd.com\\\/index.php\\\/producto\\\/camara-endoscopica-usb-flexible-2-m-no-uso-medico\\\/#primaryimage\"},\"image\":{\"@id\":\"https:\\\/\\\/rosemvd.com\\\/index.php\\\/producto\\\/camara-endoscopica-usb-flexible-2-m-no-uso-medico\\\/#primaryimage\"},\"thumbnailUrl\":\"https:\\\/\\\/rosemvd.com\\\/wp-content\\\/uploads\\\/2026\\\/02\\\/D_NQ_NP_2X_647263-MLU73571022003_122023-F.webp\",\"datePublished\":\"2026-02-25T15:38:25+00:00\",\"dateModified\":\"2026-02-25T15:38:32+00:00\",\"description\":\"Herramienta pr\u00e1ctica de inspecci\u00f3n visual dise\u00f1ada para acceder a espacios reducidos o de dif\u00edcil alcance, como tuber\u00edas, motores, conductos, equipos, etc\",\"breadcrumb\":{\"@id\":\"https:\\\/\\\/rosemvd.com\\\/index.php\\\/producto\\\/camara-endoscopica-usb-flexible-2-m-no-uso-medico\\\/#breadcrumb\"},\"inLanguage\":\"es\",\"potentialAction\":[{\"@type\":\"ReadAction\",\"target\":[\"https:\\\/\\\/rosemvd.com\\\/index.php\\\/producto\\\/camara-endoscopica-usb-flexible-2-m-no-uso-medico\\\/\"]}]},{\"@type\":\"ImageObject\",\"inLanguage\":\"es\",\"@id\":\"https:\\\/\\\/rosemvd.com\\\/index.php\\\/producto\\\/camara-endoscopica-usb-flexible-2-m-no-uso-medico\\\/#primaryimage\",\"url\":\"https:\\\/\\\/rosemvd.com\\\/wp-content\\\/uploads\\\/2026\\\/02\\\/D_NQ_NP_2X_647263-MLU73571022003_122023-F.webp\",\"contentUrl\":\"https:\\\/\\\/rosemvd.com\\\/wp-content\\\/uploads\\\/2026\\\/02\\\/D_NQ_NP_2X_647263-MLU73571022003_122023-F.webp\",\"width\":1042,\"height\":906},{\"@type\":\"BreadcrumbList\",\"@id\":\"https:\\\/\\\/rosemvd.com\\\/index.php\\\/producto\\\/camara-endoscopica-usb-flexible-2-m-no-uso-medico\\\/#breadcrumb\",\"itemListElement\":[{\"@type\":\"ListItem\",\"position\":1,\"name\":\"Portada\",\"item\":\"https:\\\/\\\/rosemvd.com\\\/\"},{\"@type\":\"ListItem\",\"position\":2,\"name\":\"Tienda\",\"item\":\"https:\\\/\\\/rosemvd.com\\\/index.php\\\/tienda\\\/\"},{\"@type\":\"ListItem\",\"position\":3,\"name\":\"C\u00e1mara Endosc\u00f3pica USB Flexible 2 m (no uso m\u00e9dico)\"}]},{\"@type\":\"WebSite\",\"@id\":\"https:\\\/\\\/rosemvd.com\\\/#website\",\"url\":\"https:\\\/\\\/rosemvd.com\\\/\",\"name\":\"ROSE MVD\",\"description\":\"Todo lo que buscas lo pod\u00e9s encontrar en rose mvd, especializados en traer todas las cosas nuevas en tendencia y accesorios diferentes y \u00fanicos.\",\"publisher\":{\"@id\":\"https:\\\/\\\/rosemvd.com\\\/#organization\"},\"potentialAction\":[{\"@type\":\"SearchAction\",\"target\":{\"@type\":\"EntryPoint\",\"urlTemplate\":\"https:\\\/\\\/rosemvd.com\\\/?s={search_term_string}\"},\"query-input\":{\"@type\":\"PropertyValueSpecification\",\"valueRequired\":true,\"valueName\":\"search_term_string\"}}],\"inLanguage\":\"es\"},{\"@type\":\"Organization\",\"@id\":\"https:\\\/\\\/rosemvd.com\\\/#organization\",\"name\":\"ROSE MVD\",\"alternateName\":\"ROSE MVD\",\"url\":\"https:\\\/\\\/rosemvd.com\\\/\",\"logo\":{\"@type\":\"ImageObject\",\"inLanguage\":\"es\",\"@id\":\"https:\\\/\\\/rosemvd.com\\\/#\\\/schema\\\/logo\\\/image\\\/\",\"url\":\"https:\\\/\\\/rosemvd.com\\\/wp-content\\\/uploads\\\/2023\\\/03\\\/Sin-titulo-2_Mesa-de-trabajo-1.png\",\"contentUrl\":\"https:\\\/\\\/rosemvd.com\\\/wp-content\\\/uploads\\\/2023\\\/03\\\/Sin-titulo-2_Mesa-de-trabajo-1.png\",\"width\":2084,\"height\":2084,\"caption\":\"ROSE MVD\"},\"image\":{\"@id\":\"https:\\\/\\\/rosemvd.com\\\/#\\\/schema\\\/logo\\\/image\\\/\"},\"sameAs\":[\"https:\\\/\\\/www.facebook.com\\\/TiendaRoseMvd\",\"https:\\\/\\\/www.instagram.com\\\/rose.mvd\"]}]}<\/script>\n<!-- \/ Yoast SEO plugin. -->","yoast_head_json":{"title":"C\u00e1mara Endosc\u00f3pica USB Flexible 2 m (no uso m\u00e9dico) - ROSE MVD","description":"Herramienta pr\u00e1ctica de inspecci\u00f3n visual dise\u00f1ada para acceder a espacios reducidos o de dif\u00edcil alcance, como tuber\u00edas, motores, conductos, equipos, etc","robots":{"index":"index","follow":"follow","max-snippet":"max-snippet:-1","max-image-preview":"max-image-preview:large","max-video-preview":"max-video-preview:-1"},"canonical":"https:\/\/rosemvd.com\/index.php\/producto\/camara-endoscopica-usb-flexible-2-m-no-uso-medico\/","og_locale":"es_ES","og_type":"article","og_title":"C\u00e1mara Endosc\u00f3pica USB Flexible 2 m (no uso m\u00e9dico) - ROSE MVD","og_description":"Herramienta pr\u00e1ctica de inspecci\u00f3n visual dise\u00f1ada para acceder a espacios reducidos o de dif\u00edcil alcance, como tuber\u00edas, motores, conductos, equipos, etc","og_url":"https:\/\/rosemvd.com\/index.php\/producto\/camara-endoscopica-usb-flexible-2-m-no-uso-medico\/","og_site_name":"ROSE MVD","article_publisher":"https:\/\/www.facebook.com\/TiendaRoseMvd","article_modified_time":"2026-02-25T15:38:32+00:00","og_image":[{"width":1042,"height":906,"url":"https:\/\/rosemvd.com\/wp-content\/uploads\/2026\/02\/D_NQ_NP_2X_647263-MLU73571022003_122023-F.webp","type":"image\/webp"}],"twitter_card":"summary_large_image","twitter_misc":{"Tiempo de lectura":"2 minutos"},"schema":{"@context":"https:\/\/schema.org","@graph":[{"@type":"WebPage","@id":"https:\/\/rosemvd.com\/index.php\/producto\/camara-endoscopica-usb-flexible-2-m-no-uso-medico\/","url":"https:\/\/rosemvd.com\/index.php\/producto\/camara-endoscopica-usb-flexible-2-m-no-uso-medico\/","name":"C\u00e1mara Endosc\u00f3pica USB Flexible 2 m (no uso m\u00e9dico) - ROSE MVD","isPartOf":{"@id":"https:\/\/rosemvd.com\/#website"},"primaryImageOfPage":{"@id":"https:\/\/rosemvd.com\/index.php\/producto\/camara-endoscopica-usb-flexible-2-m-no-uso-medico\/#primaryimage"},"image":{"@id":"https:\/\/rosemvd.com\/index.php\/producto\/camara-endoscopica-usb-flexible-2-m-no-uso-medico\/#primaryimage"},"thumbnailUrl":"https:\/\/rosemvd.com\/wp-content\/uploads\/2026\/02\/D_NQ_NP_2X_647263-MLU73571022003_122023-F.webp","datePublished":"2026-02-25T15:38:25+00:00","dateModified":"2026-02-25T15:38:32+00:00","description":"Herramienta pr\u00e1ctica de inspecci\u00f3n visual dise\u00f1ada para acceder a espacios reducidos o de dif\u00edcil alcance, como tuber\u00edas, motores, conductos, equipos, etc","breadcrumb":{"@id":"https:\/\/rosemvd.com\/index.php\/producto\/camara-endoscopica-usb-flexible-2-m-no-uso-medico\/#breadcrumb"},"inLanguage":"es","potentialAction":[{"@type":"ReadAction","target":["https:\/\/rosemvd.com\/index.php\/producto\/camara-endoscopica-usb-flexible-2-m-no-uso-medico\/"]}]},{"@type":"ImageObject","inLanguage":"es","@id":"https:\/\/rosemvd.com\/index.php\/producto\/camara-endoscopica-usb-flexible-2-m-no-uso-medico\/#primaryimage","url":"https:\/\/rosemvd.com\/wp-content\/uploads\/2026\/02\/D_NQ_NP_2X_647263-MLU73571022003_122023-F.webp","contentUrl":"https:\/\/rosemvd.com\/wp-content\/uploads\/2026\/02\/D_NQ_NP_2X_647263-MLU73571022003_122023-F.webp","width":1042,"height":906},{"@type":"BreadcrumbList","@id":"https:\/\/rosemvd.com\/index.php\/producto\/camara-endoscopica-usb-flexible-2-m-no-uso-medico\/#breadcrumb","itemListElement":[{"@type":"ListItem","position":1,"name":"Portada","item":"https:\/\/rosemvd.com\/"},{"@type":"ListItem","position":2,"name":"Tienda","item":"https:\/\/rosemvd.com\/index.php\/tienda\/"},{"@type":"ListItem","position":3,"name":"C\u00e1mara Endosc\u00f3pica USB Flexible 2 m (no uso m\u00e9dico)"}]},{"@type":"WebSite","@id":"https:\/\/rosemvd.com\/#website","url":"https:\/\/rosemvd.com\/","name":"ROSE MVD","description":"Todo lo que buscas lo pod\u00e9s encontrar en rose mvd, especializados en traer todas las cosas nuevas en tendencia y accesorios diferentes y \u00fanicos.","publisher":{"@id":"https:\/\/rosemvd.com\/#organization"},"potentialAction":[{"@type":"SearchAction","target":{"@type":"EntryPoint","urlTemplate":"https:\/\/rosemvd.com\/?s={search_term_string}"},"query-input":{"@type":"PropertyValueSpecification","valueRequired":true,"valueName":"search_term_string"}}],"inLanguage":"es"},{"@type":"Organization","@id":"https:\/\/rosemvd.com\/#organization","name":"ROSE MVD","alternateName":"ROSE MVD","url":"https:\/\/rosemvd.com\/","logo":{"@type":"ImageObject","inLanguage":"es","@id":"https:\/\/rosemvd.com\/#\/schema\/logo\/image\/","url":"https:\/\/rosemvd.com\/wp-content\/uploads\/2023\/03\/Sin-titulo-2_Mesa-de-trabajo-1.png","contentUrl":"https:\/\/rosemvd.com\/wp-content\/uploads\/2023\/03\/Sin-titulo-2_Mesa-de-trabajo-1.png","width":2084,"height":2084,"caption":"ROSE MVD"},"image":{"@id":"https:\/\/rosemvd.com\/#\/schema\/logo\/image\/"},"sameAs":["https:\/\/www.facebook.com\/TiendaRoseMvd","https:\/\/www.instagram.com\/rose.mvd"]}]}},"_links":{"self":[{"href":"https:\/\/rosemvd.com\/index.php\/wp-json\/wp\/v2\/product\/16440","targetHints":{"allow":["GET"]}}],"collection":[{"href":"https:\/\/rosemvd.com\/index.php\/wp-json\/wp\/v2\/product"}],"about":[{"href":"https:\/\/rosemvd.com\/index.php\/wp-json\/wp\/v2\/types\/product"}],"wp:featuredmedia":[{"embeddable":true,"href":"https:\/\/rosemvd.com\/index.php\/wp-json\/wp\/v2\/media\/16443"}],"wp:attachment":[{"href":"https:\/\/rosemvd.com\/index.php\/wp-json\/wp\/v2\/media?parent=16440"}],"wp:term":[{"taxonomy":"product_brand","embeddable":true,"href":"https:\/\/rosemvd.com\/index.php\/wp-json\/wp\/v2\/product_brand?post=16440"},{"taxonomy":"product_cat","embeddable":true,"href":"https:\/\/rosemvd.com\/index.php\/wp-json\/wp\/v2\/product_cat?post=16440"},{"taxonomy":"product_tag","embeddable":true,"href":"https:\/\/rosemvd.com\/index.php\/wp-json\/wp\/v2\/product_tag?post=16440"}],"curies":[{"name":"wp","href":"https:\/\/api.w.org\/{rel}","templated":true}]}}