{"id":16361,"date":"2026-02-24T17:35:36","date_gmt":"2026-02-24T20:35:36","guid":{"rendered":"https:\/\/rosemvd.com\/?post_type=product&#038;p=16361"},"modified":"2026-04-22T13:28:03","modified_gmt":"2026-04-22T16:28:03","slug":"desatascador-de-inodoro-de-alta-presion","status":"publish","type":"product","link":"https:\/\/rosemvd.com\/index.php\/producto\/desatascador-de-inodoro-de-alta-presion\/","title":{"rendered":"Desatascador De Inodoro De Alta Presi\u00f3n"},"content":{"rendered":"<p data-start=\"0\" data-end=\"298\">Desatasca de forma r\u00e1pida y eficaz con este desatascador de inodoro de alta presi\u00f3n, dise\u00f1ado para eliminar obstrucciones dif\u00edciles sin necesidad de productos qu\u00edmicos. Su sistema de aire comprimido genera una potente presi\u00f3n que ayuda a despejar ca\u00f1er\u00edas, inodoros, lavabos y desag\u00fces en segundos.<\/p>\n<p data-start=\"300\" data-end=\"550\">Fabricado con materiales resistentes y duraderos, cuenta con un dise\u00f1o ergon\u00f3mico que facilita el agarre y el uso seguro, ofreciendo una soluci\u00f3n vers\u00e1til para el hogar.<\/p>\n<p data-start=\"552\" data-end=\"693\">Ideal para mantenimiento dom\u00e9stico, evita malos olores y atascos persistentes, manteniendo las tuber\u00edas limpias y en correcto funcionamiento.<\/p>\n<p data-start=\"695\" data-end=\"723\">Caracter\u00edsticas principales:<\/p>\n<ul data-start=\"725\" data-end=\"977\">\n<li data-start=\"725\" data-end=\"772\">\n<p data-start=\"727\" data-end=\"772\">Sistema de alta presi\u00f3n por aire comprimido<\/p>\n<\/li>\n<li data-start=\"773\" data-end=\"830\">\n<p data-start=\"775\" data-end=\"830\">Elimina obstrucciones en inodoros, lavabos y desag\u00fces<\/p>\n<\/li>\n<li data-start=\"831\" data-end=\"854\">\n<p data-start=\"833\" data-end=\"854\">Sin uso de qu\u00edmicos<\/p>\n<\/li>\n<li data-start=\"855\" data-end=\"889\">\n<p data-start=\"857\" data-end=\"889\">Dise\u00f1o ergon\u00f3mico y resistente<\/p>\n<\/li>\n<li data-start=\"945\" data-end=\"977\">\n<p data-start=\"947\" data-end=\"977\">Reutilizable y f\u00e1cil de usar<\/p>\n<\/li>\n<\/ul>\n<p data-start=\"979\" data-end=\"1073\">Una herramienta pr\u00e1ctica y eficiente para la limpieza y mantenimiento de tuber\u00edas en el hogar.<\/p>\n","protected":false},"excerpt":{"rendered":"<p>Desatasca de forma r\u00e1pida y eficaz con este desatascador de inodoro de alta presi\u00f3n, dise\u00f1ado para eliminar obstrucciones dif\u00edciles sin necesidad de productos qu\u00edmicos. Su sistema de aire comprimido genera una potente presi\u00f3n que ayuda a despejar ca\u00f1er\u00edas, inodoros, lavabos y desag\u00fces en segundos. Fabricado con materiales resistentes y duraderos, cuenta con un dise\u00f1o ergon\u00f3mico [&hellip;]<\/p>\n","protected":false},"featured_media":16365,"template":"","meta":{"site-sidebar-layout":"default","site-content-layout":"","ast-site-content-layout":"default","site-content-style":"default","site-sidebar-style":"default","ast-global-header-display":"","ast-banner-title-visibility":"","ast-main-header-display":"","ast-hfb-above-header-display":"","ast-hfb-below-header-display":"","ast-hfb-mobile-header-display":"","site-post-title":"","ast-breadcrumbs-content":"","ast-featured-img":"","footer-sml-layout":"","ast-disable-related-posts":"","theme-transparent-header-meta":"default","adv-header-id-meta":"","stick-header-meta":"","header-above-stick-meta":"","header-main-stick-meta":"","header-below-stick-meta":"","astra-migrate-meta-layouts":"set","ast-page-background-enabled":"default","ast-page-background-meta":{"desktop":{"background-color":"var(--ast-global-color-4)","background-image":"","background-repeat":"repeat","background-position":"center center","background-size":"auto","background-attachment":"scroll","background-type":"","background-media":"","overlay-type":"","overlay-color":"","overlay-opacity":"","overlay-gradient":""},"tablet":{"background-color":"","background-image":"","background-repeat":"repeat","background-position":"center center","background-size":"auto","background-attachment":"scroll","background-type":"","background-media":"","overlay-type":"","overlay-color":"","overlay-opacity":"","overlay-gradient":""},"mobile":{"background-color":"","background-image":"","background-repeat":"repeat","background-position":"center center","background-size":"auto","background-attachment":"scroll","background-type":"","background-media":"","overlay-type":"","overlay-color":"","overlay-opacity":"","overlay-gradient":""}},"ast-content-background-meta":{"desktop":{"background-color":"var(--ast-global-color-5)","background-image":"","background-repeat":"repeat","background-position":"center center","background-size":"auto","background-attachment":"scroll","background-type":"","background-media":"","overlay-type":"","overlay-color":"","overlay-opacity":"","overlay-gradient":""},"tablet":{"background-color":"var(--ast-global-color-5)","background-image":"","background-repeat":"repeat","background-position":"center center","background-size":"auto","background-attachment":"scroll","background-type":"","background-media":"","overlay-type":"","overlay-color":"","overlay-opacity":"","overlay-gradient":""},"mobile":{"background-color":"var(--ast-global-color-5)","background-image":"","background-repeat":"repeat","background-position":"center center","background-size":"auto","background-attachment":"scroll","background-type":"","background-media":"","overlay-type":"","overlay-color":"","overlay-opacity":"","overlay-gradient":""}}},"product_brand":[],"product_cat":[459,448],"product_tag":[],"class_list":{"0":"post-16361","1":"product","2":"type-product","3":"status-publish","4":"has-post-thumbnail","6":"product_cat-hogar-y-limpieza","7":"product_cat-tecnologia-y-hogar","8":"desktop-align-left","9":"tablet-align-left","10":"mobile-align-left","12":"first","13":"instock","14":"shipping-taxable","15":"purchasable","16":"product-type-simple"},"yoast_head":"<!-- This site is optimized with the Yoast SEO plugin v27.3 - https:\/\/yoast.com\/product\/yoast-seo-wordpress\/ -->\n<title>Desatascador De Inodoro De Alta Presi\u00f3n - ROSE MVD<\/title>\n<meta name=\"description\" content=\"Desatasca de forma eficaz con este desatascador de inodoro de alta presi\u00f3n, dise\u00f1ado para eliminar obstrucciones dif\u00edciles sin necesidad de qu\u00edmicos\" \/>\n<meta name=\"robots\" content=\"index, follow, max-snippet:-1, max-image-preview:large, max-video-preview:-1\" \/>\n<link rel=\"canonical\" href=\"https:\/\/rosemvd.com\/index.php\/producto\/desatascador-de-inodoro-de-alta-presion\/\" \/>\n<meta property=\"og:locale\" content=\"es_ES\" \/>\n<meta property=\"og:type\" content=\"article\" \/>\n<meta property=\"og:title\" content=\"Desatascador De Inodoro De Alta Presi\u00f3n - ROSE MVD\" \/>\n<meta property=\"og:description\" content=\"Desatasca de forma eficaz con este desatascador de inodoro de alta presi\u00f3n, dise\u00f1ado para eliminar obstrucciones dif\u00edciles sin necesidad de qu\u00edmicos\" \/>\n<meta property=\"og:url\" content=\"https:\/\/rosemvd.com\/index.php\/producto\/desatascador-de-inodoro-de-alta-presion\/\" \/>\n<meta property=\"og:site_name\" content=\"ROSE MVD\" \/>\n<meta property=\"article:publisher\" content=\"https:\/\/www.facebook.com\/TiendaRoseMvd\" \/>\n<meta property=\"article:modified_time\" content=\"2026-04-22T16:28:03+00:00\" \/>\n<meta property=\"og:image\" content=\"https:\/\/rosemvd.com\/wp-content\/uploads\/2026\/02\/D_NQ_NP_2X_675747-MLU76520426973_052024-F.webp\" \/>\n\t<meta property=\"og:image:width\" content=\"800\" \/>\n\t<meta property=\"og:image:height\" content=\"509\" \/>\n\t<meta property=\"og:image:type\" content=\"image\/webp\" \/>\n<meta name=\"twitter:card\" content=\"summary_large_image\" \/>\n<meta name=\"twitter:label1\" content=\"Tiempo de lectura\" \/>\n\t<meta name=\"twitter:data1\" content=\"1 minuto\" \/>\n<script type=\"application\/ld+json\" class=\"yoast-schema-graph\">{\"@context\":\"https:\\\/\\\/schema.org\",\"@graph\":[{\"@type\":\"WebPage\",\"@id\":\"https:\\\/\\\/rosemvd.com\\\/index.php\\\/producto\\\/desatascador-de-inodoro-de-alta-presion\\\/\",\"url\":\"https:\\\/\\\/rosemvd.com\\\/index.php\\\/producto\\\/desatascador-de-inodoro-de-alta-presion\\\/\",\"name\":\"Desatascador De Inodoro De Alta Presi\u00f3n - ROSE MVD\",\"isPartOf\":{\"@id\":\"https:\\\/\\\/rosemvd.com\\\/#website\"},\"primaryImageOfPage\":{\"@id\":\"https:\\\/\\\/rosemvd.com\\\/index.php\\\/producto\\\/desatascador-de-inodoro-de-alta-presion\\\/#primaryimage\"},\"image\":{\"@id\":\"https:\\\/\\\/rosemvd.com\\\/index.php\\\/producto\\\/desatascador-de-inodoro-de-alta-presion\\\/#primaryimage\"},\"thumbnailUrl\":\"https:\\\/\\\/rosemvd.com\\\/wp-content\\\/uploads\\\/2026\\\/02\\\/D_NQ_NP_2X_675747-MLU76520426973_052024-F.webp\",\"datePublished\":\"2026-02-24T20:35:36+00:00\",\"dateModified\":\"2026-04-22T16:28:03+00:00\",\"description\":\"Desatasca de forma eficaz con este desatascador de inodoro de alta presi\u00f3n, dise\u00f1ado para eliminar obstrucciones dif\u00edciles sin necesidad de qu\u00edmicos\",\"breadcrumb\":{\"@id\":\"https:\\\/\\\/rosemvd.com\\\/index.php\\\/producto\\\/desatascador-de-inodoro-de-alta-presion\\\/#breadcrumb\"},\"inLanguage\":\"es\",\"potentialAction\":[{\"@type\":\"ReadAction\",\"target\":[\"https:\\\/\\\/rosemvd.com\\\/index.php\\\/producto\\\/desatascador-de-inodoro-de-alta-presion\\\/\"]}]},{\"@type\":\"ImageObject\",\"inLanguage\":\"es\",\"@id\":\"https:\\\/\\\/rosemvd.com\\\/index.php\\\/producto\\\/desatascador-de-inodoro-de-alta-presion\\\/#primaryimage\",\"url\":\"https:\\\/\\\/rosemvd.com\\\/wp-content\\\/uploads\\\/2026\\\/02\\\/D_NQ_NP_2X_675747-MLU76520426973_052024-F.webp\",\"contentUrl\":\"https:\\\/\\\/rosemvd.com\\\/wp-content\\\/uploads\\\/2026\\\/02\\\/D_NQ_NP_2X_675747-MLU76520426973_052024-F.webp\",\"width\":800,\"height\":509},{\"@type\":\"BreadcrumbList\",\"@id\":\"https:\\\/\\\/rosemvd.com\\\/index.php\\\/producto\\\/desatascador-de-inodoro-de-alta-presion\\\/#breadcrumb\",\"itemListElement\":[{\"@type\":\"ListItem\",\"position\":1,\"name\":\"Portada\",\"item\":\"https:\\\/\\\/rosemvd.com\\\/\"},{\"@type\":\"ListItem\",\"position\":2,\"name\":\"Tienda\",\"item\":\"https:\\\/\\\/rosemvd.com\\\/index.php\\\/tienda\\\/\"},{\"@type\":\"ListItem\",\"position\":3,\"name\":\"Desatascador De Inodoro De Alta Presi\u00f3n\"}]},{\"@type\":\"WebSite\",\"@id\":\"https:\\\/\\\/rosemvd.com\\\/#website\",\"url\":\"https:\\\/\\\/rosemvd.com\\\/\",\"name\":\"ROSE MVD\",\"description\":\"Todo lo que no sab\u00edas que necesitabas, lo \u00faltimo en tendencia, utilidad e innovaci\u00f3n\",\"publisher\":{\"@id\":\"https:\\\/\\\/rosemvd.com\\\/#organization\"},\"potentialAction\":[{\"@type\":\"SearchAction\",\"target\":{\"@type\":\"EntryPoint\",\"urlTemplate\":\"https:\\\/\\\/rosemvd.com\\\/?s={search_term_string}\"},\"query-input\":{\"@type\":\"PropertyValueSpecification\",\"valueRequired\":true,\"valueName\":\"search_term_string\"}}],\"inLanguage\":\"es\"},{\"@type\":\"Organization\",\"@id\":\"https:\\\/\\\/rosemvd.com\\\/#organization\",\"name\":\"ROSE MVD\",\"alternateName\":\"ROSE MVD\",\"url\":\"https:\\\/\\\/rosemvd.com\\\/\",\"logo\":{\"@type\":\"ImageObject\",\"inLanguage\":\"es\",\"@id\":\"https:\\\/\\\/rosemvd.com\\\/#\\\/schema\\\/logo\\\/image\\\/\",\"url\":\"https:\\\/\\\/rosemvd.com\\\/wp-content\\\/uploads\\\/2023\\\/03\\\/Sin-titulo-2_Mesa-de-trabajo-1.png\",\"contentUrl\":\"https:\\\/\\\/rosemvd.com\\\/wp-content\\\/uploads\\\/2023\\\/03\\\/Sin-titulo-2_Mesa-de-trabajo-1.png\",\"width\":2084,\"height\":2084,\"caption\":\"ROSE MVD\"},\"image\":{\"@id\":\"https:\\\/\\\/rosemvd.com\\\/#\\\/schema\\\/logo\\\/image\\\/\"},\"sameAs\":[\"https:\\\/\\\/www.facebook.com\\\/TiendaRoseMvd\",\"https:\\\/\\\/www.instagram.com\\\/rose.mvd\"]}]}<\/script>\n<!-- \/ Yoast SEO plugin. -->","yoast_head_json":{"title":"Desatascador De Inodoro De Alta Presi\u00f3n - ROSE MVD","description":"Desatasca de forma eficaz con este desatascador de inodoro de alta presi\u00f3n, dise\u00f1ado para eliminar obstrucciones dif\u00edciles sin necesidad de qu\u00edmicos","robots":{"index":"index","follow":"follow","max-snippet":"max-snippet:-1","max-image-preview":"max-image-preview:large","max-video-preview":"max-video-preview:-1"},"canonical":"https:\/\/rosemvd.com\/index.php\/producto\/desatascador-de-inodoro-de-alta-presion\/","og_locale":"es_ES","og_type":"article","og_title":"Desatascador De Inodoro De Alta Presi\u00f3n - ROSE MVD","og_description":"Desatasca de forma eficaz con este desatascador de inodoro de alta presi\u00f3n, dise\u00f1ado para eliminar obstrucciones dif\u00edciles sin necesidad de qu\u00edmicos","og_url":"https:\/\/rosemvd.com\/index.php\/producto\/desatascador-de-inodoro-de-alta-presion\/","og_site_name":"ROSE MVD","article_publisher":"https:\/\/www.facebook.com\/TiendaRoseMvd","article_modified_time":"2026-04-22T16:28:03+00:00","og_image":[{"width":800,"height":509,"url":"https:\/\/rosemvd.com\/wp-content\/uploads\/2026\/02\/D_NQ_NP_2X_675747-MLU76520426973_052024-F.webp","type":"image\/webp"}],"twitter_card":"summary_large_image","twitter_misc":{"Tiempo de lectura":"1 minuto"},"schema":{"@context":"https:\/\/schema.org","@graph":[{"@type":"WebPage","@id":"https:\/\/rosemvd.com\/index.php\/producto\/desatascador-de-inodoro-de-alta-presion\/","url":"https:\/\/rosemvd.com\/index.php\/producto\/desatascador-de-inodoro-de-alta-presion\/","name":"Desatascador De Inodoro De Alta Presi\u00f3n - ROSE MVD","isPartOf":{"@id":"https:\/\/rosemvd.com\/#website"},"primaryImageOfPage":{"@id":"https:\/\/rosemvd.com\/index.php\/producto\/desatascador-de-inodoro-de-alta-presion\/#primaryimage"},"image":{"@id":"https:\/\/rosemvd.com\/index.php\/producto\/desatascador-de-inodoro-de-alta-presion\/#primaryimage"},"thumbnailUrl":"https:\/\/rosemvd.com\/wp-content\/uploads\/2026\/02\/D_NQ_NP_2X_675747-MLU76520426973_052024-F.webp","datePublished":"2026-02-24T20:35:36+00:00","dateModified":"2026-04-22T16:28:03+00:00","description":"Desatasca de forma eficaz con este desatascador de inodoro de alta presi\u00f3n, dise\u00f1ado para eliminar obstrucciones dif\u00edciles sin necesidad de qu\u00edmicos","breadcrumb":{"@id":"https:\/\/rosemvd.com\/index.php\/producto\/desatascador-de-inodoro-de-alta-presion\/#breadcrumb"},"inLanguage":"es","potentialAction":[{"@type":"ReadAction","target":["https:\/\/rosemvd.com\/index.php\/producto\/desatascador-de-inodoro-de-alta-presion\/"]}]},{"@type":"ImageObject","inLanguage":"es","@id":"https:\/\/rosemvd.com\/index.php\/producto\/desatascador-de-inodoro-de-alta-presion\/#primaryimage","url":"https:\/\/rosemvd.com\/wp-content\/uploads\/2026\/02\/D_NQ_NP_2X_675747-MLU76520426973_052024-F.webp","contentUrl":"https:\/\/rosemvd.com\/wp-content\/uploads\/2026\/02\/D_NQ_NP_2X_675747-MLU76520426973_052024-F.webp","width":800,"height":509},{"@type":"BreadcrumbList","@id":"https:\/\/rosemvd.com\/index.php\/producto\/desatascador-de-inodoro-de-alta-presion\/#breadcrumb","itemListElement":[{"@type":"ListItem","position":1,"name":"Portada","item":"https:\/\/rosemvd.com\/"},{"@type":"ListItem","position":2,"name":"Tienda","item":"https:\/\/rosemvd.com\/index.php\/tienda\/"},{"@type":"ListItem","position":3,"name":"Desatascador De Inodoro De Alta Presi\u00f3n"}]},{"@type":"WebSite","@id":"https:\/\/rosemvd.com\/#website","url":"https:\/\/rosemvd.com\/","name":"ROSE MVD","description":"Todo lo que no sab\u00edas que necesitabas, lo \u00faltimo en tendencia, utilidad e innovaci\u00f3n","publisher":{"@id":"https:\/\/rosemvd.com\/#organization"},"potentialAction":[{"@type":"SearchAction","target":{"@type":"EntryPoint","urlTemplate":"https:\/\/rosemvd.com\/?s={search_term_string}"},"query-input":{"@type":"PropertyValueSpecification","valueRequired":true,"valueName":"search_term_string"}}],"inLanguage":"es"},{"@type":"Organization","@id":"https:\/\/rosemvd.com\/#organization","name":"ROSE MVD","alternateName":"ROSE MVD","url":"https:\/\/rosemvd.com\/","logo":{"@type":"ImageObject","inLanguage":"es","@id":"https:\/\/rosemvd.com\/#\/schema\/logo\/image\/","url":"https:\/\/rosemvd.com\/wp-content\/uploads\/2023\/03\/Sin-titulo-2_Mesa-de-trabajo-1.png","contentUrl":"https:\/\/rosemvd.com\/wp-content\/uploads\/2023\/03\/Sin-titulo-2_Mesa-de-trabajo-1.png","width":2084,"height":2084,"caption":"ROSE MVD"},"image":{"@id":"https:\/\/rosemvd.com\/#\/schema\/logo\/image\/"},"sameAs":["https:\/\/www.facebook.com\/TiendaRoseMvd","https:\/\/www.instagram.com\/rose.mvd"]}]}},"_links":{"self":[{"href":"https:\/\/rosemvd.com\/index.php\/wp-json\/wp\/v2\/product\/16361","targetHints":{"allow":["GET"]}}],"collection":[{"href":"https:\/\/rosemvd.com\/index.php\/wp-json\/wp\/v2\/product"}],"about":[{"href":"https:\/\/rosemvd.com\/index.php\/wp-json\/wp\/v2\/types\/product"}],"wp:featuredmedia":[{"embeddable":true,"href":"https:\/\/rosemvd.com\/index.php\/wp-json\/wp\/v2\/media\/16365"}],"wp:attachment":[{"href":"https:\/\/rosemvd.com\/index.php\/wp-json\/wp\/v2\/media?parent=16361"}],"wp:term":[{"taxonomy":"product_brand","embeddable":true,"href":"https:\/\/rosemvd.com\/index.php\/wp-json\/wp\/v2\/product_brand?post=16361"},{"taxonomy":"product_cat","embeddable":true,"href":"https:\/\/rosemvd.com\/index.php\/wp-json\/wp\/v2\/product_cat?post=16361"},{"taxonomy":"product_tag","embeddable":true,"href":"https:\/\/rosemvd.com\/index.php\/wp-json\/wp\/v2\/product_tag?post=16361"}],"curies":[{"name":"wp","href":"https:\/\/api.w.org\/{rel}","templated":true}]}}