{"id":16269,"date":"2026-02-13T11:38:38","date_gmt":"2026-02-13T14:38:38","guid":{"rendered":"https:\/\/rosemvd.com\/?post_type=product&#038;p=16269"},"modified":"2026-02-13T11:38:45","modified_gmt":"2026-02-13T14:38:45","slug":"drone-e88-pro-con-camara-dual-4k-hd","status":"publish","type":"product","link":"https:\/\/rosemvd.com\/index.php\/producto\/drone-e88-pro-con-camara-dual-4k-hd\/","title":{"rendered":"Drone E88 Pro con C\u00e1mara Dual 4K HD"},"content":{"rendered":"<h5 data-start=\"0\" data-end=\"61\">Drone E88 Pro con C\u00e1mara Dual 4K HD y WiFi en Tiempo Real<\/h5>\n<p data-start=\"63\" data-end=\"381\">El <strong data-start=\"66\" data-end=\"83\">E88 Pro Drone<\/strong> es un dispositivo de alto rendimiento dise\u00f1ado para capturar im\u00e1genes a\u00e9reas n\u00edtidas y videos de gran calidad. Equipado con <strong data-start=\"208\" data-end=\"229\">c\u00e1mara dual 4K HD<\/strong> y transmisi\u00f3n <strong data-start=\"244\" data-end=\"267\">WiFi en tiempo real<\/strong>, permite visualizar en tu tel\u00e9fono inteligente todo lo que el dron graba, ofreciendo una perspectiva a\u00e9rea \u00fanica.<\/p>\n<p data-start=\"383\" data-end=\"610\">Su sistema <strong data-start=\"394\" data-end=\"421\">FPV (First Person View)<\/strong> facilita ver im\u00e1genes directamente desde el lente gran angular en la aplicaci\u00f3n m\u00f3vil, ampliando tus posibilidades creativas y permitiendo compartir f\u00e1cilmente tus tomas en redes sociales.<\/p>\n<h5 data-start=\"612\" data-end=\"655\">Modos de vuelo y funciones inteligentes<\/h5>\n<p data-start=\"657\" data-end=\"730\">El E88 Pro incluye m\u00faltiples modos que hacen la experiencia m\u00e1s din\u00e1mica:<\/p>\n<ul data-start=\"732\" data-end=\"973\">\n<li data-start=\"732\" data-end=\"745\">\n<p data-start=\"734\" data-end=\"745\">Giro 360\u00b0<\/p>\n<\/li>\n<li data-start=\"746\" data-end=\"764\">\n<p data-start=\"748\" data-end=\"764\">Vuelo circular<\/p>\n<\/li>\n<li data-start=\"765\" data-end=\"795\">\n<p data-start=\"767\" data-end=\"795\">Rotaci\u00f3n de alta velocidad<\/p>\n<\/li>\n<li data-start=\"796\" data-end=\"871\">\n<p data-start=\"798\" data-end=\"871\">Funci\u00f3n de trayectoria personalizada (dibuja la ruta desde tu tel\u00e9fono)<\/p>\n<\/li>\n<li data-start=\"872\" data-end=\"891\">\n<p data-start=\"874\" data-end=\"891\">Modo sin cabeza<\/p>\n<\/li>\n<li data-start=\"892\" data-end=\"928\">\n<p data-start=\"894\" data-end=\"928\">Modo de mantenimiento de altitud<\/p>\n<\/li>\n<li data-start=\"929\" data-end=\"973\">\n<p data-start=\"931\" data-end=\"973\">Despegue y aterrizaje con una sola tecla<\/p>\n<\/li>\n<\/ul>\n<p data-start=\"975\" data-end=\"1069\">Estas funciones lo hacen ideal tanto para principiantes como para usuarios m\u00e1s experimentados.<\/p>\n<h5 data-start=\"1071\" data-end=\"1101\">Dise\u00f1o port\u00e1til y pr\u00e1ctico<\/h5>\n<p data-start=\"1103\" data-end=\"1310\">Su <strong data-start=\"1106\" data-end=\"1129\">estructura plegable<\/strong> y cuchillas flexibles permiten transportarlo f\u00e1cilmente. Incluye funda port\u00e1til para llevarlo c\u00f3modamente al aire libre. Cuenta con bater\u00eda modular que optimiza el tiempo de vuelo.<\/p>\n<h5 data-start=\"1312\" data-end=\"1345\">Especificaciones principales:<\/h5>\n<ul data-start=\"1347\" data-end=\"1549\">\n<li data-start=\"1347\" data-end=\"1368\">\n<p data-start=\"1349\" data-end=\"1368\">C\u00e1mara dual 4K HD<\/p>\n<\/li>\n<li data-start=\"1369\" data-end=\"1404\">\n<p data-start=\"1371\" data-end=\"1404\">Transmisi\u00f3n WiFi en tiempo real<\/p>\n<\/li>\n<li data-start=\"1405\" data-end=\"1435\">\n<p data-start=\"1407\" data-end=\"1435\">Compatible con smartphones<\/p>\n<\/li>\n<li data-start=\"1436\" data-end=\"1466\">\n<p data-start=\"1438\" data-end=\"1466\">Dise\u00f1o plegable y port\u00e1til<\/p>\n<\/li>\n<li data-start=\"1467\" data-end=\"1486\">\n<p data-start=\"1469\" data-end=\"1486\">Incluye bater\u00eda<\/p>\n<\/li>\n<li data-start=\"1487\" data-end=\"1503\">\n<p data-start=\"1489\" data-end=\"1503\">Color: Negro<\/p>\n<\/li>\n<li data-start=\"1504\" data-end=\"1521\">\n<p data-start=\"1506\" data-end=\"1521\">Peso: 0.73 lb<\/p>\n<\/li>\n<li data-start=\"1522\" data-end=\"1549\">\n<p data-start=\"1524\" data-end=\"1549\">Tipo de c\u00e1mara: trasera<\/p>\n<\/li>\n<\/ul>\n<h5 data-start=\"1551\" data-end=\"1566\">Aviso legal<\/h5>\n<p data-start=\"1567\" data-end=\"1650\">La duraci\u00f3n de la bater\u00eda puede variar seg\u00fan el uso y las condiciones de operaci\u00f3n.<\/p>\n<p data-start=\"1652\" data-end=\"1781\" data-is-last-node=\"\" data-is-only-node=\"\">Una excelente opci\u00f3n para quienes buscan capturar im\u00e1genes a\u00e9reas y disfrutar de una experiencia de vuelo pr\u00e1ctica y entretenida.<\/p>\n","protected":false},"excerpt":{"rendered":"<p>Drone E88 Pro con C\u00e1mara Dual 4K HD y WiFi en Tiempo Real El E88 Pro Drone es un dispositivo de alto rendimiento dise\u00f1ado para capturar im\u00e1genes a\u00e9reas n\u00edtidas y videos de gran calidad. Equipado con c\u00e1mara dual 4K HD y transmisi\u00f3n WiFi en tiempo real, permite visualizar en tu tel\u00e9fono inteligente todo lo que [&hellip;]<\/p>\n","protected":false},"featured_media":16273,"template":"","meta":{"site-sidebar-layout":"default","site-content-layout":"","ast-site-content-layout":"default","site-content-style":"default","site-sidebar-style":"default","ast-global-header-display":"","ast-banner-title-visibility":"","ast-main-header-display":"","ast-hfb-above-header-display":"","ast-hfb-below-header-display":"","ast-hfb-mobile-header-display":"","site-post-title":"","ast-breadcrumbs-content":"","ast-featured-img":"","footer-sml-layout":"","ast-disable-related-posts":"","theme-transparent-header-meta":"default","adv-header-id-meta":"","stick-header-meta":"","header-above-stick-meta":"","header-main-stick-meta":"","header-below-stick-meta":"","astra-migrate-meta-layouts":"set","ast-page-background-enabled":"default","ast-page-background-meta":{"desktop":{"background-color":"var(--ast-global-color-4)","background-image":"","background-repeat":"repeat","background-position":"center center","background-size":"auto","background-attachment":"scroll","background-type":"","background-media":"","overlay-type":"","overlay-color":"","overlay-opacity":"","overlay-gradient":""},"tablet":{"background-color":"","background-image":"","background-repeat":"repeat","background-position":"center center","background-size":"auto","background-attachment":"scroll","background-type":"","background-media":"","overlay-type":"","overlay-color":"","overlay-opacity":"","overlay-gradient":""},"mobile":{"background-color":"","background-image":"","background-repeat":"repeat","background-position":"center center","background-size":"auto","background-attachment":"scroll","background-type":"","background-media":"","overlay-type":"","overlay-color":"","overlay-opacity":"","overlay-gradient":""}},"ast-content-background-meta":{"desktop":{"background-color":"var(--ast-global-color-5)","background-image":"","background-repeat":"repeat","background-position":"center center","background-size":"auto","background-attachment":"scroll","background-type":"","background-media":"","overlay-type":"","overlay-color":"","overlay-opacity":"","overlay-gradient":""},"tablet":{"background-color":"var(--ast-global-color-5)","background-image":"","background-repeat":"repeat","background-position":"center center","background-size":"auto","background-attachment":"scroll","background-type":"","background-media":"","overlay-type":"","overlay-color":"","overlay-opacity":"","overlay-gradient":""},"mobile":{"background-color":"var(--ast-global-color-5)","background-image":"","background-repeat":"repeat","background-position":"center center","background-size":"auto","background-attachment":"scroll","background-type":"","background-media":"","overlay-type":"","overlay-color":"","overlay-opacity":"","overlay-gradient":""}}},"product_brand":[],"product_cat":[368,387],"product_tag":[],"class_list":{"0":"post-16269","1":"product","2":"type-product","3":"status-publish","4":"has-post-thumbnail","6":"product_cat-otros","7":"product_cat-tecnologia","8":"desktop-align-left","9":"tablet-align-left","10":"mobile-align-left","12":"first","13":"instock","14":"shipping-taxable","15":"purchasable","16":"product-type-simple"},"yoast_head":"<!-- This site is optimized with the Yoast SEO plugin v27.3 - https:\/\/yoast.com\/product\/yoast-seo-wordpress\/ -->\n<title>Drone E88 Pro con C\u00e1mara Dual 4K HD - ROSE MVD<\/title>\n<meta name=\"description\" content=\"E88 Pro Drone es un dispositivo de alto rendimiento dise\u00f1ado para capturar im\u00e1genes a\u00e9reas n\u00edtidas y videos de gran calidad. Equipado con c\u00e1mara dual 4K HD\" \/>\n<meta name=\"robots\" content=\"index, follow, max-snippet:-1, max-image-preview:large, max-video-preview:-1\" \/>\n<link rel=\"canonical\" href=\"https:\/\/rosemvd.com\/index.php\/producto\/drone-e88-pro-con-camara-dual-4k-hd\/\" \/>\n<meta property=\"og:locale\" content=\"es_ES\" \/>\n<meta property=\"og:type\" content=\"article\" \/>\n<meta property=\"og:title\" content=\"Drone E88 Pro con C\u00e1mara Dual 4K HD - ROSE MVD\" \/>\n<meta property=\"og:description\" content=\"E88 Pro Drone es un dispositivo de alto rendimiento dise\u00f1ado para capturar im\u00e1genes a\u00e9reas n\u00edtidas y videos de gran calidad. Equipado con c\u00e1mara dual 4K HD\" \/>\n<meta property=\"og:url\" content=\"https:\/\/rosemvd.com\/index.php\/producto\/drone-e88-pro-con-camara-dual-4k-hd\/\" \/>\n<meta property=\"og:site_name\" content=\"ROSE MVD\" \/>\n<meta property=\"article:publisher\" content=\"https:\/\/www.facebook.com\/TiendaRoseMvd\" \/>\n<meta property=\"article:modified_time\" content=\"2026-02-13T14:38:45+00:00\" \/>\n<meta property=\"og:image\" content=\"https:\/\/rosemvd.com\/wp-content\/uploads\/2026\/02\/D_NQ_NP_2X_781845-MLA99448813242_112025-F.webp\" \/>\n\t<meta property=\"og:image:width\" content=\"640\" \/>\n\t<meta property=\"og:image:height\" content=\"562\" \/>\n\t<meta property=\"og:image:type\" content=\"image\/webp\" \/>\n<meta name=\"twitter:card\" content=\"summary_large_image\" \/>\n<meta name=\"twitter:label1\" content=\"Tiempo de lectura\" \/>\n\t<meta name=\"twitter:data1\" content=\"2 minutos\" \/>\n<script type=\"application\/ld+json\" class=\"yoast-schema-graph\">{\"@context\":\"https:\\\/\\\/schema.org\",\"@graph\":[{\"@type\":\"WebPage\",\"@id\":\"https:\\\/\\\/rosemvd.com\\\/index.php\\\/producto\\\/drone-e88-pro-con-camara-dual-4k-hd\\\/\",\"url\":\"https:\\\/\\\/rosemvd.com\\\/index.php\\\/producto\\\/drone-e88-pro-con-camara-dual-4k-hd\\\/\",\"name\":\"Drone E88 Pro con C\u00e1mara Dual 4K HD - ROSE MVD\",\"isPartOf\":{\"@id\":\"https:\\\/\\\/rosemvd.com\\\/#website\"},\"primaryImageOfPage\":{\"@id\":\"https:\\\/\\\/rosemvd.com\\\/index.php\\\/producto\\\/drone-e88-pro-con-camara-dual-4k-hd\\\/#primaryimage\"},\"image\":{\"@id\":\"https:\\\/\\\/rosemvd.com\\\/index.php\\\/producto\\\/drone-e88-pro-con-camara-dual-4k-hd\\\/#primaryimage\"},\"thumbnailUrl\":\"https:\\\/\\\/rosemvd.com\\\/wp-content\\\/uploads\\\/2026\\\/02\\\/D_NQ_NP_2X_781845-MLA99448813242_112025-F.webp\",\"datePublished\":\"2026-02-13T14:38:38+00:00\",\"dateModified\":\"2026-02-13T14:38:45+00:00\",\"description\":\"E88 Pro Drone es un dispositivo de alto rendimiento dise\u00f1ado para capturar im\u00e1genes a\u00e9reas n\u00edtidas y videos de gran calidad. Equipado con c\u00e1mara dual 4K HD\",\"breadcrumb\":{\"@id\":\"https:\\\/\\\/rosemvd.com\\\/index.php\\\/producto\\\/drone-e88-pro-con-camara-dual-4k-hd\\\/#breadcrumb\"},\"inLanguage\":\"es\",\"potentialAction\":[{\"@type\":\"ReadAction\",\"target\":[\"https:\\\/\\\/rosemvd.com\\\/index.php\\\/producto\\\/drone-e88-pro-con-camara-dual-4k-hd\\\/\"]}]},{\"@type\":\"ImageObject\",\"inLanguage\":\"es\",\"@id\":\"https:\\\/\\\/rosemvd.com\\\/index.php\\\/producto\\\/drone-e88-pro-con-camara-dual-4k-hd\\\/#primaryimage\",\"url\":\"https:\\\/\\\/rosemvd.com\\\/wp-content\\\/uploads\\\/2026\\\/02\\\/D_NQ_NP_2X_781845-MLA99448813242_112025-F.webp\",\"contentUrl\":\"https:\\\/\\\/rosemvd.com\\\/wp-content\\\/uploads\\\/2026\\\/02\\\/D_NQ_NP_2X_781845-MLA99448813242_112025-F.webp\",\"width\":640,\"height\":562},{\"@type\":\"BreadcrumbList\",\"@id\":\"https:\\\/\\\/rosemvd.com\\\/index.php\\\/producto\\\/drone-e88-pro-con-camara-dual-4k-hd\\\/#breadcrumb\",\"itemListElement\":[{\"@type\":\"ListItem\",\"position\":1,\"name\":\"Portada\",\"item\":\"https:\\\/\\\/rosemvd.com\\\/\"},{\"@type\":\"ListItem\",\"position\":2,\"name\":\"Tienda\",\"item\":\"https:\\\/\\\/rosemvd.com\\\/index.php\\\/tienda\\\/\"},{\"@type\":\"ListItem\",\"position\":3,\"name\":\"Drone E88 Pro con C\u00e1mara Dual 4K HD\"}]},{\"@type\":\"WebSite\",\"@id\":\"https:\\\/\\\/rosemvd.com\\\/#website\",\"url\":\"https:\\\/\\\/rosemvd.com\\\/\",\"name\":\"ROSE MVD\",\"description\":\"Todo lo que buscas lo pod\u00e9s encontrar en rose mvd, especializados en traer todas las cosas nuevas en tendencia y accesorios diferentes y \u00fanicos.\",\"publisher\":{\"@id\":\"https:\\\/\\\/rosemvd.com\\\/#organization\"},\"potentialAction\":[{\"@type\":\"SearchAction\",\"target\":{\"@type\":\"EntryPoint\",\"urlTemplate\":\"https:\\\/\\\/rosemvd.com\\\/?s={search_term_string}\"},\"query-input\":{\"@type\":\"PropertyValueSpecification\",\"valueRequired\":true,\"valueName\":\"search_term_string\"}}],\"inLanguage\":\"es\"},{\"@type\":\"Organization\",\"@id\":\"https:\\\/\\\/rosemvd.com\\\/#organization\",\"name\":\"ROSE MVD\",\"alternateName\":\"ROSE MVD\",\"url\":\"https:\\\/\\\/rosemvd.com\\\/\",\"logo\":{\"@type\":\"ImageObject\",\"inLanguage\":\"es\",\"@id\":\"https:\\\/\\\/rosemvd.com\\\/#\\\/schema\\\/logo\\\/image\\\/\",\"url\":\"https:\\\/\\\/rosemvd.com\\\/wp-content\\\/uploads\\\/2023\\\/03\\\/Sin-titulo-2_Mesa-de-trabajo-1.png\",\"contentUrl\":\"https:\\\/\\\/rosemvd.com\\\/wp-content\\\/uploads\\\/2023\\\/03\\\/Sin-titulo-2_Mesa-de-trabajo-1.png\",\"width\":2084,\"height\":2084,\"caption\":\"ROSE MVD\"},\"image\":{\"@id\":\"https:\\\/\\\/rosemvd.com\\\/#\\\/schema\\\/logo\\\/image\\\/\"},\"sameAs\":[\"https:\\\/\\\/www.facebook.com\\\/TiendaRoseMvd\",\"https:\\\/\\\/www.instagram.com\\\/rose.mvd\"]}]}<\/script>\n<!-- \/ Yoast SEO plugin. -->","yoast_head_json":{"title":"Drone E88 Pro con C\u00e1mara Dual 4K HD - ROSE MVD","description":"E88 Pro Drone es un dispositivo de alto rendimiento dise\u00f1ado para capturar im\u00e1genes a\u00e9reas n\u00edtidas y videos de gran calidad. Equipado con c\u00e1mara dual 4K HD","robots":{"index":"index","follow":"follow","max-snippet":"max-snippet:-1","max-image-preview":"max-image-preview:large","max-video-preview":"max-video-preview:-1"},"canonical":"https:\/\/rosemvd.com\/index.php\/producto\/drone-e88-pro-con-camara-dual-4k-hd\/","og_locale":"es_ES","og_type":"article","og_title":"Drone E88 Pro con C\u00e1mara Dual 4K HD - ROSE MVD","og_description":"E88 Pro Drone es un dispositivo de alto rendimiento dise\u00f1ado para capturar im\u00e1genes a\u00e9reas n\u00edtidas y videos de gran calidad. Equipado con c\u00e1mara dual 4K HD","og_url":"https:\/\/rosemvd.com\/index.php\/producto\/drone-e88-pro-con-camara-dual-4k-hd\/","og_site_name":"ROSE MVD","article_publisher":"https:\/\/www.facebook.com\/TiendaRoseMvd","article_modified_time":"2026-02-13T14:38:45+00:00","og_image":[{"width":640,"height":562,"url":"https:\/\/rosemvd.com\/wp-content\/uploads\/2026\/02\/D_NQ_NP_2X_781845-MLA99448813242_112025-F.webp","type":"image\/webp"}],"twitter_card":"summary_large_image","twitter_misc":{"Tiempo de lectura":"2 minutos"},"schema":{"@context":"https:\/\/schema.org","@graph":[{"@type":"WebPage","@id":"https:\/\/rosemvd.com\/index.php\/producto\/drone-e88-pro-con-camara-dual-4k-hd\/","url":"https:\/\/rosemvd.com\/index.php\/producto\/drone-e88-pro-con-camara-dual-4k-hd\/","name":"Drone E88 Pro con C\u00e1mara Dual 4K HD - ROSE MVD","isPartOf":{"@id":"https:\/\/rosemvd.com\/#website"},"primaryImageOfPage":{"@id":"https:\/\/rosemvd.com\/index.php\/producto\/drone-e88-pro-con-camara-dual-4k-hd\/#primaryimage"},"image":{"@id":"https:\/\/rosemvd.com\/index.php\/producto\/drone-e88-pro-con-camara-dual-4k-hd\/#primaryimage"},"thumbnailUrl":"https:\/\/rosemvd.com\/wp-content\/uploads\/2026\/02\/D_NQ_NP_2X_781845-MLA99448813242_112025-F.webp","datePublished":"2026-02-13T14:38:38+00:00","dateModified":"2026-02-13T14:38:45+00:00","description":"E88 Pro Drone es un dispositivo de alto rendimiento dise\u00f1ado para capturar im\u00e1genes a\u00e9reas n\u00edtidas y videos de gran calidad. Equipado con c\u00e1mara dual 4K HD","breadcrumb":{"@id":"https:\/\/rosemvd.com\/index.php\/producto\/drone-e88-pro-con-camara-dual-4k-hd\/#breadcrumb"},"inLanguage":"es","potentialAction":[{"@type":"ReadAction","target":["https:\/\/rosemvd.com\/index.php\/producto\/drone-e88-pro-con-camara-dual-4k-hd\/"]}]},{"@type":"ImageObject","inLanguage":"es","@id":"https:\/\/rosemvd.com\/index.php\/producto\/drone-e88-pro-con-camara-dual-4k-hd\/#primaryimage","url":"https:\/\/rosemvd.com\/wp-content\/uploads\/2026\/02\/D_NQ_NP_2X_781845-MLA99448813242_112025-F.webp","contentUrl":"https:\/\/rosemvd.com\/wp-content\/uploads\/2026\/02\/D_NQ_NP_2X_781845-MLA99448813242_112025-F.webp","width":640,"height":562},{"@type":"BreadcrumbList","@id":"https:\/\/rosemvd.com\/index.php\/producto\/drone-e88-pro-con-camara-dual-4k-hd\/#breadcrumb","itemListElement":[{"@type":"ListItem","position":1,"name":"Portada","item":"https:\/\/rosemvd.com\/"},{"@type":"ListItem","position":2,"name":"Tienda","item":"https:\/\/rosemvd.com\/index.php\/tienda\/"},{"@type":"ListItem","position":3,"name":"Drone E88 Pro con C\u00e1mara Dual 4K HD"}]},{"@type":"WebSite","@id":"https:\/\/rosemvd.com\/#website","url":"https:\/\/rosemvd.com\/","name":"ROSE MVD","description":"Todo lo que buscas lo pod\u00e9s encontrar en rose mvd, especializados en traer todas las cosas nuevas en tendencia y accesorios diferentes y \u00fanicos.","publisher":{"@id":"https:\/\/rosemvd.com\/#organization"},"potentialAction":[{"@type":"SearchAction","target":{"@type":"EntryPoint","urlTemplate":"https:\/\/rosemvd.com\/?s={search_term_string}"},"query-input":{"@type":"PropertyValueSpecification","valueRequired":true,"valueName":"search_term_string"}}],"inLanguage":"es"},{"@type":"Organization","@id":"https:\/\/rosemvd.com\/#organization","name":"ROSE MVD","alternateName":"ROSE MVD","url":"https:\/\/rosemvd.com\/","logo":{"@type":"ImageObject","inLanguage":"es","@id":"https:\/\/rosemvd.com\/#\/schema\/logo\/image\/","url":"https:\/\/rosemvd.com\/wp-content\/uploads\/2023\/03\/Sin-titulo-2_Mesa-de-trabajo-1.png","contentUrl":"https:\/\/rosemvd.com\/wp-content\/uploads\/2023\/03\/Sin-titulo-2_Mesa-de-trabajo-1.png","width":2084,"height":2084,"caption":"ROSE MVD"},"image":{"@id":"https:\/\/rosemvd.com\/#\/schema\/logo\/image\/"},"sameAs":["https:\/\/www.facebook.com\/TiendaRoseMvd","https:\/\/www.instagram.com\/rose.mvd"]}]}},"_links":{"self":[{"href":"https:\/\/rosemvd.com\/index.php\/wp-json\/wp\/v2\/product\/16269","targetHints":{"allow":["GET"]}}],"collection":[{"href":"https:\/\/rosemvd.com\/index.php\/wp-json\/wp\/v2\/product"}],"about":[{"href":"https:\/\/rosemvd.com\/index.php\/wp-json\/wp\/v2\/types\/product"}],"wp:featuredmedia":[{"embeddable":true,"href":"https:\/\/rosemvd.com\/index.php\/wp-json\/wp\/v2\/media\/16273"}],"wp:attachment":[{"href":"https:\/\/rosemvd.com\/index.php\/wp-json\/wp\/v2\/media?parent=16269"}],"wp:term":[{"taxonomy":"product_brand","embeddable":true,"href":"https:\/\/rosemvd.com\/index.php\/wp-json\/wp\/v2\/product_brand?post=16269"},{"taxonomy":"product_cat","embeddable":true,"href":"https:\/\/rosemvd.com\/index.php\/wp-json\/wp\/v2\/product_cat?post=16269"},{"taxonomy":"product_tag","embeddable":true,"href":"https:\/\/rosemvd.com\/index.php\/wp-json\/wp\/v2\/product_tag?post=16269"}],"curies":[{"name":"wp","href":"https:\/\/api.w.org\/{rel}","templated":true}]}}