{"id":16253,"date":"2026-02-12T11:35:57","date_gmt":"2026-02-12T14:35:57","guid":{"rendered":"https:\/\/rosemvd.com\/?post_type=product&#038;p=16253"},"modified":"2026-03-25T13:15:08","modified_gmt":"2026-03-25T16:15:08","slug":"carbon-activado-blanqueador-dental","status":"publish","type":"product","link":"https:\/\/rosemvd.com\/index.php\/producto\/carbon-activado-blanqueador-dental\/","title":{"rendered":"Carb\u00f3n Activado Blanqueador Dental"},"content":{"rendered":"<h3 data-start=\"0\" data-end=\"51\">Carb\u00f3n Activado Blanqueador Dental 100% Natural<\/h3>\n<p data-start=\"53\" data-end=\"322\">Mejora la apariencia de tu sonrisa de forma natural con este carb\u00f3n activado para blanqueamiento dental. Su f\u00f3rmula ayuda a remover manchas superficiales provocadas por caf\u00e9, t\u00e9, vino o tabaco, dejando una agradable sensaci\u00f3n de limpieza y frescura despu\u00e9s de cada uso.<\/p>\n<p data-start=\"324\" data-end=\"442\">Ideal para complementar tu rutina diaria de higiene bucal y mantener los dientes con un aspecto m\u00e1s limpio y luminoso.<\/p>\n<p data-start=\"444\" data-end=\"464\"><strong data-start=\"444\" data-end=\"464\">Caracter\u00edsticas:<\/strong><\/p>\n<ul data-start=\"466\" data-end=\"619\">\n<li data-start=\"466\" data-end=\"485\">\n<p data-start=\"468\" data-end=\"485\">Contenido: 30 g<\/p>\n<\/li>\n<li data-start=\"486\" data-end=\"502\">\n<p data-start=\"488\" data-end=\"502\">100% natural<\/p>\n<\/li>\n<li data-start=\"503\" data-end=\"545\">\n<p data-start=\"505\" data-end=\"545\">Ayuda a eliminar manchas superficiales<\/p>\n<\/li>\n<li data-start=\"546\" data-end=\"582\">\n<p data-start=\"548\" data-end=\"582\">Sensaci\u00f3n de frescura y limpieza<\/p>\n<\/li>\n<li data-start=\"583\" data-end=\"619\">\n<p data-start=\"585\" data-end=\"619\">Uso cosm\u00e9tico para higiene bucal<\/p>\n<\/li>\n<\/ul>\n<p data-start=\"621\" data-end=\"686\" data-is-last-node=\"\" data-is-only-node=\"\">Una alternativa pr\u00e1ctica dentro del cuidado diario de tu sonrisa.<\/p>\n","protected":false},"excerpt":{"rendered":"<p>Carb\u00f3n Activado Blanqueador Dental 100% Natural Mejora la apariencia de tu sonrisa de forma natural con este carb\u00f3n activado para blanqueamiento dental. Su f\u00f3rmula ayuda a remover manchas superficiales provocadas por caf\u00e9, t\u00e9, vino o tabaco, dejando una agradable sensaci\u00f3n de limpieza y frescura despu\u00e9s de cada uso. Ideal para complementar tu rutina diaria de [&hellip;]<\/p>\n","protected":false},"featured_media":16258,"template":"","meta":{"site-sidebar-layout":"default","site-content-layout":"","ast-site-content-layout":"default","site-content-style":"default","site-sidebar-style":"default","ast-global-header-display":"","ast-banner-title-visibility":"","ast-main-header-display":"","ast-hfb-above-header-display":"","ast-hfb-below-header-display":"","ast-hfb-mobile-header-display":"","site-post-title":"","ast-breadcrumbs-content":"","ast-featured-img":"","footer-sml-layout":"","ast-disable-related-posts":"","theme-transparent-header-meta":"default","adv-header-id-meta":"","stick-header-meta":"","header-above-stick-meta":"","header-main-stick-meta":"","header-below-stick-meta":"","astra-migrate-meta-layouts":"set","ast-page-background-enabled":"default","ast-page-background-meta":{"desktop":{"background-color":"var(--ast-global-color-4)","background-image":"","background-repeat":"repeat","background-position":"center center","background-size":"auto","background-attachment":"scroll","background-type":"","background-media":"","overlay-type":"","overlay-color":"","overlay-opacity":"","overlay-gradient":""},"tablet":{"background-color":"","background-image":"","background-repeat":"repeat","background-position":"center center","background-size":"auto","background-attachment":"scroll","background-type":"","background-media":"","overlay-type":"","overlay-color":"","overlay-opacity":"","overlay-gradient":""},"mobile":{"background-color":"","background-image":"","background-repeat":"repeat","background-position":"center center","background-size":"auto","background-attachment":"scroll","background-type":"","background-media":"","overlay-type":"","overlay-color":"","overlay-opacity":"","overlay-gradient":""}},"ast-content-background-meta":{"desktop":{"background-color":"var(--ast-global-color-5)","background-image":"","background-repeat":"repeat","background-position":"center center","background-size":"auto","background-attachment":"scroll","background-type":"","background-media":"","overlay-type":"","overlay-color":"","overlay-opacity":"","overlay-gradient":""},"tablet":{"background-color":"var(--ast-global-color-5)","background-image":"","background-repeat":"repeat","background-position":"center center","background-size":"auto","background-attachment":"scroll","background-type":"","background-media":"","overlay-type":"","overlay-color":"","overlay-opacity":"","overlay-gradient":""},"mobile":{"background-color":"var(--ast-global-color-5)","background-image":"","background-repeat":"repeat","background-position":"center center","background-size":"auto","background-attachment":"scroll","background-type":"","background-media":"","overlay-type":"","overlay-color":"","overlay-opacity":"","overlay-gradient":""}}},"product_brand":[],"product_cat":[368,428],"product_tag":[],"class_list":{"0":"post-16253","1":"product","2":"type-product","3":"status-publish","4":"has-post-thumbnail","6":"product_cat-otros","7":"product_cat-salud","8":"desktop-align-left","9":"tablet-align-left","10":"mobile-align-left","12":"first","13":"instock","14":"shipping-taxable","15":"purchasable","16":"product-type-simple"},"yoast_head":"<!-- This site is optimized with the Yoast SEO plugin v27.3 - https:\/\/yoast.com\/product\/yoast-seo-wordpress\/ -->\n<title>Carb\u00f3n Activado Blanqueador Dental - ROSE MVD<\/title>\n<meta name=\"description\" content=\"Mejora la apariencia de tu sonrisa de forma natural con este carb\u00f3n activado para blanqueamiento dental.\" \/>\n<meta name=\"robots\" content=\"index, follow, max-snippet:-1, max-image-preview:large, max-video-preview:-1\" \/>\n<link rel=\"canonical\" href=\"https:\/\/rosemvd.com\/index.php\/producto\/carbon-activado-blanqueador-dental\/\" \/>\n<meta property=\"og:locale\" content=\"es_ES\" \/>\n<meta property=\"og:type\" content=\"article\" \/>\n<meta property=\"og:title\" content=\"Carb\u00f3n Activado Blanqueador Dental - ROSE MVD\" \/>\n<meta property=\"og:description\" content=\"Mejora la apariencia de tu sonrisa de forma natural con este carb\u00f3n activado para blanqueamiento dental.\" \/>\n<meta property=\"og:url\" content=\"https:\/\/rosemvd.com\/index.php\/producto\/carbon-activado-blanqueador-dental\/\" \/>\n<meta property=\"og:site_name\" content=\"ROSE MVD\" \/>\n<meta property=\"article:publisher\" content=\"https:\/\/www.facebook.com\/TiendaRoseMvd\" \/>\n<meta property=\"article:modified_time\" content=\"2026-03-25T16:15:08+00:00\" \/>\n<meta property=\"og:image\" content=\"https:\/\/rosemvd.com\/wp-content\/uploads\/2026\/02\/D_NQ_NP_2X_933109-MLU73960117421_012024-F.webp\" \/>\n\t<meta property=\"og:image:width\" content=\"686\" \/>\n\t<meta property=\"og:image:height\" content=\"474\" \/>\n\t<meta property=\"og:image:type\" content=\"image\/webp\" \/>\n<meta name=\"twitter:card\" content=\"summary_large_image\" \/>\n<meta name=\"twitter:label1\" content=\"Tiempo de lectura\" \/>\n\t<meta name=\"twitter:data1\" content=\"1 minuto\" \/>\n<script type=\"application\/ld+json\" class=\"yoast-schema-graph\">{\"@context\":\"https:\\\/\\\/schema.org\",\"@graph\":[{\"@type\":\"WebPage\",\"@id\":\"https:\\\/\\\/rosemvd.com\\\/index.php\\\/producto\\\/carbon-activado-blanqueador-dental\\\/\",\"url\":\"https:\\\/\\\/rosemvd.com\\\/index.php\\\/producto\\\/carbon-activado-blanqueador-dental\\\/\",\"name\":\"Carb\u00f3n Activado Blanqueador Dental - ROSE MVD\",\"isPartOf\":{\"@id\":\"https:\\\/\\\/rosemvd.com\\\/#website\"},\"primaryImageOfPage\":{\"@id\":\"https:\\\/\\\/rosemvd.com\\\/index.php\\\/producto\\\/carbon-activado-blanqueador-dental\\\/#primaryimage\"},\"image\":{\"@id\":\"https:\\\/\\\/rosemvd.com\\\/index.php\\\/producto\\\/carbon-activado-blanqueador-dental\\\/#primaryimage\"},\"thumbnailUrl\":\"https:\\\/\\\/rosemvd.com\\\/wp-content\\\/uploads\\\/2026\\\/02\\\/D_NQ_NP_2X_933109-MLU73960117421_012024-F.webp\",\"datePublished\":\"2026-02-12T14:35:57+00:00\",\"dateModified\":\"2026-03-25T16:15:08+00:00\",\"description\":\"Mejora la apariencia de tu sonrisa de forma natural con este carb\u00f3n activado para blanqueamiento dental.\",\"breadcrumb\":{\"@id\":\"https:\\\/\\\/rosemvd.com\\\/index.php\\\/producto\\\/carbon-activado-blanqueador-dental\\\/#breadcrumb\"},\"inLanguage\":\"es\",\"potentialAction\":[{\"@type\":\"ReadAction\",\"target\":[\"https:\\\/\\\/rosemvd.com\\\/index.php\\\/producto\\\/carbon-activado-blanqueador-dental\\\/\"]}]},{\"@type\":\"ImageObject\",\"inLanguage\":\"es\",\"@id\":\"https:\\\/\\\/rosemvd.com\\\/index.php\\\/producto\\\/carbon-activado-blanqueador-dental\\\/#primaryimage\",\"url\":\"https:\\\/\\\/rosemvd.com\\\/wp-content\\\/uploads\\\/2026\\\/02\\\/D_NQ_NP_2X_933109-MLU73960117421_012024-F.webp\",\"contentUrl\":\"https:\\\/\\\/rosemvd.com\\\/wp-content\\\/uploads\\\/2026\\\/02\\\/D_NQ_NP_2X_933109-MLU73960117421_012024-F.webp\",\"width\":686,\"height\":474},{\"@type\":\"BreadcrumbList\",\"@id\":\"https:\\\/\\\/rosemvd.com\\\/index.php\\\/producto\\\/carbon-activado-blanqueador-dental\\\/#breadcrumb\",\"itemListElement\":[{\"@type\":\"ListItem\",\"position\":1,\"name\":\"Portada\",\"item\":\"https:\\\/\\\/rosemvd.com\\\/\"},{\"@type\":\"ListItem\",\"position\":2,\"name\":\"Tienda\",\"item\":\"https:\\\/\\\/rosemvd.com\\\/index.php\\\/tienda\\\/\"},{\"@type\":\"ListItem\",\"position\":3,\"name\":\"Carb\u00f3n Activado Blanqueador Dental\"}]},{\"@type\":\"WebSite\",\"@id\":\"https:\\\/\\\/rosemvd.com\\\/#website\",\"url\":\"https:\\\/\\\/rosemvd.com\\\/\",\"name\":\"ROSE MVD\",\"description\":\"Todo lo que buscas lo pod\u00e9s encontrar en rose mvd, especializados en traer todas las cosas nuevas en tendencia y accesorios diferentes y \u00fanicos.\",\"publisher\":{\"@id\":\"https:\\\/\\\/rosemvd.com\\\/#organization\"},\"potentialAction\":[{\"@type\":\"SearchAction\",\"target\":{\"@type\":\"EntryPoint\",\"urlTemplate\":\"https:\\\/\\\/rosemvd.com\\\/?s={search_term_string}\"},\"query-input\":{\"@type\":\"PropertyValueSpecification\",\"valueRequired\":true,\"valueName\":\"search_term_string\"}}],\"inLanguage\":\"es\"},{\"@type\":\"Organization\",\"@id\":\"https:\\\/\\\/rosemvd.com\\\/#organization\",\"name\":\"ROSE MVD\",\"alternateName\":\"ROSE MVD\",\"url\":\"https:\\\/\\\/rosemvd.com\\\/\",\"logo\":{\"@type\":\"ImageObject\",\"inLanguage\":\"es\",\"@id\":\"https:\\\/\\\/rosemvd.com\\\/#\\\/schema\\\/logo\\\/image\\\/\",\"url\":\"https:\\\/\\\/rosemvd.com\\\/wp-content\\\/uploads\\\/2023\\\/03\\\/Sin-titulo-2_Mesa-de-trabajo-1.png\",\"contentUrl\":\"https:\\\/\\\/rosemvd.com\\\/wp-content\\\/uploads\\\/2023\\\/03\\\/Sin-titulo-2_Mesa-de-trabajo-1.png\",\"width\":2084,\"height\":2084,\"caption\":\"ROSE MVD\"},\"image\":{\"@id\":\"https:\\\/\\\/rosemvd.com\\\/#\\\/schema\\\/logo\\\/image\\\/\"},\"sameAs\":[\"https:\\\/\\\/www.facebook.com\\\/TiendaRoseMvd\",\"https:\\\/\\\/www.instagram.com\\\/rose.mvd\"]}]}<\/script>\n<!-- \/ Yoast SEO plugin. -->","yoast_head_json":{"title":"Carb\u00f3n Activado Blanqueador Dental - ROSE MVD","description":"Mejora la apariencia de tu sonrisa de forma natural con este carb\u00f3n activado para blanqueamiento dental.","robots":{"index":"index","follow":"follow","max-snippet":"max-snippet:-1","max-image-preview":"max-image-preview:large","max-video-preview":"max-video-preview:-1"},"canonical":"https:\/\/rosemvd.com\/index.php\/producto\/carbon-activado-blanqueador-dental\/","og_locale":"es_ES","og_type":"article","og_title":"Carb\u00f3n Activado Blanqueador Dental - ROSE MVD","og_description":"Mejora la apariencia de tu sonrisa de forma natural con este carb\u00f3n activado para blanqueamiento dental.","og_url":"https:\/\/rosemvd.com\/index.php\/producto\/carbon-activado-blanqueador-dental\/","og_site_name":"ROSE MVD","article_publisher":"https:\/\/www.facebook.com\/TiendaRoseMvd","article_modified_time":"2026-03-25T16:15:08+00:00","og_image":[{"width":686,"height":474,"url":"https:\/\/rosemvd.com\/wp-content\/uploads\/2026\/02\/D_NQ_NP_2X_933109-MLU73960117421_012024-F.webp","type":"image\/webp"}],"twitter_card":"summary_large_image","twitter_misc":{"Tiempo de lectura":"1 minuto"},"schema":{"@context":"https:\/\/schema.org","@graph":[{"@type":"WebPage","@id":"https:\/\/rosemvd.com\/index.php\/producto\/carbon-activado-blanqueador-dental\/","url":"https:\/\/rosemvd.com\/index.php\/producto\/carbon-activado-blanqueador-dental\/","name":"Carb\u00f3n Activado Blanqueador Dental - ROSE MVD","isPartOf":{"@id":"https:\/\/rosemvd.com\/#website"},"primaryImageOfPage":{"@id":"https:\/\/rosemvd.com\/index.php\/producto\/carbon-activado-blanqueador-dental\/#primaryimage"},"image":{"@id":"https:\/\/rosemvd.com\/index.php\/producto\/carbon-activado-blanqueador-dental\/#primaryimage"},"thumbnailUrl":"https:\/\/rosemvd.com\/wp-content\/uploads\/2026\/02\/D_NQ_NP_2X_933109-MLU73960117421_012024-F.webp","datePublished":"2026-02-12T14:35:57+00:00","dateModified":"2026-03-25T16:15:08+00:00","description":"Mejora la apariencia de tu sonrisa de forma natural con este carb\u00f3n activado para blanqueamiento dental.","breadcrumb":{"@id":"https:\/\/rosemvd.com\/index.php\/producto\/carbon-activado-blanqueador-dental\/#breadcrumb"},"inLanguage":"es","potentialAction":[{"@type":"ReadAction","target":["https:\/\/rosemvd.com\/index.php\/producto\/carbon-activado-blanqueador-dental\/"]}]},{"@type":"ImageObject","inLanguage":"es","@id":"https:\/\/rosemvd.com\/index.php\/producto\/carbon-activado-blanqueador-dental\/#primaryimage","url":"https:\/\/rosemvd.com\/wp-content\/uploads\/2026\/02\/D_NQ_NP_2X_933109-MLU73960117421_012024-F.webp","contentUrl":"https:\/\/rosemvd.com\/wp-content\/uploads\/2026\/02\/D_NQ_NP_2X_933109-MLU73960117421_012024-F.webp","width":686,"height":474},{"@type":"BreadcrumbList","@id":"https:\/\/rosemvd.com\/index.php\/producto\/carbon-activado-blanqueador-dental\/#breadcrumb","itemListElement":[{"@type":"ListItem","position":1,"name":"Portada","item":"https:\/\/rosemvd.com\/"},{"@type":"ListItem","position":2,"name":"Tienda","item":"https:\/\/rosemvd.com\/index.php\/tienda\/"},{"@type":"ListItem","position":3,"name":"Carb\u00f3n Activado Blanqueador Dental"}]},{"@type":"WebSite","@id":"https:\/\/rosemvd.com\/#website","url":"https:\/\/rosemvd.com\/","name":"ROSE MVD","description":"Todo lo que buscas lo pod\u00e9s encontrar en rose mvd, especializados en traer todas las cosas nuevas en tendencia y accesorios diferentes y \u00fanicos.","publisher":{"@id":"https:\/\/rosemvd.com\/#organization"},"potentialAction":[{"@type":"SearchAction","target":{"@type":"EntryPoint","urlTemplate":"https:\/\/rosemvd.com\/?s={search_term_string}"},"query-input":{"@type":"PropertyValueSpecification","valueRequired":true,"valueName":"search_term_string"}}],"inLanguage":"es"},{"@type":"Organization","@id":"https:\/\/rosemvd.com\/#organization","name":"ROSE MVD","alternateName":"ROSE MVD","url":"https:\/\/rosemvd.com\/","logo":{"@type":"ImageObject","inLanguage":"es","@id":"https:\/\/rosemvd.com\/#\/schema\/logo\/image\/","url":"https:\/\/rosemvd.com\/wp-content\/uploads\/2023\/03\/Sin-titulo-2_Mesa-de-trabajo-1.png","contentUrl":"https:\/\/rosemvd.com\/wp-content\/uploads\/2023\/03\/Sin-titulo-2_Mesa-de-trabajo-1.png","width":2084,"height":2084,"caption":"ROSE MVD"},"image":{"@id":"https:\/\/rosemvd.com\/#\/schema\/logo\/image\/"},"sameAs":["https:\/\/www.facebook.com\/TiendaRoseMvd","https:\/\/www.instagram.com\/rose.mvd"]}]}},"_links":{"self":[{"href":"https:\/\/rosemvd.com\/index.php\/wp-json\/wp\/v2\/product\/16253","targetHints":{"allow":["GET"]}}],"collection":[{"href":"https:\/\/rosemvd.com\/index.php\/wp-json\/wp\/v2\/product"}],"about":[{"href":"https:\/\/rosemvd.com\/index.php\/wp-json\/wp\/v2\/types\/product"}],"wp:featuredmedia":[{"embeddable":true,"href":"https:\/\/rosemvd.com\/index.php\/wp-json\/wp\/v2\/media\/16258"}],"wp:attachment":[{"href":"https:\/\/rosemvd.com\/index.php\/wp-json\/wp\/v2\/media?parent=16253"}],"wp:term":[{"taxonomy":"product_brand","embeddable":true,"href":"https:\/\/rosemvd.com\/index.php\/wp-json\/wp\/v2\/product_brand?post=16253"},{"taxonomy":"product_cat","embeddable":true,"href":"https:\/\/rosemvd.com\/index.php\/wp-json\/wp\/v2\/product_cat?post=16253"},{"taxonomy":"product_tag","embeddable":true,"href":"https:\/\/rosemvd.com\/index.php\/wp-json\/wp\/v2\/product_tag?post=16253"}],"curies":[{"name":"wp","href":"https:\/\/api.w.org\/{rel}","templated":true}]}}