{"id":16067,"date":"2026-01-22T19:51:54","date_gmt":"2026-01-22T22:51:54","guid":{"rendered":"https:\/\/rosemvd.com\/?post_type=product&#038;p=16067"},"modified":"2026-01-22T19:52:01","modified_gmt":"2026-01-22T22:52:01","slug":"pantalla-de-monitor-para-selfie-de-telefono","status":"publish","type":"product","link":"https:\/\/rosemvd.com\/index.php\/producto\/pantalla-de-monitor-para-selfie-de-telefono\/","title":{"rendered":"Pantalla De Monitor Para Selfie De Telefono"},"content":{"rendered":"<h5 data-start=\"144\" data-end=\"191\">Pantalla de Monitor para Selfie de Tel\u00e9fono<\/h5>\n<p data-start=\"193\" data-end=\"543\">Consigue selfies y videos <strong data-start=\"219\" data-end=\"248\">perfectamente encuadrados<\/strong> con esta <strong data-start=\"258\" data-end=\"293\">pantalla de monitor para selfie<\/strong>, dise\u00f1ada para mostrarte en tiempo real mientras usas la c\u00e1mara trasera de tu tel\u00e9fono. Ideal para <strong data-start=\"393\" data-end=\"463\">vlogs, selfies, transmisiones en vivo, grabaciones y videollamadas<\/strong>, ya que te permite aprovechar la mejor c\u00e1mara del m\u00f3vil sin perder el encuadre.<\/p>\n<p data-start=\"545\" data-end=\"833\">Su dise\u00f1o <strong data-start=\"555\" data-end=\"576\">compacto y ligero<\/strong> se acopla f\u00e1cilmente al tel\u00e9fono y muestra una vista clara de la imagen, ayud\u00e1ndote a posar, ajustar \u00e1ngulos y capturar el momento perfecto. Incluye <strong data-start=\"726\" data-end=\"744\">control remoto<\/strong>, lo que facilita tomar fotos o iniciar grabaciones a distancia sin tocar el dispositivo.<\/p>\n<p data-start=\"835\" data-end=\"943\">Compatible con la mayor\u00eda de smartphones, es un accesorio pr\u00e1ctico tanto para uso personal como profesional.<\/p>\n<p data-start=\"945\" data-end=\"977\"><strong data-start=\"945\" data-end=\"977\">Caracter\u00edsticas principales:<\/strong><\/p>\n<ul data-start=\"978\" data-end=\"1288\">\n<li data-start=\"978\" data-end=\"1031\">\n<p data-start=\"980\" data-end=\"1031\">Pantalla auxiliar para selfies con c\u00e1mara trasera<\/p>\n<\/li>\n<li data-start=\"1032\" data-end=\"1076\">\n<p data-start=\"1034\" data-end=\"1076\">Vista en tiempo real para mejor encuadre<\/p>\n<\/li>\n<li data-start=\"1077\" data-end=\"1130\">\n<p data-start=\"1079\" data-end=\"1130\">Ideal para selfies, videos, vlogs y transmisiones<\/p>\n<\/li>\n<li data-start=\"1131\" data-end=\"1169\">\n<p data-start=\"1133\" data-end=\"1169\">Dise\u00f1o compacto, ligero y port\u00e1til<\/p>\n<\/li>\n<li data-start=\"1170\" data-end=\"1197\">\n<p data-start=\"1172\" data-end=\"1197\">F\u00e1cil instalaci\u00f3n y uso<\/p>\n<\/li>\n<li data-start=\"1198\" data-end=\"1245\">\n<p data-start=\"1200\" data-end=\"1245\">Incluye control remoto para mayor comodidad<\/p>\n<\/li>\n<li data-start=\"1246\" data-end=\"1288\">\n<p data-start=\"1248\" data-end=\"1288\">Compatible con la mayor\u00eda de tel\u00e9fonos<\/p>\n<\/li>\n<\/ul>\n<p data-start=\"1290\" data-end=\"1390\">Un accesorio imprescindible para quienes buscan <strong data-start=\"1338\" data-end=\"1376\">mejor calidad, control y confianza<\/strong> en cada toma.<\/p>\n","protected":false},"excerpt":{"rendered":"<p>Pantalla de Monitor para Selfie de Tel\u00e9fono Consigue selfies y videos perfectamente encuadrados con esta pantalla de monitor para selfie, dise\u00f1ada para mostrarte en tiempo real mientras usas la c\u00e1mara trasera de tu tel\u00e9fono. Ideal para vlogs, selfies, transmisiones en vivo, grabaciones y videollamadas, ya que te permite aprovechar la mejor c\u00e1mara del m\u00f3vil sin [&hellip;]<\/p>\n","protected":false},"featured_media":16074,"template":"","meta":{"site-sidebar-layout":"default","site-content-layout":"","ast-site-content-layout":"default","site-content-style":"default","site-sidebar-style":"default","ast-global-header-display":"","ast-banner-title-visibility":"","ast-main-header-display":"","ast-hfb-above-header-display":"","ast-hfb-below-header-display":"","ast-hfb-mobile-header-display":"","site-post-title":"","ast-breadcrumbs-content":"","ast-featured-img":"","footer-sml-layout":"","ast-disable-related-posts":"","theme-transparent-header-meta":"default","adv-header-id-meta":"","stick-header-meta":"","header-above-stick-meta":"","header-main-stick-meta":"","header-below-stick-meta":"","astra-migrate-meta-layouts":"set","ast-page-background-enabled":"default","ast-page-background-meta":{"desktop":{"background-color":"var(--ast-global-color-4)","background-image":"","background-repeat":"repeat","background-position":"center center","background-size":"auto","background-attachment":"scroll","background-type":"","background-media":"","overlay-type":"","overlay-color":"","overlay-opacity":"","overlay-gradient":""},"tablet":{"background-color":"","background-image":"","background-repeat":"repeat","background-position":"center center","background-size":"auto","background-attachment":"scroll","background-type":"","background-media":"","overlay-type":"","overlay-color":"","overlay-opacity":"","overlay-gradient":""},"mobile":{"background-color":"","background-image":"","background-repeat":"repeat","background-position":"center center","background-size":"auto","background-attachment":"scroll","background-type":"","background-media":"","overlay-type":"","overlay-color":"","overlay-opacity":"","overlay-gradient":""}},"ast-content-background-meta":{"desktop":{"background-color":"var(--ast-global-color-5)","background-image":"","background-repeat":"repeat","background-position":"center center","background-size":"auto","background-attachment":"scroll","background-type":"","background-media":"","overlay-type":"","overlay-color":"","overlay-opacity":"","overlay-gradient":""},"tablet":{"background-color":"var(--ast-global-color-5)","background-image":"","background-repeat":"repeat","background-position":"center center","background-size":"auto","background-attachment":"scroll","background-type":"","background-media":"","overlay-type":"","overlay-color":"","overlay-opacity":"","overlay-gradient":""},"mobile":{"background-color":"var(--ast-global-color-5)","background-image":"","background-repeat":"repeat","background-position":"center center","background-size":"auto","background-attachment":"scroll","background-type":"","background-media":"","overlay-type":"","overlay-color":"","overlay-opacity":"","overlay-gradient":""}}},"product_brand":[],"product_cat":[368,387],"product_tag":[],"class_list":{"0":"post-16067","1":"product","2":"type-product","3":"status-publish","4":"has-post-thumbnail","6":"product_cat-otros","7":"product_cat-tecnologia","8":"desktop-align-left","9":"tablet-align-left","10":"mobile-align-left","12":"first","13":"instock","14":"shipping-taxable","15":"purchasable","16":"product-type-simple"},"yoast_head":"<!-- This site is optimized with the Yoast SEO plugin v27.3 - https:\/\/yoast.com\/product\/yoast-seo-wordpress\/ -->\n<title>Pantalla De Monitor Para Selfie De Telefono - ROSE MVD<\/title>\n<meta name=\"description\" content=\"Dise\u00f1ada para mostrarte en tiempo real mientras usas la c\u00e1mara trasera de tu tel\u00e9fono. Ideal para vlogs, selfies, transmisiones en vivo, grabaciones.\" \/>\n<meta name=\"robots\" content=\"index, follow, max-snippet:-1, max-image-preview:large, max-video-preview:-1\" \/>\n<link rel=\"canonical\" href=\"https:\/\/rosemvd.com\/index.php\/producto\/pantalla-de-monitor-para-selfie-de-telefono\/\" \/>\n<meta property=\"og:locale\" content=\"es_ES\" \/>\n<meta property=\"og:type\" content=\"article\" \/>\n<meta property=\"og:title\" content=\"Pantalla De Monitor Para Selfie De Telefono - ROSE MVD\" \/>\n<meta property=\"og:description\" content=\"Dise\u00f1ada para mostrarte en tiempo real mientras usas la c\u00e1mara trasera de tu tel\u00e9fono. Ideal para vlogs, selfies, transmisiones en vivo, grabaciones.\" \/>\n<meta property=\"og:url\" content=\"https:\/\/rosemvd.com\/index.php\/producto\/pantalla-de-monitor-para-selfie-de-telefono\/\" \/>\n<meta property=\"og:site_name\" content=\"ROSE MVD\" \/>\n<meta property=\"article:publisher\" content=\"https:\/\/www.facebook.com\/TiendaRoseMvd\" \/>\n<meta property=\"article:modified_time\" content=\"2026-01-22T22:52:01+00:00\" \/>\n<meta property=\"og:image\" content=\"https:\/\/rosemvd.com\/wp-content\/uploads\/2026\/01\/D_NQ_NP_2X_831384-MLA94363420756_102025-F.webp\" \/>\n\t<meta property=\"og:image:width\" content=\"1175\" \/>\n\t<meta property=\"og:image:height\" content=\"1200\" \/>\n\t<meta property=\"og:image:type\" content=\"image\/webp\" \/>\n<meta name=\"twitter:card\" content=\"summary_large_image\" \/>\n<meta name=\"twitter:label1\" content=\"Tiempo de lectura\" \/>\n\t<meta name=\"twitter:data1\" content=\"2 minutos\" \/>\n<script type=\"application\/ld+json\" class=\"yoast-schema-graph\">{\"@context\":\"https:\\\/\\\/schema.org\",\"@graph\":[{\"@type\":\"WebPage\",\"@id\":\"https:\\\/\\\/rosemvd.com\\\/index.php\\\/producto\\\/pantalla-de-monitor-para-selfie-de-telefono\\\/\",\"url\":\"https:\\\/\\\/rosemvd.com\\\/index.php\\\/producto\\\/pantalla-de-monitor-para-selfie-de-telefono\\\/\",\"name\":\"Pantalla De Monitor Para Selfie De Telefono - ROSE MVD\",\"isPartOf\":{\"@id\":\"https:\\\/\\\/rosemvd.com\\\/#website\"},\"primaryImageOfPage\":{\"@id\":\"https:\\\/\\\/rosemvd.com\\\/index.php\\\/producto\\\/pantalla-de-monitor-para-selfie-de-telefono\\\/#primaryimage\"},\"image\":{\"@id\":\"https:\\\/\\\/rosemvd.com\\\/index.php\\\/producto\\\/pantalla-de-monitor-para-selfie-de-telefono\\\/#primaryimage\"},\"thumbnailUrl\":\"https:\\\/\\\/rosemvd.com\\\/wp-content\\\/uploads\\\/2026\\\/01\\\/D_NQ_NP_2X_831384-MLA94363420756_102025-F.webp\",\"datePublished\":\"2026-01-22T22:51:54+00:00\",\"dateModified\":\"2026-01-22T22:52:01+00:00\",\"description\":\"Dise\u00f1ada para mostrarte en tiempo real mientras usas la c\u00e1mara trasera de tu tel\u00e9fono. Ideal para vlogs, selfies, transmisiones en vivo, grabaciones.\",\"breadcrumb\":{\"@id\":\"https:\\\/\\\/rosemvd.com\\\/index.php\\\/producto\\\/pantalla-de-monitor-para-selfie-de-telefono\\\/#breadcrumb\"},\"inLanguage\":\"es\",\"potentialAction\":[{\"@type\":\"ReadAction\",\"target\":[\"https:\\\/\\\/rosemvd.com\\\/index.php\\\/producto\\\/pantalla-de-monitor-para-selfie-de-telefono\\\/\"]}]},{\"@type\":\"ImageObject\",\"inLanguage\":\"es\",\"@id\":\"https:\\\/\\\/rosemvd.com\\\/index.php\\\/producto\\\/pantalla-de-monitor-para-selfie-de-telefono\\\/#primaryimage\",\"url\":\"https:\\\/\\\/rosemvd.com\\\/wp-content\\\/uploads\\\/2026\\\/01\\\/D_NQ_NP_2X_831384-MLA94363420756_102025-F.webp\",\"contentUrl\":\"https:\\\/\\\/rosemvd.com\\\/wp-content\\\/uploads\\\/2026\\\/01\\\/D_NQ_NP_2X_831384-MLA94363420756_102025-F.webp\",\"width\":1175,\"height\":1200},{\"@type\":\"BreadcrumbList\",\"@id\":\"https:\\\/\\\/rosemvd.com\\\/index.php\\\/producto\\\/pantalla-de-monitor-para-selfie-de-telefono\\\/#breadcrumb\",\"itemListElement\":[{\"@type\":\"ListItem\",\"position\":1,\"name\":\"Portada\",\"item\":\"https:\\\/\\\/rosemvd.com\\\/\"},{\"@type\":\"ListItem\",\"position\":2,\"name\":\"Tienda\",\"item\":\"https:\\\/\\\/rosemvd.com\\\/index.php\\\/tienda\\\/\"},{\"@type\":\"ListItem\",\"position\":3,\"name\":\"Pantalla De Monitor Para Selfie De Telefono\"}]},{\"@type\":\"WebSite\",\"@id\":\"https:\\\/\\\/rosemvd.com\\\/#website\",\"url\":\"https:\\\/\\\/rosemvd.com\\\/\",\"name\":\"ROSE MVD\",\"description\":\"Todo lo que buscas lo pod\u00e9s encontrar en rose mvd, especializados en traer todas las cosas nuevas en tendencia y accesorios diferentes y \u00fanicos.\",\"publisher\":{\"@id\":\"https:\\\/\\\/rosemvd.com\\\/#organization\"},\"potentialAction\":[{\"@type\":\"SearchAction\",\"target\":{\"@type\":\"EntryPoint\",\"urlTemplate\":\"https:\\\/\\\/rosemvd.com\\\/?s={search_term_string}\"},\"query-input\":{\"@type\":\"PropertyValueSpecification\",\"valueRequired\":true,\"valueName\":\"search_term_string\"}}],\"inLanguage\":\"es\"},{\"@type\":\"Organization\",\"@id\":\"https:\\\/\\\/rosemvd.com\\\/#organization\",\"name\":\"ROSE MVD\",\"alternateName\":\"ROSE MVD\",\"url\":\"https:\\\/\\\/rosemvd.com\\\/\",\"logo\":{\"@type\":\"ImageObject\",\"inLanguage\":\"es\",\"@id\":\"https:\\\/\\\/rosemvd.com\\\/#\\\/schema\\\/logo\\\/image\\\/\",\"url\":\"https:\\\/\\\/rosemvd.com\\\/wp-content\\\/uploads\\\/2023\\\/03\\\/Sin-titulo-2_Mesa-de-trabajo-1.png\",\"contentUrl\":\"https:\\\/\\\/rosemvd.com\\\/wp-content\\\/uploads\\\/2023\\\/03\\\/Sin-titulo-2_Mesa-de-trabajo-1.png\",\"width\":2084,\"height\":2084,\"caption\":\"ROSE MVD\"},\"image\":{\"@id\":\"https:\\\/\\\/rosemvd.com\\\/#\\\/schema\\\/logo\\\/image\\\/\"},\"sameAs\":[\"https:\\\/\\\/www.facebook.com\\\/TiendaRoseMvd\",\"https:\\\/\\\/www.instagram.com\\\/rose.mvd\"]}]}<\/script>\n<!-- \/ Yoast SEO plugin. -->","yoast_head_json":{"title":"Pantalla De Monitor Para Selfie De Telefono - ROSE MVD","description":"Dise\u00f1ada para mostrarte en tiempo real mientras usas la c\u00e1mara trasera de tu tel\u00e9fono. Ideal para vlogs, selfies, transmisiones en vivo, grabaciones.","robots":{"index":"index","follow":"follow","max-snippet":"max-snippet:-1","max-image-preview":"max-image-preview:large","max-video-preview":"max-video-preview:-1"},"canonical":"https:\/\/rosemvd.com\/index.php\/producto\/pantalla-de-monitor-para-selfie-de-telefono\/","og_locale":"es_ES","og_type":"article","og_title":"Pantalla De Monitor Para Selfie De Telefono - ROSE MVD","og_description":"Dise\u00f1ada para mostrarte en tiempo real mientras usas la c\u00e1mara trasera de tu tel\u00e9fono. Ideal para vlogs, selfies, transmisiones en vivo, grabaciones.","og_url":"https:\/\/rosemvd.com\/index.php\/producto\/pantalla-de-monitor-para-selfie-de-telefono\/","og_site_name":"ROSE MVD","article_publisher":"https:\/\/www.facebook.com\/TiendaRoseMvd","article_modified_time":"2026-01-22T22:52:01+00:00","og_image":[{"width":1175,"height":1200,"url":"https:\/\/rosemvd.com\/wp-content\/uploads\/2026\/01\/D_NQ_NP_2X_831384-MLA94363420756_102025-F.webp","type":"image\/webp"}],"twitter_card":"summary_large_image","twitter_misc":{"Tiempo de lectura":"2 minutos"},"schema":{"@context":"https:\/\/schema.org","@graph":[{"@type":"WebPage","@id":"https:\/\/rosemvd.com\/index.php\/producto\/pantalla-de-monitor-para-selfie-de-telefono\/","url":"https:\/\/rosemvd.com\/index.php\/producto\/pantalla-de-monitor-para-selfie-de-telefono\/","name":"Pantalla De Monitor Para Selfie De Telefono - ROSE MVD","isPartOf":{"@id":"https:\/\/rosemvd.com\/#website"},"primaryImageOfPage":{"@id":"https:\/\/rosemvd.com\/index.php\/producto\/pantalla-de-monitor-para-selfie-de-telefono\/#primaryimage"},"image":{"@id":"https:\/\/rosemvd.com\/index.php\/producto\/pantalla-de-monitor-para-selfie-de-telefono\/#primaryimage"},"thumbnailUrl":"https:\/\/rosemvd.com\/wp-content\/uploads\/2026\/01\/D_NQ_NP_2X_831384-MLA94363420756_102025-F.webp","datePublished":"2026-01-22T22:51:54+00:00","dateModified":"2026-01-22T22:52:01+00:00","description":"Dise\u00f1ada para mostrarte en tiempo real mientras usas la c\u00e1mara trasera de tu tel\u00e9fono. Ideal para vlogs, selfies, transmisiones en vivo, grabaciones.","breadcrumb":{"@id":"https:\/\/rosemvd.com\/index.php\/producto\/pantalla-de-monitor-para-selfie-de-telefono\/#breadcrumb"},"inLanguage":"es","potentialAction":[{"@type":"ReadAction","target":["https:\/\/rosemvd.com\/index.php\/producto\/pantalla-de-monitor-para-selfie-de-telefono\/"]}]},{"@type":"ImageObject","inLanguage":"es","@id":"https:\/\/rosemvd.com\/index.php\/producto\/pantalla-de-monitor-para-selfie-de-telefono\/#primaryimage","url":"https:\/\/rosemvd.com\/wp-content\/uploads\/2026\/01\/D_NQ_NP_2X_831384-MLA94363420756_102025-F.webp","contentUrl":"https:\/\/rosemvd.com\/wp-content\/uploads\/2026\/01\/D_NQ_NP_2X_831384-MLA94363420756_102025-F.webp","width":1175,"height":1200},{"@type":"BreadcrumbList","@id":"https:\/\/rosemvd.com\/index.php\/producto\/pantalla-de-monitor-para-selfie-de-telefono\/#breadcrumb","itemListElement":[{"@type":"ListItem","position":1,"name":"Portada","item":"https:\/\/rosemvd.com\/"},{"@type":"ListItem","position":2,"name":"Tienda","item":"https:\/\/rosemvd.com\/index.php\/tienda\/"},{"@type":"ListItem","position":3,"name":"Pantalla De Monitor Para Selfie De Telefono"}]},{"@type":"WebSite","@id":"https:\/\/rosemvd.com\/#website","url":"https:\/\/rosemvd.com\/","name":"ROSE MVD","description":"Todo lo que buscas lo pod\u00e9s encontrar en rose mvd, especializados en traer todas las cosas nuevas en tendencia y accesorios diferentes y \u00fanicos.","publisher":{"@id":"https:\/\/rosemvd.com\/#organization"},"potentialAction":[{"@type":"SearchAction","target":{"@type":"EntryPoint","urlTemplate":"https:\/\/rosemvd.com\/?s={search_term_string}"},"query-input":{"@type":"PropertyValueSpecification","valueRequired":true,"valueName":"search_term_string"}}],"inLanguage":"es"},{"@type":"Organization","@id":"https:\/\/rosemvd.com\/#organization","name":"ROSE MVD","alternateName":"ROSE MVD","url":"https:\/\/rosemvd.com\/","logo":{"@type":"ImageObject","inLanguage":"es","@id":"https:\/\/rosemvd.com\/#\/schema\/logo\/image\/","url":"https:\/\/rosemvd.com\/wp-content\/uploads\/2023\/03\/Sin-titulo-2_Mesa-de-trabajo-1.png","contentUrl":"https:\/\/rosemvd.com\/wp-content\/uploads\/2023\/03\/Sin-titulo-2_Mesa-de-trabajo-1.png","width":2084,"height":2084,"caption":"ROSE MVD"},"image":{"@id":"https:\/\/rosemvd.com\/#\/schema\/logo\/image\/"},"sameAs":["https:\/\/www.facebook.com\/TiendaRoseMvd","https:\/\/www.instagram.com\/rose.mvd"]}]}},"_links":{"self":[{"href":"https:\/\/rosemvd.com\/index.php\/wp-json\/wp\/v2\/product\/16067","targetHints":{"allow":["GET"]}}],"collection":[{"href":"https:\/\/rosemvd.com\/index.php\/wp-json\/wp\/v2\/product"}],"about":[{"href":"https:\/\/rosemvd.com\/index.php\/wp-json\/wp\/v2\/types\/product"}],"wp:featuredmedia":[{"embeddable":true,"href":"https:\/\/rosemvd.com\/index.php\/wp-json\/wp\/v2\/media\/16074"}],"wp:attachment":[{"href":"https:\/\/rosemvd.com\/index.php\/wp-json\/wp\/v2\/media?parent=16067"}],"wp:term":[{"taxonomy":"product_brand","embeddable":true,"href":"https:\/\/rosemvd.com\/index.php\/wp-json\/wp\/v2\/product_brand?post=16067"},{"taxonomy":"product_cat","embeddable":true,"href":"https:\/\/rosemvd.com\/index.php\/wp-json\/wp\/v2\/product_cat?post=16067"},{"taxonomy":"product_tag","embeddable":true,"href":"https:\/\/rosemvd.com\/index.php\/wp-json\/wp\/v2\/product_tag?post=16067"}],"curies":[{"name":"wp","href":"https:\/\/api.w.org\/{rel}","templated":true}]}}