{"id":16041,"date":"2026-01-21T23:25:31","date_gmt":"2026-01-22T02:25:31","guid":{"rendered":"https:\/\/rosemvd.com\/?post_type=product&#038;p=16041"},"modified":"2026-01-22T23:46:05","modified_gmt":"2026-01-23T02:46:05","slug":"cargador-portatil-magsafe-5-000-mah","status":"publish","type":"product","link":"https:\/\/rosemvd.com\/index.php\/producto\/cargador-portatil-magsafe-5-000-mah\/","title":{"rendered":"Cargador Port\u00e1til MagSafe 5.000 mAh"},"content":{"rendered":"<h5 data-start=\"121\" data-end=\"186\">Cargador Port\u00e1til MagSafe 5.000 mAh USB-C y USB-A para iPhone<\/h5>\n<p data-start=\"188\" data-end=\"379\">Mant\u00e9n tus dispositivos siempre con energ\u00eda gracias a este <strong data-start=\"247\" data-end=\"289\">cargador port\u00e1til MagSafe de 5.000 mAh<\/strong>, dise\u00f1ado para ofrecer <strong data-start=\"313\" data-end=\"350\">carga segura, r\u00e1pida y sin cables<\/strong> en un formato ultracompacto.<\/p>\n<h5 data-start=\"381\" data-end=\"417\">Protecci\u00f3n de Seguridad Avanzada<\/h5>\n<p data-start=\"418\" data-end=\"520\">Integra <strong data-start=\"426\" data-end=\"482\">chips premium y un sistema inteligente de protecci\u00f3n<\/strong>, que protege tus dispositivos contra:<\/p>\n<ul data-start=\"521\" data-end=\"611\">\n<li data-start=\"521\" data-end=\"535\">\n<p data-start=\"523\" data-end=\"535\">Sobrecarga<\/p>\n<\/li>\n<li data-start=\"536\" data-end=\"554\">\n<p data-start=\"538\" data-end=\"554\">Sobrecorriente<\/p>\n<\/li>\n<li data-start=\"555\" data-end=\"576\">\n<p data-start=\"557\" data-end=\"576\">Descarga excesiva<\/p>\n<\/li>\n<li data-start=\"577\" data-end=\"593\">\n<p data-start=\"579\" data-end=\"593\">Sobrevoltaje<\/p>\n<\/li>\n<li data-start=\"594\" data-end=\"611\">\n<p data-start=\"596\" data-end=\"611\">Cortocircuito<\/p>\n<\/li>\n<\/ul>\n<p data-start=\"613\" data-end=\"739\">Ha superado m\u00faltiples pruebas de seguridad y <strong data-start=\"658\" data-end=\"697\">est\u00e1 permitido para llevar en avi\u00f3n<\/strong>, para que lo uses con total tranquilidad.<\/p>\n<h5 data-start=\"741\" data-end=\"773\">Dise\u00f1o Delgado y Ultraligero<\/h5>\n<p data-start=\"774\" data-end=\"1029\">Con solo <strong data-start=\"783\" data-end=\"804\">1,42 cm de grosor<\/strong> y <strong data-start=\"807\" data-end=\"824\">122 g de peso<\/strong>, su tama\u00f1o es apenas un poco mayor que una tarjeta bancaria. No bloquea la c\u00e1mara del tel\u00e9fono y es ideal para llevar en el bolsillo, bolso o mochila, convirti\u00e9ndose en el <strong data-start=\"997\" data-end=\"1028\">compa\u00f1ero perfecto de viaje<\/strong>.<\/p>\n<h5 data-start=\"1031\" data-end=\"1059\">Carga M\u00faltiple 5.000 mAh<\/h5>\n<p data-start=\"1060\" data-end=\"1143\">Gracias a su combinaci\u00f3n de <strong data-start=\"1088\" data-end=\"1133\">carga inal\u00e1mbrica + puertos USB-C y USB-A<\/strong>, permite:<\/p>\n<ul data-start=\"1144\" data-end=\"1293\">\n<li data-start=\"1144\" data-end=\"1193\">\n<p data-start=\"1146\" data-end=\"1193\">Cargar <strong data-start=\"1153\" data-end=\"1193\">hasta 3 dispositivos al mismo tiempo<\/strong><\/p>\n<\/li>\n<li data-start=\"1194\" data-end=\"1239\">\n<p data-start=\"1196\" data-end=\"1239\">Compartir energ\u00eda con amigos o familiares<\/p>\n<\/li>\n<li data-start=\"1240\" data-end=\"1293\">\n<p data-start=\"1242\" data-end=\"1293\">Usarlo como bater\u00eda de respaldo para el d\u00eda a d\u00eda<\/p>\n<\/li>\n<\/ul>\n<h5 data-start=\"1295\" data-end=\"1316\">Carga Inal\u00e1mbrica<\/h5>\n<p data-start=\"1317\" data-end=\"1401\">Disfruta de la comodidad total con su <strong data-start=\"1355\" data-end=\"1384\">modo de carga inal\u00e1mbrica<\/strong>, compatible con:<\/p>\n<ul data-start=\"1402\" data-end=\"1530\">\n<li data-start=\"1402\" data-end=\"1459\">\n<p data-start=\"1404\" data-end=\"1459\"><strong data-start=\"1404\" data-end=\"1457\">iPhone 8 \/ X \/ XS \/ XR \/ 11 y modelos posteriores<\/strong><\/p>\n<\/li>\n<li data-start=\"1460\" data-end=\"1530\">\n<p data-start=\"1462\" data-end=\"1530\"><strong data-start=\"1462\" data-end=\"1506\">Samsung Galaxy y otros tel\u00e9fonos Android<\/strong> con carga inal\u00e1mbrica<\/p>\n<\/li>\n<\/ul>\n<p data-start=\"1532\" data-end=\"1564\"><strong data-start=\"1532\" data-end=\"1564\">Caracter\u00edsticas principales:<\/strong><\/p>\n<ul data-start=\"1565\" data-end=\"1759\">\n<li data-start=\"1565\" data-end=\"1593\">\n<p data-start=\"1567\" data-end=\"1593\">Capacidad: <strong data-start=\"1578\" data-end=\"1591\">5.000 mAh<\/strong><\/p>\n<\/li>\n<li data-start=\"1594\" data-end=\"1623\">\n<p data-start=\"1596\" data-end=\"1623\">Carga inal\u00e1mbrica MagSafe<\/p>\n<\/li>\n<li data-start=\"1624\" data-end=\"1649\">\n<p data-start=\"1626\" data-end=\"1649\">Puertos USB-C y USB-A<\/p>\n<\/li>\n<li data-start=\"1650\" data-end=\"1687\">\n<p data-start=\"1652\" data-end=\"1687\">Dise\u00f1o delgado, ligero y port\u00e1til<\/p>\n<\/li>\n<li data-start=\"1688\" data-end=\"1717\">\n<p data-start=\"1690\" data-end=\"1717\">Apto para viajes en avi\u00f3n<\/p>\n<\/li>\n<li data-start=\"1718\" data-end=\"1759\">\n<p data-start=\"1720\" data-end=\"1759\">Alta seguridad y estabilidad de carga<\/p>\n<\/li>\n<\/ul>\n<p data-start=\"1761\" data-end=\"1900\">Un power bank <strong data-start=\"1775\" data-end=\"1808\">compacto, potente y confiable<\/strong>, ideal para quienes buscan <strong data-start=\"1836\" data-end=\"1880\">comodidad, movilidad y carga inteligente<\/strong> en cualquier lugar.<\/p>\n","protected":false},"excerpt":{"rendered":"<p>Cargador Port\u00e1til MagSafe 5.000 mAh USB-C y USB-A para iPhone Mant\u00e9n tus dispositivos siempre con energ\u00eda gracias a este cargador port\u00e1til MagSafe de 5.000 mAh, dise\u00f1ado para ofrecer carga segura, r\u00e1pida y sin cables en un formato ultracompacto. Protecci\u00f3n de Seguridad Avanzada Integra chips premium y un sistema inteligente de protecci\u00f3n, que protege tus dispositivos [&hellip;]<\/p>\n","protected":false},"featured_media":16042,"template":"","meta":{"site-sidebar-layout":"default","site-content-layout":"","ast-site-content-layout":"default","site-content-style":"default","site-sidebar-style":"default","ast-global-header-display":"","ast-banner-title-visibility":"","ast-main-header-display":"","ast-hfb-above-header-display":"","ast-hfb-below-header-display":"","ast-hfb-mobile-header-display":"","site-post-title":"","ast-breadcrumbs-content":"","ast-featured-img":"","footer-sml-layout":"","ast-disable-related-posts":"","theme-transparent-header-meta":"default","adv-header-id-meta":"","stick-header-meta":"","header-above-stick-meta":"","header-main-stick-meta":"","header-below-stick-meta":"","astra-migrate-meta-layouts":"set","ast-page-background-enabled":"default","ast-page-background-meta":{"desktop":{"background-color":"var(--ast-global-color-4)","background-image":"","background-repeat":"repeat","background-position":"center center","background-size":"auto","background-attachment":"scroll","background-type":"","background-media":"","overlay-type":"","overlay-color":"","overlay-opacity":"","overlay-gradient":""},"tablet":{"background-color":"","background-image":"","background-repeat":"repeat","background-position":"center center","background-size":"auto","background-attachment":"scroll","background-type":"","background-media":"","overlay-type":"","overlay-color":"","overlay-opacity":"","overlay-gradient":""},"mobile":{"background-color":"","background-image":"","background-repeat":"repeat","background-position":"center center","background-size":"auto","background-attachment":"scroll","background-type":"","background-media":"","overlay-type":"","overlay-color":"","overlay-opacity":"","overlay-gradient":""}},"ast-content-background-meta":{"desktop":{"background-color":"var(--ast-global-color-5)","background-image":"","background-repeat":"repeat","background-position":"center center","background-size":"auto","background-attachment":"scroll","background-type":"","background-media":"","overlay-type":"","overlay-color":"","overlay-opacity":"","overlay-gradient":""},"tablet":{"background-color":"var(--ast-global-color-5)","background-image":"","background-repeat":"repeat","background-position":"center center","background-size":"auto","background-attachment":"scroll","background-type":"","background-media":"","overlay-type":"","overlay-color":"","overlay-opacity":"","overlay-gradient":""},"mobile":{"background-color":"var(--ast-global-color-5)","background-image":"","background-repeat":"repeat","background-position":"center center","background-size":"auto","background-attachment":"scroll","background-type":"","background-media":"","overlay-type":"","overlay-color":"","overlay-opacity":"","overlay-gradient":""}}},"product_brand":[],"product_cat":[368,387],"product_tag":[],"class_list":{"0":"post-16041","1":"product","2":"type-product","3":"status-publish","4":"has-post-thumbnail","6":"product_cat-otros","7":"product_cat-tecnologia","8":"desktop-align-left","9":"tablet-align-left","10":"mobile-align-left","12":"first","13":"instock","14":"shipping-taxable","15":"purchasable","16":"product-type-variable"},"yoast_head":"<!-- This site is optimized with the Yoast SEO plugin v27.3 - https:\/\/yoast.com\/product\/yoast-seo-wordpress\/ -->\n<title>Cargador Port\u00e1til MagSafe 5.000 mAh - ROSE MVD<\/title>\n<meta name=\"description\" content=\"Mant\u00e9n tus dispositivos siempre con energ\u00eda gracias a este cargador port\u00e1til MagSafe de 5.000 mAh, dise\u00f1ado para ofrecer carga segura, r\u00e1pida y sin cables\" \/>\n<meta name=\"robots\" content=\"index, follow, max-snippet:-1, max-image-preview:large, max-video-preview:-1\" \/>\n<link rel=\"canonical\" href=\"https:\/\/rosemvd.com\/index.php\/producto\/cargador-portatil-magsafe-5-000-mah\/\" \/>\n<meta property=\"og:locale\" content=\"es_ES\" \/>\n<meta property=\"og:type\" content=\"article\" \/>\n<meta property=\"og:title\" content=\"Cargador Port\u00e1til MagSafe 5.000 mAh - ROSE MVD\" \/>\n<meta property=\"og:description\" content=\"Mant\u00e9n tus dispositivos siempre con energ\u00eda gracias a este cargador port\u00e1til MagSafe de 5.000 mAh, dise\u00f1ado para ofrecer carga segura, r\u00e1pida y sin cables\" \/>\n<meta property=\"og:url\" content=\"https:\/\/rosemvd.com\/index.php\/producto\/cargador-portatil-magsafe-5-000-mah\/\" \/>\n<meta property=\"og:site_name\" content=\"ROSE MVD\" \/>\n<meta property=\"article:publisher\" content=\"https:\/\/www.facebook.com\/TiendaRoseMvd\" \/>\n<meta property=\"article:modified_time\" content=\"2026-01-23T02:46:05+00:00\" \/>\n<meta property=\"og:image\" content=\"https:\/\/rosemvd.com\/wp-content\/uploads\/2026\/01\/D_NQ_NP_2X_722463-MLU88786241734_082025-F.webp\" \/>\n\t<meta property=\"og:image:width\" content=\"1064\" \/>\n\t<meta property=\"og:image:height\" content=\"1200\" \/>\n\t<meta property=\"og:image:type\" content=\"image\/webp\" \/>\n<meta name=\"twitter:card\" content=\"summary_large_image\" \/>\n<meta name=\"twitter:label1\" content=\"Tiempo de lectura\" \/>\n\t<meta name=\"twitter:data1\" content=\"2 minutos\" \/>\n<script type=\"application\/ld+json\" class=\"yoast-schema-graph\">{\"@context\":\"https:\\\/\\\/schema.org\",\"@graph\":[{\"@type\":\"WebPage\",\"@id\":\"https:\\\/\\\/rosemvd.com\\\/index.php\\\/producto\\\/cargador-portatil-magsafe-5-000-mah\\\/\",\"url\":\"https:\\\/\\\/rosemvd.com\\\/index.php\\\/producto\\\/cargador-portatil-magsafe-5-000-mah\\\/\",\"name\":\"Cargador Port\u00e1til MagSafe 5.000 mAh - ROSE MVD\",\"isPartOf\":{\"@id\":\"https:\\\/\\\/rosemvd.com\\\/#website\"},\"primaryImageOfPage\":{\"@id\":\"https:\\\/\\\/rosemvd.com\\\/index.php\\\/producto\\\/cargador-portatil-magsafe-5-000-mah\\\/#primaryimage\"},\"image\":{\"@id\":\"https:\\\/\\\/rosemvd.com\\\/index.php\\\/producto\\\/cargador-portatil-magsafe-5-000-mah\\\/#primaryimage\"},\"thumbnailUrl\":\"https:\\\/\\\/rosemvd.com\\\/wp-content\\\/uploads\\\/2026\\\/01\\\/D_NQ_NP_2X_722463-MLU88786241734_082025-F.webp\",\"datePublished\":\"2026-01-22T02:25:31+00:00\",\"dateModified\":\"2026-01-23T02:46:05+00:00\",\"description\":\"Mant\u00e9n tus dispositivos siempre con energ\u00eda gracias a este cargador port\u00e1til MagSafe de 5.000 mAh, dise\u00f1ado para ofrecer carga segura, r\u00e1pida y sin cables\",\"breadcrumb\":{\"@id\":\"https:\\\/\\\/rosemvd.com\\\/index.php\\\/producto\\\/cargador-portatil-magsafe-5-000-mah\\\/#breadcrumb\"},\"inLanguage\":\"es\",\"potentialAction\":[{\"@type\":\"ReadAction\",\"target\":[\"https:\\\/\\\/rosemvd.com\\\/index.php\\\/producto\\\/cargador-portatil-magsafe-5-000-mah\\\/\"]}]},{\"@type\":\"ImageObject\",\"inLanguage\":\"es\",\"@id\":\"https:\\\/\\\/rosemvd.com\\\/index.php\\\/producto\\\/cargador-portatil-magsafe-5-000-mah\\\/#primaryimage\",\"url\":\"https:\\\/\\\/rosemvd.com\\\/wp-content\\\/uploads\\\/2026\\\/01\\\/D_NQ_NP_2X_722463-MLU88786241734_082025-F.webp\",\"contentUrl\":\"https:\\\/\\\/rosemvd.com\\\/wp-content\\\/uploads\\\/2026\\\/01\\\/D_NQ_NP_2X_722463-MLU88786241734_082025-F.webp\",\"width\":1064,\"height\":1200},{\"@type\":\"BreadcrumbList\",\"@id\":\"https:\\\/\\\/rosemvd.com\\\/index.php\\\/producto\\\/cargador-portatil-magsafe-5-000-mah\\\/#breadcrumb\",\"itemListElement\":[{\"@type\":\"ListItem\",\"position\":1,\"name\":\"Portada\",\"item\":\"https:\\\/\\\/rosemvd.com\\\/\"},{\"@type\":\"ListItem\",\"position\":2,\"name\":\"Tienda\",\"item\":\"https:\\\/\\\/rosemvd.com\\\/index.php\\\/tienda\\\/\"},{\"@type\":\"ListItem\",\"position\":3,\"name\":\"Cargador Port\u00e1til MagSafe 5.000 mAh\"}]},{\"@type\":\"WebSite\",\"@id\":\"https:\\\/\\\/rosemvd.com\\\/#website\",\"url\":\"https:\\\/\\\/rosemvd.com\\\/\",\"name\":\"ROSE MVD\",\"description\":\"Todo lo que buscas lo pod\u00e9s encontrar en rose mvd, especializados en traer todas las cosas nuevas en tendencia y accesorios diferentes y \u00fanicos.\",\"publisher\":{\"@id\":\"https:\\\/\\\/rosemvd.com\\\/#organization\"},\"potentialAction\":[{\"@type\":\"SearchAction\",\"target\":{\"@type\":\"EntryPoint\",\"urlTemplate\":\"https:\\\/\\\/rosemvd.com\\\/?s={search_term_string}\"},\"query-input\":{\"@type\":\"PropertyValueSpecification\",\"valueRequired\":true,\"valueName\":\"search_term_string\"}}],\"inLanguage\":\"es\"},{\"@type\":\"Organization\",\"@id\":\"https:\\\/\\\/rosemvd.com\\\/#organization\",\"name\":\"ROSE MVD\",\"alternateName\":\"ROSE MVD\",\"url\":\"https:\\\/\\\/rosemvd.com\\\/\",\"logo\":{\"@type\":\"ImageObject\",\"inLanguage\":\"es\",\"@id\":\"https:\\\/\\\/rosemvd.com\\\/#\\\/schema\\\/logo\\\/image\\\/\",\"url\":\"https:\\\/\\\/rosemvd.com\\\/wp-content\\\/uploads\\\/2023\\\/03\\\/Sin-titulo-2_Mesa-de-trabajo-1.png\",\"contentUrl\":\"https:\\\/\\\/rosemvd.com\\\/wp-content\\\/uploads\\\/2023\\\/03\\\/Sin-titulo-2_Mesa-de-trabajo-1.png\",\"width\":2084,\"height\":2084,\"caption\":\"ROSE MVD\"},\"image\":{\"@id\":\"https:\\\/\\\/rosemvd.com\\\/#\\\/schema\\\/logo\\\/image\\\/\"},\"sameAs\":[\"https:\\\/\\\/www.facebook.com\\\/TiendaRoseMvd\",\"https:\\\/\\\/www.instagram.com\\\/rose.mvd\"]}]}<\/script>\n<!-- \/ Yoast SEO plugin. -->","yoast_head_json":{"title":"Cargador Port\u00e1til MagSafe 5.000 mAh - ROSE MVD","description":"Mant\u00e9n tus dispositivos siempre con energ\u00eda gracias a este cargador port\u00e1til MagSafe de 5.000 mAh, dise\u00f1ado para ofrecer carga segura, r\u00e1pida y sin cables","robots":{"index":"index","follow":"follow","max-snippet":"max-snippet:-1","max-image-preview":"max-image-preview:large","max-video-preview":"max-video-preview:-1"},"canonical":"https:\/\/rosemvd.com\/index.php\/producto\/cargador-portatil-magsafe-5-000-mah\/","og_locale":"es_ES","og_type":"article","og_title":"Cargador Port\u00e1til MagSafe 5.000 mAh - ROSE MVD","og_description":"Mant\u00e9n tus dispositivos siempre con energ\u00eda gracias a este cargador port\u00e1til MagSafe de 5.000 mAh, dise\u00f1ado para ofrecer carga segura, r\u00e1pida y sin cables","og_url":"https:\/\/rosemvd.com\/index.php\/producto\/cargador-portatil-magsafe-5-000-mah\/","og_site_name":"ROSE MVD","article_publisher":"https:\/\/www.facebook.com\/TiendaRoseMvd","article_modified_time":"2026-01-23T02:46:05+00:00","og_image":[{"width":1064,"height":1200,"url":"https:\/\/rosemvd.com\/wp-content\/uploads\/2026\/01\/D_NQ_NP_2X_722463-MLU88786241734_082025-F.webp","type":"image\/webp"}],"twitter_card":"summary_large_image","twitter_misc":{"Tiempo de lectura":"2 minutos"},"schema":{"@context":"https:\/\/schema.org","@graph":[{"@type":"WebPage","@id":"https:\/\/rosemvd.com\/index.php\/producto\/cargador-portatil-magsafe-5-000-mah\/","url":"https:\/\/rosemvd.com\/index.php\/producto\/cargador-portatil-magsafe-5-000-mah\/","name":"Cargador Port\u00e1til MagSafe 5.000 mAh - ROSE MVD","isPartOf":{"@id":"https:\/\/rosemvd.com\/#website"},"primaryImageOfPage":{"@id":"https:\/\/rosemvd.com\/index.php\/producto\/cargador-portatil-magsafe-5-000-mah\/#primaryimage"},"image":{"@id":"https:\/\/rosemvd.com\/index.php\/producto\/cargador-portatil-magsafe-5-000-mah\/#primaryimage"},"thumbnailUrl":"https:\/\/rosemvd.com\/wp-content\/uploads\/2026\/01\/D_NQ_NP_2X_722463-MLU88786241734_082025-F.webp","datePublished":"2026-01-22T02:25:31+00:00","dateModified":"2026-01-23T02:46:05+00:00","description":"Mant\u00e9n tus dispositivos siempre con energ\u00eda gracias a este cargador port\u00e1til MagSafe de 5.000 mAh, dise\u00f1ado para ofrecer carga segura, r\u00e1pida y sin cables","breadcrumb":{"@id":"https:\/\/rosemvd.com\/index.php\/producto\/cargador-portatil-magsafe-5-000-mah\/#breadcrumb"},"inLanguage":"es","potentialAction":[{"@type":"ReadAction","target":["https:\/\/rosemvd.com\/index.php\/producto\/cargador-portatil-magsafe-5-000-mah\/"]}]},{"@type":"ImageObject","inLanguage":"es","@id":"https:\/\/rosemvd.com\/index.php\/producto\/cargador-portatil-magsafe-5-000-mah\/#primaryimage","url":"https:\/\/rosemvd.com\/wp-content\/uploads\/2026\/01\/D_NQ_NP_2X_722463-MLU88786241734_082025-F.webp","contentUrl":"https:\/\/rosemvd.com\/wp-content\/uploads\/2026\/01\/D_NQ_NP_2X_722463-MLU88786241734_082025-F.webp","width":1064,"height":1200},{"@type":"BreadcrumbList","@id":"https:\/\/rosemvd.com\/index.php\/producto\/cargador-portatil-magsafe-5-000-mah\/#breadcrumb","itemListElement":[{"@type":"ListItem","position":1,"name":"Portada","item":"https:\/\/rosemvd.com\/"},{"@type":"ListItem","position":2,"name":"Tienda","item":"https:\/\/rosemvd.com\/index.php\/tienda\/"},{"@type":"ListItem","position":3,"name":"Cargador Port\u00e1til MagSafe 5.000 mAh"}]},{"@type":"WebSite","@id":"https:\/\/rosemvd.com\/#website","url":"https:\/\/rosemvd.com\/","name":"ROSE MVD","description":"Todo lo que buscas lo pod\u00e9s encontrar en rose mvd, especializados en traer todas las cosas nuevas en tendencia y accesorios diferentes y \u00fanicos.","publisher":{"@id":"https:\/\/rosemvd.com\/#organization"},"potentialAction":[{"@type":"SearchAction","target":{"@type":"EntryPoint","urlTemplate":"https:\/\/rosemvd.com\/?s={search_term_string}"},"query-input":{"@type":"PropertyValueSpecification","valueRequired":true,"valueName":"search_term_string"}}],"inLanguage":"es"},{"@type":"Organization","@id":"https:\/\/rosemvd.com\/#organization","name":"ROSE MVD","alternateName":"ROSE MVD","url":"https:\/\/rosemvd.com\/","logo":{"@type":"ImageObject","inLanguage":"es","@id":"https:\/\/rosemvd.com\/#\/schema\/logo\/image\/","url":"https:\/\/rosemvd.com\/wp-content\/uploads\/2023\/03\/Sin-titulo-2_Mesa-de-trabajo-1.png","contentUrl":"https:\/\/rosemvd.com\/wp-content\/uploads\/2023\/03\/Sin-titulo-2_Mesa-de-trabajo-1.png","width":2084,"height":2084,"caption":"ROSE MVD"},"image":{"@id":"https:\/\/rosemvd.com\/#\/schema\/logo\/image\/"},"sameAs":["https:\/\/www.facebook.com\/TiendaRoseMvd","https:\/\/www.instagram.com\/rose.mvd"]}]}},"_links":{"self":[{"href":"https:\/\/rosemvd.com\/index.php\/wp-json\/wp\/v2\/product\/16041","targetHints":{"allow":["GET"]}}],"collection":[{"href":"https:\/\/rosemvd.com\/index.php\/wp-json\/wp\/v2\/product"}],"about":[{"href":"https:\/\/rosemvd.com\/index.php\/wp-json\/wp\/v2\/types\/product"}],"wp:featuredmedia":[{"embeddable":true,"href":"https:\/\/rosemvd.com\/index.php\/wp-json\/wp\/v2\/media\/16042"}],"wp:attachment":[{"href":"https:\/\/rosemvd.com\/index.php\/wp-json\/wp\/v2\/media?parent=16041"}],"wp:term":[{"taxonomy":"product_brand","embeddable":true,"href":"https:\/\/rosemvd.com\/index.php\/wp-json\/wp\/v2\/product_brand?post=16041"},{"taxonomy":"product_cat","embeddable":true,"href":"https:\/\/rosemvd.com\/index.php\/wp-json\/wp\/v2\/product_cat?post=16041"},{"taxonomy":"product_tag","embeddable":true,"href":"https:\/\/rosemvd.com\/index.php\/wp-json\/wp\/v2\/product_tag?post=16041"}],"curies":[{"name":"wp","href":"https:\/\/api.w.org\/{rel}","templated":true}]}}