{"id":16027,"date":"2026-01-21T23:20:55","date_gmt":"2026-01-22T02:20:55","guid":{"rendered":"https:\/\/rosemvd.com\/?post_type=product&#038;p=16027"},"modified":"2026-01-21T23:20:56","modified_gmt":"2026-01-22T02:20:56","slug":"power-bank-inalambrico-magnetico-10-000-mah","status":"publish","type":"product","link":"https:\/\/rosemvd.com\/index.php\/producto\/power-bank-inalambrico-magnetico-10-000-mah\/","title":{"rendered":"Power Bank Inal\u00e1mbrico Magn\u00e9tico 10.000 mAh"},"content":{"rendered":"<h5 data-start=\"125\" data-end=\"181\">Cargador Inal\u00e1mbrico Magn\u00e9tico Power Bank 10.000 mAh<\/h5>\n<p data-start=\"183\" data-end=\"466\">El <strong data-start=\"186\" data-end=\"236\">power bank magn\u00e9tico inal\u00e1mbrico de 10.000 mAh<\/strong> es la soluci\u00f3n perfecta para mantener tus dispositivos cargados en cualquier lugar. Combina <strong data-start=\"329\" data-end=\"360\">carga inal\u00e1mbrica magn\u00e9tica<\/strong> y <strong data-start=\"363\" data-end=\"389\">carga por cable r\u00e1pida<\/strong>, ofreciendo potencia, comodidad y seguridad en un dise\u00f1o pr\u00e1ctico y moderno.<\/p>\n<h5 data-start=\"468\" data-end=\"495\">Compatibilidad de Carga<\/h5>\n<p data-start=\"497\" data-end=\"531\"><strong data-start=\"497\" data-end=\"531\">1. Carga inal\u00e1mbrica magn\u00e9tica<\/strong><\/p>\n<ul data-start=\"532\" data-end=\"913\">\n<li data-start=\"532\" data-end=\"629\">\n<p data-start=\"534\" data-end=\"629\">Compatible exclusivamente con <strong data-start=\"564\" data-end=\"592\">iPhone serie 12 hasta 17<\/strong> (con carga inal\u00e1mbrica integrada).<\/p>\n<\/li>\n<li data-start=\"630\" data-end=\"714\">\n<p data-start=\"632\" data-end=\"714\">Si utilizas funda, debe ser <strong data-start=\"660\" data-end=\"673\">magn\u00e9tica<\/strong> para garantizar la correcta adsorci\u00f3n.<\/p>\n<\/li>\n<li data-start=\"715\" data-end=\"832\">\n<p data-start=\"717\" data-end=\"832\">En tel\u00e9fonos <strong data-start=\"730\" data-end=\"741\">Android<\/strong>, se requiere una <strong data-start=\"759\" data-end=\"788\">funda magn\u00e9tica adicional<\/strong> para usar la carga inal\u00e1mbrica magn\u00e9tica.<\/p>\n<\/li>\n<li data-start=\"833\" data-end=\"913\">\n<p data-start=\"835\" data-end=\"913\">Tel\u00e9fonos Android sin funci\u00f3n magn\u00e9tica <strong data-start=\"875\" data-end=\"912\">no admiten la adsorci\u00f3n magn\u00e9tica<\/strong>.<\/p>\n<\/li>\n<\/ul>\n<p data-start=\"915\" data-end=\"937\"><strong data-start=\"915\" data-end=\"937\">2. Carga por cable<\/strong><\/p>\n<ul data-start=\"938\" data-end=\"1161\">\n<li data-start=\"938\" data-end=\"978\">\n<p data-start=\"940\" data-end=\"978\">Compatible con <strong data-start=\"955\" data-end=\"975\">iPhone y Android<\/strong>.<\/p>\n<\/li>\n<li data-start=\"979\" data-end=\"1029\">\n<p data-start=\"981\" data-end=\"1029\">Incluye <strong data-start=\"989\" data-end=\"1026\">cable de carga r\u00e1pida PD est\u00e1ndar<\/strong>.<\/p>\n<\/li>\n<li data-start=\"1030\" data-end=\"1161\">\n<p data-start=\"1032\" data-end=\"1067\">El <strong data-start=\"1035\" data-end=\"1052\">puerto Tipo-C<\/strong> funciona como:<\/p>\n<ul data-start=\"1070\" data-end=\"1161\">\n<li data-start=\"1070\" data-end=\"1112\">\n<p data-start=\"1072\" data-end=\"1112\"><strong data-start=\"1072\" data-end=\"1084\">Entrada:<\/strong> para cargar el power bank<\/p>\n<\/li>\n<li data-start=\"1115\" data-end=\"1161\">\n<p data-start=\"1117\" data-end=\"1161\"><strong data-start=\"1117\" data-end=\"1128\">Salida:<\/strong> para cargar otros dispositivos<\/p>\n<\/li>\n<\/ul>\n<\/li>\n<\/ul>\n<h5 data-start=\"1163\" data-end=\"1201\">Seguridad y Control de Temperatura<\/h5>\n<p data-start=\"1202\" data-end=\"1549\">Durante la carga inal\u00e1mbrica es normal que el dispositivo genere calor. Este power bank incorpora un <strong data-start=\"1303\" data-end=\"1366\">sistema interno de protecci\u00f3n NTC contra sobrecalentamiento<\/strong>.<br data-start=\"1367\" data-end=\"1370\" \/>Si la temperatura del tel\u00e9fono es demasiado alta, la carga se <strong data-start=\"1432\" data-end=\"1459\">detiene autom\u00e1ticamente<\/strong> como medida de protecci\u00f3n. Solo debes reiniciar la carga cuando la temperatura descienda.<\/p>\n<h5 data-start=\"1551\" data-end=\"1583\">Caracter\u00edsticas principales:<\/h5>\n<ul data-start=\"1584\" data-end=\"1856\">\n<li data-start=\"1584\" data-end=\"1613\">\n<p data-start=\"1586\" data-end=\"1613\">Capacidad: <strong data-start=\"1597\" data-end=\"1611\">10.000 mAh<\/strong><\/p>\n<\/li>\n<li data-start=\"1614\" data-end=\"1645\">\n<p data-start=\"1616\" data-end=\"1645\">Carga inal\u00e1mbrica magn\u00e9tica<\/p>\n<\/li>\n<li data-start=\"1646\" data-end=\"1675\">\n<p data-start=\"1648\" data-end=\"1675\">Carga r\u00e1pida por cable PD<\/p>\n<\/li>\n<li data-start=\"1676\" data-end=\"1713\">\n<p data-start=\"1678\" data-end=\"1713\">Puerto Tipo-C de entrada y salida<\/p>\n<\/li>\n<li data-start=\"1714\" data-end=\"1777\">\n<p data-start=\"1716\" data-end=\"1777\">Sistema inteligente de protecci\u00f3n contra sobrecalentamiento<\/p>\n<\/li>\n<li data-start=\"1778\" data-end=\"1808\">\n<p data-start=\"1780\" data-end=\"1808\">Dise\u00f1o port\u00e1til y pr\u00e1ctico<\/p>\n<\/li>\n<li data-start=\"1809\" data-end=\"1856\">\n<p data-start=\"1811\" data-end=\"1856\">Ideal para uso diario, viajes y emergencias<\/p>\n<\/li>\n<\/ul>\n<p data-start=\"1858\" data-end=\"2013\">Un cargador confiable, moderno y eficiente, dise\u00f1ado para cubrir las <strong data-start=\"1927\" data-end=\"1961\">necesidades reales del usuario<\/strong> y ofrecer una experiencia de carga segura y c\u00f3moda.<\/p>\n","protected":false},"excerpt":{"rendered":"<p>Cargador Inal\u00e1mbrico Magn\u00e9tico Power Bank 10.000 mAh El power bank magn\u00e9tico inal\u00e1mbrico de 10.000 mAh es la soluci\u00f3n perfecta para mantener tus dispositivos cargados en cualquier lugar. Combina carga inal\u00e1mbrica magn\u00e9tica y carga por cable r\u00e1pida, ofreciendo potencia, comodidad y seguridad en un dise\u00f1o pr\u00e1ctico y moderno. Compatibilidad de Carga 1. Carga inal\u00e1mbrica magn\u00e9tica Compatible [&hellip;]<\/p>\n","protected":false},"featured_media":16030,"template":"","meta":{"site-sidebar-layout":"default","site-content-layout":"","ast-site-content-layout":"default","site-content-style":"default","site-sidebar-style":"default","ast-global-header-display":"","ast-banner-title-visibility":"","ast-main-header-display":"","ast-hfb-above-header-display":"","ast-hfb-below-header-display":"","ast-hfb-mobile-header-display":"","site-post-title":"","ast-breadcrumbs-content":"","ast-featured-img":"","footer-sml-layout":"","ast-disable-related-posts":"","theme-transparent-header-meta":"default","adv-header-id-meta":"","stick-header-meta":"","header-above-stick-meta":"","header-main-stick-meta":"","header-below-stick-meta":"","astra-migrate-meta-layouts":"set","ast-page-background-enabled":"default","ast-page-background-meta":{"desktop":{"background-color":"var(--ast-global-color-4)","background-image":"","background-repeat":"repeat","background-position":"center center","background-size":"auto","background-attachment":"scroll","background-type":"","background-media":"","overlay-type":"","overlay-color":"","overlay-opacity":"","overlay-gradient":""},"tablet":{"background-color":"","background-image":"","background-repeat":"repeat","background-position":"center center","background-size":"auto","background-attachment":"scroll","background-type":"","background-media":"","overlay-type":"","overlay-color":"","overlay-opacity":"","overlay-gradient":""},"mobile":{"background-color":"","background-image":"","background-repeat":"repeat","background-position":"center center","background-size":"auto","background-attachment":"scroll","background-type":"","background-media":"","overlay-type":"","overlay-color":"","overlay-opacity":"","overlay-gradient":""}},"ast-content-background-meta":{"desktop":{"background-color":"var(--ast-global-color-5)","background-image":"","background-repeat":"repeat","background-position":"center center","background-size":"auto","background-attachment":"scroll","background-type":"","background-media":"","overlay-type":"","overlay-color":"","overlay-opacity":"","overlay-gradient":""},"tablet":{"background-color":"var(--ast-global-color-5)","background-image":"","background-repeat":"repeat","background-position":"center center","background-size":"auto","background-attachment":"scroll","background-type":"","background-media":"","overlay-type":"","overlay-color":"","overlay-opacity":"","overlay-gradient":""},"mobile":{"background-color":"var(--ast-global-color-5)","background-image":"","background-repeat":"repeat","background-position":"center center","background-size":"auto","background-attachment":"scroll","background-type":"","background-media":"","overlay-type":"","overlay-color":"","overlay-opacity":"","overlay-gradient":""}}},"product_brand":[],"product_cat":[368,387],"product_tag":[],"class_list":{"0":"post-16027","1":"product","2":"type-product","3":"status-publish","4":"has-post-thumbnail","6":"product_cat-otros","7":"product_cat-tecnologia","8":"desktop-align-left","9":"tablet-align-left","10":"mobile-align-left","12":"first","13":"instock","14":"shipping-taxable","15":"purchasable","16":"product-type-variable"},"yoast_head":"<!-- This site is optimized with the Yoast SEO plugin v27.3 - https:\/\/yoast.com\/product\/yoast-seo-wordpress\/ -->\n<title>Power Bank Inal\u00e1mbrico Magn\u00e9tico 10.000 mAh - ROSE MVD<\/title>\n<meta name=\"description\" content=\"Soluci\u00f3n perfecta para mantener tus dispositivos cargados en cualquier lugar. Combina carga inal\u00e1mbrica magn\u00e9tica y carga por cable r\u00e1pida\" \/>\n<meta name=\"robots\" content=\"index, follow, max-snippet:-1, max-image-preview:large, max-video-preview:-1\" \/>\n<link rel=\"canonical\" href=\"https:\/\/rosemvd.com\/index.php\/producto\/power-bank-inalambrico-magnetico-10-000-mah\/\" \/>\n<meta property=\"og:locale\" content=\"es_ES\" \/>\n<meta property=\"og:type\" content=\"article\" \/>\n<meta property=\"og:title\" content=\"Power Bank Inal\u00e1mbrico Magn\u00e9tico 10.000 mAh - ROSE MVD\" \/>\n<meta property=\"og:description\" content=\"Soluci\u00f3n perfecta para mantener tus dispositivos cargados en cualquier lugar. Combina carga inal\u00e1mbrica magn\u00e9tica y carga por cable r\u00e1pida\" \/>\n<meta property=\"og:url\" content=\"https:\/\/rosemvd.com\/index.php\/producto\/power-bank-inalambrico-magnetico-10-000-mah\/\" \/>\n<meta property=\"og:site_name\" content=\"ROSE MVD\" \/>\n<meta property=\"article:publisher\" content=\"https:\/\/www.facebook.com\/TiendaRoseMvd\" \/>\n<meta property=\"article:modified_time\" content=\"2026-01-22T02:20:56+00:00\" \/>\n<meta property=\"og:image\" content=\"https:\/\/rosemvd.com\/wp-content\/uploads\/2026\/01\/9a9102ac-fe0c-4829-8227-543347528cfd.jpg\" \/>\n\t<meta property=\"og:image:width\" content=\"800\" \/>\n\t<meta property=\"og:image:height\" content=\"800\" \/>\n\t<meta property=\"og:image:type\" content=\"image\/jpeg\" \/>\n<meta name=\"twitter:card\" content=\"summary_large_image\" \/>\n<meta name=\"twitter:label1\" content=\"Tiempo de lectura\" \/>\n\t<meta name=\"twitter:data1\" content=\"2 minutos\" \/>\n<script type=\"application\/ld+json\" class=\"yoast-schema-graph\">{\"@context\":\"https:\\\/\\\/schema.org\",\"@graph\":[{\"@type\":\"WebPage\",\"@id\":\"https:\\\/\\\/rosemvd.com\\\/index.php\\\/producto\\\/power-bank-inalambrico-magnetico-10-000-mah\\\/\",\"url\":\"https:\\\/\\\/rosemvd.com\\\/index.php\\\/producto\\\/power-bank-inalambrico-magnetico-10-000-mah\\\/\",\"name\":\"Power Bank Inal\u00e1mbrico Magn\u00e9tico 10.000 mAh - ROSE MVD\",\"isPartOf\":{\"@id\":\"https:\\\/\\\/rosemvd.com\\\/#website\"},\"primaryImageOfPage\":{\"@id\":\"https:\\\/\\\/rosemvd.com\\\/index.php\\\/producto\\\/power-bank-inalambrico-magnetico-10-000-mah\\\/#primaryimage\"},\"image\":{\"@id\":\"https:\\\/\\\/rosemvd.com\\\/index.php\\\/producto\\\/power-bank-inalambrico-magnetico-10-000-mah\\\/#primaryimage\"},\"thumbnailUrl\":\"https:\\\/\\\/rosemvd.com\\\/wp-content\\\/uploads\\\/2026\\\/01\\\/9a9102ac-fe0c-4829-8227-543347528cfd.jpg\",\"datePublished\":\"2026-01-22T02:20:55+00:00\",\"dateModified\":\"2026-01-22T02:20:56+00:00\",\"description\":\"Soluci\u00f3n perfecta para mantener tus dispositivos cargados en cualquier lugar. Combina carga inal\u00e1mbrica magn\u00e9tica y carga por cable r\u00e1pida\",\"breadcrumb\":{\"@id\":\"https:\\\/\\\/rosemvd.com\\\/index.php\\\/producto\\\/power-bank-inalambrico-magnetico-10-000-mah\\\/#breadcrumb\"},\"inLanguage\":\"es\",\"potentialAction\":[{\"@type\":\"ReadAction\",\"target\":[\"https:\\\/\\\/rosemvd.com\\\/index.php\\\/producto\\\/power-bank-inalambrico-magnetico-10-000-mah\\\/\"]}]},{\"@type\":\"ImageObject\",\"inLanguage\":\"es\",\"@id\":\"https:\\\/\\\/rosemvd.com\\\/index.php\\\/producto\\\/power-bank-inalambrico-magnetico-10-000-mah\\\/#primaryimage\",\"url\":\"https:\\\/\\\/rosemvd.com\\\/wp-content\\\/uploads\\\/2026\\\/01\\\/9a9102ac-fe0c-4829-8227-543347528cfd.jpg\",\"contentUrl\":\"https:\\\/\\\/rosemvd.com\\\/wp-content\\\/uploads\\\/2026\\\/01\\\/9a9102ac-fe0c-4829-8227-543347528cfd.jpg\",\"width\":800,\"height\":800},{\"@type\":\"BreadcrumbList\",\"@id\":\"https:\\\/\\\/rosemvd.com\\\/index.php\\\/producto\\\/power-bank-inalambrico-magnetico-10-000-mah\\\/#breadcrumb\",\"itemListElement\":[{\"@type\":\"ListItem\",\"position\":1,\"name\":\"Portada\",\"item\":\"https:\\\/\\\/rosemvd.com\\\/\"},{\"@type\":\"ListItem\",\"position\":2,\"name\":\"Tienda\",\"item\":\"https:\\\/\\\/rosemvd.com\\\/index.php\\\/tienda\\\/\"},{\"@type\":\"ListItem\",\"position\":3,\"name\":\"Power Bank Inal\u00e1mbrico Magn\u00e9tico 10.000 mAh\"}]},{\"@type\":\"WebSite\",\"@id\":\"https:\\\/\\\/rosemvd.com\\\/#website\",\"url\":\"https:\\\/\\\/rosemvd.com\\\/\",\"name\":\"ROSE MVD\",\"description\":\"Todo lo que buscas lo pod\u00e9s encontrar en rose mvd, especializados en traer todas las cosas nuevas en tendencia y accesorios diferentes y \u00fanicos.\",\"publisher\":{\"@id\":\"https:\\\/\\\/rosemvd.com\\\/#organization\"},\"potentialAction\":[{\"@type\":\"SearchAction\",\"target\":{\"@type\":\"EntryPoint\",\"urlTemplate\":\"https:\\\/\\\/rosemvd.com\\\/?s={search_term_string}\"},\"query-input\":{\"@type\":\"PropertyValueSpecification\",\"valueRequired\":true,\"valueName\":\"search_term_string\"}}],\"inLanguage\":\"es\"},{\"@type\":\"Organization\",\"@id\":\"https:\\\/\\\/rosemvd.com\\\/#organization\",\"name\":\"ROSE MVD\",\"alternateName\":\"ROSE MVD\",\"url\":\"https:\\\/\\\/rosemvd.com\\\/\",\"logo\":{\"@type\":\"ImageObject\",\"inLanguage\":\"es\",\"@id\":\"https:\\\/\\\/rosemvd.com\\\/#\\\/schema\\\/logo\\\/image\\\/\",\"url\":\"https:\\\/\\\/rosemvd.com\\\/wp-content\\\/uploads\\\/2023\\\/03\\\/Sin-titulo-2_Mesa-de-trabajo-1.png\",\"contentUrl\":\"https:\\\/\\\/rosemvd.com\\\/wp-content\\\/uploads\\\/2023\\\/03\\\/Sin-titulo-2_Mesa-de-trabajo-1.png\",\"width\":2084,\"height\":2084,\"caption\":\"ROSE MVD\"},\"image\":{\"@id\":\"https:\\\/\\\/rosemvd.com\\\/#\\\/schema\\\/logo\\\/image\\\/\"},\"sameAs\":[\"https:\\\/\\\/www.facebook.com\\\/TiendaRoseMvd\",\"https:\\\/\\\/www.instagram.com\\\/rose.mvd\"]}]}<\/script>\n<!-- \/ Yoast SEO plugin. -->","yoast_head_json":{"title":"Power Bank Inal\u00e1mbrico Magn\u00e9tico 10.000 mAh - ROSE MVD","description":"Soluci\u00f3n perfecta para mantener tus dispositivos cargados en cualquier lugar. Combina carga inal\u00e1mbrica magn\u00e9tica y carga por cable r\u00e1pida","robots":{"index":"index","follow":"follow","max-snippet":"max-snippet:-1","max-image-preview":"max-image-preview:large","max-video-preview":"max-video-preview:-1"},"canonical":"https:\/\/rosemvd.com\/index.php\/producto\/power-bank-inalambrico-magnetico-10-000-mah\/","og_locale":"es_ES","og_type":"article","og_title":"Power Bank Inal\u00e1mbrico Magn\u00e9tico 10.000 mAh - ROSE MVD","og_description":"Soluci\u00f3n perfecta para mantener tus dispositivos cargados en cualquier lugar. Combina carga inal\u00e1mbrica magn\u00e9tica y carga por cable r\u00e1pida","og_url":"https:\/\/rosemvd.com\/index.php\/producto\/power-bank-inalambrico-magnetico-10-000-mah\/","og_site_name":"ROSE MVD","article_publisher":"https:\/\/www.facebook.com\/TiendaRoseMvd","article_modified_time":"2026-01-22T02:20:56+00:00","og_image":[{"width":800,"height":800,"url":"https:\/\/rosemvd.com\/wp-content\/uploads\/2026\/01\/9a9102ac-fe0c-4829-8227-543347528cfd.jpg","type":"image\/jpeg"}],"twitter_card":"summary_large_image","twitter_misc":{"Tiempo de lectura":"2 minutos"},"schema":{"@context":"https:\/\/schema.org","@graph":[{"@type":"WebPage","@id":"https:\/\/rosemvd.com\/index.php\/producto\/power-bank-inalambrico-magnetico-10-000-mah\/","url":"https:\/\/rosemvd.com\/index.php\/producto\/power-bank-inalambrico-magnetico-10-000-mah\/","name":"Power Bank Inal\u00e1mbrico Magn\u00e9tico 10.000 mAh - ROSE MVD","isPartOf":{"@id":"https:\/\/rosemvd.com\/#website"},"primaryImageOfPage":{"@id":"https:\/\/rosemvd.com\/index.php\/producto\/power-bank-inalambrico-magnetico-10-000-mah\/#primaryimage"},"image":{"@id":"https:\/\/rosemvd.com\/index.php\/producto\/power-bank-inalambrico-magnetico-10-000-mah\/#primaryimage"},"thumbnailUrl":"https:\/\/rosemvd.com\/wp-content\/uploads\/2026\/01\/9a9102ac-fe0c-4829-8227-543347528cfd.jpg","datePublished":"2026-01-22T02:20:55+00:00","dateModified":"2026-01-22T02:20:56+00:00","description":"Soluci\u00f3n perfecta para mantener tus dispositivos cargados en cualquier lugar. Combina carga inal\u00e1mbrica magn\u00e9tica y carga por cable r\u00e1pida","breadcrumb":{"@id":"https:\/\/rosemvd.com\/index.php\/producto\/power-bank-inalambrico-magnetico-10-000-mah\/#breadcrumb"},"inLanguage":"es","potentialAction":[{"@type":"ReadAction","target":["https:\/\/rosemvd.com\/index.php\/producto\/power-bank-inalambrico-magnetico-10-000-mah\/"]}]},{"@type":"ImageObject","inLanguage":"es","@id":"https:\/\/rosemvd.com\/index.php\/producto\/power-bank-inalambrico-magnetico-10-000-mah\/#primaryimage","url":"https:\/\/rosemvd.com\/wp-content\/uploads\/2026\/01\/9a9102ac-fe0c-4829-8227-543347528cfd.jpg","contentUrl":"https:\/\/rosemvd.com\/wp-content\/uploads\/2026\/01\/9a9102ac-fe0c-4829-8227-543347528cfd.jpg","width":800,"height":800},{"@type":"BreadcrumbList","@id":"https:\/\/rosemvd.com\/index.php\/producto\/power-bank-inalambrico-magnetico-10-000-mah\/#breadcrumb","itemListElement":[{"@type":"ListItem","position":1,"name":"Portada","item":"https:\/\/rosemvd.com\/"},{"@type":"ListItem","position":2,"name":"Tienda","item":"https:\/\/rosemvd.com\/index.php\/tienda\/"},{"@type":"ListItem","position":3,"name":"Power Bank Inal\u00e1mbrico Magn\u00e9tico 10.000 mAh"}]},{"@type":"WebSite","@id":"https:\/\/rosemvd.com\/#website","url":"https:\/\/rosemvd.com\/","name":"ROSE MVD","description":"Todo lo que buscas lo pod\u00e9s encontrar en rose mvd, especializados en traer todas las cosas nuevas en tendencia y accesorios diferentes y \u00fanicos.","publisher":{"@id":"https:\/\/rosemvd.com\/#organization"},"potentialAction":[{"@type":"SearchAction","target":{"@type":"EntryPoint","urlTemplate":"https:\/\/rosemvd.com\/?s={search_term_string}"},"query-input":{"@type":"PropertyValueSpecification","valueRequired":true,"valueName":"search_term_string"}}],"inLanguage":"es"},{"@type":"Organization","@id":"https:\/\/rosemvd.com\/#organization","name":"ROSE MVD","alternateName":"ROSE MVD","url":"https:\/\/rosemvd.com\/","logo":{"@type":"ImageObject","inLanguage":"es","@id":"https:\/\/rosemvd.com\/#\/schema\/logo\/image\/","url":"https:\/\/rosemvd.com\/wp-content\/uploads\/2023\/03\/Sin-titulo-2_Mesa-de-trabajo-1.png","contentUrl":"https:\/\/rosemvd.com\/wp-content\/uploads\/2023\/03\/Sin-titulo-2_Mesa-de-trabajo-1.png","width":2084,"height":2084,"caption":"ROSE MVD"},"image":{"@id":"https:\/\/rosemvd.com\/#\/schema\/logo\/image\/"},"sameAs":["https:\/\/www.facebook.com\/TiendaRoseMvd","https:\/\/www.instagram.com\/rose.mvd"]}]}},"_links":{"self":[{"href":"https:\/\/rosemvd.com\/index.php\/wp-json\/wp\/v2\/product\/16027","targetHints":{"allow":["GET"]}}],"collection":[{"href":"https:\/\/rosemvd.com\/index.php\/wp-json\/wp\/v2\/product"}],"about":[{"href":"https:\/\/rosemvd.com\/index.php\/wp-json\/wp\/v2\/types\/product"}],"wp:featuredmedia":[{"embeddable":true,"href":"https:\/\/rosemvd.com\/index.php\/wp-json\/wp\/v2\/media\/16030"}],"wp:attachment":[{"href":"https:\/\/rosemvd.com\/index.php\/wp-json\/wp\/v2\/media?parent=16027"}],"wp:term":[{"taxonomy":"product_brand","embeddable":true,"href":"https:\/\/rosemvd.com\/index.php\/wp-json\/wp\/v2\/product_brand?post=16027"},{"taxonomy":"product_cat","embeddable":true,"href":"https:\/\/rosemvd.com\/index.php\/wp-json\/wp\/v2\/product_cat?post=16027"},{"taxonomy":"product_tag","embeddable":true,"href":"https:\/\/rosemvd.com\/index.php\/wp-json\/wp\/v2\/product_tag?post=16027"}],"curies":[{"name":"wp","href":"https:\/\/api.w.org\/{rel}","templated":true}]}}