{"id":15922,"date":"2026-01-05T16:43:06","date_gmt":"2026-01-05T19:43:06","guid":{"rendered":"https:\/\/rosemvd.com\/?post_type=product&#038;p=15922"},"modified":"2026-04-22T13:28:03","modified_gmt":"2026-04-22T16:28:03","slug":"barra-de-luz-led-recargable","status":"publish","type":"product","link":"https:\/\/rosemvd.com\/index.php\/producto\/barra-de-luz-led-recargable\/","title":{"rendered":"Barra de Luz LED Recargable"},"content":{"rendered":"<h5 data-start=\"110\" data-end=\"185\">Barra de Luz LED Recargable con Sensor de Movimiento y Brillo Ajustable<\/h5>\n<p data-start=\"187\" data-end=\"389\">La <strong data-start=\"190\" data-end=\"221\">barra de luz LED recargable<\/strong> con sensor de movimiento es una soluci\u00f3n de iluminaci\u00f3n <strong data-start=\"278\" data-end=\"312\">pr\u00e1ctica, eficiente y vers\u00e1til<\/strong>, ideal para closets, cocinas, pasillos, escaleras, cajones, gabinetes y m\u00e1s.<\/p>\n<p data-start=\"391\" data-end=\"603\">Fabricada en <strong data-start=\"404\" data-end=\"443\">aluminio resistente de alta calidad<\/strong>, ofrece una <strong data-start=\"456\" data-end=\"506\">mayor durabilidad y mejor disipaci\u00f3n del calor<\/strong> en comparaci\u00f3n con modelos pl\u00e1sticos convencionales, garantizando un uso prolongado y confiable.<\/p>\n<p data-start=\"605\" data-end=\"765\">Cuenta con <strong data-start=\"616\" data-end=\"636\">brillo ajustable<\/strong> y un sistema inteligente de <strong data-start=\"665\" data-end=\"689\">sensor de movimiento<\/strong>, que optimiza el consumo de energ\u00eda y mejora la comodidad en el uso diario.<\/p>\n<h5 data-start=\"767\" data-end=\"784\">Modos de Uso:<\/h5>\n<ul data-start=\"785\" data-end=\"1085\">\n<li data-start=\"785\" data-end=\"863\">\n<p data-start=\"787\" data-end=\"863\"><strong data-start=\"787\" data-end=\"794\">ON:<\/strong> luz encendida de forma continua, sin usar el sensor de movimiento.<\/p>\n<\/li>\n<li data-start=\"864\" data-end=\"937\">\n<p data-start=\"866\" data-end=\"937\"><strong data-start=\"866\" data-end=\"876\">AUTO1:<\/strong> se activa autom\u00e1ticamente con el sensor <strong data-start=\"917\" data-end=\"934\">solo de noche<\/strong>.<\/p>\n<\/li>\n<li data-start=\"938\" data-end=\"1085\">\n<p data-start=\"940\" data-end=\"1085\"><strong data-start=\"940\" data-end=\"950\">AUTO2:<\/strong> funciona con sensor de movimiento <strong data-start=\"985\" data-end=\"1006\">de d\u00eda y de noche<\/strong>, encendi\u00e9ndose durante aproximadamente <strong data-start=\"1046\" data-end=\"1061\">15 segundos<\/strong> al detectar movimiento.<\/p>\n<\/li>\n<\/ul>\n<p data-start=\"1087\" data-end=\"1119\"><strong data-start=\"1087\" data-end=\"1119\">Caracter\u00edsticas principales:<\/strong><\/p>\n<ul data-start=\"1120\" data-end=\"1386\">\n<li data-start=\"1120\" data-end=\"1142\">\n<p data-start=\"1122\" data-end=\"1142\">Luz LED recargable<\/p>\n<\/li>\n<li data-start=\"1143\" data-end=\"1179\">\n<p data-start=\"1145\" data-end=\"1179\">Sensor de movimiento inteligente<\/p>\n<\/li>\n<li data-start=\"1180\" data-end=\"1200\">\n<p data-start=\"1182\" data-end=\"1200\">Brillo ajustable<\/p>\n<\/li>\n<li data-start=\"1201\" data-end=\"1254\">\n<p data-start=\"1203\" data-end=\"1254\">Tres modos de funcionamiento (ON \/ AUTO1 \/ AUTO2)<\/p>\n<\/li>\n<li data-start=\"1255\" data-end=\"1302\">\n<p data-start=\"1257\" data-end=\"1302\">Encendido autom\u00e1tico para ahorro de energ\u00eda<\/p>\n<\/li>\n<li data-start=\"1303\" data-end=\"1345\">\n<p data-start=\"1305\" data-end=\"1345\">Fabricaci\u00f3n en <strong data-start=\"1320\" data-end=\"1343\">aluminio resistente<\/strong><\/p>\n<\/li>\n<li data-start=\"1346\" data-end=\"1386\">\n<p data-start=\"1348\" data-end=\"1386\">Dise\u00f1o moderno, compacto y funcional<\/p>\n<\/li>\n<\/ul>\n<p data-start=\"1388\" data-end=\"1524\">Ideal para quienes buscan <strong data-start=\"1414\" data-end=\"1470\">iluminaci\u00f3n eficiente, duradera y sin complicaciones<\/strong>, con un dise\u00f1o elegante y materiales de alta calidad.<\/p>\n","protected":false},"excerpt":{"rendered":"<p>Barra de Luz LED Recargable con Sensor de Movimiento y Brillo Ajustable La barra de luz LED recargable con sensor de movimiento es una soluci\u00f3n de iluminaci\u00f3n pr\u00e1ctica, eficiente y vers\u00e1til, ideal para closets, cocinas, pasillos, escaleras, cajones, gabinetes y m\u00e1s. Fabricada en aluminio resistente de alta calidad, ofrece una mayor durabilidad y mejor disipaci\u00f3n [&hellip;]<\/p>\n","protected":false},"featured_media":15934,"template":"","meta":{"site-sidebar-layout":"default","site-content-layout":"","ast-site-content-layout":"default","site-content-style":"default","site-sidebar-style":"default","ast-global-header-display":"","ast-banner-title-visibility":"","ast-main-header-display":"","ast-hfb-above-header-display":"","ast-hfb-below-header-display":"","ast-hfb-mobile-header-display":"","site-post-title":"","ast-breadcrumbs-content":"","ast-featured-img":"","footer-sml-layout":"","ast-disable-related-posts":"","theme-transparent-header-meta":"default","adv-header-id-meta":"","stick-header-meta":"","header-above-stick-meta":"","header-main-stick-meta":"","header-below-stick-meta":"","astra-migrate-meta-layouts":"set","ast-page-background-enabled":"default","ast-page-background-meta":{"desktop":{"background-color":"var(--ast-global-color-4)","background-image":"","background-repeat":"repeat","background-position":"center center","background-size":"auto","background-attachment":"scroll","background-type":"","background-media":"","overlay-type":"","overlay-color":"","overlay-opacity":"","overlay-gradient":""},"tablet":{"background-color":"","background-image":"","background-repeat":"repeat","background-position":"center center","background-size":"auto","background-attachment":"scroll","background-type":"","background-media":"","overlay-type":"","overlay-color":"","overlay-opacity":"","overlay-gradient":""},"mobile":{"background-color":"","background-image":"","background-repeat":"repeat","background-position":"center center","background-size":"auto","background-attachment":"scroll","background-type":"","background-media":"","overlay-type":"","overlay-color":"","overlay-opacity":"","overlay-gradient":""}},"ast-content-background-meta":{"desktop":{"background-color":"var(--ast-global-color-5)","background-image":"","background-repeat":"repeat","background-position":"center center","background-size":"auto","background-attachment":"scroll","background-type":"","background-media":"","overlay-type":"","overlay-color":"","overlay-opacity":"","overlay-gradient":""},"tablet":{"background-color":"var(--ast-global-color-5)","background-image":"","background-repeat":"repeat","background-position":"center center","background-size":"auto","background-attachment":"scroll","background-type":"","background-media":"","overlay-type":"","overlay-color":"","overlay-opacity":"","overlay-gradient":""},"mobile":{"background-color":"var(--ast-global-color-5)","background-image":"","background-repeat":"repeat","background-position":"center center","background-size":"auto","background-attachment":"scroll","background-type":"","background-media":"","overlay-type":"","overlay-color":"","overlay-opacity":"","overlay-gradient":""}}},"product_brand":[],"product_cat":[459,448],"product_tag":[],"class_list":{"0":"post-15922","1":"product","2":"type-product","3":"status-publish","4":"has-post-thumbnail","6":"product_cat-hogar-y-limpieza","7":"product_cat-tecnologia-y-hogar","8":"desktop-align-left","9":"tablet-align-left","10":"mobile-align-left","12":"first","13":"instock","14":"shipping-taxable","15":"purchasable","16":"product-type-variable"},"yoast_head":"<!-- This site is optimized with the Yoast SEO plugin v27.3 - https:\/\/yoast.com\/product\/yoast-seo-wordpress\/ -->\n<title>Barra de Luz LED Recargable - ROSE MVD<\/title>\n<meta name=\"description\" content=\"La barra de luz LED recargable con sensor de movimiento es una soluci\u00f3n de iluminaci\u00f3n pr\u00e1ctica. ideal para closets, cocinas, pasillos, escaleras, cajones, etc\" \/>\n<meta name=\"robots\" content=\"index, follow, max-snippet:-1, max-image-preview:large, max-video-preview:-1\" \/>\n<link rel=\"canonical\" href=\"https:\/\/rosemvd.com\/index.php\/producto\/barra-de-luz-led-recargable\/\" \/>\n<meta property=\"og:locale\" content=\"es_ES\" \/>\n<meta property=\"og:type\" content=\"article\" \/>\n<meta property=\"og:title\" content=\"Barra de Luz LED Recargable - ROSE MVD\" \/>\n<meta property=\"og:description\" content=\"La barra de luz LED recargable con sensor de movimiento es una soluci\u00f3n de iluminaci\u00f3n pr\u00e1ctica. ideal para closets, cocinas, pasillos, escaleras, cajones, etc\" \/>\n<meta property=\"og:url\" content=\"https:\/\/rosemvd.com\/index.php\/producto\/barra-de-luz-led-recargable\/\" \/>\n<meta property=\"og:site_name\" content=\"ROSE MVD\" \/>\n<meta property=\"article:publisher\" content=\"https:\/\/www.facebook.com\/TiendaRoseMvd\" \/>\n<meta property=\"article:modified_time\" content=\"2026-04-22T16:28:03+00:00\" \/>\n<meta property=\"og:image\" content=\"https:\/\/rosemvd.com\/wp-content\/uploads\/2026\/01\/D_NQ_NP_2X_673503-MLU94156881969_102025-F.webp\" \/>\n\t<meta property=\"og:image:width\" content=\"1200\" \/>\n\t<meta property=\"og:image:height\" content=\"1200\" \/>\n\t<meta property=\"og:image:type\" content=\"image\/webp\" \/>\n<meta name=\"twitter:card\" content=\"summary_large_image\" \/>\n<meta name=\"twitter:label1\" content=\"Tiempo de lectura\" \/>\n\t<meta name=\"twitter:data1\" content=\"2 minutos\" \/>\n<script type=\"application\/ld+json\" class=\"yoast-schema-graph\">{\"@context\":\"https:\\\/\\\/schema.org\",\"@graph\":[{\"@type\":\"WebPage\",\"@id\":\"https:\\\/\\\/rosemvd.com\\\/index.php\\\/producto\\\/barra-de-luz-led-recargable\\\/\",\"url\":\"https:\\\/\\\/rosemvd.com\\\/index.php\\\/producto\\\/barra-de-luz-led-recargable\\\/\",\"name\":\"Barra de Luz LED Recargable - ROSE MVD\",\"isPartOf\":{\"@id\":\"https:\\\/\\\/rosemvd.com\\\/#website\"},\"primaryImageOfPage\":{\"@id\":\"https:\\\/\\\/rosemvd.com\\\/index.php\\\/producto\\\/barra-de-luz-led-recargable\\\/#primaryimage\"},\"image\":{\"@id\":\"https:\\\/\\\/rosemvd.com\\\/index.php\\\/producto\\\/barra-de-luz-led-recargable\\\/#primaryimage\"},\"thumbnailUrl\":\"https:\\\/\\\/rosemvd.com\\\/wp-content\\\/uploads\\\/2026\\\/01\\\/D_NQ_NP_2X_673503-MLU94156881969_102025-F.webp\",\"datePublished\":\"2026-01-05T19:43:06+00:00\",\"dateModified\":\"2026-04-22T16:28:03+00:00\",\"description\":\"La barra de luz LED recargable con sensor de movimiento es una soluci\u00f3n de iluminaci\u00f3n pr\u00e1ctica. ideal para closets, cocinas, pasillos, escaleras, cajones, etc\",\"breadcrumb\":{\"@id\":\"https:\\\/\\\/rosemvd.com\\\/index.php\\\/producto\\\/barra-de-luz-led-recargable\\\/#breadcrumb\"},\"inLanguage\":\"es\",\"potentialAction\":[{\"@type\":\"ReadAction\",\"target\":[\"https:\\\/\\\/rosemvd.com\\\/index.php\\\/producto\\\/barra-de-luz-led-recargable\\\/\"]}]},{\"@type\":\"ImageObject\",\"inLanguage\":\"es\",\"@id\":\"https:\\\/\\\/rosemvd.com\\\/index.php\\\/producto\\\/barra-de-luz-led-recargable\\\/#primaryimage\",\"url\":\"https:\\\/\\\/rosemvd.com\\\/wp-content\\\/uploads\\\/2026\\\/01\\\/D_NQ_NP_2X_673503-MLU94156881969_102025-F.webp\",\"contentUrl\":\"https:\\\/\\\/rosemvd.com\\\/wp-content\\\/uploads\\\/2026\\\/01\\\/D_NQ_NP_2X_673503-MLU94156881969_102025-F.webp\",\"width\":1200,\"height\":1200},{\"@type\":\"BreadcrumbList\",\"@id\":\"https:\\\/\\\/rosemvd.com\\\/index.php\\\/producto\\\/barra-de-luz-led-recargable\\\/#breadcrumb\",\"itemListElement\":[{\"@type\":\"ListItem\",\"position\":1,\"name\":\"Portada\",\"item\":\"https:\\\/\\\/rosemvd.com\\\/\"},{\"@type\":\"ListItem\",\"position\":2,\"name\":\"Tienda\",\"item\":\"https:\\\/\\\/rosemvd.com\\\/index.php\\\/tienda\\\/\"},{\"@type\":\"ListItem\",\"position\":3,\"name\":\"Barra de Luz LED Recargable\"}]},{\"@type\":\"WebSite\",\"@id\":\"https:\\\/\\\/rosemvd.com\\\/#website\",\"url\":\"https:\\\/\\\/rosemvd.com\\\/\",\"name\":\"ROSE MVD\",\"description\":\"Todo lo que no sab\u00edas que necesitabas, lo \u00faltimo en tendencia, utilidad e innovaci\u00f3n\",\"publisher\":{\"@id\":\"https:\\\/\\\/rosemvd.com\\\/#organization\"},\"potentialAction\":[{\"@type\":\"SearchAction\",\"target\":{\"@type\":\"EntryPoint\",\"urlTemplate\":\"https:\\\/\\\/rosemvd.com\\\/?s={search_term_string}\"},\"query-input\":{\"@type\":\"PropertyValueSpecification\",\"valueRequired\":true,\"valueName\":\"search_term_string\"}}],\"inLanguage\":\"es\"},{\"@type\":\"Organization\",\"@id\":\"https:\\\/\\\/rosemvd.com\\\/#organization\",\"name\":\"ROSE MVD\",\"alternateName\":\"ROSE MVD\",\"url\":\"https:\\\/\\\/rosemvd.com\\\/\",\"logo\":{\"@type\":\"ImageObject\",\"inLanguage\":\"es\",\"@id\":\"https:\\\/\\\/rosemvd.com\\\/#\\\/schema\\\/logo\\\/image\\\/\",\"url\":\"https:\\\/\\\/rosemvd.com\\\/wp-content\\\/uploads\\\/2023\\\/03\\\/Sin-titulo-2_Mesa-de-trabajo-1.png\",\"contentUrl\":\"https:\\\/\\\/rosemvd.com\\\/wp-content\\\/uploads\\\/2023\\\/03\\\/Sin-titulo-2_Mesa-de-trabajo-1.png\",\"width\":2084,\"height\":2084,\"caption\":\"ROSE MVD\"},\"image\":{\"@id\":\"https:\\\/\\\/rosemvd.com\\\/#\\\/schema\\\/logo\\\/image\\\/\"},\"sameAs\":[\"https:\\\/\\\/www.facebook.com\\\/TiendaRoseMvd\",\"https:\\\/\\\/www.instagram.com\\\/rose.mvd\"]}]}<\/script>\n<!-- \/ Yoast SEO plugin. -->","yoast_head_json":{"title":"Barra de Luz LED Recargable - ROSE MVD","description":"La barra de luz LED recargable con sensor de movimiento es una soluci\u00f3n de iluminaci\u00f3n pr\u00e1ctica. ideal para closets, cocinas, pasillos, escaleras, cajones, etc","robots":{"index":"index","follow":"follow","max-snippet":"max-snippet:-1","max-image-preview":"max-image-preview:large","max-video-preview":"max-video-preview:-1"},"canonical":"https:\/\/rosemvd.com\/index.php\/producto\/barra-de-luz-led-recargable\/","og_locale":"es_ES","og_type":"article","og_title":"Barra de Luz LED Recargable - ROSE MVD","og_description":"La barra de luz LED recargable con sensor de movimiento es una soluci\u00f3n de iluminaci\u00f3n pr\u00e1ctica. ideal para closets, cocinas, pasillos, escaleras, cajones, etc","og_url":"https:\/\/rosemvd.com\/index.php\/producto\/barra-de-luz-led-recargable\/","og_site_name":"ROSE MVD","article_publisher":"https:\/\/www.facebook.com\/TiendaRoseMvd","article_modified_time":"2026-04-22T16:28:03+00:00","og_image":[{"width":1200,"height":1200,"url":"https:\/\/rosemvd.com\/wp-content\/uploads\/2026\/01\/D_NQ_NP_2X_673503-MLU94156881969_102025-F.webp","type":"image\/webp"}],"twitter_card":"summary_large_image","twitter_misc":{"Tiempo de lectura":"2 minutos"},"schema":{"@context":"https:\/\/schema.org","@graph":[{"@type":"WebPage","@id":"https:\/\/rosemvd.com\/index.php\/producto\/barra-de-luz-led-recargable\/","url":"https:\/\/rosemvd.com\/index.php\/producto\/barra-de-luz-led-recargable\/","name":"Barra de Luz LED Recargable - ROSE MVD","isPartOf":{"@id":"https:\/\/rosemvd.com\/#website"},"primaryImageOfPage":{"@id":"https:\/\/rosemvd.com\/index.php\/producto\/barra-de-luz-led-recargable\/#primaryimage"},"image":{"@id":"https:\/\/rosemvd.com\/index.php\/producto\/barra-de-luz-led-recargable\/#primaryimage"},"thumbnailUrl":"https:\/\/rosemvd.com\/wp-content\/uploads\/2026\/01\/D_NQ_NP_2X_673503-MLU94156881969_102025-F.webp","datePublished":"2026-01-05T19:43:06+00:00","dateModified":"2026-04-22T16:28:03+00:00","description":"La barra de luz LED recargable con sensor de movimiento es una soluci\u00f3n de iluminaci\u00f3n pr\u00e1ctica. ideal para closets, cocinas, pasillos, escaleras, cajones, etc","breadcrumb":{"@id":"https:\/\/rosemvd.com\/index.php\/producto\/barra-de-luz-led-recargable\/#breadcrumb"},"inLanguage":"es","potentialAction":[{"@type":"ReadAction","target":["https:\/\/rosemvd.com\/index.php\/producto\/barra-de-luz-led-recargable\/"]}]},{"@type":"ImageObject","inLanguage":"es","@id":"https:\/\/rosemvd.com\/index.php\/producto\/barra-de-luz-led-recargable\/#primaryimage","url":"https:\/\/rosemvd.com\/wp-content\/uploads\/2026\/01\/D_NQ_NP_2X_673503-MLU94156881969_102025-F.webp","contentUrl":"https:\/\/rosemvd.com\/wp-content\/uploads\/2026\/01\/D_NQ_NP_2X_673503-MLU94156881969_102025-F.webp","width":1200,"height":1200},{"@type":"BreadcrumbList","@id":"https:\/\/rosemvd.com\/index.php\/producto\/barra-de-luz-led-recargable\/#breadcrumb","itemListElement":[{"@type":"ListItem","position":1,"name":"Portada","item":"https:\/\/rosemvd.com\/"},{"@type":"ListItem","position":2,"name":"Tienda","item":"https:\/\/rosemvd.com\/index.php\/tienda\/"},{"@type":"ListItem","position":3,"name":"Barra de Luz LED Recargable"}]},{"@type":"WebSite","@id":"https:\/\/rosemvd.com\/#website","url":"https:\/\/rosemvd.com\/","name":"ROSE MVD","description":"Todo lo que no sab\u00edas que necesitabas, lo \u00faltimo en tendencia, utilidad e innovaci\u00f3n","publisher":{"@id":"https:\/\/rosemvd.com\/#organization"},"potentialAction":[{"@type":"SearchAction","target":{"@type":"EntryPoint","urlTemplate":"https:\/\/rosemvd.com\/?s={search_term_string}"},"query-input":{"@type":"PropertyValueSpecification","valueRequired":true,"valueName":"search_term_string"}}],"inLanguage":"es"},{"@type":"Organization","@id":"https:\/\/rosemvd.com\/#organization","name":"ROSE MVD","alternateName":"ROSE MVD","url":"https:\/\/rosemvd.com\/","logo":{"@type":"ImageObject","inLanguage":"es","@id":"https:\/\/rosemvd.com\/#\/schema\/logo\/image\/","url":"https:\/\/rosemvd.com\/wp-content\/uploads\/2023\/03\/Sin-titulo-2_Mesa-de-trabajo-1.png","contentUrl":"https:\/\/rosemvd.com\/wp-content\/uploads\/2023\/03\/Sin-titulo-2_Mesa-de-trabajo-1.png","width":2084,"height":2084,"caption":"ROSE MVD"},"image":{"@id":"https:\/\/rosemvd.com\/#\/schema\/logo\/image\/"},"sameAs":["https:\/\/www.facebook.com\/TiendaRoseMvd","https:\/\/www.instagram.com\/rose.mvd"]}]}},"_links":{"self":[{"href":"https:\/\/rosemvd.com\/index.php\/wp-json\/wp\/v2\/product\/15922","targetHints":{"allow":["GET"]}}],"collection":[{"href":"https:\/\/rosemvd.com\/index.php\/wp-json\/wp\/v2\/product"}],"about":[{"href":"https:\/\/rosemvd.com\/index.php\/wp-json\/wp\/v2\/types\/product"}],"wp:featuredmedia":[{"embeddable":true,"href":"https:\/\/rosemvd.com\/index.php\/wp-json\/wp\/v2\/media\/15934"}],"wp:attachment":[{"href":"https:\/\/rosemvd.com\/index.php\/wp-json\/wp\/v2\/media?parent=15922"}],"wp:term":[{"taxonomy":"product_brand","embeddable":true,"href":"https:\/\/rosemvd.com\/index.php\/wp-json\/wp\/v2\/product_brand?post=15922"},{"taxonomy":"product_cat","embeddable":true,"href":"https:\/\/rosemvd.com\/index.php\/wp-json\/wp\/v2\/product_cat?post=15922"},{"taxonomy":"product_tag","embeddable":true,"href":"https:\/\/rosemvd.com\/index.php\/wp-json\/wp\/v2\/product_tag?post=15922"}],"curies":[{"name":"wp","href":"https:\/\/api.w.org\/{rel}","templated":true}]}}