{"id":15900,"date":"2026-01-05T16:25:42","date_gmt":"2026-01-05T19:25:42","guid":{"rendered":"https:\/\/rosemvd.com\/?post_type=product&#038;p=15900"},"modified":"2026-04-28T10:53:52","modified_gmt":"2026-04-28T13:53:52","slug":"lentes-de-contacto","status":"publish","type":"product","link":"https:\/\/rosemvd.com\/index.php\/producto\/lentes-de-contacto\/","title":{"rendered":"Lentes de Contacto"},"content":{"rendered":"<h5 data-start=\"98\" data-end=\"158\">Lentes de Contacto de Color Natural para Ojos \u2013 2 Piezas<\/h5>\n<p data-start=\"160\" data-end=\"405\">Realza tu mirada con estos <strong data-start=\"187\" data-end=\"226\">lentes de contacto de color natural<\/strong>, dise\u00f1ados para ofrecer un cambio sutil y elegante sin perder comodidad. Su acabado suave y realista permite una apariencia natural, ideal para uso diario o ocasiones especiales.<\/p>\n<p data-start=\"407\" data-end=\"654\">Fabricados con material <strong data-start=\"431\" data-end=\"449\">suave y c\u00f3modo<\/strong>, cuentan con un <strong data-start=\"466\" data-end=\"494\">40% de contenido de agua<\/strong>, lo que ayuda a mantener los ojos hidratados durante su uso. Su dise\u00f1o delgado y liviano favorece una experiencia confortable incluso por periodos prolongados.<\/p>\n<p data-start=\"656\" data-end=\"883\">Con una <strong data-start=\"664\" data-end=\"711\">duraci\u00f3n de hasta 12 meses despu\u00e9s de abrir<\/strong> y una <strong data-start=\"718\" data-end=\"752\">vida \u00fatil de f\u00e1brica de 5 a\u00f1os<\/strong>, estos lentes combinan practicidad y rendimiento. Son f\u00e1ciles de usar y se adaptan correctamente gracias a su curva base est\u00e1ndar.<\/p>\n<p data-start=\"885\" data-end=\"905\"><strong data-start=\"885\" data-end=\"905\">Caracter\u00edsticas:<\/strong><\/p>\n<ul data-start=\"906\" data-end=\"1255\">\n<li data-start=\"906\" data-end=\"951\">\n<p data-start=\"908\" data-end=\"951\">Tipo: lentes de contacto de color natural<\/p>\n<\/li>\n<li data-start=\"952\" data-end=\"986\">\n<p data-start=\"954\" data-end=\"986\">Cantidad: <strong data-start=\"964\" data-end=\"984\">1 par (2 piezas)<\/strong><\/p>\n<\/li>\n<li data-start=\"987\" data-end=\"1041\">\n<p data-start=\"989\" data-end=\"1041\">Tiempo de uso: hasta <strong data-start=\"1010\" data-end=\"1022\">12 meses<\/strong> despu\u00e9s de abrir<\/p>\n<\/li>\n<li data-start=\"1042\" data-end=\"1067\">\n<p data-start=\"1044\" data-end=\"1067\">Vida \u00fatil: <strong data-start=\"1055\" data-end=\"1065\">5 a\u00f1os<\/strong><\/p>\n<\/li>\n<li data-start=\"1068\" data-end=\"1093\">\n<p data-start=\"1070\" data-end=\"1093\">Di\u00e1metro: <strong data-start=\"1080\" data-end=\"1091\">14.2 mm<\/strong><\/p>\n<\/li>\n<li data-start=\"1094\" data-end=\"1126\">\n<p data-start=\"1096\" data-end=\"1126\">Curva base: <strong data-start=\"1108\" data-end=\"1124\">8.5 \u2013 8.6 mm<\/strong><\/p>\n<\/li>\n<li data-start=\"1127\" data-end=\"1152\">\n<p data-start=\"1129\" data-end=\"1152\">Material: lente suave<\/p>\n<\/li>\n<li data-start=\"1153\" data-end=\"1183\">\n<p data-start=\"1155\" data-end=\"1183\">Contenido de agua: <strong data-start=\"1174\" data-end=\"1181\">40%<\/strong><\/p>\n<\/li>\n<li data-start=\"1184\" data-end=\"1232\">\n<p data-start=\"1186\" data-end=\"1232\">Grosor del centro \u00f3ptico: <strong data-start=\"1212\" data-end=\"1230\">0.12 \u2013 0.06 mm<\/strong><\/p>\n<\/li>\n<li data-start=\"1233\" data-end=\"1255\">\n<p data-start=\"1235\" data-end=\"1255\">Dioptr\u00eda: <strong data-start=\"1245\" data-end=\"1255\">-0.007<\/strong><\/p>\n<\/li>\n<\/ul>\n<p data-start=\"1257\" data-end=\"1283\"><strong data-start=\"1257\" data-end=\"1283\">Contenido del paquete:<\/strong><\/p>\n<ul data-start=\"1284\" data-end=\"1362\">\n<li data-start=\"1284\" data-end=\"1324\">\n<p data-start=\"1286\" data-end=\"1324\">1 par de lentes de contacto de color<\/p>\n<\/li>\n<li data-start=\"1325\" data-end=\"1362\">\n<p data-start=\"1327\" data-end=\"1362\">1 estuche para lentes de contacto<\/p>\n<\/li>\n<\/ul>\n<p data-start=\"1364\" data-end=\"1458\">Perfectos para quienes buscan <strong data-start=\"1394\" data-end=\"1437\">comodidad, estilo natural y durabilidad<\/strong> en un solo producto.<\/p>\n","protected":false},"excerpt":{"rendered":"<p>Lentes de Contacto de Color Natural para Ojos \u2013 2 Piezas Realza tu mirada con estos lentes de contacto de color natural, dise\u00f1ados para ofrecer un cambio sutil y elegante sin perder comodidad. Su acabado suave y realista permite una apariencia natural, ideal para uso diario o ocasiones especiales. Fabricados con material suave y c\u00f3modo, [&hellip;]<\/p>\n","protected":false},"featured_media":15909,"template":"","meta":{"site-sidebar-layout":"default","site-content-layout":"","ast-site-content-layout":"default","site-content-style":"default","site-sidebar-style":"default","ast-global-header-display":"","ast-banner-title-visibility":"","ast-main-header-display":"","ast-hfb-above-header-display":"","ast-hfb-below-header-display":"","ast-hfb-mobile-header-display":"","site-post-title":"","ast-breadcrumbs-content":"","ast-featured-img":"","footer-sml-layout":"","ast-disable-related-posts":"","theme-transparent-header-meta":"default","adv-header-id-meta":"","stick-header-meta":"","header-above-stick-meta":"","header-main-stick-meta":"","header-below-stick-meta":"","astra-migrate-meta-layouts":"set","ast-page-background-enabled":"default","ast-page-background-meta":{"desktop":{"background-color":"var(--ast-global-color-4)","background-image":"","background-repeat":"repeat","background-position":"center center","background-size":"auto","background-attachment":"scroll","background-type":"","background-media":"","overlay-type":"","overlay-color":"","overlay-opacity":"","overlay-gradient":""},"tablet":{"background-color":"","background-image":"","background-repeat":"repeat","background-position":"center center","background-size":"auto","background-attachment":"scroll","background-type":"","background-media":"","overlay-type":"","overlay-color":"","overlay-opacity":"","overlay-gradient":""},"mobile":{"background-color":"","background-image":"","background-repeat":"repeat","background-position":"center center","background-size":"auto","background-attachment":"scroll","background-type":"","background-media":"","overlay-type":"","overlay-color":"","overlay-opacity":"","overlay-gradient":""}},"ast-content-background-meta":{"desktop":{"background-color":"var(--ast-global-color-5)","background-image":"","background-repeat":"repeat","background-position":"center center","background-size":"auto","background-attachment":"scroll","background-type":"","background-media":"","overlay-type":"","overlay-color":"","overlay-opacity":"","overlay-gradient":""},"tablet":{"background-color":"var(--ast-global-color-5)","background-image":"","background-repeat":"repeat","background-position":"center center","background-size":"auto","background-attachment":"scroll","background-type":"","background-media":"","overlay-type":"","overlay-color":"","overlay-opacity":"","overlay-gradient":""},"mobile":{"background-color":"var(--ast-global-color-5)","background-image":"","background-repeat":"repeat","background-position":"center center","background-size":"auto","background-attachment":"scroll","background-type":"","background-media":"","overlay-type":"","overlay-color":"","overlay-opacity":"","overlay-gradient":""}}},"product_brand":[],"product_cat":[17,464],"product_tag":[],"class_list":{"0":"post-15900","1":"product","2":"type-product","3":"status-publish","4":"has-post-thumbnail","6":"product_cat-belleza","7":"product_cat-cuidado-rostro","8":"desktop-align-left","9":"tablet-align-left","10":"mobile-align-left","12":"first","13":"instock","14":"shipping-taxable","15":"purchasable","16":"product-type-variable"},"yoast_head":"<!-- This site is optimized with the Yoast SEO plugin v27.3 - https:\/\/yoast.com\/product\/yoast-seo-wordpress\/ -->\n<title>Lentes de Contacto - ROSE MVD<\/title>\n<meta name=\"description\" content=\"Dise\u00f1ados para ofrecer un cambio sutil y elegante sin perder comodidad. Su acabado suave y realista permite una apariencia natural.\" \/>\n<meta name=\"robots\" content=\"index, follow, max-snippet:-1, max-image-preview:large, max-video-preview:-1\" \/>\n<link rel=\"canonical\" href=\"https:\/\/rosemvd.com\/index.php\/producto\/lentes-de-contacto\/\" \/>\n<meta property=\"og:locale\" content=\"es_ES\" \/>\n<meta property=\"og:type\" content=\"article\" \/>\n<meta property=\"og:title\" content=\"Lentes de Contacto - ROSE MVD\" \/>\n<meta property=\"og:description\" content=\"Dise\u00f1ados para ofrecer un cambio sutil y elegante sin perder comodidad. Su acabado suave y realista permite una apariencia natural.\" \/>\n<meta property=\"og:url\" content=\"https:\/\/rosemvd.com\/index.php\/producto\/lentes-de-contacto\/\" \/>\n<meta property=\"og:site_name\" content=\"ROSE MVD\" \/>\n<meta property=\"article:publisher\" content=\"https:\/\/www.facebook.com\/TiendaRoseMvd\" \/>\n<meta property=\"article:modified_time\" content=\"2026-04-28T13:53:52+00:00\" \/>\n<meta property=\"og:image\" content=\"https:\/\/rosemvd.com\/wp-content\/uploads\/2026\/01\/griss.webp\" \/>\n\t<meta property=\"og:image:width\" content=\"1132\" \/>\n\t<meta property=\"og:image:height\" content=\"1200\" \/>\n\t<meta property=\"og:image:type\" content=\"image\/webp\" \/>\n<meta name=\"twitter:card\" content=\"summary_large_image\" \/>\n<meta name=\"twitter:label1\" content=\"Tiempo de lectura\" \/>\n\t<meta name=\"twitter:data1\" content=\"2 minutos\" \/>\n<script type=\"application\/ld+json\" class=\"yoast-schema-graph\">{\"@context\":\"https:\\\/\\\/schema.org\",\"@graph\":[{\"@type\":\"WebPage\",\"@id\":\"https:\\\/\\\/rosemvd.com\\\/index.php\\\/producto\\\/lentes-de-contacto\\\/\",\"url\":\"https:\\\/\\\/rosemvd.com\\\/index.php\\\/producto\\\/lentes-de-contacto\\\/\",\"name\":\"Lentes de Contacto - ROSE MVD\",\"isPartOf\":{\"@id\":\"https:\\\/\\\/rosemvd.com\\\/#website\"},\"primaryImageOfPage\":{\"@id\":\"https:\\\/\\\/rosemvd.com\\\/index.php\\\/producto\\\/lentes-de-contacto\\\/#primaryimage\"},\"image\":{\"@id\":\"https:\\\/\\\/rosemvd.com\\\/index.php\\\/producto\\\/lentes-de-contacto\\\/#primaryimage\"},\"thumbnailUrl\":\"https:\\\/\\\/rosemvd.com\\\/wp-content\\\/uploads\\\/2026\\\/01\\\/griss.webp\",\"datePublished\":\"2026-01-05T19:25:42+00:00\",\"dateModified\":\"2026-04-28T13:53:52+00:00\",\"description\":\"Dise\u00f1ados para ofrecer un cambio sutil y elegante sin perder comodidad. Su acabado suave y realista permite una apariencia natural.\",\"breadcrumb\":{\"@id\":\"https:\\\/\\\/rosemvd.com\\\/index.php\\\/producto\\\/lentes-de-contacto\\\/#breadcrumb\"},\"inLanguage\":\"es\",\"potentialAction\":[{\"@type\":\"ReadAction\",\"target\":[\"https:\\\/\\\/rosemvd.com\\\/index.php\\\/producto\\\/lentes-de-contacto\\\/\"]}]},{\"@type\":\"ImageObject\",\"inLanguage\":\"es\",\"@id\":\"https:\\\/\\\/rosemvd.com\\\/index.php\\\/producto\\\/lentes-de-contacto\\\/#primaryimage\",\"url\":\"https:\\\/\\\/rosemvd.com\\\/wp-content\\\/uploads\\\/2026\\\/01\\\/griss.webp\",\"contentUrl\":\"https:\\\/\\\/rosemvd.com\\\/wp-content\\\/uploads\\\/2026\\\/01\\\/griss.webp\",\"width\":1132,\"height\":1200},{\"@type\":\"BreadcrumbList\",\"@id\":\"https:\\\/\\\/rosemvd.com\\\/index.php\\\/producto\\\/lentes-de-contacto\\\/#breadcrumb\",\"itemListElement\":[{\"@type\":\"ListItem\",\"position\":1,\"name\":\"Portada\",\"item\":\"https:\\\/\\\/rosemvd.com\\\/\"},{\"@type\":\"ListItem\",\"position\":2,\"name\":\"Tienda\",\"item\":\"https:\\\/\\\/rosemvd.com\\\/index.php\\\/tienda\\\/\"},{\"@type\":\"ListItem\",\"position\":3,\"name\":\"Lentes de Contacto\"}]},{\"@type\":\"WebSite\",\"@id\":\"https:\\\/\\\/rosemvd.com\\\/#website\",\"url\":\"https:\\\/\\\/rosemvd.com\\\/\",\"name\":\"ROSE MVD\",\"description\":\"Todo lo que no sab\u00edas que necesitabas, lo \u00faltimo en tendencia, utilidad e innovaci\u00f3n\",\"publisher\":{\"@id\":\"https:\\\/\\\/rosemvd.com\\\/#organization\"},\"potentialAction\":[{\"@type\":\"SearchAction\",\"target\":{\"@type\":\"EntryPoint\",\"urlTemplate\":\"https:\\\/\\\/rosemvd.com\\\/?s={search_term_string}\"},\"query-input\":{\"@type\":\"PropertyValueSpecification\",\"valueRequired\":true,\"valueName\":\"search_term_string\"}}],\"inLanguage\":\"es\"},{\"@type\":\"Organization\",\"@id\":\"https:\\\/\\\/rosemvd.com\\\/#organization\",\"name\":\"ROSE MVD\",\"alternateName\":\"ROSE MVD\",\"url\":\"https:\\\/\\\/rosemvd.com\\\/\",\"logo\":{\"@type\":\"ImageObject\",\"inLanguage\":\"es\",\"@id\":\"https:\\\/\\\/rosemvd.com\\\/#\\\/schema\\\/logo\\\/image\\\/\",\"url\":\"https:\\\/\\\/rosemvd.com\\\/wp-content\\\/uploads\\\/2023\\\/03\\\/Sin-titulo-2_Mesa-de-trabajo-1.png\",\"contentUrl\":\"https:\\\/\\\/rosemvd.com\\\/wp-content\\\/uploads\\\/2023\\\/03\\\/Sin-titulo-2_Mesa-de-trabajo-1.png\",\"width\":2084,\"height\":2084,\"caption\":\"ROSE MVD\"},\"image\":{\"@id\":\"https:\\\/\\\/rosemvd.com\\\/#\\\/schema\\\/logo\\\/image\\\/\"},\"sameAs\":[\"https:\\\/\\\/www.facebook.com\\\/TiendaRoseMvd\",\"https:\\\/\\\/www.instagram.com\\\/rose.mvd\"]}]}<\/script>\n<!-- \/ Yoast SEO plugin. -->","yoast_head_json":{"title":"Lentes de Contacto - ROSE MVD","description":"Dise\u00f1ados para ofrecer un cambio sutil y elegante sin perder comodidad. Su acabado suave y realista permite una apariencia natural.","robots":{"index":"index","follow":"follow","max-snippet":"max-snippet:-1","max-image-preview":"max-image-preview:large","max-video-preview":"max-video-preview:-1"},"canonical":"https:\/\/rosemvd.com\/index.php\/producto\/lentes-de-contacto\/","og_locale":"es_ES","og_type":"article","og_title":"Lentes de Contacto - ROSE MVD","og_description":"Dise\u00f1ados para ofrecer un cambio sutil y elegante sin perder comodidad. Su acabado suave y realista permite una apariencia natural.","og_url":"https:\/\/rosemvd.com\/index.php\/producto\/lentes-de-contacto\/","og_site_name":"ROSE MVD","article_publisher":"https:\/\/www.facebook.com\/TiendaRoseMvd","article_modified_time":"2026-04-28T13:53:52+00:00","og_image":[{"width":1132,"height":1200,"url":"https:\/\/rosemvd.com\/wp-content\/uploads\/2026\/01\/griss.webp","type":"image\/webp"}],"twitter_card":"summary_large_image","twitter_misc":{"Tiempo de lectura":"2 minutos"},"schema":{"@context":"https:\/\/schema.org","@graph":[{"@type":"WebPage","@id":"https:\/\/rosemvd.com\/index.php\/producto\/lentes-de-contacto\/","url":"https:\/\/rosemvd.com\/index.php\/producto\/lentes-de-contacto\/","name":"Lentes de Contacto - ROSE MVD","isPartOf":{"@id":"https:\/\/rosemvd.com\/#website"},"primaryImageOfPage":{"@id":"https:\/\/rosemvd.com\/index.php\/producto\/lentes-de-contacto\/#primaryimage"},"image":{"@id":"https:\/\/rosemvd.com\/index.php\/producto\/lentes-de-contacto\/#primaryimage"},"thumbnailUrl":"https:\/\/rosemvd.com\/wp-content\/uploads\/2026\/01\/griss.webp","datePublished":"2026-01-05T19:25:42+00:00","dateModified":"2026-04-28T13:53:52+00:00","description":"Dise\u00f1ados para ofrecer un cambio sutil y elegante sin perder comodidad. Su acabado suave y realista permite una apariencia natural.","breadcrumb":{"@id":"https:\/\/rosemvd.com\/index.php\/producto\/lentes-de-contacto\/#breadcrumb"},"inLanguage":"es","potentialAction":[{"@type":"ReadAction","target":["https:\/\/rosemvd.com\/index.php\/producto\/lentes-de-contacto\/"]}]},{"@type":"ImageObject","inLanguage":"es","@id":"https:\/\/rosemvd.com\/index.php\/producto\/lentes-de-contacto\/#primaryimage","url":"https:\/\/rosemvd.com\/wp-content\/uploads\/2026\/01\/griss.webp","contentUrl":"https:\/\/rosemvd.com\/wp-content\/uploads\/2026\/01\/griss.webp","width":1132,"height":1200},{"@type":"BreadcrumbList","@id":"https:\/\/rosemvd.com\/index.php\/producto\/lentes-de-contacto\/#breadcrumb","itemListElement":[{"@type":"ListItem","position":1,"name":"Portada","item":"https:\/\/rosemvd.com\/"},{"@type":"ListItem","position":2,"name":"Tienda","item":"https:\/\/rosemvd.com\/index.php\/tienda\/"},{"@type":"ListItem","position":3,"name":"Lentes de Contacto"}]},{"@type":"WebSite","@id":"https:\/\/rosemvd.com\/#website","url":"https:\/\/rosemvd.com\/","name":"ROSE MVD","description":"Todo lo que no sab\u00edas que necesitabas, lo \u00faltimo en tendencia, utilidad e innovaci\u00f3n","publisher":{"@id":"https:\/\/rosemvd.com\/#organization"},"potentialAction":[{"@type":"SearchAction","target":{"@type":"EntryPoint","urlTemplate":"https:\/\/rosemvd.com\/?s={search_term_string}"},"query-input":{"@type":"PropertyValueSpecification","valueRequired":true,"valueName":"search_term_string"}}],"inLanguage":"es"},{"@type":"Organization","@id":"https:\/\/rosemvd.com\/#organization","name":"ROSE MVD","alternateName":"ROSE MVD","url":"https:\/\/rosemvd.com\/","logo":{"@type":"ImageObject","inLanguage":"es","@id":"https:\/\/rosemvd.com\/#\/schema\/logo\/image\/","url":"https:\/\/rosemvd.com\/wp-content\/uploads\/2023\/03\/Sin-titulo-2_Mesa-de-trabajo-1.png","contentUrl":"https:\/\/rosemvd.com\/wp-content\/uploads\/2023\/03\/Sin-titulo-2_Mesa-de-trabajo-1.png","width":2084,"height":2084,"caption":"ROSE MVD"},"image":{"@id":"https:\/\/rosemvd.com\/#\/schema\/logo\/image\/"},"sameAs":["https:\/\/www.facebook.com\/TiendaRoseMvd","https:\/\/www.instagram.com\/rose.mvd"]}]}},"_links":{"self":[{"href":"https:\/\/rosemvd.com\/index.php\/wp-json\/wp\/v2\/product\/15900","targetHints":{"allow":["GET"]}}],"collection":[{"href":"https:\/\/rosemvd.com\/index.php\/wp-json\/wp\/v2\/product"}],"about":[{"href":"https:\/\/rosemvd.com\/index.php\/wp-json\/wp\/v2\/types\/product"}],"wp:featuredmedia":[{"embeddable":true,"href":"https:\/\/rosemvd.com\/index.php\/wp-json\/wp\/v2\/media\/15909"}],"wp:attachment":[{"href":"https:\/\/rosemvd.com\/index.php\/wp-json\/wp\/v2\/media?parent=15900"}],"wp:term":[{"taxonomy":"product_brand","embeddable":true,"href":"https:\/\/rosemvd.com\/index.php\/wp-json\/wp\/v2\/product_brand?post=15900"},{"taxonomy":"product_cat","embeddable":true,"href":"https:\/\/rosemvd.com\/index.php\/wp-json\/wp\/v2\/product_cat?post=15900"},{"taxonomy":"product_tag","embeddable":true,"href":"https:\/\/rosemvd.com\/index.php\/wp-json\/wp\/v2\/product_tag?post=15900"}],"curies":[{"name":"wp","href":"https:\/\/api.w.org\/{rel}","templated":true}]}}