{"id":15374,"date":"2025-11-18T10:43:35","date_gmt":"2025-11-18T13:43:35","guid":{"rendered":"https:\/\/rosemvd.com\/?post_type=product&#038;p=15374"},"modified":"2026-04-21T15:58:26","modified_gmt":"2026-04-21T18:58:26","slug":"mentonera-facial-reductora","status":"publish","type":"product","link":"https:\/\/rosemvd.com\/index.php\/producto\/mentonera-facial-reductora\/","title":{"rendered":"Mentonera Facial Reductora"},"content":{"rendered":"<article class=\"text-token-text-primary w-full focus:outline-none [--shadow-height:45px] has-data-writing-block:pointer-events-none has-data-writing-block:-mt-(--shadow-height) has-data-writing-block:pt-(--shadow-height) [&amp;:has([data-writing-block])&gt;*]:pointer-events-auto [content-visibility:auto] supports-[content-visibility:auto]:[contain-intrinsic-size:auto_100lvh] scroll-mt-[calc(var(--header-height)+min(200px,max(70px,20svh)))]\" dir=\"auto\" tabindex=\"-1\" data-turn-id=\"request-6798dc7e-35b4-8012-9cfb-4347ba3b2a94-1\" data-testid=\"conversation-turn-550\" data-scroll-anchor=\"false\" data-turn=\"assistant\">\n<div class=\"text-base my-auto mx-auto [--thread-content-margin:--spacing(4)] thread-sm:[--thread-content-margin:--spacing(6)] thread-lg:[--thread-content-margin:--spacing(16)] px-(--thread-content-margin)\">\n<div class=\"[--thread-content-max-width:40rem] thread-lg:[--thread-content-max-width:48rem] mx-auto max-w-(--thread-content-max-width) flex-1 group\/turn-messages focus-visible:outline-hidden relative flex w-full min-w-0 flex-col agent-turn\" tabindex=\"-1\">\n<div class=\"flex max-w-full flex-col grow\">\n<div class=\"min-h-8 text-message relative flex w-full flex-col items-end gap-2 text-start break-words whitespace-normal [.text-message+&amp;]:mt-1\" dir=\"auto\" data-message-author-role=\"assistant\" data-message-id=\"d7ad719f-ceb7-4ccc-b850-1e90ff0b6fa6\" data-message-model-slug=\"gpt-5-1\">\n<div class=\"flex w-full flex-col gap-1 empty:hidden first:pt-[1px]\">\n<div class=\"markdown prose dark:prose-invert w-full break-words light markdown-new-styling\">\n<h5 data-start=\"0\" data-end=\"66\"><strong data-start=\"0\" data-end=\"66\">Mentonera Facial Reductora \u2013 Ajustable, C\u00f3moda y de Uso Diario<\/strong><\/h5>\n<p data-start=\"68\" data-end=\"366\">Una soluci\u00f3n pr\u00e1ctica y no invasiva para redefinir el contorno facial desde casa. Dise\u00f1ada para adaptarse a la mayor\u00eda de las formas de rostro, esta mentonera ayuda a mejorar la apariencia de la papada, elevar las mejillas y favorecer un perfil m\u00e1s firme y estilizado con constancia y uso adecuado.<\/p>\n<h5 data-start=\"368\" data-end=\"670\"><strong data-start=\"368\" data-end=\"400\">Caracter\u00edsticas principales:<\/strong><\/h5>\n<p data-start=\"368\" data-end=\"670\"><br data-start=\"400\" data-end=\"403\" \/><strong data-start=\"403\" data-end=\"440\">1. Dise\u00f1o de protecci\u00f3n integral:<\/strong><br data-start=\"440\" data-end=\"443\" \/>Su corte tridimensional se ajusta de forma natural a la estructura facial. Es flexible, no se desliza f\u00e1cilmente y permite un soporte uniforme para un efecto m\u00e1s notable. Ideal para realzar contornos y brindar un ajuste c\u00f3modo.<\/p>\n<p data-start=\"672\" data-end=\"927\"><strong data-start=\"672\" data-end=\"710\">2. Tejido transpirable y el\u00e1stico:<\/strong><br data-start=\"710\" data-end=\"713\" \/>Fabricada con fibra el\u00e1stica de alta resistencia, suave, ligera y c\u00f3moda incluso en usos prolongados. Incluye sistema de hebilla y velcro ajustable con tres niveles de ajuste para adaptarse a distintas necesidades.<\/p>\n<p data-start=\"929\" data-end=\"1209\"><strong data-start=\"929\" data-end=\"975\">3. F\u00e1cil de incorporar a la rutina diaria:<\/strong><br data-start=\"975\" data-end=\"978\" \/>Puedes usarla mientras lees, duermes, ves televisi\u00f3n o haces tareas en casa. Para mejores resultados, se recomienda utilizarla de forma constante. Los cambios son progresivos y generalmente visibles entre 2 y 3 meses de uso diario.<\/p>\n<p data-start=\"1211\" data-end=\"1454\"><strong data-start=\"1211\" data-end=\"1252\">4. Estiramiento facial f\u00edsico seguro:<\/strong><br data-start=\"1252\" data-end=\"1255\" \/>Funciona mediante un m\u00e9todo no invasivo que ayuda a mejorar la firmeza, reducir la papada y evitar la ca\u00edda de las mejillas. Los resultados mejoran notablemente despu\u00e9s de tres meses de uso continuo.<\/p>\n<p data-start=\"1456\" data-end=\"1613\"><strong data-start=\"1456\" data-end=\"1487\">5. Recomendaci\u00f3n de ajuste:<\/strong><br data-start=\"1487\" data-end=\"1490\" \/>Si sientes la banda muy ajustada, est\u00edrala entre 1 y 3 veces antes de usarla para mejorar la comodidad sin perder eficacia.<\/p>\n<p data-start=\"1615\" data-end=\"1725\" data-is-last-node=\"\" data-is-only-node=\"\">Una herramienta sencilla, c\u00f3moda y accesible para quienes buscan definir su rostro sin tratamientos invasivos.<\/p>\n<\/div>\n<\/div>\n<\/div>\n<\/div>\n<div class=\"z-0 flex min-h-[46px] justify-start\"><\/div>\n<\/div>\n<\/div>\n<\/article>\n<article class=\"text-token-text-primary w-full focus:outline-none [--shadow-height:45px] has-data-writing-block:pointer-events-none has-data-writing-block:-mt-(--shadow-height) has-data-writing-block:pt-(--shadow-height) [&amp;:has([data-writing-block])&gt;*]:pointer-events-auto scroll-mt-(--header-height)\" dir=\"auto\" tabindex=\"-1\" data-turn-id=\"998d86c8-394b-4ba6-81a5-d34e0521bfae\" data-testid=\"conversation-turn-551\" data-scroll-anchor=\"false\" data-turn=\"user\">\n<h5 class=\"sr-only\"><\/h5>\n<\/article>\n","protected":false},"excerpt":{"rendered":"<p>Mentonera Facial Reductora \u2013 Ajustable, C\u00f3moda y de Uso Diario Una soluci\u00f3n pr\u00e1ctica y no invasiva para redefinir el contorno facial desde casa. Dise\u00f1ada para adaptarse a la mayor\u00eda de las formas de rostro, esta mentonera ayuda a mejorar la apariencia de la papada, elevar las mejillas y favorecer un perfil m\u00e1s firme y estilizado [&hellip;]<\/p>\n","protected":false},"featured_media":15377,"template":"","meta":{"site-sidebar-layout":"default","site-content-layout":"","ast-site-content-layout":"default","site-content-style":"default","site-sidebar-style":"default","ast-global-header-display":"","ast-banner-title-visibility":"","ast-main-header-display":"","ast-hfb-above-header-display":"","ast-hfb-below-header-display":"","ast-hfb-mobile-header-display":"","site-post-title":"","ast-breadcrumbs-content":"","ast-featured-img":"","footer-sml-layout":"","ast-disable-related-posts":"","theme-transparent-header-meta":"default","adv-header-id-meta":"","stick-header-meta":"","header-above-stick-meta":"","header-main-stick-meta":"","header-below-stick-meta":"","astra-migrate-meta-layouts":"set","ast-page-background-enabled":"default","ast-page-background-meta":{"desktop":{"background-color":"var(--ast-global-color-4)","background-image":"","background-repeat":"repeat","background-position":"center center","background-size":"auto","background-attachment":"scroll","background-type":"","background-media":"","overlay-type":"","overlay-color":"","overlay-opacity":"","overlay-gradient":""},"tablet":{"background-color":"","background-image":"","background-repeat":"repeat","background-position":"center center","background-size":"auto","background-attachment":"scroll","background-type":"","background-media":"","overlay-type":"","overlay-color":"","overlay-opacity":"","overlay-gradient":""},"mobile":{"background-color":"","background-image":"","background-repeat":"repeat","background-position":"center center","background-size":"auto","background-attachment":"scroll","background-type":"","background-media":"","overlay-type":"","overlay-color":"","overlay-opacity":"","overlay-gradient":""}},"ast-content-background-meta":{"desktop":{"background-color":"var(--ast-global-color-5)","background-image":"","background-repeat":"repeat","background-position":"center center","background-size":"auto","background-attachment":"scroll","background-type":"","background-media":"","overlay-type":"","overlay-color":"","overlay-opacity":"","overlay-gradient":""},"tablet":{"background-color":"var(--ast-global-color-5)","background-image":"","background-repeat":"repeat","background-position":"center center","background-size":"auto","background-attachment":"scroll","background-type":"","background-media":"","overlay-type":"","overlay-color":"","overlay-opacity":"","overlay-gradient":""},"mobile":{"background-color":"var(--ast-global-color-5)","background-image":"","background-repeat":"repeat","background-position":"center center","background-size":"auto","background-attachment":"scroll","background-type":"","background-media":"","overlay-type":"","overlay-color":"","overlay-opacity":"","overlay-gradient":""}}},"product_brand":[],"product_cat":[17,464],"product_tag":[],"class_list":{"0":"post-15374","1":"product","2":"type-product","3":"status-publish","4":"has-post-thumbnail","6":"product_cat-belleza","7":"product_cat-cuidado-rostro","8":"desktop-align-left","9":"tablet-align-left","10":"mobile-align-left","12":"first","13":"instock","14":"shipping-taxable","15":"purchasable","16":"product-type-simple"},"yoast_head":"<!-- This site is optimized with the Yoast SEO plugin v27.3 - https:\/\/yoast.com\/product\/yoast-seo-wordpress\/ -->\n<title>Mentonera Facial Reductora - ROSE MVD<\/title>\n<meta name=\"description\" content=\"Una soluci\u00f3n pr\u00e1ctica y no invasiva para redefinir el contorno facial desde casa. Dise\u00f1ada para adaptarse a la mayor\u00eda de las formas de rostro\" \/>\n<meta name=\"robots\" content=\"index, follow, max-snippet:-1, max-image-preview:large, max-video-preview:-1\" \/>\n<link rel=\"canonical\" href=\"https:\/\/rosemvd.com\/index.php\/producto\/mentonera-facial-reductora\/\" \/>\n<meta property=\"og:locale\" content=\"es_ES\" \/>\n<meta property=\"og:type\" content=\"article\" \/>\n<meta property=\"og:title\" content=\"Mentonera Facial Reductora - ROSE MVD\" \/>\n<meta property=\"og:description\" content=\"Una soluci\u00f3n pr\u00e1ctica y no invasiva para redefinir el contorno facial desde casa. Dise\u00f1ada para adaptarse a la mayor\u00eda de las formas de rostro\" \/>\n<meta property=\"og:url\" content=\"https:\/\/rosemvd.com\/index.php\/producto\/mentonera-facial-reductora\/\" \/>\n<meta property=\"og:site_name\" content=\"ROSE MVD\" \/>\n<meta property=\"article:publisher\" content=\"https:\/\/www.facebook.com\/TiendaRoseMvd\" \/>\n<meta property=\"article:modified_time\" content=\"2026-04-21T18:58:26+00:00\" \/>\n<meta property=\"og:image\" content=\"https:\/\/rosemvd.com\/wp-content\/uploads\/2025\/11\/D_NQ_NP_2X_948056-MLM49723993217_042022-F-mentonera-facial-reductora-papada-arruga-cachete-moldea-2pk.webp\" \/>\n\t<meta property=\"og:image:width\" content=\"800\" \/>\n\t<meta property=\"og:image:height\" content=\"800\" \/>\n\t<meta property=\"og:image:type\" content=\"image\/webp\" \/>\n<meta name=\"twitter:card\" content=\"summary_large_image\" \/>\n<meta name=\"twitter:label1\" content=\"Tiempo de lectura\" \/>\n\t<meta name=\"twitter:data1\" content=\"2 minutos\" \/>\n<script type=\"application\/ld+json\" class=\"yoast-schema-graph\">{\"@context\":\"https:\\\/\\\/schema.org\",\"@graph\":[{\"@type\":\"WebPage\",\"@id\":\"https:\\\/\\\/rosemvd.com\\\/index.php\\\/producto\\\/mentonera-facial-reductora\\\/\",\"url\":\"https:\\\/\\\/rosemvd.com\\\/index.php\\\/producto\\\/mentonera-facial-reductora\\\/\",\"name\":\"Mentonera Facial Reductora - ROSE MVD\",\"isPartOf\":{\"@id\":\"https:\\\/\\\/rosemvd.com\\\/#website\"},\"primaryImageOfPage\":{\"@id\":\"https:\\\/\\\/rosemvd.com\\\/index.php\\\/producto\\\/mentonera-facial-reductora\\\/#primaryimage\"},\"image\":{\"@id\":\"https:\\\/\\\/rosemvd.com\\\/index.php\\\/producto\\\/mentonera-facial-reductora\\\/#primaryimage\"},\"thumbnailUrl\":\"https:\\\/\\\/rosemvd.com\\\/wp-content\\\/uploads\\\/2025\\\/11\\\/D_NQ_NP_2X_948056-MLM49723993217_042022-F-mentonera-facial-reductora-papada-arruga-cachete-moldea-2pk.webp\",\"datePublished\":\"2025-11-18T13:43:35+00:00\",\"dateModified\":\"2026-04-21T18:58:26+00:00\",\"description\":\"Una soluci\u00f3n pr\u00e1ctica y no invasiva para redefinir el contorno facial desde casa. Dise\u00f1ada para adaptarse a la mayor\u00eda de las formas de rostro\",\"breadcrumb\":{\"@id\":\"https:\\\/\\\/rosemvd.com\\\/index.php\\\/producto\\\/mentonera-facial-reductora\\\/#breadcrumb\"},\"inLanguage\":\"es\",\"potentialAction\":[{\"@type\":\"ReadAction\",\"target\":[\"https:\\\/\\\/rosemvd.com\\\/index.php\\\/producto\\\/mentonera-facial-reductora\\\/\"]}]},{\"@type\":\"ImageObject\",\"inLanguage\":\"es\",\"@id\":\"https:\\\/\\\/rosemvd.com\\\/index.php\\\/producto\\\/mentonera-facial-reductora\\\/#primaryimage\",\"url\":\"https:\\\/\\\/rosemvd.com\\\/wp-content\\\/uploads\\\/2025\\\/11\\\/D_NQ_NP_2X_948056-MLM49723993217_042022-F-mentonera-facial-reductora-papada-arruga-cachete-moldea-2pk.webp\",\"contentUrl\":\"https:\\\/\\\/rosemvd.com\\\/wp-content\\\/uploads\\\/2025\\\/11\\\/D_NQ_NP_2X_948056-MLM49723993217_042022-F-mentonera-facial-reductora-papada-arruga-cachete-moldea-2pk.webp\",\"width\":800,\"height\":800},{\"@type\":\"BreadcrumbList\",\"@id\":\"https:\\\/\\\/rosemvd.com\\\/index.php\\\/producto\\\/mentonera-facial-reductora\\\/#breadcrumb\",\"itemListElement\":[{\"@type\":\"ListItem\",\"position\":1,\"name\":\"Portada\",\"item\":\"https:\\\/\\\/rosemvd.com\\\/\"},{\"@type\":\"ListItem\",\"position\":2,\"name\":\"Tienda\",\"item\":\"https:\\\/\\\/rosemvd.com\\\/index.php\\\/tienda\\\/\"},{\"@type\":\"ListItem\",\"position\":3,\"name\":\"Mentonera Facial Reductora\"}]},{\"@type\":\"WebSite\",\"@id\":\"https:\\\/\\\/rosemvd.com\\\/#website\",\"url\":\"https:\\\/\\\/rosemvd.com\\\/\",\"name\":\"ROSE MVD\",\"description\":\"Todo lo que buscas lo pod\u00e9s encontrar en rose mvd, especializados en traer todas las cosas nuevas en tendencia y accesorios diferentes y \u00fanicos.\",\"publisher\":{\"@id\":\"https:\\\/\\\/rosemvd.com\\\/#organization\"},\"potentialAction\":[{\"@type\":\"SearchAction\",\"target\":{\"@type\":\"EntryPoint\",\"urlTemplate\":\"https:\\\/\\\/rosemvd.com\\\/?s={search_term_string}\"},\"query-input\":{\"@type\":\"PropertyValueSpecification\",\"valueRequired\":true,\"valueName\":\"search_term_string\"}}],\"inLanguage\":\"es\"},{\"@type\":\"Organization\",\"@id\":\"https:\\\/\\\/rosemvd.com\\\/#organization\",\"name\":\"ROSE MVD\",\"alternateName\":\"ROSE MVD\",\"url\":\"https:\\\/\\\/rosemvd.com\\\/\",\"logo\":{\"@type\":\"ImageObject\",\"inLanguage\":\"es\",\"@id\":\"https:\\\/\\\/rosemvd.com\\\/#\\\/schema\\\/logo\\\/image\\\/\",\"url\":\"https:\\\/\\\/rosemvd.com\\\/wp-content\\\/uploads\\\/2023\\\/03\\\/Sin-titulo-2_Mesa-de-trabajo-1.png\",\"contentUrl\":\"https:\\\/\\\/rosemvd.com\\\/wp-content\\\/uploads\\\/2023\\\/03\\\/Sin-titulo-2_Mesa-de-trabajo-1.png\",\"width\":2084,\"height\":2084,\"caption\":\"ROSE MVD\"},\"image\":{\"@id\":\"https:\\\/\\\/rosemvd.com\\\/#\\\/schema\\\/logo\\\/image\\\/\"},\"sameAs\":[\"https:\\\/\\\/www.facebook.com\\\/TiendaRoseMvd\",\"https:\\\/\\\/www.instagram.com\\\/rose.mvd\"]}]}<\/script>\n<!-- \/ Yoast SEO plugin. -->","yoast_head_json":{"title":"Mentonera Facial Reductora - ROSE MVD","description":"Una soluci\u00f3n pr\u00e1ctica y no invasiva para redefinir el contorno facial desde casa. Dise\u00f1ada para adaptarse a la mayor\u00eda de las formas de rostro","robots":{"index":"index","follow":"follow","max-snippet":"max-snippet:-1","max-image-preview":"max-image-preview:large","max-video-preview":"max-video-preview:-1"},"canonical":"https:\/\/rosemvd.com\/index.php\/producto\/mentonera-facial-reductora\/","og_locale":"es_ES","og_type":"article","og_title":"Mentonera Facial Reductora - ROSE MVD","og_description":"Una soluci\u00f3n pr\u00e1ctica y no invasiva para redefinir el contorno facial desde casa. Dise\u00f1ada para adaptarse a la mayor\u00eda de las formas de rostro","og_url":"https:\/\/rosemvd.com\/index.php\/producto\/mentonera-facial-reductora\/","og_site_name":"ROSE MVD","article_publisher":"https:\/\/www.facebook.com\/TiendaRoseMvd","article_modified_time":"2026-04-21T18:58:26+00:00","og_image":[{"width":800,"height":800,"url":"https:\/\/rosemvd.com\/wp-content\/uploads\/2025\/11\/D_NQ_NP_2X_948056-MLM49723993217_042022-F-mentonera-facial-reductora-papada-arruga-cachete-moldea-2pk.webp","type":"image\/webp"}],"twitter_card":"summary_large_image","twitter_misc":{"Tiempo de lectura":"2 minutos"},"schema":{"@context":"https:\/\/schema.org","@graph":[{"@type":"WebPage","@id":"https:\/\/rosemvd.com\/index.php\/producto\/mentonera-facial-reductora\/","url":"https:\/\/rosemvd.com\/index.php\/producto\/mentonera-facial-reductora\/","name":"Mentonera Facial Reductora - ROSE MVD","isPartOf":{"@id":"https:\/\/rosemvd.com\/#website"},"primaryImageOfPage":{"@id":"https:\/\/rosemvd.com\/index.php\/producto\/mentonera-facial-reductora\/#primaryimage"},"image":{"@id":"https:\/\/rosemvd.com\/index.php\/producto\/mentonera-facial-reductora\/#primaryimage"},"thumbnailUrl":"https:\/\/rosemvd.com\/wp-content\/uploads\/2025\/11\/D_NQ_NP_2X_948056-MLM49723993217_042022-F-mentonera-facial-reductora-papada-arruga-cachete-moldea-2pk.webp","datePublished":"2025-11-18T13:43:35+00:00","dateModified":"2026-04-21T18:58:26+00:00","description":"Una soluci\u00f3n pr\u00e1ctica y no invasiva para redefinir el contorno facial desde casa. Dise\u00f1ada para adaptarse a la mayor\u00eda de las formas de rostro","breadcrumb":{"@id":"https:\/\/rosemvd.com\/index.php\/producto\/mentonera-facial-reductora\/#breadcrumb"},"inLanguage":"es","potentialAction":[{"@type":"ReadAction","target":["https:\/\/rosemvd.com\/index.php\/producto\/mentonera-facial-reductora\/"]}]},{"@type":"ImageObject","inLanguage":"es","@id":"https:\/\/rosemvd.com\/index.php\/producto\/mentonera-facial-reductora\/#primaryimage","url":"https:\/\/rosemvd.com\/wp-content\/uploads\/2025\/11\/D_NQ_NP_2X_948056-MLM49723993217_042022-F-mentonera-facial-reductora-papada-arruga-cachete-moldea-2pk.webp","contentUrl":"https:\/\/rosemvd.com\/wp-content\/uploads\/2025\/11\/D_NQ_NP_2X_948056-MLM49723993217_042022-F-mentonera-facial-reductora-papada-arruga-cachete-moldea-2pk.webp","width":800,"height":800},{"@type":"BreadcrumbList","@id":"https:\/\/rosemvd.com\/index.php\/producto\/mentonera-facial-reductora\/#breadcrumb","itemListElement":[{"@type":"ListItem","position":1,"name":"Portada","item":"https:\/\/rosemvd.com\/"},{"@type":"ListItem","position":2,"name":"Tienda","item":"https:\/\/rosemvd.com\/index.php\/tienda\/"},{"@type":"ListItem","position":3,"name":"Mentonera Facial Reductora"}]},{"@type":"WebSite","@id":"https:\/\/rosemvd.com\/#website","url":"https:\/\/rosemvd.com\/","name":"ROSE MVD","description":"Todo lo que buscas lo pod\u00e9s encontrar en rose mvd, especializados en traer todas las cosas nuevas en tendencia y accesorios diferentes y \u00fanicos.","publisher":{"@id":"https:\/\/rosemvd.com\/#organization"},"potentialAction":[{"@type":"SearchAction","target":{"@type":"EntryPoint","urlTemplate":"https:\/\/rosemvd.com\/?s={search_term_string}"},"query-input":{"@type":"PropertyValueSpecification","valueRequired":true,"valueName":"search_term_string"}}],"inLanguage":"es"},{"@type":"Organization","@id":"https:\/\/rosemvd.com\/#organization","name":"ROSE MVD","alternateName":"ROSE MVD","url":"https:\/\/rosemvd.com\/","logo":{"@type":"ImageObject","inLanguage":"es","@id":"https:\/\/rosemvd.com\/#\/schema\/logo\/image\/","url":"https:\/\/rosemvd.com\/wp-content\/uploads\/2023\/03\/Sin-titulo-2_Mesa-de-trabajo-1.png","contentUrl":"https:\/\/rosemvd.com\/wp-content\/uploads\/2023\/03\/Sin-titulo-2_Mesa-de-trabajo-1.png","width":2084,"height":2084,"caption":"ROSE MVD"},"image":{"@id":"https:\/\/rosemvd.com\/#\/schema\/logo\/image\/"},"sameAs":["https:\/\/www.facebook.com\/TiendaRoseMvd","https:\/\/www.instagram.com\/rose.mvd"]}]}},"_links":{"self":[{"href":"https:\/\/rosemvd.com\/index.php\/wp-json\/wp\/v2\/product\/15374","targetHints":{"allow":["GET"]}}],"collection":[{"href":"https:\/\/rosemvd.com\/index.php\/wp-json\/wp\/v2\/product"}],"about":[{"href":"https:\/\/rosemvd.com\/index.php\/wp-json\/wp\/v2\/types\/product"}],"wp:featuredmedia":[{"embeddable":true,"href":"https:\/\/rosemvd.com\/index.php\/wp-json\/wp\/v2\/media\/15377"}],"wp:attachment":[{"href":"https:\/\/rosemvd.com\/index.php\/wp-json\/wp\/v2\/media?parent=15374"}],"wp:term":[{"taxonomy":"product_brand","embeddable":true,"href":"https:\/\/rosemvd.com\/index.php\/wp-json\/wp\/v2\/product_brand?post=15374"},{"taxonomy":"product_cat","embeddable":true,"href":"https:\/\/rosemvd.com\/index.php\/wp-json\/wp\/v2\/product_cat?post=15374"},{"taxonomy":"product_tag","embeddable":true,"href":"https:\/\/rosemvd.com\/index.php\/wp-json\/wp\/v2\/product_tag?post=15374"}],"curies":[{"name":"wp","href":"https:\/\/api.w.org\/{rel}","templated":true}]}}