{"id":15246,"date":"2025-11-04T10:23:37","date_gmt":"2025-11-04T13:23:37","guid":{"rendered":"https:\/\/rosemvd.com\/?post_type=product&#038;p=15246"},"modified":"2026-04-21T09:24:09","modified_gmt":"2026-04-21T12:24:09","slug":"bolsa-de-gimnasio-con-soporte-magnetico-m2","status":"publish","type":"product","link":"https:\/\/rosemvd.com\/index.php\/producto\/bolsa-de-gimnasio-con-soporte-magnetico-m2\/","title":{"rendered":"Bolsa De Gimnasio Con Soporte Magn\u00e9tico M2"},"content":{"rendered":"<article class=\"text-token-text-primary w-full focus:outline-none [--shadow-height:45px] has-data-writing-block:pointer-events-none has-data-writing-block:-mt-(--shadow-height) has-data-writing-block:pt-(--shadow-height) [&amp;:has([data-writing-block])&gt;*]:pointer-events-auto [content-visibility:auto] supports-[content-visibility:auto]:[contain-intrinsic-size:auto_100lvh] scroll-mt-[calc(var(--header-height)+min(200px,max(70px,20svh)))]\" dir=\"auto\" tabindex=\"-1\" data-turn-id=\"request-6798dc7e-35b4-8012-9cfb-4347ba3b2a94-0\" data-testid=\"conversation-turn-544\" data-scroll-anchor=\"true\" data-turn=\"assistant\">\n<div class=\"text-base my-auto mx-auto pb-10 [--thread-content-margin:--spacing(4)] thread-sm:[--thread-content-margin:--spacing(6)] thread-lg:[--thread-content-margin:--spacing(16)] px-(--thread-content-margin)\">\n<div class=\"[--thread-content-max-width:40rem] thread-lg:[--thread-content-max-width:48rem] mx-auto max-w-(--thread-content-max-width) flex-1 group\/turn-messages focus-visible:outline-hidden relative flex w-full min-w-0 flex-col agent-turn\" tabindex=\"-1\">\n<div class=\"flex max-w-full flex-col grow\">\n<div class=\"min-h-8 text-message relative flex w-full flex-col items-end gap-2 text-start break-words whitespace-normal [.text-message+&amp;]:mt-1\" dir=\"auto\" data-message-author-role=\"assistant\" data-message-id=\"f41d931b-c376-4077-af31-1ec0b662c81f\" data-message-model-slug=\"gpt-5\">\n<div class=\"flex w-full flex-col gap-1 empty:hidden first:pt-[1px]\">\n<div class=\"markdown prose dark:prose-invert w-full break-words light markdown-new-styling\">\n<p data-start=\"0\" data-end=\"94\"><strong data-start=\"0\" data-end=\"92\">Bolso Magn\u00e9tico Porta Botella para Gimnasio \u2013 Con Sujeci\u00f3n Firme y Dise\u00f1o Multifuncional<\/strong><\/p>\n<p data-start=\"96\" data-end=\"318\">Mant\u00e9n tu hidrataci\u00f3n y tus pertenencias siempre a mano con este innovador bolso magn\u00e9tico porta botella, dise\u00f1ado para ofrecer comodidad, resistencia y practicidad durante tus entrenamientos o actividades al aire libre.<\/p>\n<p data-start=\"320\" data-end=\"354\"><strong data-start=\"320\" data-end=\"352\">Caracter\u00edsticas principales:<\/strong><\/p>\n<ul data-start=\"355\" data-end=\"1037\">\n<li data-start=\"355\" data-end=\"533\">\n<p data-start=\"357\" data-end=\"533\"><strong data-start=\"357\" data-end=\"388\">Potente sujeci\u00f3n magn\u00e9tica:<\/strong> cuenta con 5 imanes integrados de alta potencia que se adhieren con firmeza a cualquier superficie met\u00e1lica, evitando ca\u00eddas o deslizamientos.<\/p>\n<\/li>\n<li data-start=\"534\" data-end=\"706\">\n<p data-start=\"536\" data-end=\"706\"><strong data-start=\"536\" data-end=\"557\">Dise\u00f1o funcional:<\/strong> incluye un compartimento central para tu botella de agua y dos bolsillos laterales perfectos para guardar tel\u00e9fono, llaves, auriculares o cartera.<\/p>\n<\/li>\n<li data-start=\"707\" data-end=\"886\">\n<p data-start=\"709\" data-end=\"886\"><strong data-start=\"709\" data-end=\"730\">Ajuste universal:<\/strong> compatible con la mayor\u00eda de las botellas est\u00e1ndar (de 18 oz a 40 oz). Fabricado en neopreno suave, ligero y duradero, que brinda protecci\u00f3n y comodidad.<\/p>\n<\/li>\n<li data-start=\"887\" data-end=\"1037\">\n<p data-start=\"889\" data-end=\"1037\"><strong data-start=\"889\" data-end=\"913\">Vers\u00e1til y port\u00e1til:<\/strong> incorpora un asa resistente y una correa ajustable para el hombro, facilitando su transporte dentro y fuera del gimnasio.<\/p>\n<\/li>\n<\/ul>\n<p data-start=\"1039\" data-end=\"1238\" data-is-last-node=\"\" data-is-only-node=\"\"><strong data-start=\"1039\" data-end=\"1054\">Ideal para:<\/strong> gimnasio, baloncesto, caminatas, viajes o actividades al aire libre.<br data-start=\"1123\" data-end=\"1126\" \/>Una opci\u00f3n pr\u00e1ctica, moderna y funcional para quienes buscan mantener el orden y la comodidad mientras entrenan.<\/p>\n<\/div>\n<\/div>\n<\/div>\n<\/div>\n<\/div>\n<\/div>\n<\/article>\n","protected":false},"excerpt":{"rendered":"<p>Bolso Magn\u00e9tico Porta Botella para Gimnasio \u2013 Con Sujeci\u00f3n Firme y Dise\u00f1o Multifuncional Mant\u00e9n tu hidrataci\u00f3n y tus pertenencias siempre a mano con este innovador bolso magn\u00e9tico porta botella, dise\u00f1ado para ofrecer comodidad, resistencia y practicidad durante tus entrenamientos o actividades al aire libre. Caracter\u00edsticas principales: Potente sujeci\u00f3n magn\u00e9tica: cuenta con 5 imanes integrados de [&hellip;]<\/p>\n","protected":false},"featured_media":15253,"template":"","meta":{"site-sidebar-layout":"default","site-content-layout":"","ast-site-content-layout":"default","site-content-style":"default","site-sidebar-style":"default","ast-global-header-display":"","ast-banner-title-visibility":"","ast-main-header-display":"","ast-hfb-above-header-display":"","ast-hfb-below-header-display":"","ast-hfb-mobile-header-display":"","site-post-title":"","ast-breadcrumbs-content":"","ast-featured-img":"","footer-sml-layout":"","ast-disable-related-posts":"","theme-transparent-header-meta":"default","adv-header-id-meta":"","stick-header-meta":"","header-above-stick-meta":"","header-main-stick-meta":"","header-below-stick-meta":"","astra-migrate-meta-layouts":"set","ast-page-background-enabled":"default","ast-page-background-meta":{"desktop":{"background-color":"var(--ast-global-color-4)","background-image":"","background-repeat":"repeat","background-position":"center center","background-size":"auto","background-attachment":"scroll","background-type":"","background-media":"","overlay-type":"","overlay-color":"","overlay-opacity":"","overlay-gradient":""},"tablet":{"background-color":"","background-image":"","background-repeat":"repeat","background-position":"center center","background-size":"auto","background-attachment":"scroll","background-type":"","background-media":"","overlay-type":"","overlay-color":"","overlay-opacity":"","overlay-gradient":""},"mobile":{"background-color":"","background-image":"","background-repeat":"repeat","background-position":"center center","background-size":"auto","background-attachment":"scroll","background-type":"","background-media":"","overlay-type":"","overlay-color":"","overlay-opacity":"","overlay-gradient":""}},"ast-content-background-meta":{"desktop":{"background-color":"var(--ast-global-color-5)","background-image":"","background-repeat":"repeat","background-position":"center center","background-size":"auto","background-attachment":"scroll","background-type":"","background-media":"","overlay-type":"","overlay-color":"","overlay-opacity":"","overlay-gradient":""},"tablet":{"background-color":"var(--ast-global-color-5)","background-image":"","background-repeat":"repeat","background-position":"center center","background-size":"auto","background-attachment":"scroll","background-type":"","background-media":"","overlay-type":"","overlay-color":"","overlay-opacity":"","overlay-gradient":""},"mobile":{"background-color":"var(--ast-global-color-5)","background-image":"","background-repeat":"repeat","background-position":"center center","background-size":"auto","background-attachment":"scroll","background-type":"","background-media":"","overlay-type":"","overlay-color":"","overlay-opacity":"","overlay-gradient":""}}},"product_brand":[],"product_cat":[452,446],"product_tag":[],"class_list":{"0":"post-15246","1":"product","2":"type-product","3":"status-publish","4":"has-post-thumbnail","6":"product_cat-accesorios-de-gimnasio","7":"product_cat-ropa-deporte-y-accesorios","8":"desktop-align-left","9":"tablet-align-left","10":"mobile-align-left","12":"first","13":"instock","14":"shipping-taxable","15":"purchasable","16":"product-type-simple"},"yoast_head":"<!-- This site is optimized with the Yoast SEO plugin v27.3 - https:\/\/yoast.com\/product\/yoast-seo-wordpress\/ -->\n<title>Bolsa De Gimnasio Con Soporte Magn\u00e9tico M2 - ROSE MVD<\/title>\n<meta name=\"description\" content=\"Mant\u00e9n tu hidrataci\u00f3n y tus pertenencias siempre a mano con este innovador bolso magn\u00e9tico porta botella, dise\u00f1ado para ofrecer comodidad y practicidad\" \/>\n<meta name=\"robots\" content=\"index, follow, max-snippet:-1, max-image-preview:large, max-video-preview:-1\" \/>\n<link rel=\"canonical\" href=\"https:\/\/rosemvd.com\/index.php\/producto\/bolsa-de-gimnasio-con-soporte-magnetico-m2\/\" \/>\n<meta property=\"og:locale\" content=\"es_ES\" \/>\n<meta property=\"og:type\" content=\"article\" \/>\n<meta property=\"og:title\" content=\"Bolsa De Gimnasio Con Soporte Magn\u00e9tico M2 - ROSE MVD\" \/>\n<meta property=\"og:description\" content=\"Mant\u00e9n tu hidrataci\u00f3n y tus pertenencias siempre a mano con este innovador bolso magn\u00e9tico porta botella, dise\u00f1ado para ofrecer comodidad y practicidad\" \/>\n<meta property=\"og:url\" content=\"https:\/\/rosemvd.com\/index.php\/producto\/bolsa-de-gimnasio-con-soporte-magnetico-m2\/\" \/>\n<meta property=\"og:site_name\" content=\"ROSE MVD\" \/>\n<meta property=\"article:publisher\" content=\"https:\/\/www.facebook.com\/TiendaRoseMvd\" \/>\n<meta property=\"article:modified_time\" content=\"2026-04-21T12:24:09+00:00\" \/>\n<meta property=\"og:image\" content=\"https:\/\/rosemvd.com\/wp-content\/uploads\/2025\/11\/61tmfat4L._AC_SL1500_.jpg\" \/>\n\t<meta property=\"og:image:width\" content=\"1500\" \/>\n\t<meta property=\"og:image:height\" content=\"1451\" \/>\n\t<meta property=\"og:image:type\" content=\"image\/jpeg\" \/>\n<meta name=\"twitter:card\" content=\"summary_large_image\" \/>\n<meta name=\"twitter:label1\" content=\"Tiempo de lectura\" \/>\n\t<meta name=\"twitter:data1\" content=\"2 minutos\" \/>\n<script type=\"application\/ld+json\" class=\"yoast-schema-graph\">{\"@context\":\"https:\\\/\\\/schema.org\",\"@graph\":[{\"@type\":\"WebPage\",\"@id\":\"https:\\\/\\\/rosemvd.com\\\/index.php\\\/producto\\\/bolsa-de-gimnasio-con-soporte-magnetico-m2\\\/\",\"url\":\"https:\\\/\\\/rosemvd.com\\\/index.php\\\/producto\\\/bolsa-de-gimnasio-con-soporte-magnetico-m2\\\/\",\"name\":\"Bolsa De Gimnasio Con Soporte Magn\u00e9tico M2 - ROSE MVD\",\"isPartOf\":{\"@id\":\"https:\\\/\\\/rosemvd.com\\\/#website\"},\"primaryImageOfPage\":{\"@id\":\"https:\\\/\\\/rosemvd.com\\\/index.php\\\/producto\\\/bolsa-de-gimnasio-con-soporte-magnetico-m2\\\/#primaryimage\"},\"image\":{\"@id\":\"https:\\\/\\\/rosemvd.com\\\/index.php\\\/producto\\\/bolsa-de-gimnasio-con-soporte-magnetico-m2\\\/#primaryimage\"},\"thumbnailUrl\":\"https:\\\/\\\/rosemvd.com\\\/wp-content\\\/uploads\\\/2025\\\/11\\\/61tmfat4L._AC_SL1500_.jpg\",\"datePublished\":\"2025-11-04T13:23:37+00:00\",\"dateModified\":\"2026-04-21T12:24:09+00:00\",\"description\":\"Mant\u00e9n tu hidrataci\u00f3n y tus pertenencias siempre a mano con este innovador bolso magn\u00e9tico porta botella, dise\u00f1ado para ofrecer comodidad y practicidad\",\"breadcrumb\":{\"@id\":\"https:\\\/\\\/rosemvd.com\\\/index.php\\\/producto\\\/bolsa-de-gimnasio-con-soporte-magnetico-m2\\\/#breadcrumb\"},\"inLanguage\":\"es\",\"potentialAction\":[{\"@type\":\"ReadAction\",\"target\":[\"https:\\\/\\\/rosemvd.com\\\/index.php\\\/producto\\\/bolsa-de-gimnasio-con-soporte-magnetico-m2\\\/\"]}]},{\"@type\":\"ImageObject\",\"inLanguage\":\"es\",\"@id\":\"https:\\\/\\\/rosemvd.com\\\/index.php\\\/producto\\\/bolsa-de-gimnasio-con-soporte-magnetico-m2\\\/#primaryimage\",\"url\":\"https:\\\/\\\/rosemvd.com\\\/wp-content\\\/uploads\\\/2025\\\/11\\\/61tmfat4L._AC_SL1500_.jpg\",\"contentUrl\":\"https:\\\/\\\/rosemvd.com\\\/wp-content\\\/uploads\\\/2025\\\/11\\\/61tmfat4L._AC_SL1500_.jpg\",\"width\":1500,\"height\":1451},{\"@type\":\"BreadcrumbList\",\"@id\":\"https:\\\/\\\/rosemvd.com\\\/index.php\\\/producto\\\/bolsa-de-gimnasio-con-soporte-magnetico-m2\\\/#breadcrumb\",\"itemListElement\":[{\"@type\":\"ListItem\",\"position\":1,\"name\":\"Portada\",\"item\":\"https:\\\/\\\/rosemvd.com\\\/\"},{\"@type\":\"ListItem\",\"position\":2,\"name\":\"Tienda\",\"item\":\"https:\\\/\\\/rosemvd.com\\\/index.php\\\/tienda\\\/\"},{\"@type\":\"ListItem\",\"position\":3,\"name\":\"Bolsa De Gimnasio Con Soporte Magn\u00e9tico M2\"}]},{\"@type\":\"WebSite\",\"@id\":\"https:\\\/\\\/rosemvd.com\\\/#website\",\"url\":\"https:\\\/\\\/rosemvd.com\\\/\",\"name\":\"ROSE MVD\",\"description\":\"Todo lo que buscas lo pod\u00e9s encontrar en rose mvd, especializados en traer todas las cosas nuevas en tendencia y accesorios diferentes y \u00fanicos.\",\"publisher\":{\"@id\":\"https:\\\/\\\/rosemvd.com\\\/#organization\"},\"potentialAction\":[{\"@type\":\"SearchAction\",\"target\":{\"@type\":\"EntryPoint\",\"urlTemplate\":\"https:\\\/\\\/rosemvd.com\\\/?s={search_term_string}\"},\"query-input\":{\"@type\":\"PropertyValueSpecification\",\"valueRequired\":true,\"valueName\":\"search_term_string\"}}],\"inLanguage\":\"es\"},{\"@type\":\"Organization\",\"@id\":\"https:\\\/\\\/rosemvd.com\\\/#organization\",\"name\":\"ROSE MVD\",\"alternateName\":\"ROSE MVD\",\"url\":\"https:\\\/\\\/rosemvd.com\\\/\",\"logo\":{\"@type\":\"ImageObject\",\"inLanguage\":\"es\",\"@id\":\"https:\\\/\\\/rosemvd.com\\\/#\\\/schema\\\/logo\\\/image\\\/\",\"url\":\"https:\\\/\\\/rosemvd.com\\\/wp-content\\\/uploads\\\/2023\\\/03\\\/Sin-titulo-2_Mesa-de-trabajo-1.png\",\"contentUrl\":\"https:\\\/\\\/rosemvd.com\\\/wp-content\\\/uploads\\\/2023\\\/03\\\/Sin-titulo-2_Mesa-de-trabajo-1.png\",\"width\":2084,\"height\":2084,\"caption\":\"ROSE MVD\"},\"image\":{\"@id\":\"https:\\\/\\\/rosemvd.com\\\/#\\\/schema\\\/logo\\\/image\\\/\"},\"sameAs\":[\"https:\\\/\\\/www.facebook.com\\\/TiendaRoseMvd\",\"https:\\\/\\\/www.instagram.com\\\/rose.mvd\"]}]}<\/script>\n<!-- \/ Yoast SEO plugin. -->","yoast_head_json":{"title":"Bolsa De Gimnasio Con Soporte Magn\u00e9tico M2 - ROSE MVD","description":"Mant\u00e9n tu hidrataci\u00f3n y tus pertenencias siempre a mano con este innovador bolso magn\u00e9tico porta botella, dise\u00f1ado para ofrecer comodidad y practicidad","robots":{"index":"index","follow":"follow","max-snippet":"max-snippet:-1","max-image-preview":"max-image-preview:large","max-video-preview":"max-video-preview:-1"},"canonical":"https:\/\/rosemvd.com\/index.php\/producto\/bolsa-de-gimnasio-con-soporte-magnetico-m2\/","og_locale":"es_ES","og_type":"article","og_title":"Bolsa De Gimnasio Con Soporte Magn\u00e9tico M2 - ROSE MVD","og_description":"Mant\u00e9n tu hidrataci\u00f3n y tus pertenencias siempre a mano con este innovador bolso magn\u00e9tico porta botella, dise\u00f1ado para ofrecer comodidad y practicidad","og_url":"https:\/\/rosemvd.com\/index.php\/producto\/bolsa-de-gimnasio-con-soporte-magnetico-m2\/","og_site_name":"ROSE MVD","article_publisher":"https:\/\/www.facebook.com\/TiendaRoseMvd","article_modified_time":"2026-04-21T12:24:09+00:00","og_image":[{"width":1500,"height":1451,"url":"https:\/\/rosemvd.com\/wp-content\/uploads\/2025\/11\/61tmfat4L._AC_SL1500_.jpg","type":"image\/jpeg"}],"twitter_card":"summary_large_image","twitter_misc":{"Tiempo de lectura":"2 minutos"},"schema":{"@context":"https:\/\/schema.org","@graph":[{"@type":"WebPage","@id":"https:\/\/rosemvd.com\/index.php\/producto\/bolsa-de-gimnasio-con-soporte-magnetico-m2\/","url":"https:\/\/rosemvd.com\/index.php\/producto\/bolsa-de-gimnasio-con-soporte-magnetico-m2\/","name":"Bolsa De Gimnasio Con Soporte Magn\u00e9tico M2 - ROSE MVD","isPartOf":{"@id":"https:\/\/rosemvd.com\/#website"},"primaryImageOfPage":{"@id":"https:\/\/rosemvd.com\/index.php\/producto\/bolsa-de-gimnasio-con-soporte-magnetico-m2\/#primaryimage"},"image":{"@id":"https:\/\/rosemvd.com\/index.php\/producto\/bolsa-de-gimnasio-con-soporte-magnetico-m2\/#primaryimage"},"thumbnailUrl":"https:\/\/rosemvd.com\/wp-content\/uploads\/2025\/11\/61tmfat4L._AC_SL1500_.jpg","datePublished":"2025-11-04T13:23:37+00:00","dateModified":"2026-04-21T12:24:09+00:00","description":"Mant\u00e9n tu hidrataci\u00f3n y tus pertenencias siempre a mano con este innovador bolso magn\u00e9tico porta botella, dise\u00f1ado para ofrecer comodidad y practicidad","breadcrumb":{"@id":"https:\/\/rosemvd.com\/index.php\/producto\/bolsa-de-gimnasio-con-soporte-magnetico-m2\/#breadcrumb"},"inLanguage":"es","potentialAction":[{"@type":"ReadAction","target":["https:\/\/rosemvd.com\/index.php\/producto\/bolsa-de-gimnasio-con-soporte-magnetico-m2\/"]}]},{"@type":"ImageObject","inLanguage":"es","@id":"https:\/\/rosemvd.com\/index.php\/producto\/bolsa-de-gimnasio-con-soporte-magnetico-m2\/#primaryimage","url":"https:\/\/rosemvd.com\/wp-content\/uploads\/2025\/11\/61tmfat4L._AC_SL1500_.jpg","contentUrl":"https:\/\/rosemvd.com\/wp-content\/uploads\/2025\/11\/61tmfat4L._AC_SL1500_.jpg","width":1500,"height":1451},{"@type":"BreadcrumbList","@id":"https:\/\/rosemvd.com\/index.php\/producto\/bolsa-de-gimnasio-con-soporte-magnetico-m2\/#breadcrumb","itemListElement":[{"@type":"ListItem","position":1,"name":"Portada","item":"https:\/\/rosemvd.com\/"},{"@type":"ListItem","position":2,"name":"Tienda","item":"https:\/\/rosemvd.com\/index.php\/tienda\/"},{"@type":"ListItem","position":3,"name":"Bolsa De Gimnasio Con Soporte Magn\u00e9tico M2"}]},{"@type":"WebSite","@id":"https:\/\/rosemvd.com\/#website","url":"https:\/\/rosemvd.com\/","name":"ROSE MVD","description":"Todo lo que buscas lo pod\u00e9s encontrar en rose mvd, especializados en traer todas las cosas nuevas en tendencia y accesorios diferentes y \u00fanicos.","publisher":{"@id":"https:\/\/rosemvd.com\/#organization"},"potentialAction":[{"@type":"SearchAction","target":{"@type":"EntryPoint","urlTemplate":"https:\/\/rosemvd.com\/?s={search_term_string}"},"query-input":{"@type":"PropertyValueSpecification","valueRequired":true,"valueName":"search_term_string"}}],"inLanguage":"es"},{"@type":"Organization","@id":"https:\/\/rosemvd.com\/#organization","name":"ROSE MVD","alternateName":"ROSE MVD","url":"https:\/\/rosemvd.com\/","logo":{"@type":"ImageObject","inLanguage":"es","@id":"https:\/\/rosemvd.com\/#\/schema\/logo\/image\/","url":"https:\/\/rosemvd.com\/wp-content\/uploads\/2023\/03\/Sin-titulo-2_Mesa-de-trabajo-1.png","contentUrl":"https:\/\/rosemvd.com\/wp-content\/uploads\/2023\/03\/Sin-titulo-2_Mesa-de-trabajo-1.png","width":2084,"height":2084,"caption":"ROSE MVD"},"image":{"@id":"https:\/\/rosemvd.com\/#\/schema\/logo\/image\/"},"sameAs":["https:\/\/www.facebook.com\/TiendaRoseMvd","https:\/\/www.instagram.com\/rose.mvd"]}]}},"_links":{"self":[{"href":"https:\/\/rosemvd.com\/index.php\/wp-json\/wp\/v2\/product\/15246","targetHints":{"allow":["GET"]}}],"collection":[{"href":"https:\/\/rosemvd.com\/index.php\/wp-json\/wp\/v2\/product"}],"about":[{"href":"https:\/\/rosemvd.com\/index.php\/wp-json\/wp\/v2\/types\/product"}],"wp:featuredmedia":[{"embeddable":true,"href":"https:\/\/rosemvd.com\/index.php\/wp-json\/wp\/v2\/media\/15253"}],"wp:attachment":[{"href":"https:\/\/rosemvd.com\/index.php\/wp-json\/wp\/v2\/media?parent=15246"}],"wp:term":[{"taxonomy":"product_brand","embeddable":true,"href":"https:\/\/rosemvd.com\/index.php\/wp-json\/wp\/v2\/product_brand?post=15246"},{"taxonomy":"product_cat","embeddable":true,"href":"https:\/\/rosemvd.com\/index.php\/wp-json\/wp\/v2\/product_cat?post=15246"},{"taxonomy":"product_tag","embeddable":true,"href":"https:\/\/rosemvd.com\/index.php\/wp-json\/wp\/v2\/product_tag?post=15246"}],"curies":[{"name":"wp","href":"https:\/\/api.w.org\/{rel}","templated":true}]}}