{"id":15208,"date":"2025-10-27T18:31:01","date_gmt":"2025-10-27T21:31:01","guid":{"rendered":"https:\/\/rosemvd.com\/?post_type=product&#038;p=15208"},"modified":"2026-04-21T16:17:35","modified_gmt":"2026-04-21T19:17:35","slug":"kit-de-extension-de-pestanas-m4","status":"publish","type":"product","link":"https:\/\/rosemvd.com\/index.php\/producto\/kit-de-extension-de-pestanas-m4\/","title":{"rendered":"Kit De Extensi\u00f3n De Pesta\u00f1as M4"},"content":{"rendered":"<p data-start=\"0\" data-end=\"118\"><strong data-start=\"0\" data-end=\"116\">Kit de Extensi\u00f3n de Pesta\u00f1as Estilo D Curl 40D \u2013 200 Piezas con Adhesivo, Sellador, Removedor, Pinzas y Cepillos<\/strong><\/p>\n<p data-start=\"120\" data-end=\"533\">Luce una mirada impactante y natural desde casa con este <strong data-start=\"177\" data-end=\"232\">completo kit de pesta\u00f1as individuales estilo D Curl<\/strong>, ideal para lograr un efecto vaporoso, duradero y profesional sin necesidad de acudir al sal\u00f3n. Incluye todo lo necesario para una aplicaci\u00f3n f\u00e1cil y segura: <strong data-start=\"391\" data-end=\"418\">200 racimos de pesta\u00f1as<\/strong> de longitudes mixtas (8 a 16 mm), <strong data-start=\"453\" data-end=\"530\">pegamento, sellador, removedor, pinzas de precisi\u00f3n y cepillos de peinado<\/strong>.<\/p>\n<hr data-start=\"535\" data-end=\"538\" \/>\n<h5 data-start=\"540\" data-end=\"576\"><strong data-start=\"544\" data-end=\"576\">Caracter\u00edsticas principales:<\/strong><\/h5>\n<ul data-start=\"577\" data-end=\"1375\">\n<li data-start=\"577\" data-end=\"704\">\n<p data-start=\"579\" data-end=\"704\"><strong data-start=\"579\" data-end=\"604\">Curvatura D Curl 40D:<\/strong> Aporta un efecto m\u00e1s abierto y elegante, ideal para realzar la mirada con un acabado sofisticado.<\/p>\n<\/li>\n<li data-start=\"705\" data-end=\"847\">\n<p data-start=\"707\" data-end=\"847\"><strong data-start=\"707\" data-end=\"741\">Longitudes variadas (8\u201316 mm):<\/strong> Permiten personalizar el estilo seg\u00fan el efecto deseado, desde un look natural hasta uno m\u00e1s glamuroso.<\/p>\n<\/li>\n<li data-start=\"848\" data-end=\"987\">\n<p data-start=\"850\" data-end=\"987\"><strong data-start=\"850\" data-end=\"879\">Material suave y liviano:<\/strong> Fabricadas con fibras de alta calidad, son ultraligeras, flexibles y c\u00f3modas de usar durante todo el d\u00eda.<\/p>\n<\/li>\n<li data-start=\"988\" data-end=\"1137\">\n<p data-start=\"990\" data-end=\"1137\"><strong data-start=\"990\" data-end=\"1014\">Dise\u00f1o hecho a mano:<\/strong> 100% elaboradas manualmente, sin residuos de pegamento y con banda superfina de fusi\u00f3n en caliente que evita torceduras.<\/p>\n<\/li>\n<li data-start=\"1138\" data-end=\"1277\">\n<p data-start=\"1140\" data-end=\"1277\"><strong data-start=\"1140\" data-end=\"1169\">Efecto de larga duraci\u00f3n:<\/strong> Resistentes al agua, se mantienen impecables incluso en climas h\u00famedos o durante actividades prolongadas.<\/p>\n<\/li>\n<li data-start=\"1278\" data-end=\"1375\">\n<p data-start=\"1280\" data-end=\"1375\"><strong data-start=\"1280\" data-end=\"1298\">Reutilizables:<\/strong> Con el cuidado adecuado, las pesta\u00f1as pueden volver a usarse varias veces.<\/p>\n<\/li>\n<\/ul>\n<hr data-start=\"1377\" data-end=\"1380\" \/>\n<h5 data-start=\"1382\" data-end=\"1413\"><strong data-start=\"1386\" data-end=\"1413\">Herramientas incluidas:<\/strong><\/h5>\n<ul data-start=\"1414\" data-end=\"1889\">\n<li data-start=\"1414\" data-end=\"1512\">\n<p data-start=\"1416\" data-end=\"1512\"><strong data-start=\"1416\" data-end=\"1453\">Pegamento y sellador de pesta\u00f1as:<\/strong> Fijan de manera segura y prolongan la duraci\u00f3n del look.<\/p>\n<\/li>\n<li data-start=\"1513\" data-end=\"1634\">\n<p data-start=\"1515\" data-end=\"1634\"><strong data-start=\"1515\" data-end=\"1541\">Removedor de pesta\u00f1as:<\/strong> Suave con la piel y las pesta\u00f1as naturales, permite retirarlas f\u00e1cilmente sin causar da\u00f1o.<\/p>\n<\/li>\n<li data-start=\"1635\" data-end=\"1783\">\n<p data-start=\"1637\" data-end=\"1783\"><strong data-start=\"1637\" data-end=\"1670\">Pinzas de aplicaci\u00f3n premium:<\/strong> Fabricadas en acero inoxidable, ofrecen un agarre firme y preciso para facilitar la colocaci\u00f3n de los racimos.<\/p>\n<\/li>\n<li data-start=\"1784\" data-end=\"1889\">\n<p data-start=\"1786\" data-end=\"1889\"><strong data-start=\"1786\" data-end=\"1813\">Cepillos para pesta\u00f1as:<\/strong> Ayudan a mantener la forma y separar las fibras despu\u00e9s de la aplicaci\u00f3n.<\/p>\n<\/li>\n<\/ul>\n<hr data-start=\"1891\" data-end=\"1894\" \/>\n<h5 data-start=\"1896\" data-end=\"1913\"><strong data-start=\"1900\" data-end=\"1913\">Ventajas:<\/strong><\/h5>\n<ul data-start=\"1914\" data-end=\"2161\">\n<li data-start=\"1914\" data-end=\"1968\">\n<p data-start=\"1916\" data-end=\"1968\">Ideal para uso personal en casa o mientras viajas.<\/p>\n<\/li>\n<li data-start=\"1969\" data-end=\"2064\">\n<p data-start=\"1971\" data-end=\"2064\">Perfecto para cualquier ocasi\u00f3n: uso diario, bodas, citas, festivales o eventos especiales.<\/p>\n<\/li>\n<li data-start=\"2065\" data-end=\"2117\">\n<p data-start=\"2067\" data-end=\"2117\">Aplicaci\u00f3n sencilla, incluso para principiantes.<\/p>\n<\/li>\n<li data-start=\"2118\" data-end=\"2161\">\n<p data-start=\"2120\" data-end=\"2161\">Resultado profesional en pocos minutos.<\/p>\n<\/li>\n<\/ul>\n<hr data-start=\"2163\" data-end=\"2166\" \/>\n<p data-start=\"2168\" data-end=\"2196\"><strong data-start=\"2168\" data-end=\"2194\">Contenido del paquete:<\/strong><\/p>\n<ul data-start=\"2197\" data-end=\"2397\">\n<li data-start=\"2197\" data-end=\"2258\">\n<p data-start=\"2199\" data-end=\"2258\">200 racimos de pesta\u00f1as individuales D Curl 40D (8\u201316 mm)<\/p>\n<\/li>\n<li data-start=\"2259\" data-end=\"2288\">\n<p data-start=\"2261\" data-end=\"2288\">1 pegamento para pesta\u00f1as<\/p>\n<\/li>\n<li data-start=\"2289\" data-end=\"2315\">\n<p data-start=\"2291\" data-end=\"2315\">1 sellador de pesta\u00f1as<\/p>\n<\/li>\n<li data-start=\"2316\" data-end=\"2343\">\n<p data-start=\"2318\" data-end=\"2343\">1 removedor de pesta\u00f1as<\/p>\n<\/li>\n<li data-start=\"2344\" data-end=\"2369\">\n<p data-start=\"2346\" data-end=\"2369\">1 pinza de aplicaci\u00f3n<\/p>\n<\/li>\n<li data-start=\"2370\" data-end=\"2397\">\n<p data-start=\"2372\" data-end=\"2397\">1 cepillo para pesta\u00f1as<\/p>\n<\/li>\n<\/ul>\n<hr data-start=\"2399\" data-end=\"2402\" \/>\n<p data-start=\"2404\" data-end=\"2567\" data-is-last-node=\"\" data-is-only-node=\"\">Con este <strong data-start=\"2413\" data-end=\"2452\">kit de extensi\u00f3n de pesta\u00f1as D Curl<\/strong>, pod\u00e9s lograr f\u00e1cilmente una mirada intensa y natural, combinando comodidad, durabilidad y belleza en un solo set.<\/p>\n","protected":false},"excerpt":{"rendered":"<p>Kit de Extensi\u00f3n de Pesta\u00f1as Estilo D Curl 40D \u2013 200 Piezas con Adhesivo, Sellador, Removedor, Pinzas y Cepillos Luce una mirada impactante y natural desde casa con este completo kit de pesta\u00f1as individuales estilo D Curl, ideal para lograr un efecto vaporoso, duradero y profesional sin necesidad de acudir al sal\u00f3n. Incluye todo lo [&hellip;]<\/p>\n","protected":false},"featured_media":15214,"template":"","meta":{"site-sidebar-layout":"default","site-content-layout":"","ast-site-content-layout":"default","site-content-style":"default","site-sidebar-style":"default","ast-global-header-display":"","ast-banner-title-visibility":"","ast-main-header-display":"","ast-hfb-above-header-display":"","ast-hfb-below-header-display":"","ast-hfb-mobile-header-display":"","site-post-title":"","ast-breadcrumbs-content":"","ast-featured-img":"","footer-sml-layout":"","ast-disable-related-posts":"","theme-transparent-header-meta":"default","adv-header-id-meta":"","stick-header-meta":"","header-above-stick-meta":"","header-main-stick-meta":"","header-below-stick-meta":"","astra-migrate-meta-layouts":"set","ast-page-background-enabled":"default","ast-page-background-meta":{"desktop":{"background-color":"var(--ast-global-color-4)","background-image":"","background-repeat":"repeat","background-position":"center center","background-size":"auto","background-attachment":"scroll","background-type":"","background-media":"","overlay-type":"","overlay-color":"","overlay-opacity":"","overlay-gradient":""},"tablet":{"background-color":"","background-image":"","background-repeat":"repeat","background-position":"center center","background-size":"auto","background-attachment":"scroll","background-type":"","background-media":"","overlay-type":"","overlay-color":"","overlay-opacity":"","overlay-gradient":""},"mobile":{"background-color":"","background-image":"","background-repeat":"repeat","background-position":"center center","background-size":"auto","background-attachment":"scroll","background-type":"","background-media":"","overlay-type":"","overlay-color":"","overlay-opacity":"","overlay-gradient":""}},"ast-content-background-meta":{"desktop":{"background-color":"var(--ast-global-color-5)","background-image":"","background-repeat":"repeat","background-position":"center center","background-size":"auto","background-attachment":"scroll","background-type":"","background-media":"","overlay-type":"","overlay-color":"","overlay-opacity":"","overlay-gradient":""},"tablet":{"background-color":"var(--ast-global-color-5)","background-image":"","background-repeat":"repeat","background-position":"center center","background-size":"auto","background-attachment":"scroll","background-type":"","background-media":"","overlay-type":"","overlay-color":"","overlay-opacity":"","overlay-gradient":""},"mobile":{"background-color":"var(--ast-global-color-5)","background-image":"","background-repeat":"repeat","background-position":"center center","background-size":"auto","background-attachment":"scroll","background-type":"","background-media":"","overlay-type":"","overlay-color":"","overlay-opacity":"","overlay-gradient":""}}},"product_brand":[],"product_cat":[17,467],"product_tag":[],"class_list":{"0":"post-15208","1":"product","2":"type-product","3":"status-publish","4":"has-post-thumbnail","6":"product_cat-belleza","7":"product_cat-maquillaje-belleza","8":"desktop-align-left","9":"tablet-align-left","10":"mobile-align-left","12":"first","13":"instock","14":"shipping-taxable","15":"purchasable","16":"product-type-simple"},"yoast_head":"<!-- This site is optimized with the Yoast SEO plugin v27.3 - https:\/\/yoast.com\/product\/yoast-seo-wordpress\/ -->\n<title>Kit De Extensi\u00f3n De Pesta\u00f1as M4 - ROSE MVD<\/title>\n<meta name=\"description\" content=\"Kit de pesta\u00f1as individuales estilo D Curl, ideal para lograr un efecto vaporoso, duradero y profesional sin necesidad de acudir al sal\u00f3n.\" \/>\n<meta name=\"robots\" content=\"index, follow, max-snippet:-1, max-image-preview:large, max-video-preview:-1\" \/>\n<link rel=\"canonical\" href=\"https:\/\/rosemvd.com\/index.php\/producto\/kit-de-extension-de-pestanas-m4\/\" \/>\n<meta property=\"og:locale\" content=\"es_ES\" \/>\n<meta property=\"og:type\" content=\"article\" \/>\n<meta property=\"og:title\" content=\"Kit De Extensi\u00f3n De Pesta\u00f1as M4 - ROSE MVD\" \/>\n<meta property=\"og:description\" content=\"Kit de pesta\u00f1as individuales estilo D Curl, ideal para lograr un efecto vaporoso, duradero y profesional sin necesidad de acudir al sal\u00f3n.\" \/>\n<meta property=\"og:url\" content=\"https:\/\/rosemvd.com\/index.php\/producto\/kit-de-extension-de-pestanas-m4\/\" \/>\n<meta property=\"og:site_name\" content=\"ROSE MVD\" \/>\n<meta property=\"article:publisher\" content=\"https:\/\/www.facebook.com\/TiendaRoseMvd\" \/>\n<meta property=\"article:modified_time\" content=\"2026-04-21T19:17:35+00:00\" \/>\n<meta property=\"og:image\" content=\"https:\/\/rosemvd.com\/wp-content\/uploads\/2025\/10\/m4.webp\" \/>\n\t<meta property=\"og:image:width\" content=\"423\" \/>\n\t<meta property=\"og:image:height\" content=\"565\" \/>\n\t<meta property=\"og:image:type\" content=\"image\/webp\" \/>\n<meta name=\"twitter:card\" content=\"summary_large_image\" \/>\n<meta name=\"twitter:label1\" content=\"Tiempo de lectura\" \/>\n\t<meta name=\"twitter:data1\" content=\"2 minutos\" \/>\n<script type=\"application\/ld+json\" class=\"yoast-schema-graph\">{\"@context\":\"https:\\\/\\\/schema.org\",\"@graph\":[{\"@type\":\"WebPage\",\"@id\":\"https:\\\/\\\/rosemvd.com\\\/index.php\\\/producto\\\/kit-de-extension-de-pestanas-m4\\\/\",\"url\":\"https:\\\/\\\/rosemvd.com\\\/index.php\\\/producto\\\/kit-de-extension-de-pestanas-m4\\\/\",\"name\":\"Kit De Extensi\u00f3n De Pesta\u00f1as M4 - ROSE MVD\",\"isPartOf\":{\"@id\":\"https:\\\/\\\/rosemvd.com\\\/#website\"},\"primaryImageOfPage\":{\"@id\":\"https:\\\/\\\/rosemvd.com\\\/index.php\\\/producto\\\/kit-de-extension-de-pestanas-m4\\\/#primaryimage\"},\"image\":{\"@id\":\"https:\\\/\\\/rosemvd.com\\\/index.php\\\/producto\\\/kit-de-extension-de-pestanas-m4\\\/#primaryimage\"},\"thumbnailUrl\":\"https:\\\/\\\/rosemvd.com\\\/wp-content\\\/uploads\\\/2025\\\/10\\\/m4.webp\",\"datePublished\":\"2025-10-27T21:31:01+00:00\",\"dateModified\":\"2026-04-21T19:17:35+00:00\",\"description\":\"Kit de pesta\u00f1as individuales estilo D Curl, ideal para lograr un efecto vaporoso, duradero y profesional sin necesidad de acudir al sal\u00f3n.\",\"breadcrumb\":{\"@id\":\"https:\\\/\\\/rosemvd.com\\\/index.php\\\/producto\\\/kit-de-extension-de-pestanas-m4\\\/#breadcrumb\"},\"inLanguage\":\"es\",\"potentialAction\":[{\"@type\":\"ReadAction\",\"target\":[\"https:\\\/\\\/rosemvd.com\\\/index.php\\\/producto\\\/kit-de-extension-de-pestanas-m4\\\/\"]}]},{\"@type\":\"ImageObject\",\"inLanguage\":\"es\",\"@id\":\"https:\\\/\\\/rosemvd.com\\\/index.php\\\/producto\\\/kit-de-extension-de-pestanas-m4\\\/#primaryimage\",\"url\":\"https:\\\/\\\/rosemvd.com\\\/wp-content\\\/uploads\\\/2025\\\/10\\\/m4.webp\",\"contentUrl\":\"https:\\\/\\\/rosemvd.com\\\/wp-content\\\/uploads\\\/2025\\\/10\\\/m4.webp\",\"width\":423,\"height\":565},{\"@type\":\"BreadcrumbList\",\"@id\":\"https:\\\/\\\/rosemvd.com\\\/index.php\\\/producto\\\/kit-de-extension-de-pestanas-m4\\\/#breadcrumb\",\"itemListElement\":[{\"@type\":\"ListItem\",\"position\":1,\"name\":\"Portada\",\"item\":\"https:\\\/\\\/rosemvd.com\\\/\"},{\"@type\":\"ListItem\",\"position\":2,\"name\":\"Tienda\",\"item\":\"https:\\\/\\\/rosemvd.com\\\/index.php\\\/tienda\\\/\"},{\"@type\":\"ListItem\",\"position\":3,\"name\":\"Kit De Extensi\u00f3n De Pesta\u00f1as M4\"}]},{\"@type\":\"WebSite\",\"@id\":\"https:\\\/\\\/rosemvd.com\\\/#website\",\"url\":\"https:\\\/\\\/rosemvd.com\\\/\",\"name\":\"ROSE MVD\",\"description\":\"Todo lo que no sab\u00edas que necesitabas, lo \u00faltimo en tendencia, utilidad e innovaci\u00f3n\",\"publisher\":{\"@id\":\"https:\\\/\\\/rosemvd.com\\\/#organization\"},\"potentialAction\":[{\"@type\":\"SearchAction\",\"target\":{\"@type\":\"EntryPoint\",\"urlTemplate\":\"https:\\\/\\\/rosemvd.com\\\/?s={search_term_string}\"},\"query-input\":{\"@type\":\"PropertyValueSpecification\",\"valueRequired\":true,\"valueName\":\"search_term_string\"}}],\"inLanguage\":\"es\"},{\"@type\":\"Organization\",\"@id\":\"https:\\\/\\\/rosemvd.com\\\/#organization\",\"name\":\"ROSE MVD\",\"alternateName\":\"ROSE MVD\",\"url\":\"https:\\\/\\\/rosemvd.com\\\/\",\"logo\":{\"@type\":\"ImageObject\",\"inLanguage\":\"es\",\"@id\":\"https:\\\/\\\/rosemvd.com\\\/#\\\/schema\\\/logo\\\/image\\\/\",\"url\":\"https:\\\/\\\/rosemvd.com\\\/wp-content\\\/uploads\\\/2023\\\/03\\\/Sin-titulo-2_Mesa-de-trabajo-1.png\",\"contentUrl\":\"https:\\\/\\\/rosemvd.com\\\/wp-content\\\/uploads\\\/2023\\\/03\\\/Sin-titulo-2_Mesa-de-trabajo-1.png\",\"width\":2084,\"height\":2084,\"caption\":\"ROSE MVD\"},\"image\":{\"@id\":\"https:\\\/\\\/rosemvd.com\\\/#\\\/schema\\\/logo\\\/image\\\/\"},\"sameAs\":[\"https:\\\/\\\/www.facebook.com\\\/TiendaRoseMvd\",\"https:\\\/\\\/www.instagram.com\\\/rose.mvd\"]}]}<\/script>\n<!-- \/ Yoast SEO plugin. -->","yoast_head_json":{"title":"Kit De Extensi\u00f3n De Pesta\u00f1as M4 - ROSE MVD","description":"Kit de pesta\u00f1as individuales estilo D Curl, ideal para lograr un efecto vaporoso, duradero y profesional sin necesidad de acudir al sal\u00f3n.","robots":{"index":"index","follow":"follow","max-snippet":"max-snippet:-1","max-image-preview":"max-image-preview:large","max-video-preview":"max-video-preview:-1"},"canonical":"https:\/\/rosemvd.com\/index.php\/producto\/kit-de-extension-de-pestanas-m4\/","og_locale":"es_ES","og_type":"article","og_title":"Kit De Extensi\u00f3n De Pesta\u00f1as M4 - ROSE MVD","og_description":"Kit de pesta\u00f1as individuales estilo D Curl, ideal para lograr un efecto vaporoso, duradero y profesional sin necesidad de acudir al sal\u00f3n.","og_url":"https:\/\/rosemvd.com\/index.php\/producto\/kit-de-extension-de-pestanas-m4\/","og_site_name":"ROSE MVD","article_publisher":"https:\/\/www.facebook.com\/TiendaRoseMvd","article_modified_time":"2026-04-21T19:17:35+00:00","og_image":[{"width":423,"height":565,"url":"https:\/\/rosemvd.com\/wp-content\/uploads\/2025\/10\/m4.webp","type":"image\/webp"}],"twitter_card":"summary_large_image","twitter_misc":{"Tiempo de lectura":"2 minutos"},"schema":{"@context":"https:\/\/schema.org","@graph":[{"@type":"WebPage","@id":"https:\/\/rosemvd.com\/index.php\/producto\/kit-de-extension-de-pestanas-m4\/","url":"https:\/\/rosemvd.com\/index.php\/producto\/kit-de-extension-de-pestanas-m4\/","name":"Kit De Extensi\u00f3n De Pesta\u00f1as M4 - ROSE MVD","isPartOf":{"@id":"https:\/\/rosemvd.com\/#website"},"primaryImageOfPage":{"@id":"https:\/\/rosemvd.com\/index.php\/producto\/kit-de-extension-de-pestanas-m4\/#primaryimage"},"image":{"@id":"https:\/\/rosemvd.com\/index.php\/producto\/kit-de-extension-de-pestanas-m4\/#primaryimage"},"thumbnailUrl":"https:\/\/rosemvd.com\/wp-content\/uploads\/2025\/10\/m4.webp","datePublished":"2025-10-27T21:31:01+00:00","dateModified":"2026-04-21T19:17:35+00:00","description":"Kit de pesta\u00f1as individuales estilo D Curl, ideal para lograr un efecto vaporoso, duradero y profesional sin necesidad de acudir al sal\u00f3n.","breadcrumb":{"@id":"https:\/\/rosemvd.com\/index.php\/producto\/kit-de-extension-de-pestanas-m4\/#breadcrumb"},"inLanguage":"es","potentialAction":[{"@type":"ReadAction","target":["https:\/\/rosemvd.com\/index.php\/producto\/kit-de-extension-de-pestanas-m4\/"]}]},{"@type":"ImageObject","inLanguage":"es","@id":"https:\/\/rosemvd.com\/index.php\/producto\/kit-de-extension-de-pestanas-m4\/#primaryimage","url":"https:\/\/rosemvd.com\/wp-content\/uploads\/2025\/10\/m4.webp","contentUrl":"https:\/\/rosemvd.com\/wp-content\/uploads\/2025\/10\/m4.webp","width":423,"height":565},{"@type":"BreadcrumbList","@id":"https:\/\/rosemvd.com\/index.php\/producto\/kit-de-extension-de-pestanas-m4\/#breadcrumb","itemListElement":[{"@type":"ListItem","position":1,"name":"Portada","item":"https:\/\/rosemvd.com\/"},{"@type":"ListItem","position":2,"name":"Tienda","item":"https:\/\/rosemvd.com\/index.php\/tienda\/"},{"@type":"ListItem","position":3,"name":"Kit De Extensi\u00f3n De Pesta\u00f1as M4"}]},{"@type":"WebSite","@id":"https:\/\/rosemvd.com\/#website","url":"https:\/\/rosemvd.com\/","name":"ROSE MVD","description":"Todo lo que no sab\u00edas que necesitabas, lo \u00faltimo en tendencia, utilidad e innovaci\u00f3n","publisher":{"@id":"https:\/\/rosemvd.com\/#organization"},"potentialAction":[{"@type":"SearchAction","target":{"@type":"EntryPoint","urlTemplate":"https:\/\/rosemvd.com\/?s={search_term_string}"},"query-input":{"@type":"PropertyValueSpecification","valueRequired":true,"valueName":"search_term_string"}}],"inLanguage":"es"},{"@type":"Organization","@id":"https:\/\/rosemvd.com\/#organization","name":"ROSE MVD","alternateName":"ROSE MVD","url":"https:\/\/rosemvd.com\/","logo":{"@type":"ImageObject","inLanguage":"es","@id":"https:\/\/rosemvd.com\/#\/schema\/logo\/image\/","url":"https:\/\/rosemvd.com\/wp-content\/uploads\/2023\/03\/Sin-titulo-2_Mesa-de-trabajo-1.png","contentUrl":"https:\/\/rosemvd.com\/wp-content\/uploads\/2023\/03\/Sin-titulo-2_Mesa-de-trabajo-1.png","width":2084,"height":2084,"caption":"ROSE MVD"},"image":{"@id":"https:\/\/rosemvd.com\/#\/schema\/logo\/image\/"},"sameAs":["https:\/\/www.facebook.com\/TiendaRoseMvd","https:\/\/www.instagram.com\/rose.mvd"]}]}},"_links":{"self":[{"href":"https:\/\/rosemvd.com\/index.php\/wp-json\/wp\/v2\/product\/15208","targetHints":{"allow":["GET"]}}],"collection":[{"href":"https:\/\/rosemvd.com\/index.php\/wp-json\/wp\/v2\/product"}],"about":[{"href":"https:\/\/rosemvd.com\/index.php\/wp-json\/wp\/v2\/types\/product"}],"wp:featuredmedia":[{"embeddable":true,"href":"https:\/\/rosemvd.com\/index.php\/wp-json\/wp\/v2\/media\/15214"}],"wp:attachment":[{"href":"https:\/\/rosemvd.com\/index.php\/wp-json\/wp\/v2\/media?parent=15208"}],"wp:term":[{"taxonomy":"product_brand","embeddable":true,"href":"https:\/\/rosemvd.com\/index.php\/wp-json\/wp\/v2\/product_brand?post=15208"},{"taxonomy":"product_cat","embeddable":true,"href":"https:\/\/rosemvd.com\/index.php\/wp-json\/wp\/v2\/product_cat?post=15208"},{"taxonomy":"product_tag","embeddable":true,"href":"https:\/\/rosemvd.com\/index.php\/wp-json\/wp\/v2\/product_tag?post=15208"}],"curies":[{"name":"wp","href":"https:\/\/api.w.org\/{rel}","templated":true}]}}