{"id":15181,"date":"2025-10-27T18:31:24","date_gmt":"2025-10-27T21:31:24","guid":{"rendered":"https:\/\/rosemvd.com\/?post_type=product&#038;p=15181"},"modified":"2026-04-24T14:51:15","modified_gmt":"2026-04-24T17:51:15","slug":"kit-de-extension-de-pestanas-m3","status":"publish","type":"product","link":"https:\/\/rosemvd.com\/index.php\/producto\/kit-de-extension-de-pestanas-m3\/","title":{"rendered":"Kit De Extensi\u00f3n De Pesta\u00f1as M3"},"content":{"rendered":"<article class=\"text-token-text-primary w-full focus:outline-none [--shadow-height:45px] has-data-writing-block:pointer-events-none has-data-writing-block:-mt-(--shadow-height) has-data-writing-block:pt-(--shadow-height) [&amp;:has([data-writing-block])&gt;*]:pointer-events-auto scroll-mt-[calc(var(--header-height)+min(200px,max(70px,20svh)))]\" dir=\"auto\" tabindex=\"-1\" data-turn-id=\"request-6798dc7e-35b4-8012-9cfb-4347ba3b2a94-0\" data-testid=\"conversation-turn-538\" data-scroll-anchor=\"true\" data-turn=\"assistant\">\n<div class=\"text-base my-auto mx-auto pb-10 [--thread-content-margin:--spacing(4)] thread-sm:[--thread-content-margin:--spacing(6)] thread-lg:[--thread-content-margin:--spacing(16)] px-(--thread-content-margin)\">\n<div class=\"[--thread-content-max-width:40rem] thread-lg:[--thread-content-max-width:48rem] mx-auto max-w-(--thread-content-max-width) flex-1 group\/turn-messages focus-visible:outline-hidden relative flex w-full min-w-0 flex-col agent-turn\" tabindex=\"-1\">\n<div class=\"flex max-w-full flex-col grow\">\n<div class=\"min-h-8 text-message relative flex w-full flex-col items-end gap-2 text-start break-words whitespace-normal [.text-message+&amp;]:mt-1\" dir=\"auto\" data-message-author-role=\"assistant\" data-message-id=\"57d2b4cb-b201-4d80-8237-203fd1c12456\" data-message-model-slug=\"gpt-5\">\n<div class=\"flex w-full flex-col gap-1 empty:hidden first:pt-[1px]\">\n<div class=\"markdown prose dark:prose-invert w-full break-words light markdown-new-styling\">\n<p data-start=\"0\" data-end=\"85\"><strong data-start=\"0\" data-end=\"83\">Kit de Extensi\u00f3n de Pesta\u00f1as Tipo C \u2013 200 Piezas con Adhesivo, Pinzas y Cepillo<\/strong><\/p>\n<p data-start=\"87\" data-end=\"468\">Transforma tu mirada desde casa con este <strong data-start=\"128\" data-end=\"173\">completo kit de extensi\u00f3n de pesta\u00f1as DIY<\/strong>, ideal para lograr un acabado profesional sin necesidad de ir al sal\u00f3n. Incluye <strong data-start=\"254\" data-end=\"290\">200 pesta\u00f1as individuales tipo C<\/strong> de longitudes mixtas (10 a 16 mm), <strong data-start=\"326\" data-end=\"350\">adhesivo de fijaci\u00f3n<\/strong>, <strong data-start=\"352\" data-end=\"376\">pinzas de aplicaci\u00f3n<\/strong> y <strong data-start=\"379\" data-end=\"401\">cepillo de peinado<\/strong>, todo lo necesario para una aplicaci\u00f3n f\u00e1cil, r\u00e1pida y duradera.<\/p>\n<hr data-start=\"470\" data-end=\"473\" \/>\n<h5 data-start=\"475\" data-end=\"511\"><strong data-start=\"479\" data-end=\"511\">Caracter\u00edsticas principales:<\/strong><\/h5>\n<ul data-start=\"512\" data-end=\"1178\">\n<li data-start=\"512\" data-end=\"651\">\n<p data-start=\"514\" data-end=\"651\"><strong data-start=\"514\" data-end=\"559\">Extensiones de pesta\u00f1as suaves y ligeras:<\/strong> Fabricadas con materiales de alta calidad, son flexibles, c\u00f3modas y no causan irritaci\u00f3n.<\/p>\n<\/li>\n<li data-start=\"652\" data-end=\"788\">\n<p data-start=\"654\" data-end=\"788\"><strong data-start=\"654\" data-end=\"678\">Dise\u00f1o hecho a mano:<\/strong> Cada pesta\u00f1a est\u00e1 elaborada manualmente para garantizar una curvatura perfecta y sin residuos de pegamento.<\/p>\n<\/li>\n<li data-start=\"789\" data-end=\"922\">\n<p data-start=\"791\" data-end=\"922\"><strong data-start=\"791\" data-end=\"833\">Banda superfina de fusi\u00f3n en caliente:<\/strong> Se adhiere f\u00e1cilmente, sin torceduras ni grumos, permitiendo un resultado m\u00e1s natural.<\/p>\n<\/li>\n<li data-start=\"923\" data-end=\"1067\">\n<p data-start=\"925\" data-end=\"1067\"><strong data-start=\"925\" data-end=\"949\">Longitudes variadas:<\/strong> Incluye pesta\u00f1as de <strong data-start=\"970\" data-end=\"987\">10 mm a 16 mm<\/strong>, para personalizar tu estilo seg\u00fan el efecto deseado (natural o m\u00e1s intenso).<\/p>\n<\/li>\n<li data-start=\"1068\" data-end=\"1178\">\n<p data-start=\"1070\" data-end=\"1178\"><strong data-start=\"1070\" data-end=\"1094\">Aplicaci\u00f3n sencilla:<\/strong> Perfectas para uso dom\u00e9stico, incluso si es tu primera vez aplicando extensiones.<\/p>\n<\/li>\n<\/ul>\n<hr data-start=\"1180\" data-end=\"1183\" \/>\n<h5 data-start=\"1185\" data-end=\"1216\"><strong data-start=\"1189\" data-end=\"1216\">Herramientas incluidas:<\/strong><\/h5>\n<ul data-start=\"1217\" data-end=\"1576\">\n<li data-start=\"1217\" data-end=\"1360\">\n<p data-start=\"1219\" data-end=\"1360\"><strong data-start=\"1219\" data-end=\"1251\">Pinzas de precisi\u00f3n premium:<\/strong> Hechas de acero inoxidable, con cierre firme y agarre seguro para facilitar la colocaci\u00f3n de las pesta\u00f1as.<\/p>\n<\/li>\n<li data-start=\"1361\" data-end=\"1472\">\n<p data-start=\"1363\" data-end=\"1472\"><strong data-start=\"1363\" data-end=\"1388\">Adhesivo de fijaci\u00f3n:<\/strong> De secado r\u00e1pido y alta durabilidad, mantiene las pesta\u00f1as firmes por m\u00e1s tiempo.<\/p>\n<\/li>\n<li data-start=\"1473\" data-end=\"1576\">\n<p data-start=\"1475\" data-end=\"1576\"><strong data-start=\"1475\" data-end=\"1501\">Cepillo para pesta\u00f1as:<\/strong> Ideal para peinar y mantener la forma perfecta despu\u00e9s de la aplicaci\u00f3n.<\/p>\n<\/li>\n<\/ul>\n<hr data-start=\"1578\" data-end=\"1581\" \/>\n<h5 data-start=\"1583\" data-end=\"1600\"><strong data-start=\"1587\" data-end=\"1600\">Ventajas:<\/strong><\/h5>\n<ul data-start=\"1601\" data-end=\"1809\">\n<li data-start=\"1601\" data-end=\"1666\">\n<p data-start=\"1603\" data-end=\"1666\">Ahorra tiempo y dinero realizando tus extensiones desde casa.<\/p>\n<\/li>\n<li data-start=\"1667\" data-end=\"1715\">\n<p data-start=\"1669\" data-end=\"1715\">Crea un look natural o glamuroso en minutos.<\/p>\n<\/li>\n<li data-start=\"1716\" data-end=\"1766\">\n<p data-start=\"1718\" data-end=\"1766\">No se desmoronan ni se deforman al aplicarlas.<\/p>\n<\/li>\n<li data-start=\"1767\" data-end=\"1809\">\n<p data-start=\"1769\" data-end=\"1809\">C\u00f3modas de llevar durante todo el d\u00eda.<\/p>\n<\/li>\n<\/ul>\n<hr data-start=\"1811\" data-end=\"1814\" \/>\n<p data-start=\"1816\" data-end=\"1842\"><strong data-start=\"1816\" data-end=\"1842\">Contenido del paquete:<\/strong><\/p>\n<ul data-start=\"1843\" data-end=\"2011\">\n<li data-start=\"1843\" data-end=\"1908\">\n<p data-start=\"1845\" data-end=\"1908\">200 pesta\u00f1as individuales (curva tipo C, longitudes 10\u201316 mm)<\/p>\n<\/li>\n<li data-start=\"1909\" data-end=\"1937\">\n<p data-start=\"1911\" data-end=\"1937\">1 adhesivo para pesta\u00f1as<\/p>\n<\/li>\n<li data-start=\"1938\" data-end=\"1983\">\n<p data-start=\"1940\" data-end=\"1983\">1 pinza de aplicaci\u00f3n de acero inoxidable<\/p>\n<\/li>\n<li data-start=\"1984\" data-end=\"2011\">\n<p data-start=\"1986\" data-end=\"2011\">1 cepillo para pesta\u00f1as<\/p>\n<\/li>\n<\/ul>\n<hr data-start=\"2013\" data-end=\"2016\" \/>\n<p data-start=\"2018\" data-end=\"2201\" data-is-last-node=\"\" data-is-only-node=\"\">Ideal para uso personal o profesional, este <strong data-start=\"2062\" data-end=\"2096\">kit de extensiones de pesta\u00f1as<\/strong> ofrece resultados de sal\u00f3n en la comodidad de tu hogar, con una aplicaci\u00f3n f\u00e1cil y un acabado impecable.<\/p>\n<\/div>\n<\/div>\n<\/div>\n<\/div>\n<\/div>\n<\/div>\n<\/article>\n","protected":false},"excerpt":{"rendered":"<p>Kit de Extensi\u00f3n de Pesta\u00f1as Tipo C \u2013 200 Piezas con Adhesivo, Pinzas y Cepillo Transforma tu mirada desde casa con este completo kit de extensi\u00f3n de pesta\u00f1as DIY, ideal para lograr un acabado profesional sin necesidad de ir al sal\u00f3n. Incluye 200 pesta\u00f1as individuales tipo C de longitudes mixtas (10 a 16 mm), adhesivo [&hellip;]<\/p>\n","protected":false},"featured_media":15206,"template":"","meta":{"site-sidebar-layout":"default","site-content-layout":"","ast-site-content-layout":"default","site-content-style":"default","site-sidebar-style":"default","ast-global-header-display":"","ast-banner-title-visibility":"","ast-main-header-display":"","ast-hfb-above-header-display":"","ast-hfb-below-header-display":"","ast-hfb-mobile-header-display":"","site-post-title":"","ast-breadcrumbs-content":"","ast-featured-img":"","footer-sml-layout":"","ast-disable-related-posts":"","theme-transparent-header-meta":"default","adv-header-id-meta":"","stick-header-meta":"","header-above-stick-meta":"","header-main-stick-meta":"","header-below-stick-meta":"","astra-migrate-meta-layouts":"set","ast-page-background-enabled":"default","ast-page-background-meta":{"desktop":{"background-color":"var(--ast-global-color-4)","background-image":"","background-repeat":"repeat","background-position":"center center","background-size":"auto","background-attachment":"scroll","background-type":"","background-media":"","overlay-type":"","overlay-color":"","overlay-opacity":"","overlay-gradient":""},"tablet":{"background-color":"","background-image":"","background-repeat":"repeat","background-position":"center center","background-size":"auto","background-attachment":"scroll","background-type":"","background-media":"","overlay-type":"","overlay-color":"","overlay-opacity":"","overlay-gradient":""},"mobile":{"background-color":"","background-image":"","background-repeat":"repeat","background-position":"center center","background-size":"auto","background-attachment":"scroll","background-type":"","background-media":"","overlay-type":"","overlay-color":"","overlay-opacity":"","overlay-gradient":""}},"ast-content-background-meta":{"desktop":{"background-color":"var(--ast-global-color-5)","background-image":"","background-repeat":"repeat","background-position":"center center","background-size":"auto","background-attachment":"scroll","background-type":"","background-media":"","overlay-type":"","overlay-color":"","overlay-opacity":"","overlay-gradient":""},"tablet":{"background-color":"var(--ast-global-color-5)","background-image":"","background-repeat":"repeat","background-position":"center center","background-size":"auto","background-attachment":"scroll","background-type":"","background-media":"","overlay-type":"","overlay-color":"","overlay-opacity":"","overlay-gradient":""},"mobile":{"background-color":"var(--ast-global-color-5)","background-image":"","background-repeat":"repeat","background-position":"center center","background-size":"auto","background-attachment":"scroll","background-type":"","background-media":"","overlay-type":"","overlay-color":"","overlay-opacity":"","overlay-gradient":""}}},"product_brand":[],"product_cat":[17,467],"product_tag":[],"class_list":{"0":"post-15181","1":"product","2":"type-product","3":"status-publish","4":"has-post-thumbnail","6":"product_cat-belleza","7":"product_cat-maquillaje-belleza","8":"desktop-align-left","9":"tablet-align-left","10":"mobile-align-left","12":"first","13":"instock","14":"shipping-taxable","15":"purchasable","16":"product-type-simple"},"yoast_head":"<!-- This site is optimized with the Yoast SEO plugin v27.3 - https:\/\/yoast.com\/product\/yoast-seo-wordpress\/ -->\n<title>Kit De Extensi\u00f3n De Pesta\u00f1as M3 - ROSE MVD<\/title>\n<meta name=\"description\" content=\"Transforma tu mirada desde casa con este completo kit de extensi\u00f3n de pesta\u00f1as DIY, ideal para lograr un acabado profesional sin necesidad de ir al sal\u00f3n.\" \/>\n<meta name=\"robots\" content=\"index, follow, max-snippet:-1, max-image-preview:large, max-video-preview:-1\" \/>\n<link rel=\"canonical\" href=\"https:\/\/rosemvd.com\/index.php\/producto\/kit-de-extension-de-pestanas-m3\/\" \/>\n<meta property=\"og:locale\" content=\"es_ES\" \/>\n<meta property=\"og:type\" content=\"article\" \/>\n<meta property=\"og:title\" content=\"Kit De Extensi\u00f3n De Pesta\u00f1as M3 - ROSE MVD\" \/>\n<meta property=\"og:description\" content=\"Transforma tu mirada desde casa con este completo kit de extensi\u00f3n de pesta\u00f1as DIY, ideal para lograr un acabado profesional sin necesidad de ir al sal\u00f3n.\" \/>\n<meta property=\"og:url\" content=\"https:\/\/rosemvd.com\/index.php\/producto\/kit-de-extension-de-pestanas-m3\/\" \/>\n<meta property=\"og:site_name\" content=\"ROSE MVD\" \/>\n<meta property=\"article:publisher\" content=\"https:\/\/www.facebook.com\/TiendaRoseMvd\" \/>\n<meta property=\"article:modified_time\" content=\"2026-04-24T17:51:15+00:00\" \/>\n<meta property=\"og:image\" content=\"https:\/\/rosemvd.com\/wp-content\/uploads\/2025\/10\/m3-1.webp\" \/>\n\t<meta property=\"og:image:width\" content=\"419\" \/>\n\t<meta property=\"og:image:height\" content=\"567\" \/>\n\t<meta property=\"og:image:type\" content=\"image\/webp\" \/>\n<meta name=\"twitter:card\" content=\"summary_large_image\" \/>\n<meta name=\"twitter:label1\" content=\"Tiempo de lectura\" \/>\n\t<meta name=\"twitter:data1\" content=\"2 minutos\" \/>\n<script type=\"application\/ld+json\" class=\"yoast-schema-graph\">{\"@context\":\"https:\\\/\\\/schema.org\",\"@graph\":[{\"@type\":\"WebPage\",\"@id\":\"https:\\\/\\\/rosemvd.com\\\/index.php\\\/producto\\\/kit-de-extension-de-pestanas-m3\\\/\",\"url\":\"https:\\\/\\\/rosemvd.com\\\/index.php\\\/producto\\\/kit-de-extension-de-pestanas-m3\\\/\",\"name\":\"Kit De Extensi\u00f3n De Pesta\u00f1as M3 - ROSE MVD\",\"isPartOf\":{\"@id\":\"https:\\\/\\\/rosemvd.com\\\/#website\"},\"primaryImageOfPage\":{\"@id\":\"https:\\\/\\\/rosemvd.com\\\/index.php\\\/producto\\\/kit-de-extension-de-pestanas-m3\\\/#primaryimage\"},\"image\":{\"@id\":\"https:\\\/\\\/rosemvd.com\\\/index.php\\\/producto\\\/kit-de-extension-de-pestanas-m3\\\/#primaryimage\"},\"thumbnailUrl\":\"https:\\\/\\\/rosemvd.com\\\/wp-content\\\/uploads\\\/2025\\\/10\\\/m3-1.webp\",\"datePublished\":\"2025-10-27T21:31:24+00:00\",\"dateModified\":\"2026-04-24T17:51:15+00:00\",\"description\":\"Transforma tu mirada desde casa con este completo kit de extensi\u00f3n de pesta\u00f1as DIY, ideal para lograr un acabado profesional sin necesidad de ir al sal\u00f3n.\",\"breadcrumb\":{\"@id\":\"https:\\\/\\\/rosemvd.com\\\/index.php\\\/producto\\\/kit-de-extension-de-pestanas-m3\\\/#breadcrumb\"},\"inLanguage\":\"es\",\"potentialAction\":[{\"@type\":\"ReadAction\",\"target\":[\"https:\\\/\\\/rosemvd.com\\\/index.php\\\/producto\\\/kit-de-extension-de-pestanas-m3\\\/\"]}]},{\"@type\":\"ImageObject\",\"inLanguage\":\"es\",\"@id\":\"https:\\\/\\\/rosemvd.com\\\/index.php\\\/producto\\\/kit-de-extension-de-pestanas-m3\\\/#primaryimage\",\"url\":\"https:\\\/\\\/rosemvd.com\\\/wp-content\\\/uploads\\\/2025\\\/10\\\/m3-1.webp\",\"contentUrl\":\"https:\\\/\\\/rosemvd.com\\\/wp-content\\\/uploads\\\/2025\\\/10\\\/m3-1.webp\",\"width\":419,\"height\":567},{\"@type\":\"BreadcrumbList\",\"@id\":\"https:\\\/\\\/rosemvd.com\\\/index.php\\\/producto\\\/kit-de-extension-de-pestanas-m3\\\/#breadcrumb\",\"itemListElement\":[{\"@type\":\"ListItem\",\"position\":1,\"name\":\"Portada\",\"item\":\"https:\\\/\\\/rosemvd.com\\\/\"},{\"@type\":\"ListItem\",\"position\":2,\"name\":\"Tienda\",\"item\":\"https:\\\/\\\/rosemvd.com\\\/index.php\\\/tienda\\\/\"},{\"@type\":\"ListItem\",\"position\":3,\"name\":\"Kit De Extensi\u00f3n De Pesta\u00f1as M3\"}]},{\"@type\":\"WebSite\",\"@id\":\"https:\\\/\\\/rosemvd.com\\\/#website\",\"url\":\"https:\\\/\\\/rosemvd.com\\\/\",\"name\":\"ROSE MVD\",\"description\":\"Todo lo que no sab\u00edas que necesitabas, lo \u00faltimo en tendencia, utilidad e innovaci\u00f3n\",\"publisher\":{\"@id\":\"https:\\\/\\\/rosemvd.com\\\/#organization\"},\"potentialAction\":[{\"@type\":\"SearchAction\",\"target\":{\"@type\":\"EntryPoint\",\"urlTemplate\":\"https:\\\/\\\/rosemvd.com\\\/?s={search_term_string}\"},\"query-input\":{\"@type\":\"PropertyValueSpecification\",\"valueRequired\":true,\"valueName\":\"search_term_string\"}}],\"inLanguage\":\"es\"},{\"@type\":\"Organization\",\"@id\":\"https:\\\/\\\/rosemvd.com\\\/#organization\",\"name\":\"ROSE MVD\",\"alternateName\":\"ROSE MVD\",\"url\":\"https:\\\/\\\/rosemvd.com\\\/\",\"logo\":{\"@type\":\"ImageObject\",\"inLanguage\":\"es\",\"@id\":\"https:\\\/\\\/rosemvd.com\\\/#\\\/schema\\\/logo\\\/image\\\/\",\"url\":\"https:\\\/\\\/rosemvd.com\\\/wp-content\\\/uploads\\\/2023\\\/03\\\/Sin-titulo-2_Mesa-de-trabajo-1.png\",\"contentUrl\":\"https:\\\/\\\/rosemvd.com\\\/wp-content\\\/uploads\\\/2023\\\/03\\\/Sin-titulo-2_Mesa-de-trabajo-1.png\",\"width\":2084,\"height\":2084,\"caption\":\"ROSE MVD\"},\"image\":{\"@id\":\"https:\\\/\\\/rosemvd.com\\\/#\\\/schema\\\/logo\\\/image\\\/\"},\"sameAs\":[\"https:\\\/\\\/www.facebook.com\\\/TiendaRoseMvd\",\"https:\\\/\\\/www.instagram.com\\\/rose.mvd\"]}]}<\/script>\n<!-- \/ Yoast SEO plugin. -->","yoast_head_json":{"title":"Kit De Extensi\u00f3n De Pesta\u00f1as M3 - ROSE MVD","description":"Transforma tu mirada desde casa con este completo kit de extensi\u00f3n de pesta\u00f1as DIY, ideal para lograr un acabado profesional sin necesidad de ir al sal\u00f3n.","robots":{"index":"index","follow":"follow","max-snippet":"max-snippet:-1","max-image-preview":"max-image-preview:large","max-video-preview":"max-video-preview:-1"},"canonical":"https:\/\/rosemvd.com\/index.php\/producto\/kit-de-extension-de-pestanas-m3\/","og_locale":"es_ES","og_type":"article","og_title":"Kit De Extensi\u00f3n De Pesta\u00f1as M3 - ROSE MVD","og_description":"Transforma tu mirada desde casa con este completo kit de extensi\u00f3n de pesta\u00f1as DIY, ideal para lograr un acabado profesional sin necesidad de ir al sal\u00f3n.","og_url":"https:\/\/rosemvd.com\/index.php\/producto\/kit-de-extension-de-pestanas-m3\/","og_site_name":"ROSE MVD","article_publisher":"https:\/\/www.facebook.com\/TiendaRoseMvd","article_modified_time":"2026-04-24T17:51:15+00:00","og_image":[{"width":419,"height":567,"url":"https:\/\/rosemvd.com\/wp-content\/uploads\/2025\/10\/m3-1.webp","type":"image\/webp"}],"twitter_card":"summary_large_image","twitter_misc":{"Tiempo de lectura":"2 minutos"},"schema":{"@context":"https:\/\/schema.org","@graph":[{"@type":"WebPage","@id":"https:\/\/rosemvd.com\/index.php\/producto\/kit-de-extension-de-pestanas-m3\/","url":"https:\/\/rosemvd.com\/index.php\/producto\/kit-de-extension-de-pestanas-m3\/","name":"Kit De Extensi\u00f3n De Pesta\u00f1as M3 - ROSE MVD","isPartOf":{"@id":"https:\/\/rosemvd.com\/#website"},"primaryImageOfPage":{"@id":"https:\/\/rosemvd.com\/index.php\/producto\/kit-de-extension-de-pestanas-m3\/#primaryimage"},"image":{"@id":"https:\/\/rosemvd.com\/index.php\/producto\/kit-de-extension-de-pestanas-m3\/#primaryimage"},"thumbnailUrl":"https:\/\/rosemvd.com\/wp-content\/uploads\/2025\/10\/m3-1.webp","datePublished":"2025-10-27T21:31:24+00:00","dateModified":"2026-04-24T17:51:15+00:00","description":"Transforma tu mirada desde casa con este completo kit de extensi\u00f3n de pesta\u00f1as DIY, ideal para lograr un acabado profesional sin necesidad de ir al sal\u00f3n.","breadcrumb":{"@id":"https:\/\/rosemvd.com\/index.php\/producto\/kit-de-extension-de-pestanas-m3\/#breadcrumb"},"inLanguage":"es","potentialAction":[{"@type":"ReadAction","target":["https:\/\/rosemvd.com\/index.php\/producto\/kit-de-extension-de-pestanas-m3\/"]}]},{"@type":"ImageObject","inLanguage":"es","@id":"https:\/\/rosemvd.com\/index.php\/producto\/kit-de-extension-de-pestanas-m3\/#primaryimage","url":"https:\/\/rosemvd.com\/wp-content\/uploads\/2025\/10\/m3-1.webp","contentUrl":"https:\/\/rosemvd.com\/wp-content\/uploads\/2025\/10\/m3-1.webp","width":419,"height":567},{"@type":"BreadcrumbList","@id":"https:\/\/rosemvd.com\/index.php\/producto\/kit-de-extension-de-pestanas-m3\/#breadcrumb","itemListElement":[{"@type":"ListItem","position":1,"name":"Portada","item":"https:\/\/rosemvd.com\/"},{"@type":"ListItem","position":2,"name":"Tienda","item":"https:\/\/rosemvd.com\/index.php\/tienda\/"},{"@type":"ListItem","position":3,"name":"Kit De Extensi\u00f3n De Pesta\u00f1as M3"}]},{"@type":"WebSite","@id":"https:\/\/rosemvd.com\/#website","url":"https:\/\/rosemvd.com\/","name":"ROSE MVD","description":"Todo lo que no sab\u00edas que necesitabas, lo \u00faltimo en tendencia, utilidad e innovaci\u00f3n","publisher":{"@id":"https:\/\/rosemvd.com\/#organization"},"potentialAction":[{"@type":"SearchAction","target":{"@type":"EntryPoint","urlTemplate":"https:\/\/rosemvd.com\/?s={search_term_string}"},"query-input":{"@type":"PropertyValueSpecification","valueRequired":true,"valueName":"search_term_string"}}],"inLanguage":"es"},{"@type":"Organization","@id":"https:\/\/rosemvd.com\/#organization","name":"ROSE MVD","alternateName":"ROSE MVD","url":"https:\/\/rosemvd.com\/","logo":{"@type":"ImageObject","inLanguage":"es","@id":"https:\/\/rosemvd.com\/#\/schema\/logo\/image\/","url":"https:\/\/rosemvd.com\/wp-content\/uploads\/2023\/03\/Sin-titulo-2_Mesa-de-trabajo-1.png","contentUrl":"https:\/\/rosemvd.com\/wp-content\/uploads\/2023\/03\/Sin-titulo-2_Mesa-de-trabajo-1.png","width":2084,"height":2084,"caption":"ROSE MVD"},"image":{"@id":"https:\/\/rosemvd.com\/#\/schema\/logo\/image\/"},"sameAs":["https:\/\/www.facebook.com\/TiendaRoseMvd","https:\/\/www.instagram.com\/rose.mvd"]}]}},"_links":{"self":[{"href":"https:\/\/rosemvd.com\/index.php\/wp-json\/wp\/v2\/product\/15181","targetHints":{"allow":["GET"]}}],"collection":[{"href":"https:\/\/rosemvd.com\/index.php\/wp-json\/wp\/v2\/product"}],"about":[{"href":"https:\/\/rosemvd.com\/index.php\/wp-json\/wp\/v2\/types\/product"}],"wp:featuredmedia":[{"embeddable":true,"href":"https:\/\/rosemvd.com\/index.php\/wp-json\/wp\/v2\/media\/15206"}],"wp:attachment":[{"href":"https:\/\/rosemvd.com\/index.php\/wp-json\/wp\/v2\/media?parent=15181"}],"wp:term":[{"taxonomy":"product_brand","embeddable":true,"href":"https:\/\/rosemvd.com\/index.php\/wp-json\/wp\/v2\/product_brand?post=15181"},{"taxonomy":"product_cat","embeddable":true,"href":"https:\/\/rosemvd.com\/index.php\/wp-json\/wp\/v2\/product_cat?post=15181"},{"taxonomy":"product_tag","embeddable":true,"href":"https:\/\/rosemvd.com\/index.php\/wp-json\/wp\/v2\/product_tag?post=15181"}],"curies":[{"name":"wp","href":"https:\/\/api.w.org\/{rel}","templated":true}]}}