{"id":14961,"date":"2025-10-15T13:54:23","date_gmt":"2025-10-15T16:54:23","guid":{"rendered":"https:\/\/rosemvd.com\/?post_type=product&#038;p=14961"},"modified":"2026-04-25T10:10:50","modified_gmt":"2026-04-25T13:10:50","slug":"serum-serum-facial-jaysuing-5-en-1","status":"publish","type":"product","link":"https:\/\/rosemvd.com\/index.php\/producto\/serum-serum-facial-jaysuing-5-en-1\/","title":{"rendered":"S\u00e9rum Serum Facial Jaysuing 5 En 1"},"content":{"rendered":"<h5 data-start=\"126\" data-end=\"178\"><strong data-start=\"126\" data-end=\"176\">Jaysuing \u2013 Cuidado Facial Antiedad y Protector<\/strong><\/h5>\n<p data-start=\"180\" data-end=\"438\">Jaysuing es una marca dedicada al cuidado de la piel facial que combina innovaci\u00f3n y efectividad en cada uno de sus productos. Si buscas mantener tu rostro protegido, hidratado y con un aspecto saludable, esta es una excelente opci\u00f3n para tu rutina diaria.<\/p>\n<p data-start=\"440\" data-end=\"730\"><strong data-start=\"440\" data-end=\"480\">Protecci\u00f3n contra el paso del tiempo<\/strong><br data-start=\"480\" data-end=\"483\" \/>Formulados para combatir los primeros signos de la edad, los tratamientos antiedad de Jaysuing hidratan en profundidad, mejoran la firmeza de la piel y ayudan a reducir l\u00edneas de expresi\u00f3n y arrugas, aportando un aspecto rejuvenecido y radiante.<\/p>\n<p data-start=\"732\" data-end=\"957\"><strong data-start=\"732\" data-end=\"756\">Amigable con tu piel<\/strong><br data-start=\"756\" data-end=\"759\" \/>Gracias a su f\u00f3rmula hipoalerg\u00e9nica, estos productos est\u00e1n dise\u00f1ados para minimizar las reacciones adversas, convirti\u00e9ndose en una alternativa segura para pieles sensibles o f\u00e1cilmente irritables.<\/p>\n<p data-start=\"959\" data-end=\"1251\"><strong data-start=\"959\" data-end=\"989\">F\u00f3rmula limpia y confiable<\/strong><br data-start=\"989\" data-end=\"992\" \/>Todos los productos de Jaysuing son <strong data-start=\"1028\" data-end=\"1051\">libres de parabenos<\/strong>, lo que significa que no contienen conservantes artificiales agresivos. Esto los hace m\u00e1s respetuosos con la piel y adecuados para quienes prefieren opciones de cuidado m\u00e1s naturales y conscientes.<\/p>\n<p data-start=\"1253\" data-end=\"1524\"><strong data-start=\"1253\" data-end=\"1276\">Resultados visibles<\/strong><br data-start=\"1276\" data-end=\"1279\" \/>Con el uso constante, la piel se ve m\u00e1s luminosa, uniforme y protegida frente a los factores externos que aceleran el envejecimiento. Una soluci\u00f3n pr\u00e1ctica y efectiva para quienes buscan mantener la salud y belleza de su rostro por m\u00e1s tiempo.<\/p>\n","protected":false},"excerpt":{"rendered":"<p>Jaysuing \u2013 Cuidado Facial Antiedad y Protector Jaysuing es una marca dedicada al cuidado de la piel facial que combina innovaci\u00f3n y efectividad en cada uno de sus productos. Si buscas mantener tu rostro protegido, hidratado y con un aspecto saludable, esta es una excelente opci\u00f3n para tu rutina diaria. Protecci\u00f3n contra el paso del [&hellip;]<\/p>\n","protected":false},"featured_media":14966,"template":"","meta":{"site-sidebar-layout":"default","site-content-layout":"","ast-site-content-layout":"default","site-content-style":"default","site-sidebar-style":"default","ast-global-header-display":"","ast-banner-title-visibility":"","ast-main-header-display":"","ast-hfb-above-header-display":"","ast-hfb-below-header-display":"","ast-hfb-mobile-header-display":"","site-post-title":"","ast-breadcrumbs-content":"","ast-featured-img":"","footer-sml-layout":"","ast-disable-related-posts":"","theme-transparent-header-meta":"default","adv-header-id-meta":"","stick-header-meta":"","header-above-stick-meta":"","header-main-stick-meta":"","header-below-stick-meta":"","astra-migrate-meta-layouts":"set","ast-page-background-enabled":"default","ast-page-background-meta":{"desktop":{"background-color":"var(--ast-global-color-4)","background-image":"","background-repeat":"repeat","background-position":"center center","background-size":"auto","background-attachment":"scroll","background-type":"","background-media":"","overlay-type":"","overlay-color":"","overlay-opacity":"","overlay-gradient":""},"tablet":{"background-color":"","background-image":"","background-repeat":"repeat","background-position":"center center","background-size":"auto","background-attachment":"scroll","background-type":"","background-media":"","overlay-type":"","overlay-color":"","overlay-opacity":"","overlay-gradient":""},"mobile":{"background-color":"","background-image":"","background-repeat":"repeat","background-position":"center center","background-size":"auto","background-attachment":"scroll","background-type":"","background-media":"","overlay-type":"","overlay-color":"","overlay-opacity":"","overlay-gradient":""}},"ast-content-background-meta":{"desktop":{"background-color":"var(--ast-global-color-5)","background-image":"","background-repeat":"repeat","background-position":"center center","background-size":"auto","background-attachment":"scroll","background-type":"","background-media":"","overlay-type":"","overlay-color":"","overlay-opacity":"","overlay-gradient":""},"tablet":{"background-color":"var(--ast-global-color-5)","background-image":"","background-repeat":"repeat","background-position":"center center","background-size":"auto","background-attachment":"scroll","background-type":"","background-media":"","overlay-type":"","overlay-color":"","overlay-opacity":"","overlay-gradient":""},"mobile":{"background-color":"var(--ast-global-color-5)","background-image":"","background-repeat":"repeat","background-position":"center center","background-size":"auto","background-attachment":"scroll","background-type":"","background-media":"","overlay-type":"","overlay-color":"","overlay-opacity":"","overlay-gradient":""}}},"product_brand":[],"product_cat":[17,464],"product_tag":[],"class_list":{"0":"post-14961","1":"product","2":"type-product","3":"status-publish","4":"has-post-thumbnail","6":"product_cat-belleza","7":"product_cat-cuidado-rostro","8":"desktop-align-left","9":"tablet-align-left","10":"mobile-align-left","12":"first","13":"instock","14":"shipping-taxable","15":"purchasable","16":"product-type-simple"},"yoast_head":"<!-- This site is optimized with the Yoast SEO plugin v27.3 - https:\/\/yoast.com\/product\/yoast-seo-wordpress\/ -->\n<title>S\u00e9rum Serum Facial Jaysuing 5 En 1 - ROSE MVD<\/title>\n<meta name=\"description\" content=\"Una soluci\u00f3n pr\u00e1ctica y efectiva para quienes buscan mantener la salud y belleza de su rostro por m\u00e1s tiempo.\" \/>\n<meta name=\"robots\" content=\"index, follow, max-snippet:-1, max-image-preview:large, max-video-preview:-1\" \/>\n<link rel=\"canonical\" href=\"https:\/\/rosemvd.com\/index.php\/producto\/serum-serum-facial-jaysuing-5-en-1\/\" \/>\n<meta property=\"og:locale\" content=\"es_ES\" \/>\n<meta property=\"og:type\" content=\"article\" \/>\n<meta property=\"og:title\" content=\"S\u00e9rum Serum Facial Jaysuing 5 En 1 - ROSE MVD\" \/>\n<meta property=\"og:description\" content=\"Una soluci\u00f3n pr\u00e1ctica y efectiva para quienes buscan mantener la salud y belleza de su rostro por m\u00e1s tiempo.\" \/>\n<meta property=\"og:url\" content=\"https:\/\/rosemvd.com\/index.php\/producto\/serum-serum-facial-jaysuing-5-en-1\/\" \/>\n<meta property=\"og:site_name\" content=\"ROSE MVD\" \/>\n<meta property=\"article:publisher\" content=\"https:\/\/www.facebook.com\/TiendaRoseMvd\" \/>\n<meta property=\"article:modified_time\" content=\"2026-04-25T13:10:50+00:00\" \/>\n<meta property=\"og:image\" content=\"https:\/\/rosemvd.com\/wp-content\/uploads\/2025\/10\/1000.webp\" \/>\n\t<meta property=\"og:image:width\" content=\"800\" \/>\n\t<meta property=\"og:image:height\" content=\"1000\" \/>\n\t<meta property=\"og:image:type\" content=\"image\/webp\" \/>\n<meta name=\"twitter:card\" content=\"summary_large_image\" \/>\n<meta name=\"twitter:label1\" content=\"Tiempo de lectura\" \/>\n\t<meta name=\"twitter:data1\" content=\"2 minutos\" \/>\n<script type=\"application\/ld+json\" class=\"yoast-schema-graph\">{\"@context\":\"https:\\\/\\\/schema.org\",\"@graph\":[{\"@type\":\"WebPage\",\"@id\":\"https:\\\/\\\/rosemvd.com\\\/index.php\\\/producto\\\/serum-serum-facial-jaysuing-5-en-1\\\/\",\"url\":\"https:\\\/\\\/rosemvd.com\\\/index.php\\\/producto\\\/serum-serum-facial-jaysuing-5-en-1\\\/\",\"name\":\"S\u00e9rum Serum Facial Jaysuing 5 En 1 - ROSE MVD\",\"isPartOf\":{\"@id\":\"https:\\\/\\\/rosemvd.com\\\/#website\"},\"primaryImageOfPage\":{\"@id\":\"https:\\\/\\\/rosemvd.com\\\/index.php\\\/producto\\\/serum-serum-facial-jaysuing-5-en-1\\\/#primaryimage\"},\"image\":{\"@id\":\"https:\\\/\\\/rosemvd.com\\\/index.php\\\/producto\\\/serum-serum-facial-jaysuing-5-en-1\\\/#primaryimage\"},\"thumbnailUrl\":\"https:\\\/\\\/rosemvd.com\\\/wp-content\\\/uploads\\\/2025\\\/10\\\/1000.webp\",\"datePublished\":\"2025-10-15T16:54:23+00:00\",\"dateModified\":\"2026-04-25T13:10:50+00:00\",\"description\":\"Una soluci\u00f3n pr\u00e1ctica y efectiva para quienes buscan mantener la salud y belleza de su rostro por m\u00e1s tiempo.\",\"breadcrumb\":{\"@id\":\"https:\\\/\\\/rosemvd.com\\\/index.php\\\/producto\\\/serum-serum-facial-jaysuing-5-en-1\\\/#breadcrumb\"},\"inLanguage\":\"es\",\"potentialAction\":[{\"@type\":\"ReadAction\",\"target\":[\"https:\\\/\\\/rosemvd.com\\\/index.php\\\/producto\\\/serum-serum-facial-jaysuing-5-en-1\\\/\"]}]},{\"@type\":\"ImageObject\",\"inLanguage\":\"es\",\"@id\":\"https:\\\/\\\/rosemvd.com\\\/index.php\\\/producto\\\/serum-serum-facial-jaysuing-5-en-1\\\/#primaryimage\",\"url\":\"https:\\\/\\\/rosemvd.com\\\/wp-content\\\/uploads\\\/2025\\\/10\\\/1000.webp\",\"contentUrl\":\"https:\\\/\\\/rosemvd.com\\\/wp-content\\\/uploads\\\/2025\\\/10\\\/1000.webp\",\"width\":800,\"height\":1000},{\"@type\":\"BreadcrumbList\",\"@id\":\"https:\\\/\\\/rosemvd.com\\\/index.php\\\/producto\\\/serum-serum-facial-jaysuing-5-en-1\\\/#breadcrumb\",\"itemListElement\":[{\"@type\":\"ListItem\",\"position\":1,\"name\":\"Portada\",\"item\":\"https:\\\/\\\/rosemvd.com\\\/\"},{\"@type\":\"ListItem\",\"position\":2,\"name\":\"Tienda\",\"item\":\"https:\\\/\\\/rosemvd.com\\\/index.php\\\/tienda\\\/\"},{\"@type\":\"ListItem\",\"position\":3,\"name\":\"S\u00e9rum Serum Facial Jaysuing 5 En 1\"}]},{\"@type\":\"WebSite\",\"@id\":\"https:\\\/\\\/rosemvd.com\\\/#website\",\"url\":\"https:\\\/\\\/rosemvd.com\\\/\",\"name\":\"ROSE MVD\",\"description\":\"Todo lo que no sab\u00edas que necesitabas, lo \u00faltimo en tendencia, utilidad e innovaci\u00f3n\",\"publisher\":{\"@id\":\"https:\\\/\\\/rosemvd.com\\\/#organization\"},\"potentialAction\":[{\"@type\":\"SearchAction\",\"target\":{\"@type\":\"EntryPoint\",\"urlTemplate\":\"https:\\\/\\\/rosemvd.com\\\/?s={search_term_string}\"},\"query-input\":{\"@type\":\"PropertyValueSpecification\",\"valueRequired\":true,\"valueName\":\"search_term_string\"}}],\"inLanguage\":\"es\"},{\"@type\":\"Organization\",\"@id\":\"https:\\\/\\\/rosemvd.com\\\/#organization\",\"name\":\"ROSE MVD\",\"alternateName\":\"ROSE MVD\",\"url\":\"https:\\\/\\\/rosemvd.com\\\/\",\"logo\":{\"@type\":\"ImageObject\",\"inLanguage\":\"es\",\"@id\":\"https:\\\/\\\/rosemvd.com\\\/#\\\/schema\\\/logo\\\/image\\\/\",\"url\":\"https:\\\/\\\/rosemvd.com\\\/wp-content\\\/uploads\\\/2023\\\/03\\\/Sin-titulo-2_Mesa-de-trabajo-1.png\",\"contentUrl\":\"https:\\\/\\\/rosemvd.com\\\/wp-content\\\/uploads\\\/2023\\\/03\\\/Sin-titulo-2_Mesa-de-trabajo-1.png\",\"width\":2084,\"height\":2084,\"caption\":\"ROSE MVD\"},\"image\":{\"@id\":\"https:\\\/\\\/rosemvd.com\\\/#\\\/schema\\\/logo\\\/image\\\/\"},\"sameAs\":[\"https:\\\/\\\/www.facebook.com\\\/TiendaRoseMvd\",\"https:\\\/\\\/www.instagram.com\\\/rose.mvd\"]}]}<\/script>\n<!-- \/ Yoast SEO plugin. -->","yoast_head_json":{"title":"S\u00e9rum Serum Facial Jaysuing 5 En 1 - ROSE MVD","description":"Una soluci\u00f3n pr\u00e1ctica y efectiva para quienes buscan mantener la salud y belleza de su rostro por m\u00e1s tiempo.","robots":{"index":"index","follow":"follow","max-snippet":"max-snippet:-1","max-image-preview":"max-image-preview:large","max-video-preview":"max-video-preview:-1"},"canonical":"https:\/\/rosemvd.com\/index.php\/producto\/serum-serum-facial-jaysuing-5-en-1\/","og_locale":"es_ES","og_type":"article","og_title":"S\u00e9rum Serum Facial Jaysuing 5 En 1 - ROSE MVD","og_description":"Una soluci\u00f3n pr\u00e1ctica y efectiva para quienes buscan mantener la salud y belleza de su rostro por m\u00e1s tiempo.","og_url":"https:\/\/rosemvd.com\/index.php\/producto\/serum-serum-facial-jaysuing-5-en-1\/","og_site_name":"ROSE MVD","article_publisher":"https:\/\/www.facebook.com\/TiendaRoseMvd","article_modified_time":"2026-04-25T13:10:50+00:00","og_image":[{"width":800,"height":1000,"url":"https:\/\/rosemvd.com\/wp-content\/uploads\/2025\/10\/1000.webp","type":"image\/webp"}],"twitter_card":"summary_large_image","twitter_misc":{"Tiempo de lectura":"2 minutos"},"schema":{"@context":"https:\/\/schema.org","@graph":[{"@type":"WebPage","@id":"https:\/\/rosemvd.com\/index.php\/producto\/serum-serum-facial-jaysuing-5-en-1\/","url":"https:\/\/rosemvd.com\/index.php\/producto\/serum-serum-facial-jaysuing-5-en-1\/","name":"S\u00e9rum Serum Facial Jaysuing 5 En 1 - ROSE MVD","isPartOf":{"@id":"https:\/\/rosemvd.com\/#website"},"primaryImageOfPage":{"@id":"https:\/\/rosemvd.com\/index.php\/producto\/serum-serum-facial-jaysuing-5-en-1\/#primaryimage"},"image":{"@id":"https:\/\/rosemvd.com\/index.php\/producto\/serum-serum-facial-jaysuing-5-en-1\/#primaryimage"},"thumbnailUrl":"https:\/\/rosemvd.com\/wp-content\/uploads\/2025\/10\/1000.webp","datePublished":"2025-10-15T16:54:23+00:00","dateModified":"2026-04-25T13:10:50+00:00","description":"Una soluci\u00f3n pr\u00e1ctica y efectiva para quienes buscan mantener la salud y belleza de su rostro por m\u00e1s tiempo.","breadcrumb":{"@id":"https:\/\/rosemvd.com\/index.php\/producto\/serum-serum-facial-jaysuing-5-en-1\/#breadcrumb"},"inLanguage":"es","potentialAction":[{"@type":"ReadAction","target":["https:\/\/rosemvd.com\/index.php\/producto\/serum-serum-facial-jaysuing-5-en-1\/"]}]},{"@type":"ImageObject","inLanguage":"es","@id":"https:\/\/rosemvd.com\/index.php\/producto\/serum-serum-facial-jaysuing-5-en-1\/#primaryimage","url":"https:\/\/rosemvd.com\/wp-content\/uploads\/2025\/10\/1000.webp","contentUrl":"https:\/\/rosemvd.com\/wp-content\/uploads\/2025\/10\/1000.webp","width":800,"height":1000},{"@type":"BreadcrumbList","@id":"https:\/\/rosemvd.com\/index.php\/producto\/serum-serum-facial-jaysuing-5-en-1\/#breadcrumb","itemListElement":[{"@type":"ListItem","position":1,"name":"Portada","item":"https:\/\/rosemvd.com\/"},{"@type":"ListItem","position":2,"name":"Tienda","item":"https:\/\/rosemvd.com\/index.php\/tienda\/"},{"@type":"ListItem","position":3,"name":"S\u00e9rum Serum Facial Jaysuing 5 En 1"}]},{"@type":"WebSite","@id":"https:\/\/rosemvd.com\/#website","url":"https:\/\/rosemvd.com\/","name":"ROSE MVD","description":"Todo lo que no sab\u00edas que necesitabas, lo \u00faltimo en tendencia, utilidad e innovaci\u00f3n","publisher":{"@id":"https:\/\/rosemvd.com\/#organization"},"potentialAction":[{"@type":"SearchAction","target":{"@type":"EntryPoint","urlTemplate":"https:\/\/rosemvd.com\/?s={search_term_string}"},"query-input":{"@type":"PropertyValueSpecification","valueRequired":true,"valueName":"search_term_string"}}],"inLanguage":"es"},{"@type":"Organization","@id":"https:\/\/rosemvd.com\/#organization","name":"ROSE MVD","alternateName":"ROSE MVD","url":"https:\/\/rosemvd.com\/","logo":{"@type":"ImageObject","inLanguage":"es","@id":"https:\/\/rosemvd.com\/#\/schema\/logo\/image\/","url":"https:\/\/rosemvd.com\/wp-content\/uploads\/2023\/03\/Sin-titulo-2_Mesa-de-trabajo-1.png","contentUrl":"https:\/\/rosemvd.com\/wp-content\/uploads\/2023\/03\/Sin-titulo-2_Mesa-de-trabajo-1.png","width":2084,"height":2084,"caption":"ROSE MVD"},"image":{"@id":"https:\/\/rosemvd.com\/#\/schema\/logo\/image\/"},"sameAs":["https:\/\/www.facebook.com\/TiendaRoseMvd","https:\/\/www.instagram.com\/rose.mvd"]}]}},"_links":{"self":[{"href":"https:\/\/rosemvd.com\/index.php\/wp-json\/wp\/v2\/product\/14961","targetHints":{"allow":["GET"]}}],"collection":[{"href":"https:\/\/rosemvd.com\/index.php\/wp-json\/wp\/v2\/product"}],"about":[{"href":"https:\/\/rosemvd.com\/index.php\/wp-json\/wp\/v2\/types\/product"}],"wp:featuredmedia":[{"embeddable":true,"href":"https:\/\/rosemvd.com\/index.php\/wp-json\/wp\/v2\/media\/14966"}],"wp:attachment":[{"href":"https:\/\/rosemvd.com\/index.php\/wp-json\/wp\/v2\/media?parent=14961"}],"wp:term":[{"taxonomy":"product_brand","embeddable":true,"href":"https:\/\/rosemvd.com\/index.php\/wp-json\/wp\/v2\/product_brand?post=14961"},{"taxonomy":"product_cat","embeddable":true,"href":"https:\/\/rosemvd.com\/index.php\/wp-json\/wp\/v2\/product_cat?post=14961"},{"taxonomy":"product_tag","embeddable":true,"href":"https:\/\/rosemvd.com\/index.php\/wp-json\/wp\/v2\/product_tag?post=14961"}],"curies":[{"name":"wp","href":"https:\/\/api.w.org\/{rel}","templated":true}]}}