{"id":14902,"date":"2025-10-10T11:54:20","date_gmt":"2025-10-10T14:54:20","guid":{"rendered":"https:\/\/rosemvd.com\/?post_type=product&#038;p=14902"},"modified":"2026-04-21T16:17:35","modified_gmt":"2026-04-21T19:17:35","slug":"rizador-de-pestanas-recargable","status":"publish","type":"product","link":"https:\/\/rosemvd.com\/index.php\/producto\/rizador-de-pestanas-recargable\/","title":{"rendered":"Rizador de Pesta\u00f1as Recargable"},"content":{"rendered":"<h5 data-start=\"89\" data-end=\"150\">Rizador de Pesta\u00f1as T\u00e9rmico Recargable \u2013 Eyelash Curler<\/h5>\n<p data-start=\"152\" data-end=\"333\">Realza tu mirada con el <strong data-start=\"176\" data-end=\"207\">Rizador de Pesta\u00f1as T\u00e9rmico<\/strong>. Su tecnolog\u00eda de calor uniforme moldea las pesta\u00f1as de manera segura, logrando un rizado <strong data-start=\"298\" data-end=\"330\">natural, duradero y sin da\u00f1o<\/strong>.<\/p>\n<p data-start=\"335\" data-end=\"369\"><strong data-start=\"335\" data-end=\"367\">Caracter\u00edsticas principales:<\/strong><\/p>\n<ul data-start=\"370\" data-end=\"813\">\n<li data-start=\"370\" data-end=\"450\">\n<p data-start=\"372\" data-end=\"450\"><strong data-start=\"372\" data-end=\"407\">Rizado profesional al instante:<\/strong> pesta\u00f1as curvas y definidas todo el d\u00eda.<\/p>\n<\/li>\n<li data-start=\"451\" data-end=\"533\">\n<p data-start=\"453\" data-end=\"533\"><strong data-start=\"453\" data-end=\"483\">Tecnolog\u00eda t\u00e9rmica segura:<\/strong> calor suave que protege y moldea sin maltratar.<\/p>\n<\/li>\n<li data-start=\"534\" data-end=\"618\">\n<p data-start=\"536\" data-end=\"618\"><strong data-start=\"536\" data-end=\"559\">Recargable por USB:<\/strong> pr\u00e1ctico, port\u00e1til y listo para usar en cualquier lugar.<\/p>\n<\/li>\n<li data-start=\"619\" data-end=\"713\">\n<p data-start=\"621\" data-end=\"713\"><strong data-start=\"621\" data-end=\"643\">Dise\u00f1o ergon\u00f3mico:<\/strong> se adapta perfectamente a la forma del ojo para un acabado preciso.<\/p>\n<\/li>\n<li data-start=\"714\" data-end=\"813\">\n<p data-start=\"716\" data-end=\"813\"><strong data-start=\"716\" data-end=\"740\">Vers\u00e1til y efectivo:<\/strong> ideal para uso diario o para resaltar tu look en ocasiones especiales.<\/p>\n<\/li>\n<\/ul>\n<p data-start=\"815\" data-end=\"985\">Con este rizador t\u00e9rmico, tus pesta\u00f1as tendr\u00e1n un acabado de sal\u00f3n en cuesti\u00f3n de segundos, resaltando tu belleza natural y aportando un toque de confianza a tu mirada.<\/p>\n","protected":false},"excerpt":{"rendered":"<p>Rizador de Pesta\u00f1as T\u00e9rmico Recargable \u2013 Eyelash Curler Realza tu mirada con el Rizador de Pesta\u00f1as T\u00e9rmico. Su tecnolog\u00eda de calor uniforme moldea las pesta\u00f1as de manera segura, logrando un rizado natural, duradero y sin da\u00f1o. Caracter\u00edsticas principales: Rizado profesional al instante: pesta\u00f1as curvas y definidas todo el d\u00eda. Tecnolog\u00eda t\u00e9rmica segura: calor suave que [&hellip;]<\/p>\n","protected":false},"featured_media":14904,"template":"","meta":{"site-sidebar-layout":"default","site-content-layout":"","ast-site-content-layout":"default","site-content-style":"default","site-sidebar-style":"default","ast-global-header-display":"","ast-banner-title-visibility":"","ast-main-header-display":"","ast-hfb-above-header-display":"","ast-hfb-below-header-display":"","ast-hfb-mobile-header-display":"","site-post-title":"","ast-breadcrumbs-content":"","ast-featured-img":"","footer-sml-layout":"","ast-disable-related-posts":"","theme-transparent-header-meta":"default","adv-header-id-meta":"","stick-header-meta":"","header-above-stick-meta":"","header-main-stick-meta":"","header-below-stick-meta":"","astra-migrate-meta-layouts":"set","ast-page-background-enabled":"default","ast-page-background-meta":{"desktop":{"background-color":"var(--ast-global-color-4)","background-image":"","background-repeat":"repeat","background-position":"center center","background-size":"auto","background-attachment":"scroll","background-type":"","background-media":"","overlay-type":"","overlay-color":"","overlay-opacity":"","overlay-gradient":""},"tablet":{"background-color":"","background-image":"","background-repeat":"repeat","background-position":"center center","background-size":"auto","background-attachment":"scroll","background-type":"","background-media":"","overlay-type":"","overlay-color":"","overlay-opacity":"","overlay-gradient":""},"mobile":{"background-color":"","background-image":"","background-repeat":"repeat","background-position":"center center","background-size":"auto","background-attachment":"scroll","background-type":"","background-media":"","overlay-type":"","overlay-color":"","overlay-opacity":"","overlay-gradient":""}},"ast-content-background-meta":{"desktop":{"background-color":"var(--ast-global-color-5)","background-image":"","background-repeat":"repeat","background-position":"center center","background-size":"auto","background-attachment":"scroll","background-type":"","background-media":"","overlay-type":"","overlay-color":"","overlay-opacity":"","overlay-gradient":""},"tablet":{"background-color":"var(--ast-global-color-5)","background-image":"","background-repeat":"repeat","background-position":"center center","background-size":"auto","background-attachment":"scroll","background-type":"","background-media":"","overlay-type":"","overlay-color":"","overlay-opacity":"","overlay-gradient":""},"mobile":{"background-color":"var(--ast-global-color-5)","background-image":"","background-repeat":"repeat","background-position":"center center","background-size":"auto","background-attachment":"scroll","background-type":"","background-media":"","overlay-type":"","overlay-color":"","overlay-opacity":"","overlay-gradient":""}}},"product_brand":[],"product_cat":[17,467],"product_tag":[],"class_list":{"0":"post-14902","1":"product","2":"type-product","3":"status-publish","4":"has-post-thumbnail","6":"product_cat-belleza","7":"product_cat-maquillaje-belleza","8":"desktop-align-left","9":"tablet-align-left","10":"mobile-align-left","12":"first","13":"instock","14":"shipping-taxable","15":"purchasable","16":"product-type-simple"},"yoast_head":"<!-- This site is optimized with the Yoast SEO plugin v27.3 - https:\/\/yoast.com\/product\/yoast-seo-wordpress\/ -->\n<title>Rizador de Pesta\u00f1as Recargable - ROSE MVD<\/title>\n<meta name=\"description\" content=\"Realza tu mirada con el Rizador de Pesta\u00f1as T\u00e9rmico. Su tecnolog\u00eda de calor uniforme moldea las pesta\u00f1as de manera segura\" \/>\n<meta name=\"robots\" content=\"index, follow, max-snippet:-1, max-image-preview:large, max-video-preview:-1\" \/>\n<link rel=\"canonical\" href=\"https:\/\/rosemvd.com\/index.php\/producto\/rizador-de-pestanas-recargable\/\" \/>\n<meta property=\"og:locale\" content=\"es_ES\" \/>\n<meta property=\"og:type\" content=\"article\" \/>\n<meta property=\"og:title\" content=\"Rizador de Pesta\u00f1as Recargable - ROSE MVD\" \/>\n<meta property=\"og:description\" content=\"Realza tu mirada con el Rizador de Pesta\u00f1as T\u00e9rmico. Su tecnolog\u00eda de calor uniforme moldea las pesta\u00f1as de manera segura\" \/>\n<meta property=\"og:url\" content=\"https:\/\/rosemvd.com\/index.php\/producto\/rizador-de-pestanas-recargable\/\" \/>\n<meta property=\"og:site_name\" content=\"ROSE MVD\" \/>\n<meta property=\"article:publisher\" content=\"https:\/\/www.facebook.com\/TiendaRoseMvd\" \/>\n<meta property=\"article:modified_time\" content=\"2026-04-21T19:17:35+00:00\" \/>\n<meta property=\"og:image\" content=\"https:\/\/rosemvd.com\/wp-content\/uploads\/2025\/10\/D_NQ_NP_2X_735237-MLU94152455060_102025-F.webp\" \/>\n\t<meta property=\"og:image:width\" content=\"1076\" \/>\n\t<meta property=\"og:image:height\" content=\"1079\" \/>\n\t<meta property=\"og:image:type\" content=\"image\/webp\" \/>\n<meta name=\"twitter:card\" content=\"summary_large_image\" \/>\n<meta name=\"twitter:label1\" content=\"Tiempo de lectura\" \/>\n\t<meta name=\"twitter:data1\" content=\"1 minuto\" \/>\n<script type=\"application\/ld+json\" class=\"yoast-schema-graph\">{\"@context\":\"https:\\\/\\\/schema.org\",\"@graph\":[{\"@type\":\"WebPage\",\"@id\":\"https:\\\/\\\/rosemvd.com\\\/index.php\\\/producto\\\/rizador-de-pestanas-recargable\\\/\",\"url\":\"https:\\\/\\\/rosemvd.com\\\/index.php\\\/producto\\\/rizador-de-pestanas-recargable\\\/\",\"name\":\"Rizador de Pesta\u00f1as Recargable - ROSE MVD\",\"isPartOf\":{\"@id\":\"https:\\\/\\\/rosemvd.com\\\/#website\"},\"primaryImageOfPage\":{\"@id\":\"https:\\\/\\\/rosemvd.com\\\/index.php\\\/producto\\\/rizador-de-pestanas-recargable\\\/#primaryimage\"},\"image\":{\"@id\":\"https:\\\/\\\/rosemvd.com\\\/index.php\\\/producto\\\/rizador-de-pestanas-recargable\\\/#primaryimage\"},\"thumbnailUrl\":\"https:\\\/\\\/rosemvd.com\\\/wp-content\\\/uploads\\\/2025\\\/10\\\/D_NQ_NP_2X_735237-MLU94152455060_102025-F.webp\",\"datePublished\":\"2025-10-10T14:54:20+00:00\",\"dateModified\":\"2026-04-21T19:17:35+00:00\",\"description\":\"Realza tu mirada con el Rizador de Pesta\u00f1as T\u00e9rmico. Su tecnolog\u00eda de calor uniforme moldea las pesta\u00f1as de manera segura\",\"breadcrumb\":{\"@id\":\"https:\\\/\\\/rosemvd.com\\\/index.php\\\/producto\\\/rizador-de-pestanas-recargable\\\/#breadcrumb\"},\"inLanguage\":\"es\",\"potentialAction\":[{\"@type\":\"ReadAction\",\"target\":[\"https:\\\/\\\/rosemvd.com\\\/index.php\\\/producto\\\/rizador-de-pestanas-recargable\\\/\"]}]},{\"@type\":\"ImageObject\",\"inLanguage\":\"es\",\"@id\":\"https:\\\/\\\/rosemvd.com\\\/index.php\\\/producto\\\/rizador-de-pestanas-recargable\\\/#primaryimage\",\"url\":\"https:\\\/\\\/rosemvd.com\\\/wp-content\\\/uploads\\\/2025\\\/10\\\/D_NQ_NP_2X_735237-MLU94152455060_102025-F.webp\",\"contentUrl\":\"https:\\\/\\\/rosemvd.com\\\/wp-content\\\/uploads\\\/2025\\\/10\\\/D_NQ_NP_2X_735237-MLU94152455060_102025-F.webp\",\"width\":1076,\"height\":1079},{\"@type\":\"BreadcrumbList\",\"@id\":\"https:\\\/\\\/rosemvd.com\\\/index.php\\\/producto\\\/rizador-de-pestanas-recargable\\\/#breadcrumb\",\"itemListElement\":[{\"@type\":\"ListItem\",\"position\":1,\"name\":\"Portada\",\"item\":\"https:\\\/\\\/rosemvd.com\\\/\"},{\"@type\":\"ListItem\",\"position\":2,\"name\":\"Tienda\",\"item\":\"https:\\\/\\\/rosemvd.com\\\/index.php\\\/tienda\\\/\"},{\"@type\":\"ListItem\",\"position\":3,\"name\":\"Rizador de Pesta\u00f1as Recargable\"}]},{\"@type\":\"WebSite\",\"@id\":\"https:\\\/\\\/rosemvd.com\\\/#website\",\"url\":\"https:\\\/\\\/rosemvd.com\\\/\",\"name\":\"ROSE MVD\",\"description\":\"Todo lo que no sab\u00edas que necesitabas, lo \u00faltimo en tendencia, utilidad e innovaci\u00f3n\",\"publisher\":{\"@id\":\"https:\\\/\\\/rosemvd.com\\\/#organization\"},\"potentialAction\":[{\"@type\":\"SearchAction\",\"target\":{\"@type\":\"EntryPoint\",\"urlTemplate\":\"https:\\\/\\\/rosemvd.com\\\/?s={search_term_string}\"},\"query-input\":{\"@type\":\"PropertyValueSpecification\",\"valueRequired\":true,\"valueName\":\"search_term_string\"}}],\"inLanguage\":\"es\"},{\"@type\":\"Organization\",\"@id\":\"https:\\\/\\\/rosemvd.com\\\/#organization\",\"name\":\"ROSE MVD\",\"alternateName\":\"ROSE MVD\",\"url\":\"https:\\\/\\\/rosemvd.com\\\/\",\"logo\":{\"@type\":\"ImageObject\",\"inLanguage\":\"es\",\"@id\":\"https:\\\/\\\/rosemvd.com\\\/#\\\/schema\\\/logo\\\/image\\\/\",\"url\":\"https:\\\/\\\/rosemvd.com\\\/wp-content\\\/uploads\\\/2023\\\/03\\\/Sin-titulo-2_Mesa-de-trabajo-1.png\",\"contentUrl\":\"https:\\\/\\\/rosemvd.com\\\/wp-content\\\/uploads\\\/2023\\\/03\\\/Sin-titulo-2_Mesa-de-trabajo-1.png\",\"width\":2084,\"height\":2084,\"caption\":\"ROSE MVD\"},\"image\":{\"@id\":\"https:\\\/\\\/rosemvd.com\\\/#\\\/schema\\\/logo\\\/image\\\/\"},\"sameAs\":[\"https:\\\/\\\/www.facebook.com\\\/TiendaRoseMvd\",\"https:\\\/\\\/www.instagram.com\\\/rose.mvd\"]}]}<\/script>\n<!-- \/ Yoast SEO plugin. -->","yoast_head_json":{"title":"Rizador de Pesta\u00f1as Recargable - ROSE MVD","description":"Realza tu mirada con el Rizador de Pesta\u00f1as T\u00e9rmico. Su tecnolog\u00eda de calor uniforme moldea las pesta\u00f1as de manera segura","robots":{"index":"index","follow":"follow","max-snippet":"max-snippet:-1","max-image-preview":"max-image-preview:large","max-video-preview":"max-video-preview:-1"},"canonical":"https:\/\/rosemvd.com\/index.php\/producto\/rizador-de-pestanas-recargable\/","og_locale":"es_ES","og_type":"article","og_title":"Rizador de Pesta\u00f1as Recargable - ROSE MVD","og_description":"Realza tu mirada con el Rizador de Pesta\u00f1as T\u00e9rmico. Su tecnolog\u00eda de calor uniforme moldea las pesta\u00f1as de manera segura","og_url":"https:\/\/rosemvd.com\/index.php\/producto\/rizador-de-pestanas-recargable\/","og_site_name":"ROSE MVD","article_publisher":"https:\/\/www.facebook.com\/TiendaRoseMvd","article_modified_time":"2026-04-21T19:17:35+00:00","og_image":[{"width":1076,"height":1079,"url":"https:\/\/rosemvd.com\/wp-content\/uploads\/2025\/10\/D_NQ_NP_2X_735237-MLU94152455060_102025-F.webp","type":"image\/webp"}],"twitter_card":"summary_large_image","twitter_misc":{"Tiempo de lectura":"1 minuto"},"schema":{"@context":"https:\/\/schema.org","@graph":[{"@type":"WebPage","@id":"https:\/\/rosemvd.com\/index.php\/producto\/rizador-de-pestanas-recargable\/","url":"https:\/\/rosemvd.com\/index.php\/producto\/rizador-de-pestanas-recargable\/","name":"Rizador de Pesta\u00f1as Recargable - ROSE MVD","isPartOf":{"@id":"https:\/\/rosemvd.com\/#website"},"primaryImageOfPage":{"@id":"https:\/\/rosemvd.com\/index.php\/producto\/rizador-de-pestanas-recargable\/#primaryimage"},"image":{"@id":"https:\/\/rosemvd.com\/index.php\/producto\/rizador-de-pestanas-recargable\/#primaryimage"},"thumbnailUrl":"https:\/\/rosemvd.com\/wp-content\/uploads\/2025\/10\/D_NQ_NP_2X_735237-MLU94152455060_102025-F.webp","datePublished":"2025-10-10T14:54:20+00:00","dateModified":"2026-04-21T19:17:35+00:00","description":"Realza tu mirada con el Rizador de Pesta\u00f1as T\u00e9rmico. Su tecnolog\u00eda de calor uniforme moldea las pesta\u00f1as de manera segura","breadcrumb":{"@id":"https:\/\/rosemvd.com\/index.php\/producto\/rizador-de-pestanas-recargable\/#breadcrumb"},"inLanguage":"es","potentialAction":[{"@type":"ReadAction","target":["https:\/\/rosemvd.com\/index.php\/producto\/rizador-de-pestanas-recargable\/"]}]},{"@type":"ImageObject","inLanguage":"es","@id":"https:\/\/rosemvd.com\/index.php\/producto\/rizador-de-pestanas-recargable\/#primaryimage","url":"https:\/\/rosemvd.com\/wp-content\/uploads\/2025\/10\/D_NQ_NP_2X_735237-MLU94152455060_102025-F.webp","contentUrl":"https:\/\/rosemvd.com\/wp-content\/uploads\/2025\/10\/D_NQ_NP_2X_735237-MLU94152455060_102025-F.webp","width":1076,"height":1079},{"@type":"BreadcrumbList","@id":"https:\/\/rosemvd.com\/index.php\/producto\/rizador-de-pestanas-recargable\/#breadcrumb","itemListElement":[{"@type":"ListItem","position":1,"name":"Portada","item":"https:\/\/rosemvd.com\/"},{"@type":"ListItem","position":2,"name":"Tienda","item":"https:\/\/rosemvd.com\/index.php\/tienda\/"},{"@type":"ListItem","position":3,"name":"Rizador de Pesta\u00f1as Recargable"}]},{"@type":"WebSite","@id":"https:\/\/rosemvd.com\/#website","url":"https:\/\/rosemvd.com\/","name":"ROSE MVD","description":"Todo lo que no sab\u00edas que necesitabas, lo \u00faltimo en tendencia, utilidad e innovaci\u00f3n","publisher":{"@id":"https:\/\/rosemvd.com\/#organization"},"potentialAction":[{"@type":"SearchAction","target":{"@type":"EntryPoint","urlTemplate":"https:\/\/rosemvd.com\/?s={search_term_string}"},"query-input":{"@type":"PropertyValueSpecification","valueRequired":true,"valueName":"search_term_string"}}],"inLanguage":"es"},{"@type":"Organization","@id":"https:\/\/rosemvd.com\/#organization","name":"ROSE MVD","alternateName":"ROSE MVD","url":"https:\/\/rosemvd.com\/","logo":{"@type":"ImageObject","inLanguage":"es","@id":"https:\/\/rosemvd.com\/#\/schema\/logo\/image\/","url":"https:\/\/rosemvd.com\/wp-content\/uploads\/2023\/03\/Sin-titulo-2_Mesa-de-trabajo-1.png","contentUrl":"https:\/\/rosemvd.com\/wp-content\/uploads\/2023\/03\/Sin-titulo-2_Mesa-de-trabajo-1.png","width":2084,"height":2084,"caption":"ROSE MVD"},"image":{"@id":"https:\/\/rosemvd.com\/#\/schema\/logo\/image\/"},"sameAs":["https:\/\/www.facebook.com\/TiendaRoseMvd","https:\/\/www.instagram.com\/rose.mvd"]}]}},"_links":{"self":[{"href":"https:\/\/rosemvd.com\/index.php\/wp-json\/wp\/v2\/product\/14902","targetHints":{"allow":["GET"]}}],"collection":[{"href":"https:\/\/rosemvd.com\/index.php\/wp-json\/wp\/v2\/product"}],"about":[{"href":"https:\/\/rosemvd.com\/index.php\/wp-json\/wp\/v2\/types\/product"}],"wp:featuredmedia":[{"embeddable":true,"href":"https:\/\/rosemvd.com\/index.php\/wp-json\/wp\/v2\/media\/14904"}],"wp:attachment":[{"href":"https:\/\/rosemvd.com\/index.php\/wp-json\/wp\/v2\/media?parent=14902"}],"wp:term":[{"taxonomy":"product_brand","embeddable":true,"href":"https:\/\/rosemvd.com\/index.php\/wp-json\/wp\/v2\/product_brand?post=14902"},{"taxonomy":"product_cat","embeddable":true,"href":"https:\/\/rosemvd.com\/index.php\/wp-json\/wp\/v2\/product_cat?post=14902"},{"taxonomy":"product_tag","embeddable":true,"href":"https:\/\/rosemvd.com\/index.php\/wp-json\/wp\/v2\/product_tag?post=14902"}],"curies":[{"name":"wp","href":"https:\/\/api.w.org\/{rel}","templated":true}]}}