{"id":14894,"date":"2025-10-10T11:48:18","date_gmt":"2025-10-10T14:48:18","guid":{"rendered":"https:\/\/rosemvd.com\/?post_type=product&#038;p=14894"},"modified":"2026-04-22T21:55:57","modified_gmt":"2026-04-23T00:55:57","slug":"fular-portabebe-semi-elastico-fresco","status":"publish","type":"product","link":"https:\/\/rosemvd.com\/index.php\/producto\/fular-portabebe-semi-elastico-fresco\/","title":{"rendered":"Fular Portabebe Semi El\u00e1stico Fresco"},"content":{"rendered":"<h5 data-start=\"89\" data-end=\"161\">Portabeb\u00e9s Tipo Camiseta Ajustable \u2013 Edad Recomendada 0 a 36 meses<\/h5>\n<p><strong>Color: Negro<\/strong><\/p>\n<p data-start=\"163\" data-end=\"345\"><strong data-start=\"163\" data-end=\"207\">Comodidad y seguridad en un solo dise\u00f1o.<\/strong> Este portabeb\u00e9s transpirable y acolchado es la opci\u00f3n ideal para mantener a tu beb\u00e9 cerca mientras disfrutas de libertad de movimiento.<\/p>\n<p data-start=\"347\" data-end=\"381\"><strong data-start=\"347\" data-end=\"379\">Caracter\u00edsticas principales:<\/strong><\/p>\n<ul data-start=\"382\" data-end=\"1043\">\n<li data-start=\"382\" data-end=\"520\">\n<p data-start=\"384\" data-end=\"520\"><strong data-start=\"384\" data-end=\"402\">F\u00e1cil de usar:<\/strong> dise\u00f1o tipo camiseta, sin nudos ni anillos. Solo col\u00f3calo por la cabeza, ajusta y mant\u00e9n a tu beb\u00e9 seguro y c\u00f3modo.<\/p>\n<\/li>\n<li data-start=\"521\" data-end=\"660\">\n<p data-start=\"523\" data-end=\"660\"><strong data-start=\"523\" data-end=\"548\">Ajuste personalizado:<\/strong> innovador sistema con hebilla a la altura de la cintura, f\u00e1cil de regular incluso mientras sostienes al beb\u00e9.<\/p>\n<\/li>\n<li data-start=\"661\" data-end=\"780\">\n<p data-start=\"663\" data-end=\"780\"><strong data-start=\"663\" data-end=\"685\">Dise\u00f1o ergon\u00f3mico:<\/strong> distribuye el peso de forma equilibrada, reduciendo la presi\u00f3n en cuello, hombros y espalda.<\/p>\n<\/li>\n<li data-start=\"781\" data-end=\"930\">\n<p data-start=\"783\" data-end=\"930\"><strong data-start=\"783\" data-end=\"806\">Seguro y confiable:<\/strong> incluye ajustador de bloqueo especial que mantiene al beb\u00e9 en su lugar, brindando tranquilidad y sensaci\u00f3n de protecci\u00f3n.<\/p>\n<\/li>\n<li data-start=\"931\" data-end=\"1043\">\n<p data-start=\"933\" data-end=\"1043\"><strong data-start=\"933\" data-end=\"957\">Vers\u00e1til y pr\u00e1ctico:<\/strong> adecuado para reci\u00e9n nacidos hasta 36 meses, ideal tanto en casa como para salidas.<\/p>\n<\/li>\n<\/ul>\n<p data-start=\"1045\" data-end=\"1196\">Con este portabeb\u00e9s, tendr\u00e1s a tu peque\u00f1o siempre cerca, disfrutando de <strong data-start=\"1117\" data-end=\"1177\">contacto piel a piel, comodidad y libertad de movimiento<\/strong> al mismo tiempo.<\/p>\n","protected":false},"excerpt":{"rendered":"<p>Portabeb\u00e9s Tipo Camiseta Ajustable \u2013 Edad Recomendada 0 a 36 meses Color: Negro Comodidad y seguridad en un solo dise\u00f1o. Este portabeb\u00e9s transpirable y acolchado es la opci\u00f3n ideal para mantener a tu beb\u00e9 cerca mientras disfrutas de libertad de movimiento. Caracter\u00edsticas principales: F\u00e1cil de usar: dise\u00f1o tipo camiseta, sin nudos ni anillos. Solo col\u00f3calo [&hellip;]<\/p>\n","protected":false},"featured_media":14901,"template":"","meta":{"site-sidebar-layout":"default","site-content-layout":"","ast-site-content-layout":"default","site-content-style":"default","site-sidebar-style":"default","ast-global-header-display":"","ast-banner-title-visibility":"","ast-main-header-display":"","ast-hfb-above-header-display":"","ast-hfb-below-header-display":"","ast-hfb-mobile-header-display":"","site-post-title":"","ast-breadcrumbs-content":"","ast-featured-img":"","footer-sml-layout":"","ast-disable-related-posts":"","theme-transparent-header-meta":"default","adv-header-id-meta":"","stick-header-meta":"","header-above-stick-meta":"","header-main-stick-meta":"","header-below-stick-meta":"","astra-migrate-meta-layouts":"set","ast-page-background-enabled":"default","ast-page-background-meta":{"desktop":{"background-color":"var(--ast-global-color-4)","background-image":"","background-repeat":"repeat","background-position":"center center","background-size":"auto","background-attachment":"scroll","background-type":"","background-media":"","overlay-type":"","overlay-color":"","overlay-opacity":"","overlay-gradient":""},"tablet":{"background-color":"","background-image":"","background-repeat":"repeat","background-position":"center center","background-size":"auto","background-attachment":"scroll","background-type":"","background-media":"","overlay-type":"","overlay-color":"","overlay-opacity":"","overlay-gradient":""},"mobile":{"background-color":"","background-image":"","background-repeat":"repeat","background-position":"center center","background-size":"auto","background-attachment":"scroll","background-type":"","background-media":"","overlay-type":"","overlay-color":"","overlay-opacity":"","overlay-gradient":""}},"ast-content-background-meta":{"desktop":{"background-color":"var(--ast-global-color-5)","background-image":"","background-repeat":"repeat","background-position":"center center","background-size":"auto","background-attachment":"scroll","background-type":"","background-media":"","overlay-type":"","overlay-color":"","overlay-opacity":"","overlay-gradient":""},"tablet":{"background-color":"var(--ast-global-color-5)","background-image":"","background-repeat":"repeat","background-position":"center center","background-size":"auto","background-attachment":"scroll","background-type":"","background-media":"","overlay-type":"","overlay-color":"","overlay-opacity":"","overlay-gradient":""},"mobile":{"background-color":"var(--ast-global-color-5)","background-image":"","background-repeat":"repeat","background-position":"center center","background-size":"auto","background-attachment":"scroll","background-type":"","background-media":"","overlay-type":"","overlay-color":"","overlay-opacity":"","overlay-gradient":""}}},"product_brand":[],"product_cat":[440,470],"product_tag":[],"class_list":{"0":"post-14894","1":"product","2":"type-product","3":"status-publish","4":"has-post-thumbnail","6":"product_cat-bebes-ninos","7":"product_cat-maternidad","8":"desktop-align-left","9":"tablet-align-left","10":"mobile-align-left","12":"first","13":"instock","14":"shipping-taxable","15":"purchasable","16":"product-type-simple"},"yoast_head":"<!-- This site is optimized with the Yoast SEO plugin v27.3 - https:\/\/yoast.com\/product\/yoast-seo-wordpress\/ -->\n<title>Fular Portabebe Semi El\u00e1stico Fresco - ROSE MVD<\/title>\n<meta name=\"description\" content=\"F\u00e1cil de usar: dise\u00f1o tipo camiseta, sin nudos ni anillos. Solo col\u00f3calo por la cabeza, ajusta y mant\u00e9n a tu beb\u00e9 seguro y c\u00f3modo.\" \/>\n<meta name=\"robots\" content=\"index, follow, max-snippet:-1, max-image-preview:large, max-video-preview:-1\" \/>\n<link rel=\"canonical\" href=\"https:\/\/rosemvd.com\/index.php\/producto\/fular-portabebe-semi-elastico-fresco\/\" \/>\n<meta property=\"og:locale\" content=\"es_ES\" \/>\n<meta property=\"og:type\" content=\"article\" \/>\n<meta property=\"og:title\" content=\"Fular Portabebe Semi El\u00e1stico Fresco - ROSE MVD\" \/>\n<meta property=\"og:description\" content=\"F\u00e1cil de usar: dise\u00f1o tipo camiseta, sin nudos ni anillos. Solo col\u00f3calo por la cabeza, ajusta y mant\u00e9n a tu beb\u00e9 seguro y c\u00f3modo.\" \/>\n<meta property=\"og:url\" content=\"https:\/\/rosemvd.com\/index.php\/producto\/fular-portabebe-semi-elastico-fresco\/\" \/>\n<meta property=\"og:site_name\" content=\"ROSE MVD\" \/>\n<meta property=\"article:publisher\" content=\"https:\/\/www.facebook.com\/TiendaRoseMvd\" \/>\n<meta property=\"article:modified_time\" content=\"2026-04-23T00:55:57+00:00\" \/>\n<meta property=\"og:image\" content=\"https:\/\/rosemvd.com\/wp-content\/uploads\/2025\/10\/1-1.jpg\" \/>\n\t<meta property=\"og:image:width\" content=\"680\" \/>\n\t<meta property=\"og:image:height\" content=\"680\" \/>\n\t<meta property=\"og:image:type\" content=\"image\/jpeg\" \/>\n<meta name=\"twitter:card\" content=\"summary_large_image\" \/>\n<meta name=\"twitter:label1\" content=\"Tiempo de lectura\" \/>\n\t<meta name=\"twitter:data1\" content=\"1 minuto\" \/>\n<script type=\"application\/ld+json\" class=\"yoast-schema-graph\">{\"@context\":\"https:\\\/\\\/schema.org\",\"@graph\":[{\"@type\":\"WebPage\",\"@id\":\"https:\\\/\\\/rosemvd.com\\\/index.php\\\/producto\\\/fular-portabebe-semi-elastico-fresco\\\/\",\"url\":\"https:\\\/\\\/rosemvd.com\\\/index.php\\\/producto\\\/fular-portabebe-semi-elastico-fresco\\\/\",\"name\":\"Fular Portabebe Semi El\u00e1stico Fresco - ROSE MVD\",\"isPartOf\":{\"@id\":\"https:\\\/\\\/rosemvd.com\\\/#website\"},\"primaryImageOfPage\":{\"@id\":\"https:\\\/\\\/rosemvd.com\\\/index.php\\\/producto\\\/fular-portabebe-semi-elastico-fresco\\\/#primaryimage\"},\"image\":{\"@id\":\"https:\\\/\\\/rosemvd.com\\\/index.php\\\/producto\\\/fular-portabebe-semi-elastico-fresco\\\/#primaryimage\"},\"thumbnailUrl\":\"https:\\\/\\\/rosemvd.com\\\/wp-content\\\/uploads\\\/2025\\\/10\\\/1-1.jpg\",\"datePublished\":\"2025-10-10T14:48:18+00:00\",\"dateModified\":\"2026-04-23T00:55:57+00:00\",\"description\":\"F\u00e1cil de usar: dise\u00f1o tipo camiseta, sin nudos ni anillos. Solo col\u00f3calo por la cabeza, ajusta y mant\u00e9n a tu beb\u00e9 seguro y c\u00f3modo.\",\"breadcrumb\":{\"@id\":\"https:\\\/\\\/rosemvd.com\\\/index.php\\\/producto\\\/fular-portabebe-semi-elastico-fresco\\\/#breadcrumb\"},\"inLanguage\":\"es\",\"potentialAction\":[{\"@type\":\"ReadAction\",\"target\":[\"https:\\\/\\\/rosemvd.com\\\/index.php\\\/producto\\\/fular-portabebe-semi-elastico-fresco\\\/\"]}]},{\"@type\":\"ImageObject\",\"inLanguage\":\"es\",\"@id\":\"https:\\\/\\\/rosemvd.com\\\/index.php\\\/producto\\\/fular-portabebe-semi-elastico-fresco\\\/#primaryimage\",\"url\":\"https:\\\/\\\/rosemvd.com\\\/wp-content\\\/uploads\\\/2025\\\/10\\\/1-1.jpg\",\"contentUrl\":\"https:\\\/\\\/rosemvd.com\\\/wp-content\\\/uploads\\\/2025\\\/10\\\/1-1.jpg\",\"width\":680,\"height\":680},{\"@type\":\"BreadcrumbList\",\"@id\":\"https:\\\/\\\/rosemvd.com\\\/index.php\\\/producto\\\/fular-portabebe-semi-elastico-fresco\\\/#breadcrumb\",\"itemListElement\":[{\"@type\":\"ListItem\",\"position\":1,\"name\":\"Portada\",\"item\":\"https:\\\/\\\/rosemvd.com\\\/\"},{\"@type\":\"ListItem\",\"position\":2,\"name\":\"Tienda\",\"item\":\"https:\\\/\\\/rosemvd.com\\\/index.php\\\/tienda\\\/\"},{\"@type\":\"ListItem\",\"position\":3,\"name\":\"Fular Portabebe Semi El\u00e1stico Fresco\"}]},{\"@type\":\"WebSite\",\"@id\":\"https:\\\/\\\/rosemvd.com\\\/#website\",\"url\":\"https:\\\/\\\/rosemvd.com\\\/\",\"name\":\"ROSE MVD\",\"description\":\"Todo lo que no sab\u00edas que necesitabas, lo \u00faltimo en tendencia, utilidad e innovaci\u00f3n\",\"publisher\":{\"@id\":\"https:\\\/\\\/rosemvd.com\\\/#organization\"},\"potentialAction\":[{\"@type\":\"SearchAction\",\"target\":{\"@type\":\"EntryPoint\",\"urlTemplate\":\"https:\\\/\\\/rosemvd.com\\\/?s={search_term_string}\"},\"query-input\":{\"@type\":\"PropertyValueSpecification\",\"valueRequired\":true,\"valueName\":\"search_term_string\"}}],\"inLanguage\":\"es\"},{\"@type\":\"Organization\",\"@id\":\"https:\\\/\\\/rosemvd.com\\\/#organization\",\"name\":\"ROSE MVD\",\"alternateName\":\"ROSE MVD\",\"url\":\"https:\\\/\\\/rosemvd.com\\\/\",\"logo\":{\"@type\":\"ImageObject\",\"inLanguage\":\"es\",\"@id\":\"https:\\\/\\\/rosemvd.com\\\/#\\\/schema\\\/logo\\\/image\\\/\",\"url\":\"https:\\\/\\\/rosemvd.com\\\/wp-content\\\/uploads\\\/2023\\\/03\\\/Sin-titulo-2_Mesa-de-trabajo-1.png\",\"contentUrl\":\"https:\\\/\\\/rosemvd.com\\\/wp-content\\\/uploads\\\/2023\\\/03\\\/Sin-titulo-2_Mesa-de-trabajo-1.png\",\"width\":2084,\"height\":2084,\"caption\":\"ROSE MVD\"},\"image\":{\"@id\":\"https:\\\/\\\/rosemvd.com\\\/#\\\/schema\\\/logo\\\/image\\\/\"},\"sameAs\":[\"https:\\\/\\\/www.facebook.com\\\/TiendaRoseMvd\",\"https:\\\/\\\/www.instagram.com\\\/rose.mvd\"]}]}<\/script>\n<!-- \/ Yoast SEO plugin. -->","yoast_head_json":{"title":"Fular Portabebe Semi El\u00e1stico Fresco - ROSE MVD","description":"F\u00e1cil de usar: dise\u00f1o tipo camiseta, sin nudos ni anillos. Solo col\u00f3calo por la cabeza, ajusta y mant\u00e9n a tu beb\u00e9 seguro y c\u00f3modo.","robots":{"index":"index","follow":"follow","max-snippet":"max-snippet:-1","max-image-preview":"max-image-preview:large","max-video-preview":"max-video-preview:-1"},"canonical":"https:\/\/rosemvd.com\/index.php\/producto\/fular-portabebe-semi-elastico-fresco\/","og_locale":"es_ES","og_type":"article","og_title":"Fular Portabebe Semi El\u00e1stico Fresco - ROSE MVD","og_description":"F\u00e1cil de usar: dise\u00f1o tipo camiseta, sin nudos ni anillos. Solo col\u00f3calo por la cabeza, ajusta y mant\u00e9n a tu beb\u00e9 seguro y c\u00f3modo.","og_url":"https:\/\/rosemvd.com\/index.php\/producto\/fular-portabebe-semi-elastico-fresco\/","og_site_name":"ROSE MVD","article_publisher":"https:\/\/www.facebook.com\/TiendaRoseMvd","article_modified_time":"2026-04-23T00:55:57+00:00","og_image":[{"width":680,"height":680,"url":"https:\/\/rosemvd.com\/wp-content\/uploads\/2025\/10\/1-1.jpg","type":"image\/jpeg"}],"twitter_card":"summary_large_image","twitter_misc":{"Tiempo de lectura":"1 minuto"},"schema":{"@context":"https:\/\/schema.org","@graph":[{"@type":"WebPage","@id":"https:\/\/rosemvd.com\/index.php\/producto\/fular-portabebe-semi-elastico-fresco\/","url":"https:\/\/rosemvd.com\/index.php\/producto\/fular-portabebe-semi-elastico-fresco\/","name":"Fular Portabebe Semi El\u00e1stico Fresco - ROSE MVD","isPartOf":{"@id":"https:\/\/rosemvd.com\/#website"},"primaryImageOfPage":{"@id":"https:\/\/rosemvd.com\/index.php\/producto\/fular-portabebe-semi-elastico-fresco\/#primaryimage"},"image":{"@id":"https:\/\/rosemvd.com\/index.php\/producto\/fular-portabebe-semi-elastico-fresco\/#primaryimage"},"thumbnailUrl":"https:\/\/rosemvd.com\/wp-content\/uploads\/2025\/10\/1-1.jpg","datePublished":"2025-10-10T14:48:18+00:00","dateModified":"2026-04-23T00:55:57+00:00","description":"F\u00e1cil de usar: dise\u00f1o tipo camiseta, sin nudos ni anillos. Solo col\u00f3calo por la cabeza, ajusta y mant\u00e9n a tu beb\u00e9 seguro y c\u00f3modo.","breadcrumb":{"@id":"https:\/\/rosemvd.com\/index.php\/producto\/fular-portabebe-semi-elastico-fresco\/#breadcrumb"},"inLanguage":"es","potentialAction":[{"@type":"ReadAction","target":["https:\/\/rosemvd.com\/index.php\/producto\/fular-portabebe-semi-elastico-fresco\/"]}]},{"@type":"ImageObject","inLanguage":"es","@id":"https:\/\/rosemvd.com\/index.php\/producto\/fular-portabebe-semi-elastico-fresco\/#primaryimage","url":"https:\/\/rosemvd.com\/wp-content\/uploads\/2025\/10\/1-1.jpg","contentUrl":"https:\/\/rosemvd.com\/wp-content\/uploads\/2025\/10\/1-1.jpg","width":680,"height":680},{"@type":"BreadcrumbList","@id":"https:\/\/rosemvd.com\/index.php\/producto\/fular-portabebe-semi-elastico-fresco\/#breadcrumb","itemListElement":[{"@type":"ListItem","position":1,"name":"Portada","item":"https:\/\/rosemvd.com\/"},{"@type":"ListItem","position":2,"name":"Tienda","item":"https:\/\/rosemvd.com\/index.php\/tienda\/"},{"@type":"ListItem","position":3,"name":"Fular Portabebe Semi El\u00e1stico Fresco"}]},{"@type":"WebSite","@id":"https:\/\/rosemvd.com\/#website","url":"https:\/\/rosemvd.com\/","name":"ROSE MVD","description":"Todo lo que no sab\u00edas que necesitabas, lo \u00faltimo en tendencia, utilidad e innovaci\u00f3n","publisher":{"@id":"https:\/\/rosemvd.com\/#organization"},"potentialAction":[{"@type":"SearchAction","target":{"@type":"EntryPoint","urlTemplate":"https:\/\/rosemvd.com\/?s={search_term_string}"},"query-input":{"@type":"PropertyValueSpecification","valueRequired":true,"valueName":"search_term_string"}}],"inLanguage":"es"},{"@type":"Organization","@id":"https:\/\/rosemvd.com\/#organization","name":"ROSE MVD","alternateName":"ROSE MVD","url":"https:\/\/rosemvd.com\/","logo":{"@type":"ImageObject","inLanguage":"es","@id":"https:\/\/rosemvd.com\/#\/schema\/logo\/image\/","url":"https:\/\/rosemvd.com\/wp-content\/uploads\/2023\/03\/Sin-titulo-2_Mesa-de-trabajo-1.png","contentUrl":"https:\/\/rosemvd.com\/wp-content\/uploads\/2023\/03\/Sin-titulo-2_Mesa-de-trabajo-1.png","width":2084,"height":2084,"caption":"ROSE MVD"},"image":{"@id":"https:\/\/rosemvd.com\/#\/schema\/logo\/image\/"},"sameAs":["https:\/\/www.facebook.com\/TiendaRoseMvd","https:\/\/www.instagram.com\/rose.mvd"]}]}},"_links":{"self":[{"href":"https:\/\/rosemvd.com\/index.php\/wp-json\/wp\/v2\/product\/14894","targetHints":{"allow":["GET"]}}],"collection":[{"href":"https:\/\/rosemvd.com\/index.php\/wp-json\/wp\/v2\/product"}],"about":[{"href":"https:\/\/rosemvd.com\/index.php\/wp-json\/wp\/v2\/types\/product"}],"wp:featuredmedia":[{"embeddable":true,"href":"https:\/\/rosemvd.com\/index.php\/wp-json\/wp\/v2\/media\/14901"}],"wp:attachment":[{"href":"https:\/\/rosemvd.com\/index.php\/wp-json\/wp\/v2\/media?parent=14894"}],"wp:term":[{"taxonomy":"product_brand","embeddable":true,"href":"https:\/\/rosemvd.com\/index.php\/wp-json\/wp\/v2\/product_brand?post=14894"},{"taxonomy":"product_cat","embeddable":true,"href":"https:\/\/rosemvd.com\/index.php\/wp-json\/wp\/v2\/product_cat?post=14894"},{"taxonomy":"product_tag","embeddable":true,"href":"https:\/\/rosemvd.com\/index.php\/wp-json\/wp\/v2\/product_tag?post=14894"}],"curies":[{"name":"wp","href":"https:\/\/api.w.org\/{rel}","templated":true}]}}