{"id":14848,"date":"2025-10-03T11:31:02","date_gmt":"2025-10-03T14:31:02","guid":{"rendered":"https:\/\/rosemvd.com\/?post_type=product&#038;p=14848"},"modified":"2026-04-22T21:55:18","modified_gmt":"2026-04-23T00:55:18","slug":"lampara-con-ruido-blanco-bebe","status":"publish","type":"product","link":"https:\/\/rosemvd.com\/index.php\/producto\/lampara-con-ruido-blanco-bebe\/","title":{"rendered":"L\u00e1mpara con Ruido Blanco Beb\u00e9"},"content":{"rendered":"<h3 data-start=\"89\" data-end=\"129\">L\u00e1mpara con Sonido de Ruido Blanco<\/h3>\n<p data-start=\"131\" data-end=\"359\">Nuestra l\u00e1mpara con m\u00e1quina de ruido blanco combina <strong data-start=\"183\" data-end=\"207\">10 sonidos naturales<\/strong> (incluido ruido blanco especial para beb\u00e9s) con una <strong data-start=\"260\" data-end=\"282\">luz nocturna suave<\/strong>, creando el ambiente perfecto para la <strong data-start=\"321\" data-end=\"356\">relajaci\u00f3n y un sue\u00f1o reparador<\/strong>.<\/p>\n<p data-start=\"361\" data-end=\"630\">Con un <strong data-start=\"368\" data-end=\"408\">dise\u00f1o compacto (11,5 \u00d7 11 \u00d7 5,5 cm)<\/strong>, <strong data-start=\"410\" data-end=\"444\">bater\u00eda recargable de 1200 mAh<\/strong> y <strong data-start=\"447\" data-end=\"463\">conexi\u00f3n USB<\/strong>, es port\u00e1til y pr\u00e1ctica para usar en casa o de viaje. Se adapta f\u00e1cilmente a cochecitos, cunas, sillas de auto y mois\u00e9s, acompa\u00f1ando a tu beb\u00e9 en cualquier momento.<\/p>\n<p data-start=\"632\" data-end=\"803\">Fabricada en <strong data-start=\"645\" data-end=\"677\">pl\u00e1stico resistente y seguro<\/strong>, ofrece una experiencia sensorial que calma, reduce el estr\u00e9s y favorece el descanso tanto de los beb\u00e9s como de los padres.<\/p>\n<p data-start=\"805\" data-end=\"839\"><strong data-start=\"805\" data-end=\"837\">Caracter\u00edsticas principales:<\/strong><\/p>\n<ul data-start=\"840\" data-end=\"1078\">\n<li data-start=\"840\" data-end=\"898\">\n<p data-start=\"842\" data-end=\"898\">10 sonidos naturales relajantes, incluido ruido blanco<\/p>\n<\/li>\n<li data-start=\"899\" data-end=\"937\">\n<p data-start=\"901\" data-end=\"937\">Luz nocturna sutil y reconfortante<\/p>\n<\/li>\n<li data-start=\"938\" data-end=\"985\">\n<p data-start=\"940\" data-end=\"985\">Port\u00e1til y ligera, ideal para casa o viajes<\/p>\n<\/li>\n<li data-start=\"986\" data-end=\"1037\">\n<p data-start=\"988\" data-end=\"1037\">Instalaci\u00f3n sencilla en cunas, cochecitos y m\u00e1s<\/p>\n<\/li>\n<li data-start=\"1038\" data-end=\"1078\">\n<p data-start=\"1040\" data-end=\"1078\">Bater\u00eda de larga duraci\u00f3n (1200 mAh)<\/p>\n<\/li>\n<\/ul>\n<p data-start=\"1080\" data-end=\"1237\">Un producto <strong data-start=\"1092\" data-end=\"1128\">vers\u00e1til, funcional y decorativo<\/strong>, dise\u00f1ado para ayudar a tu beb\u00e9 a dormir mejor, creando una rutina de descanso m\u00e1s tranquila y placentera.<\/p>\n","protected":false},"excerpt":{"rendered":"<p>L\u00e1mpara con Sonido de Ruido Blanco Nuestra l\u00e1mpara con m\u00e1quina de ruido blanco combina 10 sonidos naturales (incluido ruido blanco especial para beb\u00e9s) con una luz nocturna suave, creando el ambiente perfecto para la relajaci\u00f3n y un sue\u00f1o reparador. Con un dise\u00f1o compacto (11,5 \u00d7 11 \u00d7 5,5 cm), bater\u00eda recargable de 1200 mAh y [&hellip;]<\/p>\n","protected":false},"featured_media":14854,"template":"","meta":{"site-sidebar-layout":"default","site-content-layout":"","ast-site-content-layout":"default","site-content-style":"default","site-sidebar-style":"default","ast-global-header-display":"","ast-banner-title-visibility":"","ast-main-header-display":"","ast-hfb-above-header-display":"","ast-hfb-below-header-display":"","ast-hfb-mobile-header-display":"","site-post-title":"","ast-breadcrumbs-content":"","ast-featured-img":"","footer-sml-layout":"","ast-disable-related-posts":"","theme-transparent-header-meta":"default","adv-header-id-meta":"","stick-header-meta":"","header-above-stick-meta":"","header-main-stick-meta":"","header-below-stick-meta":"","astra-migrate-meta-layouts":"set","ast-page-background-enabled":"default","ast-page-background-meta":{"desktop":{"background-color":"var(--ast-global-color-4)","background-image":"","background-repeat":"repeat","background-position":"center center","background-size":"auto","background-attachment":"scroll","background-type":"","background-media":"","overlay-type":"","overlay-color":"","overlay-opacity":"","overlay-gradient":""},"tablet":{"background-color":"","background-image":"","background-repeat":"repeat","background-position":"center center","background-size":"auto","background-attachment":"scroll","background-type":"","background-media":"","overlay-type":"","overlay-color":"","overlay-opacity":"","overlay-gradient":""},"mobile":{"background-color":"","background-image":"","background-repeat":"repeat","background-position":"center center","background-size":"auto","background-attachment":"scroll","background-type":"","background-media":"","overlay-type":"","overlay-color":"","overlay-opacity":"","overlay-gradient":""}},"ast-content-background-meta":{"desktop":{"background-color":"var(--ast-global-color-5)","background-image":"","background-repeat":"repeat","background-position":"center center","background-size":"auto","background-attachment":"scroll","background-type":"","background-media":"","overlay-type":"","overlay-color":"","overlay-opacity":"","overlay-gradient":""},"tablet":{"background-color":"var(--ast-global-color-5)","background-image":"","background-repeat":"repeat","background-position":"center center","background-size":"auto","background-attachment":"scroll","background-type":"","background-media":"","overlay-type":"","overlay-color":"","overlay-opacity":"","overlay-gradient":""},"mobile":{"background-color":"var(--ast-global-color-5)","background-image":"","background-repeat":"repeat","background-position":"center center","background-size":"auto","background-attachment":"scroll","background-type":"","background-media":"","overlay-type":"","overlay-color":"","overlay-opacity":"","overlay-gradient":""}}},"product_brand":[],"product_cat":[469,440],"product_tag":[],"class_list":{"0":"post-14848","1":"product","2":"type-product","3":"status-publish","4":"has-post-thumbnail","6":"product_cat-bebe","7":"product_cat-bebes-ninos","8":"desktop-align-left","9":"tablet-align-left","10":"mobile-align-left","12":"first","13":"instock","14":"shipping-taxable","15":"purchasable","16":"product-type-simple"},"yoast_head":"<!-- This site is optimized with the Yoast SEO plugin v27.3 - https:\/\/yoast.com\/product\/yoast-seo-wordpress\/ -->\n<title>L\u00e1mpara con Ruido Blanco Beb\u00e9 - ROSE MVD<\/title>\n<meta name=\"description\" content=\"L\u00e1mpara con m\u00e1quina de ruido blanco combina 10 sonidos naturales (incluido ruido blanco especial para beb\u00e9s) con una luz nocturna suave\" \/>\n<meta name=\"robots\" content=\"index, follow, max-snippet:-1, max-image-preview:large, max-video-preview:-1\" \/>\n<link rel=\"canonical\" href=\"https:\/\/rosemvd.com\/index.php\/producto\/lampara-con-ruido-blanco-bebe\/\" \/>\n<meta property=\"og:locale\" content=\"es_ES\" \/>\n<meta property=\"og:type\" content=\"article\" \/>\n<meta property=\"og:title\" content=\"L\u00e1mpara con Ruido Blanco Beb\u00e9 - ROSE MVD\" \/>\n<meta property=\"og:description\" content=\"L\u00e1mpara con m\u00e1quina de ruido blanco combina 10 sonidos naturales (incluido ruido blanco especial para beb\u00e9s) con una luz nocturna suave\" \/>\n<meta property=\"og:url\" content=\"https:\/\/rosemvd.com\/index.php\/producto\/lampara-con-ruido-blanco-bebe\/\" \/>\n<meta property=\"og:site_name\" content=\"ROSE MVD\" \/>\n<meta property=\"article:publisher\" content=\"https:\/\/www.facebook.com\/TiendaRoseMvd\" \/>\n<meta property=\"article:modified_time\" content=\"2026-04-23T00:55:18+00:00\" \/>\n<meta property=\"og:image\" content=\"https:\/\/rosemvd.com\/wp-content\/uploads\/2025\/10\/D_NQ_NP_2X_639298-MCO93030003027_092025-F.webp\" \/>\n\t<meta property=\"og:image:width\" content=\"1109\" \/>\n\t<meta property=\"og:image:height\" content=\"1200\" \/>\n\t<meta property=\"og:image:type\" content=\"image\/webp\" \/>\n<meta name=\"twitter:card\" content=\"summary_large_image\" \/>\n<meta name=\"twitter:label1\" content=\"Tiempo de lectura\" \/>\n\t<meta name=\"twitter:data1\" content=\"1 minuto\" \/>\n<script type=\"application\/ld+json\" class=\"yoast-schema-graph\">{\"@context\":\"https:\\\/\\\/schema.org\",\"@graph\":[{\"@type\":\"WebPage\",\"@id\":\"https:\\\/\\\/rosemvd.com\\\/index.php\\\/producto\\\/lampara-con-ruido-blanco-bebe\\\/\",\"url\":\"https:\\\/\\\/rosemvd.com\\\/index.php\\\/producto\\\/lampara-con-ruido-blanco-bebe\\\/\",\"name\":\"L\u00e1mpara con Ruido Blanco Beb\u00e9 - ROSE MVD\",\"isPartOf\":{\"@id\":\"https:\\\/\\\/rosemvd.com\\\/#website\"},\"primaryImageOfPage\":{\"@id\":\"https:\\\/\\\/rosemvd.com\\\/index.php\\\/producto\\\/lampara-con-ruido-blanco-bebe\\\/#primaryimage\"},\"image\":{\"@id\":\"https:\\\/\\\/rosemvd.com\\\/index.php\\\/producto\\\/lampara-con-ruido-blanco-bebe\\\/#primaryimage\"},\"thumbnailUrl\":\"https:\\\/\\\/rosemvd.com\\\/wp-content\\\/uploads\\\/2025\\\/10\\\/D_NQ_NP_2X_639298-MCO93030003027_092025-F.webp\",\"datePublished\":\"2025-10-03T14:31:02+00:00\",\"dateModified\":\"2026-04-23T00:55:18+00:00\",\"description\":\"L\u00e1mpara con m\u00e1quina de ruido blanco combina 10 sonidos naturales (incluido ruido blanco especial para beb\u00e9s) con una luz nocturna suave\",\"breadcrumb\":{\"@id\":\"https:\\\/\\\/rosemvd.com\\\/index.php\\\/producto\\\/lampara-con-ruido-blanco-bebe\\\/#breadcrumb\"},\"inLanguage\":\"es\",\"potentialAction\":[{\"@type\":\"ReadAction\",\"target\":[\"https:\\\/\\\/rosemvd.com\\\/index.php\\\/producto\\\/lampara-con-ruido-blanco-bebe\\\/\"]}]},{\"@type\":\"ImageObject\",\"inLanguage\":\"es\",\"@id\":\"https:\\\/\\\/rosemvd.com\\\/index.php\\\/producto\\\/lampara-con-ruido-blanco-bebe\\\/#primaryimage\",\"url\":\"https:\\\/\\\/rosemvd.com\\\/wp-content\\\/uploads\\\/2025\\\/10\\\/D_NQ_NP_2X_639298-MCO93030003027_092025-F.webp\",\"contentUrl\":\"https:\\\/\\\/rosemvd.com\\\/wp-content\\\/uploads\\\/2025\\\/10\\\/D_NQ_NP_2X_639298-MCO93030003027_092025-F.webp\",\"width\":1109,\"height\":1200},{\"@type\":\"BreadcrumbList\",\"@id\":\"https:\\\/\\\/rosemvd.com\\\/index.php\\\/producto\\\/lampara-con-ruido-blanco-bebe\\\/#breadcrumb\",\"itemListElement\":[{\"@type\":\"ListItem\",\"position\":1,\"name\":\"Portada\",\"item\":\"https:\\\/\\\/rosemvd.com\\\/\"},{\"@type\":\"ListItem\",\"position\":2,\"name\":\"Tienda\",\"item\":\"https:\\\/\\\/rosemvd.com\\\/index.php\\\/tienda\\\/\"},{\"@type\":\"ListItem\",\"position\":3,\"name\":\"L\u00e1mpara con Ruido Blanco Beb\u00e9\"}]},{\"@type\":\"WebSite\",\"@id\":\"https:\\\/\\\/rosemvd.com\\\/#website\",\"url\":\"https:\\\/\\\/rosemvd.com\\\/\",\"name\":\"ROSE MVD\",\"description\":\"Todo lo que no sab\u00edas que necesitabas, lo \u00faltimo en tendencia, utilidad e innovaci\u00f3n\",\"publisher\":{\"@id\":\"https:\\\/\\\/rosemvd.com\\\/#organization\"},\"potentialAction\":[{\"@type\":\"SearchAction\",\"target\":{\"@type\":\"EntryPoint\",\"urlTemplate\":\"https:\\\/\\\/rosemvd.com\\\/?s={search_term_string}\"},\"query-input\":{\"@type\":\"PropertyValueSpecification\",\"valueRequired\":true,\"valueName\":\"search_term_string\"}}],\"inLanguage\":\"es\"},{\"@type\":\"Organization\",\"@id\":\"https:\\\/\\\/rosemvd.com\\\/#organization\",\"name\":\"ROSE MVD\",\"alternateName\":\"ROSE MVD\",\"url\":\"https:\\\/\\\/rosemvd.com\\\/\",\"logo\":{\"@type\":\"ImageObject\",\"inLanguage\":\"es\",\"@id\":\"https:\\\/\\\/rosemvd.com\\\/#\\\/schema\\\/logo\\\/image\\\/\",\"url\":\"https:\\\/\\\/rosemvd.com\\\/wp-content\\\/uploads\\\/2023\\\/03\\\/Sin-titulo-2_Mesa-de-trabajo-1.png\",\"contentUrl\":\"https:\\\/\\\/rosemvd.com\\\/wp-content\\\/uploads\\\/2023\\\/03\\\/Sin-titulo-2_Mesa-de-trabajo-1.png\",\"width\":2084,\"height\":2084,\"caption\":\"ROSE MVD\"},\"image\":{\"@id\":\"https:\\\/\\\/rosemvd.com\\\/#\\\/schema\\\/logo\\\/image\\\/\"},\"sameAs\":[\"https:\\\/\\\/www.facebook.com\\\/TiendaRoseMvd\",\"https:\\\/\\\/www.instagram.com\\\/rose.mvd\"]}]}<\/script>\n<!-- \/ Yoast SEO plugin. -->","yoast_head_json":{"title":"L\u00e1mpara con Ruido Blanco Beb\u00e9 - ROSE MVD","description":"L\u00e1mpara con m\u00e1quina de ruido blanco combina 10 sonidos naturales (incluido ruido blanco especial para beb\u00e9s) con una luz nocturna suave","robots":{"index":"index","follow":"follow","max-snippet":"max-snippet:-1","max-image-preview":"max-image-preview:large","max-video-preview":"max-video-preview:-1"},"canonical":"https:\/\/rosemvd.com\/index.php\/producto\/lampara-con-ruido-blanco-bebe\/","og_locale":"es_ES","og_type":"article","og_title":"L\u00e1mpara con Ruido Blanco Beb\u00e9 - ROSE MVD","og_description":"L\u00e1mpara con m\u00e1quina de ruido blanco combina 10 sonidos naturales (incluido ruido blanco especial para beb\u00e9s) con una luz nocturna suave","og_url":"https:\/\/rosemvd.com\/index.php\/producto\/lampara-con-ruido-blanco-bebe\/","og_site_name":"ROSE MVD","article_publisher":"https:\/\/www.facebook.com\/TiendaRoseMvd","article_modified_time":"2026-04-23T00:55:18+00:00","og_image":[{"width":1109,"height":1200,"url":"https:\/\/rosemvd.com\/wp-content\/uploads\/2025\/10\/D_NQ_NP_2X_639298-MCO93030003027_092025-F.webp","type":"image\/webp"}],"twitter_card":"summary_large_image","twitter_misc":{"Tiempo de lectura":"1 minuto"},"schema":{"@context":"https:\/\/schema.org","@graph":[{"@type":"WebPage","@id":"https:\/\/rosemvd.com\/index.php\/producto\/lampara-con-ruido-blanco-bebe\/","url":"https:\/\/rosemvd.com\/index.php\/producto\/lampara-con-ruido-blanco-bebe\/","name":"L\u00e1mpara con Ruido Blanco Beb\u00e9 - ROSE MVD","isPartOf":{"@id":"https:\/\/rosemvd.com\/#website"},"primaryImageOfPage":{"@id":"https:\/\/rosemvd.com\/index.php\/producto\/lampara-con-ruido-blanco-bebe\/#primaryimage"},"image":{"@id":"https:\/\/rosemvd.com\/index.php\/producto\/lampara-con-ruido-blanco-bebe\/#primaryimage"},"thumbnailUrl":"https:\/\/rosemvd.com\/wp-content\/uploads\/2025\/10\/D_NQ_NP_2X_639298-MCO93030003027_092025-F.webp","datePublished":"2025-10-03T14:31:02+00:00","dateModified":"2026-04-23T00:55:18+00:00","description":"L\u00e1mpara con m\u00e1quina de ruido blanco combina 10 sonidos naturales (incluido ruido blanco especial para beb\u00e9s) con una luz nocturna suave","breadcrumb":{"@id":"https:\/\/rosemvd.com\/index.php\/producto\/lampara-con-ruido-blanco-bebe\/#breadcrumb"},"inLanguage":"es","potentialAction":[{"@type":"ReadAction","target":["https:\/\/rosemvd.com\/index.php\/producto\/lampara-con-ruido-blanco-bebe\/"]}]},{"@type":"ImageObject","inLanguage":"es","@id":"https:\/\/rosemvd.com\/index.php\/producto\/lampara-con-ruido-blanco-bebe\/#primaryimage","url":"https:\/\/rosemvd.com\/wp-content\/uploads\/2025\/10\/D_NQ_NP_2X_639298-MCO93030003027_092025-F.webp","contentUrl":"https:\/\/rosemvd.com\/wp-content\/uploads\/2025\/10\/D_NQ_NP_2X_639298-MCO93030003027_092025-F.webp","width":1109,"height":1200},{"@type":"BreadcrumbList","@id":"https:\/\/rosemvd.com\/index.php\/producto\/lampara-con-ruido-blanco-bebe\/#breadcrumb","itemListElement":[{"@type":"ListItem","position":1,"name":"Portada","item":"https:\/\/rosemvd.com\/"},{"@type":"ListItem","position":2,"name":"Tienda","item":"https:\/\/rosemvd.com\/index.php\/tienda\/"},{"@type":"ListItem","position":3,"name":"L\u00e1mpara con Ruido Blanco Beb\u00e9"}]},{"@type":"WebSite","@id":"https:\/\/rosemvd.com\/#website","url":"https:\/\/rosemvd.com\/","name":"ROSE MVD","description":"Todo lo que no sab\u00edas que necesitabas, lo \u00faltimo en tendencia, utilidad e innovaci\u00f3n","publisher":{"@id":"https:\/\/rosemvd.com\/#organization"},"potentialAction":[{"@type":"SearchAction","target":{"@type":"EntryPoint","urlTemplate":"https:\/\/rosemvd.com\/?s={search_term_string}"},"query-input":{"@type":"PropertyValueSpecification","valueRequired":true,"valueName":"search_term_string"}}],"inLanguage":"es"},{"@type":"Organization","@id":"https:\/\/rosemvd.com\/#organization","name":"ROSE MVD","alternateName":"ROSE MVD","url":"https:\/\/rosemvd.com\/","logo":{"@type":"ImageObject","inLanguage":"es","@id":"https:\/\/rosemvd.com\/#\/schema\/logo\/image\/","url":"https:\/\/rosemvd.com\/wp-content\/uploads\/2023\/03\/Sin-titulo-2_Mesa-de-trabajo-1.png","contentUrl":"https:\/\/rosemvd.com\/wp-content\/uploads\/2023\/03\/Sin-titulo-2_Mesa-de-trabajo-1.png","width":2084,"height":2084,"caption":"ROSE MVD"},"image":{"@id":"https:\/\/rosemvd.com\/#\/schema\/logo\/image\/"},"sameAs":["https:\/\/www.facebook.com\/TiendaRoseMvd","https:\/\/www.instagram.com\/rose.mvd"]}]}},"_links":{"self":[{"href":"https:\/\/rosemvd.com\/index.php\/wp-json\/wp\/v2\/product\/14848","targetHints":{"allow":["GET"]}}],"collection":[{"href":"https:\/\/rosemvd.com\/index.php\/wp-json\/wp\/v2\/product"}],"about":[{"href":"https:\/\/rosemvd.com\/index.php\/wp-json\/wp\/v2\/types\/product"}],"wp:featuredmedia":[{"embeddable":true,"href":"https:\/\/rosemvd.com\/index.php\/wp-json\/wp\/v2\/media\/14854"}],"wp:attachment":[{"href":"https:\/\/rosemvd.com\/index.php\/wp-json\/wp\/v2\/media?parent=14848"}],"wp:term":[{"taxonomy":"product_brand","embeddable":true,"href":"https:\/\/rosemvd.com\/index.php\/wp-json\/wp\/v2\/product_brand?post=14848"},{"taxonomy":"product_cat","embeddable":true,"href":"https:\/\/rosemvd.com\/index.php\/wp-json\/wp\/v2\/product_cat?post=14848"},{"taxonomy":"product_tag","embeddable":true,"href":"https:\/\/rosemvd.com\/index.php\/wp-json\/wp\/v2\/product_tag?post=14848"}],"curies":[{"name":"wp","href":"https:\/\/api.w.org\/{rel}","templated":true}]}}