{"id":14768,"date":"2025-10-02T13:53:55","date_gmt":"2025-10-02T16:53:55","guid":{"rendered":"https:\/\/rosemvd.com\/?post_type=product&#038;p=14768"},"modified":"2026-04-20T10:43:44","modified_gmt":"2026-04-20T13:43:44","slug":"escapulario-catolico-religioso","status":"publish","type":"product","link":"https:\/\/rosemvd.com\/index.php\/producto\/escapulario-catolico-religioso\/","title":{"rendered":"Escapulario Cat\u00f3lico Religioso"},"content":{"rendered":"<h3 data-start=\"94\" data-end=\"150\">Escapulario de Tela Marr\u00f3n \u2013 Promesa de Protecci\u00f3n<\/h3>\n<p data-start=\"152\" data-end=\"382\">Escapularios tradicionales confeccionados en <strong data-start=\"197\" data-end=\"212\">tela marr\u00f3n<\/strong>, con inscripci\u00f3n en ingl\u00e9s: <em data-start=\"241\" data-end=\"311\">\u201cWhosoever dies wearing this scapular shall not suffer eternal fire\u201d<\/em> (\u201cQuien muera usando este escapulario no sufrir\u00e1 del fuego eterno\u201d).<\/p>\n<p data-start=\"384\" data-end=\"569\">Este s\u00edmbolo de fe est\u00e1 asociado con la <strong data-start=\"424\" data-end=\"462\">devoci\u00f3n al Escapulario del Carmen<\/strong>, recordando la promesa de la Virgen Mar\u00eda de protecci\u00f3n para quienes lo porten con devoci\u00f3n y confianza.<\/p>\n<p data-start=\"571\" data-end=\"593\"><strong data-start=\"571\" data-end=\"591\">Caracter\u00edsticas:<\/strong><\/p>\n<ul data-start=\"594\" data-end=\"828\">\n<li data-start=\"594\" data-end=\"644\">\n<p data-start=\"596\" data-end=\"644\">Elaborados en tela resistente de color marr\u00f3n.<\/p>\n<\/li>\n<li data-start=\"645\" data-end=\"679\">\n<p data-start=\"647\" data-end=\"679\">Inscripci\u00f3n impresa en ingl\u00e9s.<\/p>\n<\/li>\n<li data-start=\"680\" data-end=\"745\">\n<p data-start=\"682\" data-end=\"745\">Se lleva c\u00f3modamente alrededor del cuello con cord\u00f3n o cinta.<\/p>\n<\/li>\n<li data-start=\"746\" data-end=\"828\">\n<p data-start=\"748\" data-end=\"828\">Pieza de devoci\u00f3n cat\u00f3lica, ideal para uso personal o como obsequio religioso.<\/p>\n<\/li>\n<\/ul>\n<p data-start=\"830\" data-end=\"901\">Un accesorio de fe y devoci\u00f3n que acompa\u00f1a y protege en todo momento.<\/p>\n","protected":false},"excerpt":{"rendered":"<p>Escapulario de Tela Marr\u00f3n \u2013 Promesa de Protecci\u00f3n Escapularios tradicionales confeccionados en tela marr\u00f3n, con inscripci\u00f3n en ingl\u00e9s: \u201cWhosoever dies wearing this scapular shall not suffer eternal fire\u201d (\u201cQuien muera usando este escapulario no sufrir\u00e1 del fuego eterno\u201d). Este s\u00edmbolo de fe est\u00e1 asociado con la devoci\u00f3n al Escapulario del Carmen, recordando la promesa de [&hellip;]<\/p>\n","protected":false},"featured_media":14770,"template":"","meta":{"site-sidebar-layout":"default","site-content-layout":"","ast-site-content-layout":"default","site-content-style":"default","site-sidebar-style":"default","ast-global-header-display":"","ast-banner-title-visibility":"","ast-main-header-display":"","ast-hfb-above-header-display":"","ast-hfb-below-header-display":"","ast-hfb-mobile-header-display":"","site-post-title":"","ast-breadcrumbs-content":"","ast-featured-img":"","footer-sml-layout":"","ast-disable-related-posts":"","theme-transparent-header-meta":"default","adv-header-id-meta":"","stick-header-meta":"","header-above-stick-meta":"","header-main-stick-meta":"","header-below-stick-meta":"","astra-migrate-meta-layouts":"set","ast-page-background-enabled":"default","ast-page-background-meta":{"desktop":{"background-color":"var(--ast-global-color-4)","background-image":"","background-repeat":"repeat","background-position":"center center","background-size":"auto","background-attachment":"scroll","background-type":"","background-media":"","overlay-type":"","overlay-color":"","overlay-opacity":"","overlay-gradient":""},"tablet":{"background-color":"","background-image":"","background-repeat":"repeat","background-position":"center center","background-size":"auto","background-attachment":"scroll","background-type":"","background-media":"","overlay-type":"","overlay-color":"","overlay-opacity":"","overlay-gradient":""},"mobile":{"background-color":"","background-image":"","background-repeat":"repeat","background-position":"center center","background-size":"auto","background-attachment":"scroll","background-type":"","background-media":"","overlay-type":"","overlay-color":"","overlay-opacity":"","overlay-gradient":""}},"ast-content-background-meta":{"desktop":{"background-color":"var(--ast-global-color-5)","background-image":"","background-repeat":"repeat","background-position":"center center","background-size":"auto","background-attachment":"scroll","background-type":"","background-media":"","overlay-type":"","overlay-color":"","overlay-opacity":"","overlay-gradient":""},"tablet":{"background-color":"var(--ast-global-color-5)","background-image":"","background-repeat":"repeat","background-position":"center center","background-size":"auto","background-attachment":"scroll","background-type":"","background-media":"","overlay-type":"","overlay-color":"","overlay-opacity":"","overlay-gradient":""},"mobile":{"background-color":"var(--ast-global-color-5)","background-image":"","background-repeat":"repeat","background-position":"center center","background-size":"auto","background-attachment":"scroll","background-type":"","background-media":"","overlay-type":"","overlay-color":"","overlay-opacity":"","overlay-gradient":""}}},"product_brand":[],"product_cat":[184,185,445],"product_tag":[],"class_list":{"0":"post-14768","1":"product","2":"type-product","3":"status-publish","4":"has-post-thumbnail","6":"product_cat-collares","7":"product_cat-collares-collares-varios","8":"product_cat-joyeria","9":"desktop-align-left","10":"tablet-align-left","11":"mobile-align-left","13":"first","14":"instock","15":"shipping-taxable","16":"purchasable","17":"product-type-simple"},"yoast_head":"<!-- This site is optimized with the Yoast SEO plugin v27.3 - https:\/\/yoast.com\/product\/yoast-seo-wordpress\/ -->\n<title>Escapulario Cat\u00f3lico Religioso - ROSE MVD<\/title>\n<meta name=\"description\" content=\"Este s\u00edmbolo de fe est\u00e1 asociado con la devoci\u00f3n al Escapulario del Carmen, recordando la promesa de la Virgen Mar\u00eda de protecci\u00f3n para quienes lo porten\" \/>\n<meta name=\"robots\" content=\"index, follow, max-snippet:-1, max-image-preview:large, max-video-preview:-1\" \/>\n<link rel=\"canonical\" href=\"https:\/\/rosemvd.com\/index.php\/producto\/escapulario-catolico-religioso\/\" \/>\n<meta property=\"og:locale\" content=\"es_ES\" \/>\n<meta property=\"og:type\" content=\"article\" \/>\n<meta property=\"og:title\" content=\"Escapulario Cat\u00f3lico Religioso - ROSE MVD\" \/>\n<meta property=\"og:description\" content=\"Este s\u00edmbolo de fe est\u00e1 asociado con la devoci\u00f3n al Escapulario del Carmen, recordando la promesa de la Virgen Mar\u00eda de protecci\u00f3n para quienes lo porten\" \/>\n<meta property=\"og:url\" content=\"https:\/\/rosemvd.com\/index.php\/producto\/escapulario-catolico-religioso\/\" \/>\n<meta property=\"og:site_name\" content=\"ROSE MVD\" \/>\n<meta property=\"article:publisher\" content=\"https:\/\/www.facebook.com\/TiendaRoseMvd\" \/>\n<meta property=\"article:modified_time\" content=\"2026-04-20T13:43:44+00:00\" \/>\n<meta property=\"og:image\" content=\"https:\/\/rosemvd.com\/wp-content\/uploads\/2025\/10\/13697b57-7530-4ad3-bee2-5a67015563f7-1.jpg\" \/>\n\t<meta property=\"og:image:width\" content=\"800\" \/>\n\t<meta property=\"og:image:height\" content=\"800\" \/>\n\t<meta property=\"og:image:type\" content=\"image\/jpeg\" \/>\n<meta name=\"twitter:card\" content=\"summary_large_image\" \/>\n<meta name=\"twitter:label1\" content=\"Tiempo de lectura\" \/>\n\t<meta name=\"twitter:data1\" content=\"1 minuto\" \/>\n<script type=\"application\/ld+json\" class=\"yoast-schema-graph\">{\"@context\":\"https:\\\/\\\/schema.org\",\"@graph\":[{\"@type\":\"WebPage\",\"@id\":\"https:\\\/\\\/rosemvd.com\\\/index.php\\\/producto\\\/escapulario-catolico-religioso\\\/\",\"url\":\"https:\\\/\\\/rosemvd.com\\\/index.php\\\/producto\\\/escapulario-catolico-religioso\\\/\",\"name\":\"Escapulario Cat\u00f3lico Religioso - ROSE MVD\",\"isPartOf\":{\"@id\":\"https:\\\/\\\/rosemvd.com\\\/#website\"},\"primaryImageOfPage\":{\"@id\":\"https:\\\/\\\/rosemvd.com\\\/index.php\\\/producto\\\/escapulario-catolico-religioso\\\/#primaryimage\"},\"image\":{\"@id\":\"https:\\\/\\\/rosemvd.com\\\/index.php\\\/producto\\\/escapulario-catolico-religioso\\\/#primaryimage\"},\"thumbnailUrl\":\"https:\\\/\\\/rosemvd.com\\\/wp-content\\\/uploads\\\/2025\\\/10\\\/13697b57-7530-4ad3-bee2-5a67015563f7-1.jpg\",\"datePublished\":\"2025-10-02T16:53:55+00:00\",\"dateModified\":\"2026-04-20T13:43:44+00:00\",\"description\":\"Este s\u00edmbolo de fe est\u00e1 asociado con la devoci\u00f3n al Escapulario del Carmen, recordando la promesa de la Virgen Mar\u00eda de protecci\u00f3n para quienes lo porten\",\"breadcrumb\":{\"@id\":\"https:\\\/\\\/rosemvd.com\\\/index.php\\\/producto\\\/escapulario-catolico-religioso\\\/#breadcrumb\"},\"inLanguage\":\"es\",\"potentialAction\":[{\"@type\":\"ReadAction\",\"target\":[\"https:\\\/\\\/rosemvd.com\\\/index.php\\\/producto\\\/escapulario-catolico-religioso\\\/\"]}]},{\"@type\":\"ImageObject\",\"inLanguage\":\"es\",\"@id\":\"https:\\\/\\\/rosemvd.com\\\/index.php\\\/producto\\\/escapulario-catolico-religioso\\\/#primaryimage\",\"url\":\"https:\\\/\\\/rosemvd.com\\\/wp-content\\\/uploads\\\/2025\\\/10\\\/13697b57-7530-4ad3-bee2-5a67015563f7-1.jpg\",\"contentUrl\":\"https:\\\/\\\/rosemvd.com\\\/wp-content\\\/uploads\\\/2025\\\/10\\\/13697b57-7530-4ad3-bee2-5a67015563f7-1.jpg\",\"width\":800,\"height\":800},{\"@type\":\"BreadcrumbList\",\"@id\":\"https:\\\/\\\/rosemvd.com\\\/index.php\\\/producto\\\/escapulario-catolico-religioso\\\/#breadcrumb\",\"itemListElement\":[{\"@type\":\"ListItem\",\"position\":1,\"name\":\"Portada\",\"item\":\"https:\\\/\\\/rosemvd.com\\\/\"},{\"@type\":\"ListItem\",\"position\":2,\"name\":\"Tienda\",\"item\":\"https:\\\/\\\/rosemvd.com\\\/index.php\\\/tienda\\\/\"},{\"@type\":\"ListItem\",\"position\":3,\"name\":\"Escapulario Cat\u00f3lico Religioso\"}]},{\"@type\":\"WebSite\",\"@id\":\"https:\\\/\\\/rosemvd.com\\\/#website\",\"url\":\"https:\\\/\\\/rosemvd.com\\\/\",\"name\":\"ROSE MVD\",\"description\":\"Todo lo que no sab\u00edas que necesitabas, lo \u00faltimo en tendencia, utilidad e innovaci\u00f3n\",\"publisher\":{\"@id\":\"https:\\\/\\\/rosemvd.com\\\/#organization\"},\"potentialAction\":[{\"@type\":\"SearchAction\",\"target\":{\"@type\":\"EntryPoint\",\"urlTemplate\":\"https:\\\/\\\/rosemvd.com\\\/?s={search_term_string}\"},\"query-input\":{\"@type\":\"PropertyValueSpecification\",\"valueRequired\":true,\"valueName\":\"search_term_string\"}}],\"inLanguage\":\"es\"},{\"@type\":\"Organization\",\"@id\":\"https:\\\/\\\/rosemvd.com\\\/#organization\",\"name\":\"ROSE MVD\",\"alternateName\":\"ROSE MVD\",\"url\":\"https:\\\/\\\/rosemvd.com\\\/\",\"logo\":{\"@type\":\"ImageObject\",\"inLanguage\":\"es\",\"@id\":\"https:\\\/\\\/rosemvd.com\\\/#\\\/schema\\\/logo\\\/image\\\/\",\"url\":\"https:\\\/\\\/rosemvd.com\\\/wp-content\\\/uploads\\\/2023\\\/03\\\/Sin-titulo-2_Mesa-de-trabajo-1.png\",\"contentUrl\":\"https:\\\/\\\/rosemvd.com\\\/wp-content\\\/uploads\\\/2023\\\/03\\\/Sin-titulo-2_Mesa-de-trabajo-1.png\",\"width\":2084,\"height\":2084,\"caption\":\"ROSE MVD\"},\"image\":{\"@id\":\"https:\\\/\\\/rosemvd.com\\\/#\\\/schema\\\/logo\\\/image\\\/\"},\"sameAs\":[\"https:\\\/\\\/www.facebook.com\\\/TiendaRoseMvd\",\"https:\\\/\\\/www.instagram.com\\\/rose.mvd\"]}]}<\/script>\n<!-- \/ Yoast SEO plugin. -->","yoast_head_json":{"title":"Escapulario Cat\u00f3lico Religioso - ROSE MVD","description":"Este s\u00edmbolo de fe est\u00e1 asociado con la devoci\u00f3n al Escapulario del Carmen, recordando la promesa de la Virgen Mar\u00eda de protecci\u00f3n para quienes lo porten","robots":{"index":"index","follow":"follow","max-snippet":"max-snippet:-1","max-image-preview":"max-image-preview:large","max-video-preview":"max-video-preview:-1"},"canonical":"https:\/\/rosemvd.com\/index.php\/producto\/escapulario-catolico-religioso\/","og_locale":"es_ES","og_type":"article","og_title":"Escapulario Cat\u00f3lico Religioso - ROSE MVD","og_description":"Este s\u00edmbolo de fe est\u00e1 asociado con la devoci\u00f3n al Escapulario del Carmen, recordando la promesa de la Virgen Mar\u00eda de protecci\u00f3n para quienes lo porten","og_url":"https:\/\/rosemvd.com\/index.php\/producto\/escapulario-catolico-religioso\/","og_site_name":"ROSE MVD","article_publisher":"https:\/\/www.facebook.com\/TiendaRoseMvd","article_modified_time":"2026-04-20T13:43:44+00:00","og_image":[{"width":800,"height":800,"url":"https:\/\/rosemvd.com\/wp-content\/uploads\/2025\/10\/13697b57-7530-4ad3-bee2-5a67015563f7-1.jpg","type":"image\/jpeg"}],"twitter_card":"summary_large_image","twitter_misc":{"Tiempo de lectura":"1 minuto"},"schema":{"@context":"https:\/\/schema.org","@graph":[{"@type":"WebPage","@id":"https:\/\/rosemvd.com\/index.php\/producto\/escapulario-catolico-religioso\/","url":"https:\/\/rosemvd.com\/index.php\/producto\/escapulario-catolico-religioso\/","name":"Escapulario Cat\u00f3lico Religioso - ROSE MVD","isPartOf":{"@id":"https:\/\/rosemvd.com\/#website"},"primaryImageOfPage":{"@id":"https:\/\/rosemvd.com\/index.php\/producto\/escapulario-catolico-religioso\/#primaryimage"},"image":{"@id":"https:\/\/rosemvd.com\/index.php\/producto\/escapulario-catolico-religioso\/#primaryimage"},"thumbnailUrl":"https:\/\/rosemvd.com\/wp-content\/uploads\/2025\/10\/13697b57-7530-4ad3-bee2-5a67015563f7-1.jpg","datePublished":"2025-10-02T16:53:55+00:00","dateModified":"2026-04-20T13:43:44+00:00","description":"Este s\u00edmbolo de fe est\u00e1 asociado con la devoci\u00f3n al Escapulario del Carmen, recordando la promesa de la Virgen Mar\u00eda de protecci\u00f3n para quienes lo porten","breadcrumb":{"@id":"https:\/\/rosemvd.com\/index.php\/producto\/escapulario-catolico-religioso\/#breadcrumb"},"inLanguage":"es","potentialAction":[{"@type":"ReadAction","target":["https:\/\/rosemvd.com\/index.php\/producto\/escapulario-catolico-religioso\/"]}]},{"@type":"ImageObject","inLanguage":"es","@id":"https:\/\/rosemvd.com\/index.php\/producto\/escapulario-catolico-religioso\/#primaryimage","url":"https:\/\/rosemvd.com\/wp-content\/uploads\/2025\/10\/13697b57-7530-4ad3-bee2-5a67015563f7-1.jpg","contentUrl":"https:\/\/rosemvd.com\/wp-content\/uploads\/2025\/10\/13697b57-7530-4ad3-bee2-5a67015563f7-1.jpg","width":800,"height":800},{"@type":"BreadcrumbList","@id":"https:\/\/rosemvd.com\/index.php\/producto\/escapulario-catolico-religioso\/#breadcrumb","itemListElement":[{"@type":"ListItem","position":1,"name":"Portada","item":"https:\/\/rosemvd.com\/"},{"@type":"ListItem","position":2,"name":"Tienda","item":"https:\/\/rosemvd.com\/index.php\/tienda\/"},{"@type":"ListItem","position":3,"name":"Escapulario Cat\u00f3lico Religioso"}]},{"@type":"WebSite","@id":"https:\/\/rosemvd.com\/#website","url":"https:\/\/rosemvd.com\/","name":"ROSE MVD","description":"Todo lo que no sab\u00edas que necesitabas, lo \u00faltimo en tendencia, utilidad e innovaci\u00f3n","publisher":{"@id":"https:\/\/rosemvd.com\/#organization"},"potentialAction":[{"@type":"SearchAction","target":{"@type":"EntryPoint","urlTemplate":"https:\/\/rosemvd.com\/?s={search_term_string}"},"query-input":{"@type":"PropertyValueSpecification","valueRequired":true,"valueName":"search_term_string"}}],"inLanguage":"es"},{"@type":"Organization","@id":"https:\/\/rosemvd.com\/#organization","name":"ROSE MVD","alternateName":"ROSE MVD","url":"https:\/\/rosemvd.com\/","logo":{"@type":"ImageObject","inLanguage":"es","@id":"https:\/\/rosemvd.com\/#\/schema\/logo\/image\/","url":"https:\/\/rosemvd.com\/wp-content\/uploads\/2023\/03\/Sin-titulo-2_Mesa-de-trabajo-1.png","contentUrl":"https:\/\/rosemvd.com\/wp-content\/uploads\/2023\/03\/Sin-titulo-2_Mesa-de-trabajo-1.png","width":2084,"height":2084,"caption":"ROSE MVD"},"image":{"@id":"https:\/\/rosemvd.com\/#\/schema\/logo\/image\/"},"sameAs":["https:\/\/www.facebook.com\/TiendaRoseMvd","https:\/\/www.instagram.com\/rose.mvd"]}]}},"_links":{"self":[{"href":"https:\/\/rosemvd.com\/index.php\/wp-json\/wp\/v2\/product\/14768","targetHints":{"allow":["GET"]}}],"collection":[{"href":"https:\/\/rosemvd.com\/index.php\/wp-json\/wp\/v2\/product"}],"about":[{"href":"https:\/\/rosemvd.com\/index.php\/wp-json\/wp\/v2\/types\/product"}],"wp:featuredmedia":[{"embeddable":true,"href":"https:\/\/rosemvd.com\/index.php\/wp-json\/wp\/v2\/media\/14770"}],"wp:attachment":[{"href":"https:\/\/rosemvd.com\/index.php\/wp-json\/wp\/v2\/media?parent=14768"}],"wp:term":[{"taxonomy":"product_brand","embeddable":true,"href":"https:\/\/rosemvd.com\/index.php\/wp-json\/wp\/v2\/product_brand?post=14768"},{"taxonomy":"product_cat","embeddable":true,"href":"https:\/\/rosemvd.com\/index.php\/wp-json\/wp\/v2\/product_cat?post=14768"},{"taxonomy":"product_tag","embeddable":true,"href":"https:\/\/rosemvd.com\/index.php\/wp-json\/wp\/v2\/product_tag?post=14768"}],"curies":[{"name":"wp","href":"https:\/\/api.w.org\/{rel}","templated":true}]}}