{"id":14559,"date":"2025-09-22T11:49:55","date_gmt":"2025-09-22T14:49:55","guid":{"rendered":"https:\/\/rosemvd.com\/?post_type=product&#038;p=14559"},"modified":"2026-04-21T21:59:35","modified_gmt":"2026-04-22T00:59:35","slug":"cepillo-dental-3-lados-limpieza-360","status":"publish","type":"product","link":"https:\/\/rosemvd.com\/index.php\/producto\/cepillo-dental-3-lados-limpieza-360\/","title":{"rendered":"Cepillo Dental 3 Lados Limpieza 360\u00b0"},"content":{"rendered":"<p data-start=\"59\" data-end=\"113\"><strong data-start=\"59\" data-end=\"111\">Cepillo de Dientes de Tres Caras \u2013 Limpieza 360\u00b0<\/strong><\/p>\n<p data-start=\"115\" data-end=\"268\">Mant\u00e9n tu salud bucal en \u00f3ptimas condiciones con nuestro cepillo de dise\u00f1o innovador, que garantiza una limpieza profunda y completa en cada cepillado.<\/p>\n<p data-start=\"270\" data-end=\"304\"><strong data-start=\"270\" data-end=\"302\">Caracter\u00edsticas principales:<\/strong><\/p>\n<ul data-start=\"305\" data-end=\"839\">\n<li data-start=\"305\" data-end=\"458\">\n<p data-start=\"307\" data-end=\"458\"><strong data-start=\"307\" data-end=\"325\">Limpieza 360\u00b0:<\/strong> Su dise\u00f1o de tres caras rodea cada diente, eliminando placa y restos de comida de manera m\u00e1s eficiente que un cepillo tradicional.<\/p>\n<\/li>\n<li data-start=\"459\" data-end=\"547\">\n<p data-start=\"461\" data-end=\"547\"><strong data-start=\"461\" data-end=\"489\">Cerdas suaves y seguras:<\/strong> Protegen tus enc\u00edas, evitando irritaciones o sangrados.<\/p>\n<\/li>\n<li data-start=\"548\" data-end=\"660\">\n<p data-start=\"550\" data-end=\"660\"><strong data-start=\"550\" data-end=\"581\">Ergon\u00f3mico y f\u00e1cil de usar:<\/strong> C\u00f3modo de sostener y manejar, ideal para adultos y ni\u00f1os a partir de 3 a\u00f1os.<\/p>\n<\/li>\n<li data-start=\"661\" data-end=\"785\">\n<p data-start=\"663\" data-end=\"785\"><strong data-start=\"663\" data-end=\"689\">Duradero y resistente:<\/strong> Fabricado con materiales de alta calidad que mantienen su forma y efectividad por m\u00e1s tiempo.<\/p>\n<\/li>\n<li data-start=\"786\" data-end=\"839\">\n<p data-start=\"788\" data-end=\"839\"><strong data-start=\"788\" data-end=\"812\">Variedad de colores:<\/strong> Marr\u00f3n, verde y violeta.<\/p>\n<\/li>\n<\/ul>\n<p data-start=\"841\" data-end=\"921\"><strong data-start=\"841\" data-end=\"866\">Recomendaci\u00f3n de uso:<\/strong> Por tu salud, reemplaza tu cepillo cada 2 a 3 meses.<\/p>\n","protected":false},"excerpt":{"rendered":"<p>Cepillo de Dientes de Tres Caras \u2013 Limpieza 360\u00b0 Mant\u00e9n tu salud bucal en \u00f3ptimas condiciones con nuestro cepillo de dise\u00f1o innovador, que garantiza una limpieza profunda y completa en cada cepillado. Caracter\u00edsticas principales: Limpieza 360\u00b0: Su dise\u00f1o de tres caras rodea cada diente, eliminando placa y restos de comida de manera m\u00e1s eficiente que [&hellip;]<\/p>\n","protected":false},"featured_media":14551,"template":"","meta":{"site-sidebar-layout":"default","site-content-layout":"","ast-site-content-layout":"default","site-content-style":"default","site-sidebar-style":"default","ast-global-header-display":"","ast-banner-title-visibility":"","ast-main-header-display":"","ast-hfb-above-header-display":"","ast-hfb-below-header-display":"","ast-hfb-mobile-header-display":"","site-post-title":"","ast-breadcrumbs-content":"","ast-featured-img":"","footer-sml-layout":"","ast-disable-related-posts":"","theme-transparent-header-meta":"default","adv-header-id-meta":"","stick-header-meta":"","header-above-stick-meta":"","header-main-stick-meta":"","header-below-stick-meta":"","astra-migrate-meta-layouts":"set","ast-page-background-enabled":"default","ast-page-background-meta":{"desktop":{"background-color":"var(--ast-global-color-4)","background-image":"","background-repeat":"repeat","background-position":"center center","background-size":"auto","background-attachment":"scroll","background-type":"","background-media":"","overlay-type":"","overlay-color":"","overlay-opacity":"","overlay-gradient":""},"tablet":{"background-color":"","background-image":"","background-repeat":"repeat","background-position":"center center","background-size":"auto","background-attachment":"scroll","background-type":"","background-media":"","overlay-type":"","overlay-color":"","overlay-opacity":"","overlay-gradient":""},"mobile":{"background-color":"","background-image":"","background-repeat":"repeat","background-position":"center center","background-size":"auto","background-attachment":"scroll","background-type":"","background-media":"","overlay-type":"","overlay-color":"","overlay-opacity":"","overlay-gradient":""}},"ast-content-background-meta":{"desktop":{"background-color":"var(--ast-global-color-5)","background-image":"","background-repeat":"repeat","background-position":"center center","background-size":"auto","background-attachment":"scroll","background-type":"","background-media":"","overlay-type":"","overlay-color":"","overlay-opacity":"","overlay-gradient":""},"tablet":{"background-color":"var(--ast-global-color-5)","background-image":"","background-repeat":"repeat","background-position":"center center","background-size":"auto","background-attachment":"scroll","background-type":"","background-media":"","overlay-type":"","overlay-color":"","overlay-opacity":"","overlay-gradient":""},"mobile":{"background-color":"var(--ast-global-color-5)","background-image":"","background-repeat":"repeat","background-position":"center center","background-size":"auto","background-attachment":"scroll","background-type":"","background-media":"","overlay-type":"","overlay-color":"","overlay-opacity":"","overlay-gradient":""}}},"product_brand":[],"product_cat":[447,455,368],"product_tag":[],"class_list":{"0":"post-14559","1":"product","2":"type-product","3":"status-publish","4":"has-post-thumbnail","6":"product_cat-bienestar","7":"product_cat-higiene","8":"product_cat-otros","9":"desktop-align-left","10":"tablet-align-left","11":"mobile-align-left","13":"first","14":"instock","15":"shipping-taxable","16":"purchasable","17":"product-type-variable"},"yoast_head":"<!-- This site is optimized with the Yoast SEO plugin v27.3 - https:\/\/yoast.com\/product\/yoast-seo-wordpress\/ -->\n<title>Cepillo Dental 3 Lados Limpieza 360\u00b0 - ROSE MVD<\/title>\n<meta name=\"description\" content=\"Cepillo de dise\u00f1o innovador, que garantiza una limpieza profunda y completa en cada cepillado, dise\u00f1o de tres caras rodea cada diente.\" \/>\n<meta name=\"robots\" content=\"index, follow, max-snippet:-1, max-image-preview:large, max-video-preview:-1\" \/>\n<link rel=\"canonical\" href=\"https:\/\/rosemvd.com\/index.php\/producto\/cepillo-dental-3-lados-limpieza-360\/\" \/>\n<meta property=\"og:locale\" content=\"es_ES\" \/>\n<meta property=\"og:type\" content=\"article\" \/>\n<meta property=\"og:title\" content=\"Cepillo Dental 3 Lados Limpieza 360\u00b0 - ROSE MVD\" \/>\n<meta property=\"og:description\" content=\"Cepillo de dise\u00f1o innovador, que garantiza una limpieza profunda y completa en cada cepillado, dise\u00f1o de tres caras rodea cada diente.\" \/>\n<meta property=\"og:url\" content=\"https:\/\/rosemvd.com\/index.php\/producto\/cepillo-dental-3-lados-limpieza-360\/\" \/>\n<meta property=\"og:site_name\" content=\"ROSE MVD\" \/>\n<meta property=\"article:publisher\" content=\"https:\/\/www.facebook.com\/TiendaRoseMvd\" \/>\n<meta property=\"article:modified_time\" content=\"2026-04-22T00:59:35+00:00\" \/>\n<meta property=\"og:image\" content=\"https:\/\/rosemvd.com\/wp-content\/uploads\/2025\/09\/D_NQ_NP_2X_911086-MLM88107477814_072025-F.webp\" \/>\n\t<meta property=\"og:image:width\" content=\"1000\" \/>\n\t<meta property=\"og:image:height\" content=\"1000\" \/>\n\t<meta property=\"og:image:type\" content=\"image\/webp\" \/>\n<meta name=\"twitter:card\" content=\"summary_large_image\" \/>\n<meta name=\"twitter:label1\" content=\"Tiempo de lectura\" \/>\n\t<meta name=\"twitter:data1\" content=\"1 minuto\" \/>\n<script type=\"application\/ld+json\" class=\"yoast-schema-graph\">{\"@context\":\"https:\\\/\\\/schema.org\",\"@graph\":[{\"@type\":\"WebPage\",\"@id\":\"https:\\\/\\\/rosemvd.com\\\/index.php\\\/producto\\\/cepillo-dental-3-lados-limpieza-360\\\/\",\"url\":\"https:\\\/\\\/rosemvd.com\\\/index.php\\\/producto\\\/cepillo-dental-3-lados-limpieza-360\\\/\",\"name\":\"Cepillo Dental 3 Lados Limpieza 360\u00b0 - ROSE MVD\",\"isPartOf\":{\"@id\":\"https:\\\/\\\/rosemvd.com\\\/#website\"},\"primaryImageOfPage\":{\"@id\":\"https:\\\/\\\/rosemvd.com\\\/index.php\\\/producto\\\/cepillo-dental-3-lados-limpieza-360\\\/#primaryimage\"},\"image\":{\"@id\":\"https:\\\/\\\/rosemvd.com\\\/index.php\\\/producto\\\/cepillo-dental-3-lados-limpieza-360\\\/#primaryimage\"},\"thumbnailUrl\":\"https:\\\/\\\/rosemvd.com\\\/wp-content\\\/uploads\\\/2025\\\/09\\\/D_NQ_NP_2X_911086-MLM88107477814_072025-F.webp\",\"datePublished\":\"2025-09-22T14:49:55+00:00\",\"dateModified\":\"2026-04-22T00:59:35+00:00\",\"description\":\"Cepillo de dise\u00f1o innovador, que garantiza una limpieza profunda y completa en cada cepillado, dise\u00f1o de tres caras rodea cada diente.\",\"breadcrumb\":{\"@id\":\"https:\\\/\\\/rosemvd.com\\\/index.php\\\/producto\\\/cepillo-dental-3-lados-limpieza-360\\\/#breadcrumb\"},\"inLanguage\":\"es\",\"potentialAction\":[{\"@type\":\"ReadAction\",\"target\":[\"https:\\\/\\\/rosemvd.com\\\/index.php\\\/producto\\\/cepillo-dental-3-lados-limpieza-360\\\/\"]}]},{\"@type\":\"ImageObject\",\"inLanguage\":\"es\",\"@id\":\"https:\\\/\\\/rosemvd.com\\\/index.php\\\/producto\\\/cepillo-dental-3-lados-limpieza-360\\\/#primaryimage\",\"url\":\"https:\\\/\\\/rosemvd.com\\\/wp-content\\\/uploads\\\/2025\\\/09\\\/D_NQ_NP_2X_911086-MLM88107477814_072025-F.webp\",\"contentUrl\":\"https:\\\/\\\/rosemvd.com\\\/wp-content\\\/uploads\\\/2025\\\/09\\\/D_NQ_NP_2X_911086-MLM88107477814_072025-F.webp\",\"width\":1000,\"height\":1000},{\"@type\":\"BreadcrumbList\",\"@id\":\"https:\\\/\\\/rosemvd.com\\\/index.php\\\/producto\\\/cepillo-dental-3-lados-limpieza-360\\\/#breadcrumb\",\"itemListElement\":[{\"@type\":\"ListItem\",\"position\":1,\"name\":\"Portada\",\"item\":\"https:\\\/\\\/rosemvd.com\\\/\"},{\"@type\":\"ListItem\",\"position\":2,\"name\":\"Tienda\",\"item\":\"https:\\\/\\\/rosemvd.com\\\/index.php\\\/tienda\\\/\"},{\"@type\":\"ListItem\",\"position\":3,\"name\":\"Cepillo Dental 3 Lados Limpieza 360\u00b0\"}]},{\"@type\":\"WebSite\",\"@id\":\"https:\\\/\\\/rosemvd.com\\\/#website\",\"url\":\"https:\\\/\\\/rosemvd.com\\\/\",\"name\":\"ROSE MVD\",\"description\":\"Todo lo que buscas lo pod\u00e9s encontrar en rose mvd, especializados en traer todas las cosas nuevas en tendencia y accesorios diferentes y \u00fanicos.\",\"publisher\":{\"@id\":\"https:\\\/\\\/rosemvd.com\\\/#organization\"},\"potentialAction\":[{\"@type\":\"SearchAction\",\"target\":{\"@type\":\"EntryPoint\",\"urlTemplate\":\"https:\\\/\\\/rosemvd.com\\\/?s={search_term_string}\"},\"query-input\":{\"@type\":\"PropertyValueSpecification\",\"valueRequired\":true,\"valueName\":\"search_term_string\"}}],\"inLanguage\":\"es\"},{\"@type\":\"Organization\",\"@id\":\"https:\\\/\\\/rosemvd.com\\\/#organization\",\"name\":\"ROSE MVD\",\"alternateName\":\"ROSE MVD\",\"url\":\"https:\\\/\\\/rosemvd.com\\\/\",\"logo\":{\"@type\":\"ImageObject\",\"inLanguage\":\"es\",\"@id\":\"https:\\\/\\\/rosemvd.com\\\/#\\\/schema\\\/logo\\\/image\\\/\",\"url\":\"https:\\\/\\\/rosemvd.com\\\/wp-content\\\/uploads\\\/2023\\\/03\\\/Sin-titulo-2_Mesa-de-trabajo-1.png\",\"contentUrl\":\"https:\\\/\\\/rosemvd.com\\\/wp-content\\\/uploads\\\/2023\\\/03\\\/Sin-titulo-2_Mesa-de-trabajo-1.png\",\"width\":2084,\"height\":2084,\"caption\":\"ROSE MVD\"},\"image\":{\"@id\":\"https:\\\/\\\/rosemvd.com\\\/#\\\/schema\\\/logo\\\/image\\\/\"},\"sameAs\":[\"https:\\\/\\\/www.facebook.com\\\/TiendaRoseMvd\",\"https:\\\/\\\/www.instagram.com\\\/rose.mvd\"]}]}<\/script>\n<!-- \/ Yoast SEO plugin. -->","yoast_head_json":{"title":"Cepillo Dental 3 Lados Limpieza 360\u00b0 - ROSE MVD","description":"Cepillo de dise\u00f1o innovador, que garantiza una limpieza profunda y completa en cada cepillado, dise\u00f1o de tres caras rodea cada diente.","robots":{"index":"index","follow":"follow","max-snippet":"max-snippet:-1","max-image-preview":"max-image-preview:large","max-video-preview":"max-video-preview:-1"},"canonical":"https:\/\/rosemvd.com\/index.php\/producto\/cepillo-dental-3-lados-limpieza-360\/","og_locale":"es_ES","og_type":"article","og_title":"Cepillo Dental 3 Lados Limpieza 360\u00b0 - ROSE MVD","og_description":"Cepillo de dise\u00f1o innovador, que garantiza una limpieza profunda y completa en cada cepillado, dise\u00f1o de tres caras rodea cada diente.","og_url":"https:\/\/rosemvd.com\/index.php\/producto\/cepillo-dental-3-lados-limpieza-360\/","og_site_name":"ROSE MVD","article_publisher":"https:\/\/www.facebook.com\/TiendaRoseMvd","article_modified_time":"2026-04-22T00:59:35+00:00","og_image":[{"width":1000,"height":1000,"url":"https:\/\/rosemvd.com\/wp-content\/uploads\/2025\/09\/D_NQ_NP_2X_911086-MLM88107477814_072025-F.webp","type":"image\/webp"}],"twitter_card":"summary_large_image","twitter_misc":{"Tiempo de lectura":"1 minuto"},"schema":{"@context":"https:\/\/schema.org","@graph":[{"@type":"WebPage","@id":"https:\/\/rosemvd.com\/index.php\/producto\/cepillo-dental-3-lados-limpieza-360\/","url":"https:\/\/rosemvd.com\/index.php\/producto\/cepillo-dental-3-lados-limpieza-360\/","name":"Cepillo Dental 3 Lados Limpieza 360\u00b0 - ROSE MVD","isPartOf":{"@id":"https:\/\/rosemvd.com\/#website"},"primaryImageOfPage":{"@id":"https:\/\/rosemvd.com\/index.php\/producto\/cepillo-dental-3-lados-limpieza-360\/#primaryimage"},"image":{"@id":"https:\/\/rosemvd.com\/index.php\/producto\/cepillo-dental-3-lados-limpieza-360\/#primaryimage"},"thumbnailUrl":"https:\/\/rosemvd.com\/wp-content\/uploads\/2025\/09\/D_NQ_NP_2X_911086-MLM88107477814_072025-F.webp","datePublished":"2025-09-22T14:49:55+00:00","dateModified":"2026-04-22T00:59:35+00:00","description":"Cepillo de dise\u00f1o innovador, que garantiza una limpieza profunda y completa en cada cepillado, dise\u00f1o de tres caras rodea cada diente.","breadcrumb":{"@id":"https:\/\/rosemvd.com\/index.php\/producto\/cepillo-dental-3-lados-limpieza-360\/#breadcrumb"},"inLanguage":"es","potentialAction":[{"@type":"ReadAction","target":["https:\/\/rosemvd.com\/index.php\/producto\/cepillo-dental-3-lados-limpieza-360\/"]}]},{"@type":"ImageObject","inLanguage":"es","@id":"https:\/\/rosemvd.com\/index.php\/producto\/cepillo-dental-3-lados-limpieza-360\/#primaryimage","url":"https:\/\/rosemvd.com\/wp-content\/uploads\/2025\/09\/D_NQ_NP_2X_911086-MLM88107477814_072025-F.webp","contentUrl":"https:\/\/rosemvd.com\/wp-content\/uploads\/2025\/09\/D_NQ_NP_2X_911086-MLM88107477814_072025-F.webp","width":1000,"height":1000},{"@type":"BreadcrumbList","@id":"https:\/\/rosemvd.com\/index.php\/producto\/cepillo-dental-3-lados-limpieza-360\/#breadcrumb","itemListElement":[{"@type":"ListItem","position":1,"name":"Portada","item":"https:\/\/rosemvd.com\/"},{"@type":"ListItem","position":2,"name":"Tienda","item":"https:\/\/rosemvd.com\/index.php\/tienda\/"},{"@type":"ListItem","position":3,"name":"Cepillo Dental 3 Lados Limpieza 360\u00b0"}]},{"@type":"WebSite","@id":"https:\/\/rosemvd.com\/#website","url":"https:\/\/rosemvd.com\/","name":"ROSE MVD","description":"Todo lo que buscas lo pod\u00e9s encontrar en rose mvd, especializados en traer todas las cosas nuevas en tendencia y accesorios diferentes y \u00fanicos.","publisher":{"@id":"https:\/\/rosemvd.com\/#organization"},"potentialAction":[{"@type":"SearchAction","target":{"@type":"EntryPoint","urlTemplate":"https:\/\/rosemvd.com\/?s={search_term_string}"},"query-input":{"@type":"PropertyValueSpecification","valueRequired":true,"valueName":"search_term_string"}}],"inLanguage":"es"},{"@type":"Organization","@id":"https:\/\/rosemvd.com\/#organization","name":"ROSE MVD","alternateName":"ROSE MVD","url":"https:\/\/rosemvd.com\/","logo":{"@type":"ImageObject","inLanguage":"es","@id":"https:\/\/rosemvd.com\/#\/schema\/logo\/image\/","url":"https:\/\/rosemvd.com\/wp-content\/uploads\/2023\/03\/Sin-titulo-2_Mesa-de-trabajo-1.png","contentUrl":"https:\/\/rosemvd.com\/wp-content\/uploads\/2023\/03\/Sin-titulo-2_Mesa-de-trabajo-1.png","width":2084,"height":2084,"caption":"ROSE MVD"},"image":{"@id":"https:\/\/rosemvd.com\/#\/schema\/logo\/image\/"},"sameAs":["https:\/\/www.facebook.com\/TiendaRoseMvd","https:\/\/www.instagram.com\/rose.mvd"]}]}},"_links":{"self":[{"href":"https:\/\/rosemvd.com\/index.php\/wp-json\/wp\/v2\/product\/14559","targetHints":{"allow":["GET"]}}],"collection":[{"href":"https:\/\/rosemvd.com\/index.php\/wp-json\/wp\/v2\/product"}],"about":[{"href":"https:\/\/rosemvd.com\/index.php\/wp-json\/wp\/v2\/types\/product"}],"wp:featuredmedia":[{"embeddable":true,"href":"https:\/\/rosemvd.com\/index.php\/wp-json\/wp\/v2\/media\/14551"}],"wp:attachment":[{"href":"https:\/\/rosemvd.com\/index.php\/wp-json\/wp\/v2\/media?parent=14559"}],"wp:term":[{"taxonomy":"product_brand","embeddable":true,"href":"https:\/\/rosemvd.com\/index.php\/wp-json\/wp\/v2\/product_brand?post=14559"},{"taxonomy":"product_cat","embeddable":true,"href":"https:\/\/rosemvd.com\/index.php\/wp-json\/wp\/v2\/product_cat?post=14559"},{"taxonomy":"product_tag","embeddable":true,"href":"https:\/\/rosemvd.com\/index.php\/wp-json\/wp\/v2\/product_tag?post=14559"}],"curies":[{"name":"wp","href":"https:\/\/api.w.org\/{rel}","templated":true}]}}