{"id":14198,"date":"2025-09-08T16:58:48","date_gmt":"2025-09-08T19:58:48","guid":{"rendered":"https:\/\/rosemvd.com\/?post_type=product&#038;p=14198"},"modified":"2026-04-21T21:43:07","modified_gmt":"2026-04-22T00:43:07","slug":"parches-glp-1-control-peso-x30","status":"publish","type":"product","link":"https:\/\/rosemvd.com\/index.php\/producto\/parches-glp-1-control-peso-x30\/","title":{"rendered":"Parches Glp-1 Control Peso x30"},"content":{"rendered":"<p data-start=\"77\" data-end=\"120\"><strong data-start=\"77\" data-end=\"118\">Parches GLP-1 de Liberaci\u00f3n Sostenida<\/strong><\/p>\n<p data-start=\"122\" data-end=\"239\">Dise\u00f1ados para apoyar un estilo de vida saludable, nuestros parches GLP-1 son pr\u00e1cticos, c\u00f3modos y f\u00e1ciles de usar.<\/p>\n<h3 data-start=\"241\" data-end=\"270\">Beneficios principales:<\/h3>\n<ul data-start=\"271\" data-end=\"1182\">\n<li data-start=\"271\" data-end=\"412\">\n<p data-start=\"273\" data-end=\"412\"><strong data-start=\"273\" data-end=\"301\">Modo de uso recomendado:<\/strong> Utilice un parche durante 8 horas al d\u00eda para experimentar resultados visibles en un periodo de 1 a 3 meses.<\/p>\n<\/li>\n<li data-start=\"413\" data-end=\"552\">\n<p data-start=\"415\" data-end=\"552\"><strong data-start=\"415\" data-end=\"439\">C\u00f3modos y discretos:<\/strong> Elaborados con material delgado, transpirable y agradable al tacto, se adaptan a la piel sin causar molestias.<\/p>\n<\/li>\n<li data-start=\"553\" data-end=\"711\">\n<p data-start=\"555\" data-end=\"711\"><strong data-start=\"555\" data-end=\"585\">F\u00e1cil aplicaci\u00f3n y retiro:<\/strong> Col\u00f3quelos sobre piel limpia y seca. Para retirarlos, basta con aplicar agua o un poco de aceite para una extracci\u00f3n suave.<\/p>\n<\/li>\n<li data-start=\"712\" data-end=\"884\">\n<p data-start=\"714\" data-end=\"884\"><strong data-start=\"714\" data-end=\"744\">F\u00f3rmula bot\u00e1nica avanzada:<\/strong> Cada parche combina ingredientes naturales como berberina, granada, canela y L-glutamina, ofreciendo un apoyo integral para su bienestar.<\/p>\n<\/li>\n<li data-start=\"885\" data-end=\"1013\">\n<p data-start=\"887\" data-end=\"1013\"><strong data-start=\"887\" data-end=\"909\">Apto para veganos:<\/strong> Hechos con extractos 100% vegetales, ideales para quienes buscan una alternativa natural y saludable.<\/p>\n<\/li>\n<li data-start=\"1014\" data-end=\"1182\">\n<p data-start=\"1016\" data-end=\"1182\"><strong data-start=\"1016\" data-end=\"1042\">Liberaci\u00f3n prolongada:<\/strong> Proporcionan hasta 24 horas de liberaci\u00f3n continua de ingredientes activos, asegurando un efecto constante y pr\u00e1ctico a lo largo del d\u00eda.<\/p>\n<\/li>\n<\/ul>\n<p data-start=\"1184\" data-end=\"1355\">Estos parches son una soluci\u00f3n sencilla y eficaz para quienes desean <strong data-start=\"1253\" data-end=\"1352\">reforzar su rutina de bienestar con ingredientes naturales y tecnolog\u00eda de liberaci\u00f3n sostenida<\/strong>.<\/p>\n","protected":false},"excerpt":{"rendered":"<p>Parches GLP-1 de Liberaci\u00f3n Sostenida Dise\u00f1ados para apoyar un estilo de vida saludable, nuestros parches GLP-1 son pr\u00e1cticos, c\u00f3modos y f\u00e1ciles de usar. Beneficios principales: Modo de uso recomendado: Utilice un parche durante 8 horas al d\u00eda para experimentar resultados visibles en un periodo de 1 a 3 meses. C\u00f3modos y discretos: Elaborados con material [&hellip;]<\/p>\n","protected":false},"featured_media":14197,"template":"","meta":{"site-sidebar-layout":"default","site-content-layout":"","ast-site-content-layout":"default","site-content-style":"default","site-sidebar-style":"default","ast-global-header-display":"","ast-banner-title-visibility":"","ast-main-header-display":"","ast-hfb-above-header-display":"","ast-hfb-below-header-display":"","ast-hfb-mobile-header-display":"","site-post-title":"","ast-breadcrumbs-content":"","ast-featured-img":"","footer-sml-layout":"","ast-disable-related-posts":"","theme-transparent-header-meta":"default","adv-header-id-meta":"","stick-header-meta":"","header-above-stick-meta":"","header-main-stick-meta":"","header-below-stick-meta":"","astra-migrate-meta-layouts":"set","ast-page-background-enabled":"default","ast-page-background-meta":{"desktop":{"background-color":"var(--ast-global-color-4)","background-image":"","background-repeat":"repeat","background-position":"center center","background-size":"auto","background-attachment":"scroll","background-type":"","background-media":"","overlay-type":"","overlay-color":"","overlay-opacity":"","overlay-gradient":""},"tablet":{"background-color":"","background-image":"","background-repeat":"repeat","background-position":"center center","background-size":"auto","background-attachment":"scroll","background-type":"","background-media":"","overlay-type":"","overlay-color":"","overlay-opacity":"","overlay-gradient":""},"mobile":{"background-color":"","background-image":"","background-repeat":"repeat","background-position":"center center","background-size":"auto","background-attachment":"scroll","background-type":"","background-media":"","overlay-type":"","overlay-color":"","overlay-opacity":"","overlay-gradient":""}},"ast-content-background-meta":{"desktop":{"background-color":"var(--ast-global-color-5)","background-image":"","background-repeat":"repeat","background-position":"center center","background-size":"auto","background-attachment":"scroll","background-type":"","background-media":"","overlay-type":"","overlay-color":"","overlay-opacity":"","overlay-gradient":""},"tablet":{"background-color":"var(--ast-global-color-5)","background-image":"","background-repeat":"repeat","background-position":"center center","background-size":"auto","background-attachment":"scroll","background-type":"","background-media":"","overlay-type":"","overlay-color":"","overlay-opacity":"","overlay-gradient":""},"mobile":{"background-color":"var(--ast-global-color-5)","background-image":"","background-repeat":"repeat","background-position":"center center","background-size":"auto","background-attachment":"scroll","background-type":"","background-media":"","overlay-type":"","overlay-color":"","overlay-opacity":"","overlay-gradient":""}}},"product_brand":[],"product_cat":[447,454,368],"product_tag":[],"class_list":{"0":"post-14198","1":"product","2":"type-product","3":"status-publish","4":"has-post-thumbnail","6":"product_cat-bienestar","7":"product_cat-cuerpo-y-bienestar","8":"product_cat-otros","9":"desktop-align-left","10":"tablet-align-left","11":"mobile-align-left","13":"first","14":"instock","15":"shipping-taxable","16":"purchasable","17":"product-type-simple"},"yoast_head":"<!-- This site is optimized with the Yoast SEO plugin v27.3 - https:\/\/yoast.com\/product\/yoast-seo-wordpress\/ -->\n<title>Parches Glp-1 Control Peso x30 - ROSE MVD<\/title>\n<meta name=\"description\" content=\"Dise\u00f1ados para apoyar un estilo de vida saludable, nuestros parches GLP-1 son pr\u00e1cticos, c\u00f3modos y f\u00e1ciles de usar.\" \/>\n<meta name=\"robots\" content=\"index, follow, max-snippet:-1, max-image-preview:large, max-video-preview:-1\" \/>\n<link rel=\"canonical\" href=\"https:\/\/rosemvd.com\/index.php\/producto\/parches-glp-1-control-peso-x30\/\" \/>\n<meta property=\"og:locale\" content=\"es_ES\" \/>\n<meta property=\"og:type\" content=\"article\" \/>\n<meta property=\"og:title\" content=\"Parches Glp-1 Control Peso x30 - ROSE MVD\" \/>\n<meta property=\"og:description\" content=\"Dise\u00f1ados para apoyar un estilo de vida saludable, nuestros parches GLP-1 son pr\u00e1cticos, c\u00f3modos y f\u00e1ciles de usar.\" \/>\n<meta property=\"og:url\" content=\"https:\/\/rosemvd.com\/index.php\/producto\/parches-glp-1-control-peso-x30\/\" \/>\n<meta property=\"og:site_name\" content=\"ROSE MVD\" \/>\n<meta property=\"article:publisher\" content=\"https:\/\/www.facebook.com\/TiendaRoseMvd\" \/>\n<meta property=\"article:modified_time\" content=\"2026-04-22T00:43:07+00:00\" \/>\n<meta property=\"og:image\" content=\"https:\/\/rosemvd.com\/wp-content\/uploads\/2025\/09\/D_NQ_NP_2X_840404-CBT86654099840_062025-F.webp\" \/>\n\t<meta property=\"og:image:width\" content=\"1101\" \/>\n\t<meta property=\"og:image:height\" content=\"1200\" \/>\n\t<meta property=\"og:image:type\" content=\"image\/webp\" \/>\n<meta name=\"twitter:card\" content=\"summary_large_image\" \/>\n<meta name=\"twitter:label1\" content=\"Tiempo de lectura\" \/>\n\t<meta name=\"twitter:data1\" content=\"2 minutos\" \/>\n<script type=\"application\/ld+json\" class=\"yoast-schema-graph\">{\"@context\":\"https:\\\/\\\/schema.org\",\"@graph\":[{\"@type\":\"WebPage\",\"@id\":\"https:\\\/\\\/rosemvd.com\\\/index.php\\\/producto\\\/parches-glp-1-control-peso-x30\\\/\",\"url\":\"https:\\\/\\\/rosemvd.com\\\/index.php\\\/producto\\\/parches-glp-1-control-peso-x30\\\/\",\"name\":\"Parches Glp-1 Control Peso x30 - ROSE MVD\",\"isPartOf\":{\"@id\":\"https:\\\/\\\/rosemvd.com\\\/#website\"},\"primaryImageOfPage\":{\"@id\":\"https:\\\/\\\/rosemvd.com\\\/index.php\\\/producto\\\/parches-glp-1-control-peso-x30\\\/#primaryimage\"},\"image\":{\"@id\":\"https:\\\/\\\/rosemvd.com\\\/index.php\\\/producto\\\/parches-glp-1-control-peso-x30\\\/#primaryimage\"},\"thumbnailUrl\":\"https:\\\/\\\/rosemvd.com\\\/wp-content\\\/uploads\\\/2025\\\/09\\\/D_NQ_NP_2X_840404-CBT86654099840_062025-F.webp\",\"datePublished\":\"2025-09-08T19:58:48+00:00\",\"dateModified\":\"2026-04-22T00:43:07+00:00\",\"description\":\"Dise\u00f1ados para apoyar un estilo de vida saludable, nuestros parches GLP-1 son pr\u00e1cticos, c\u00f3modos y f\u00e1ciles de usar.\",\"breadcrumb\":{\"@id\":\"https:\\\/\\\/rosemvd.com\\\/index.php\\\/producto\\\/parches-glp-1-control-peso-x30\\\/#breadcrumb\"},\"inLanguage\":\"es\",\"potentialAction\":[{\"@type\":\"ReadAction\",\"target\":[\"https:\\\/\\\/rosemvd.com\\\/index.php\\\/producto\\\/parches-glp-1-control-peso-x30\\\/\"]}]},{\"@type\":\"ImageObject\",\"inLanguage\":\"es\",\"@id\":\"https:\\\/\\\/rosemvd.com\\\/index.php\\\/producto\\\/parches-glp-1-control-peso-x30\\\/#primaryimage\",\"url\":\"https:\\\/\\\/rosemvd.com\\\/wp-content\\\/uploads\\\/2025\\\/09\\\/D_NQ_NP_2X_840404-CBT86654099840_062025-F.webp\",\"contentUrl\":\"https:\\\/\\\/rosemvd.com\\\/wp-content\\\/uploads\\\/2025\\\/09\\\/D_NQ_NP_2X_840404-CBT86654099840_062025-F.webp\",\"width\":1101,\"height\":1200},{\"@type\":\"BreadcrumbList\",\"@id\":\"https:\\\/\\\/rosemvd.com\\\/index.php\\\/producto\\\/parches-glp-1-control-peso-x30\\\/#breadcrumb\",\"itemListElement\":[{\"@type\":\"ListItem\",\"position\":1,\"name\":\"Portada\",\"item\":\"https:\\\/\\\/rosemvd.com\\\/\"},{\"@type\":\"ListItem\",\"position\":2,\"name\":\"Tienda\",\"item\":\"https:\\\/\\\/rosemvd.com\\\/index.php\\\/tienda\\\/\"},{\"@type\":\"ListItem\",\"position\":3,\"name\":\"Parches Glp-1 Control Peso x30\"}]},{\"@type\":\"WebSite\",\"@id\":\"https:\\\/\\\/rosemvd.com\\\/#website\",\"url\":\"https:\\\/\\\/rosemvd.com\\\/\",\"name\":\"ROSE MVD\",\"description\":\"Todo lo que buscas lo pod\u00e9s encontrar en rose mvd, especializados en traer todas las cosas nuevas en tendencia y accesorios diferentes y \u00fanicos.\",\"publisher\":{\"@id\":\"https:\\\/\\\/rosemvd.com\\\/#organization\"},\"potentialAction\":[{\"@type\":\"SearchAction\",\"target\":{\"@type\":\"EntryPoint\",\"urlTemplate\":\"https:\\\/\\\/rosemvd.com\\\/?s={search_term_string}\"},\"query-input\":{\"@type\":\"PropertyValueSpecification\",\"valueRequired\":true,\"valueName\":\"search_term_string\"}}],\"inLanguage\":\"es\"},{\"@type\":\"Organization\",\"@id\":\"https:\\\/\\\/rosemvd.com\\\/#organization\",\"name\":\"ROSE MVD\",\"alternateName\":\"ROSE MVD\",\"url\":\"https:\\\/\\\/rosemvd.com\\\/\",\"logo\":{\"@type\":\"ImageObject\",\"inLanguage\":\"es\",\"@id\":\"https:\\\/\\\/rosemvd.com\\\/#\\\/schema\\\/logo\\\/image\\\/\",\"url\":\"https:\\\/\\\/rosemvd.com\\\/wp-content\\\/uploads\\\/2023\\\/03\\\/Sin-titulo-2_Mesa-de-trabajo-1.png\",\"contentUrl\":\"https:\\\/\\\/rosemvd.com\\\/wp-content\\\/uploads\\\/2023\\\/03\\\/Sin-titulo-2_Mesa-de-trabajo-1.png\",\"width\":2084,\"height\":2084,\"caption\":\"ROSE MVD\"},\"image\":{\"@id\":\"https:\\\/\\\/rosemvd.com\\\/#\\\/schema\\\/logo\\\/image\\\/\"},\"sameAs\":[\"https:\\\/\\\/www.facebook.com\\\/TiendaRoseMvd\",\"https:\\\/\\\/www.instagram.com\\\/rose.mvd\"]}]}<\/script>\n<!-- \/ Yoast SEO plugin. -->","yoast_head_json":{"title":"Parches Glp-1 Control Peso x30 - ROSE MVD","description":"Dise\u00f1ados para apoyar un estilo de vida saludable, nuestros parches GLP-1 son pr\u00e1cticos, c\u00f3modos y f\u00e1ciles de usar.","robots":{"index":"index","follow":"follow","max-snippet":"max-snippet:-1","max-image-preview":"max-image-preview:large","max-video-preview":"max-video-preview:-1"},"canonical":"https:\/\/rosemvd.com\/index.php\/producto\/parches-glp-1-control-peso-x30\/","og_locale":"es_ES","og_type":"article","og_title":"Parches Glp-1 Control Peso x30 - ROSE MVD","og_description":"Dise\u00f1ados para apoyar un estilo de vida saludable, nuestros parches GLP-1 son pr\u00e1cticos, c\u00f3modos y f\u00e1ciles de usar.","og_url":"https:\/\/rosemvd.com\/index.php\/producto\/parches-glp-1-control-peso-x30\/","og_site_name":"ROSE MVD","article_publisher":"https:\/\/www.facebook.com\/TiendaRoseMvd","article_modified_time":"2026-04-22T00:43:07+00:00","og_image":[{"width":1101,"height":1200,"url":"https:\/\/rosemvd.com\/wp-content\/uploads\/2025\/09\/D_NQ_NP_2X_840404-CBT86654099840_062025-F.webp","type":"image\/webp"}],"twitter_card":"summary_large_image","twitter_misc":{"Tiempo de lectura":"2 minutos"},"schema":{"@context":"https:\/\/schema.org","@graph":[{"@type":"WebPage","@id":"https:\/\/rosemvd.com\/index.php\/producto\/parches-glp-1-control-peso-x30\/","url":"https:\/\/rosemvd.com\/index.php\/producto\/parches-glp-1-control-peso-x30\/","name":"Parches Glp-1 Control Peso x30 - ROSE MVD","isPartOf":{"@id":"https:\/\/rosemvd.com\/#website"},"primaryImageOfPage":{"@id":"https:\/\/rosemvd.com\/index.php\/producto\/parches-glp-1-control-peso-x30\/#primaryimage"},"image":{"@id":"https:\/\/rosemvd.com\/index.php\/producto\/parches-glp-1-control-peso-x30\/#primaryimage"},"thumbnailUrl":"https:\/\/rosemvd.com\/wp-content\/uploads\/2025\/09\/D_NQ_NP_2X_840404-CBT86654099840_062025-F.webp","datePublished":"2025-09-08T19:58:48+00:00","dateModified":"2026-04-22T00:43:07+00:00","description":"Dise\u00f1ados para apoyar un estilo de vida saludable, nuestros parches GLP-1 son pr\u00e1cticos, c\u00f3modos y f\u00e1ciles de usar.","breadcrumb":{"@id":"https:\/\/rosemvd.com\/index.php\/producto\/parches-glp-1-control-peso-x30\/#breadcrumb"},"inLanguage":"es","potentialAction":[{"@type":"ReadAction","target":["https:\/\/rosemvd.com\/index.php\/producto\/parches-glp-1-control-peso-x30\/"]}]},{"@type":"ImageObject","inLanguage":"es","@id":"https:\/\/rosemvd.com\/index.php\/producto\/parches-glp-1-control-peso-x30\/#primaryimage","url":"https:\/\/rosemvd.com\/wp-content\/uploads\/2025\/09\/D_NQ_NP_2X_840404-CBT86654099840_062025-F.webp","contentUrl":"https:\/\/rosemvd.com\/wp-content\/uploads\/2025\/09\/D_NQ_NP_2X_840404-CBT86654099840_062025-F.webp","width":1101,"height":1200},{"@type":"BreadcrumbList","@id":"https:\/\/rosemvd.com\/index.php\/producto\/parches-glp-1-control-peso-x30\/#breadcrumb","itemListElement":[{"@type":"ListItem","position":1,"name":"Portada","item":"https:\/\/rosemvd.com\/"},{"@type":"ListItem","position":2,"name":"Tienda","item":"https:\/\/rosemvd.com\/index.php\/tienda\/"},{"@type":"ListItem","position":3,"name":"Parches Glp-1 Control Peso x30"}]},{"@type":"WebSite","@id":"https:\/\/rosemvd.com\/#website","url":"https:\/\/rosemvd.com\/","name":"ROSE MVD","description":"Todo lo que buscas lo pod\u00e9s encontrar en rose mvd, especializados en traer todas las cosas nuevas en tendencia y accesorios diferentes y \u00fanicos.","publisher":{"@id":"https:\/\/rosemvd.com\/#organization"},"potentialAction":[{"@type":"SearchAction","target":{"@type":"EntryPoint","urlTemplate":"https:\/\/rosemvd.com\/?s={search_term_string}"},"query-input":{"@type":"PropertyValueSpecification","valueRequired":true,"valueName":"search_term_string"}}],"inLanguage":"es"},{"@type":"Organization","@id":"https:\/\/rosemvd.com\/#organization","name":"ROSE MVD","alternateName":"ROSE MVD","url":"https:\/\/rosemvd.com\/","logo":{"@type":"ImageObject","inLanguage":"es","@id":"https:\/\/rosemvd.com\/#\/schema\/logo\/image\/","url":"https:\/\/rosemvd.com\/wp-content\/uploads\/2023\/03\/Sin-titulo-2_Mesa-de-trabajo-1.png","contentUrl":"https:\/\/rosemvd.com\/wp-content\/uploads\/2023\/03\/Sin-titulo-2_Mesa-de-trabajo-1.png","width":2084,"height":2084,"caption":"ROSE MVD"},"image":{"@id":"https:\/\/rosemvd.com\/#\/schema\/logo\/image\/"},"sameAs":["https:\/\/www.facebook.com\/TiendaRoseMvd","https:\/\/www.instagram.com\/rose.mvd"]}]}},"_links":{"self":[{"href":"https:\/\/rosemvd.com\/index.php\/wp-json\/wp\/v2\/product\/14198","targetHints":{"allow":["GET"]}}],"collection":[{"href":"https:\/\/rosemvd.com\/index.php\/wp-json\/wp\/v2\/product"}],"about":[{"href":"https:\/\/rosemvd.com\/index.php\/wp-json\/wp\/v2\/types\/product"}],"wp:featuredmedia":[{"embeddable":true,"href":"https:\/\/rosemvd.com\/index.php\/wp-json\/wp\/v2\/media\/14197"}],"wp:attachment":[{"href":"https:\/\/rosemvd.com\/index.php\/wp-json\/wp\/v2\/media?parent=14198"}],"wp:term":[{"taxonomy":"product_brand","embeddable":true,"href":"https:\/\/rosemvd.com\/index.php\/wp-json\/wp\/v2\/product_brand?post=14198"},{"taxonomy":"product_cat","embeddable":true,"href":"https:\/\/rosemvd.com\/index.php\/wp-json\/wp\/v2\/product_cat?post=14198"},{"taxonomy":"product_tag","embeddable":true,"href":"https:\/\/rosemvd.com\/index.php\/wp-json\/wp\/v2\/product_tag?post=14198"}],"curies":[{"name":"wp","href":"https:\/\/api.w.org\/{rel}","templated":true}]}}