{"id":14183,"date":"2025-09-08T16:54:47","date_gmt":"2025-09-08T19:54:47","guid":{"rendered":"https:\/\/rosemvd.com\/?post_type=product&#038;p=14183"},"modified":"2026-04-21T15:23:33","modified_gmt":"2026-04-21T18:23:33","slug":"kit-almohadillas-de-depilacion-exfoliante","status":"publish","type":"product","link":"https:\/\/rosemvd.com\/index.php\/producto\/kit-almohadillas-de-depilacion-exfoliante\/","title":{"rendered":"Kit Almohadillas De Depilaci\u00f3n Exfoliante"},"content":{"rendered":"<p data-start=\"71\" data-end=\"124\"><strong data-start=\"71\" data-end=\"122\">Kit de Eliminaci\u00f3n de Vello y Exfoliaci\u00f3n Suave<\/strong><\/p>\n<p data-start=\"126\" data-end=\"213\">El paquete incluye todo lo que necesitas para una depilaci\u00f3n c\u00f3moda y segura en casa:<\/p>\n<ul data-start=\"214\" data-end=\"385\">\n<li data-start=\"214\" data-end=\"252\">\n<p data-start=\"216\" data-end=\"252\">1 almohadilla grande con respaldo.<\/p>\n<\/li>\n<li data-start=\"253\" data-end=\"300\">\n<p data-start=\"255\" data-end=\"300\">1 almohadilla peque\u00f1a para zonas delicadas.<\/p>\n<\/li>\n<li data-start=\"301\" data-end=\"342\">\n<p data-start=\"303\" data-end=\"342\">5 repuestos de papel abrasivo grande.<\/p>\n<\/li>\n<li data-start=\"343\" data-end=\"385\">\n<p data-start=\"345\" data-end=\"385\">5 repuestos de papel abrasivo peque\u00f1o.<\/p>\n<\/li>\n<\/ul>\n<h3 data-start=\"387\" data-end=\"404\">Beneficios:<\/h3>\n<ul data-start=\"405\" data-end=\"897\">\n<li data-start=\"405\" data-end=\"531\">\n<p data-start=\"407\" data-end=\"531\"><strong data-start=\"407\" data-end=\"433\">Uso en todo el cuerpo:<\/strong> Ideal para piernas, brazos, labio superior, barbilla, l\u00ednea del bikini y otras \u00e1reas sensibles.<\/p>\n<\/li>\n<li data-start=\"532\" data-end=\"638\">\n<p data-start=\"534\" data-end=\"638\"><strong data-start=\"534\" data-end=\"556\">Resultados suaves:<\/strong> Elimina el vello no deseado mientras exfolia la piel, dej\u00e1ndola fresca y tersa.<\/p>\n<\/li>\n<li data-start=\"639\" data-end=\"746\">\n<p data-start=\"641\" data-end=\"746\"><strong data-start=\"641\" data-end=\"667\">Seguro y sin qu\u00edmicos:<\/strong> Sin dolor, sin irritaciones y sin necesidad de productos qu\u00edmicos agresivos.<\/p>\n<\/li>\n<li data-start=\"747\" data-end=\"897\">\n<p data-start=\"749\" data-end=\"897\"><strong data-start=\"749\" data-end=\"773\">Duradero y pr\u00e1ctico:<\/strong> El papel abrasivo es autoadhesivo y f\u00e1cilmente reemplazable cuando se desgasta, garantizando mayor higiene y efectividad.<\/p>\n<\/li>\n<\/ul>\n<p data-start=\"899\" data-end=\"1049\">Este kit de depilaci\u00f3n es perfecto para quienes buscan una alternativa <strong data-start=\"970\" data-end=\"1002\">natural, indolora y pr\u00e1ctica<\/strong> para mantener la piel suave en todo momento.<\/p>\n","protected":false},"excerpt":{"rendered":"<p>Kit de Eliminaci\u00f3n de Vello y Exfoliaci\u00f3n Suave El paquete incluye todo lo que necesitas para una depilaci\u00f3n c\u00f3moda y segura en casa: 1 almohadilla grande con respaldo. 1 almohadilla peque\u00f1a para zonas delicadas. 5 repuestos de papel abrasivo grande. 5 repuestos de papel abrasivo peque\u00f1o. Beneficios: Uso en todo el cuerpo: Ideal para piernas, [&hellip;]<\/p>\n","protected":false},"featured_media":14187,"template":"","meta":{"site-sidebar-layout":"default","site-content-layout":"","ast-site-content-layout":"default","site-content-style":"default","site-sidebar-style":"default","ast-global-header-display":"","ast-banner-title-visibility":"","ast-main-header-display":"","ast-hfb-above-header-display":"","ast-hfb-below-header-display":"","ast-hfb-mobile-header-display":"","site-post-title":"","ast-breadcrumbs-content":"","ast-featured-img":"","footer-sml-layout":"","ast-disable-related-posts":"","theme-transparent-header-meta":"default","adv-header-id-meta":"","stick-header-meta":"","header-above-stick-meta":"","header-main-stick-meta":"","header-below-stick-meta":"","astra-migrate-meta-layouts":"set","ast-page-background-enabled":"default","ast-page-background-meta":{"desktop":{"background-color":"var(--ast-global-color-4)","background-image":"","background-repeat":"repeat","background-position":"center center","background-size":"auto","background-attachment":"scroll","background-type":"","background-media":"","overlay-type":"","overlay-color":"","overlay-opacity":"","overlay-gradient":""},"tablet":{"background-color":"","background-image":"","background-repeat":"repeat","background-position":"center center","background-size":"auto","background-attachment":"scroll","background-type":"","background-media":"","overlay-type":"","overlay-color":"","overlay-opacity":"","overlay-gradient":""},"mobile":{"background-color":"","background-image":"","background-repeat":"repeat","background-position":"center center","background-size":"auto","background-attachment":"scroll","background-type":"","background-media":"","overlay-type":"","overlay-color":"","overlay-opacity":"","overlay-gradient":""}},"ast-content-background-meta":{"desktop":{"background-color":"var(--ast-global-color-5)","background-image":"","background-repeat":"repeat","background-position":"center center","background-size":"auto","background-attachment":"scroll","background-type":"","background-media":"","overlay-type":"","overlay-color":"","overlay-opacity":"","overlay-gradient":""},"tablet":{"background-color":"var(--ast-global-color-5)","background-image":"","background-repeat":"repeat","background-position":"center center","background-size":"auto","background-attachment":"scroll","background-type":"","background-media":"","overlay-type":"","overlay-color":"","overlay-opacity":"","overlay-gradient":""},"mobile":{"background-color":"var(--ast-global-color-5)","background-image":"","background-repeat":"repeat","background-position":"center center","background-size":"auto","background-attachment":"scroll","background-type":"","background-media":"","overlay-type":"","overlay-color":"","overlay-opacity":"","overlay-gradient":""}}},"product_brand":[],"product_cat":[17,450],"product_tag":[],"class_list":{"0":"post-14183","1":"product","2":"type-product","3":"status-publish","4":"has-post-thumbnail","6":"product_cat-belleza","7":"product_cat-cabello-y-depilacion","8":"desktop-align-left","9":"tablet-align-left","10":"mobile-align-left","12":"first","13":"instock","14":"shipping-taxable","15":"purchasable","16":"product-type-simple"},"yoast_head":"<!-- This site is optimized with the Yoast SEO plugin v27.3 - https:\/\/yoast.com\/product\/yoast-seo-wordpress\/ -->\n<title>Kit Almohadillas De Depilaci\u00f3n Exfoliante - ROSE MVD<\/title>\n<meta name=\"description\" content=\"Este kit de depilaci\u00f3n es perfecto para quienes buscan una alternativa natural, indolora y pr\u00e1ctica\" \/>\n<meta name=\"robots\" content=\"index, follow, max-snippet:-1, max-image-preview:large, max-video-preview:-1\" \/>\n<link rel=\"canonical\" href=\"https:\/\/rosemvd.com\/index.php\/producto\/kit-almohadillas-de-depilacion-exfoliante\/\" \/>\n<meta property=\"og:locale\" content=\"es_ES\" \/>\n<meta property=\"og:type\" content=\"article\" \/>\n<meta property=\"og:title\" content=\"Kit Almohadillas De Depilaci\u00f3n Exfoliante - ROSE MVD\" \/>\n<meta property=\"og:description\" content=\"Este kit de depilaci\u00f3n es perfecto para quienes buscan una alternativa natural, indolora y pr\u00e1ctica\" \/>\n<meta property=\"og:url\" content=\"https:\/\/rosemvd.com\/index.php\/producto\/kit-almohadillas-de-depilacion-exfoliante\/\" \/>\n<meta property=\"og:site_name\" content=\"ROSE MVD\" \/>\n<meta property=\"article:publisher\" content=\"https:\/\/www.facebook.com\/TiendaRoseMvd\" \/>\n<meta property=\"article:modified_time\" content=\"2026-04-21T18:23:33+00:00\" \/>\n<meta property=\"og:image\" content=\"https:\/\/rosemvd.com\/wp-content\/uploads\/2025\/09\/D_NQ_NP_2X_987949-MLA84406790094_052025-F.webp\" \/>\n\t<meta property=\"og:image:width\" content=\"1200\" \/>\n\t<meta property=\"og:image:height\" content=\"1187\" \/>\n\t<meta property=\"og:image:type\" content=\"image\/webp\" \/>\n<meta name=\"twitter:card\" content=\"summary_large_image\" \/>\n<meta name=\"twitter:label1\" content=\"Tiempo de lectura\" \/>\n\t<meta name=\"twitter:data1\" content=\"1 minuto\" \/>\n<script type=\"application\/ld+json\" class=\"yoast-schema-graph\">{\"@context\":\"https:\\\/\\\/schema.org\",\"@graph\":[{\"@type\":\"WebPage\",\"@id\":\"https:\\\/\\\/rosemvd.com\\\/index.php\\\/producto\\\/kit-almohadillas-de-depilacion-exfoliante\\\/\",\"url\":\"https:\\\/\\\/rosemvd.com\\\/index.php\\\/producto\\\/kit-almohadillas-de-depilacion-exfoliante\\\/\",\"name\":\"Kit Almohadillas De Depilaci\u00f3n Exfoliante - ROSE MVD\",\"isPartOf\":{\"@id\":\"https:\\\/\\\/rosemvd.com\\\/#website\"},\"primaryImageOfPage\":{\"@id\":\"https:\\\/\\\/rosemvd.com\\\/index.php\\\/producto\\\/kit-almohadillas-de-depilacion-exfoliante\\\/#primaryimage\"},\"image\":{\"@id\":\"https:\\\/\\\/rosemvd.com\\\/index.php\\\/producto\\\/kit-almohadillas-de-depilacion-exfoliante\\\/#primaryimage\"},\"thumbnailUrl\":\"https:\\\/\\\/rosemvd.com\\\/wp-content\\\/uploads\\\/2025\\\/09\\\/D_NQ_NP_2X_987949-MLA84406790094_052025-F.webp\",\"datePublished\":\"2025-09-08T19:54:47+00:00\",\"dateModified\":\"2026-04-21T18:23:33+00:00\",\"description\":\"Este kit de depilaci\u00f3n es perfecto para quienes buscan una alternativa natural, indolora y pr\u00e1ctica\",\"breadcrumb\":{\"@id\":\"https:\\\/\\\/rosemvd.com\\\/index.php\\\/producto\\\/kit-almohadillas-de-depilacion-exfoliante\\\/#breadcrumb\"},\"inLanguage\":\"es\",\"potentialAction\":[{\"@type\":\"ReadAction\",\"target\":[\"https:\\\/\\\/rosemvd.com\\\/index.php\\\/producto\\\/kit-almohadillas-de-depilacion-exfoliante\\\/\"]}]},{\"@type\":\"ImageObject\",\"inLanguage\":\"es\",\"@id\":\"https:\\\/\\\/rosemvd.com\\\/index.php\\\/producto\\\/kit-almohadillas-de-depilacion-exfoliante\\\/#primaryimage\",\"url\":\"https:\\\/\\\/rosemvd.com\\\/wp-content\\\/uploads\\\/2025\\\/09\\\/D_NQ_NP_2X_987949-MLA84406790094_052025-F.webp\",\"contentUrl\":\"https:\\\/\\\/rosemvd.com\\\/wp-content\\\/uploads\\\/2025\\\/09\\\/D_NQ_NP_2X_987949-MLA84406790094_052025-F.webp\",\"width\":1200,\"height\":1187},{\"@type\":\"BreadcrumbList\",\"@id\":\"https:\\\/\\\/rosemvd.com\\\/index.php\\\/producto\\\/kit-almohadillas-de-depilacion-exfoliante\\\/#breadcrumb\",\"itemListElement\":[{\"@type\":\"ListItem\",\"position\":1,\"name\":\"Portada\",\"item\":\"https:\\\/\\\/rosemvd.com\\\/\"},{\"@type\":\"ListItem\",\"position\":2,\"name\":\"Tienda\",\"item\":\"https:\\\/\\\/rosemvd.com\\\/index.php\\\/tienda\\\/\"},{\"@type\":\"ListItem\",\"position\":3,\"name\":\"Kit Almohadillas De Depilaci\u00f3n Exfoliante\"}]},{\"@type\":\"WebSite\",\"@id\":\"https:\\\/\\\/rosemvd.com\\\/#website\",\"url\":\"https:\\\/\\\/rosemvd.com\\\/\",\"name\":\"ROSE MVD\",\"description\":\"Todo lo que buscas lo pod\u00e9s encontrar en rose mvd, especializados en traer todas las cosas nuevas en tendencia y accesorios diferentes y \u00fanicos.\",\"publisher\":{\"@id\":\"https:\\\/\\\/rosemvd.com\\\/#organization\"},\"potentialAction\":[{\"@type\":\"SearchAction\",\"target\":{\"@type\":\"EntryPoint\",\"urlTemplate\":\"https:\\\/\\\/rosemvd.com\\\/?s={search_term_string}\"},\"query-input\":{\"@type\":\"PropertyValueSpecification\",\"valueRequired\":true,\"valueName\":\"search_term_string\"}}],\"inLanguage\":\"es\"},{\"@type\":\"Organization\",\"@id\":\"https:\\\/\\\/rosemvd.com\\\/#organization\",\"name\":\"ROSE MVD\",\"alternateName\":\"ROSE MVD\",\"url\":\"https:\\\/\\\/rosemvd.com\\\/\",\"logo\":{\"@type\":\"ImageObject\",\"inLanguage\":\"es\",\"@id\":\"https:\\\/\\\/rosemvd.com\\\/#\\\/schema\\\/logo\\\/image\\\/\",\"url\":\"https:\\\/\\\/rosemvd.com\\\/wp-content\\\/uploads\\\/2023\\\/03\\\/Sin-titulo-2_Mesa-de-trabajo-1.png\",\"contentUrl\":\"https:\\\/\\\/rosemvd.com\\\/wp-content\\\/uploads\\\/2023\\\/03\\\/Sin-titulo-2_Mesa-de-trabajo-1.png\",\"width\":2084,\"height\":2084,\"caption\":\"ROSE MVD\"},\"image\":{\"@id\":\"https:\\\/\\\/rosemvd.com\\\/#\\\/schema\\\/logo\\\/image\\\/\"},\"sameAs\":[\"https:\\\/\\\/www.facebook.com\\\/TiendaRoseMvd\",\"https:\\\/\\\/www.instagram.com\\\/rose.mvd\"]}]}<\/script>\n<!-- \/ Yoast SEO plugin. -->","yoast_head_json":{"title":"Kit Almohadillas De Depilaci\u00f3n Exfoliante - ROSE MVD","description":"Este kit de depilaci\u00f3n es perfecto para quienes buscan una alternativa natural, indolora y pr\u00e1ctica","robots":{"index":"index","follow":"follow","max-snippet":"max-snippet:-1","max-image-preview":"max-image-preview:large","max-video-preview":"max-video-preview:-1"},"canonical":"https:\/\/rosemvd.com\/index.php\/producto\/kit-almohadillas-de-depilacion-exfoliante\/","og_locale":"es_ES","og_type":"article","og_title":"Kit Almohadillas De Depilaci\u00f3n Exfoliante - ROSE MVD","og_description":"Este kit de depilaci\u00f3n es perfecto para quienes buscan una alternativa natural, indolora y pr\u00e1ctica","og_url":"https:\/\/rosemvd.com\/index.php\/producto\/kit-almohadillas-de-depilacion-exfoliante\/","og_site_name":"ROSE MVD","article_publisher":"https:\/\/www.facebook.com\/TiendaRoseMvd","article_modified_time":"2026-04-21T18:23:33+00:00","og_image":[{"width":1200,"height":1187,"url":"https:\/\/rosemvd.com\/wp-content\/uploads\/2025\/09\/D_NQ_NP_2X_987949-MLA84406790094_052025-F.webp","type":"image\/webp"}],"twitter_card":"summary_large_image","twitter_misc":{"Tiempo de lectura":"1 minuto"},"schema":{"@context":"https:\/\/schema.org","@graph":[{"@type":"WebPage","@id":"https:\/\/rosemvd.com\/index.php\/producto\/kit-almohadillas-de-depilacion-exfoliante\/","url":"https:\/\/rosemvd.com\/index.php\/producto\/kit-almohadillas-de-depilacion-exfoliante\/","name":"Kit Almohadillas De Depilaci\u00f3n Exfoliante - ROSE MVD","isPartOf":{"@id":"https:\/\/rosemvd.com\/#website"},"primaryImageOfPage":{"@id":"https:\/\/rosemvd.com\/index.php\/producto\/kit-almohadillas-de-depilacion-exfoliante\/#primaryimage"},"image":{"@id":"https:\/\/rosemvd.com\/index.php\/producto\/kit-almohadillas-de-depilacion-exfoliante\/#primaryimage"},"thumbnailUrl":"https:\/\/rosemvd.com\/wp-content\/uploads\/2025\/09\/D_NQ_NP_2X_987949-MLA84406790094_052025-F.webp","datePublished":"2025-09-08T19:54:47+00:00","dateModified":"2026-04-21T18:23:33+00:00","description":"Este kit de depilaci\u00f3n es perfecto para quienes buscan una alternativa natural, indolora y pr\u00e1ctica","breadcrumb":{"@id":"https:\/\/rosemvd.com\/index.php\/producto\/kit-almohadillas-de-depilacion-exfoliante\/#breadcrumb"},"inLanguage":"es","potentialAction":[{"@type":"ReadAction","target":["https:\/\/rosemvd.com\/index.php\/producto\/kit-almohadillas-de-depilacion-exfoliante\/"]}]},{"@type":"ImageObject","inLanguage":"es","@id":"https:\/\/rosemvd.com\/index.php\/producto\/kit-almohadillas-de-depilacion-exfoliante\/#primaryimage","url":"https:\/\/rosemvd.com\/wp-content\/uploads\/2025\/09\/D_NQ_NP_2X_987949-MLA84406790094_052025-F.webp","contentUrl":"https:\/\/rosemvd.com\/wp-content\/uploads\/2025\/09\/D_NQ_NP_2X_987949-MLA84406790094_052025-F.webp","width":1200,"height":1187},{"@type":"BreadcrumbList","@id":"https:\/\/rosemvd.com\/index.php\/producto\/kit-almohadillas-de-depilacion-exfoliante\/#breadcrumb","itemListElement":[{"@type":"ListItem","position":1,"name":"Portada","item":"https:\/\/rosemvd.com\/"},{"@type":"ListItem","position":2,"name":"Tienda","item":"https:\/\/rosemvd.com\/index.php\/tienda\/"},{"@type":"ListItem","position":3,"name":"Kit Almohadillas De Depilaci\u00f3n Exfoliante"}]},{"@type":"WebSite","@id":"https:\/\/rosemvd.com\/#website","url":"https:\/\/rosemvd.com\/","name":"ROSE MVD","description":"Todo lo que buscas lo pod\u00e9s encontrar en rose mvd, especializados en traer todas las cosas nuevas en tendencia y accesorios diferentes y \u00fanicos.","publisher":{"@id":"https:\/\/rosemvd.com\/#organization"},"potentialAction":[{"@type":"SearchAction","target":{"@type":"EntryPoint","urlTemplate":"https:\/\/rosemvd.com\/?s={search_term_string}"},"query-input":{"@type":"PropertyValueSpecification","valueRequired":true,"valueName":"search_term_string"}}],"inLanguage":"es"},{"@type":"Organization","@id":"https:\/\/rosemvd.com\/#organization","name":"ROSE MVD","alternateName":"ROSE MVD","url":"https:\/\/rosemvd.com\/","logo":{"@type":"ImageObject","inLanguage":"es","@id":"https:\/\/rosemvd.com\/#\/schema\/logo\/image\/","url":"https:\/\/rosemvd.com\/wp-content\/uploads\/2023\/03\/Sin-titulo-2_Mesa-de-trabajo-1.png","contentUrl":"https:\/\/rosemvd.com\/wp-content\/uploads\/2023\/03\/Sin-titulo-2_Mesa-de-trabajo-1.png","width":2084,"height":2084,"caption":"ROSE MVD"},"image":{"@id":"https:\/\/rosemvd.com\/#\/schema\/logo\/image\/"},"sameAs":["https:\/\/www.facebook.com\/TiendaRoseMvd","https:\/\/www.instagram.com\/rose.mvd"]}]}},"_links":{"self":[{"href":"https:\/\/rosemvd.com\/index.php\/wp-json\/wp\/v2\/product\/14183","targetHints":{"allow":["GET"]}}],"collection":[{"href":"https:\/\/rosemvd.com\/index.php\/wp-json\/wp\/v2\/product"}],"about":[{"href":"https:\/\/rosemvd.com\/index.php\/wp-json\/wp\/v2\/types\/product"}],"wp:featuredmedia":[{"embeddable":true,"href":"https:\/\/rosemvd.com\/index.php\/wp-json\/wp\/v2\/media\/14187"}],"wp:attachment":[{"href":"https:\/\/rosemvd.com\/index.php\/wp-json\/wp\/v2\/media?parent=14183"}],"wp:term":[{"taxonomy":"product_brand","embeddable":true,"href":"https:\/\/rosemvd.com\/index.php\/wp-json\/wp\/v2\/product_brand?post=14183"},{"taxonomy":"product_cat","embeddable":true,"href":"https:\/\/rosemvd.com\/index.php\/wp-json\/wp\/v2\/product_cat?post=14183"},{"taxonomy":"product_tag","embeddable":true,"href":"https:\/\/rosemvd.com\/index.php\/wp-json\/wp\/v2\/product_tag?post=14183"}],"curies":[{"name":"wp","href":"https:\/\/api.w.org\/{rel}","templated":true}]}}