{"id":14182,"date":"2025-09-08T13:04:08","date_gmt":"2025-09-08T16:04:08","guid":{"rendered":"https:\/\/rosemvd.com\/?post_type=product&#038;p=14182"},"modified":"2026-04-20T10:43:44","modified_gmt":"2026-04-20T13:43:44","slug":"collar-bailarina-y-zirconias-azules","status":"publish","type":"product","link":"https:\/\/rosemvd.com\/index.php\/producto\/collar-bailarina-y-zirconias-azules\/","title":{"rendered":"Collar Bailarina y Zirconias Azules"},"content":{"rendered":"<p data-start=\"104\" data-end=\"163\"><strong data-start=\"104\" data-end=\"161\">Collar de Plata 925 con Dije de Bailarina y Zirconias<\/strong><\/p>\n<p data-start=\"165\" data-end=\"534\">Un dise\u00f1o delicado y lleno de estilo que captura la esencia de la danza. Este collar est\u00e1 elaborado en <strong data-start=\"268\" data-end=\"297\">Plata 925 de alta calidad<\/strong> con una fina cadena tipo forcet que realza la elegancia del dije: una bailarina en movimiento, cuya falda est\u00e1 cuidadosamente adornada con zirconias brillantes que aportan un sutil destello y simbolizan la gracia y fluidez del ballet.<\/p>\n<h3 data-start=\"536\" data-end=\"558\">Caracter\u00edsticas:<\/h3>\n<ul data-start=\"559\" data-end=\"763\">\n<li data-start=\"559\" data-end=\"603\">\n<p data-start=\"561\" data-end=\"603\"><strong data-start=\"561\" data-end=\"574\">Material:<\/strong> Plata 925 de alta calidad.<\/p>\n<\/li>\n<li data-start=\"604\" data-end=\"671\">\n<p data-start=\"606\" data-end=\"671\"><strong data-start=\"606\" data-end=\"615\">Dije:<\/strong> Bailarina de ballet con falda decorada con zirconias.<\/p>\n<\/li>\n<li data-start=\"672\" data-end=\"720\">\n<p data-start=\"674\" data-end=\"720\"><strong data-start=\"674\" data-end=\"685\">Cadena:<\/strong> Tipo forcet, delgada y delicada.<\/p>\n<\/li>\n<li data-start=\"721\" data-end=\"763\">\n<p data-start=\"723\" data-end=\"763\"><strong data-start=\"723\" data-end=\"744\">Medidas del dije:<\/strong> 4.5 cm x 3.5 cm.<\/p>\n<\/li>\n<\/ul>\n<p data-start=\"765\" data-end=\"1031\">Este collar es el accesorio ideal para <strong data-start=\"804\" data-end=\"837\">amantes del ballet y del arte<\/strong>, as\u00ed como para quienes buscan una joya sofisticada y femenina. Perfecto para regalar en ocasiones especiales o para complementar cualquier atuendo con un detalle lleno de gracia y distinci\u00f3n.<\/p>\n","protected":false},"excerpt":{"rendered":"<p>Collar de Plata 925 con Dije de Bailarina y Zirconias Un dise\u00f1o delicado y lleno de estilo que captura la esencia de la danza. Este collar est\u00e1 elaborado en Plata 925 de alta calidad con una fina cadena tipo forcet que realza la elegancia del dije: una bailarina en movimiento, cuya falda est\u00e1 cuidadosamente adornada [&hellip;]<\/p>\n","protected":false},"featured_media":14171,"template":"","meta":{"site-sidebar-layout":"default","site-content-layout":"","ast-site-content-layout":"default","site-content-style":"default","site-sidebar-style":"default","ast-global-header-display":"","ast-banner-title-visibility":"","ast-main-header-display":"","ast-hfb-above-header-display":"","ast-hfb-below-header-display":"","ast-hfb-mobile-header-display":"","site-post-title":"","ast-breadcrumbs-content":"","ast-featured-img":"","footer-sml-layout":"","ast-disable-related-posts":"","theme-transparent-header-meta":"default","adv-header-id-meta":"","stick-header-meta":"","header-above-stick-meta":"","header-main-stick-meta":"","header-below-stick-meta":"","astra-migrate-meta-layouts":"set","ast-page-background-enabled":"default","ast-page-background-meta":{"desktop":{"background-color":"var(--ast-global-color-4)","background-image":"","background-repeat":"repeat","background-position":"center center","background-size":"auto","background-attachment":"scroll","background-type":"","background-media":"","overlay-type":"","overlay-color":"","overlay-opacity":"","overlay-gradient":""},"tablet":{"background-color":"","background-image":"","background-repeat":"repeat","background-position":"center center","background-size":"auto","background-attachment":"scroll","background-type":"","background-media":"","overlay-type":"","overlay-color":"","overlay-opacity":"","overlay-gradient":""},"mobile":{"background-color":"","background-image":"","background-repeat":"repeat","background-position":"center center","background-size":"auto","background-attachment":"scroll","background-type":"","background-media":"","overlay-type":"","overlay-color":"","overlay-opacity":"","overlay-gradient":""}},"ast-content-background-meta":{"desktop":{"background-color":"var(--ast-global-color-5)","background-image":"","background-repeat":"repeat","background-position":"center center","background-size":"auto","background-attachment":"scroll","background-type":"","background-media":"","overlay-type":"","overlay-color":"","overlay-opacity":"","overlay-gradient":""},"tablet":{"background-color":"var(--ast-global-color-5)","background-image":"","background-repeat":"repeat","background-position":"center center","background-size":"auto","background-attachment":"scroll","background-type":"","background-media":"","overlay-type":"","overlay-color":"","overlay-opacity":"","overlay-gradient":""},"mobile":{"background-color":"var(--ast-global-color-5)","background-image":"","background-repeat":"repeat","background-position":"center center","background-size":"auto","background-attachment":"scroll","background-type":"","background-media":"","overlay-type":"","overlay-color":"","overlay-opacity":"","overlay-gradient":""}}},"product_brand":[],"product_cat":[184,187,445],"product_tag":[],"class_list":{"0":"post-14182","1":"product","2":"type-product","3":"status-publish","4":"has-post-thumbnail","6":"product_cat-collares","7":"product_cat-collares-plata-925","8":"product_cat-joyeria","9":"desktop-align-left","10":"tablet-align-left","11":"mobile-align-left","13":"first","14":"instock","15":"shipping-taxable","16":"purchasable","17":"product-type-simple"},"yoast_head":"<!-- This site is optimized with the Yoast SEO plugin v27.3 - https:\/\/yoast.com\/product\/yoast-seo-wordpress\/ -->\n<title>Collar Bailarina y Zirconias Azules - ROSE MVD<\/title>\n<meta name=\"description\" content=\"Collar elaborado en Plata 925 de alta calidad con una fina cadena tipo forcet que realza la elegancia del dije: una bailarina en movimiento\" \/>\n<meta name=\"robots\" content=\"index, follow, max-snippet:-1, max-image-preview:large, max-video-preview:-1\" \/>\n<link rel=\"canonical\" href=\"https:\/\/rosemvd.com\/index.php\/producto\/collar-bailarina-y-zirconias-azules\/\" \/>\n<meta property=\"og:locale\" content=\"es_ES\" \/>\n<meta property=\"og:type\" content=\"article\" \/>\n<meta property=\"og:title\" content=\"Collar Bailarina y Zirconias Azules - ROSE MVD\" \/>\n<meta property=\"og:description\" content=\"Collar elaborado en Plata 925 de alta calidad con una fina cadena tipo forcet que realza la elegancia del dije: una bailarina en movimiento\" \/>\n<meta property=\"og:url\" content=\"https:\/\/rosemvd.com\/index.php\/producto\/collar-bailarina-y-zirconias-azules\/\" \/>\n<meta property=\"og:site_name\" content=\"ROSE MVD\" \/>\n<meta property=\"article:publisher\" content=\"https:\/\/www.facebook.com\/TiendaRoseMvd\" \/>\n<meta property=\"article:modified_time\" content=\"2026-04-20T13:43:44+00:00\" \/>\n<meta property=\"og:image\" content=\"https:\/\/rosemvd.com\/wp-content\/uploads\/2025\/09\/347798e1-9d29-4e1f-a117-a975cf70a02c.jpg\" \/>\n\t<meta property=\"og:image:width\" content=\"1000\" \/>\n\t<meta property=\"og:image:height\" content=\"1000\" \/>\n\t<meta property=\"og:image:type\" content=\"image\/jpeg\" \/>\n<meta name=\"twitter:card\" content=\"summary_large_image\" \/>\n<meta name=\"twitter:label1\" content=\"Tiempo de lectura\" \/>\n\t<meta name=\"twitter:data1\" content=\"1 minuto\" \/>\n<script type=\"application\/ld+json\" class=\"yoast-schema-graph\">{\"@context\":\"https:\\\/\\\/schema.org\",\"@graph\":[{\"@type\":\"WebPage\",\"@id\":\"https:\\\/\\\/rosemvd.com\\\/index.php\\\/producto\\\/collar-bailarina-y-zirconias-azules\\\/\",\"url\":\"https:\\\/\\\/rosemvd.com\\\/index.php\\\/producto\\\/collar-bailarina-y-zirconias-azules\\\/\",\"name\":\"Collar Bailarina y Zirconias Azules - ROSE MVD\",\"isPartOf\":{\"@id\":\"https:\\\/\\\/rosemvd.com\\\/#website\"},\"primaryImageOfPage\":{\"@id\":\"https:\\\/\\\/rosemvd.com\\\/index.php\\\/producto\\\/collar-bailarina-y-zirconias-azules\\\/#primaryimage\"},\"image\":{\"@id\":\"https:\\\/\\\/rosemvd.com\\\/index.php\\\/producto\\\/collar-bailarina-y-zirconias-azules\\\/#primaryimage\"},\"thumbnailUrl\":\"https:\\\/\\\/rosemvd.com\\\/wp-content\\\/uploads\\\/2025\\\/09\\\/347798e1-9d29-4e1f-a117-a975cf70a02c.jpg\",\"datePublished\":\"2025-09-08T16:04:08+00:00\",\"dateModified\":\"2026-04-20T13:43:44+00:00\",\"description\":\"Collar elaborado en Plata 925 de alta calidad con una fina cadena tipo forcet que realza la elegancia del dije: una bailarina en movimiento\",\"breadcrumb\":{\"@id\":\"https:\\\/\\\/rosemvd.com\\\/index.php\\\/producto\\\/collar-bailarina-y-zirconias-azules\\\/#breadcrumb\"},\"inLanguage\":\"es\",\"potentialAction\":[{\"@type\":\"ReadAction\",\"target\":[\"https:\\\/\\\/rosemvd.com\\\/index.php\\\/producto\\\/collar-bailarina-y-zirconias-azules\\\/\"]}]},{\"@type\":\"ImageObject\",\"inLanguage\":\"es\",\"@id\":\"https:\\\/\\\/rosemvd.com\\\/index.php\\\/producto\\\/collar-bailarina-y-zirconias-azules\\\/#primaryimage\",\"url\":\"https:\\\/\\\/rosemvd.com\\\/wp-content\\\/uploads\\\/2025\\\/09\\\/347798e1-9d29-4e1f-a117-a975cf70a02c.jpg\",\"contentUrl\":\"https:\\\/\\\/rosemvd.com\\\/wp-content\\\/uploads\\\/2025\\\/09\\\/347798e1-9d29-4e1f-a117-a975cf70a02c.jpg\",\"width\":1000,\"height\":1000},{\"@type\":\"BreadcrumbList\",\"@id\":\"https:\\\/\\\/rosemvd.com\\\/index.php\\\/producto\\\/collar-bailarina-y-zirconias-azules\\\/#breadcrumb\",\"itemListElement\":[{\"@type\":\"ListItem\",\"position\":1,\"name\":\"Portada\",\"item\":\"https:\\\/\\\/rosemvd.com\\\/\"},{\"@type\":\"ListItem\",\"position\":2,\"name\":\"Tienda\",\"item\":\"https:\\\/\\\/rosemvd.com\\\/index.php\\\/tienda\\\/\"},{\"@type\":\"ListItem\",\"position\":3,\"name\":\"Collar Bailarina y Zirconias Azules\"}]},{\"@type\":\"WebSite\",\"@id\":\"https:\\\/\\\/rosemvd.com\\\/#website\",\"url\":\"https:\\\/\\\/rosemvd.com\\\/\",\"name\":\"ROSE MVD\",\"description\":\"Todo lo que no sab\u00edas que necesitabas, lo \u00faltimo en tendencia, utilidad e innovaci\u00f3n\",\"publisher\":{\"@id\":\"https:\\\/\\\/rosemvd.com\\\/#organization\"},\"potentialAction\":[{\"@type\":\"SearchAction\",\"target\":{\"@type\":\"EntryPoint\",\"urlTemplate\":\"https:\\\/\\\/rosemvd.com\\\/?s={search_term_string}\"},\"query-input\":{\"@type\":\"PropertyValueSpecification\",\"valueRequired\":true,\"valueName\":\"search_term_string\"}}],\"inLanguage\":\"es\"},{\"@type\":\"Organization\",\"@id\":\"https:\\\/\\\/rosemvd.com\\\/#organization\",\"name\":\"ROSE MVD\",\"alternateName\":\"ROSE MVD\",\"url\":\"https:\\\/\\\/rosemvd.com\\\/\",\"logo\":{\"@type\":\"ImageObject\",\"inLanguage\":\"es\",\"@id\":\"https:\\\/\\\/rosemvd.com\\\/#\\\/schema\\\/logo\\\/image\\\/\",\"url\":\"https:\\\/\\\/rosemvd.com\\\/wp-content\\\/uploads\\\/2023\\\/03\\\/Sin-titulo-2_Mesa-de-trabajo-1.png\",\"contentUrl\":\"https:\\\/\\\/rosemvd.com\\\/wp-content\\\/uploads\\\/2023\\\/03\\\/Sin-titulo-2_Mesa-de-trabajo-1.png\",\"width\":2084,\"height\":2084,\"caption\":\"ROSE MVD\"},\"image\":{\"@id\":\"https:\\\/\\\/rosemvd.com\\\/#\\\/schema\\\/logo\\\/image\\\/\"},\"sameAs\":[\"https:\\\/\\\/www.facebook.com\\\/TiendaRoseMvd\",\"https:\\\/\\\/www.instagram.com\\\/rose.mvd\"]}]}<\/script>\n<!-- \/ Yoast SEO plugin. -->","yoast_head_json":{"title":"Collar Bailarina y Zirconias Azules - ROSE MVD","description":"Collar elaborado en Plata 925 de alta calidad con una fina cadena tipo forcet que realza la elegancia del dije: una bailarina en movimiento","robots":{"index":"index","follow":"follow","max-snippet":"max-snippet:-1","max-image-preview":"max-image-preview:large","max-video-preview":"max-video-preview:-1"},"canonical":"https:\/\/rosemvd.com\/index.php\/producto\/collar-bailarina-y-zirconias-azules\/","og_locale":"es_ES","og_type":"article","og_title":"Collar Bailarina y Zirconias Azules - ROSE MVD","og_description":"Collar elaborado en Plata 925 de alta calidad con una fina cadena tipo forcet que realza la elegancia del dije: una bailarina en movimiento","og_url":"https:\/\/rosemvd.com\/index.php\/producto\/collar-bailarina-y-zirconias-azules\/","og_site_name":"ROSE MVD","article_publisher":"https:\/\/www.facebook.com\/TiendaRoseMvd","article_modified_time":"2026-04-20T13:43:44+00:00","og_image":[{"width":1000,"height":1000,"url":"https:\/\/rosemvd.com\/wp-content\/uploads\/2025\/09\/347798e1-9d29-4e1f-a117-a975cf70a02c.jpg","type":"image\/jpeg"}],"twitter_card":"summary_large_image","twitter_misc":{"Tiempo de lectura":"1 minuto"},"schema":{"@context":"https:\/\/schema.org","@graph":[{"@type":"WebPage","@id":"https:\/\/rosemvd.com\/index.php\/producto\/collar-bailarina-y-zirconias-azules\/","url":"https:\/\/rosemvd.com\/index.php\/producto\/collar-bailarina-y-zirconias-azules\/","name":"Collar Bailarina y Zirconias Azules - ROSE MVD","isPartOf":{"@id":"https:\/\/rosemvd.com\/#website"},"primaryImageOfPage":{"@id":"https:\/\/rosemvd.com\/index.php\/producto\/collar-bailarina-y-zirconias-azules\/#primaryimage"},"image":{"@id":"https:\/\/rosemvd.com\/index.php\/producto\/collar-bailarina-y-zirconias-azules\/#primaryimage"},"thumbnailUrl":"https:\/\/rosemvd.com\/wp-content\/uploads\/2025\/09\/347798e1-9d29-4e1f-a117-a975cf70a02c.jpg","datePublished":"2025-09-08T16:04:08+00:00","dateModified":"2026-04-20T13:43:44+00:00","description":"Collar elaborado en Plata 925 de alta calidad con una fina cadena tipo forcet que realza la elegancia del dije: una bailarina en movimiento","breadcrumb":{"@id":"https:\/\/rosemvd.com\/index.php\/producto\/collar-bailarina-y-zirconias-azules\/#breadcrumb"},"inLanguage":"es","potentialAction":[{"@type":"ReadAction","target":["https:\/\/rosemvd.com\/index.php\/producto\/collar-bailarina-y-zirconias-azules\/"]}]},{"@type":"ImageObject","inLanguage":"es","@id":"https:\/\/rosemvd.com\/index.php\/producto\/collar-bailarina-y-zirconias-azules\/#primaryimage","url":"https:\/\/rosemvd.com\/wp-content\/uploads\/2025\/09\/347798e1-9d29-4e1f-a117-a975cf70a02c.jpg","contentUrl":"https:\/\/rosemvd.com\/wp-content\/uploads\/2025\/09\/347798e1-9d29-4e1f-a117-a975cf70a02c.jpg","width":1000,"height":1000},{"@type":"BreadcrumbList","@id":"https:\/\/rosemvd.com\/index.php\/producto\/collar-bailarina-y-zirconias-azules\/#breadcrumb","itemListElement":[{"@type":"ListItem","position":1,"name":"Portada","item":"https:\/\/rosemvd.com\/"},{"@type":"ListItem","position":2,"name":"Tienda","item":"https:\/\/rosemvd.com\/index.php\/tienda\/"},{"@type":"ListItem","position":3,"name":"Collar Bailarina y Zirconias Azules"}]},{"@type":"WebSite","@id":"https:\/\/rosemvd.com\/#website","url":"https:\/\/rosemvd.com\/","name":"ROSE MVD","description":"Todo lo que no sab\u00edas que necesitabas, lo \u00faltimo en tendencia, utilidad e innovaci\u00f3n","publisher":{"@id":"https:\/\/rosemvd.com\/#organization"},"potentialAction":[{"@type":"SearchAction","target":{"@type":"EntryPoint","urlTemplate":"https:\/\/rosemvd.com\/?s={search_term_string}"},"query-input":{"@type":"PropertyValueSpecification","valueRequired":true,"valueName":"search_term_string"}}],"inLanguage":"es"},{"@type":"Organization","@id":"https:\/\/rosemvd.com\/#organization","name":"ROSE MVD","alternateName":"ROSE MVD","url":"https:\/\/rosemvd.com\/","logo":{"@type":"ImageObject","inLanguage":"es","@id":"https:\/\/rosemvd.com\/#\/schema\/logo\/image\/","url":"https:\/\/rosemvd.com\/wp-content\/uploads\/2023\/03\/Sin-titulo-2_Mesa-de-trabajo-1.png","contentUrl":"https:\/\/rosemvd.com\/wp-content\/uploads\/2023\/03\/Sin-titulo-2_Mesa-de-trabajo-1.png","width":2084,"height":2084,"caption":"ROSE MVD"},"image":{"@id":"https:\/\/rosemvd.com\/#\/schema\/logo\/image\/"},"sameAs":["https:\/\/www.facebook.com\/TiendaRoseMvd","https:\/\/www.instagram.com\/rose.mvd"]}]}},"_links":{"self":[{"href":"https:\/\/rosemvd.com\/index.php\/wp-json\/wp\/v2\/product\/14182","targetHints":{"allow":["GET"]}}],"collection":[{"href":"https:\/\/rosemvd.com\/index.php\/wp-json\/wp\/v2\/product"}],"about":[{"href":"https:\/\/rosemvd.com\/index.php\/wp-json\/wp\/v2\/types\/product"}],"wp:featuredmedia":[{"embeddable":true,"href":"https:\/\/rosemvd.com\/index.php\/wp-json\/wp\/v2\/media\/14171"}],"wp:attachment":[{"href":"https:\/\/rosemvd.com\/index.php\/wp-json\/wp\/v2\/media?parent=14182"}],"wp:term":[{"taxonomy":"product_brand","embeddable":true,"href":"https:\/\/rosemvd.com\/index.php\/wp-json\/wp\/v2\/product_brand?post=14182"},{"taxonomy":"product_cat","embeddable":true,"href":"https:\/\/rosemvd.com\/index.php\/wp-json\/wp\/v2\/product_cat?post=14182"},{"taxonomy":"product_tag","embeddable":true,"href":"https:\/\/rosemvd.com\/index.php\/wp-json\/wp\/v2\/product_tag?post=14182"}],"curies":[{"name":"wp","href":"https:\/\/api.w.org\/{rel}","templated":true}]}}