{"id":13930,"date":"2025-08-18T18:47:35","date_gmt":"2025-08-18T21:47:35","guid":{"rendered":"https:\/\/rosemvd.com\/?post_type=product&#038;p=13930"},"modified":"2026-04-21T22:26:54","modified_gmt":"2026-04-22T01:26:54","slug":"localizador-de-llaves-con-4-receptores","status":"publish","type":"product","link":"https:\/\/rosemvd.com\/index.php\/producto\/localizador-de-llaves-con-4-receptores\/","title":{"rendered":"Localizador De Llaves Con 4 Receptores"},"content":{"rendered":"<p data-start=\"77\" data-end=\"154\"><strong data-start=\"77\" data-end=\"152\">Localizador Inal\u00e1mbrico de Llaves y Pertenencias con LED \u2013 4 Receptores<\/strong><\/p>\n<p data-start=\"156\" data-end=\"391\">Encuentra tus objetos en segundos y olv\u00eddate del estr\u00e9s de buscarlos. Este pr\u00e1ctico localizador inal\u00e1mbrico con <strong data-start=\"268\" data-end=\"298\">alcance de hasta 40 metros<\/strong> te ayuda a rastrear llaves, carteras, mandos, mascotas y m\u00e1s, con solo presionar un bot\u00f3n.<\/p>\n<p data-start=\"393\" data-end=\"427\"><strong data-start=\"393\" data-end=\"425\">Caracter\u00edsticas principales:<\/strong><\/p>\n<ul data-start=\"428\" data-end=\"919\">\n<li data-start=\"428\" data-end=\"518\">\n<p data-start=\"430\" data-end=\"518\"><strong data-start=\"430\" data-end=\"460\">B\u00fasqueda r\u00e1pida y precisa:<\/strong> Localiza tus pertenencias con un alcance de hasta 40 m.<\/p>\n<\/li>\n<li data-start=\"519\" data-end=\"607\">\n<p data-start=\"521\" data-end=\"607\"><strong data-start=\"521\" data-end=\"551\">Iluminaci\u00f3n LED integrada:<\/strong> Ideal para encontrar objetos incluso en la oscuridad.<\/p>\n<\/li>\n<li data-start=\"608\" data-end=\"681\">\n<p data-start=\"610\" data-end=\"681\"><strong data-start=\"610\" data-end=\"637\">4 receptores incluidos:<\/strong> Rastrea varios art\u00edculos al mismo tiempo.<\/p>\n<\/li>\n<li data-start=\"682\" data-end=\"759\">\n<p data-start=\"684\" data-end=\"759\"><strong data-start=\"684\" data-end=\"702\">Base de apoyo:<\/strong> Mant\u00e9n el transmisor siempre a mano en casa u oficina.<\/p>\n<\/li>\n<li data-start=\"760\" data-end=\"842\">\n<p data-start=\"762\" data-end=\"842\"><strong data-start=\"762\" data-end=\"793\">Dise\u00f1o elegante y compacto:<\/strong> Color negro que combina con cualquier entorno.<\/p>\n<\/li>\n<li data-start=\"843\" data-end=\"919\">\n<p data-start=\"845\" data-end=\"919\"><strong data-start=\"845\" data-end=\"878\">Funcionamiento sin Bluetooth:<\/strong> Conexi\u00f3n directa y sin complicaciones.<\/p>\n<\/li>\n<\/ul>\n<p data-start=\"921\" data-end=\"935\"><strong data-start=\"921\" data-end=\"933\">Incluye:<\/strong><\/p>\n<ul data-start=\"936\" data-end=\"1029\">\n<li data-start=\"936\" data-end=\"952\">\n<p data-start=\"938\" data-end=\"952\">1 transmisor<\/p>\n<\/li>\n<li data-start=\"953\" data-end=\"991\">\n<p data-start=\"955\" data-end=\"991\">4 receptores codificados por color<\/p>\n<\/li>\n<li data-start=\"992\" data-end=\"1011\">\n<p data-start=\"994\" data-end=\"1011\">Base de soporte<\/p>\n<\/li>\n<li data-start=\"1012\" data-end=\"1029\">\n<p data-start=\"1014\" data-end=\"1029\">Manual de uso<\/p>\n<\/li>\n<\/ul>\n<p data-start=\"1031\" data-end=\"1151\">Ideal para personas con un ritmo de vida ajetreado o para quienes tienden a extraviar sus pertenencias con frecuencia.<\/p>\n","protected":false},"excerpt":{"rendered":"<p>Localizador Inal\u00e1mbrico de Llaves y Pertenencias con LED \u2013 4 Receptores Encuentra tus objetos en segundos y olv\u00eddate del estr\u00e9s de buscarlos. Este pr\u00e1ctico localizador inal\u00e1mbrico con alcance de hasta 40 metros te ayuda a rastrear llaves, carteras, mandos, mascotas y m\u00e1s, con solo presionar un bot\u00f3n. Caracter\u00edsticas principales: B\u00fasqueda r\u00e1pida y precisa: Localiza tus [&hellip;]<\/p>\n","protected":false},"featured_media":13934,"template":"","meta":{"site-sidebar-layout":"default","site-content-layout":"","ast-site-content-layout":"default","site-content-style":"default","site-sidebar-style":"default","ast-global-header-display":"","ast-banner-title-visibility":"","ast-main-header-display":"","ast-hfb-above-header-display":"","ast-hfb-below-header-display":"","ast-hfb-mobile-header-display":"","site-post-title":"","ast-breadcrumbs-content":"","ast-featured-img":"","footer-sml-layout":"","ast-disable-related-posts":"","theme-transparent-header-meta":"default","adv-header-id-meta":"","stick-header-meta":"","header-above-stick-meta":"","header-main-stick-meta":"","header-below-stick-meta":"","astra-migrate-meta-layouts":"set","ast-page-background-enabled":"default","ast-page-background-meta":{"desktop":{"background-color":"var(--ast-global-color-4)","background-image":"","background-repeat":"repeat","background-position":"center center","background-size":"auto","background-attachment":"scroll","background-type":"","background-media":"","overlay-type":"","overlay-color":"","overlay-opacity":"","overlay-gradient":""},"tablet":{"background-color":"","background-image":"","background-repeat":"repeat","background-position":"center center","background-size":"auto","background-attachment":"scroll","background-type":"","background-media":"","overlay-type":"","overlay-color":"","overlay-opacity":"","overlay-gradient":""},"mobile":{"background-color":"","background-image":"","background-repeat":"repeat","background-position":"center center","background-size":"auto","background-attachment":"scroll","background-type":"","background-media":"","overlay-type":"","overlay-color":"","overlay-opacity":"","overlay-gradient":""}},"ast-content-background-meta":{"desktop":{"background-color":"var(--ast-global-color-5)","background-image":"","background-repeat":"repeat","background-position":"center center","background-size":"auto","background-attachment":"scroll","background-type":"","background-media":"","overlay-type":"","overlay-color":"","overlay-opacity":"","overlay-gradient":""},"tablet":{"background-color":"var(--ast-global-color-5)","background-image":"","background-repeat":"repeat","background-position":"center center","background-size":"auto","background-attachment":"scroll","background-type":"","background-media":"","overlay-type":"","overlay-color":"","overlay-opacity":"","overlay-gradient":""},"mobile":{"background-color":"var(--ast-global-color-5)","background-image":"","background-repeat":"repeat","background-position":"center center","background-size":"auto","background-attachment":"scroll","background-type":"","background-media":"","overlay-type":"","overlay-color":"","overlay-opacity":"","overlay-gradient":""}}},"product_brand":[],"product_cat":[368,458,448],"product_tag":[],"class_list":{"0":"post-13930","1":"product","2":"type-product","3":"status-publish","4":"has-post-thumbnail","6":"product_cat-otros","7":"product_cat-tecnologia-y-gadgets","8":"product_cat-tecnologia-y-hogar","9":"desktop-align-left","10":"tablet-align-left","11":"mobile-align-left","13":"first","14":"instock","15":"shipping-taxable","16":"purchasable","17":"product-type-simple"},"yoast_head":"<!-- This site is optimized with the Yoast SEO plugin v27.3 - https:\/\/yoast.com\/product\/yoast-seo-wordpress\/ -->\n<title>Localizador De Llaves Con 4 Receptores - ROSE MVD<\/title>\n<meta name=\"description\" content=\"Encuentra tus objetos en segundos y olv\u00eddate del estr\u00e9s de buscarlos. Pr\u00e1ctico localizador inal\u00e1mbrico con alcance de hasta 40 metros\" \/>\n<meta name=\"robots\" content=\"index, follow, max-snippet:-1, max-image-preview:large, max-video-preview:-1\" \/>\n<link rel=\"canonical\" href=\"https:\/\/rosemvd.com\/index.php\/producto\/localizador-de-llaves-con-4-receptores\/\" \/>\n<meta property=\"og:locale\" content=\"es_ES\" \/>\n<meta property=\"og:type\" content=\"article\" \/>\n<meta property=\"og:title\" content=\"Localizador De Llaves Con 4 Receptores - ROSE MVD\" \/>\n<meta property=\"og:description\" content=\"Encuentra tus objetos en segundos y olv\u00eddate del estr\u00e9s de buscarlos. Pr\u00e1ctico localizador inal\u00e1mbrico con alcance de hasta 40 metros\" \/>\n<meta property=\"og:url\" content=\"https:\/\/rosemvd.com\/index.php\/producto\/localizador-de-llaves-con-4-receptores\/\" \/>\n<meta property=\"og:site_name\" content=\"ROSE MVD\" \/>\n<meta property=\"article:publisher\" content=\"https:\/\/www.facebook.com\/TiendaRoseMvd\" \/>\n<meta property=\"article:modified_time\" content=\"2026-04-22T01:26:54+00:00\" \/>\n<meta property=\"og:image\" content=\"https:\/\/rosemvd.com\/wp-content\/uploads\/2025\/08\/D_NQ_NP_2X_717468-MLU73265572665_122023-F.webp\" \/>\n\t<meta property=\"og:image:width\" content=\"526\" \/>\n\t<meta property=\"og:image:height\" content=\"549\" \/>\n\t<meta property=\"og:image:type\" content=\"image\/webp\" \/>\n<meta name=\"twitter:card\" content=\"summary_large_image\" \/>\n<meta name=\"twitter:label1\" content=\"Tiempo de lectura\" \/>\n\t<meta name=\"twitter:data1\" content=\"1 minuto\" \/>\n<script type=\"application\/ld+json\" class=\"yoast-schema-graph\">{\"@context\":\"https:\\\/\\\/schema.org\",\"@graph\":[{\"@type\":\"WebPage\",\"@id\":\"https:\\\/\\\/rosemvd.com\\\/index.php\\\/producto\\\/localizador-de-llaves-con-4-receptores\\\/\",\"url\":\"https:\\\/\\\/rosemvd.com\\\/index.php\\\/producto\\\/localizador-de-llaves-con-4-receptores\\\/\",\"name\":\"Localizador De Llaves Con 4 Receptores - ROSE MVD\",\"isPartOf\":{\"@id\":\"https:\\\/\\\/rosemvd.com\\\/#website\"},\"primaryImageOfPage\":{\"@id\":\"https:\\\/\\\/rosemvd.com\\\/index.php\\\/producto\\\/localizador-de-llaves-con-4-receptores\\\/#primaryimage\"},\"image\":{\"@id\":\"https:\\\/\\\/rosemvd.com\\\/index.php\\\/producto\\\/localizador-de-llaves-con-4-receptores\\\/#primaryimage\"},\"thumbnailUrl\":\"https:\\\/\\\/rosemvd.com\\\/wp-content\\\/uploads\\\/2025\\\/08\\\/D_NQ_NP_2X_717468-MLU73265572665_122023-F.webp\",\"datePublished\":\"2025-08-18T21:47:35+00:00\",\"dateModified\":\"2026-04-22T01:26:54+00:00\",\"description\":\"Encuentra tus objetos en segundos y olv\u00eddate del estr\u00e9s de buscarlos. Pr\u00e1ctico localizador inal\u00e1mbrico con alcance de hasta 40 metros\",\"breadcrumb\":{\"@id\":\"https:\\\/\\\/rosemvd.com\\\/index.php\\\/producto\\\/localizador-de-llaves-con-4-receptores\\\/#breadcrumb\"},\"inLanguage\":\"es\",\"potentialAction\":[{\"@type\":\"ReadAction\",\"target\":[\"https:\\\/\\\/rosemvd.com\\\/index.php\\\/producto\\\/localizador-de-llaves-con-4-receptores\\\/\"]}]},{\"@type\":\"ImageObject\",\"inLanguage\":\"es\",\"@id\":\"https:\\\/\\\/rosemvd.com\\\/index.php\\\/producto\\\/localizador-de-llaves-con-4-receptores\\\/#primaryimage\",\"url\":\"https:\\\/\\\/rosemvd.com\\\/wp-content\\\/uploads\\\/2025\\\/08\\\/D_NQ_NP_2X_717468-MLU73265572665_122023-F.webp\",\"contentUrl\":\"https:\\\/\\\/rosemvd.com\\\/wp-content\\\/uploads\\\/2025\\\/08\\\/D_NQ_NP_2X_717468-MLU73265572665_122023-F.webp\",\"width\":526,\"height\":549},{\"@type\":\"BreadcrumbList\",\"@id\":\"https:\\\/\\\/rosemvd.com\\\/index.php\\\/producto\\\/localizador-de-llaves-con-4-receptores\\\/#breadcrumb\",\"itemListElement\":[{\"@type\":\"ListItem\",\"position\":1,\"name\":\"Portada\",\"item\":\"https:\\\/\\\/rosemvd.com\\\/\"},{\"@type\":\"ListItem\",\"position\":2,\"name\":\"Tienda\",\"item\":\"https:\\\/\\\/rosemvd.com\\\/index.php\\\/tienda\\\/\"},{\"@type\":\"ListItem\",\"position\":3,\"name\":\"Localizador De Llaves Con 4 Receptores\"}]},{\"@type\":\"WebSite\",\"@id\":\"https:\\\/\\\/rosemvd.com\\\/#website\",\"url\":\"https:\\\/\\\/rosemvd.com\\\/\",\"name\":\"ROSE MVD\",\"description\":\"Todo lo que buscas lo pod\u00e9s encontrar en rose mvd, especializados en traer todas las cosas nuevas en tendencia y accesorios diferentes y \u00fanicos.\",\"publisher\":{\"@id\":\"https:\\\/\\\/rosemvd.com\\\/#organization\"},\"potentialAction\":[{\"@type\":\"SearchAction\",\"target\":{\"@type\":\"EntryPoint\",\"urlTemplate\":\"https:\\\/\\\/rosemvd.com\\\/?s={search_term_string}\"},\"query-input\":{\"@type\":\"PropertyValueSpecification\",\"valueRequired\":true,\"valueName\":\"search_term_string\"}}],\"inLanguage\":\"es\"},{\"@type\":\"Organization\",\"@id\":\"https:\\\/\\\/rosemvd.com\\\/#organization\",\"name\":\"ROSE MVD\",\"alternateName\":\"ROSE MVD\",\"url\":\"https:\\\/\\\/rosemvd.com\\\/\",\"logo\":{\"@type\":\"ImageObject\",\"inLanguage\":\"es\",\"@id\":\"https:\\\/\\\/rosemvd.com\\\/#\\\/schema\\\/logo\\\/image\\\/\",\"url\":\"https:\\\/\\\/rosemvd.com\\\/wp-content\\\/uploads\\\/2023\\\/03\\\/Sin-titulo-2_Mesa-de-trabajo-1.png\",\"contentUrl\":\"https:\\\/\\\/rosemvd.com\\\/wp-content\\\/uploads\\\/2023\\\/03\\\/Sin-titulo-2_Mesa-de-trabajo-1.png\",\"width\":2084,\"height\":2084,\"caption\":\"ROSE MVD\"},\"image\":{\"@id\":\"https:\\\/\\\/rosemvd.com\\\/#\\\/schema\\\/logo\\\/image\\\/\"},\"sameAs\":[\"https:\\\/\\\/www.facebook.com\\\/TiendaRoseMvd\",\"https:\\\/\\\/www.instagram.com\\\/rose.mvd\"]}]}<\/script>\n<!-- \/ Yoast SEO plugin. -->","yoast_head_json":{"title":"Localizador De Llaves Con 4 Receptores - ROSE MVD","description":"Encuentra tus objetos en segundos y olv\u00eddate del estr\u00e9s de buscarlos. Pr\u00e1ctico localizador inal\u00e1mbrico con alcance de hasta 40 metros","robots":{"index":"index","follow":"follow","max-snippet":"max-snippet:-1","max-image-preview":"max-image-preview:large","max-video-preview":"max-video-preview:-1"},"canonical":"https:\/\/rosemvd.com\/index.php\/producto\/localizador-de-llaves-con-4-receptores\/","og_locale":"es_ES","og_type":"article","og_title":"Localizador De Llaves Con 4 Receptores - ROSE MVD","og_description":"Encuentra tus objetos en segundos y olv\u00eddate del estr\u00e9s de buscarlos. Pr\u00e1ctico localizador inal\u00e1mbrico con alcance de hasta 40 metros","og_url":"https:\/\/rosemvd.com\/index.php\/producto\/localizador-de-llaves-con-4-receptores\/","og_site_name":"ROSE MVD","article_publisher":"https:\/\/www.facebook.com\/TiendaRoseMvd","article_modified_time":"2026-04-22T01:26:54+00:00","og_image":[{"width":526,"height":549,"url":"https:\/\/rosemvd.com\/wp-content\/uploads\/2025\/08\/D_NQ_NP_2X_717468-MLU73265572665_122023-F.webp","type":"image\/webp"}],"twitter_card":"summary_large_image","twitter_misc":{"Tiempo de lectura":"1 minuto"},"schema":{"@context":"https:\/\/schema.org","@graph":[{"@type":"WebPage","@id":"https:\/\/rosemvd.com\/index.php\/producto\/localizador-de-llaves-con-4-receptores\/","url":"https:\/\/rosemvd.com\/index.php\/producto\/localizador-de-llaves-con-4-receptores\/","name":"Localizador De Llaves Con 4 Receptores - ROSE MVD","isPartOf":{"@id":"https:\/\/rosemvd.com\/#website"},"primaryImageOfPage":{"@id":"https:\/\/rosemvd.com\/index.php\/producto\/localizador-de-llaves-con-4-receptores\/#primaryimage"},"image":{"@id":"https:\/\/rosemvd.com\/index.php\/producto\/localizador-de-llaves-con-4-receptores\/#primaryimage"},"thumbnailUrl":"https:\/\/rosemvd.com\/wp-content\/uploads\/2025\/08\/D_NQ_NP_2X_717468-MLU73265572665_122023-F.webp","datePublished":"2025-08-18T21:47:35+00:00","dateModified":"2026-04-22T01:26:54+00:00","description":"Encuentra tus objetos en segundos y olv\u00eddate del estr\u00e9s de buscarlos. Pr\u00e1ctico localizador inal\u00e1mbrico con alcance de hasta 40 metros","breadcrumb":{"@id":"https:\/\/rosemvd.com\/index.php\/producto\/localizador-de-llaves-con-4-receptores\/#breadcrumb"},"inLanguage":"es","potentialAction":[{"@type":"ReadAction","target":["https:\/\/rosemvd.com\/index.php\/producto\/localizador-de-llaves-con-4-receptores\/"]}]},{"@type":"ImageObject","inLanguage":"es","@id":"https:\/\/rosemvd.com\/index.php\/producto\/localizador-de-llaves-con-4-receptores\/#primaryimage","url":"https:\/\/rosemvd.com\/wp-content\/uploads\/2025\/08\/D_NQ_NP_2X_717468-MLU73265572665_122023-F.webp","contentUrl":"https:\/\/rosemvd.com\/wp-content\/uploads\/2025\/08\/D_NQ_NP_2X_717468-MLU73265572665_122023-F.webp","width":526,"height":549},{"@type":"BreadcrumbList","@id":"https:\/\/rosemvd.com\/index.php\/producto\/localizador-de-llaves-con-4-receptores\/#breadcrumb","itemListElement":[{"@type":"ListItem","position":1,"name":"Portada","item":"https:\/\/rosemvd.com\/"},{"@type":"ListItem","position":2,"name":"Tienda","item":"https:\/\/rosemvd.com\/index.php\/tienda\/"},{"@type":"ListItem","position":3,"name":"Localizador De Llaves Con 4 Receptores"}]},{"@type":"WebSite","@id":"https:\/\/rosemvd.com\/#website","url":"https:\/\/rosemvd.com\/","name":"ROSE MVD","description":"Todo lo que buscas lo pod\u00e9s encontrar en rose mvd, especializados en traer todas las cosas nuevas en tendencia y accesorios diferentes y \u00fanicos.","publisher":{"@id":"https:\/\/rosemvd.com\/#organization"},"potentialAction":[{"@type":"SearchAction","target":{"@type":"EntryPoint","urlTemplate":"https:\/\/rosemvd.com\/?s={search_term_string}"},"query-input":{"@type":"PropertyValueSpecification","valueRequired":true,"valueName":"search_term_string"}}],"inLanguage":"es"},{"@type":"Organization","@id":"https:\/\/rosemvd.com\/#organization","name":"ROSE MVD","alternateName":"ROSE MVD","url":"https:\/\/rosemvd.com\/","logo":{"@type":"ImageObject","inLanguage":"es","@id":"https:\/\/rosemvd.com\/#\/schema\/logo\/image\/","url":"https:\/\/rosemvd.com\/wp-content\/uploads\/2023\/03\/Sin-titulo-2_Mesa-de-trabajo-1.png","contentUrl":"https:\/\/rosemvd.com\/wp-content\/uploads\/2023\/03\/Sin-titulo-2_Mesa-de-trabajo-1.png","width":2084,"height":2084,"caption":"ROSE MVD"},"image":{"@id":"https:\/\/rosemvd.com\/#\/schema\/logo\/image\/"},"sameAs":["https:\/\/www.facebook.com\/TiendaRoseMvd","https:\/\/www.instagram.com\/rose.mvd"]}]}},"_links":{"self":[{"href":"https:\/\/rosemvd.com\/index.php\/wp-json\/wp\/v2\/product\/13930","targetHints":{"allow":["GET"]}}],"collection":[{"href":"https:\/\/rosemvd.com\/index.php\/wp-json\/wp\/v2\/product"}],"about":[{"href":"https:\/\/rosemvd.com\/index.php\/wp-json\/wp\/v2\/types\/product"}],"wp:featuredmedia":[{"embeddable":true,"href":"https:\/\/rosemvd.com\/index.php\/wp-json\/wp\/v2\/media\/13934"}],"wp:attachment":[{"href":"https:\/\/rosemvd.com\/index.php\/wp-json\/wp\/v2\/media?parent=13930"}],"wp:term":[{"taxonomy":"product_brand","embeddable":true,"href":"https:\/\/rosemvd.com\/index.php\/wp-json\/wp\/v2\/product_brand?post=13930"},{"taxonomy":"product_cat","embeddable":true,"href":"https:\/\/rosemvd.com\/index.php\/wp-json\/wp\/v2\/product_cat?post=13930"},{"taxonomy":"product_tag","embeddable":true,"href":"https:\/\/rosemvd.com\/index.php\/wp-json\/wp\/v2\/product_tag?post=13930"}],"curies":[{"name":"wp","href":"https:\/\/api.w.org\/{rel}","templated":true}]}}