{"id":13849,"date":"2025-08-11T13:09:51","date_gmt":"2025-08-11T16:09:51","guid":{"rendered":"https:\/\/rosemvd.com\/?post_type=product&#038;p=13849"},"modified":"2026-04-21T15:44:36","modified_gmt":"2026-04-21T18:44:36","slug":"unas-stickers-en-gel-facil-aplicacion","status":"publish","type":"product","link":"https:\/\/rosemvd.com\/index.php\/producto\/unas-stickers-en-gel-facil-aplicacion\/","title":{"rendered":"U\u00f1as Stickers En Gel F\u00e1cil Aplicaci\u00f3n"},"content":{"rendered":"<p data-start=\"76\" data-end=\"141\"><strong data-start=\"76\" data-end=\"139\">U\u00f1as en Gel Autoadhesivas \u2013 Manicura Profesional en Minutos<\/strong><\/p>\n<p data-start=\"143\" data-end=\"405\">Consigue una manicura de aspecto profesional sin salir de casa con nuestras u\u00f1as en gel en formato sticker. Est\u00e1n fabricadas en poliuretano (PU) de alta calidad y recubiertas con aut\u00e9ntico gel, disponibles en acabado mate o brilloso para adaptarse a tu estilo.<\/p>\n<p data-start=\"407\" data-end=\"585\"><strong data-start=\"407\" data-end=\"429\">F\u00e1ciles de aplicar<\/strong>: Solo col\u00f3calas sobre tu u\u00f1a natural y presiona suavemente. En pocos minutos tendr\u00e1s un look impecable, sin necesidad de l\u00e1mparas UV ni tiempo de secado.<\/p>\n<p data-start=\"587\" data-end=\"741\"><strong data-start=\"587\" data-end=\"614\">Duraderas y resistentes<\/strong>: Mantienen su brillo y forma hasta por 12 d\u00edas. Son resistentes a astillarse y no alteran la estructura natural de tus u\u00f1as.<\/p>\n<p data-start=\"743\" data-end=\"772\"><strong data-start=\"743\" data-end=\"769\">Beneficios principales<\/strong>:<\/p>\n<ul data-start=\"773\" data-end=\"995\">\n<li data-start=\"773\" data-end=\"827\">\n<p data-start=\"775\" data-end=\"827\">Manicura en gel de larga duraci\u00f3n (hasta 12 d\u00edas).<\/p>\n<\/li>\n<li data-start=\"828\" data-end=\"860\">\n<p data-start=\"830\" data-end=\"860\">Acabado profesional en casa.<\/p>\n<\/li>\n<li data-start=\"861\" data-end=\"926\">\n<p data-start=\"863\" data-end=\"926\">Sin tiempo de secado ni necesidad de herramientas especiales.<\/p>\n<\/li>\n<li data-start=\"927\" data-end=\"965\">\n<p data-start=\"929\" data-end=\"965\">F\u00f3rmula flexible que no se arruga.<\/p>\n<\/li>\n<li data-start=\"966\" data-end=\"995\">\n<p data-start=\"968\" data-end=\"995\">Retiro f\u00e1cil y no da\u00f1ino.<\/p>\n<\/li>\n<\/ul>\n<p data-start=\"997\" data-end=\"1081\">Disfruta de u\u00f1as perfectas, c\u00f3modas y sin esfuerzo, listas para cualquier ocasi\u00f3n.<\/p>\n","protected":false},"excerpt":{"rendered":"<p>U\u00f1as en Gel Autoadhesivas \u2013 Manicura Profesional en Minutos Consigue una manicura de aspecto profesional sin salir de casa con nuestras u\u00f1as en gel en formato sticker. Est\u00e1n fabricadas en poliuretano (PU) de alta calidad y recubiertas con aut\u00e9ntico gel, disponibles en acabado mate o brilloso para adaptarse a tu estilo. F\u00e1ciles de aplicar: Solo [&hellip;]<\/p>\n","protected":false},"featured_media":13877,"template":"","meta":{"site-sidebar-layout":"default","site-content-layout":"","ast-site-content-layout":"default","site-content-style":"default","site-sidebar-style":"default","ast-global-header-display":"","ast-banner-title-visibility":"","ast-main-header-display":"","ast-hfb-above-header-display":"","ast-hfb-below-header-display":"","ast-hfb-mobile-header-display":"","site-post-title":"","ast-breadcrumbs-content":"","ast-featured-img":"","footer-sml-layout":"","ast-disable-related-posts":"","theme-transparent-header-meta":"default","adv-header-id-meta":"","stick-header-meta":"","header-above-stick-meta":"","header-main-stick-meta":"","header-below-stick-meta":"","astra-migrate-meta-layouts":"set","ast-page-background-enabled":"default","ast-page-background-meta":{"desktop":{"background-color":"var(--ast-global-color-4)","background-image":"","background-repeat":"repeat","background-position":"center center","background-size":"auto","background-attachment":"scroll","background-type":"","background-media":"","overlay-type":"","overlay-color":"","overlay-opacity":"","overlay-gradient":""},"tablet":{"background-color":"","background-image":"","background-repeat":"repeat","background-position":"center center","background-size":"auto","background-attachment":"scroll","background-type":"","background-media":"","overlay-type":"","overlay-color":"","overlay-opacity":"","overlay-gradient":""},"mobile":{"background-color":"","background-image":"","background-repeat":"repeat","background-position":"center center","background-size":"auto","background-attachment":"scroll","background-type":"","background-media":"","overlay-type":"","overlay-color":"","overlay-opacity":"","overlay-gradient":""}},"ast-content-background-meta":{"desktop":{"background-color":"var(--ast-global-color-5)","background-image":"","background-repeat":"repeat","background-position":"center center","background-size":"auto","background-attachment":"scroll","background-type":"","background-media":"","overlay-type":"","overlay-color":"","overlay-opacity":"","overlay-gradient":""},"tablet":{"background-color":"var(--ast-global-color-5)","background-image":"","background-repeat":"repeat","background-position":"center center","background-size":"auto","background-attachment":"scroll","background-type":"","background-media":"","overlay-type":"","overlay-color":"","overlay-opacity":"","overlay-gradient":""},"mobile":{"background-color":"var(--ast-global-color-5)","background-image":"","background-repeat":"repeat","background-position":"center center","background-size":"auto","background-attachment":"scroll","background-type":"","background-media":"","overlay-type":"","overlay-color":"","overlay-opacity":"","overlay-gradient":""}}},"product_brand":[],"product_cat":[17,466],"product_tag":[],"class_list":{"0":"post-13849","1":"product","2":"type-product","3":"status-publish","4":"has-post-thumbnail","6":"product_cat-belleza","7":"product_cat-unas-belleza","8":"desktop-align-left","9":"tablet-align-left","10":"mobile-align-left","12":"first","13":"instock","14":"shipping-taxable","15":"purchasable","16":"product-type-variable"},"yoast_head":"<!-- This site is optimized with the Yoast SEO plugin v27.3 - https:\/\/yoast.com\/product\/yoast-seo-wordpress\/ -->\n<title>U\u00f1as Stickers En Gel F\u00e1cil Aplicaci\u00f3n - ROSE MVD<\/title>\n<meta name=\"description\" content=\"U\u00f1as en gel en formato sticker. Est\u00e1n fabricadas en poliuretano (PU) de alta calidad y recubiertas con aut\u00e9ntico gel\" \/>\n<meta name=\"robots\" content=\"index, follow, max-snippet:-1, max-image-preview:large, max-video-preview:-1\" \/>\n<link rel=\"canonical\" href=\"https:\/\/rosemvd.com\/index.php\/producto\/unas-stickers-en-gel-facil-aplicacion\/\" \/>\n<meta property=\"og:locale\" content=\"es_ES\" \/>\n<meta property=\"og:type\" content=\"article\" \/>\n<meta property=\"og:title\" content=\"U\u00f1as Stickers En Gel F\u00e1cil Aplicaci\u00f3n - ROSE MVD\" \/>\n<meta property=\"og:description\" content=\"U\u00f1as en gel en formato sticker. Est\u00e1n fabricadas en poliuretano (PU) de alta calidad y recubiertas con aut\u00e9ntico gel\" \/>\n<meta property=\"og:url\" content=\"https:\/\/rosemvd.com\/index.php\/producto\/unas-stickers-en-gel-facil-aplicacion\/\" \/>\n<meta property=\"og:site_name\" content=\"ROSE MVD\" \/>\n<meta property=\"article:publisher\" content=\"https:\/\/www.facebook.com\/TiendaRoseMvd\" \/>\n<meta property=\"article:modified_time\" content=\"2026-04-21T18:44:36+00:00\" \/>\n<meta property=\"og:image\" content=\"https:\/\/rosemvd.com\/wp-content\/uploads\/2025\/08\/e1069163-331f-43ca-80ae-c521076a96e5.jpg\" \/>\n\t<meta property=\"og:image:width\" content=\"1179\" \/>\n\t<meta property=\"og:image:height\" content=\"1452\" \/>\n\t<meta property=\"og:image:type\" content=\"image\/jpeg\" \/>\n<meta name=\"twitter:card\" content=\"summary_large_image\" \/>\n<meta name=\"twitter:label1\" content=\"Tiempo de lectura\" \/>\n\t<meta name=\"twitter:data1\" content=\"1 minuto\" \/>\n<script type=\"application\/ld+json\" class=\"yoast-schema-graph\">{\"@context\":\"https:\\\/\\\/schema.org\",\"@graph\":[{\"@type\":\"WebPage\",\"@id\":\"https:\\\/\\\/rosemvd.com\\\/index.php\\\/producto\\\/unas-stickers-en-gel-facil-aplicacion\\\/\",\"url\":\"https:\\\/\\\/rosemvd.com\\\/index.php\\\/producto\\\/unas-stickers-en-gel-facil-aplicacion\\\/\",\"name\":\"U\u00f1as Stickers En Gel F\u00e1cil Aplicaci\u00f3n - ROSE MVD\",\"isPartOf\":{\"@id\":\"https:\\\/\\\/rosemvd.com\\\/#website\"},\"primaryImageOfPage\":{\"@id\":\"https:\\\/\\\/rosemvd.com\\\/index.php\\\/producto\\\/unas-stickers-en-gel-facil-aplicacion\\\/#primaryimage\"},\"image\":{\"@id\":\"https:\\\/\\\/rosemvd.com\\\/index.php\\\/producto\\\/unas-stickers-en-gel-facil-aplicacion\\\/#primaryimage\"},\"thumbnailUrl\":\"https:\\\/\\\/rosemvd.com\\\/wp-content\\\/uploads\\\/2025\\\/08\\\/e1069163-331f-43ca-80ae-c521076a96e5.jpg\",\"datePublished\":\"2025-08-11T16:09:51+00:00\",\"dateModified\":\"2026-04-21T18:44:36+00:00\",\"description\":\"U\u00f1as en gel en formato sticker. Est\u00e1n fabricadas en poliuretano (PU) de alta calidad y recubiertas con aut\u00e9ntico gel\",\"breadcrumb\":{\"@id\":\"https:\\\/\\\/rosemvd.com\\\/index.php\\\/producto\\\/unas-stickers-en-gel-facil-aplicacion\\\/#breadcrumb\"},\"inLanguage\":\"es\",\"potentialAction\":[{\"@type\":\"ReadAction\",\"target\":[\"https:\\\/\\\/rosemvd.com\\\/index.php\\\/producto\\\/unas-stickers-en-gel-facil-aplicacion\\\/\"]}]},{\"@type\":\"ImageObject\",\"inLanguage\":\"es\",\"@id\":\"https:\\\/\\\/rosemvd.com\\\/index.php\\\/producto\\\/unas-stickers-en-gel-facil-aplicacion\\\/#primaryimage\",\"url\":\"https:\\\/\\\/rosemvd.com\\\/wp-content\\\/uploads\\\/2025\\\/08\\\/e1069163-331f-43ca-80ae-c521076a96e5.jpg\",\"contentUrl\":\"https:\\\/\\\/rosemvd.com\\\/wp-content\\\/uploads\\\/2025\\\/08\\\/e1069163-331f-43ca-80ae-c521076a96e5.jpg\",\"width\":1179,\"height\":1452},{\"@type\":\"BreadcrumbList\",\"@id\":\"https:\\\/\\\/rosemvd.com\\\/index.php\\\/producto\\\/unas-stickers-en-gel-facil-aplicacion\\\/#breadcrumb\",\"itemListElement\":[{\"@type\":\"ListItem\",\"position\":1,\"name\":\"Portada\",\"item\":\"https:\\\/\\\/rosemvd.com\\\/\"},{\"@type\":\"ListItem\",\"position\":2,\"name\":\"Tienda\",\"item\":\"https:\\\/\\\/rosemvd.com\\\/index.php\\\/tienda\\\/\"},{\"@type\":\"ListItem\",\"position\":3,\"name\":\"U\u00f1as Stickers En Gel F\u00e1cil Aplicaci\u00f3n\"}]},{\"@type\":\"WebSite\",\"@id\":\"https:\\\/\\\/rosemvd.com\\\/#website\",\"url\":\"https:\\\/\\\/rosemvd.com\\\/\",\"name\":\"ROSE MVD\",\"description\":\"Todo lo que no sab\u00edas que necesitabas, lo \u00faltimo en tendencia, utilidad e innovaci\u00f3n\",\"publisher\":{\"@id\":\"https:\\\/\\\/rosemvd.com\\\/#organization\"},\"potentialAction\":[{\"@type\":\"SearchAction\",\"target\":{\"@type\":\"EntryPoint\",\"urlTemplate\":\"https:\\\/\\\/rosemvd.com\\\/?s={search_term_string}\"},\"query-input\":{\"@type\":\"PropertyValueSpecification\",\"valueRequired\":true,\"valueName\":\"search_term_string\"}}],\"inLanguage\":\"es\"},{\"@type\":\"Organization\",\"@id\":\"https:\\\/\\\/rosemvd.com\\\/#organization\",\"name\":\"ROSE MVD\",\"alternateName\":\"ROSE MVD\",\"url\":\"https:\\\/\\\/rosemvd.com\\\/\",\"logo\":{\"@type\":\"ImageObject\",\"inLanguage\":\"es\",\"@id\":\"https:\\\/\\\/rosemvd.com\\\/#\\\/schema\\\/logo\\\/image\\\/\",\"url\":\"https:\\\/\\\/rosemvd.com\\\/wp-content\\\/uploads\\\/2023\\\/03\\\/Sin-titulo-2_Mesa-de-trabajo-1.png\",\"contentUrl\":\"https:\\\/\\\/rosemvd.com\\\/wp-content\\\/uploads\\\/2023\\\/03\\\/Sin-titulo-2_Mesa-de-trabajo-1.png\",\"width\":2084,\"height\":2084,\"caption\":\"ROSE MVD\"},\"image\":{\"@id\":\"https:\\\/\\\/rosemvd.com\\\/#\\\/schema\\\/logo\\\/image\\\/\"},\"sameAs\":[\"https:\\\/\\\/www.facebook.com\\\/TiendaRoseMvd\",\"https:\\\/\\\/www.instagram.com\\\/rose.mvd\"]}]}<\/script>\n<!-- \/ Yoast SEO plugin. -->","yoast_head_json":{"title":"U\u00f1as Stickers En Gel F\u00e1cil Aplicaci\u00f3n - ROSE MVD","description":"U\u00f1as en gel en formato sticker. Est\u00e1n fabricadas en poliuretano (PU) de alta calidad y recubiertas con aut\u00e9ntico gel","robots":{"index":"index","follow":"follow","max-snippet":"max-snippet:-1","max-image-preview":"max-image-preview:large","max-video-preview":"max-video-preview:-1"},"canonical":"https:\/\/rosemvd.com\/index.php\/producto\/unas-stickers-en-gel-facil-aplicacion\/","og_locale":"es_ES","og_type":"article","og_title":"U\u00f1as Stickers En Gel F\u00e1cil Aplicaci\u00f3n - ROSE MVD","og_description":"U\u00f1as en gel en formato sticker. Est\u00e1n fabricadas en poliuretano (PU) de alta calidad y recubiertas con aut\u00e9ntico gel","og_url":"https:\/\/rosemvd.com\/index.php\/producto\/unas-stickers-en-gel-facil-aplicacion\/","og_site_name":"ROSE MVD","article_publisher":"https:\/\/www.facebook.com\/TiendaRoseMvd","article_modified_time":"2026-04-21T18:44:36+00:00","og_image":[{"width":1179,"height":1452,"url":"https:\/\/rosemvd.com\/wp-content\/uploads\/2025\/08\/e1069163-331f-43ca-80ae-c521076a96e5.jpg","type":"image\/jpeg"}],"twitter_card":"summary_large_image","twitter_misc":{"Tiempo de lectura":"1 minuto"},"schema":{"@context":"https:\/\/schema.org","@graph":[{"@type":"WebPage","@id":"https:\/\/rosemvd.com\/index.php\/producto\/unas-stickers-en-gel-facil-aplicacion\/","url":"https:\/\/rosemvd.com\/index.php\/producto\/unas-stickers-en-gel-facil-aplicacion\/","name":"U\u00f1as Stickers En Gel F\u00e1cil Aplicaci\u00f3n - ROSE MVD","isPartOf":{"@id":"https:\/\/rosemvd.com\/#website"},"primaryImageOfPage":{"@id":"https:\/\/rosemvd.com\/index.php\/producto\/unas-stickers-en-gel-facil-aplicacion\/#primaryimage"},"image":{"@id":"https:\/\/rosemvd.com\/index.php\/producto\/unas-stickers-en-gel-facil-aplicacion\/#primaryimage"},"thumbnailUrl":"https:\/\/rosemvd.com\/wp-content\/uploads\/2025\/08\/e1069163-331f-43ca-80ae-c521076a96e5.jpg","datePublished":"2025-08-11T16:09:51+00:00","dateModified":"2026-04-21T18:44:36+00:00","description":"U\u00f1as en gel en formato sticker. Est\u00e1n fabricadas en poliuretano (PU) de alta calidad y recubiertas con aut\u00e9ntico gel","breadcrumb":{"@id":"https:\/\/rosemvd.com\/index.php\/producto\/unas-stickers-en-gel-facil-aplicacion\/#breadcrumb"},"inLanguage":"es","potentialAction":[{"@type":"ReadAction","target":["https:\/\/rosemvd.com\/index.php\/producto\/unas-stickers-en-gel-facil-aplicacion\/"]}]},{"@type":"ImageObject","inLanguage":"es","@id":"https:\/\/rosemvd.com\/index.php\/producto\/unas-stickers-en-gel-facil-aplicacion\/#primaryimage","url":"https:\/\/rosemvd.com\/wp-content\/uploads\/2025\/08\/e1069163-331f-43ca-80ae-c521076a96e5.jpg","contentUrl":"https:\/\/rosemvd.com\/wp-content\/uploads\/2025\/08\/e1069163-331f-43ca-80ae-c521076a96e5.jpg","width":1179,"height":1452},{"@type":"BreadcrumbList","@id":"https:\/\/rosemvd.com\/index.php\/producto\/unas-stickers-en-gel-facil-aplicacion\/#breadcrumb","itemListElement":[{"@type":"ListItem","position":1,"name":"Portada","item":"https:\/\/rosemvd.com\/"},{"@type":"ListItem","position":2,"name":"Tienda","item":"https:\/\/rosemvd.com\/index.php\/tienda\/"},{"@type":"ListItem","position":3,"name":"U\u00f1as Stickers En Gel F\u00e1cil Aplicaci\u00f3n"}]},{"@type":"WebSite","@id":"https:\/\/rosemvd.com\/#website","url":"https:\/\/rosemvd.com\/","name":"ROSE MVD","description":"Todo lo que no sab\u00edas que necesitabas, lo \u00faltimo en tendencia, utilidad e innovaci\u00f3n","publisher":{"@id":"https:\/\/rosemvd.com\/#organization"},"potentialAction":[{"@type":"SearchAction","target":{"@type":"EntryPoint","urlTemplate":"https:\/\/rosemvd.com\/?s={search_term_string}"},"query-input":{"@type":"PropertyValueSpecification","valueRequired":true,"valueName":"search_term_string"}}],"inLanguage":"es"},{"@type":"Organization","@id":"https:\/\/rosemvd.com\/#organization","name":"ROSE MVD","alternateName":"ROSE MVD","url":"https:\/\/rosemvd.com\/","logo":{"@type":"ImageObject","inLanguage":"es","@id":"https:\/\/rosemvd.com\/#\/schema\/logo\/image\/","url":"https:\/\/rosemvd.com\/wp-content\/uploads\/2023\/03\/Sin-titulo-2_Mesa-de-trabajo-1.png","contentUrl":"https:\/\/rosemvd.com\/wp-content\/uploads\/2023\/03\/Sin-titulo-2_Mesa-de-trabajo-1.png","width":2084,"height":2084,"caption":"ROSE MVD"},"image":{"@id":"https:\/\/rosemvd.com\/#\/schema\/logo\/image\/"},"sameAs":["https:\/\/www.facebook.com\/TiendaRoseMvd","https:\/\/www.instagram.com\/rose.mvd"]}]}},"_links":{"self":[{"href":"https:\/\/rosemvd.com\/index.php\/wp-json\/wp\/v2\/product\/13849","targetHints":{"allow":["GET"]}}],"collection":[{"href":"https:\/\/rosemvd.com\/index.php\/wp-json\/wp\/v2\/product"}],"about":[{"href":"https:\/\/rosemvd.com\/index.php\/wp-json\/wp\/v2\/types\/product"}],"wp:featuredmedia":[{"embeddable":true,"href":"https:\/\/rosemvd.com\/index.php\/wp-json\/wp\/v2\/media\/13877"}],"wp:attachment":[{"href":"https:\/\/rosemvd.com\/index.php\/wp-json\/wp\/v2\/media?parent=13849"}],"wp:term":[{"taxonomy":"product_brand","embeddable":true,"href":"https:\/\/rosemvd.com\/index.php\/wp-json\/wp\/v2\/product_brand?post=13849"},{"taxonomy":"product_cat","embeddable":true,"href":"https:\/\/rosemvd.com\/index.php\/wp-json\/wp\/v2\/product_cat?post=13849"},{"taxonomy":"product_tag","embeddable":true,"href":"https:\/\/rosemvd.com\/index.php\/wp-json\/wp\/v2\/product_tag?post=13849"}],"curies":[{"name":"wp","href":"https:\/\/api.w.org\/{rel}","templated":true}]}}