{"id":13620,"date":"2025-07-28T19:08:04","date_gmt":"2025-07-28T22:08:04","guid":{"rendered":"https:\/\/rosemvd.com\/?post_type=product&#038;p=13620"},"modified":"2026-04-21T22:35:49","modified_gmt":"2026-04-22T01:35:49","slug":"quita-pelusa-electrico","status":"publish","type":"product","link":"https:\/\/rosemvd.com\/index.php\/producto\/quita-pelusa-electrico\/","title":{"rendered":"Quita Pelusa El\u00e9ctrico"},"content":{"rendered":"<h3 data-start=\"82\" data-end=\"146\"><strong data-start=\"86\" data-end=\"146\">Saca Pelusa El\u00e9ctrico Lint Remover 220V \u2013 Blanco o Verde<\/strong><\/h3>\n<p data-start=\"148\" data-end=\"362\">Mant\u00e9n tus prendas como nuevas con este pr\u00e1ctico y potente saca pelusa el\u00e9ctrico. Ideal para eliminar pelusas, bolitas y pelos de mascotas de ropa, tapizados y otros textiles, de forma r\u00e1pida y sin da\u00f1ar las telas.<\/p>\n<h4 data-start=\"364\" data-end=\"400\"><strong data-start=\"369\" data-end=\"400\">Caracter\u00edsticas destacadas:<\/strong><\/h4>\n<ul data-start=\"402\" data-end=\"933\">\n<li data-start=\"402\" data-end=\"444\">\n<p data-start=\"404\" data-end=\"444\"><strong data-start=\"404\" data-end=\"428\">Colores disponibles:<\/strong> Blanco y verde.<\/p>\n<\/li>\n<li data-start=\"445\" data-end=\"544\">\n<p data-start=\"447\" data-end=\"544\"><strong data-start=\"447\" data-end=\"479\">Dise\u00f1o ergon\u00f3mico y liviano:<\/strong> C\u00f3modo de sostener y f\u00e1cil de usar durante per\u00edodos prolongados.<\/p>\n<\/li>\n<li data-start=\"545\" data-end=\"626\">\n<p data-start=\"547\" data-end=\"626\"><strong data-start=\"547\" data-end=\"571\">Material resistente:<\/strong> Fabricado con pl\u00e1stico y metal para mayor durabilidad.<\/p>\n<\/li>\n<li data-start=\"627\" data-end=\"748\">\n<p data-start=\"629\" data-end=\"748\"><strong data-start=\"629\" data-end=\"658\">Funcionamiento eficiente:<\/strong> Alimentado por bater\u00eda interna recargable (5 mAh), con carga mediante cable USB incluido.<\/p>\n<\/li>\n<li data-start=\"749\" data-end=\"843\">\n<p data-start=\"751\" data-end=\"843\"><strong data-start=\"751\" data-end=\"775\">F\u00e1cil mantenimiento:<\/strong> Incluye cepillo de limpieza para prolongar la vida \u00fatil del equipo.<\/p>\n<\/li>\n<li data-start=\"844\" data-end=\"933\">\n<p data-start=\"846\" data-end=\"933\"><strong data-start=\"846\" data-end=\"859\">Vers\u00e1til:<\/strong> Perfecto para ropa, sof\u00e1s, mantas y m\u00e1s. Ideal para hogares con mascotas.<\/p>\n<\/li>\n<\/ul>\n<p data-start=\"935\" data-end=\"1042\">Una herramienta indispensable para mantener tu ropa y hogar libres de pelusas y con un aspecto impecable.<\/p>\n","protected":false},"excerpt":{"rendered":"<p>Saca Pelusa El\u00e9ctrico Lint Remover 220V \u2013 Blanco o Verde Mant\u00e9n tus prendas como nuevas con este pr\u00e1ctico y potente saca pelusa el\u00e9ctrico. Ideal para eliminar pelusas, bolitas y pelos de mascotas de ropa, tapizados y otros textiles, de forma r\u00e1pida y sin da\u00f1ar las telas. Caracter\u00edsticas destacadas: Colores disponibles: Blanco y verde. Dise\u00f1o ergon\u00f3mico [&hellip;]<\/p>\n","protected":false},"featured_media":13623,"template":"","meta":{"site-sidebar-layout":"default","site-content-layout":"","ast-site-content-layout":"default","site-content-style":"default","site-sidebar-style":"default","ast-global-header-display":"","ast-banner-title-visibility":"","ast-main-header-display":"","ast-hfb-above-header-display":"","ast-hfb-below-header-display":"","ast-hfb-mobile-header-display":"","site-post-title":"","ast-breadcrumbs-content":"","ast-featured-img":"","footer-sml-layout":"","ast-disable-related-posts":"","theme-transparent-header-meta":"default","adv-header-id-meta":"","stick-header-meta":"","header-above-stick-meta":"","header-main-stick-meta":"","header-below-stick-meta":"","astra-migrate-meta-layouts":"set","ast-page-background-enabled":"default","ast-page-background-meta":{"desktop":{"background-color":"var(--ast-global-color-4)","background-image":"","background-repeat":"repeat","background-position":"center center","background-size":"auto","background-attachment":"scroll","background-type":"","background-media":"","overlay-type":"","overlay-color":"","overlay-opacity":"","overlay-gradient":""},"tablet":{"background-color":"","background-image":"","background-repeat":"repeat","background-position":"center center","background-size":"auto","background-attachment":"scroll","background-type":"","background-media":"","overlay-type":"","overlay-color":"","overlay-opacity":"","overlay-gradient":""},"mobile":{"background-color":"","background-image":"","background-repeat":"repeat","background-position":"center center","background-size":"auto","background-attachment":"scroll","background-type":"","background-media":"","overlay-type":"","overlay-color":"","overlay-opacity":"","overlay-gradient":""}},"ast-content-background-meta":{"desktop":{"background-color":"var(--ast-global-color-5)","background-image":"","background-repeat":"repeat","background-position":"center center","background-size":"auto","background-attachment":"scroll","background-type":"","background-media":"","overlay-type":"","overlay-color":"","overlay-opacity":"","overlay-gradient":""},"tablet":{"background-color":"var(--ast-global-color-5)","background-image":"","background-repeat":"repeat","background-position":"center center","background-size":"auto","background-attachment":"scroll","background-type":"","background-media":"","overlay-type":"","overlay-color":"","overlay-opacity":"","overlay-gradient":""},"mobile":{"background-color":"var(--ast-global-color-5)","background-image":"","background-repeat":"repeat","background-position":"center center","background-size":"auto","background-attachment":"scroll","background-type":"","background-media":"","overlay-type":"","overlay-color":"","overlay-opacity":"","overlay-gradient":""}}},"product_brand":[],"product_cat":[459,448],"product_tag":[],"class_list":{"0":"post-13620","1":"product","2":"type-product","3":"status-publish","4":"has-post-thumbnail","6":"product_cat-hogar-y-limpieza","7":"product_cat-tecnologia-y-hogar","8":"desktop-align-left","9":"tablet-align-left","10":"mobile-align-left","12":"first","13":"instock","14":"shipping-taxable","15":"purchasable","16":"product-type-variable"},"yoast_head":"<!-- This site is optimized with the Yoast SEO plugin v27.3 - https:\/\/yoast.com\/product\/yoast-seo-wordpress\/ -->\n<title>Quita Pelusa El\u00e9ctrico - ROSE MVD<\/title>\n<meta name=\"description\" content=\"Mant\u00e9n tus prendas como nuevas con este pr\u00e1ctico y potente saca pelusa el\u00e9ctrico. Ideal para eliminar pelusas, bolitas y pelos de mascotas de ropa\" \/>\n<meta name=\"robots\" content=\"index, follow, max-snippet:-1, max-image-preview:large, max-video-preview:-1\" \/>\n<link rel=\"canonical\" href=\"https:\/\/rosemvd.com\/index.php\/producto\/quita-pelusa-electrico\/\" \/>\n<meta property=\"og:locale\" content=\"es_ES\" \/>\n<meta property=\"og:type\" content=\"article\" \/>\n<meta property=\"og:title\" content=\"Quita Pelusa El\u00e9ctrico - ROSE MVD\" \/>\n<meta property=\"og:description\" content=\"Mant\u00e9n tus prendas como nuevas con este pr\u00e1ctico y potente saca pelusa el\u00e9ctrico. Ideal para eliminar pelusas, bolitas y pelos de mascotas de ropa\" \/>\n<meta property=\"og:url\" content=\"https:\/\/rosemvd.com\/index.php\/producto\/quita-pelusa-electrico\/\" \/>\n<meta property=\"og:site_name\" content=\"ROSE MVD\" \/>\n<meta property=\"article:publisher\" content=\"https:\/\/www.facebook.com\/TiendaRoseMvd\" \/>\n<meta property=\"article:modified_time\" content=\"2026-04-22T01:35:49+00:00\" \/>\n<meta property=\"og:image\" content=\"https:\/\/rosemvd.com\/wp-content\/uploads\/2025\/07\/D_NQ_NP_2X_618550-MLU81052705021_112024-F.webp\" \/>\n\t<meta property=\"og:image:width\" content=\"500\" \/>\n\t<meta property=\"og:image:height\" content=\"500\" \/>\n\t<meta property=\"og:image:type\" content=\"image\/webp\" \/>\n<meta name=\"twitter:card\" content=\"summary_large_image\" \/>\n<meta name=\"twitter:label1\" content=\"Tiempo de lectura\" \/>\n\t<meta name=\"twitter:data1\" content=\"1 minuto\" \/>\n<script type=\"application\/ld+json\" class=\"yoast-schema-graph\">{\"@context\":\"https:\\\/\\\/schema.org\",\"@graph\":[{\"@type\":\"WebPage\",\"@id\":\"https:\\\/\\\/rosemvd.com\\\/index.php\\\/producto\\\/quita-pelusa-electrico\\\/\",\"url\":\"https:\\\/\\\/rosemvd.com\\\/index.php\\\/producto\\\/quita-pelusa-electrico\\\/\",\"name\":\"Quita Pelusa El\u00e9ctrico - ROSE MVD\",\"isPartOf\":{\"@id\":\"https:\\\/\\\/rosemvd.com\\\/#website\"},\"primaryImageOfPage\":{\"@id\":\"https:\\\/\\\/rosemvd.com\\\/index.php\\\/producto\\\/quita-pelusa-electrico\\\/#primaryimage\"},\"image\":{\"@id\":\"https:\\\/\\\/rosemvd.com\\\/index.php\\\/producto\\\/quita-pelusa-electrico\\\/#primaryimage\"},\"thumbnailUrl\":\"https:\\\/\\\/rosemvd.com\\\/wp-content\\\/uploads\\\/2025\\\/07\\\/D_NQ_NP_2X_618550-MLU81052705021_112024-F.webp\",\"datePublished\":\"2025-07-28T22:08:04+00:00\",\"dateModified\":\"2026-04-22T01:35:49+00:00\",\"description\":\"Mant\u00e9n tus prendas como nuevas con este pr\u00e1ctico y potente saca pelusa el\u00e9ctrico. Ideal para eliminar pelusas, bolitas y pelos de mascotas de ropa\",\"breadcrumb\":{\"@id\":\"https:\\\/\\\/rosemvd.com\\\/index.php\\\/producto\\\/quita-pelusa-electrico\\\/#breadcrumb\"},\"inLanguage\":\"es\",\"potentialAction\":[{\"@type\":\"ReadAction\",\"target\":[\"https:\\\/\\\/rosemvd.com\\\/index.php\\\/producto\\\/quita-pelusa-electrico\\\/\"]}]},{\"@type\":\"ImageObject\",\"inLanguage\":\"es\",\"@id\":\"https:\\\/\\\/rosemvd.com\\\/index.php\\\/producto\\\/quita-pelusa-electrico\\\/#primaryimage\",\"url\":\"https:\\\/\\\/rosemvd.com\\\/wp-content\\\/uploads\\\/2025\\\/07\\\/D_NQ_NP_2X_618550-MLU81052705021_112024-F.webp\",\"contentUrl\":\"https:\\\/\\\/rosemvd.com\\\/wp-content\\\/uploads\\\/2025\\\/07\\\/D_NQ_NP_2X_618550-MLU81052705021_112024-F.webp\",\"width\":500,\"height\":500},{\"@type\":\"BreadcrumbList\",\"@id\":\"https:\\\/\\\/rosemvd.com\\\/index.php\\\/producto\\\/quita-pelusa-electrico\\\/#breadcrumb\",\"itemListElement\":[{\"@type\":\"ListItem\",\"position\":1,\"name\":\"Portada\",\"item\":\"https:\\\/\\\/rosemvd.com\\\/\"},{\"@type\":\"ListItem\",\"position\":2,\"name\":\"Tienda\",\"item\":\"https:\\\/\\\/rosemvd.com\\\/index.php\\\/tienda\\\/\"},{\"@type\":\"ListItem\",\"position\":3,\"name\":\"Quita Pelusa El\u00e9ctrico\"}]},{\"@type\":\"WebSite\",\"@id\":\"https:\\\/\\\/rosemvd.com\\\/#website\",\"url\":\"https:\\\/\\\/rosemvd.com\\\/\",\"name\":\"ROSE MVD\",\"description\":\"Todo lo que buscas lo pod\u00e9s encontrar en rose mvd, especializados en traer todas las cosas nuevas en tendencia y accesorios diferentes y \u00fanicos.\",\"publisher\":{\"@id\":\"https:\\\/\\\/rosemvd.com\\\/#organization\"},\"potentialAction\":[{\"@type\":\"SearchAction\",\"target\":{\"@type\":\"EntryPoint\",\"urlTemplate\":\"https:\\\/\\\/rosemvd.com\\\/?s={search_term_string}\"},\"query-input\":{\"@type\":\"PropertyValueSpecification\",\"valueRequired\":true,\"valueName\":\"search_term_string\"}}],\"inLanguage\":\"es\"},{\"@type\":\"Organization\",\"@id\":\"https:\\\/\\\/rosemvd.com\\\/#organization\",\"name\":\"ROSE MVD\",\"alternateName\":\"ROSE MVD\",\"url\":\"https:\\\/\\\/rosemvd.com\\\/\",\"logo\":{\"@type\":\"ImageObject\",\"inLanguage\":\"es\",\"@id\":\"https:\\\/\\\/rosemvd.com\\\/#\\\/schema\\\/logo\\\/image\\\/\",\"url\":\"https:\\\/\\\/rosemvd.com\\\/wp-content\\\/uploads\\\/2023\\\/03\\\/Sin-titulo-2_Mesa-de-trabajo-1.png\",\"contentUrl\":\"https:\\\/\\\/rosemvd.com\\\/wp-content\\\/uploads\\\/2023\\\/03\\\/Sin-titulo-2_Mesa-de-trabajo-1.png\",\"width\":2084,\"height\":2084,\"caption\":\"ROSE MVD\"},\"image\":{\"@id\":\"https:\\\/\\\/rosemvd.com\\\/#\\\/schema\\\/logo\\\/image\\\/\"},\"sameAs\":[\"https:\\\/\\\/www.facebook.com\\\/TiendaRoseMvd\",\"https:\\\/\\\/www.instagram.com\\\/rose.mvd\"]}]}<\/script>\n<!-- \/ Yoast SEO plugin. -->","yoast_head_json":{"title":"Quita Pelusa El\u00e9ctrico - ROSE MVD","description":"Mant\u00e9n tus prendas como nuevas con este pr\u00e1ctico y potente saca pelusa el\u00e9ctrico. Ideal para eliminar pelusas, bolitas y pelos de mascotas de ropa","robots":{"index":"index","follow":"follow","max-snippet":"max-snippet:-1","max-image-preview":"max-image-preview:large","max-video-preview":"max-video-preview:-1"},"canonical":"https:\/\/rosemvd.com\/index.php\/producto\/quita-pelusa-electrico\/","og_locale":"es_ES","og_type":"article","og_title":"Quita Pelusa El\u00e9ctrico - ROSE MVD","og_description":"Mant\u00e9n tus prendas como nuevas con este pr\u00e1ctico y potente saca pelusa el\u00e9ctrico. Ideal para eliminar pelusas, bolitas y pelos de mascotas de ropa","og_url":"https:\/\/rosemvd.com\/index.php\/producto\/quita-pelusa-electrico\/","og_site_name":"ROSE MVD","article_publisher":"https:\/\/www.facebook.com\/TiendaRoseMvd","article_modified_time":"2026-04-22T01:35:49+00:00","og_image":[{"width":500,"height":500,"url":"https:\/\/rosemvd.com\/wp-content\/uploads\/2025\/07\/D_NQ_NP_2X_618550-MLU81052705021_112024-F.webp","type":"image\/webp"}],"twitter_card":"summary_large_image","twitter_misc":{"Tiempo de lectura":"1 minuto"},"schema":{"@context":"https:\/\/schema.org","@graph":[{"@type":"WebPage","@id":"https:\/\/rosemvd.com\/index.php\/producto\/quita-pelusa-electrico\/","url":"https:\/\/rosemvd.com\/index.php\/producto\/quita-pelusa-electrico\/","name":"Quita Pelusa El\u00e9ctrico - ROSE MVD","isPartOf":{"@id":"https:\/\/rosemvd.com\/#website"},"primaryImageOfPage":{"@id":"https:\/\/rosemvd.com\/index.php\/producto\/quita-pelusa-electrico\/#primaryimage"},"image":{"@id":"https:\/\/rosemvd.com\/index.php\/producto\/quita-pelusa-electrico\/#primaryimage"},"thumbnailUrl":"https:\/\/rosemvd.com\/wp-content\/uploads\/2025\/07\/D_NQ_NP_2X_618550-MLU81052705021_112024-F.webp","datePublished":"2025-07-28T22:08:04+00:00","dateModified":"2026-04-22T01:35:49+00:00","description":"Mant\u00e9n tus prendas como nuevas con este pr\u00e1ctico y potente saca pelusa el\u00e9ctrico. Ideal para eliminar pelusas, bolitas y pelos de mascotas de ropa","breadcrumb":{"@id":"https:\/\/rosemvd.com\/index.php\/producto\/quita-pelusa-electrico\/#breadcrumb"},"inLanguage":"es","potentialAction":[{"@type":"ReadAction","target":["https:\/\/rosemvd.com\/index.php\/producto\/quita-pelusa-electrico\/"]}]},{"@type":"ImageObject","inLanguage":"es","@id":"https:\/\/rosemvd.com\/index.php\/producto\/quita-pelusa-electrico\/#primaryimage","url":"https:\/\/rosemvd.com\/wp-content\/uploads\/2025\/07\/D_NQ_NP_2X_618550-MLU81052705021_112024-F.webp","contentUrl":"https:\/\/rosemvd.com\/wp-content\/uploads\/2025\/07\/D_NQ_NP_2X_618550-MLU81052705021_112024-F.webp","width":500,"height":500},{"@type":"BreadcrumbList","@id":"https:\/\/rosemvd.com\/index.php\/producto\/quita-pelusa-electrico\/#breadcrumb","itemListElement":[{"@type":"ListItem","position":1,"name":"Portada","item":"https:\/\/rosemvd.com\/"},{"@type":"ListItem","position":2,"name":"Tienda","item":"https:\/\/rosemvd.com\/index.php\/tienda\/"},{"@type":"ListItem","position":3,"name":"Quita Pelusa El\u00e9ctrico"}]},{"@type":"WebSite","@id":"https:\/\/rosemvd.com\/#website","url":"https:\/\/rosemvd.com\/","name":"ROSE MVD","description":"Todo lo que buscas lo pod\u00e9s encontrar en rose mvd, especializados en traer todas las cosas nuevas en tendencia y accesorios diferentes y \u00fanicos.","publisher":{"@id":"https:\/\/rosemvd.com\/#organization"},"potentialAction":[{"@type":"SearchAction","target":{"@type":"EntryPoint","urlTemplate":"https:\/\/rosemvd.com\/?s={search_term_string}"},"query-input":{"@type":"PropertyValueSpecification","valueRequired":true,"valueName":"search_term_string"}}],"inLanguage":"es"},{"@type":"Organization","@id":"https:\/\/rosemvd.com\/#organization","name":"ROSE MVD","alternateName":"ROSE MVD","url":"https:\/\/rosemvd.com\/","logo":{"@type":"ImageObject","inLanguage":"es","@id":"https:\/\/rosemvd.com\/#\/schema\/logo\/image\/","url":"https:\/\/rosemvd.com\/wp-content\/uploads\/2023\/03\/Sin-titulo-2_Mesa-de-trabajo-1.png","contentUrl":"https:\/\/rosemvd.com\/wp-content\/uploads\/2023\/03\/Sin-titulo-2_Mesa-de-trabajo-1.png","width":2084,"height":2084,"caption":"ROSE MVD"},"image":{"@id":"https:\/\/rosemvd.com\/#\/schema\/logo\/image\/"},"sameAs":["https:\/\/www.facebook.com\/TiendaRoseMvd","https:\/\/www.instagram.com\/rose.mvd"]}]}},"_links":{"self":[{"href":"https:\/\/rosemvd.com\/index.php\/wp-json\/wp\/v2\/product\/13620","targetHints":{"allow":["GET"]}}],"collection":[{"href":"https:\/\/rosemvd.com\/index.php\/wp-json\/wp\/v2\/product"}],"about":[{"href":"https:\/\/rosemvd.com\/index.php\/wp-json\/wp\/v2\/types\/product"}],"wp:featuredmedia":[{"embeddable":true,"href":"https:\/\/rosemvd.com\/index.php\/wp-json\/wp\/v2\/media\/13623"}],"wp:attachment":[{"href":"https:\/\/rosemvd.com\/index.php\/wp-json\/wp\/v2\/media?parent=13620"}],"wp:term":[{"taxonomy":"product_brand","embeddable":true,"href":"https:\/\/rosemvd.com\/index.php\/wp-json\/wp\/v2\/product_brand?post=13620"},{"taxonomy":"product_cat","embeddable":true,"href":"https:\/\/rosemvd.com\/index.php\/wp-json\/wp\/v2\/product_cat?post=13620"},{"taxonomy":"product_tag","embeddable":true,"href":"https:\/\/rosemvd.com\/index.php\/wp-json\/wp\/v2\/product_tag?post=13620"}],"curies":[{"name":"wp","href":"https:\/\/api.w.org\/{rel}","templated":true}]}}