{"id":13582,"date":"2025-07-28T19:06:27","date_gmt":"2025-07-28T22:06:27","guid":{"rendered":"https:\/\/rosemvd.com\/?post_type=product&#038;p=13582"},"modified":"2026-04-21T22:04:24","modified_gmt":"2026-04-22T01:04:24","slug":"plasma-pen-lapiz-elimina-verrugas-lunares-etc","status":"publish","type":"product","link":"https:\/\/rosemvd.com\/index.php\/producto\/plasma-pen-lapiz-elimina-verrugas-lunares-etc\/","title":{"rendered":"Plasma Pen L\u00e1piz Elimina Verrugas, Lunares, etc"},"content":{"rendered":"<article class=\"text-token-text-primary w-full focus:outline-none scroll-mt-[calc(var(--header-height)+min(200px,max(70px,20svh)))]\" dir=\"auto\" tabindex=\"-1\" data-testid=\"conversation-turn-288\" data-scroll-anchor=\"true\" data-turn=\"assistant\">\n<div class=\"text-base my-auto mx-auto pb-10 [--thread-content-margin:--spacing(4)] @[37rem]:[--thread-content-margin:--spacing(6)] @[72rem]:[--thread-content-margin:--spacing(16)] px-(--thread-content-margin)\">\n<div class=\"[--thread-content-max-width:32rem] @[34rem]:[--thread-content-max-width:40rem] @[64rem]:[--thread-content-max-width:48rem] mx-auto max-w-(--thread-content-max-width) flex-1 group\/turn-messages focus-visible:outline-hidden relative flex w-full min-w-0 flex-col agent-turn\" tabindex=\"-1\">\n<div class=\"flex max-w-full flex-col grow\">\n<div class=\"min-h-8 text-message relative flex w-full flex-col items-end gap-2 text-start break-words whitespace-normal [.text-message+&amp;]:mt-5\" dir=\"auto\" data-message-author-role=\"assistant\" data-message-id=\"e93218f3-729b-4c3b-80f4-ea9c13990da8\" data-message-model-slug=\"gpt-4o\">\n<div class=\"flex w-full flex-col gap-1 empty:hidden first:pt-[3px]\">\n<div class=\"markdown prose dark:prose-invert w-full break-words light\">\n<h3 data-start=\"107\" data-end=\"242\"><strong data-start=\"111\" data-end=\"242\">L\u00e1piz L\u00e1ser de Plasma Profesional \u2013 Eliminaci\u00f3n de Tatuajes, Pecas, Verrugas y M\u00e1s (9 Niveles \/ Pantalla LED \/ Uso en el Hogar)<\/strong><\/h3>\n<p data-start=\"244\" data-end=\"512\">El l\u00e1piz l\u00e1ser de plasma es una herramienta est\u00e9tica avanzada que permite eliminar imperfecciones de la piel de forma precisa, segura y sin procedimientos invasivos. Ideal para uso personal o profesional, gracias a su dise\u00f1o port\u00e1til y tecnolog\u00eda de \u00faltima generaci\u00f3n.<\/p>\n<h4 data-start=\"514\" data-end=\"551\"><strong data-start=\"519\" data-end=\"551\">Caracter\u00edsticas principales:<\/strong><\/h4>\n<ul data-start=\"553\" data-end=\"1694\">\n<li data-start=\"553\" data-end=\"858\">\n<p data-start=\"555\" data-end=\"858\"><strong data-start=\"555\" data-end=\"589\">Tecnolog\u00eda de plasma ionizado:<\/strong> Utiliza carbonizaci\u00f3n por plasma para eliminar lunares, pecas, tatuajes, verrugas, manchas de la edad, granulaciones, entre otros, sin da\u00f1ar la piel ni causar sangrado. Ayuda a disolver la melanina de forma controlada, favoreciendo una regeneraci\u00f3n cut\u00e1nea m\u00e1s limpia.<\/p>\n<\/li>\n<li data-start=\"860\" data-end=\"1027\">\n<p data-start=\"862\" data-end=\"1027\"><strong data-start=\"862\" data-end=\"898\">9 niveles de potencia ajustable:<\/strong> Escoge la intensidad seg\u00fan el tipo de tratamiento y sensibilidad de la zona. Brinda mayor precisi\u00f3n en procedimientos delicados.<\/p>\n<\/li>\n<li data-start=\"1029\" data-end=\"1155\">\n<p data-start=\"1031\" data-end=\"1155\"><strong data-start=\"1031\" data-end=\"1058\">Pantalla LED integrada:<\/strong> Muestra claramente el nivel de potencia seleccionado, mejorando la seguridad y facilidad de uso.<\/p>\n<\/li>\n<li data-start=\"1157\" data-end=\"1333\">\n<p data-start=\"1159\" data-end=\"1333\"><strong data-start=\"1159\" data-end=\"1192\">Dise\u00f1o port\u00e1til y ergon\u00f3mico:<\/strong> Compacto y ligero, perfecto para llevar a cualquier lugar. Adecuado tanto para uso en casa como en salones de belleza o centros de est\u00e9tica.<\/p>\n<\/li>\n<li data-start=\"1335\" data-end=\"1474\">\n<p data-start=\"1337\" data-end=\"1474\"><strong data-start=\"1337\" data-end=\"1358\">Alimentaci\u00f3n USB:<\/strong> Compatible con cargadores de celular, bancos de energ\u00eda o puertos USB de computadora. Pr\u00e1ctico y f\u00e1cil de recargar.<\/p>\n<\/li>\n<li data-start=\"1476\" data-end=\"1694\">\n<p data-start=\"1478\" data-end=\"1694\"><strong data-start=\"1478\" data-end=\"1500\">Aplicaci\u00f3n segura:<\/strong> Dise\u00f1ado para un uso no invasivo, este l\u00e1piz act\u00faa directamente sobre las capas superficiales de la piel, reduciendo los riesgos en comparaci\u00f3n con m\u00e9todos qu\u00edmicos o quir\u00fargicos tradicionales.<\/p>\n<\/li>\n<\/ul>\n<h4 data-start=\"1696\" data-end=\"1728\"><strong data-start=\"1701\" data-end=\"1728\">Recomendaciones de uso:<\/strong><\/h4>\n<ul data-start=\"1730\" data-end=\"1947\">\n<li data-start=\"1730\" data-end=\"1823\">\n<p data-start=\"1732\" data-end=\"1823\"><strong data-start=\"1732\" data-end=\"1823\">No lavar ni mojar el \u00e1rea tratada durante al menos 15 d\u00edas posteriores a la aplicaci\u00f3n.<\/strong><\/p>\n<\/li>\n<li data-start=\"1824\" data-end=\"1947\">\n<p data-start=\"1826\" data-end=\"1947\">Para zonas con un \u00e1rea afectada mayor a 4 mm, se recomienda consultar con un profesional est\u00e9tico o m\u00e9dico antes de usar.<\/p>\n<\/li>\n<\/ul>\n<hr data-start=\"1949\" data-end=\"1952\" \/>\n<p data-start=\"1954\" data-end=\"1966\"><strong data-start=\"1954\" data-end=\"1966\">Incluye:<\/strong><\/p>\n<ul data-start=\"1967\" data-end=\"2099\">\n<li data-start=\"1967\" data-end=\"1996\">\n<p data-start=\"1969\" data-end=\"1996\">1 x L\u00e1piz l\u00e1ser de plasma<\/p>\n<\/li>\n<li data-start=\"1997\" data-end=\"2023\">\n<p data-start=\"1999\" data-end=\"2023\">1 x Cable de carga USB<\/p>\n<\/li>\n<li data-start=\"2024\" data-end=\"2049\">\n<p data-start=\"2026\" data-end=\"2049\">1 x Manual de usuario<\/p>\n<\/li>\n<li data-start=\"2050\" data-end=\"2099\">\n<p data-start=\"2052\" data-end=\"2099\">Agujas de tratamiento (seg\u00fan versi\u00f3n adquirida)<\/p>\n<\/li>\n<\/ul>\n<hr data-start=\"2101\" data-end=\"2104\" \/>\n<p data-start=\"2106\" data-end=\"2200\" data-is-last-node=\"\" data-is-only-node=\"\"><strong data-start=\"2106\" data-end=\"2200\" data-is-last-node=\"\">Una soluci\u00f3n moderna y eficaz para eliminar imperfecciones desde la comodidad de tu hogar.<\/strong><\/p>\n<\/div>\n<\/div>\n<\/div>\n<\/div>\n<\/div>\n<\/div>\n<\/article>\n","protected":false},"excerpt":{"rendered":"<p>L\u00e1piz L\u00e1ser de Plasma Profesional \u2013 Eliminaci\u00f3n de Tatuajes, Pecas, Verrugas y M\u00e1s (9 Niveles \/ Pantalla LED \/ Uso en el Hogar) El l\u00e1piz l\u00e1ser de plasma es una herramienta est\u00e9tica avanzada que permite eliminar imperfecciones de la piel de forma precisa, segura y sin procedimientos invasivos. Ideal para uso personal o profesional, gracias [&hellip;]<\/p>\n","protected":false},"featured_media":13588,"template":"","meta":{"site-sidebar-layout":"default","site-content-layout":"","ast-site-content-layout":"default","site-content-style":"default","site-sidebar-style":"default","ast-global-header-display":"","ast-banner-title-visibility":"","ast-main-header-display":"","ast-hfb-above-header-display":"","ast-hfb-below-header-display":"","ast-hfb-mobile-header-display":"","site-post-title":"","ast-breadcrumbs-content":"","ast-featured-img":"","footer-sml-layout":"","ast-disable-related-posts":"","theme-transparent-header-meta":"default","adv-header-id-meta":"","stick-header-meta":"","header-above-stick-meta":"","header-main-stick-meta":"","header-below-stick-meta":"","astra-migrate-meta-layouts":"set","ast-page-background-enabled":"default","ast-page-background-meta":{"desktop":{"background-color":"var(--ast-global-color-4)","background-image":"","background-repeat":"repeat","background-position":"center center","background-size":"auto","background-attachment":"scroll","background-type":"","background-media":"","overlay-type":"","overlay-color":"","overlay-opacity":"","overlay-gradient":""},"tablet":{"background-color":"","background-image":"","background-repeat":"repeat","background-position":"center center","background-size":"auto","background-attachment":"scroll","background-type":"","background-media":"","overlay-type":"","overlay-color":"","overlay-opacity":"","overlay-gradient":""},"mobile":{"background-color":"","background-image":"","background-repeat":"repeat","background-position":"center center","background-size":"auto","background-attachment":"scroll","background-type":"","background-media":"","overlay-type":"","overlay-color":"","overlay-opacity":"","overlay-gradient":""}},"ast-content-background-meta":{"desktop":{"background-color":"var(--ast-global-color-5)","background-image":"","background-repeat":"repeat","background-position":"center center","background-size":"auto","background-attachment":"scroll","background-type":"","background-media":"","overlay-type":"","overlay-color":"","overlay-opacity":"","overlay-gradient":""},"tablet":{"background-color":"var(--ast-global-color-5)","background-image":"","background-repeat":"repeat","background-position":"center center","background-size":"auto","background-attachment":"scroll","background-type":"","background-media":"","overlay-type":"","overlay-color":"","overlay-opacity":"","overlay-gradient":""},"mobile":{"background-color":"var(--ast-global-color-5)","background-image":"","background-repeat":"repeat","background-position":"center center","background-size":"auto","background-attachment":"scroll","background-type":"","background-media":"","overlay-type":"","overlay-color":"","overlay-opacity":"","overlay-gradient":""}}},"product_brand":[],"product_cat":[447,454,368],"product_tag":[],"class_list":{"0":"post-13582","1":"product","2":"type-product","3":"status-publish","4":"has-post-thumbnail","6":"product_cat-bienestar","7":"product_cat-cuerpo-y-bienestar","8":"product_cat-otros","9":"desktop-align-left","10":"tablet-align-left","11":"mobile-align-left","13":"first","14":"instock","15":"shipping-taxable","16":"purchasable","17":"product-type-simple"},"yoast_head":"<!-- This site is optimized with the Yoast SEO plugin v27.3 - https:\/\/yoast.com\/product\/yoast-seo-wordpress\/ -->\n<title>Plasma Pen L\u00e1piz Elimina Verrugas, Lunares, etc - ROSE MVD<\/title>\n<meta name=\"description\" content=\"Herramienta est\u00e9tica avanzada que permite eliminar imperfecciones de la piel de forma precisa, segura y sin procedimientos invasivos.\" \/>\n<meta name=\"robots\" content=\"index, follow, max-snippet:-1, max-image-preview:large, max-video-preview:-1\" \/>\n<link rel=\"canonical\" href=\"https:\/\/rosemvd.com\/index.php\/producto\/plasma-pen-lapiz-elimina-verrugas-lunares-etc\/\" \/>\n<meta property=\"og:locale\" content=\"es_ES\" \/>\n<meta property=\"og:type\" content=\"article\" \/>\n<meta property=\"og:title\" content=\"Plasma Pen L\u00e1piz Elimina Verrugas, Lunares, etc - ROSE MVD\" \/>\n<meta property=\"og:description\" content=\"Herramienta est\u00e9tica avanzada que permite eliminar imperfecciones de la piel de forma precisa, segura y sin procedimientos invasivos.\" \/>\n<meta property=\"og:url\" content=\"https:\/\/rosemvd.com\/index.php\/producto\/plasma-pen-lapiz-elimina-verrugas-lunares-etc\/\" \/>\n<meta property=\"og:site_name\" content=\"ROSE MVD\" \/>\n<meta property=\"article:publisher\" content=\"https:\/\/www.facebook.com\/TiendaRoseMvd\" \/>\n<meta property=\"article:modified_time\" content=\"2026-04-22T01:04:24+00:00\" \/>\n<meta property=\"og:image\" content=\"https:\/\/rosemvd.com\/wp-content\/uploads\/2025\/07\/D_NQ_NP_2X_875748-MPE76071333780_052024-F.webp\" \/>\n\t<meta property=\"og:image:width\" content=\"999\" \/>\n\t<meta property=\"og:image:height\" content=\"992\" \/>\n\t<meta property=\"og:image:type\" content=\"image\/webp\" \/>\n<meta name=\"twitter:card\" content=\"summary_large_image\" \/>\n<meta name=\"twitter:label1\" content=\"Tiempo de lectura\" \/>\n\t<meta name=\"twitter:data1\" content=\"2 minutos\" \/>\n<script type=\"application\/ld+json\" class=\"yoast-schema-graph\">{\"@context\":\"https:\\\/\\\/schema.org\",\"@graph\":[{\"@type\":\"WebPage\",\"@id\":\"https:\\\/\\\/rosemvd.com\\\/index.php\\\/producto\\\/plasma-pen-lapiz-elimina-verrugas-lunares-etc\\\/\",\"url\":\"https:\\\/\\\/rosemvd.com\\\/index.php\\\/producto\\\/plasma-pen-lapiz-elimina-verrugas-lunares-etc\\\/\",\"name\":\"Plasma Pen L\u00e1piz Elimina Verrugas, Lunares, etc - ROSE MVD\",\"isPartOf\":{\"@id\":\"https:\\\/\\\/rosemvd.com\\\/#website\"},\"primaryImageOfPage\":{\"@id\":\"https:\\\/\\\/rosemvd.com\\\/index.php\\\/producto\\\/plasma-pen-lapiz-elimina-verrugas-lunares-etc\\\/#primaryimage\"},\"image\":{\"@id\":\"https:\\\/\\\/rosemvd.com\\\/index.php\\\/producto\\\/plasma-pen-lapiz-elimina-verrugas-lunares-etc\\\/#primaryimage\"},\"thumbnailUrl\":\"https:\\\/\\\/rosemvd.com\\\/wp-content\\\/uploads\\\/2025\\\/07\\\/D_NQ_NP_2X_875748-MPE76071333780_052024-F.webp\",\"datePublished\":\"2025-07-28T22:06:27+00:00\",\"dateModified\":\"2026-04-22T01:04:24+00:00\",\"description\":\"Herramienta est\u00e9tica avanzada que permite eliminar imperfecciones de la piel de forma precisa, segura y sin procedimientos invasivos.\",\"breadcrumb\":{\"@id\":\"https:\\\/\\\/rosemvd.com\\\/index.php\\\/producto\\\/plasma-pen-lapiz-elimina-verrugas-lunares-etc\\\/#breadcrumb\"},\"inLanguage\":\"es\",\"potentialAction\":[{\"@type\":\"ReadAction\",\"target\":[\"https:\\\/\\\/rosemvd.com\\\/index.php\\\/producto\\\/plasma-pen-lapiz-elimina-verrugas-lunares-etc\\\/\"]}]},{\"@type\":\"ImageObject\",\"inLanguage\":\"es\",\"@id\":\"https:\\\/\\\/rosemvd.com\\\/index.php\\\/producto\\\/plasma-pen-lapiz-elimina-verrugas-lunares-etc\\\/#primaryimage\",\"url\":\"https:\\\/\\\/rosemvd.com\\\/wp-content\\\/uploads\\\/2025\\\/07\\\/D_NQ_NP_2X_875748-MPE76071333780_052024-F.webp\",\"contentUrl\":\"https:\\\/\\\/rosemvd.com\\\/wp-content\\\/uploads\\\/2025\\\/07\\\/D_NQ_NP_2X_875748-MPE76071333780_052024-F.webp\",\"width\":999,\"height\":992},{\"@type\":\"BreadcrumbList\",\"@id\":\"https:\\\/\\\/rosemvd.com\\\/index.php\\\/producto\\\/plasma-pen-lapiz-elimina-verrugas-lunares-etc\\\/#breadcrumb\",\"itemListElement\":[{\"@type\":\"ListItem\",\"position\":1,\"name\":\"Portada\",\"item\":\"https:\\\/\\\/rosemvd.com\\\/\"},{\"@type\":\"ListItem\",\"position\":2,\"name\":\"Tienda\",\"item\":\"https:\\\/\\\/rosemvd.com\\\/index.php\\\/tienda\\\/\"},{\"@type\":\"ListItem\",\"position\":3,\"name\":\"Plasma Pen L\u00e1piz Elimina Verrugas, Lunares, etc\"}]},{\"@type\":\"WebSite\",\"@id\":\"https:\\\/\\\/rosemvd.com\\\/#website\",\"url\":\"https:\\\/\\\/rosemvd.com\\\/\",\"name\":\"ROSE MVD\",\"description\":\"Todo lo que buscas lo pod\u00e9s encontrar en rose mvd, especializados en traer todas las cosas nuevas en tendencia y accesorios diferentes y \u00fanicos.\",\"publisher\":{\"@id\":\"https:\\\/\\\/rosemvd.com\\\/#organization\"},\"potentialAction\":[{\"@type\":\"SearchAction\",\"target\":{\"@type\":\"EntryPoint\",\"urlTemplate\":\"https:\\\/\\\/rosemvd.com\\\/?s={search_term_string}\"},\"query-input\":{\"@type\":\"PropertyValueSpecification\",\"valueRequired\":true,\"valueName\":\"search_term_string\"}}],\"inLanguage\":\"es\"},{\"@type\":\"Organization\",\"@id\":\"https:\\\/\\\/rosemvd.com\\\/#organization\",\"name\":\"ROSE MVD\",\"alternateName\":\"ROSE MVD\",\"url\":\"https:\\\/\\\/rosemvd.com\\\/\",\"logo\":{\"@type\":\"ImageObject\",\"inLanguage\":\"es\",\"@id\":\"https:\\\/\\\/rosemvd.com\\\/#\\\/schema\\\/logo\\\/image\\\/\",\"url\":\"https:\\\/\\\/rosemvd.com\\\/wp-content\\\/uploads\\\/2023\\\/03\\\/Sin-titulo-2_Mesa-de-trabajo-1.png\",\"contentUrl\":\"https:\\\/\\\/rosemvd.com\\\/wp-content\\\/uploads\\\/2023\\\/03\\\/Sin-titulo-2_Mesa-de-trabajo-1.png\",\"width\":2084,\"height\":2084,\"caption\":\"ROSE MVD\"},\"image\":{\"@id\":\"https:\\\/\\\/rosemvd.com\\\/#\\\/schema\\\/logo\\\/image\\\/\"},\"sameAs\":[\"https:\\\/\\\/www.facebook.com\\\/TiendaRoseMvd\",\"https:\\\/\\\/www.instagram.com\\\/rose.mvd\"]}]}<\/script>\n<!-- \/ Yoast SEO plugin. -->","yoast_head_json":{"title":"Plasma Pen L\u00e1piz Elimina Verrugas, Lunares, etc - ROSE MVD","description":"Herramienta est\u00e9tica avanzada que permite eliminar imperfecciones de la piel de forma precisa, segura y sin procedimientos invasivos.","robots":{"index":"index","follow":"follow","max-snippet":"max-snippet:-1","max-image-preview":"max-image-preview:large","max-video-preview":"max-video-preview:-1"},"canonical":"https:\/\/rosemvd.com\/index.php\/producto\/plasma-pen-lapiz-elimina-verrugas-lunares-etc\/","og_locale":"es_ES","og_type":"article","og_title":"Plasma Pen L\u00e1piz Elimina Verrugas, Lunares, etc - ROSE MVD","og_description":"Herramienta est\u00e9tica avanzada que permite eliminar imperfecciones de la piel de forma precisa, segura y sin procedimientos invasivos.","og_url":"https:\/\/rosemvd.com\/index.php\/producto\/plasma-pen-lapiz-elimina-verrugas-lunares-etc\/","og_site_name":"ROSE MVD","article_publisher":"https:\/\/www.facebook.com\/TiendaRoseMvd","article_modified_time":"2026-04-22T01:04:24+00:00","og_image":[{"width":999,"height":992,"url":"https:\/\/rosemvd.com\/wp-content\/uploads\/2025\/07\/D_NQ_NP_2X_875748-MPE76071333780_052024-F.webp","type":"image\/webp"}],"twitter_card":"summary_large_image","twitter_misc":{"Tiempo de lectura":"2 minutos"},"schema":{"@context":"https:\/\/schema.org","@graph":[{"@type":"WebPage","@id":"https:\/\/rosemvd.com\/index.php\/producto\/plasma-pen-lapiz-elimina-verrugas-lunares-etc\/","url":"https:\/\/rosemvd.com\/index.php\/producto\/plasma-pen-lapiz-elimina-verrugas-lunares-etc\/","name":"Plasma Pen L\u00e1piz Elimina Verrugas, Lunares, etc - ROSE MVD","isPartOf":{"@id":"https:\/\/rosemvd.com\/#website"},"primaryImageOfPage":{"@id":"https:\/\/rosemvd.com\/index.php\/producto\/plasma-pen-lapiz-elimina-verrugas-lunares-etc\/#primaryimage"},"image":{"@id":"https:\/\/rosemvd.com\/index.php\/producto\/plasma-pen-lapiz-elimina-verrugas-lunares-etc\/#primaryimage"},"thumbnailUrl":"https:\/\/rosemvd.com\/wp-content\/uploads\/2025\/07\/D_NQ_NP_2X_875748-MPE76071333780_052024-F.webp","datePublished":"2025-07-28T22:06:27+00:00","dateModified":"2026-04-22T01:04:24+00:00","description":"Herramienta est\u00e9tica avanzada que permite eliminar imperfecciones de la piel de forma precisa, segura y sin procedimientos invasivos.","breadcrumb":{"@id":"https:\/\/rosemvd.com\/index.php\/producto\/plasma-pen-lapiz-elimina-verrugas-lunares-etc\/#breadcrumb"},"inLanguage":"es","potentialAction":[{"@type":"ReadAction","target":["https:\/\/rosemvd.com\/index.php\/producto\/plasma-pen-lapiz-elimina-verrugas-lunares-etc\/"]}]},{"@type":"ImageObject","inLanguage":"es","@id":"https:\/\/rosemvd.com\/index.php\/producto\/plasma-pen-lapiz-elimina-verrugas-lunares-etc\/#primaryimage","url":"https:\/\/rosemvd.com\/wp-content\/uploads\/2025\/07\/D_NQ_NP_2X_875748-MPE76071333780_052024-F.webp","contentUrl":"https:\/\/rosemvd.com\/wp-content\/uploads\/2025\/07\/D_NQ_NP_2X_875748-MPE76071333780_052024-F.webp","width":999,"height":992},{"@type":"BreadcrumbList","@id":"https:\/\/rosemvd.com\/index.php\/producto\/plasma-pen-lapiz-elimina-verrugas-lunares-etc\/#breadcrumb","itemListElement":[{"@type":"ListItem","position":1,"name":"Portada","item":"https:\/\/rosemvd.com\/"},{"@type":"ListItem","position":2,"name":"Tienda","item":"https:\/\/rosemvd.com\/index.php\/tienda\/"},{"@type":"ListItem","position":3,"name":"Plasma Pen L\u00e1piz Elimina Verrugas, Lunares, etc"}]},{"@type":"WebSite","@id":"https:\/\/rosemvd.com\/#website","url":"https:\/\/rosemvd.com\/","name":"ROSE MVD","description":"Todo lo que buscas lo pod\u00e9s encontrar en rose mvd, especializados en traer todas las cosas nuevas en tendencia y accesorios diferentes y \u00fanicos.","publisher":{"@id":"https:\/\/rosemvd.com\/#organization"},"potentialAction":[{"@type":"SearchAction","target":{"@type":"EntryPoint","urlTemplate":"https:\/\/rosemvd.com\/?s={search_term_string}"},"query-input":{"@type":"PropertyValueSpecification","valueRequired":true,"valueName":"search_term_string"}}],"inLanguage":"es"},{"@type":"Organization","@id":"https:\/\/rosemvd.com\/#organization","name":"ROSE MVD","alternateName":"ROSE MVD","url":"https:\/\/rosemvd.com\/","logo":{"@type":"ImageObject","inLanguage":"es","@id":"https:\/\/rosemvd.com\/#\/schema\/logo\/image\/","url":"https:\/\/rosemvd.com\/wp-content\/uploads\/2023\/03\/Sin-titulo-2_Mesa-de-trabajo-1.png","contentUrl":"https:\/\/rosemvd.com\/wp-content\/uploads\/2023\/03\/Sin-titulo-2_Mesa-de-trabajo-1.png","width":2084,"height":2084,"caption":"ROSE MVD"},"image":{"@id":"https:\/\/rosemvd.com\/#\/schema\/logo\/image\/"},"sameAs":["https:\/\/www.facebook.com\/TiendaRoseMvd","https:\/\/www.instagram.com\/rose.mvd"]}]}},"_links":{"self":[{"href":"https:\/\/rosemvd.com\/index.php\/wp-json\/wp\/v2\/product\/13582","targetHints":{"allow":["GET"]}}],"collection":[{"href":"https:\/\/rosemvd.com\/index.php\/wp-json\/wp\/v2\/product"}],"about":[{"href":"https:\/\/rosemvd.com\/index.php\/wp-json\/wp\/v2\/types\/product"}],"wp:featuredmedia":[{"embeddable":true,"href":"https:\/\/rosemvd.com\/index.php\/wp-json\/wp\/v2\/media\/13588"}],"wp:attachment":[{"href":"https:\/\/rosemvd.com\/index.php\/wp-json\/wp\/v2\/media?parent=13582"}],"wp:term":[{"taxonomy":"product_brand","embeddable":true,"href":"https:\/\/rosemvd.com\/index.php\/wp-json\/wp\/v2\/product_brand?post=13582"},{"taxonomy":"product_cat","embeddable":true,"href":"https:\/\/rosemvd.com\/index.php\/wp-json\/wp\/v2\/product_cat?post=13582"},{"taxonomy":"product_tag","embeddable":true,"href":"https:\/\/rosemvd.com\/index.php\/wp-json\/wp\/v2\/product_tag?post=13582"}],"curies":[{"name":"wp","href":"https:\/\/api.w.org\/{rel}","templated":true}]}}