{"id":13515,"date":"2025-07-28T11:40:38","date_gmt":"2025-07-28T14:40:38","guid":{"rendered":"https:\/\/rosemvd.com\/?post_type=product&#038;p=13515"},"modified":"2026-04-21T21:43:06","modified_gmt":"2026-04-22T00:43:06","slug":"corrector-de-juanetes-graduable","status":"publish","type":"product","link":"https:\/\/rosemvd.com\/index.php\/producto\/corrector-de-juanetes-graduable\/","title":{"rendered":"Corrector De Juanetes Graduable"},"content":{"rendered":"<h3 data-start=\"169\" data-end=\"264\"><strong data-start=\"173\" data-end=\"264\">Corrector de Juanetes con Sistema de Ajuste Cient\u00edfico \u2013 Dise\u00f1o Anat\u00f3mico y Confortable<\/strong><\/h3>\n<p data-start=\"266\" data-end=\"596\">Dise\u00f1ado especialmente para personas que sufren de juanetes, hallux valgus o deformaciones del dedo gordo, este corrector alivia el dolor, corrige gradualmente la alineaci\u00f3n y mejora la movilidad. Gracias a su innovador dise\u00f1o con triple sistema de presi\u00f3n y m\u00faltiples ajustes, permite una recuperaci\u00f3n progresiva y sin molestias.<\/p>\n<hr data-start=\"598\" data-end=\"601\" \/>\n<h3 data-start=\"603\" data-end=\"627\"><strong data-start=\"607\" data-end=\"627\">Beneficios clave<\/strong><\/h3>\n<ul data-start=\"629\" data-end=\"883\">\n<li data-start=\"629\" data-end=\"668\">\n<p data-start=\"631\" data-end=\"668\">Correcci\u00f3n progresiva sin dolor<\/p>\n<\/li>\n<li data-start=\"669\" data-end=\"722\">\n<p data-start=\"671\" data-end=\"722\">Restaura la alineaci\u00f3n natural del dedo gordo<\/p>\n<\/li>\n<li data-start=\"723\" data-end=\"758\">\n<p data-start=\"725\" data-end=\"758\">Dise\u00f1o flexible y anat\u00f3mico<\/p>\n<\/li>\n<li data-start=\"759\" data-end=\"823\">\n<p data-start=\"761\" data-end=\"823\">Materiales suaves, transpirables y amigables con la piel<\/p>\n<\/li>\n<li data-start=\"824\" data-end=\"883\">\n<p data-start=\"826\" data-end=\"883\">Adecuado para uso diario, sin interferir en la marcha<\/p>\n<\/li>\n<\/ul>\n<hr data-start=\"885\" data-end=\"888\" \/>\n<h3 data-start=\"890\" data-end=\"924\"><strong data-start=\"894\" data-end=\"924\">Caracter\u00edsticas destacadas<\/strong><\/h3>\n<ul data-start=\"926\" data-end=\"1552\">\n<li data-start=\"926\" data-end=\"1074\">\n<p data-start=\"928\" data-end=\"970\"><strong data-start=\"928\" data-end=\"967\">Sistema de 4 ajustes personalizados<\/strong>:<\/p>\n<ul data-start=\"973\" data-end=\"1074\">\n<li data-start=\"973\" data-end=\"995\">\n<p data-start=\"975\" data-end=\"995\">\u00c1ngulo del juanete<\/p>\n<\/li>\n<li data-start=\"998\" data-end=\"1026\">\n<p data-start=\"1000\" data-end=\"1026\">Alineaci\u00f3n del eje medio<\/p>\n<\/li>\n<li data-start=\"1029\" data-end=\"1051\">\n<p data-start=\"1031\" data-end=\"1051\">Tama\u00f1o del empeine<\/p>\n<\/li>\n<li data-start=\"1054\" data-end=\"1074\">\n<p data-start=\"1056\" data-end=\"1074\">Sujeci\u00f3n del tal\u00f3n<\/p>\n<\/li>\n<\/ul>\n<\/li>\n<li data-start=\"1076\" data-end=\"1271\">\n<p data-start=\"1078\" data-end=\"1271\"><strong data-start=\"1078\" data-end=\"1109\">Placa fija de 90\u00b0 ajustable<\/strong>:<br data-start=\"1110\" data-end=\"1113\" \/>Adaptable a ambos pies con rotaci\u00f3n hacia arriba y hacia abajo. La perilla ajusta la elasticidad y el grado de estiramiento para una correcci\u00f3n m\u00e1s precisa.<\/p>\n<\/li>\n<li data-start=\"1273\" data-end=\"1429\">\n<p data-start=\"1275\" data-end=\"1429\"><strong data-start=\"1275\" data-end=\"1312\">Almohadilla de silicona de 0,4 cm<\/strong>:<br data-start=\"1313\" data-end=\"1316\" \/>Proporciona una amortiguaci\u00f3n suave y constante en el dedo gordo, reduciendo la presi\u00f3n y mejorando el confort.<\/p>\n<\/li>\n<li data-start=\"1431\" data-end=\"1552\">\n<p data-start=\"1433\" data-end=\"1552\"><strong data-start=\"1433\" data-end=\"1465\">Correas de velcro ajustables<\/strong>:<br data-start=\"1466\" data-end=\"1469\" \/>Permiten una colocaci\u00f3n sencilla y segura, con presi\u00f3n regulable seg\u00fan necesidad.<\/p>\n<\/li>\n<\/ul>\n<hr data-start=\"1554\" data-end=\"1557\" \/>\n<h3 data-start=\"1559\" data-end=\"1578\"><strong data-start=\"1563\" data-end=\"1578\">Modo de uso<\/strong><\/h3>\n<ol data-start=\"1580\" data-end=\"1759\">\n<li data-start=\"1580\" data-end=\"1630\">\n<p data-start=\"1583\" data-end=\"1630\">Ajusta la correa sobre el dedo gordo del pie.<\/p>\n<\/li>\n<li data-start=\"1631\" data-end=\"1671\">\n<p data-start=\"1634\" data-end=\"1671\">Asegura la correa sobre el empeine.<\/p>\n<\/li>\n<li data-start=\"1672\" data-end=\"1708\">\n<p data-start=\"1675\" data-end=\"1708\">Ajusta la sujeci\u00f3n en el tal\u00f3n.<\/p>\n<\/li>\n<li data-start=\"1709\" data-end=\"1759\">\n<p data-start=\"1712\" data-end=\"1759\">Configura el \u00e1ngulo y la elasticidad deseada.<\/p>\n<\/li>\n<\/ol>\n<p data-start=\"1761\" data-end=\"1852\">Listo para comenzar el proceso de correcci\u00f3n sin interrupciones en tus actividades diarias.<\/p>\n","protected":false},"excerpt":{"rendered":"<p>Corrector de Juanetes con Sistema de Ajuste Cient\u00edfico \u2013 Dise\u00f1o Anat\u00f3mico y Confortable Dise\u00f1ado especialmente para personas que sufren de juanetes, hallux valgus o deformaciones del dedo gordo, este corrector alivia el dolor, corrige gradualmente la alineaci\u00f3n y mejora la movilidad. Gracias a su innovador dise\u00f1o con triple sistema de presi\u00f3n y m\u00faltiples ajustes, permite [&hellip;]<\/p>\n","protected":false},"featured_media":13523,"template":"","meta":{"site-sidebar-layout":"default","site-content-layout":"","ast-site-content-layout":"default","site-content-style":"default","site-sidebar-style":"default","ast-global-header-display":"","ast-banner-title-visibility":"","ast-main-header-display":"","ast-hfb-above-header-display":"","ast-hfb-below-header-display":"","ast-hfb-mobile-header-display":"","site-post-title":"","ast-breadcrumbs-content":"","ast-featured-img":"","footer-sml-layout":"","ast-disable-related-posts":"","theme-transparent-header-meta":"default","adv-header-id-meta":"","stick-header-meta":"","header-above-stick-meta":"","header-main-stick-meta":"","header-below-stick-meta":"","astra-migrate-meta-layouts":"set","ast-page-background-enabled":"default","ast-page-background-meta":{"desktop":{"background-color":"var(--ast-global-color-4)","background-image":"","background-repeat":"repeat","background-position":"center center","background-size":"auto","background-attachment":"scroll","background-type":"","background-media":"","overlay-type":"","overlay-color":"","overlay-opacity":"","overlay-gradient":""},"tablet":{"background-color":"","background-image":"","background-repeat":"repeat","background-position":"center center","background-size":"auto","background-attachment":"scroll","background-type":"","background-media":"","overlay-type":"","overlay-color":"","overlay-opacity":"","overlay-gradient":""},"mobile":{"background-color":"","background-image":"","background-repeat":"repeat","background-position":"center center","background-size":"auto","background-attachment":"scroll","background-type":"","background-media":"","overlay-type":"","overlay-color":"","overlay-opacity":"","overlay-gradient":""}},"ast-content-background-meta":{"desktop":{"background-color":"var(--ast-global-color-5)","background-image":"","background-repeat":"repeat","background-position":"center center","background-size":"auto","background-attachment":"scroll","background-type":"","background-media":"","overlay-type":"","overlay-color":"","overlay-opacity":"","overlay-gradient":""},"tablet":{"background-color":"var(--ast-global-color-5)","background-image":"","background-repeat":"repeat","background-position":"center center","background-size":"auto","background-attachment":"scroll","background-type":"","background-media":"","overlay-type":"","overlay-color":"","overlay-opacity":"","overlay-gradient":""},"mobile":{"background-color":"var(--ast-global-color-5)","background-image":"","background-repeat":"repeat","background-position":"center center","background-size":"auto","background-attachment":"scroll","background-type":"","background-media":"","overlay-type":"","overlay-color":"","overlay-opacity":"","overlay-gradient":""}}},"product_brand":[],"product_cat":[447,454,368],"product_tag":[],"class_list":{"0":"post-13515","1":"product","2":"type-product","3":"status-publish","4":"has-post-thumbnail","6":"product_cat-bienestar","7":"product_cat-cuerpo-y-bienestar","8":"product_cat-otros","9":"desktop-align-left","10":"tablet-align-left","11":"mobile-align-left","13":"first","14":"instock","15":"shipping-taxable","16":"purchasable","17":"product-type-simple"},"yoast_head":"<!-- This site is optimized with the Yoast SEO plugin v27.3 - https:\/\/yoast.com\/product\/yoast-seo-wordpress\/ -->\n<title>Corrector De Juanetes Graduable - ROSE MVD<\/title>\n<meta name=\"description\" content=\"Dise\u00f1ado especialmente para personas que sufren de juanetes, hallux valgus o deformaciones del dedo gordo, este corrector alivia el dolor y corrige\" \/>\n<meta name=\"robots\" content=\"index, follow, max-snippet:-1, max-image-preview:large, max-video-preview:-1\" \/>\n<link rel=\"canonical\" href=\"https:\/\/rosemvd.com\/index.php\/producto\/corrector-de-juanetes-graduable\/\" \/>\n<meta property=\"og:locale\" content=\"es_ES\" \/>\n<meta property=\"og:type\" content=\"article\" \/>\n<meta property=\"og:title\" content=\"Corrector De Juanetes Graduable - ROSE MVD\" \/>\n<meta property=\"og:description\" content=\"Dise\u00f1ado especialmente para personas que sufren de juanetes, hallux valgus o deformaciones del dedo gordo, este corrector alivia el dolor y corrige\" \/>\n<meta property=\"og:url\" content=\"https:\/\/rosemvd.com\/index.php\/producto\/corrector-de-juanetes-graduable\/\" \/>\n<meta property=\"og:site_name\" content=\"ROSE MVD\" \/>\n<meta property=\"article:publisher\" content=\"https:\/\/www.facebook.com\/TiendaRoseMvd\" \/>\n<meta property=\"article:modified_time\" content=\"2026-04-22T00:43:06+00:00\" \/>\n<meta property=\"og:image\" content=\"https:\/\/rosemvd.com\/wp-content\/uploads\/2025\/07\/D_NQ_NP_2X_679627-MLU54617904633_032023-F.webp\" \/>\n\t<meta property=\"og:image:width\" content=\"1080\" \/>\n\t<meta property=\"og:image:height\" content=\"1170\" \/>\n\t<meta property=\"og:image:type\" content=\"image\/webp\" \/>\n<meta name=\"twitter:card\" content=\"summary_large_image\" \/>\n<meta name=\"twitter:label1\" content=\"Tiempo de lectura\" \/>\n\t<meta name=\"twitter:data1\" content=\"2 minutos\" \/>\n<script type=\"application\/ld+json\" class=\"yoast-schema-graph\">{\"@context\":\"https:\\\/\\\/schema.org\",\"@graph\":[{\"@type\":\"WebPage\",\"@id\":\"https:\\\/\\\/rosemvd.com\\\/index.php\\\/producto\\\/corrector-de-juanetes-graduable\\\/\",\"url\":\"https:\\\/\\\/rosemvd.com\\\/index.php\\\/producto\\\/corrector-de-juanetes-graduable\\\/\",\"name\":\"Corrector De Juanetes Graduable - ROSE MVD\",\"isPartOf\":{\"@id\":\"https:\\\/\\\/rosemvd.com\\\/#website\"},\"primaryImageOfPage\":{\"@id\":\"https:\\\/\\\/rosemvd.com\\\/index.php\\\/producto\\\/corrector-de-juanetes-graduable\\\/#primaryimage\"},\"image\":{\"@id\":\"https:\\\/\\\/rosemvd.com\\\/index.php\\\/producto\\\/corrector-de-juanetes-graduable\\\/#primaryimage\"},\"thumbnailUrl\":\"https:\\\/\\\/rosemvd.com\\\/wp-content\\\/uploads\\\/2025\\\/07\\\/D_NQ_NP_2X_679627-MLU54617904633_032023-F.webp\",\"datePublished\":\"2025-07-28T14:40:38+00:00\",\"dateModified\":\"2026-04-22T00:43:06+00:00\",\"description\":\"Dise\u00f1ado especialmente para personas que sufren de juanetes, hallux valgus o deformaciones del dedo gordo, este corrector alivia el dolor y corrige\",\"breadcrumb\":{\"@id\":\"https:\\\/\\\/rosemvd.com\\\/index.php\\\/producto\\\/corrector-de-juanetes-graduable\\\/#breadcrumb\"},\"inLanguage\":\"es\",\"potentialAction\":[{\"@type\":\"ReadAction\",\"target\":[\"https:\\\/\\\/rosemvd.com\\\/index.php\\\/producto\\\/corrector-de-juanetes-graduable\\\/\"]}]},{\"@type\":\"ImageObject\",\"inLanguage\":\"es\",\"@id\":\"https:\\\/\\\/rosemvd.com\\\/index.php\\\/producto\\\/corrector-de-juanetes-graduable\\\/#primaryimage\",\"url\":\"https:\\\/\\\/rosemvd.com\\\/wp-content\\\/uploads\\\/2025\\\/07\\\/D_NQ_NP_2X_679627-MLU54617904633_032023-F.webp\",\"contentUrl\":\"https:\\\/\\\/rosemvd.com\\\/wp-content\\\/uploads\\\/2025\\\/07\\\/D_NQ_NP_2X_679627-MLU54617904633_032023-F.webp\",\"width\":1080,\"height\":1170},{\"@type\":\"BreadcrumbList\",\"@id\":\"https:\\\/\\\/rosemvd.com\\\/index.php\\\/producto\\\/corrector-de-juanetes-graduable\\\/#breadcrumb\",\"itemListElement\":[{\"@type\":\"ListItem\",\"position\":1,\"name\":\"Portada\",\"item\":\"https:\\\/\\\/rosemvd.com\\\/\"},{\"@type\":\"ListItem\",\"position\":2,\"name\":\"Tienda\",\"item\":\"https:\\\/\\\/rosemvd.com\\\/index.php\\\/tienda\\\/\"},{\"@type\":\"ListItem\",\"position\":3,\"name\":\"Corrector De Juanetes Graduable\"}]},{\"@type\":\"WebSite\",\"@id\":\"https:\\\/\\\/rosemvd.com\\\/#website\",\"url\":\"https:\\\/\\\/rosemvd.com\\\/\",\"name\":\"ROSE MVD\",\"description\":\"Todo lo que buscas lo pod\u00e9s encontrar en rose mvd, especializados en traer todas las cosas nuevas en tendencia y accesorios diferentes y \u00fanicos.\",\"publisher\":{\"@id\":\"https:\\\/\\\/rosemvd.com\\\/#organization\"},\"potentialAction\":[{\"@type\":\"SearchAction\",\"target\":{\"@type\":\"EntryPoint\",\"urlTemplate\":\"https:\\\/\\\/rosemvd.com\\\/?s={search_term_string}\"},\"query-input\":{\"@type\":\"PropertyValueSpecification\",\"valueRequired\":true,\"valueName\":\"search_term_string\"}}],\"inLanguage\":\"es\"},{\"@type\":\"Organization\",\"@id\":\"https:\\\/\\\/rosemvd.com\\\/#organization\",\"name\":\"ROSE MVD\",\"alternateName\":\"ROSE MVD\",\"url\":\"https:\\\/\\\/rosemvd.com\\\/\",\"logo\":{\"@type\":\"ImageObject\",\"inLanguage\":\"es\",\"@id\":\"https:\\\/\\\/rosemvd.com\\\/#\\\/schema\\\/logo\\\/image\\\/\",\"url\":\"https:\\\/\\\/rosemvd.com\\\/wp-content\\\/uploads\\\/2023\\\/03\\\/Sin-titulo-2_Mesa-de-trabajo-1.png\",\"contentUrl\":\"https:\\\/\\\/rosemvd.com\\\/wp-content\\\/uploads\\\/2023\\\/03\\\/Sin-titulo-2_Mesa-de-trabajo-1.png\",\"width\":2084,\"height\":2084,\"caption\":\"ROSE MVD\"},\"image\":{\"@id\":\"https:\\\/\\\/rosemvd.com\\\/#\\\/schema\\\/logo\\\/image\\\/\"},\"sameAs\":[\"https:\\\/\\\/www.facebook.com\\\/TiendaRoseMvd\",\"https:\\\/\\\/www.instagram.com\\\/rose.mvd\"]}]}<\/script>\n<!-- \/ Yoast SEO plugin. -->","yoast_head_json":{"title":"Corrector De Juanetes Graduable - ROSE MVD","description":"Dise\u00f1ado especialmente para personas que sufren de juanetes, hallux valgus o deformaciones del dedo gordo, este corrector alivia el dolor y corrige","robots":{"index":"index","follow":"follow","max-snippet":"max-snippet:-1","max-image-preview":"max-image-preview:large","max-video-preview":"max-video-preview:-1"},"canonical":"https:\/\/rosemvd.com\/index.php\/producto\/corrector-de-juanetes-graduable\/","og_locale":"es_ES","og_type":"article","og_title":"Corrector De Juanetes Graduable - ROSE MVD","og_description":"Dise\u00f1ado especialmente para personas que sufren de juanetes, hallux valgus o deformaciones del dedo gordo, este corrector alivia el dolor y corrige","og_url":"https:\/\/rosemvd.com\/index.php\/producto\/corrector-de-juanetes-graduable\/","og_site_name":"ROSE MVD","article_publisher":"https:\/\/www.facebook.com\/TiendaRoseMvd","article_modified_time":"2026-04-22T00:43:06+00:00","og_image":[{"width":1080,"height":1170,"url":"https:\/\/rosemvd.com\/wp-content\/uploads\/2025\/07\/D_NQ_NP_2X_679627-MLU54617904633_032023-F.webp","type":"image\/webp"}],"twitter_card":"summary_large_image","twitter_misc":{"Tiempo de lectura":"2 minutos"},"schema":{"@context":"https:\/\/schema.org","@graph":[{"@type":"WebPage","@id":"https:\/\/rosemvd.com\/index.php\/producto\/corrector-de-juanetes-graduable\/","url":"https:\/\/rosemvd.com\/index.php\/producto\/corrector-de-juanetes-graduable\/","name":"Corrector De Juanetes Graduable - ROSE MVD","isPartOf":{"@id":"https:\/\/rosemvd.com\/#website"},"primaryImageOfPage":{"@id":"https:\/\/rosemvd.com\/index.php\/producto\/corrector-de-juanetes-graduable\/#primaryimage"},"image":{"@id":"https:\/\/rosemvd.com\/index.php\/producto\/corrector-de-juanetes-graduable\/#primaryimage"},"thumbnailUrl":"https:\/\/rosemvd.com\/wp-content\/uploads\/2025\/07\/D_NQ_NP_2X_679627-MLU54617904633_032023-F.webp","datePublished":"2025-07-28T14:40:38+00:00","dateModified":"2026-04-22T00:43:06+00:00","description":"Dise\u00f1ado especialmente para personas que sufren de juanetes, hallux valgus o deformaciones del dedo gordo, este corrector alivia el dolor y corrige","breadcrumb":{"@id":"https:\/\/rosemvd.com\/index.php\/producto\/corrector-de-juanetes-graduable\/#breadcrumb"},"inLanguage":"es","potentialAction":[{"@type":"ReadAction","target":["https:\/\/rosemvd.com\/index.php\/producto\/corrector-de-juanetes-graduable\/"]}]},{"@type":"ImageObject","inLanguage":"es","@id":"https:\/\/rosemvd.com\/index.php\/producto\/corrector-de-juanetes-graduable\/#primaryimage","url":"https:\/\/rosemvd.com\/wp-content\/uploads\/2025\/07\/D_NQ_NP_2X_679627-MLU54617904633_032023-F.webp","contentUrl":"https:\/\/rosemvd.com\/wp-content\/uploads\/2025\/07\/D_NQ_NP_2X_679627-MLU54617904633_032023-F.webp","width":1080,"height":1170},{"@type":"BreadcrumbList","@id":"https:\/\/rosemvd.com\/index.php\/producto\/corrector-de-juanetes-graduable\/#breadcrumb","itemListElement":[{"@type":"ListItem","position":1,"name":"Portada","item":"https:\/\/rosemvd.com\/"},{"@type":"ListItem","position":2,"name":"Tienda","item":"https:\/\/rosemvd.com\/index.php\/tienda\/"},{"@type":"ListItem","position":3,"name":"Corrector De Juanetes Graduable"}]},{"@type":"WebSite","@id":"https:\/\/rosemvd.com\/#website","url":"https:\/\/rosemvd.com\/","name":"ROSE MVD","description":"Todo lo que buscas lo pod\u00e9s encontrar en rose mvd, especializados en traer todas las cosas nuevas en tendencia y accesorios diferentes y \u00fanicos.","publisher":{"@id":"https:\/\/rosemvd.com\/#organization"},"potentialAction":[{"@type":"SearchAction","target":{"@type":"EntryPoint","urlTemplate":"https:\/\/rosemvd.com\/?s={search_term_string}"},"query-input":{"@type":"PropertyValueSpecification","valueRequired":true,"valueName":"search_term_string"}}],"inLanguage":"es"},{"@type":"Organization","@id":"https:\/\/rosemvd.com\/#organization","name":"ROSE MVD","alternateName":"ROSE MVD","url":"https:\/\/rosemvd.com\/","logo":{"@type":"ImageObject","inLanguage":"es","@id":"https:\/\/rosemvd.com\/#\/schema\/logo\/image\/","url":"https:\/\/rosemvd.com\/wp-content\/uploads\/2023\/03\/Sin-titulo-2_Mesa-de-trabajo-1.png","contentUrl":"https:\/\/rosemvd.com\/wp-content\/uploads\/2023\/03\/Sin-titulo-2_Mesa-de-trabajo-1.png","width":2084,"height":2084,"caption":"ROSE MVD"},"image":{"@id":"https:\/\/rosemvd.com\/#\/schema\/logo\/image\/"},"sameAs":["https:\/\/www.facebook.com\/TiendaRoseMvd","https:\/\/www.instagram.com\/rose.mvd"]}]}},"_links":{"self":[{"href":"https:\/\/rosemvd.com\/index.php\/wp-json\/wp\/v2\/product\/13515","targetHints":{"allow":["GET"]}}],"collection":[{"href":"https:\/\/rosemvd.com\/index.php\/wp-json\/wp\/v2\/product"}],"about":[{"href":"https:\/\/rosemvd.com\/index.php\/wp-json\/wp\/v2\/types\/product"}],"wp:featuredmedia":[{"embeddable":true,"href":"https:\/\/rosemvd.com\/index.php\/wp-json\/wp\/v2\/media\/13523"}],"wp:attachment":[{"href":"https:\/\/rosemvd.com\/index.php\/wp-json\/wp\/v2\/media?parent=13515"}],"wp:term":[{"taxonomy":"product_brand","embeddable":true,"href":"https:\/\/rosemvd.com\/index.php\/wp-json\/wp\/v2\/product_brand?post=13515"},{"taxonomy":"product_cat","embeddable":true,"href":"https:\/\/rosemvd.com\/index.php\/wp-json\/wp\/v2\/product_cat?post=13515"},{"taxonomy":"product_tag","embeddable":true,"href":"https:\/\/rosemvd.com\/index.php\/wp-json\/wp\/v2\/product_tag?post=13515"}],"curies":[{"name":"wp","href":"https:\/\/api.w.org\/{rel}","templated":true}]}}