{"id":13461,"date":"2025-07-23T13:01:09","date_gmt":"2025-07-23T16:01:09","guid":{"rendered":"https:\/\/rosemvd.com\/?post_type=product&#038;p=13461"},"modified":"2026-04-21T22:04:24","modified_gmt":"2026-04-22T01:04:24","slug":"eliminacion-de-verrugas-lunares-lapiz-3ml","status":"publish","type":"product","link":"https:\/\/rosemvd.com\/index.php\/producto\/eliminacion-de-verrugas-lunares-lapiz-3ml\/","title":{"rendered":"Eliminaci\u00f3n De Verrugas Lunares Lapiz 3ml"},"content":{"rendered":"<p data-start=\"106\" data-end=\"147\"><strong data-start=\"106\" data-end=\"147\">Eliminador de Verrugas Natural \u2013 3 ml<\/strong><\/p>\n<p data-start=\"149\" data-end=\"431\">Tratamiento concentrado de f\u00e1cil aplicaci\u00f3n, formulado con ingredientes naturales utilizados tradicionalmente para eliminar verrugas, acrocordones y otras imperfecciones cut\u00e1neas. Su f\u00f3rmula penetra profundamente para actuar desde la ra\u00edz y favorecer una piel m\u00e1s limpia y uniforme.<\/p>\n<p data-start=\"433\" data-end=\"485\"><strong data-start=\"433\" data-end=\"447\">Contenido:<\/strong> 3 ml<br data-start=\"452\" data-end=\"455\" \/><strong data-start=\"455\" data-end=\"466\">Origen:<\/strong> Producto importado<\/p>\n<p data-start=\"487\" data-end=\"518\"><strong data-start=\"487\" data-end=\"516\">Ingredientes principales:<\/strong><\/p>\n<ul data-start=\"519\" data-end=\"581\">\n<li data-start=\"519\" data-end=\"527\">\n<p data-start=\"521\" data-end=\"527\">Agua<\/p>\n<\/li>\n<li data-start=\"528\" data-end=\"541\">\n<p data-start=\"530\" data-end=\"541\">Consuelda<\/p>\n<\/li>\n<li data-start=\"542\" data-end=\"556\">\n<p data-start=\"544\" data-end=\"556\">Madreselva<\/p>\n<\/li>\n<li data-start=\"557\" data-end=\"581\">\n<p data-start=\"559\" data-end=\"581\"><em data-start=\"559\" data-end=\"579\">Sophora flavescens<\/em><\/p>\n<\/li>\n<\/ul>\n<p data-start=\"583\" data-end=\"601\"><strong data-start=\"583\" data-end=\"599\">Modo de uso:<\/strong><\/p>\n<ol data-start=\"602\" data-end=\"878\">\n<li data-start=\"602\" data-end=\"667\">\n<p data-start=\"605\" data-end=\"667\">Remoja la zona afectada en agua tibia para suavizar la piel.<\/p>\n<\/li>\n<li data-start=\"668\" data-end=\"740\">\n<p data-start=\"671\" data-end=\"740\">(Opcional) Raspa suavemente la capa externa si hay piel endurecida.<\/p>\n<\/li>\n<li data-start=\"741\" data-end=\"814\">\n<p data-start=\"744\" data-end=\"814\">Aplica el suero directamente sobre la verruga de 2 a 3 veces al d\u00eda.<\/p>\n<\/li>\n<li data-start=\"815\" data-end=\"878\">\n<p data-start=\"818\" data-end=\"878\">Con el tiempo, la piel comenzar\u00e1 a regenerarse naturalmente.<\/p>\n<\/li>\n<\/ol>\n<p data-start=\"880\" data-end=\"897\"><strong data-start=\"880\" data-end=\"895\">Beneficios:<\/strong><\/p>\n<ul data-start=\"898\" data-end=\"1143\">\n<li data-start=\"898\" data-end=\"941\">\n<p data-start=\"900\" data-end=\"941\">F\u00f3rmula natural sin qu\u00edmicos agresivos.<\/p>\n<\/li>\n<li data-start=\"942\" data-end=\"1013\">\n<p data-start=\"944\" data-end=\"1013\">Act\u00faa desde la ra\u00edz para ayudar a eliminar verrugas y acrocordones.<\/p>\n<\/li>\n<li data-start=\"1014\" data-end=\"1098\">\n<p data-start=\"1016\" data-end=\"1098\">Estimula la regeneraci\u00f3n celular para recuperar el aspecto saludable de la piel.<\/p>\n<\/li>\n<li data-start=\"1099\" data-end=\"1143\">\n<p data-start=\"1101\" data-end=\"1143\">F\u00e1cil de aplicar y c\u00f3modo para uso diario.<\/p>\n<\/li>\n<\/ul>\n<p data-start=\"1145\" data-end=\"1217\">Ideal para quienes buscan un tratamiento eficaz, discreto y no invasivo.<\/p>\n","protected":false},"excerpt":{"rendered":"<p>Eliminador de Verrugas Natural \u2013 3 ml Tratamiento concentrado de f\u00e1cil aplicaci\u00f3n, formulado con ingredientes naturales utilizados tradicionalmente para eliminar verrugas, acrocordones y otras imperfecciones cut\u00e1neas. Su f\u00f3rmula penetra profundamente para actuar desde la ra\u00edz y favorecer una piel m\u00e1s limpia y uniforme. Contenido: 3 mlOrigen: Producto importado Ingredientes principales: Agua Consuelda Madreselva Sophora flavescens [&hellip;]<\/p>\n","protected":false},"featured_media":13470,"template":"","meta":{"site-sidebar-layout":"default","site-content-layout":"","ast-site-content-layout":"default","site-content-style":"default","site-sidebar-style":"default","ast-global-header-display":"","ast-banner-title-visibility":"","ast-main-header-display":"","ast-hfb-above-header-display":"","ast-hfb-below-header-display":"","ast-hfb-mobile-header-display":"","site-post-title":"","ast-breadcrumbs-content":"","ast-featured-img":"","footer-sml-layout":"","ast-disable-related-posts":"","theme-transparent-header-meta":"default","adv-header-id-meta":"","stick-header-meta":"","header-above-stick-meta":"","header-main-stick-meta":"","header-below-stick-meta":"","astra-migrate-meta-layouts":"set","ast-page-background-enabled":"default","ast-page-background-meta":{"desktop":{"background-color":"var(--ast-global-color-4)","background-image":"","background-repeat":"repeat","background-position":"center center","background-size":"auto","background-attachment":"scroll","background-type":"","background-media":"","overlay-type":"","overlay-color":"","overlay-opacity":"","overlay-gradient":""},"tablet":{"background-color":"","background-image":"","background-repeat":"repeat","background-position":"center center","background-size":"auto","background-attachment":"scroll","background-type":"","background-media":"","overlay-type":"","overlay-color":"","overlay-opacity":"","overlay-gradient":""},"mobile":{"background-color":"","background-image":"","background-repeat":"repeat","background-position":"center center","background-size":"auto","background-attachment":"scroll","background-type":"","background-media":"","overlay-type":"","overlay-color":"","overlay-opacity":"","overlay-gradient":""}},"ast-content-background-meta":{"desktop":{"background-color":"var(--ast-global-color-5)","background-image":"","background-repeat":"repeat","background-position":"center center","background-size":"auto","background-attachment":"scroll","background-type":"","background-media":"","overlay-type":"","overlay-color":"","overlay-opacity":"","overlay-gradient":""},"tablet":{"background-color":"var(--ast-global-color-5)","background-image":"","background-repeat":"repeat","background-position":"center center","background-size":"auto","background-attachment":"scroll","background-type":"","background-media":"","overlay-type":"","overlay-color":"","overlay-opacity":"","overlay-gradient":""},"mobile":{"background-color":"var(--ast-global-color-5)","background-image":"","background-repeat":"repeat","background-position":"center center","background-size":"auto","background-attachment":"scroll","background-type":"","background-media":"","overlay-type":"","overlay-color":"","overlay-opacity":"","overlay-gradient":""}}},"product_brand":[],"product_cat":[17,447,454,464,368],"product_tag":[],"class_list":{"0":"post-13461","1":"product","2":"type-product","3":"status-publish","4":"has-post-thumbnail","6":"product_cat-belleza","7":"product_cat-bienestar","8":"product_cat-cuerpo-y-bienestar","9":"product_cat-cuidado-rostro","10":"product_cat-otros","11":"desktop-align-left","12":"tablet-align-left","13":"mobile-align-left","15":"first","16":"outofstock","17":"shipping-taxable","18":"purchasable","19":"product-type-simple"},"yoast_head":"<!-- This site is optimized with the Yoast SEO plugin v27.3 - https:\/\/yoast.com\/product\/yoast-seo-wordpress\/ -->\n<title>Eliminaci\u00f3n De Verrugas Lunares Lapiz 3ml - ROSE MVD<\/title>\n<meta name=\"description\" content=\"Tratamiento concentrado de f\u00e1cil aplicaci\u00f3n, formulado con ingredientes naturales utilizados tradicionalmente para eliminar verrugas, acrocordones, etc\" \/>\n<meta name=\"robots\" content=\"index, follow, max-snippet:-1, max-image-preview:large, max-video-preview:-1\" \/>\n<link rel=\"canonical\" href=\"https:\/\/rosemvd.com\/index.php\/producto\/eliminacion-de-verrugas-lunares-lapiz-3ml\/\" \/>\n<meta property=\"og:locale\" content=\"es_ES\" \/>\n<meta property=\"og:type\" content=\"article\" \/>\n<meta property=\"og:title\" content=\"Eliminaci\u00f3n De Verrugas Lunares Lapiz 3ml - ROSE MVD\" \/>\n<meta property=\"og:description\" content=\"Tratamiento concentrado de f\u00e1cil aplicaci\u00f3n, formulado con ingredientes naturales utilizados tradicionalmente para eliminar verrugas, acrocordones, etc\" \/>\n<meta property=\"og:url\" content=\"https:\/\/rosemvd.com\/index.php\/producto\/eliminacion-de-verrugas-lunares-lapiz-3ml\/\" \/>\n<meta property=\"og:site_name\" content=\"ROSE MVD\" \/>\n<meta property=\"article:publisher\" content=\"https:\/\/www.facebook.com\/TiendaRoseMvd\" \/>\n<meta property=\"article:modified_time\" content=\"2026-04-22T01:04:24+00:00\" \/>\n<meta property=\"og:image\" content=\"https:\/\/rosemvd.com\/wp-content\/uploads\/2025\/07\/D_NQ_NP_2X_641785-MLM87945555891_072025-F.webp\" \/>\n\t<meta property=\"og:image:width\" content=\"429\" \/>\n\t<meta property=\"og:image:height\" content=\"1000\" \/>\n\t<meta property=\"og:image:type\" content=\"image\/webp\" \/>\n<meta name=\"twitter:card\" content=\"summary_large_image\" \/>\n<meta name=\"twitter:label1\" content=\"Tiempo de lectura\" \/>\n\t<meta name=\"twitter:data1\" content=\"1 minuto\" \/>\n<script type=\"application\/ld+json\" class=\"yoast-schema-graph\">{\"@context\":\"https:\\\/\\\/schema.org\",\"@graph\":[{\"@type\":\"WebPage\",\"@id\":\"https:\\\/\\\/rosemvd.com\\\/index.php\\\/producto\\\/eliminacion-de-verrugas-lunares-lapiz-3ml\\\/\",\"url\":\"https:\\\/\\\/rosemvd.com\\\/index.php\\\/producto\\\/eliminacion-de-verrugas-lunares-lapiz-3ml\\\/\",\"name\":\"Eliminaci\u00f3n De Verrugas Lunares Lapiz 3ml - ROSE MVD\",\"isPartOf\":{\"@id\":\"https:\\\/\\\/rosemvd.com\\\/#website\"},\"primaryImageOfPage\":{\"@id\":\"https:\\\/\\\/rosemvd.com\\\/index.php\\\/producto\\\/eliminacion-de-verrugas-lunares-lapiz-3ml\\\/#primaryimage\"},\"image\":{\"@id\":\"https:\\\/\\\/rosemvd.com\\\/index.php\\\/producto\\\/eliminacion-de-verrugas-lunares-lapiz-3ml\\\/#primaryimage\"},\"thumbnailUrl\":\"https:\\\/\\\/rosemvd.com\\\/wp-content\\\/uploads\\\/2025\\\/07\\\/D_NQ_NP_2X_641785-MLM87945555891_072025-F.webp\",\"datePublished\":\"2025-07-23T16:01:09+00:00\",\"dateModified\":\"2026-04-22T01:04:24+00:00\",\"description\":\"Tratamiento concentrado de f\u00e1cil aplicaci\u00f3n, formulado con ingredientes naturales utilizados tradicionalmente para eliminar verrugas, acrocordones, etc\",\"breadcrumb\":{\"@id\":\"https:\\\/\\\/rosemvd.com\\\/index.php\\\/producto\\\/eliminacion-de-verrugas-lunares-lapiz-3ml\\\/#breadcrumb\"},\"inLanguage\":\"es\",\"potentialAction\":[{\"@type\":\"ReadAction\",\"target\":[\"https:\\\/\\\/rosemvd.com\\\/index.php\\\/producto\\\/eliminacion-de-verrugas-lunares-lapiz-3ml\\\/\"]}]},{\"@type\":\"ImageObject\",\"inLanguage\":\"es\",\"@id\":\"https:\\\/\\\/rosemvd.com\\\/index.php\\\/producto\\\/eliminacion-de-verrugas-lunares-lapiz-3ml\\\/#primaryimage\",\"url\":\"https:\\\/\\\/rosemvd.com\\\/wp-content\\\/uploads\\\/2025\\\/07\\\/D_NQ_NP_2X_641785-MLM87945555891_072025-F.webp\",\"contentUrl\":\"https:\\\/\\\/rosemvd.com\\\/wp-content\\\/uploads\\\/2025\\\/07\\\/D_NQ_NP_2X_641785-MLM87945555891_072025-F.webp\",\"width\":429,\"height\":1000},{\"@type\":\"BreadcrumbList\",\"@id\":\"https:\\\/\\\/rosemvd.com\\\/index.php\\\/producto\\\/eliminacion-de-verrugas-lunares-lapiz-3ml\\\/#breadcrumb\",\"itemListElement\":[{\"@type\":\"ListItem\",\"position\":1,\"name\":\"Portada\",\"item\":\"https:\\\/\\\/rosemvd.com\\\/\"},{\"@type\":\"ListItem\",\"position\":2,\"name\":\"Tienda\",\"item\":\"https:\\\/\\\/rosemvd.com\\\/index.php\\\/tienda\\\/\"},{\"@type\":\"ListItem\",\"position\":3,\"name\":\"Eliminaci\u00f3n De Verrugas Lunares Lapiz 3ml\"}]},{\"@type\":\"WebSite\",\"@id\":\"https:\\\/\\\/rosemvd.com\\\/#website\",\"url\":\"https:\\\/\\\/rosemvd.com\\\/\",\"name\":\"ROSE MVD\",\"description\":\"Todo lo que buscas lo pod\u00e9s encontrar en rose mvd, especializados en traer todas las cosas nuevas en tendencia y accesorios diferentes y \u00fanicos.\",\"publisher\":{\"@id\":\"https:\\\/\\\/rosemvd.com\\\/#organization\"},\"potentialAction\":[{\"@type\":\"SearchAction\",\"target\":{\"@type\":\"EntryPoint\",\"urlTemplate\":\"https:\\\/\\\/rosemvd.com\\\/?s={search_term_string}\"},\"query-input\":{\"@type\":\"PropertyValueSpecification\",\"valueRequired\":true,\"valueName\":\"search_term_string\"}}],\"inLanguage\":\"es\"},{\"@type\":\"Organization\",\"@id\":\"https:\\\/\\\/rosemvd.com\\\/#organization\",\"name\":\"ROSE MVD\",\"alternateName\":\"ROSE MVD\",\"url\":\"https:\\\/\\\/rosemvd.com\\\/\",\"logo\":{\"@type\":\"ImageObject\",\"inLanguage\":\"es\",\"@id\":\"https:\\\/\\\/rosemvd.com\\\/#\\\/schema\\\/logo\\\/image\\\/\",\"url\":\"https:\\\/\\\/rosemvd.com\\\/wp-content\\\/uploads\\\/2023\\\/03\\\/Sin-titulo-2_Mesa-de-trabajo-1.png\",\"contentUrl\":\"https:\\\/\\\/rosemvd.com\\\/wp-content\\\/uploads\\\/2023\\\/03\\\/Sin-titulo-2_Mesa-de-trabajo-1.png\",\"width\":2084,\"height\":2084,\"caption\":\"ROSE MVD\"},\"image\":{\"@id\":\"https:\\\/\\\/rosemvd.com\\\/#\\\/schema\\\/logo\\\/image\\\/\"},\"sameAs\":[\"https:\\\/\\\/www.facebook.com\\\/TiendaRoseMvd\",\"https:\\\/\\\/www.instagram.com\\\/rose.mvd\"]}]}<\/script>\n<!-- \/ Yoast SEO plugin. -->","yoast_head_json":{"title":"Eliminaci\u00f3n De Verrugas Lunares Lapiz 3ml - ROSE MVD","description":"Tratamiento concentrado de f\u00e1cil aplicaci\u00f3n, formulado con ingredientes naturales utilizados tradicionalmente para eliminar verrugas, acrocordones, etc","robots":{"index":"index","follow":"follow","max-snippet":"max-snippet:-1","max-image-preview":"max-image-preview:large","max-video-preview":"max-video-preview:-1"},"canonical":"https:\/\/rosemvd.com\/index.php\/producto\/eliminacion-de-verrugas-lunares-lapiz-3ml\/","og_locale":"es_ES","og_type":"article","og_title":"Eliminaci\u00f3n De Verrugas Lunares Lapiz 3ml - ROSE MVD","og_description":"Tratamiento concentrado de f\u00e1cil aplicaci\u00f3n, formulado con ingredientes naturales utilizados tradicionalmente para eliminar verrugas, acrocordones, etc","og_url":"https:\/\/rosemvd.com\/index.php\/producto\/eliminacion-de-verrugas-lunares-lapiz-3ml\/","og_site_name":"ROSE MVD","article_publisher":"https:\/\/www.facebook.com\/TiendaRoseMvd","article_modified_time":"2026-04-22T01:04:24+00:00","og_image":[{"width":429,"height":1000,"url":"https:\/\/rosemvd.com\/wp-content\/uploads\/2025\/07\/D_NQ_NP_2X_641785-MLM87945555891_072025-F.webp","type":"image\/webp"}],"twitter_card":"summary_large_image","twitter_misc":{"Tiempo de lectura":"1 minuto"},"schema":{"@context":"https:\/\/schema.org","@graph":[{"@type":"WebPage","@id":"https:\/\/rosemvd.com\/index.php\/producto\/eliminacion-de-verrugas-lunares-lapiz-3ml\/","url":"https:\/\/rosemvd.com\/index.php\/producto\/eliminacion-de-verrugas-lunares-lapiz-3ml\/","name":"Eliminaci\u00f3n De Verrugas Lunares Lapiz 3ml - ROSE MVD","isPartOf":{"@id":"https:\/\/rosemvd.com\/#website"},"primaryImageOfPage":{"@id":"https:\/\/rosemvd.com\/index.php\/producto\/eliminacion-de-verrugas-lunares-lapiz-3ml\/#primaryimage"},"image":{"@id":"https:\/\/rosemvd.com\/index.php\/producto\/eliminacion-de-verrugas-lunares-lapiz-3ml\/#primaryimage"},"thumbnailUrl":"https:\/\/rosemvd.com\/wp-content\/uploads\/2025\/07\/D_NQ_NP_2X_641785-MLM87945555891_072025-F.webp","datePublished":"2025-07-23T16:01:09+00:00","dateModified":"2026-04-22T01:04:24+00:00","description":"Tratamiento concentrado de f\u00e1cil aplicaci\u00f3n, formulado con ingredientes naturales utilizados tradicionalmente para eliminar verrugas, acrocordones, etc","breadcrumb":{"@id":"https:\/\/rosemvd.com\/index.php\/producto\/eliminacion-de-verrugas-lunares-lapiz-3ml\/#breadcrumb"},"inLanguage":"es","potentialAction":[{"@type":"ReadAction","target":["https:\/\/rosemvd.com\/index.php\/producto\/eliminacion-de-verrugas-lunares-lapiz-3ml\/"]}]},{"@type":"ImageObject","inLanguage":"es","@id":"https:\/\/rosemvd.com\/index.php\/producto\/eliminacion-de-verrugas-lunares-lapiz-3ml\/#primaryimage","url":"https:\/\/rosemvd.com\/wp-content\/uploads\/2025\/07\/D_NQ_NP_2X_641785-MLM87945555891_072025-F.webp","contentUrl":"https:\/\/rosemvd.com\/wp-content\/uploads\/2025\/07\/D_NQ_NP_2X_641785-MLM87945555891_072025-F.webp","width":429,"height":1000},{"@type":"BreadcrumbList","@id":"https:\/\/rosemvd.com\/index.php\/producto\/eliminacion-de-verrugas-lunares-lapiz-3ml\/#breadcrumb","itemListElement":[{"@type":"ListItem","position":1,"name":"Portada","item":"https:\/\/rosemvd.com\/"},{"@type":"ListItem","position":2,"name":"Tienda","item":"https:\/\/rosemvd.com\/index.php\/tienda\/"},{"@type":"ListItem","position":3,"name":"Eliminaci\u00f3n De Verrugas Lunares Lapiz 3ml"}]},{"@type":"WebSite","@id":"https:\/\/rosemvd.com\/#website","url":"https:\/\/rosemvd.com\/","name":"ROSE MVD","description":"Todo lo que buscas lo pod\u00e9s encontrar en rose mvd, especializados en traer todas las cosas nuevas en tendencia y accesorios diferentes y \u00fanicos.","publisher":{"@id":"https:\/\/rosemvd.com\/#organization"},"potentialAction":[{"@type":"SearchAction","target":{"@type":"EntryPoint","urlTemplate":"https:\/\/rosemvd.com\/?s={search_term_string}"},"query-input":{"@type":"PropertyValueSpecification","valueRequired":true,"valueName":"search_term_string"}}],"inLanguage":"es"},{"@type":"Organization","@id":"https:\/\/rosemvd.com\/#organization","name":"ROSE MVD","alternateName":"ROSE MVD","url":"https:\/\/rosemvd.com\/","logo":{"@type":"ImageObject","inLanguage":"es","@id":"https:\/\/rosemvd.com\/#\/schema\/logo\/image\/","url":"https:\/\/rosemvd.com\/wp-content\/uploads\/2023\/03\/Sin-titulo-2_Mesa-de-trabajo-1.png","contentUrl":"https:\/\/rosemvd.com\/wp-content\/uploads\/2023\/03\/Sin-titulo-2_Mesa-de-trabajo-1.png","width":2084,"height":2084,"caption":"ROSE MVD"},"image":{"@id":"https:\/\/rosemvd.com\/#\/schema\/logo\/image\/"},"sameAs":["https:\/\/www.facebook.com\/TiendaRoseMvd","https:\/\/www.instagram.com\/rose.mvd"]}]}},"_links":{"self":[{"href":"https:\/\/rosemvd.com\/index.php\/wp-json\/wp\/v2\/product\/13461","targetHints":{"allow":["GET"]}}],"collection":[{"href":"https:\/\/rosemvd.com\/index.php\/wp-json\/wp\/v2\/product"}],"about":[{"href":"https:\/\/rosemvd.com\/index.php\/wp-json\/wp\/v2\/types\/product"}],"wp:featuredmedia":[{"embeddable":true,"href":"https:\/\/rosemvd.com\/index.php\/wp-json\/wp\/v2\/media\/13470"}],"wp:attachment":[{"href":"https:\/\/rosemvd.com\/index.php\/wp-json\/wp\/v2\/media?parent=13461"}],"wp:term":[{"taxonomy":"product_brand","embeddable":true,"href":"https:\/\/rosemvd.com\/index.php\/wp-json\/wp\/v2\/product_brand?post=13461"},{"taxonomy":"product_cat","embeddable":true,"href":"https:\/\/rosemvd.com\/index.php\/wp-json\/wp\/v2\/product_cat?post=13461"},{"taxonomy":"product_tag","embeddable":true,"href":"https:\/\/rosemvd.com\/index.php\/wp-json\/wp\/v2\/product_tag?post=13461"}],"curies":[{"name":"wp","href":"https:\/\/api.w.org\/{rel}","templated":true}]}}